{"id":274871,"date":"2025-03-25T00:00:00","date_gmt":"2025-03-24T23:00:00","guid":{"rendered":"https:\/\/wpguerssen-test.odoo.rgbconsulting.com\/product\/last-autumns-dream\/"},"modified":"2025-04-29T13:35:59","modified_gmt":"2025-04-29T11:35:59","slug":"last-autumns-dream","status":"publish","type":"product","link":"https:\/\/wpguerssen-test.odoo.rgbconsulting.com\/es\/producto\/last-autumns-dream\/","title":{"rendered":"Last Autumn&#8217;s Dream"},"content":{"rendered":"<p>El proyecto de fusi\u00f3n experimental Jade Warrior comenz\u00f3 a principios de los a\u00f1os 70 cuando el percusionista y flautista Jon Field y el guitarrista Tony Duhig unieron fuerzas con el bajista Glyn Havard; Field y Duhig hab\u00edan estado en Second Thoughts, que luego se convirti\u00f3 en July. En la \u00e9poca de Last Autumn&#8217;s Dream, el grupo era un quinteto con el baterista Alan Price y el hermano menor de Tony, David, en la guitarra solista, lo que permiti\u00f3 exploraciones m\u00e1s densas del contraste entre la fusi\u00f3n de m\u00fasica mundial y el rock \u00e1cido: los abrasadores solos de guitarra de Dave se mezclan con melod\u00edas de flauta oriental, Ritmos africanos y motivos folcl\u00f3ricos meditativos. \u00a1Otra excelente pieza de la evoluci\u00f3n de Jade Warrior, lista para ser redescubierta!<\/p>\n","protected":false},"excerpt":{"rendered":"<p>El proyecto de fusi\u00f3n experimental Jade Warrior comenz\u00f3 a principios de los a\u00f1os 70 cuando el percusionista y flautista Jon Field y el guitarrista Tony Duhig unieron<a class=\"read\" href=\"https:\/\/wpguerssen-test.odoo.rgbconsulting.com\/es\/producto\/last-autumns-dream\/\"> (...)<\/a>","protected":false},"featured_media":274847,"template":"","meta":{"_acf_changed":false},"product_brand":[],"product_cat":[24508,23215],"product_tag":[24185],"class_list":{"0":"post-274871","1":"product","2":"type-product","3":"status-publish","4":"has-post-thumbnail","6":"product_cat-uncategorized","7":"product_cat-progressive60s-70s-es","8":"product_tag-de-nuevo-en-existencia","9":"pa_artist-jade-warrior","10":"pa_format-lp-es","11":"pa_gender-progressive60s-70s","12":"pa_label-trading-places","13":"pa_location-uk-ireland-es","14":"pa_other-filters-vinyl-only-es","16":"first","17":"instock","18":"taxable","19":"shipping-taxable","20":"purchasable","21":"product-type-simple"},"acf":[],"yoast_head":"<!-- This site is optimized with the Yoast SEO plugin v24.9 - https:\/\/yoast.com\/wordpress\/plugins\/seo\/ -->\n<title>JADE WARRIOR - Last Autumn&#039;s Dream -  (LP) | Guerssen<\/title>\n<meta name=\"description\" content=\"Experimental fusion project Jade Warrior began in the early 70s when percussionist\/flutist Jon Field and guitarist Tony Duhig joined forces with bassist Glyn Havard; Field and Duhig had been in Second Thoughts which later became July. By the time of Last Autumn&#039;s Dream the group was a quintet with drummer Alan Price and Tony&#039;s younger brother David on lead guitar, allowing for denser explorations of the contrast between world music fusion and acid rock: Dave&#039;s searing guitar leads jostle with eastern flute melodies, African rhythms and meditative folk motifs. Another fine piece of Jade Warrior&#039;s evolution, ripe for rediscovery!\" \/>\n<meta name=\"robots\" content=\"index, follow, max-snippet:-1, max-image-preview:large, max-video-preview:-1\" \/>\n<link rel=\"canonical\" href=\"https:\/\/wpguerssen-test.odoo.rgbconsulting.com\/es\/producto\/last-autumns-dream\/\" \/>\n<meta property=\"og:locale\" content=\"es_ES\" \/>\n<meta property=\"og:type\" content=\"article\" \/>\n<meta property=\"og:title\" content=\"JADE WARRIOR - Last Autumn&#039;s Dream -  (LP) | Guerssen\" \/>\n<meta property=\"og:description\" content=\"Experimental fusion project Jade Warrior began in the early 70s when percussionist\/flutist Jon Field and guitarist Tony Duhig joined forces with bassist Glyn Havard; Field and Duhig had been in Second Thoughts which later became July. By the time of Last Autumn&#039;s Dream the group was a quintet with drummer Alan Price and Tony&#039;s younger brother David on lead guitar, allowing for denser explorations of the contrast between world music fusion and acid rock: Dave&#039;s searing guitar leads jostle with eastern flute melodies, African rhythms and meditative folk motifs. Another fine piece of Jade Warrior&#039;s evolution, ripe for rediscovery!\" \/>\n<meta property=\"og:url\" content=\"https:\/\/wpguerssen-test.odoo.rgbconsulting.com\/es\/producto\/last-autumns-dream\/\" \/>\n<meta property=\"og:site_name\" content=\"Guerssen records\" \/>\n<meta property=\"article:modified_time\" content=\"2025-04-29T11:35:59+00:00\" \/>\n<meta property=\"og:image\" content=\"https:\/\/wpguerssen-test.odoo.rgbconsulting.com\/wp-content\/uploads\/2024\/09\/48647.jpg\" \/>\n\t<meta property=\"og:image:width\" content=\"945\" \/>\n\t<meta property=\"og:image:height\" content=\"952\" \/>\n\t<meta property=\"og:image:type\" content=\"image\/jpeg\" \/>\n<meta name=\"twitter:card\" content=\"summary_large_image\" \/>\n<meta name=\"twitter:title\" content=\"JADE WARRIOR - Last Autumn&#039;s Dream -  (LP) | Guerssen\" \/>\n<meta name=\"twitter:label1\" content=\"Tiempo de lectura\" \/>\n\t<meta name=\"twitter:data1\" content=\"1 minuto\" \/>\n<script type=\"application\/ld+json\" class=\"yoast-schema-graph\">{\"@context\":\"https:\/\/schema.org\",\"@graph\":[{\"@type\":\"WebPage\",\"@id\":\"https:\/\/wpguerssen-test.odoo.rgbconsulting.com\/es\/producto\/last-autumns-dream\/\",\"url\":\"https:\/\/wpguerssen-test.odoo.rgbconsulting.com\/es\/producto\/last-autumns-dream\/\",\"name\":\"JADE WARRIOR - Last Autumn's Dream - (LP) | Guerssen\",\"isPartOf\":{\"@id\":\"https:\/\/wpguerssen-test.odoo.rgbconsulting.com\/es\/#website\"},\"primaryImageOfPage\":{\"@id\":\"https:\/\/wpguerssen-test.odoo.rgbconsulting.com\/es\/producto\/last-autumns-dream\/#primaryimage\"},\"image\":{\"@id\":\"https:\/\/wpguerssen-test.odoo.rgbconsulting.com\/es\/producto\/last-autumns-dream\/#primaryimage\"},\"thumbnailUrl\":\"https:\/\/wpguerssen-test.odoo.rgbconsulting.com\/wp-content\/uploads\/2024\/09\/48647.jpg\",\"datePublished\":\"2025-03-24T23:00:00+00:00\",\"dateModified\":\"2025-04-29T11:35:59+00:00\",\"description\":\"Experimental fusion project Jade Warrior began in the early 70s when percussionist\/flutist Jon Field and guitarist Tony Duhig joined forces with bassist Glyn Havard; Field and Duhig had been in Second Thoughts which later became July. By the time of Last Autumn's Dream the group was a quintet with drummer Alan Price and Tony's younger brother David on lead guitar, allowing for denser explorations of the contrast between world music fusion and acid rock: Dave's searing guitar leads jostle with eastern flute melodies, African rhythms and meditative folk motifs. Another fine piece of Jade Warrior's evolution, ripe for rediscovery!\",\"breadcrumb\":{\"@id\":\"https:\/\/wpguerssen-test.odoo.rgbconsulting.com\/es\/producto\/last-autumns-dream\/#breadcrumb\"},\"inLanguage\":\"es\",\"potentialAction\":[{\"@type\":\"ReadAction\",\"target\":[\"https:\/\/wpguerssen-test.odoo.rgbconsulting.com\/es\/producto\/last-autumns-dream\/\"]}]},{\"@type\":\"ImageObject\",\"inLanguage\":\"es\",\"@id\":\"https:\/\/wpguerssen-test.odoo.rgbconsulting.com\/es\/producto\/last-autumns-dream\/#primaryimage\",\"url\":\"https:\/\/wpguerssen-test.odoo.rgbconsulting.com\/wp-content\/uploads\/2024\/09\/48647.jpg\",\"contentUrl\":\"https:\/\/wpguerssen-test.odoo.rgbconsulting.com\/wp-content\/uploads\/2024\/09\/48647.jpg\",\"width\":945,\"height\":952},{\"@type\":\"BreadcrumbList\",\"@id\":\"https:\/\/wpguerssen-test.odoo.rgbconsulting.com\/es\/producto\/last-autumns-dream\/#breadcrumb\",\"itemListElement\":[{\"@type\":\"ListItem\",\"position\":1,\"name\":\"Inicio\",\"item\":\"https:\/\/wpguerssen-test.odoo.rgbconsulting.com\/es\/\"},{\"@type\":\"ListItem\",\"position\":2,\"name\":\"Shop\",\"item\":\"https:\/\/wpguerssen-test.odoo.rgbconsulting.com\/shop\/\"},{\"@type\":\"ListItem\",\"position\":3,\"name\":\"Last Autumn&#8217;s Dream\"}]},{\"@type\":\"WebSite\",\"@id\":\"https:\/\/wpguerssen-test.odoo.rgbconsulting.com\/es\/#website\",\"url\":\"https:\/\/wpguerssen-test.odoo.rgbconsulting.com\/es\/\",\"name\":\"Guerssen records\",\"description\":\"psychedelia - progressive - folk - garage \",\"publisher\":{\"@id\":\"https:\/\/wpguerssen-test.odoo.rgbconsulting.com\/es\/#organization\"},\"potentialAction\":[{\"@type\":\"SearchAction\",\"target\":{\"@type\":\"EntryPoint\",\"urlTemplate\":\"https:\/\/wpguerssen-test.odoo.rgbconsulting.com\/es\/?s={search_term_string}\"},\"query-input\":{\"@type\":\"PropertyValueSpecification\",\"valueRequired\":true,\"valueName\":\"search_term_string\"}}],\"inLanguage\":\"es\"},{\"@type\":\"Organization\",\"@id\":\"https:\/\/wpguerssen-test.odoo.rgbconsulting.com\/es\/#organization\",\"name\":\"Guerssen records\",\"url\":\"https:\/\/wpguerssen-test.odoo.rgbconsulting.com\/es\/\",\"logo\":{\"@type\":\"ImageObject\",\"inLanguage\":\"es\",\"@id\":\"https:\/\/wpguerssen-test.odoo.rgbconsulting.com\/es\/#\/schema\/logo\/image\/\",\"url\":\"https:\/\/wpguerssen-test.odoo.rgbconsulting.com\/wp-content\/uploads\/2022\/04\/Logo_Guerssen_trans_100.png\",\"contentUrl\":\"https:\/\/wpguerssen-test.odoo.rgbconsulting.com\/wp-content\/uploads\/2022\/04\/Logo_Guerssen_trans_100.png\",\"width\":122,\"height\":100,\"caption\":\"Guerssen records\"},\"image\":{\"@id\":\"https:\/\/wpguerssen-test.odoo.rgbconsulting.com\/es\/#\/schema\/logo\/image\/\"}}]}<\/script>\n<!-- \/ Yoast SEO plugin. -->","yoast_head_json":{"title":"JADE WARRIOR - Last Autumn's Dream -  (LP) | Guerssen","description":"Experimental fusion project Jade Warrior began in the early 70s when percussionist\/flutist Jon Field and guitarist Tony Duhig joined forces with bassist Glyn Havard; Field and Duhig had been in Second Thoughts which later became July. By the time of Last Autumn's Dream the group was a quintet with drummer Alan Price and Tony's younger brother David on lead guitar, allowing for denser explorations of the contrast between world music fusion and acid rock: Dave's searing guitar leads jostle with eastern flute melodies, African rhythms and meditative folk motifs. Another fine piece of Jade Warrior's evolution, ripe for rediscovery!","robots":{"index":"index","follow":"follow","max-snippet":"max-snippet:-1","max-image-preview":"max-image-preview:large","max-video-preview":"max-video-preview:-1"},"canonical":"https:\/\/wpguerssen-test.odoo.rgbconsulting.com\/es\/producto\/last-autumns-dream\/","og_locale":"es_ES","og_type":"article","og_title":"JADE WARRIOR - Last Autumn's Dream -  (LP) | Guerssen","og_description":"Experimental fusion project Jade Warrior began in the early 70s when percussionist\/flutist Jon Field and guitarist Tony Duhig joined forces with bassist Glyn Havard; Field and Duhig had been in Second Thoughts which later became July. By the time of Last Autumn's Dream the group was a quintet with drummer Alan Price and Tony's younger brother David on lead guitar, allowing for denser explorations of the contrast between world music fusion and acid rock: Dave's searing guitar leads jostle with eastern flute melodies, African rhythms and meditative folk motifs. Another fine piece of Jade Warrior's evolution, ripe for rediscovery!","og_url":"https:\/\/wpguerssen-test.odoo.rgbconsulting.com\/es\/producto\/last-autumns-dream\/","og_site_name":"Guerssen records","article_modified_time":"2025-04-29T11:35:59+00:00","og_image":[{"width":945,"height":952,"url":"https:\/\/wpguerssen-test.odoo.rgbconsulting.com\/wp-content\/uploads\/2024\/09\/48647.jpg","type":"image\/jpeg"}],"twitter_card":"summary_large_image","twitter_title":"JADE WARRIOR - Last Autumn's Dream -  (LP) | Guerssen","twitter_misc":{"Tiempo de lectura":"1 minuto"},"schema":{"@context":"https:\/\/schema.org","@graph":[{"@type":"WebPage","@id":"https:\/\/wpguerssen-test.odoo.rgbconsulting.com\/es\/producto\/last-autumns-dream\/","url":"https:\/\/wpguerssen-test.odoo.rgbconsulting.com\/es\/producto\/last-autumns-dream\/","name":"JADE WARRIOR - Last Autumn's Dream - (LP) | Guerssen","isPartOf":{"@id":"https:\/\/wpguerssen-test.odoo.rgbconsulting.com\/es\/#website"},"primaryImageOfPage":{"@id":"https:\/\/wpguerssen-test.odoo.rgbconsulting.com\/es\/producto\/last-autumns-dream\/#primaryimage"},"image":{"@id":"https:\/\/wpguerssen-test.odoo.rgbconsulting.com\/es\/producto\/last-autumns-dream\/#primaryimage"},"thumbnailUrl":"https:\/\/wpguerssen-test.odoo.rgbconsulting.com\/wp-content\/uploads\/2024\/09\/48647.jpg","datePublished":"2025-03-24T23:00:00+00:00","dateModified":"2025-04-29T11:35:59+00:00","description":"Experimental fusion project Jade Warrior began in the early 70s when percussionist\/flutist Jon Field and guitarist Tony Duhig joined forces with bassist Glyn Havard; Field and Duhig had been in Second Thoughts which later became July. By the time of Last Autumn's Dream the group was a quintet with drummer Alan Price and Tony's younger brother David on lead guitar, allowing for denser explorations of the contrast between world music fusion and acid rock: Dave's searing guitar leads jostle with eastern flute melodies, African rhythms and meditative folk motifs. Another fine piece of Jade Warrior's evolution, ripe for rediscovery!","breadcrumb":{"@id":"https:\/\/wpguerssen-test.odoo.rgbconsulting.com\/es\/producto\/last-autumns-dream\/#breadcrumb"},"inLanguage":"es","potentialAction":[{"@type":"ReadAction","target":["https:\/\/wpguerssen-test.odoo.rgbconsulting.com\/es\/producto\/last-autumns-dream\/"]}]},{"@type":"ImageObject","inLanguage":"es","@id":"https:\/\/wpguerssen-test.odoo.rgbconsulting.com\/es\/producto\/last-autumns-dream\/#primaryimage","url":"https:\/\/wpguerssen-test.odoo.rgbconsulting.com\/wp-content\/uploads\/2024\/09\/48647.jpg","contentUrl":"https:\/\/wpguerssen-test.odoo.rgbconsulting.com\/wp-content\/uploads\/2024\/09\/48647.jpg","width":945,"height":952},{"@type":"BreadcrumbList","@id":"https:\/\/wpguerssen-test.odoo.rgbconsulting.com\/es\/producto\/last-autumns-dream\/#breadcrumb","itemListElement":[{"@type":"ListItem","position":1,"name":"Inicio","item":"https:\/\/wpguerssen-test.odoo.rgbconsulting.com\/es\/"},{"@type":"ListItem","position":2,"name":"Shop","item":"https:\/\/wpguerssen-test.odoo.rgbconsulting.com\/shop\/"},{"@type":"ListItem","position":3,"name":"Last Autumn&#8217;s Dream"}]},{"@type":"WebSite","@id":"https:\/\/wpguerssen-test.odoo.rgbconsulting.com\/es\/#website","url":"https:\/\/wpguerssen-test.odoo.rgbconsulting.com\/es\/","name":"Guerssen records","description":"psychedelia - progressive - folk - garage ","publisher":{"@id":"https:\/\/wpguerssen-test.odoo.rgbconsulting.com\/es\/#organization"},"potentialAction":[{"@type":"SearchAction","target":{"@type":"EntryPoint","urlTemplate":"https:\/\/wpguerssen-test.odoo.rgbconsulting.com\/es\/?s={search_term_string}"},"query-input":{"@type":"PropertyValueSpecification","valueRequired":true,"valueName":"search_term_string"}}],"inLanguage":"es"},{"@type":"Organization","@id":"https:\/\/wpguerssen-test.odoo.rgbconsulting.com\/es\/#organization","name":"Guerssen records","url":"https:\/\/wpguerssen-test.odoo.rgbconsulting.com\/es\/","logo":{"@type":"ImageObject","inLanguage":"es","@id":"https:\/\/wpguerssen-test.odoo.rgbconsulting.com\/es\/#\/schema\/logo\/image\/","url":"https:\/\/wpguerssen-test.odoo.rgbconsulting.com\/wp-content\/uploads\/2022\/04\/Logo_Guerssen_trans_100.png","contentUrl":"https:\/\/wpguerssen-test.odoo.rgbconsulting.com\/wp-content\/uploads\/2022\/04\/Logo_Guerssen_trans_100.png","width":122,"height":100,"caption":"Guerssen records"},"image":{"@id":"https:\/\/wpguerssen-test.odoo.rgbconsulting.com\/es\/#\/schema\/logo\/image\/"}}]}},"_links":{"self":[{"href":"https:\/\/wpguerssen-test.odoo.rgbconsulting.com\/es\/wp-json\/wp\/v2\/product\/274871","targetHints":{"allow":["GET"]}}],"collection":[{"href":"https:\/\/wpguerssen-test.odoo.rgbconsulting.com\/es\/wp-json\/wp\/v2\/product"}],"about":[{"href":"https:\/\/wpguerssen-test.odoo.rgbconsulting.com\/es\/wp-json\/wp\/v2\/types\/product"}],"wp:featuredmedia":[{"embeddable":true,"href":"https:\/\/wpguerssen-test.odoo.rgbconsulting.com\/es\/wp-json\/wp\/v2\/media\/274847"}],"wp:attachment":[{"href":"https:\/\/wpguerssen-test.odoo.rgbconsulting.com\/es\/wp-json\/wp\/v2\/media?parent=274871"}],"wp:term":[{"taxonomy":"product_brand","embeddable":true,"href":"https:\/\/wpguerssen-test.odoo.rgbconsulting.com\/es\/wp-json\/wp\/v2\/product_brand?post=274871"},{"taxonomy":"product_cat","embeddable":true,"href":"https:\/\/wpguerssen-test.odoo.rgbconsulting.com\/es\/wp-json\/wp\/v2\/product_cat?post=274871"},{"taxonomy":"product_tag","embeddable":true,"href":"https:\/\/wpguerssen-test.odoo.rgbconsulting.com\/es\/wp-json\/wp\/v2\/product_tag?post=274871"}],"curies":[{"name":"wp","href":"https:\/\/api.w.org\/{rel}","templated":true}]}}