{"id":274874,"date":"2024-09-23T00:00:00","date_gmt":"2024-09-22T22:00:00","guid":{"rendered":"https:\/\/wpguerssen-test.odoo.rgbconsulting.com\/product\/me-and-my-homies-gold\/"},"modified":"2025-04-16T18:20:35","modified_gmt":"2025-04-16T16:20:35","slug":"me-and-my-homies-gold","status":"publish","type":"product","link":"https:\/\/wpguerssen-test.odoo.rgbconsulting.com\/es\/producto\/me-and-my-homies-gold\/","title":{"rendered":"Me And My Homies (Gold)"},"content":{"rendered":"<p>\u00a1Snoop D-O-Double-G en la casa!  El segundo lanzamiento de los discos Wax N&#8217; Stacks. \u00a1Alguien dej\u00f3 salir a este perro y lo captur\u00f3 en un hermoso vinilo de m\u00e1rmol dorado! Contiene once pistas remasterizadas con una excelente calidad de grabaci\u00f3n de estudio. Con temas famosos como Deep Cover, Gin and Juice y Who Am I. Tambi\u00e9n presenta artistas como: 2pac,Dr. Dre, D\u00edaz Dillinger y Nate Dogg<\/p>\n","protected":false},"excerpt":{"rendered":"<p>\u00a1Snoop D-O-Double-G en la casa!  El segundo lanzamiento de los discos Wax N&#8217; Stacks. \u00a1Alguien dej\u00f3 salir a este perro y lo captur\u00f3 en un hermoso vinilo de<a class=\"read\" href=\"https:\/\/wpguerssen-test.odoo.rgbconsulting.com\/es\/producto\/me-and-my-homies-gold\/\"> (...)<\/a>","protected":false},"featured_media":274856,"template":"","meta":{"_acf_changed":false},"product_brand":[],"product_cat":[21706],"product_tag":[29140],"class_list":{"0":"post-274874","1":"product","2":"type-product","3":"status-publish","4":"has-post-thumbnail","6":"product_cat-rap-hip-hop-es","7":"product_tag-color-vinyl-es","8":"pa_artist-snoop-dogg","9":"pa_format-lp-es","10":"pa_gender-rap-hip-hop","11":"pa_label-wax-n-stacks","12":"pa_location-north-america-es","13":"pa_other-filters-vinyl-only-es","15":"first","16":"instock","17":"taxable","18":"shipping-taxable","19":"purchasable","20":"product-type-simple"},"acf":[],"yoast_head":"<!-- This site is optimized with the Yoast SEO plugin v24.9 - https:\/\/yoast.com\/wordpress\/plugins\/seo\/ -->\n<title>SNOOP DOGG - Me And My Homies (Gold) -  (LP) | Guerssen<\/title>\n<meta name=\"description\" content=\"Snoop D-O-Double-G in the house! The 2nd release of Wax N&#039; Stacks records. Somebody let this dogg out and captured him on beautiful golden marble vinyl! Containing eleven remastered tracks in beautiful studio recording quality. With famous tracks as Deep Cover, Gin and Juice and Who Am I. Also featuring artists as: 2pac,Dr. Dre, Daz Dillinger and Nate Dogg\" \/>\n<meta name=\"robots\" content=\"index, follow, max-snippet:-1, max-image-preview:large, max-video-preview:-1\" \/>\n<link rel=\"canonical\" href=\"https:\/\/wpguerssen-test.odoo.rgbconsulting.com\/es\/producto\/me-and-my-homies-gold\/\" \/>\n<meta property=\"og:locale\" content=\"es_ES\" \/>\n<meta property=\"og:type\" content=\"article\" \/>\n<meta property=\"og:title\" content=\"SNOOP DOGG - Me And My Homies (Gold) -  (LP) | Guerssen\" \/>\n<meta property=\"og:description\" content=\"Snoop D-O-Double-G in the house! The 2nd release of Wax N&#039; Stacks records. Somebody let this dogg out and captured him on beautiful golden marble vinyl! Containing eleven remastered tracks in beautiful studio recording quality. With famous tracks as Deep Cover, Gin and Juice and Who Am I. Also featuring artists as: 2pac,Dr. Dre, Daz Dillinger and Nate Dogg\" \/>\n<meta property=\"og:url\" content=\"https:\/\/wpguerssen-test.odoo.rgbconsulting.com\/es\/producto\/me-and-my-homies-gold\/\" \/>\n<meta property=\"og:site_name\" content=\"Guerssen records\" \/>\n<meta property=\"article:modified_time\" content=\"2025-04-16T16:20:35+00:00\" \/>\n<meta property=\"og:image\" content=\"https:\/\/wpguerssen-test.odoo.rgbconsulting.com\/wp-content\/uploads\/2024\/09\/48650.jpg\" \/>\n\t<meta property=\"og:image:width\" content=\"1200\" \/>\n\t<meta property=\"og:image:height\" content=\"833\" \/>\n\t<meta property=\"og:image:type\" content=\"image\/jpeg\" \/>\n<meta name=\"twitter:card\" content=\"summary_large_image\" \/>\n<meta name=\"twitter:title\" content=\"SNOOP DOGG - Me And My Homies (Gold) -  (LP) | Guerssen\" \/>\n<script type=\"application\/ld+json\" class=\"yoast-schema-graph\">{\"@context\":\"https:\/\/schema.org\",\"@graph\":[{\"@type\":\"WebPage\",\"@id\":\"https:\/\/wpguerssen-test.odoo.rgbconsulting.com\/es\/producto\/me-and-my-homies-gold\/\",\"url\":\"https:\/\/wpguerssen-test.odoo.rgbconsulting.com\/es\/producto\/me-and-my-homies-gold\/\",\"name\":\"SNOOP DOGG - Me And My Homies (Gold) - (LP) | Guerssen\",\"isPartOf\":{\"@id\":\"https:\/\/wpguerssen-test.odoo.rgbconsulting.com\/es\/#website\"},\"primaryImageOfPage\":{\"@id\":\"https:\/\/wpguerssen-test.odoo.rgbconsulting.com\/es\/producto\/me-and-my-homies-gold\/#primaryimage\"},\"image\":{\"@id\":\"https:\/\/wpguerssen-test.odoo.rgbconsulting.com\/es\/producto\/me-and-my-homies-gold\/#primaryimage\"},\"thumbnailUrl\":\"https:\/\/wpguerssen-test.odoo.rgbconsulting.com\/wp-content\/uploads\/2024\/09\/48650.jpg\",\"datePublished\":\"2024-09-22T22:00:00+00:00\",\"dateModified\":\"2025-04-16T16:20:35+00:00\",\"description\":\"Snoop D-O-Double-G in the house! The 2nd release of Wax N' Stacks records. Somebody let this dogg out and captured him on beautiful golden marble vinyl! Containing eleven remastered tracks in beautiful studio recording quality. With famous tracks as Deep Cover, Gin and Juice and Who Am I. Also featuring artists as: 2pac,Dr. Dre, Daz Dillinger and Nate Dogg\",\"breadcrumb\":{\"@id\":\"https:\/\/wpguerssen-test.odoo.rgbconsulting.com\/es\/producto\/me-and-my-homies-gold\/#breadcrumb\"},\"inLanguage\":\"es\",\"potentialAction\":[{\"@type\":\"ReadAction\",\"target\":[\"https:\/\/wpguerssen-test.odoo.rgbconsulting.com\/es\/producto\/me-and-my-homies-gold\/\"]}]},{\"@type\":\"ImageObject\",\"inLanguage\":\"es\",\"@id\":\"https:\/\/wpguerssen-test.odoo.rgbconsulting.com\/es\/producto\/me-and-my-homies-gold\/#primaryimage\",\"url\":\"https:\/\/wpguerssen-test.odoo.rgbconsulting.com\/wp-content\/uploads\/2024\/09\/48650.jpg\",\"contentUrl\":\"https:\/\/wpguerssen-test.odoo.rgbconsulting.com\/wp-content\/uploads\/2024\/09\/48650.jpg\",\"width\":1200,\"height\":833},{\"@type\":\"BreadcrumbList\",\"@id\":\"https:\/\/wpguerssen-test.odoo.rgbconsulting.com\/es\/producto\/me-and-my-homies-gold\/#breadcrumb\",\"itemListElement\":[{\"@type\":\"ListItem\",\"position\":1,\"name\":\"Inicio\",\"item\":\"https:\/\/wpguerssen-test.odoo.rgbconsulting.com\/es\/\"},{\"@type\":\"ListItem\",\"position\":2,\"name\":\"Shop\",\"item\":\"https:\/\/wpguerssen-test.odoo.rgbconsulting.com\/shop\/\"},{\"@type\":\"ListItem\",\"position\":3,\"name\":\"Me And My Homies (Gold)\"}]},{\"@type\":\"WebSite\",\"@id\":\"https:\/\/wpguerssen-test.odoo.rgbconsulting.com\/es\/#website\",\"url\":\"https:\/\/wpguerssen-test.odoo.rgbconsulting.com\/es\/\",\"name\":\"Guerssen records\",\"description\":\"psychedelia - progressive - folk - garage \",\"publisher\":{\"@id\":\"https:\/\/wpguerssen-test.odoo.rgbconsulting.com\/es\/#organization\"},\"potentialAction\":[{\"@type\":\"SearchAction\",\"target\":{\"@type\":\"EntryPoint\",\"urlTemplate\":\"https:\/\/wpguerssen-test.odoo.rgbconsulting.com\/es\/?s={search_term_string}\"},\"query-input\":{\"@type\":\"PropertyValueSpecification\",\"valueRequired\":true,\"valueName\":\"search_term_string\"}}],\"inLanguage\":\"es\"},{\"@type\":\"Organization\",\"@id\":\"https:\/\/wpguerssen-test.odoo.rgbconsulting.com\/es\/#organization\",\"name\":\"Guerssen records\",\"url\":\"https:\/\/wpguerssen-test.odoo.rgbconsulting.com\/es\/\",\"logo\":{\"@type\":\"ImageObject\",\"inLanguage\":\"es\",\"@id\":\"https:\/\/wpguerssen-test.odoo.rgbconsulting.com\/es\/#\/schema\/logo\/image\/\",\"url\":\"https:\/\/wpguerssen-test.odoo.rgbconsulting.com\/wp-content\/uploads\/2022\/04\/Logo_Guerssen_trans_100.png\",\"contentUrl\":\"https:\/\/wpguerssen-test.odoo.rgbconsulting.com\/wp-content\/uploads\/2022\/04\/Logo_Guerssen_trans_100.png\",\"width\":122,\"height\":100,\"caption\":\"Guerssen records\"},\"image\":{\"@id\":\"https:\/\/wpguerssen-test.odoo.rgbconsulting.com\/es\/#\/schema\/logo\/image\/\"}}]}<\/script>\n<!-- \/ Yoast SEO plugin. -->","yoast_head_json":{"title":"SNOOP DOGG - Me And My Homies (Gold) -  (LP) | Guerssen","description":"Snoop D-O-Double-G in the house! The 2nd release of Wax N' Stacks records. Somebody let this dogg out and captured him on beautiful golden marble vinyl! Containing eleven remastered tracks in beautiful studio recording quality. With famous tracks as Deep Cover, Gin and Juice and Who Am I. Also featuring artists as: 2pac,Dr. Dre, Daz Dillinger and Nate Dogg","robots":{"index":"index","follow":"follow","max-snippet":"max-snippet:-1","max-image-preview":"max-image-preview:large","max-video-preview":"max-video-preview:-1"},"canonical":"https:\/\/wpguerssen-test.odoo.rgbconsulting.com\/es\/producto\/me-and-my-homies-gold\/","og_locale":"es_ES","og_type":"article","og_title":"SNOOP DOGG - Me And My Homies (Gold) -  (LP) | Guerssen","og_description":"Snoop D-O-Double-G in the house! The 2nd release of Wax N' Stacks records. Somebody let this dogg out and captured him on beautiful golden marble vinyl! Containing eleven remastered tracks in beautiful studio recording quality. With famous tracks as Deep Cover, Gin and Juice and Who Am I. Also featuring artists as: 2pac,Dr. Dre, Daz Dillinger and Nate Dogg","og_url":"https:\/\/wpguerssen-test.odoo.rgbconsulting.com\/es\/producto\/me-and-my-homies-gold\/","og_site_name":"Guerssen records","article_modified_time":"2025-04-16T16:20:35+00:00","og_image":[{"width":1200,"height":833,"url":"https:\/\/wpguerssen-test.odoo.rgbconsulting.com\/wp-content\/uploads\/2024\/09\/48650.jpg","type":"image\/jpeg"}],"twitter_card":"summary_large_image","twitter_title":"SNOOP DOGG - Me And My Homies (Gold) -  (LP) | Guerssen","schema":{"@context":"https:\/\/schema.org","@graph":[{"@type":"WebPage","@id":"https:\/\/wpguerssen-test.odoo.rgbconsulting.com\/es\/producto\/me-and-my-homies-gold\/","url":"https:\/\/wpguerssen-test.odoo.rgbconsulting.com\/es\/producto\/me-and-my-homies-gold\/","name":"SNOOP DOGG - Me And My Homies (Gold) - (LP) | Guerssen","isPartOf":{"@id":"https:\/\/wpguerssen-test.odoo.rgbconsulting.com\/es\/#website"},"primaryImageOfPage":{"@id":"https:\/\/wpguerssen-test.odoo.rgbconsulting.com\/es\/producto\/me-and-my-homies-gold\/#primaryimage"},"image":{"@id":"https:\/\/wpguerssen-test.odoo.rgbconsulting.com\/es\/producto\/me-and-my-homies-gold\/#primaryimage"},"thumbnailUrl":"https:\/\/wpguerssen-test.odoo.rgbconsulting.com\/wp-content\/uploads\/2024\/09\/48650.jpg","datePublished":"2024-09-22T22:00:00+00:00","dateModified":"2025-04-16T16:20:35+00:00","description":"Snoop D-O-Double-G in the house! The 2nd release of Wax N' Stacks records. Somebody let this dogg out and captured him on beautiful golden marble vinyl! Containing eleven remastered tracks in beautiful studio recording quality. With famous tracks as Deep Cover, Gin and Juice and Who Am I. Also featuring artists as: 2pac,Dr. Dre, Daz Dillinger and Nate Dogg","breadcrumb":{"@id":"https:\/\/wpguerssen-test.odoo.rgbconsulting.com\/es\/producto\/me-and-my-homies-gold\/#breadcrumb"},"inLanguage":"es","potentialAction":[{"@type":"ReadAction","target":["https:\/\/wpguerssen-test.odoo.rgbconsulting.com\/es\/producto\/me-and-my-homies-gold\/"]}]},{"@type":"ImageObject","inLanguage":"es","@id":"https:\/\/wpguerssen-test.odoo.rgbconsulting.com\/es\/producto\/me-and-my-homies-gold\/#primaryimage","url":"https:\/\/wpguerssen-test.odoo.rgbconsulting.com\/wp-content\/uploads\/2024\/09\/48650.jpg","contentUrl":"https:\/\/wpguerssen-test.odoo.rgbconsulting.com\/wp-content\/uploads\/2024\/09\/48650.jpg","width":1200,"height":833},{"@type":"BreadcrumbList","@id":"https:\/\/wpguerssen-test.odoo.rgbconsulting.com\/es\/producto\/me-and-my-homies-gold\/#breadcrumb","itemListElement":[{"@type":"ListItem","position":1,"name":"Inicio","item":"https:\/\/wpguerssen-test.odoo.rgbconsulting.com\/es\/"},{"@type":"ListItem","position":2,"name":"Shop","item":"https:\/\/wpguerssen-test.odoo.rgbconsulting.com\/shop\/"},{"@type":"ListItem","position":3,"name":"Me And My Homies (Gold)"}]},{"@type":"WebSite","@id":"https:\/\/wpguerssen-test.odoo.rgbconsulting.com\/es\/#website","url":"https:\/\/wpguerssen-test.odoo.rgbconsulting.com\/es\/","name":"Guerssen records","description":"psychedelia - progressive - folk - garage ","publisher":{"@id":"https:\/\/wpguerssen-test.odoo.rgbconsulting.com\/es\/#organization"},"potentialAction":[{"@type":"SearchAction","target":{"@type":"EntryPoint","urlTemplate":"https:\/\/wpguerssen-test.odoo.rgbconsulting.com\/es\/?s={search_term_string}"},"query-input":{"@type":"PropertyValueSpecification","valueRequired":true,"valueName":"search_term_string"}}],"inLanguage":"es"},{"@type":"Organization","@id":"https:\/\/wpguerssen-test.odoo.rgbconsulting.com\/es\/#organization","name":"Guerssen records","url":"https:\/\/wpguerssen-test.odoo.rgbconsulting.com\/es\/","logo":{"@type":"ImageObject","inLanguage":"es","@id":"https:\/\/wpguerssen-test.odoo.rgbconsulting.com\/es\/#\/schema\/logo\/image\/","url":"https:\/\/wpguerssen-test.odoo.rgbconsulting.com\/wp-content\/uploads\/2022\/04\/Logo_Guerssen_trans_100.png","contentUrl":"https:\/\/wpguerssen-test.odoo.rgbconsulting.com\/wp-content\/uploads\/2022\/04\/Logo_Guerssen_trans_100.png","width":122,"height":100,"caption":"Guerssen records"},"image":{"@id":"https:\/\/wpguerssen-test.odoo.rgbconsulting.com\/es\/#\/schema\/logo\/image\/"}}]}},"_links":{"self":[{"href":"https:\/\/wpguerssen-test.odoo.rgbconsulting.com\/es\/wp-json\/wp\/v2\/product\/274874","targetHints":{"allow":["GET"]}}],"collection":[{"href":"https:\/\/wpguerssen-test.odoo.rgbconsulting.com\/es\/wp-json\/wp\/v2\/product"}],"about":[{"href":"https:\/\/wpguerssen-test.odoo.rgbconsulting.com\/es\/wp-json\/wp\/v2\/types\/product"}],"wp:featuredmedia":[{"embeddable":true,"href":"https:\/\/wpguerssen-test.odoo.rgbconsulting.com\/es\/wp-json\/wp\/v2\/media\/274856"}],"wp:attachment":[{"href":"https:\/\/wpguerssen-test.odoo.rgbconsulting.com\/es\/wp-json\/wp\/v2\/media?parent=274874"}],"wp:term":[{"taxonomy":"product_brand","embeddable":true,"href":"https:\/\/wpguerssen-test.odoo.rgbconsulting.com\/es\/wp-json\/wp\/v2\/product_brand?post=274874"},{"taxonomy":"product_cat","embeddable":true,"href":"https:\/\/wpguerssen-test.odoo.rgbconsulting.com\/es\/wp-json\/wp\/v2\/product_cat?post=274874"},{"taxonomy":"product_tag","embeddable":true,"href":"https:\/\/wpguerssen-test.odoo.rgbconsulting.com\/es\/wp-json\/wp\/v2\/product_tag?post=274874"}],"curies":[{"name":"wp","href":"https:\/\/api.w.org\/{rel}","templated":true}]}}