{"id":274877,"date":"2024-10-09T00:00:00","date_gmt":"2024-10-08T22:00:00","guid":{"rendered":"https:\/\/wpguerssen-test.odoo.rgbconsulting.com\/product\/one-for-lady\/"},"modified":"2025-02-13T18:20:33","modified_gmt":"2025-02-13T17:20:33","slug":"one-for-lady","status":"publish","type":"product","link":"https:\/\/wpguerssen-test.odoo.rgbconsulting.com\/es\/producto\/one-for-lady\/","title":{"rendered":"One For Lady"},"content":{"rendered":"<p>La incre\u00edble carrera del pianista de jazz nacido en Nueva York, Mal Waldron, lo llev\u00f3 a respaldar a Mingus, Coltrane y Billie Holiday, y despu\u00e9s de sobrevivir a una sobredosis de hero\u00edna y un colapso mental, se mud\u00f3 a Europa para componer bandas sonoras para pel\u00edculas; luego, en 1970, hizo su viaje inaugural a Jap\u00f3n, donde grab\u00f3 One For Lady con la estrella en ascenso Kimiko Kasai, el baterista Hiroshi Murakami y el bajista Yoshio Suzuki de la banda de Sadao Watanabe. Los expresivos pianos de Waldron y la sensual entrega vocal de Kasai son los atractivos m\u00e1s destacados, y las sensibles interpretaciones de &#8216;Willow Weep For Me&#8217; y &#8216;Lover Man&#8217; resumen el atractivo perdurable del \u00e1lbum.<\/p>\n","protected":false},"excerpt":{"rendered":"<p>La incre\u00edble carrera del pianista de jazz nacido en Nueva York, Mal Waldron, lo llev\u00f3 a respaldar a Mingus, Coltrane y Billie Holiday, y despu\u00e9s de sobrevivir a<a class=\"read\" href=\"https:\/\/wpguerssen-test.odoo.rgbconsulting.com\/es\/producto\/one-for-lady\/\"> (...)<\/a>","protected":false},"featured_media":274865,"template":"","meta":{"_acf_changed":false},"product_brand":[],"product_cat":[23227],"product_tag":[],"class_list":{"0":"post-274877","1":"product","2":"type-product","3":"status-publish","4":"has-post-thumbnail","6":"product_cat-jazz-es","7":"pa_artist-waldron-mal-kasai-kimiko","8":"pa_format-lp-es","9":"pa_gender-jazz","10":"pa_label-trading-places","11":"pa_location-north-america-es","12":"pa_other-filters-vinyl-only-es","14":"first","15":"instock","16":"taxable","17":"shipping-taxable","18":"purchasable","19":"product-type-simple"},"acf":[],"yoast_head":"<!-- This site is optimized with the Yoast SEO plugin v24.9 - https:\/\/yoast.com\/wordpress\/plugins\/seo\/ -->\n<title>WALDRON, Mal \/ KASAI, Kimiko - One For Lady -  (LP) | Guerssen<\/title>\n<meta name=\"description\" content=\"New York-born jazz pianist Mal Waldron&#039;s incredible career saw him backing Mingus, Coltrane, and Billie Holiday, and after surviving a heroin overdose and mental breakdown, he decamped to Europe to compose film scores; then, in 1970, he made his maiden voyage to Japan, where One For Lady was recorded with rising star Kimiko Kasai, drummer Hiroshi Murakami and bassist Yoshio Suzuki from Sadao Watanabe&#039;s band. Waldron&#039;s expressive pianos and Kasai&#039;s sultry vocal delivery are the outstanding draws, the sensitive renditions of &#039;Willow Weep For Me&#039; and &#039;Lover Man&#039; summing up the album&#039;s enduring appeal.\" \/>\n<meta name=\"robots\" content=\"index, follow, max-snippet:-1, max-image-preview:large, max-video-preview:-1\" \/>\n<link rel=\"canonical\" href=\"https:\/\/wpguerssen-test.odoo.rgbconsulting.com\/es\/producto\/one-for-lady\/\" \/>\n<meta property=\"og:locale\" content=\"es_ES\" \/>\n<meta property=\"og:type\" content=\"article\" \/>\n<meta property=\"og:title\" content=\"WALDRON, Mal \/ KASAI, Kimiko - One For Lady -  (LP) | Guerssen\" \/>\n<meta property=\"og:description\" content=\"New York-born jazz pianist Mal Waldron&#039;s incredible career saw him backing Mingus, Coltrane, and Billie Holiday, and after surviving a heroin overdose and mental breakdown, he decamped to Europe to compose film scores; then, in 1970, he made his maiden voyage to Japan, where One For Lady was recorded with rising star Kimiko Kasai, drummer Hiroshi Murakami and bassist Yoshio Suzuki from Sadao Watanabe&#039;s band. Waldron&#039;s expressive pianos and Kasai&#039;s sultry vocal delivery are the outstanding draws, the sensitive renditions of &#039;Willow Weep For Me&#039; and &#039;Lover Man&#039; summing up the album&#039;s enduring appeal.\" \/>\n<meta property=\"og:url\" content=\"https:\/\/wpguerssen-test.odoo.rgbconsulting.com\/es\/producto\/one-for-lady\/\" \/>\n<meta property=\"og:site_name\" content=\"Guerssen records\" \/>\n<meta property=\"article:modified_time\" content=\"2025-02-13T17:20:33+00:00\" \/>\n<meta property=\"og:image\" content=\"https:\/\/wpguerssen-test.odoo.rgbconsulting.com\/wp-content\/uploads\/2024\/09\/48653.jpg\" \/>\n\t<meta property=\"og:image:width\" content=\"945\" \/>\n\t<meta property=\"og:image:height\" content=\"942\" \/>\n\t<meta property=\"og:image:type\" content=\"image\/jpeg\" \/>\n<meta name=\"twitter:card\" content=\"summary_large_image\" \/>\n<meta name=\"twitter:title\" content=\"WALDRON, Mal \/ KASAI, Kimiko - One For Lady -  (LP) | Guerssen\" \/>\n<meta name=\"twitter:label1\" content=\"Tiempo de lectura\" \/>\n\t<meta name=\"twitter:data1\" content=\"1 minuto\" \/>\n<script type=\"application\/ld+json\" class=\"yoast-schema-graph\">{\"@context\":\"https:\/\/schema.org\",\"@graph\":[{\"@type\":\"WebPage\",\"@id\":\"https:\/\/wpguerssen-test.odoo.rgbconsulting.com\/es\/producto\/one-for-lady\/\",\"url\":\"https:\/\/wpguerssen-test.odoo.rgbconsulting.com\/es\/producto\/one-for-lady\/\",\"name\":\"WALDRON, Mal \/ KASAI, Kimiko - One For Lady - (LP) | Guerssen\",\"isPartOf\":{\"@id\":\"https:\/\/wpguerssen-test.odoo.rgbconsulting.com\/es\/#website\"},\"primaryImageOfPage\":{\"@id\":\"https:\/\/wpguerssen-test.odoo.rgbconsulting.com\/es\/producto\/one-for-lady\/#primaryimage\"},\"image\":{\"@id\":\"https:\/\/wpguerssen-test.odoo.rgbconsulting.com\/es\/producto\/one-for-lady\/#primaryimage\"},\"thumbnailUrl\":\"https:\/\/wpguerssen-test.odoo.rgbconsulting.com\/wp-content\/uploads\/2024\/09\/48653.jpg\",\"datePublished\":\"2024-10-08T22:00:00+00:00\",\"dateModified\":\"2025-02-13T17:20:33+00:00\",\"description\":\"New York-born jazz pianist Mal Waldron's incredible career saw him backing Mingus, Coltrane, and Billie Holiday, and after surviving a heroin overdose and mental breakdown, he decamped to Europe to compose film scores; then, in 1970, he made his maiden voyage to Japan, where One For Lady was recorded with rising star Kimiko Kasai, drummer Hiroshi Murakami and bassist Yoshio Suzuki from Sadao Watanabe's band. Waldron's expressive pianos and Kasai's sultry vocal delivery are the outstanding draws, the sensitive renditions of 'Willow Weep For Me' and 'Lover Man' summing up the album's enduring appeal.\",\"breadcrumb\":{\"@id\":\"https:\/\/wpguerssen-test.odoo.rgbconsulting.com\/es\/producto\/one-for-lady\/#breadcrumb\"},\"inLanguage\":\"es\",\"potentialAction\":[{\"@type\":\"ReadAction\",\"target\":[\"https:\/\/wpguerssen-test.odoo.rgbconsulting.com\/es\/producto\/one-for-lady\/\"]}]},{\"@type\":\"ImageObject\",\"inLanguage\":\"es\",\"@id\":\"https:\/\/wpguerssen-test.odoo.rgbconsulting.com\/es\/producto\/one-for-lady\/#primaryimage\",\"url\":\"https:\/\/wpguerssen-test.odoo.rgbconsulting.com\/wp-content\/uploads\/2024\/09\/48653.jpg\",\"contentUrl\":\"https:\/\/wpguerssen-test.odoo.rgbconsulting.com\/wp-content\/uploads\/2024\/09\/48653.jpg\",\"width\":945,\"height\":942,\"caption\":\"Mal \/ KASAI\"},{\"@type\":\"BreadcrumbList\",\"@id\":\"https:\/\/wpguerssen-test.odoo.rgbconsulting.com\/es\/producto\/one-for-lady\/#breadcrumb\",\"itemListElement\":[{\"@type\":\"ListItem\",\"position\":1,\"name\":\"Inicio\",\"item\":\"https:\/\/wpguerssen-test.odoo.rgbconsulting.com\/es\/\"},{\"@type\":\"ListItem\",\"position\":2,\"name\":\"Shop\",\"item\":\"https:\/\/wpguerssen-test.odoo.rgbconsulting.com\/shop\/\"},{\"@type\":\"ListItem\",\"position\":3,\"name\":\"One For Lady\"}]},{\"@type\":\"WebSite\",\"@id\":\"https:\/\/wpguerssen-test.odoo.rgbconsulting.com\/es\/#website\",\"url\":\"https:\/\/wpguerssen-test.odoo.rgbconsulting.com\/es\/\",\"name\":\"Guerssen records\",\"description\":\"psychedelia - progressive - folk - garage \",\"publisher\":{\"@id\":\"https:\/\/wpguerssen-test.odoo.rgbconsulting.com\/es\/#organization\"},\"potentialAction\":[{\"@type\":\"SearchAction\",\"target\":{\"@type\":\"EntryPoint\",\"urlTemplate\":\"https:\/\/wpguerssen-test.odoo.rgbconsulting.com\/es\/?s={search_term_string}\"},\"query-input\":{\"@type\":\"PropertyValueSpecification\",\"valueRequired\":true,\"valueName\":\"search_term_string\"}}],\"inLanguage\":\"es\"},{\"@type\":\"Organization\",\"@id\":\"https:\/\/wpguerssen-test.odoo.rgbconsulting.com\/es\/#organization\",\"name\":\"Guerssen records\",\"url\":\"https:\/\/wpguerssen-test.odoo.rgbconsulting.com\/es\/\",\"logo\":{\"@type\":\"ImageObject\",\"inLanguage\":\"es\",\"@id\":\"https:\/\/wpguerssen-test.odoo.rgbconsulting.com\/es\/#\/schema\/logo\/image\/\",\"url\":\"https:\/\/wpguerssen-test.odoo.rgbconsulting.com\/wp-content\/uploads\/2022\/04\/Logo_Guerssen_trans_100.png\",\"contentUrl\":\"https:\/\/wpguerssen-test.odoo.rgbconsulting.com\/wp-content\/uploads\/2022\/04\/Logo_Guerssen_trans_100.png\",\"width\":122,\"height\":100,\"caption\":\"Guerssen records\"},\"image\":{\"@id\":\"https:\/\/wpguerssen-test.odoo.rgbconsulting.com\/es\/#\/schema\/logo\/image\/\"}}]}<\/script>\n<!-- \/ Yoast SEO plugin. -->","yoast_head_json":{"title":"WALDRON, Mal \/ KASAI, Kimiko - One For Lady -  (LP) | Guerssen","description":"New York-born jazz pianist Mal Waldron's incredible career saw him backing Mingus, Coltrane, and Billie Holiday, and after surviving a heroin overdose and mental breakdown, he decamped to Europe to compose film scores; then, in 1970, he made his maiden voyage to Japan, where One For Lady was recorded with rising star Kimiko Kasai, drummer Hiroshi Murakami and bassist Yoshio Suzuki from Sadao Watanabe's band. Waldron's expressive pianos and Kasai's sultry vocal delivery are the outstanding draws, the sensitive renditions of 'Willow Weep For Me' and 'Lover Man' summing up the album's enduring appeal.","robots":{"index":"index","follow":"follow","max-snippet":"max-snippet:-1","max-image-preview":"max-image-preview:large","max-video-preview":"max-video-preview:-1"},"canonical":"https:\/\/wpguerssen-test.odoo.rgbconsulting.com\/es\/producto\/one-for-lady\/","og_locale":"es_ES","og_type":"article","og_title":"WALDRON, Mal \/ KASAI, Kimiko - One For Lady -  (LP) | Guerssen","og_description":"New York-born jazz pianist Mal Waldron's incredible career saw him backing Mingus, Coltrane, and Billie Holiday, and after surviving a heroin overdose and mental breakdown, he decamped to Europe to compose film scores; then, in 1970, he made his maiden voyage to Japan, where One For Lady was recorded with rising star Kimiko Kasai, drummer Hiroshi Murakami and bassist Yoshio Suzuki from Sadao Watanabe's band. Waldron's expressive pianos and Kasai's sultry vocal delivery are the outstanding draws, the sensitive renditions of 'Willow Weep For Me' and 'Lover Man' summing up the album's enduring appeal.","og_url":"https:\/\/wpguerssen-test.odoo.rgbconsulting.com\/es\/producto\/one-for-lady\/","og_site_name":"Guerssen records","article_modified_time":"2025-02-13T17:20:33+00:00","og_image":[{"width":945,"height":942,"url":"https:\/\/wpguerssen-test.odoo.rgbconsulting.com\/wp-content\/uploads\/2024\/09\/48653.jpg","type":"image\/jpeg"}],"twitter_card":"summary_large_image","twitter_title":"WALDRON, Mal \/ KASAI, Kimiko - One For Lady -  (LP) | Guerssen","twitter_misc":{"Tiempo de lectura":"1 minuto"},"schema":{"@context":"https:\/\/schema.org","@graph":[{"@type":"WebPage","@id":"https:\/\/wpguerssen-test.odoo.rgbconsulting.com\/es\/producto\/one-for-lady\/","url":"https:\/\/wpguerssen-test.odoo.rgbconsulting.com\/es\/producto\/one-for-lady\/","name":"WALDRON, Mal \/ KASAI, Kimiko - One For Lady - (LP) | Guerssen","isPartOf":{"@id":"https:\/\/wpguerssen-test.odoo.rgbconsulting.com\/es\/#website"},"primaryImageOfPage":{"@id":"https:\/\/wpguerssen-test.odoo.rgbconsulting.com\/es\/producto\/one-for-lady\/#primaryimage"},"image":{"@id":"https:\/\/wpguerssen-test.odoo.rgbconsulting.com\/es\/producto\/one-for-lady\/#primaryimage"},"thumbnailUrl":"https:\/\/wpguerssen-test.odoo.rgbconsulting.com\/wp-content\/uploads\/2024\/09\/48653.jpg","datePublished":"2024-10-08T22:00:00+00:00","dateModified":"2025-02-13T17:20:33+00:00","description":"New York-born jazz pianist Mal Waldron's incredible career saw him backing Mingus, Coltrane, and Billie Holiday, and after surviving a heroin overdose and mental breakdown, he decamped to Europe to compose film scores; then, in 1970, he made his maiden voyage to Japan, where One For Lady was recorded with rising star Kimiko Kasai, drummer Hiroshi Murakami and bassist Yoshio Suzuki from Sadao Watanabe's band. Waldron's expressive pianos and Kasai's sultry vocal delivery are the outstanding draws, the sensitive renditions of 'Willow Weep For Me' and 'Lover Man' summing up the album's enduring appeal.","breadcrumb":{"@id":"https:\/\/wpguerssen-test.odoo.rgbconsulting.com\/es\/producto\/one-for-lady\/#breadcrumb"},"inLanguage":"es","potentialAction":[{"@type":"ReadAction","target":["https:\/\/wpguerssen-test.odoo.rgbconsulting.com\/es\/producto\/one-for-lady\/"]}]},{"@type":"ImageObject","inLanguage":"es","@id":"https:\/\/wpguerssen-test.odoo.rgbconsulting.com\/es\/producto\/one-for-lady\/#primaryimage","url":"https:\/\/wpguerssen-test.odoo.rgbconsulting.com\/wp-content\/uploads\/2024\/09\/48653.jpg","contentUrl":"https:\/\/wpguerssen-test.odoo.rgbconsulting.com\/wp-content\/uploads\/2024\/09\/48653.jpg","width":945,"height":942,"caption":"Mal \/ KASAI"},{"@type":"BreadcrumbList","@id":"https:\/\/wpguerssen-test.odoo.rgbconsulting.com\/es\/producto\/one-for-lady\/#breadcrumb","itemListElement":[{"@type":"ListItem","position":1,"name":"Inicio","item":"https:\/\/wpguerssen-test.odoo.rgbconsulting.com\/es\/"},{"@type":"ListItem","position":2,"name":"Shop","item":"https:\/\/wpguerssen-test.odoo.rgbconsulting.com\/shop\/"},{"@type":"ListItem","position":3,"name":"One For Lady"}]},{"@type":"WebSite","@id":"https:\/\/wpguerssen-test.odoo.rgbconsulting.com\/es\/#website","url":"https:\/\/wpguerssen-test.odoo.rgbconsulting.com\/es\/","name":"Guerssen records","description":"psychedelia - progressive - folk - garage ","publisher":{"@id":"https:\/\/wpguerssen-test.odoo.rgbconsulting.com\/es\/#organization"},"potentialAction":[{"@type":"SearchAction","target":{"@type":"EntryPoint","urlTemplate":"https:\/\/wpguerssen-test.odoo.rgbconsulting.com\/es\/?s={search_term_string}"},"query-input":{"@type":"PropertyValueSpecification","valueRequired":true,"valueName":"search_term_string"}}],"inLanguage":"es"},{"@type":"Organization","@id":"https:\/\/wpguerssen-test.odoo.rgbconsulting.com\/es\/#organization","name":"Guerssen records","url":"https:\/\/wpguerssen-test.odoo.rgbconsulting.com\/es\/","logo":{"@type":"ImageObject","inLanguage":"es","@id":"https:\/\/wpguerssen-test.odoo.rgbconsulting.com\/es\/#\/schema\/logo\/image\/","url":"https:\/\/wpguerssen-test.odoo.rgbconsulting.com\/wp-content\/uploads\/2022\/04\/Logo_Guerssen_trans_100.png","contentUrl":"https:\/\/wpguerssen-test.odoo.rgbconsulting.com\/wp-content\/uploads\/2022\/04\/Logo_Guerssen_trans_100.png","width":122,"height":100,"caption":"Guerssen records"},"image":{"@id":"https:\/\/wpguerssen-test.odoo.rgbconsulting.com\/es\/#\/schema\/logo\/image\/"}}]}},"_links":{"self":[{"href":"https:\/\/wpguerssen-test.odoo.rgbconsulting.com\/es\/wp-json\/wp\/v2\/product\/274877","targetHints":{"allow":["GET"]}}],"collection":[{"href":"https:\/\/wpguerssen-test.odoo.rgbconsulting.com\/es\/wp-json\/wp\/v2\/product"}],"about":[{"href":"https:\/\/wpguerssen-test.odoo.rgbconsulting.com\/es\/wp-json\/wp\/v2\/types\/product"}],"wp:featuredmedia":[{"embeddable":true,"href":"https:\/\/wpguerssen-test.odoo.rgbconsulting.com\/es\/wp-json\/wp\/v2\/media\/274865"}],"wp:attachment":[{"href":"https:\/\/wpguerssen-test.odoo.rgbconsulting.com\/es\/wp-json\/wp\/v2\/media?parent=274877"}],"wp:term":[{"taxonomy":"product_brand","embeddable":true,"href":"https:\/\/wpguerssen-test.odoo.rgbconsulting.com\/es\/wp-json\/wp\/v2\/product_brand?post=274877"},{"taxonomy":"product_cat","embeddable":true,"href":"https:\/\/wpguerssen-test.odoo.rgbconsulting.com\/es\/wp-json\/wp\/v2\/product_cat?post=274877"},{"taxonomy":"product_tag","embeddable":true,"href":"https:\/\/wpguerssen-test.odoo.rgbconsulting.com\/es\/wp-json\/wp\/v2\/product_tag?post=274877"}],"curies":[{"name":"wp","href":"https:\/\/api.w.org\/{rel}","templated":true}]}}