{"id":274959,"date":"2024-09-17T00:00:00","date_gmt":"2024-09-16T22:00:00","guid":{"rendered":"https:\/\/wpguerssen-test.odoo.rgbconsulting.com\/product\/mr-compromise-cd\/"},"modified":"2025-04-17T15:18:55","modified_gmt":"2025-04-17T13:18:55","slug":"mr-compromise-cd","status":"publish","type":"product","link":"https:\/\/wpguerssen-test.odoo.rgbconsulting.com\/es\/producto\/mr-compromise-cd\/","title":{"rendered":"Mr. Compromise (CD)"},"content":{"rendered":"<p>Por primera vez reeditado este buscado disco, originalmente editado de forma privada y muy limitada, a cargo del m\u00fasico y compositor Keith Noble (miembro fundador del grupo pre-Pink Floyd Sigma 6 \/ The Abdabs y co-compositor del hit de Chad &#038; Jeremy \u00abA Summer Song\u00bb).  <\/p>\n<p> \u00abMr. Compomise\u00bb se public\u00f3 en 1970 en el sello privado Eden (hogar tambi\u00e9n de otras rarezas folk-psicod\u00e9licas como Mourning Phase). Es una buena muestra del vers\u00e1til talento compositivo de Noble: jazzy-bossa pop, beat el\u00e9ctrico a lo Kinks\/Hollies\/Byrds e introspectivo y misterioso folk en la onda de Al Stewart o incredible String Band. <\/p>\n<p> El disco incluye una serie de m\u00fasicos colaboradores, entre ellos Rado Klose (miembro de los primeros Pink Floyd y amigo y compa\u00f1ero de Keith en la etapa de grupos pre-Floyd) a la guitarra solista. <\/p>\n<p> Tras editarse el disco, Keith Noble dedic\u00f3 su vida profesional a la arquitectura \/ ense\u00f1anza y tambi\u00e9n escribi\u00f3 varios musicales que ese estrenaron en escuelas locales. Desgraciadamente, muri\u00f3 en 2014. <\/p>\n<p> Esta esperada reedici\u00f3n de \u00abMr. Compromise\u00bb ha sido posible con la ayuda de la familia Noble. <\/p>\n<p> *Sonido remasterizado<br \/>*Artwork original<br \/>*Libreto con notas por Richard Allen y fotos <\/p>\n<p> \u00ab\u00bbMr. Compromise ofrece el balance perfecto de fant\u00e1sticas canciones pop, jingle-jangle folk-rock y oscuro folk. M\u00e1s all\u00e1 de ser un artefacto de inter\u00e9s para fan\u00e1ticos de Pink Floyd, este disco resalta por su calidad de principio a fin. Una joya!\u00bb<br \/>&#8211; Alexandre Mansuy (Somewhere There Is Music) <\/p>\n<p> Tracklist:<br \/>1. Mr. Compromise &#8211; 2. Narcissus &#8211; 3. Secretary Jane &#8211; 4. Red-Current Tide &#8211; 5. Up and Down Way (of It All) &#8211; 6. Only When I Laugh &#8211; 7. Dandelions Have Their Day &#8211; 8. Weather &#8211; 9. King of The Icemen &#8211; 10. Ashes and Silver<\/p>\n","protected":false},"excerpt":{"rendered":"<p>Por primera vez reeditado este buscado disco, originalmente editado de forma privada y muy limitada, a cargo del m\u00fasico y compositor Keith Noble (miembro fundador<a class=\"read\" href=\"https:\/\/wpguerssen-test.odoo.rgbconsulting.com\/es\/producto\/mr-compromise-cd\/\"> (...)<\/a>","protected":false},"featured_media":274928,"template":"","meta":{"_acf_changed":false},"product_brand":[],"product_cat":[21639,23271],"product_tag":[29138],"class_list":{"0":"post-274959","1":"product","2":"type-product","3":"status-publish","4":"has-post-thumbnail","6":"product_cat-psychedelic60s-70s-es","7":"product_cat-folk-60s-70s-es","8":"product_tag-cd-es","9":"pa_artist-noble-keith-es","10":"pa_format-cd-2-es","11":"pa_gender-psychedelic60s-70s-folk-60s-70s","12":"pa_label-guerssen-es","13":"pa_location-uk-ireland-es","15":"first","16":"instock","17":"taxable","18":"shipping-taxable","19":"purchasable","20":"product-type-simple"},"acf":[],"yoast_head":"<!-- This site is optimized with the Yoast SEO plugin v24.9 - https:\/\/yoast.com\/wordpress\/plugins\/seo\/ -->\n<title>NOBLE, Keith - Mr. Compromise (CD) -  (CD) | Guerssen<\/title>\n<meta name=\"description\" content=\"First ever reissue of this elusive private pressing from 1970 by British singer\/songwriter Keith Noble (a founding member of pre-Pink Floyd bands Sigma 6 \/ The Abdabs and co-composer of Chad &amp; Jeremy&#039;s hit &#039;A Summer Song&#039;). #nl# Mr. Compromise, originally released as a tiny demo pressing on the custom Eden label (home also of other psych-folk rarities like Mourning Phase), showcases the versatile songwriting talent of Noble: jazzy-bossa pop, Kinks\/Hollies\/Byrds styled full electric numbers and haunting psychedelic folk not unlike Al Stewart or Incredible String Band. #nl# Featuring Keith&#039;s friend from the pre-Floyd days Rado Klose (one of the earliest members of Pink Floyd) on lead guitar. #nl# After the album release, Keith Noble dedicated his life to architecture and teaching and he also wrote several musicals. Sadly, he passed away in 2014. #nl# This long awaited reissue of &quot;Mr Compromise&quot;, has been possible with help from the Noble family. #nl# *Remastered sound*Original artwork*Booklet with detailed liner noted by Richard Allen and photos #nl# &quot;Mr. Compromise offers the perfect balance of whimsical pop tunes, jingle-jangle folk-rock and sorrowful folk.Far from being an artifact for Floyd-related devoted fans, this release stands apart for its quality from start to finish. Something of a treasure!&quot;- Alexandre Mansuy (Somewhere There Is Music) #nl# Tracklist:1. Mr. Compromise - 2. Narcissus - 3. Secretary Jane - 4. Red-Current Tide - 5. Up and Down Way (of It All) - 6. Only When I Laugh - 7. Dandelions Have Their Day - 8. Weather - 9. King of The Icemen - 10. Ashes and Silver\" \/>\n<meta name=\"robots\" content=\"index, follow, max-snippet:-1, max-image-preview:large, max-video-preview:-1\" \/>\n<link rel=\"canonical\" href=\"https:\/\/wpguerssen-test.odoo.rgbconsulting.com\/es\/producto\/mr-compromise-cd\/\" \/>\n<meta property=\"og:locale\" content=\"es_ES\" \/>\n<meta property=\"og:type\" content=\"article\" \/>\n<meta property=\"og:title\" content=\"NOBLE, Keith - Mr. Compromise (CD) -  (CD) | Guerssen\" \/>\n<meta property=\"og:description\" content=\"First ever reissue of this elusive private pressing from 1970 by British singer\/songwriter Keith Noble (a founding member of pre-Pink Floyd bands Sigma 6 \/ The Abdabs and co-composer of Chad &amp; Jeremy&#039;s hit &#039;A Summer Song&#039;). #nl# Mr. Compromise, originally released as a tiny demo pressing on the custom Eden label (home also of other psych-folk rarities like Mourning Phase), showcases the versatile songwriting talent of Noble: jazzy-bossa pop, Kinks\/Hollies\/Byrds styled full electric numbers and haunting psychedelic folk not unlike Al Stewart or Incredible String Band. #nl# Featuring Keith&#039;s friend from the pre-Floyd days Rado Klose (one of the earliest members of Pink Floyd) on lead guitar. #nl# After the album release, Keith Noble dedicated his life to architecture and teaching and he also wrote several musicals. Sadly, he passed away in 2014. #nl# This long awaited reissue of &quot;Mr Compromise&quot;, has been possible with help from the Noble family. #nl# *Remastered sound*Original artwork*Booklet with detailed liner noted by Richard Allen and photos #nl# &quot;Mr. Compromise offers the perfect balance of whimsical pop tunes, jingle-jangle folk-rock and sorrowful folk.Far from being an artifact for Floyd-related devoted fans, this release stands apart for its quality from start to finish. Something of a treasure!&quot;- Alexandre Mansuy (Somewhere There Is Music) #nl# Tracklist:1. Mr. Compromise - 2. Narcissus - 3. Secretary Jane - 4. Red-Current Tide - 5. Up and Down Way (of It All) - 6. Only When I Laugh - 7. Dandelions Have Their Day - 8. Weather - 9. King of The Icemen - 10. Ashes and Silver\" \/>\n<meta property=\"og:url\" content=\"https:\/\/wpguerssen-test.odoo.rgbconsulting.com\/es\/producto\/mr-compromise-cd\/\" \/>\n<meta property=\"og:site_name\" content=\"Guerssen records\" \/>\n<meta property=\"article:modified_time\" content=\"2025-04-17T13:18:55+00:00\" \/>\n<meta property=\"og:image\" content=\"https:\/\/wpguerssen-test.odoo.rgbconsulting.com\/wp-content\/uploads\/2024\/09\/47966.jpg\" \/>\n\t<meta property=\"og:image:width\" content=\"800\" \/>\n\t<meta property=\"og:image:height\" content=\"800\" \/>\n\t<meta property=\"og:image:type\" content=\"image\/jpeg\" \/>\n<meta name=\"twitter:card\" content=\"summary_large_image\" \/>\n<meta name=\"twitter:title\" content=\"NOBLE, Keith - Mr. Compromise (CD) -  (CD) | Guerssen\" \/>\n<meta name=\"twitter:label1\" content=\"Tiempo de lectura\" \/>\n\t<meta name=\"twitter:data1\" content=\"1 minuto\" \/>\n<script type=\"application\/ld+json\" class=\"yoast-schema-graph\">{\"@context\":\"https:\/\/schema.org\",\"@graph\":[{\"@type\":\"WebPage\",\"@id\":\"https:\/\/wpguerssen-test.odoo.rgbconsulting.com\/es\/producto\/mr-compromise-cd\/\",\"url\":\"https:\/\/wpguerssen-test.odoo.rgbconsulting.com\/es\/producto\/mr-compromise-cd\/\",\"name\":\"NOBLE, Keith - Mr. Compromise (CD) - (CD) | Guerssen\",\"isPartOf\":{\"@id\":\"https:\/\/wpguerssen-test.odoo.rgbconsulting.com\/es\/#website\"},\"primaryImageOfPage\":{\"@id\":\"https:\/\/wpguerssen-test.odoo.rgbconsulting.com\/es\/producto\/mr-compromise-cd\/#primaryimage\"},\"image\":{\"@id\":\"https:\/\/wpguerssen-test.odoo.rgbconsulting.com\/es\/producto\/mr-compromise-cd\/#primaryimage\"},\"thumbnailUrl\":\"https:\/\/wpguerssen-test.odoo.rgbconsulting.com\/wp-content\/uploads\/2024\/09\/47966.jpg\",\"datePublished\":\"2024-09-16T22:00:00+00:00\",\"dateModified\":\"2025-04-17T13:18:55+00:00\",\"description\":\"First ever reissue of this elusive private pressing from 1970 by British singer\/songwriter Keith Noble (a founding member of pre-Pink Floyd bands Sigma 6 \/ The Abdabs and co-composer of Chad & Jeremy's hit 'A Summer Song'). #nl# Mr. Compromise, originally released as a tiny demo pressing on the custom Eden label (home also of other psych-folk rarities like Mourning Phase), showcases the versatile songwriting talent of Noble: jazzy-bossa pop, Kinks\/Hollies\/Byrds styled full electric numbers and haunting psychedelic folk not unlike Al Stewart or Incredible String Band. #nl# Featuring Keith's friend from the pre-Floyd days Rado Klose (one of the earliest members of Pink Floyd) on lead guitar. #nl# After the album release, Keith Noble dedicated his life to architecture and teaching and he also wrote several musicals. Sadly, he passed away in 2014. #nl# This long awaited reissue of \\\"Mr Compromise\\\", has been possible with help from the Noble family. #nl# *Remastered sound*Original artwork*Booklet with detailed liner noted by Richard Allen and photos #nl# \\\"Mr. Compromise offers the perfect balance of whimsical pop tunes, jingle-jangle folk-rock and sorrowful folk.Far from being an artifact for Floyd-related devoted fans, this release stands apart for its quality from start to finish. Something of a treasure!\\\"- Alexandre Mansuy (Somewhere There Is Music) #nl# Tracklist:1. Mr. Compromise - 2. Narcissus - 3. Secretary Jane - 4. Red-Current Tide - 5. Up and Down Way (of It All) - 6. Only When I Laugh - 7. Dandelions Have Their Day - 8. Weather - 9. King of The Icemen - 10. Ashes and Silver\",\"breadcrumb\":{\"@id\":\"https:\/\/wpguerssen-test.odoo.rgbconsulting.com\/es\/producto\/mr-compromise-cd\/#breadcrumb\"},\"inLanguage\":\"es\",\"potentialAction\":[{\"@type\":\"ReadAction\",\"target\":[\"https:\/\/wpguerssen-test.odoo.rgbconsulting.com\/es\/producto\/mr-compromise-cd\/\"]}]},{\"@type\":\"ImageObject\",\"inLanguage\":\"es\",\"@id\":\"https:\/\/wpguerssen-test.odoo.rgbconsulting.com\/es\/producto\/mr-compromise-cd\/#primaryimage\",\"url\":\"https:\/\/wpguerssen-test.odoo.rgbconsulting.com\/wp-content\/uploads\/2024\/09\/47966.jpg\",\"contentUrl\":\"https:\/\/wpguerssen-test.odoo.rgbconsulting.com\/wp-content\/uploads\/2024\/09\/47966.jpg\",\"width\":800,\"height\":800,\"caption\":\"Keith - Mr. Compromise (CD) - GUERSSEN (CD) | Guerssen\"},{\"@type\":\"BreadcrumbList\",\"@id\":\"https:\/\/wpguerssen-test.odoo.rgbconsulting.com\/es\/producto\/mr-compromise-cd\/#breadcrumb\",\"itemListElement\":[{\"@type\":\"ListItem\",\"position\":1,\"name\":\"Inicio\",\"item\":\"https:\/\/wpguerssen-test.odoo.rgbconsulting.com\/es\/\"},{\"@type\":\"ListItem\",\"position\":2,\"name\":\"Shop\",\"item\":\"https:\/\/wpguerssen-test.odoo.rgbconsulting.com\/shop\/\"},{\"@type\":\"ListItem\",\"position\":3,\"name\":\"Mr. Compromise (CD)\"}]},{\"@type\":\"WebSite\",\"@id\":\"https:\/\/wpguerssen-test.odoo.rgbconsulting.com\/es\/#website\",\"url\":\"https:\/\/wpguerssen-test.odoo.rgbconsulting.com\/es\/\",\"name\":\"Guerssen records\",\"description\":\"psychedelia - progressive - folk - garage \",\"publisher\":{\"@id\":\"https:\/\/wpguerssen-test.odoo.rgbconsulting.com\/es\/#organization\"},\"potentialAction\":[{\"@type\":\"SearchAction\",\"target\":{\"@type\":\"EntryPoint\",\"urlTemplate\":\"https:\/\/wpguerssen-test.odoo.rgbconsulting.com\/es\/?s={search_term_string}\"},\"query-input\":{\"@type\":\"PropertyValueSpecification\",\"valueRequired\":true,\"valueName\":\"search_term_string\"}}],\"inLanguage\":\"es\"},{\"@type\":\"Organization\",\"@id\":\"https:\/\/wpguerssen-test.odoo.rgbconsulting.com\/es\/#organization\",\"name\":\"Guerssen records\",\"url\":\"https:\/\/wpguerssen-test.odoo.rgbconsulting.com\/es\/\",\"logo\":{\"@type\":\"ImageObject\",\"inLanguage\":\"es\",\"@id\":\"https:\/\/wpguerssen-test.odoo.rgbconsulting.com\/es\/#\/schema\/logo\/image\/\",\"url\":\"https:\/\/wpguerssen-test.odoo.rgbconsulting.com\/wp-content\/uploads\/2022\/04\/Logo_Guerssen_trans_100.png\",\"contentUrl\":\"https:\/\/wpguerssen-test.odoo.rgbconsulting.com\/wp-content\/uploads\/2022\/04\/Logo_Guerssen_trans_100.png\",\"width\":122,\"height\":100,\"caption\":\"Guerssen records\"},\"image\":{\"@id\":\"https:\/\/wpguerssen-test.odoo.rgbconsulting.com\/es\/#\/schema\/logo\/image\/\"}}]}<\/script>\n<!-- \/ Yoast SEO plugin. -->","yoast_head_json":{"title":"NOBLE, Keith - Mr. Compromise (CD) -  (CD) | Guerssen","description":"First ever reissue of this elusive private pressing from 1970 by British singer\/songwriter Keith Noble (a founding member of pre-Pink Floyd bands Sigma 6 \/ The Abdabs and co-composer of Chad & Jeremy's hit 'A Summer Song'). #nl# Mr. Compromise, originally released as a tiny demo pressing on the custom Eden label (home also of other psych-folk rarities like Mourning Phase), showcases the versatile songwriting talent of Noble: jazzy-bossa pop, Kinks\/Hollies\/Byrds styled full electric numbers and haunting psychedelic folk not unlike Al Stewart or Incredible String Band. #nl# Featuring Keith's friend from the pre-Floyd days Rado Klose (one of the earliest members of Pink Floyd) on lead guitar. #nl# After the album release, Keith Noble dedicated his life to architecture and teaching and he also wrote several musicals. Sadly, he passed away in 2014. #nl# This long awaited reissue of \"Mr Compromise\", has been possible with help from the Noble family. #nl# *Remastered sound*Original artwork*Booklet with detailed liner noted by Richard Allen and photos #nl# \"Mr. Compromise offers the perfect balance of whimsical pop tunes, jingle-jangle folk-rock and sorrowful folk.Far from being an artifact for Floyd-related devoted fans, this release stands apart for its quality from start to finish. Something of a treasure!\"- Alexandre Mansuy (Somewhere There Is Music) #nl# Tracklist:1. Mr. Compromise - 2. Narcissus - 3. Secretary Jane - 4. Red-Current Tide - 5. Up and Down Way (of It All) - 6. Only When I Laugh - 7. Dandelions Have Their Day - 8. Weather - 9. King of The Icemen - 10. Ashes and Silver","robots":{"index":"index","follow":"follow","max-snippet":"max-snippet:-1","max-image-preview":"max-image-preview:large","max-video-preview":"max-video-preview:-1"},"canonical":"https:\/\/wpguerssen-test.odoo.rgbconsulting.com\/es\/producto\/mr-compromise-cd\/","og_locale":"es_ES","og_type":"article","og_title":"NOBLE, Keith - Mr. Compromise (CD) -  (CD) | Guerssen","og_description":"First ever reissue of this elusive private pressing from 1970 by British singer\/songwriter Keith Noble (a founding member of pre-Pink Floyd bands Sigma 6 \/ The Abdabs and co-composer of Chad & Jeremy's hit 'A Summer Song'). #nl# Mr. Compromise, originally released as a tiny demo pressing on the custom Eden label (home also of other psych-folk rarities like Mourning Phase), showcases the versatile songwriting talent of Noble: jazzy-bossa pop, Kinks\/Hollies\/Byrds styled full electric numbers and haunting psychedelic folk not unlike Al Stewart or Incredible String Band. #nl# Featuring Keith's friend from the pre-Floyd days Rado Klose (one of the earliest members of Pink Floyd) on lead guitar. #nl# After the album release, Keith Noble dedicated his life to architecture and teaching and he also wrote several musicals. Sadly, he passed away in 2014. #nl# This long awaited reissue of \"Mr Compromise\", has been possible with help from the Noble family. #nl# *Remastered sound*Original artwork*Booklet with detailed liner noted by Richard Allen and photos #nl# \"Mr. Compromise offers the perfect balance of whimsical pop tunes, jingle-jangle folk-rock and sorrowful folk.Far from being an artifact for Floyd-related devoted fans, this release stands apart for its quality from start to finish. Something of a treasure!\"- Alexandre Mansuy (Somewhere There Is Music) #nl# Tracklist:1. Mr. Compromise - 2. Narcissus - 3. Secretary Jane - 4. Red-Current Tide - 5. Up and Down Way (of It All) - 6. Only When I Laugh - 7. Dandelions Have Their Day - 8. Weather - 9. King of The Icemen - 10. Ashes and Silver","og_url":"https:\/\/wpguerssen-test.odoo.rgbconsulting.com\/es\/producto\/mr-compromise-cd\/","og_site_name":"Guerssen records","article_modified_time":"2025-04-17T13:18:55+00:00","og_image":[{"width":800,"height":800,"url":"https:\/\/wpguerssen-test.odoo.rgbconsulting.com\/wp-content\/uploads\/2024\/09\/47966.jpg","type":"image\/jpeg"}],"twitter_card":"summary_large_image","twitter_title":"NOBLE, Keith - Mr. Compromise (CD) -  (CD) | Guerssen","twitter_misc":{"Tiempo de lectura":"1 minuto"},"schema":{"@context":"https:\/\/schema.org","@graph":[{"@type":"WebPage","@id":"https:\/\/wpguerssen-test.odoo.rgbconsulting.com\/es\/producto\/mr-compromise-cd\/","url":"https:\/\/wpguerssen-test.odoo.rgbconsulting.com\/es\/producto\/mr-compromise-cd\/","name":"NOBLE, Keith - Mr. Compromise (CD) - (CD) | Guerssen","isPartOf":{"@id":"https:\/\/wpguerssen-test.odoo.rgbconsulting.com\/es\/#website"},"primaryImageOfPage":{"@id":"https:\/\/wpguerssen-test.odoo.rgbconsulting.com\/es\/producto\/mr-compromise-cd\/#primaryimage"},"image":{"@id":"https:\/\/wpguerssen-test.odoo.rgbconsulting.com\/es\/producto\/mr-compromise-cd\/#primaryimage"},"thumbnailUrl":"https:\/\/wpguerssen-test.odoo.rgbconsulting.com\/wp-content\/uploads\/2024\/09\/47966.jpg","datePublished":"2024-09-16T22:00:00+00:00","dateModified":"2025-04-17T13:18:55+00:00","description":"First ever reissue of this elusive private pressing from 1970 by British singer\/songwriter Keith Noble (a founding member of pre-Pink Floyd bands Sigma 6 \/ The Abdabs and co-composer of Chad & Jeremy's hit 'A Summer Song'). #nl# Mr. Compromise, originally released as a tiny demo pressing on the custom Eden label (home also of other psych-folk rarities like Mourning Phase), showcases the versatile songwriting talent of Noble: jazzy-bossa pop, Kinks\/Hollies\/Byrds styled full electric numbers and haunting psychedelic folk not unlike Al Stewart or Incredible String Band. #nl# Featuring Keith's friend from the pre-Floyd days Rado Klose (one of the earliest members of Pink Floyd) on lead guitar. #nl# After the album release, Keith Noble dedicated his life to architecture and teaching and he also wrote several musicals. Sadly, he passed away in 2014. #nl# This long awaited reissue of \"Mr Compromise\", has been possible with help from the Noble family. #nl# *Remastered sound*Original artwork*Booklet with detailed liner noted by Richard Allen and photos #nl# \"Mr. Compromise offers the perfect balance of whimsical pop tunes, jingle-jangle folk-rock and sorrowful folk.Far from being an artifact for Floyd-related devoted fans, this release stands apart for its quality from start to finish. Something of a treasure!\"- Alexandre Mansuy (Somewhere There Is Music) #nl# Tracklist:1. Mr. Compromise - 2. Narcissus - 3. Secretary Jane - 4. Red-Current Tide - 5. Up and Down Way (of It All) - 6. Only When I Laugh - 7. Dandelions Have Their Day - 8. Weather - 9. King of The Icemen - 10. Ashes and Silver","breadcrumb":{"@id":"https:\/\/wpguerssen-test.odoo.rgbconsulting.com\/es\/producto\/mr-compromise-cd\/#breadcrumb"},"inLanguage":"es","potentialAction":[{"@type":"ReadAction","target":["https:\/\/wpguerssen-test.odoo.rgbconsulting.com\/es\/producto\/mr-compromise-cd\/"]}]},{"@type":"ImageObject","inLanguage":"es","@id":"https:\/\/wpguerssen-test.odoo.rgbconsulting.com\/es\/producto\/mr-compromise-cd\/#primaryimage","url":"https:\/\/wpguerssen-test.odoo.rgbconsulting.com\/wp-content\/uploads\/2024\/09\/47966.jpg","contentUrl":"https:\/\/wpguerssen-test.odoo.rgbconsulting.com\/wp-content\/uploads\/2024\/09\/47966.jpg","width":800,"height":800,"caption":"Keith - Mr. Compromise (CD) - GUERSSEN (CD) | Guerssen"},{"@type":"BreadcrumbList","@id":"https:\/\/wpguerssen-test.odoo.rgbconsulting.com\/es\/producto\/mr-compromise-cd\/#breadcrumb","itemListElement":[{"@type":"ListItem","position":1,"name":"Inicio","item":"https:\/\/wpguerssen-test.odoo.rgbconsulting.com\/es\/"},{"@type":"ListItem","position":2,"name":"Shop","item":"https:\/\/wpguerssen-test.odoo.rgbconsulting.com\/shop\/"},{"@type":"ListItem","position":3,"name":"Mr. Compromise (CD)"}]},{"@type":"WebSite","@id":"https:\/\/wpguerssen-test.odoo.rgbconsulting.com\/es\/#website","url":"https:\/\/wpguerssen-test.odoo.rgbconsulting.com\/es\/","name":"Guerssen records","description":"psychedelia - progressive - folk - garage ","publisher":{"@id":"https:\/\/wpguerssen-test.odoo.rgbconsulting.com\/es\/#organization"},"potentialAction":[{"@type":"SearchAction","target":{"@type":"EntryPoint","urlTemplate":"https:\/\/wpguerssen-test.odoo.rgbconsulting.com\/es\/?s={search_term_string}"},"query-input":{"@type":"PropertyValueSpecification","valueRequired":true,"valueName":"search_term_string"}}],"inLanguage":"es"},{"@type":"Organization","@id":"https:\/\/wpguerssen-test.odoo.rgbconsulting.com\/es\/#organization","name":"Guerssen records","url":"https:\/\/wpguerssen-test.odoo.rgbconsulting.com\/es\/","logo":{"@type":"ImageObject","inLanguage":"es","@id":"https:\/\/wpguerssen-test.odoo.rgbconsulting.com\/es\/#\/schema\/logo\/image\/","url":"https:\/\/wpguerssen-test.odoo.rgbconsulting.com\/wp-content\/uploads\/2022\/04\/Logo_Guerssen_trans_100.png","contentUrl":"https:\/\/wpguerssen-test.odoo.rgbconsulting.com\/wp-content\/uploads\/2022\/04\/Logo_Guerssen_trans_100.png","width":122,"height":100,"caption":"Guerssen records"},"image":{"@id":"https:\/\/wpguerssen-test.odoo.rgbconsulting.com\/es\/#\/schema\/logo\/image\/"}}]}},"_links":{"self":[{"href":"https:\/\/wpguerssen-test.odoo.rgbconsulting.com\/es\/wp-json\/wp\/v2\/product\/274959","targetHints":{"allow":["GET"]}}],"collection":[{"href":"https:\/\/wpguerssen-test.odoo.rgbconsulting.com\/es\/wp-json\/wp\/v2\/product"}],"about":[{"href":"https:\/\/wpguerssen-test.odoo.rgbconsulting.com\/es\/wp-json\/wp\/v2\/types\/product"}],"wp:featuredmedia":[{"embeddable":true,"href":"https:\/\/wpguerssen-test.odoo.rgbconsulting.com\/es\/wp-json\/wp\/v2\/media\/274928"}],"wp:attachment":[{"href":"https:\/\/wpguerssen-test.odoo.rgbconsulting.com\/es\/wp-json\/wp\/v2\/media?parent=274959"}],"wp:term":[{"taxonomy":"product_brand","embeddable":true,"href":"https:\/\/wpguerssen-test.odoo.rgbconsulting.com\/es\/wp-json\/wp\/v2\/product_brand?post=274959"},{"taxonomy":"product_cat","embeddable":true,"href":"https:\/\/wpguerssen-test.odoo.rgbconsulting.com\/es\/wp-json\/wp\/v2\/product_cat?post=274959"},{"taxonomy":"product_tag","embeddable":true,"href":"https:\/\/wpguerssen-test.odoo.rgbconsulting.com\/es\/wp-json\/wp\/v2\/product_tag?post=274959"}],"curies":[{"name":"wp","href":"https:\/\/api.w.org\/{rel}","templated":true}]}}