{"id":275107,"date":"2025-01-23T00:00:00","date_gmt":"2025-01-22T23:00:00","guid":{"rendered":"https:\/\/wpguerssen-test.odoo.rgbconsulting.com\/product\/james-browns-funky-people-pt-1\/"},"modified":"2025-04-22T16:59:24","modified_gmt":"2025-04-22T14:59:24","slug":"james-browns-funky-people-pt-1","status":"publish","type":"product","link":"https:\/\/wpguerssen-test.odoo.rgbconsulting.com\/es\/producto\/james-browns-funky-people-pt-1\/","title":{"rendered":"James Brown&#8217;s Funky People Pt.1"},"content":{"rendered":"<p>Get On Down trae de vuelta una de las mejores compilaciones funk de James Brown en vinilo.<br \/>Funky People Part 1 presenta el nivel m\u00e1s alto de artistas del sello People Records de Brown, incluidos The J.B.s, LynCollins, Fred Wesley y Maceo Parker. Aqu\u00ed se recopila parte del mejor material de todos los tiempos de la organizaci\u00f3n James Brown, incluidos \u00abPass The Peas\u00bb y \u00abHot Pants Road\u00bb de The J.B., el gran \u00e9xito de Lyn Collins \u00abThink (About It)\u00bb y muchos m\u00e1s. Estas canciones han sido sampleadas en innumerables canciones de hip-hop a lo largo de los a\u00f1os.<br \/>Tanto los reci\u00e9n llegados como los fan\u00e1ticos ac\u00e9rrimos contin\u00faan investigando las b\u00f3vedas de James Brown y People Records, y cuanto m\u00e1s lo hacen, m\u00e1s se dan cuenta de que es casi una fuente inagotable de m\u00fasica funk y soul verdaderamente de nivel superior. Gracias a los exhaustivos esfuerzos de Get On Down, esta bondad auditiva seguir\u00e1 fluyendo hacia el p\u00fablico.<\/p>\n","protected":false},"excerpt":{"rendered":"<p>Get On Down trae de vuelta una de las mejores compilaciones funk de James Brown en vinilo.<br \/>Funky People Part 1 presenta el nivel m\u00e1s alto de artistas del sello<a class=\"read\" href=\"https:\/\/wpguerssen-test.odoo.rgbconsulting.com\/es\/producto\/james-browns-funky-people-pt-1\/\"> (...)<\/a>","protected":false},"featured_media":275095,"template":"","meta":{"_acf_changed":false},"product_brand":[],"product_cat":[21649,23219],"product_tag":[],"class_list":{"0":"post-275107","1":"product","2":"type-product","3":"status-publish","4":"has-post-thumbnail","6":"product_cat-soul-rnb-es","7":"product_cat-funk-es","8":"pa_artist-various-artists-es","9":"pa_format-2lp-es","10":"pa_gender-soul-rnb-funk","11":"pa_label-get-on-down","12":"pa_location-north-america-es","13":"pa_other-filters-vinyl-only-es","15":"first","16":"instock","17":"taxable","18":"shipping-taxable","19":"purchasable","20":"product-type-simple"},"acf":[],"yoast_head":"<!-- This site is optimized with the Yoast SEO plugin v24.9 - https:\/\/yoast.com\/wordpress\/plugins\/seo\/ -->\n<title>VARIOUS ARTISTS - James Brown&#039;s Funky People Pt.1 -  (2LP) | Guerssen<\/title>\n<meta name=\"description\" content=\"Get On Down is bringing back one of the best James Brown funk compilations to vinyl.Funky People Part 1 features the top tier of artists from Brown&#039;s People Records label, including The J.B.s, LynCollins, Fred Wesley, and Maceo Parker. Some of the James Brown organization&#039;s all-time best material is collected here, including The J.B.&#039;s &quot;Pass The Peas&quot; and &quot;Hot Pants Road&quot;, Fred Wesley&#039;s in your face politicsthrough funk statement &quot;Damn Right, I Am Somebody&quot;, Lyn Collins&#039; smash hit &quot;Think (About It)&quot; and many more. These songs have been sampled in countless hip-hop songs over the years.Newcomers and diehard fans alike continue to dig into the James Brown and People Records vaults, and the more they do so, the more they realize that it&#039;s a nearly never-ending source of truly next-level funk and soul music. Thanks to the exhaustive efforts of Get On Down, this aural goodness will keep flowing to the public.\" \/>\n<meta name=\"robots\" content=\"index, follow, max-snippet:-1, max-image-preview:large, max-video-preview:-1\" \/>\n<link rel=\"canonical\" href=\"https:\/\/wpguerssen-test.odoo.rgbconsulting.com\/es\/producto\/james-browns-funky-people-pt-1\/\" \/>\n<meta property=\"og:locale\" content=\"es_ES\" \/>\n<meta property=\"og:type\" content=\"article\" \/>\n<meta property=\"og:title\" content=\"VARIOUS ARTISTS - James Brown&#039;s Funky People Pt.1 -  (2LP) | Guerssen\" \/>\n<meta property=\"og:description\" content=\"Get On Down is bringing back one of the best James Brown funk compilations to vinyl.Funky People Part 1 features the top tier of artists from Brown&#039;s People Records label, including The J.B.s, LynCollins, Fred Wesley, and Maceo Parker. Some of the James Brown organization&#039;s all-time best material is collected here, including The J.B.&#039;s &quot;Pass The Peas&quot; and &quot;Hot Pants Road&quot;, Fred Wesley&#039;s in your face politicsthrough funk statement &quot;Damn Right, I Am Somebody&quot;, Lyn Collins&#039; smash hit &quot;Think (About It)&quot; and many more. These songs have been sampled in countless hip-hop songs over the years.Newcomers and diehard fans alike continue to dig into the James Brown and People Records vaults, and the more they do so, the more they realize that it&#039;s a nearly never-ending source of truly next-level funk and soul music. Thanks to the exhaustive efforts of Get On Down, this aural goodness will keep flowing to the public.\" \/>\n<meta property=\"og:url\" content=\"https:\/\/wpguerssen-test.odoo.rgbconsulting.com\/es\/producto\/james-browns-funky-people-pt-1\/\" \/>\n<meta property=\"og:site_name\" content=\"Guerssen records\" \/>\n<meta property=\"article:modified_time\" content=\"2025-04-22T14:59:24+00:00\" \/>\n<meta property=\"og:image\" content=\"https:\/\/wpguerssen-test.odoo.rgbconsulting.com\/wp-content\/uploads\/2024\/09\/48659.jpg\" \/>\n\t<meta property=\"og:image:width\" content=\"323\" \/>\n\t<meta property=\"og:image:height\" content=\"322\" \/>\n\t<meta property=\"og:image:type\" content=\"image\/jpeg\" \/>\n<meta name=\"twitter:card\" content=\"summary_large_image\" \/>\n<meta name=\"twitter:title\" content=\"VARIOUS ARTISTS - James Brown&#039;s Funky People Pt.1 -  (2LP) | Guerssen\" \/>\n<meta name=\"twitter:label1\" content=\"Tiempo de lectura\" \/>\n\t<meta name=\"twitter:data1\" content=\"1 minuto\" \/>\n<script type=\"application\/ld+json\" class=\"yoast-schema-graph\">{\"@context\":\"https:\/\/schema.org\",\"@graph\":[{\"@type\":\"WebPage\",\"@id\":\"https:\/\/wpguerssen-test.odoo.rgbconsulting.com\/es\/producto\/james-browns-funky-people-pt-1\/\",\"url\":\"https:\/\/wpguerssen-test.odoo.rgbconsulting.com\/es\/producto\/james-browns-funky-people-pt-1\/\",\"name\":\"VARIOUS ARTISTS - James Brown's Funky People Pt.1 - (2LP) | Guerssen\",\"isPartOf\":{\"@id\":\"https:\/\/wpguerssen-test.odoo.rgbconsulting.com\/es\/#website\"},\"primaryImageOfPage\":{\"@id\":\"https:\/\/wpguerssen-test.odoo.rgbconsulting.com\/es\/producto\/james-browns-funky-people-pt-1\/#primaryimage\"},\"image\":{\"@id\":\"https:\/\/wpguerssen-test.odoo.rgbconsulting.com\/es\/producto\/james-browns-funky-people-pt-1\/#primaryimage\"},\"thumbnailUrl\":\"https:\/\/wpguerssen-test.odoo.rgbconsulting.com\/wp-content\/uploads\/2024\/09\/48659.jpg\",\"datePublished\":\"2025-01-22T23:00:00+00:00\",\"dateModified\":\"2025-04-22T14:59:24+00:00\",\"description\":\"Get On Down is bringing back one of the best James Brown funk compilations to vinyl.Funky People Part 1 features the top tier of artists from Brown's People Records label, including The J.B.s, LynCollins, Fred Wesley, and Maceo Parker. Some of the James Brown organization's all-time best material is collected here, including The J.B.'s \\\"Pass The Peas\\\" and \\\"Hot Pants Road\\\", Fred Wesley's in your face politicsthrough funk statement \\\"Damn Right, I Am Somebody\\\", Lyn Collins' smash hit \\\"Think (About It)\\\" and many more. These songs have been sampled in countless hip-hop songs over the years.Newcomers and diehard fans alike continue to dig into the James Brown and People Records vaults, and the more they do so, the more they realize that it's a nearly never-ending source of truly next-level funk and soul music. Thanks to the exhaustive efforts of Get On Down, this aural goodness will keep flowing to the public.\",\"breadcrumb\":{\"@id\":\"https:\/\/wpguerssen-test.odoo.rgbconsulting.com\/es\/producto\/james-browns-funky-people-pt-1\/#breadcrumb\"},\"inLanguage\":\"es\",\"potentialAction\":[{\"@type\":\"ReadAction\",\"target\":[\"https:\/\/wpguerssen-test.odoo.rgbconsulting.com\/es\/producto\/james-browns-funky-people-pt-1\/\"]}]},{\"@type\":\"ImageObject\",\"inLanguage\":\"es\",\"@id\":\"https:\/\/wpguerssen-test.odoo.rgbconsulting.com\/es\/producto\/james-browns-funky-people-pt-1\/#primaryimage\",\"url\":\"https:\/\/wpguerssen-test.odoo.rgbconsulting.com\/wp-content\/uploads\/2024\/09\/48659.jpg\",\"contentUrl\":\"https:\/\/wpguerssen-test.odoo.rgbconsulting.com\/wp-content\/uploads\/2024\/09\/48659.jpg\",\"width\":323,\"height\":322},{\"@type\":\"BreadcrumbList\",\"@id\":\"https:\/\/wpguerssen-test.odoo.rgbconsulting.com\/es\/producto\/james-browns-funky-people-pt-1\/#breadcrumb\",\"itemListElement\":[{\"@type\":\"ListItem\",\"position\":1,\"name\":\"Inicio\",\"item\":\"https:\/\/wpguerssen-test.odoo.rgbconsulting.com\/es\/\"},{\"@type\":\"ListItem\",\"position\":2,\"name\":\"Shop\",\"item\":\"https:\/\/wpguerssen-test.odoo.rgbconsulting.com\/shop\/\"},{\"@type\":\"ListItem\",\"position\":3,\"name\":\"James Brown&#8217;s Funky People Pt.1\"}]},{\"@type\":\"WebSite\",\"@id\":\"https:\/\/wpguerssen-test.odoo.rgbconsulting.com\/es\/#website\",\"url\":\"https:\/\/wpguerssen-test.odoo.rgbconsulting.com\/es\/\",\"name\":\"Guerssen records\",\"description\":\"psychedelia - progressive - folk - garage \",\"publisher\":{\"@id\":\"https:\/\/wpguerssen-test.odoo.rgbconsulting.com\/es\/#organization\"},\"potentialAction\":[{\"@type\":\"SearchAction\",\"target\":{\"@type\":\"EntryPoint\",\"urlTemplate\":\"https:\/\/wpguerssen-test.odoo.rgbconsulting.com\/es\/?s={search_term_string}\"},\"query-input\":{\"@type\":\"PropertyValueSpecification\",\"valueRequired\":true,\"valueName\":\"search_term_string\"}}],\"inLanguage\":\"es\"},{\"@type\":\"Organization\",\"@id\":\"https:\/\/wpguerssen-test.odoo.rgbconsulting.com\/es\/#organization\",\"name\":\"Guerssen records\",\"url\":\"https:\/\/wpguerssen-test.odoo.rgbconsulting.com\/es\/\",\"logo\":{\"@type\":\"ImageObject\",\"inLanguage\":\"es\",\"@id\":\"https:\/\/wpguerssen-test.odoo.rgbconsulting.com\/es\/#\/schema\/logo\/image\/\",\"url\":\"https:\/\/wpguerssen-test.odoo.rgbconsulting.com\/wp-content\/uploads\/2022\/04\/Logo_Guerssen_trans_100.png\",\"contentUrl\":\"https:\/\/wpguerssen-test.odoo.rgbconsulting.com\/wp-content\/uploads\/2022\/04\/Logo_Guerssen_trans_100.png\",\"width\":122,\"height\":100,\"caption\":\"Guerssen records\"},\"image\":{\"@id\":\"https:\/\/wpguerssen-test.odoo.rgbconsulting.com\/es\/#\/schema\/logo\/image\/\"}}]}<\/script>\n<!-- \/ Yoast SEO plugin. -->","yoast_head_json":{"title":"VARIOUS ARTISTS - James Brown's Funky People Pt.1 -  (2LP) | Guerssen","description":"Get On Down is bringing back one of the best James Brown funk compilations to vinyl.Funky People Part 1 features the top tier of artists from Brown's People Records label, including The J.B.s, LynCollins, Fred Wesley, and Maceo Parker. Some of the James Brown organization's all-time best material is collected here, including The J.B.'s \"Pass The Peas\" and \"Hot Pants Road\", Fred Wesley's in your face politicsthrough funk statement \"Damn Right, I Am Somebody\", Lyn Collins' smash hit \"Think (About It)\" and many more. These songs have been sampled in countless hip-hop songs over the years.Newcomers and diehard fans alike continue to dig into the James Brown and People Records vaults, and the more they do so, the more they realize that it's a nearly never-ending source of truly next-level funk and soul music. Thanks to the exhaustive efforts of Get On Down, this aural goodness will keep flowing to the public.","robots":{"index":"index","follow":"follow","max-snippet":"max-snippet:-1","max-image-preview":"max-image-preview:large","max-video-preview":"max-video-preview:-1"},"canonical":"https:\/\/wpguerssen-test.odoo.rgbconsulting.com\/es\/producto\/james-browns-funky-people-pt-1\/","og_locale":"es_ES","og_type":"article","og_title":"VARIOUS ARTISTS - James Brown's Funky People Pt.1 -  (2LP) | Guerssen","og_description":"Get On Down is bringing back one of the best James Brown funk compilations to vinyl.Funky People Part 1 features the top tier of artists from Brown's People Records label, including The J.B.s, LynCollins, Fred Wesley, and Maceo Parker. Some of the James Brown organization's all-time best material is collected here, including The J.B.'s \"Pass The Peas\" and \"Hot Pants Road\", Fred Wesley's in your face politicsthrough funk statement \"Damn Right, I Am Somebody\", Lyn Collins' smash hit \"Think (About It)\" and many more. These songs have been sampled in countless hip-hop songs over the years.Newcomers and diehard fans alike continue to dig into the James Brown and People Records vaults, and the more they do so, the more they realize that it's a nearly never-ending source of truly next-level funk and soul music. Thanks to the exhaustive efforts of Get On Down, this aural goodness will keep flowing to the public.","og_url":"https:\/\/wpguerssen-test.odoo.rgbconsulting.com\/es\/producto\/james-browns-funky-people-pt-1\/","og_site_name":"Guerssen records","article_modified_time":"2025-04-22T14:59:24+00:00","og_image":[{"width":323,"height":322,"url":"https:\/\/wpguerssen-test.odoo.rgbconsulting.com\/wp-content\/uploads\/2024\/09\/48659.jpg","type":"image\/jpeg"}],"twitter_card":"summary_large_image","twitter_title":"VARIOUS ARTISTS - James Brown's Funky People Pt.1 -  (2LP) | Guerssen","twitter_misc":{"Tiempo de lectura":"1 minuto"},"schema":{"@context":"https:\/\/schema.org","@graph":[{"@type":"WebPage","@id":"https:\/\/wpguerssen-test.odoo.rgbconsulting.com\/es\/producto\/james-browns-funky-people-pt-1\/","url":"https:\/\/wpguerssen-test.odoo.rgbconsulting.com\/es\/producto\/james-browns-funky-people-pt-1\/","name":"VARIOUS ARTISTS - James Brown's Funky People Pt.1 - (2LP) | Guerssen","isPartOf":{"@id":"https:\/\/wpguerssen-test.odoo.rgbconsulting.com\/es\/#website"},"primaryImageOfPage":{"@id":"https:\/\/wpguerssen-test.odoo.rgbconsulting.com\/es\/producto\/james-browns-funky-people-pt-1\/#primaryimage"},"image":{"@id":"https:\/\/wpguerssen-test.odoo.rgbconsulting.com\/es\/producto\/james-browns-funky-people-pt-1\/#primaryimage"},"thumbnailUrl":"https:\/\/wpguerssen-test.odoo.rgbconsulting.com\/wp-content\/uploads\/2024\/09\/48659.jpg","datePublished":"2025-01-22T23:00:00+00:00","dateModified":"2025-04-22T14:59:24+00:00","description":"Get On Down is bringing back one of the best James Brown funk compilations to vinyl.Funky People Part 1 features the top tier of artists from Brown's People Records label, including The J.B.s, LynCollins, Fred Wesley, and Maceo Parker. Some of the James Brown organization's all-time best material is collected here, including The J.B.'s \"Pass The Peas\" and \"Hot Pants Road\", Fred Wesley's in your face politicsthrough funk statement \"Damn Right, I Am Somebody\", Lyn Collins' smash hit \"Think (About It)\" and many more. These songs have been sampled in countless hip-hop songs over the years.Newcomers and diehard fans alike continue to dig into the James Brown and People Records vaults, and the more they do so, the more they realize that it's a nearly never-ending source of truly next-level funk and soul music. Thanks to the exhaustive efforts of Get On Down, this aural goodness will keep flowing to the public.","breadcrumb":{"@id":"https:\/\/wpguerssen-test.odoo.rgbconsulting.com\/es\/producto\/james-browns-funky-people-pt-1\/#breadcrumb"},"inLanguage":"es","potentialAction":[{"@type":"ReadAction","target":["https:\/\/wpguerssen-test.odoo.rgbconsulting.com\/es\/producto\/james-browns-funky-people-pt-1\/"]}]},{"@type":"ImageObject","inLanguage":"es","@id":"https:\/\/wpguerssen-test.odoo.rgbconsulting.com\/es\/producto\/james-browns-funky-people-pt-1\/#primaryimage","url":"https:\/\/wpguerssen-test.odoo.rgbconsulting.com\/wp-content\/uploads\/2024\/09\/48659.jpg","contentUrl":"https:\/\/wpguerssen-test.odoo.rgbconsulting.com\/wp-content\/uploads\/2024\/09\/48659.jpg","width":323,"height":322},{"@type":"BreadcrumbList","@id":"https:\/\/wpguerssen-test.odoo.rgbconsulting.com\/es\/producto\/james-browns-funky-people-pt-1\/#breadcrumb","itemListElement":[{"@type":"ListItem","position":1,"name":"Inicio","item":"https:\/\/wpguerssen-test.odoo.rgbconsulting.com\/es\/"},{"@type":"ListItem","position":2,"name":"Shop","item":"https:\/\/wpguerssen-test.odoo.rgbconsulting.com\/shop\/"},{"@type":"ListItem","position":3,"name":"James Brown&#8217;s Funky People Pt.1"}]},{"@type":"WebSite","@id":"https:\/\/wpguerssen-test.odoo.rgbconsulting.com\/es\/#website","url":"https:\/\/wpguerssen-test.odoo.rgbconsulting.com\/es\/","name":"Guerssen records","description":"psychedelia - progressive - folk - garage ","publisher":{"@id":"https:\/\/wpguerssen-test.odoo.rgbconsulting.com\/es\/#organization"},"potentialAction":[{"@type":"SearchAction","target":{"@type":"EntryPoint","urlTemplate":"https:\/\/wpguerssen-test.odoo.rgbconsulting.com\/es\/?s={search_term_string}"},"query-input":{"@type":"PropertyValueSpecification","valueRequired":true,"valueName":"search_term_string"}}],"inLanguage":"es"},{"@type":"Organization","@id":"https:\/\/wpguerssen-test.odoo.rgbconsulting.com\/es\/#organization","name":"Guerssen records","url":"https:\/\/wpguerssen-test.odoo.rgbconsulting.com\/es\/","logo":{"@type":"ImageObject","inLanguage":"es","@id":"https:\/\/wpguerssen-test.odoo.rgbconsulting.com\/es\/#\/schema\/logo\/image\/","url":"https:\/\/wpguerssen-test.odoo.rgbconsulting.com\/wp-content\/uploads\/2022\/04\/Logo_Guerssen_trans_100.png","contentUrl":"https:\/\/wpguerssen-test.odoo.rgbconsulting.com\/wp-content\/uploads\/2022\/04\/Logo_Guerssen_trans_100.png","width":122,"height":100,"caption":"Guerssen records"},"image":{"@id":"https:\/\/wpguerssen-test.odoo.rgbconsulting.com\/es\/#\/schema\/logo\/image\/"}}]}},"_links":{"self":[{"href":"https:\/\/wpguerssen-test.odoo.rgbconsulting.com\/es\/wp-json\/wp\/v2\/product\/275107","targetHints":{"allow":["GET"]}}],"collection":[{"href":"https:\/\/wpguerssen-test.odoo.rgbconsulting.com\/es\/wp-json\/wp\/v2\/product"}],"about":[{"href":"https:\/\/wpguerssen-test.odoo.rgbconsulting.com\/es\/wp-json\/wp\/v2\/types\/product"}],"wp:featuredmedia":[{"embeddable":true,"href":"https:\/\/wpguerssen-test.odoo.rgbconsulting.com\/es\/wp-json\/wp\/v2\/media\/275095"}],"wp:attachment":[{"href":"https:\/\/wpguerssen-test.odoo.rgbconsulting.com\/es\/wp-json\/wp\/v2\/media?parent=275107"}],"wp:term":[{"taxonomy":"product_brand","embeddable":true,"href":"https:\/\/wpguerssen-test.odoo.rgbconsulting.com\/es\/wp-json\/wp\/v2\/product_brand?post=275107"},{"taxonomy":"product_cat","embeddable":true,"href":"https:\/\/wpguerssen-test.odoo.rgbconsulting.com\/es\/wp-json\/wp\/v2\/product_cat?post=275107"},{"taxonomy":"product_tag","embeddable":true,"href":"https:\/\/wpguerssen-test.odoo.rgbconsulting.com\/es\/wp-json\/wp\/v2\/product_tag?post=275107"}],"curies":[{"name":"wp","href":"https:\/\/api.w.org\/{rel}","templated":true}]}}