{"id":275203,"date":"2024-11-27T00:00:00","date_gmt":"2024-11-26T23:00:00","guid":{"rendered":"https:\/\/wpguerssen-test.odoo.rgbconsulting.com\/product\/moor-room-cd\/"},"modified":"2025-03-03T16:19:15","modified_gmt":"2025-03-03T15:19:15","slug":"moor-room-cd","status":"publish","type":"product","link":"https:\/\/wpguerssen-test.odoo.rgbconsulting.com\/es\/producto\/moor-room-cd\/","title":{"rendered":"Moor Room (+CD)"},"content":{"rendered":"<p>&#8211; Edici\u00f3n especial 30 aniversario. LP+CD con secuencias originales y 5 temas extra. Incluye libreto de 12 p\u00e1ginas con fotos in\u00e9ditas y texto de Fernando Geg\u00fandez. Edici\u00f3n limitada a 500 copias.<br \/>&#8211;<<Una inquietante anomal\u00eda, resplandeciente, oportuna y muy necesaria, en constante ebullici\u00f3n, siempre fascinante, siempre \u00fanica>> (Rockdelux) \u00c1lbum nacional RDL 1994<br \/>&#8211;<<Moor rooM palpita exuberancia y posee esa fascinante profundidad de campo sonora y conceptual de la que adolecen la mayor\u00eda>> (Ruta 66)<br \/>Ahora que ya sumamos edad y cierta perspectiva, es cuando quiz\u00e1 podamos empezar a calibrar las cosas y confirmar nuestros viejos impulsos y sospechas. Cosas que son como son, hasta que descubrimos&#8230; otras cosas. Quiz\u00e1 sea un observatorio esculpido por un instinto de supervivencia y curiosidad, el que nos permita desentra\u00f1ar la transformaci\u00f3n de sonidos, conductas, ruidos y talantes, alrededor de las m\u00fasicas el\u00e9ctricas. Eso que hemos convenido en llamar y distinguir, a falta de otra nomenclatura, como rock&#8217;n&#8217;roll. Muchas de nuestras excitaciones provienen de un voyeurismo audi\u00f3filo en vibraci\u00f3n y alerta permanente. Y en cada pasaje hist\u00f3rico nos hemos dado de bruces con una feroz lucha entre la obsolescencia acomodada, cuando no calco sonrojante de lo previo, y la avanzadilla tendente a dicha alteraci\u00f3n s\u00f3nica. Hablamos del rock como ideal rom\u00e1ntico (underground) de vida, no como industria voraz o vana evocaci\u00f3n nost\u00e1lgica. Por si necesita aclaraci\u00f3n.<br \/>Acostumbrados, en ese extremo anguloso, a h\u00e9roes lejanos, ya se sabe Velvet Underground, Can, Stooges, Sonic Youth, Pere Ubu, Tom Verlaine, Johnny Thunders, Brian Eno, Low, Suicide, Spacemen 3, Gilla Band, Liars, The Fall, Animal Collective, The Gun Club, Drahla, Gong, y el etc\u00e9tera de cada uno; nunca nos hab\u00edamos sentido tan cerca geogr\u00e1fica y sentimentalmente como cuando apareci\u00f3 CANCER MOON. Ellos, como los citados, romp\u00edan con el rock formulario, para d\u00e9cadas despu\u00e9s seguir siendo paradigma de singularidad, osad\u00eda y peligro. Esencias y ra\u00edces de ese rock&#8217;n&#8217;roll, cuya ideolog\u00eda y naturaleza es ir siempre m\u00e1s all\u00e1. Sobre todo m\u00e1s all\u00e1 del propio rock&#8217;n&#8217;roll, al menos del ya prescrito y procesado, y de sus castrantes y solipsistas l\u00edmites. Es su salvavidas. Y el nuestro. Eludir esa responsabilidad crucial acercar\u00eda su \u00f3bito o descr\u00e9dito. Pero aguarda el resguardo de la vanguardia, y el est\u00edmulo del riesgo, a los que Yon Zamarripa y Josetxo Anitua se hicieron adictos, siempre desde una azotea ilustrada, un genio intuitivo y una entrega hasta corrosiva.<br \/>Reconocer aquel ideal rom\u00e1ntico del rock en una cornucopia de intercambios y variaciones desemboca, casi sin querer, en experimento, car\u00e1cter y diablura. Ah\u00ed se movieron Cancer Moon y esta su obra cumbre de 1994, que ahora disfrutamos de nuevo en su edici\u00f3n m\u00e1s cuidada, extendida y especial. No hace mucho alguien escribi\u00f3 que el romanticismo rock era travesura de occidentales malcriados. C\u00f3mo no reconocerse en algo tan preciso y cierto. Y a la vez tan impreciso e incierto cuando volvemos a sumergirnos con deleite en \u00abMoor Room\u00bb, brillante artefacto que congeniaba lo m\u00e1s visceral con lo m\u00e1s sagrado del ser humano, lo f\u00edsico con lo metaf\u00edsico.<\/p>\n","protected":false},"excerpt":{"rendered":"<p>&#8211; Edici\u00f3n especial 30 aniversario. LP+CD con secuencias originales y 5 temas extra. Incluye libreto de 12 p\u00e1ginas con fotos in\u00e9ditas y texto de Fernando Geg\u00fandez.<a class=\"read\" href=\"https:\/\/wpguerssen-test.odoo.rgbconsulting.com\/es\/producto\/moor-room-cd\/\"> (...)<\/a>","protected":false},"featured_media":275302,"template":"","meta":{"_acf_changed":false},"product_brand":[],"product_cat":[23234],"product_tag":[],"class_list":{"0":"post-275203","1":"product","2":"type-product","3":"status-publish","4":"has-post-thumbnail","6":"product_cat-pop-rock-es","7":"pa_artist-cancer-moon","8":"pa_format-lp-es","9":"pa_gender-pop-rock","10":"pa_label-hanky-panky","11":"pa_location-spain-es","12":"pa_other-filters-vinyl-only-es","14":"first","15":"instock","16":"taxable","17":"shipping-taxable","18":"purchasable","19":"product-type-simple"},"acf":[],"yoast_head":"<!-- This site is optimized with the Yoast SEO plugin v24.9 - https:\/\/yoast.com\/wordpress\/plugins\/seo\/ -->\n<title>CANCER MOON - Moor Room (+CD) -  (LP) | Guerssen<\/title>\n<meta name=\"description\" content=\"- Special 30th anniversary edition of cult Spanish underground rock band third and last album, &quot;Moor rooM&quot;.- LP+CD with original sequences and 5 extra tracks. Includes 12-page booklet with unpublished photos and text by Fernando Geg\u00fandez. Limited edition of 500 copies.- &lt;&gt; (Rockdelux) Selected as the Best national album 1994 by influential Rockdelux magazine.- &lt;&gt; (Ruta 66)Cancer Moon was a rock music group founded in Bilbao (Basque Country, Spain) in 1988. As a group they did not officially disband, but in 1996 they ceased their public activity.The group produced a sound between noise rock and alternative rock, which in those 90s began to emerge in Spain with groups like Surfin&#039; Bichos, 713avo Amor or The Pantano Boas. They are considered one of the founding groups of noise in Spain.1 Cancer Moon handled among their influences groups like The Velvet Underground, Sonic Youth or Television.They published three albums, each one on a different label due to their problems in finding a record company in which they fit: Hunted by the snake (1990), Flock, colibri, oil (1992) and Moor room (1994). The latter was chosen as the best national album of the year by the music magazine Rockdelux.\" \/>\n<meta name=\"robots\" content=\"index, follow, max-snippet:-1, max-image-preview:large, max-video-preview:-1\" \/>\n<link rel=\"canonical\" href=\"https:\/\/wpguerssen-test.odoo.rgbconsulting.com\/es\/producto\/moor-room-cd\/\" \/>\n<meta property=\"og:locale\" content=\"es_ES\" \/>\n<meta property=\"og:type\" content=\"article\" \/>\n<meta property=\"og:title\" content=\"CANCER MOON - Moor Room (+CD) -  (LP) | Guerssen\" \/>\n<meta property=\"og:description\" content=\"- Special 30th anniversary edition of cult Spanish underground rock band third and last album, &quot;Moor rooM&quot;.- LP+CD with original sequences and 5 extra tracks. Includes 12-page booklet with unpublished photos and text by Fernando Geg\u00fandez. Limited edition of 500 copies.- &lt;&gt; (Rockdelux) Selected as the Best national album 1994 by influential Rockdelux magazine.- &lt;&gt; (Ruta 66)Cancer Moon was a rock music group founded in Bilbao (Basque Country, Spain) in 1988. As a group they did not officially disband, but in 1996 they ceased their public activity.The group produced a sound between noise rock and alternative rock, which in those 90s began to emerge in Spain with groups like Surfin&#039; Bichos, 713avo Amor or The Pantano Boas. They are considered one of the founding groups of noise in Spain.1 Cancer Moon handled among their influences groups like The Velvet Underground, Sonic Youth or Television.They published three albums, each one on a different label due to their problems in finding a record company in which they fit: Hunted by the snake (1990), Flock, colibri, oil (1992) and Moor room (1994). The latter was chosen as the best national album of the year by the music magazine Rockdelux.\" \/>\n<meta property=\"og:url\" content=\"https:\/\/wpguerssen-test.odoo.rgbconsulting.com\/es\/producto\/moor-room-cd\/\" \/>\n<meta property=\"og:site_name\" content=\"Guerssen records\" \/>\n<meta property=\"article:modified_time\" content=\"2025-03-03T15:19:15+00:00\" \/>\n<meta property=\"og:image\" content=\"https:\/\/wpguerssen-test.odoo.rgbconsulting.com\/wp-content\/uploads\/2024\/09\/48665-scaled.jpg\" \/>\n\t<meta property=\"og:image:width\" content=\"2560\" \/>\n\t<meta property=\"og:image:height\" content=\"2560\" \/>\n\t<meta property=\"og:image:type\" content=\"image\/jpeg\" \/>\n<meta name=\"twitter:card\" content=\"summary_large_image\" \/>\n<meta name=\"twitter:title\" content=\"CANCER MOON - Moor Room (+CD) -  (LP) | Guerssen\" \/>\n<meta name=\"twitter:label1\" content=\"Tiempo de lectura\" \/>\n\t<meta name=\"twitter:data1\" content=\"2 minutos\" \/>\n<script type=\"application\/ld+json\" class=\"yoast-schema-graph\">{\"@context\":\"https:\/\/schema.org\",\"@graph\":[{\"@type\":\"WebPage\",\"@id\":\"https:\/\/wpguerssen-test.odoo.rgbconsulting.com\/es\/producto\/moor-room-cd\/\",\"url\":\"https:\/\/wpguerssen-test.odoo.rgbconsulting.com\/es\/producto\/moor-room-cd\/\",\"name\":\"CANCER MOON - Moor Room (+CD) - (LP) | Guerssen\",\"isPartOf\":{\"@id\":\"https:\/\/wpguerssen-test.odoo.rgbconsulting.com\/es\/#website\"},\"primaryImageOfPage\":{\"@id\":\"https:\/\/wpguerssen-test.odoo.rgbconsulting.com\/es\/producto\/moor-room-cd\/#primaryimage\"},\"image\":{\"@id\":\"https:\/\/wpguerssen-test.odoo.rgbconsulting.com\/es\/producto\/moor-room-cd\/#primaryimage\"},\"thumbnailUrl\":\"https:\/\/wpguerssen-test.odoo.rgbconsulting.com\/wp-content\/uploads\/2024\/09\/48665-scaled.jpg\",\"datePublished\":\"2024-11-26T23:00:00+00:00\",\"dateModified\":\"2025-03-03T15:19:15+00:00\",\"description\":\"- Special 30th anniversary edition of cult Spanish underground rock band third and last album, \\\"Moor rooM\\\".- LP+CD with original sequences and 5 extra tracks. Includes 12-page booklet with unpublished photos and text by Fernando Geg\u00fandez. Limited edition of 500 copies.- &lt;> (Rockdelux) Selected as the Best national album 1994 by influential Rockdelux magazine.- &lt;> (Ruta 66)Cancer Moon was a rock music group founded in Bilbao (Basque Country, Spain) in 1988. As a group they did not officially disband, but in 1996 they ceased their public activity.The group produced a sound between noise rock and alternative rock, which in those 90s began to emerge in Spain with groups like Surfin' Bichos, 713avo Amor or The Pantano Boas. They are considered one of the founding groups of noise in Spain.1 Cancer Moon handled among their influences groups like The Velvet Underground, Sonic Youth or Television.They published three albums, each one on a different label due to their problems in finding a record company in which they fit: Hunted by the snake (1990), Flock, colibri, oil (1992) and Moor room (1994). The latter was chosen as the best national album of the year by the music magazine Rockdelux.\",\"breadcrumb\":{\"@id\":\"https:\/\/wpguerssen-test.odoo.rgbconsulting.com\/es\/producto\/moor-room-cd\/#breadcrumb\"},\"inLanguage\":\"es\",\"potentialAction\":[{\"@type\":\"ReadAction\",\"target\":[\"https:\/\/wpguerssen-test.odoo.rgbconsulting.com\/es\/producto\/moor-room-cd\/\"]}]},{\"@type\":\"ImageObject\",\"inLanguage\":\"es\",\"@id\":\"https:\/\/wpguerssen-test.odoo.rgbconsulting.com\/es\/producto\/moor-room-cd\/#primaryimage\",\"url\":\"https:\/\/wpguerssen-test.odoo.rgbconsulting.com\/wp-content\/uploads\/2024\/09\/48665-scaled.jpg\",\"contentUrl\":\"https:\/\/wpguerssen-test.odoo.rgbconsulting.com\/wp-content\/uploads\/2024\/09\/48665-scaled.jpg\",\"width\":2560,\"height\":2560},{\"@type\":\"BreadcrumbList\",\"@id\":\"https:\/\/wpguerssen-test.odoo.rgbconsulting.com\/es\/producto\/moor-room-cd\/#breadcrumb\",\"itemListElement\":[{\"@type\":\"ListItem\",\"position\":1,\"name\":\"Inicio\",\"item\":\"https:\/\/wpguerssen-test.odoo.rgbconsulting.com\/es\/\"},{\"@type\":\"ListItem\",\"position\":2,\"name\":\"Shop\",\"item\":\"https:\/\/wpguerssen-test.odoo.rgbconsulting.com\/shop\/\"},{\"@type\":\"ListItem\",\"position\":3,\"name\":\"Moor Room (+CD)\"}]},{\"@type\":\"WebSite\",\"@id\":\"https:\/\/wpguerssen-test.odoo.rgbconsulting.com\/es\/#website\",\"url\":\"https:\/\/wpguerssen-test.odoo.rgbconsulting.com\/es\/\",\"name\":\"Guerssen records\",\"description\":\"psychedelia - progressive - folk - garage \",\"publisher\":{\"@id\":\"https:\/\/wpguerssen-test.odoo.rgbconsulting.com\/es\/#organization\"},\"potentialAction\":[{\"@type\":\"SearchAction\",\"target\":{\"@type\":\"EntryPoint\",\"urlTemplate\":\"https:\/\/wpguerssen-test.odoo.rgbconsulting.com\/es\/?s={search_term_string}\"},\"query-input\":{\"@type\":\"PropertyValueSpecification\",\"valueRequired\":true,\"valueName\":\"search_term_string\"}}],\"inLanguage\":\"es\"},{\"@type\":\"Organization\",\"@id\":\"https:\/\/wpguerssen-test.odoo.rgbconsulting.com\/es\/#organization\",\"name\":\"Guerssen records\",\"url\":\"https:\/\/wpguerssen-test.odoo.rgbconsulting.com\/es\/\",\"logo\":{\"@type\":\"ImageObject\",\"inLanguage\":\"es\",\"@id\":\"https:\/\/wpguerssen-test.odoo.rgbconsulting.com\/es\/#\/schema\/logo\/image\/\",\"url\":\"https:\/\/wpguerssen-test.odoo.rgbconsulting.com\/wp-content\/uploads\/2022\/04\/Logo_Guerssen_trans_100.png\",\"contentUrl\":\"https:\/\/wpguerssen-test.odoo.rgbconsulting.com\/wp-content\/uploads\/2022\/04\/Logo_Guerssen_trans_100.png\",\"width\":122,\"height\":100,\"caption\":\"Guerssen records\"},\"image\":{\"@id\":\"https:\/\/wpguerssen-test.odoo.rgbconsulting.com\/es\/#\/schema\/logo\/image\/\"}}]}<\/script>\n<!-- \/ Yoast SEO plugin. -->","yoast_head_json":{"title":"CANCER MOON - Moor Room (+CD) -  (LP) | Guerssen","description":"- Special 30th anniversary edition of cult Spanish underground rock band third and last album, \"Moor rooM\".- LP+CD with original sequences and 5 extra tracks. Includes 12-page booklet with unpublished photos and text by Fernando Geg\u00fandez. Limited edition of 500 copies.- &lt;> (Rockdelux) Selected as the Best national album 1994 by influential Rockdelux magazine.- &lt;> (Ruta 66)Cancer Moon was a rock music group founded in Bilbao (Basque Country, Spain) in 1988. As a group they did not officially disband, but in 1996 they ceased their public activity.The group produced a sound between noise rock and alternative rock, which in those 90s began to emerge in Spain with groups like Surfin' Bichos, 713avo Amor or The Pantano Boas. They are considered one of the founding groups of noise in Spain.1 Cancer Moon handled among their influences groups like The Velvet Underground, Sonic Youth or Television.They published three albums, each one on a different label due to their problems in finding a record company in which they fit: Hunted by the snake (1990), Flock, colibri, oil (1992) and Moor room (1994). The latter was chosen as the best national album of the year by the music magazine Rockdelux.","robots":{"index":"index","follow":"follow","max-snippet":"max-snippet:-1","max-image-preview":"max-image-preview:large","max-video-preview":"max-video-preview:-1"},"canonical":"https:\/\/wpguerssen-test.odoo.rgbconsulting.com\/es\/producto\/moor-room-cd\/","og_locale":"es_ES","og_type":"article","og_title":"CANCER MOON - Moor Room (+CD) -  (LP) | Guerssen","og_description":"- Special 30th anniversary edition of cult Spanish underground rock band third and last album, \"Moor rooM\".- LP+CD with original sequences and 5 extra tracks. Includes 12-page booklet with unpublished photos and text by Fernando Geg\u00fandez. Limited edition of 500 copies.- &lt;> (Rockdelux) Selected as the Best national album 1994 by influential Rockdelux magazine.- &lt;> (Ruta 66)Cancer Moon was a rock music group founded in Bilbao (Basque Country, Spain) in 1988. As a group they did not officially disband, but in 1996 they ceased their public activity.The group produced a sound between noise rock and alternative rock, which in those 90s began to emerge in Spain with groups like Surfin' Bichos, 713avo Amor or The Pantano Boas. They are considered one of the founding groups of noise in Spain.1 Cancer Moon handled among their influences groups like The Velvet Underground, Sonic Youth or Television.They published three albums, each one on a different label due to their problems in finding a record company in which they fit: Hunted by the snake (1990), Flock, colibri, oil (1992) and Moor room (1994). The latter was chosen as the best national album of the year by the music magazine Rockdelux.","og_url":"https:\/\/wpguerssen-test.odoo.rgbconsulting.com\/es\/producto\/moor-room-cd\/","og_site_name":"Guerssen records","article_modified_time":"2025-03-03T15:19:15+00:00","og_image":[{"width":2560,"height":2560,"url":"https:\/\/wpguerssen-test.odoo.rgbconsulting.com\/wp-content\/uploads\/2024\/09\/48665-scaled.jpg","type":"image\/jpeg"}],"twitter_card":"summary_large_image","twitter_title":"CANCER MOON - Moor Room (+CD) -  (LP) | Guerssen","twitter_misc":{"Tiempo de lectura":"2 minutos"},"schema":{"@context":"https:\/\/schema.org","@graph":[{"@type":"WebPage","@id":"https:\/\/wpguerssen-test.odoo.rgbconsulting.com\/es\/producto\/moor-room-cd\/","url":"https:\/\/wpguerssen-test.odoo.rgbconsulting.com\/es\/producto\/moor-room-cd\/","name":"CANCER MOON - Moor Room (+CD) - (LP) | Guerssen","isPartOf":{"@id":"https:\/\/wpguerssen-test.odoo.rgbconsulting.com\/es\/#website"},"primaryImageOfPage":{"@id":"https:\/\/wpguerssen-test.odoo.rgbconsulting.com\/es\/producto\/moor-room-cd\/#primaryimage"},"image":{"@id":"https:\/\/wpguerssen-test.odoo.rgbconsulting.com\/es\/producto\/moor-room-cd\/#primaryimage"},"thumbnailUrl":"https:\/\/wpguerssen-test.odoo.rgbconsulting.com\/wp-content\/uploads\/2024\/09\/48665-scaled.jpg","datePublished":"2024-11-26T23:00:00+00:00","dateModified":"2025-03-03T15:19:15+00:00","description":"- Special 30th anniversary edition of cult Spanish underground rock band third and last album, \"Moor rooM\".- LP+CD with original sequences and 5 extra tracks. Includes 12-page booklet with unpublished photos and text by Fernando Geg\u00fandez. Limited edition of 500 copies.- &lt;> (Rockdelux) Selected as the Best national album 1994 by influential Rockdelux magazine.- &lt;> (Ruta 66)Cancer Moon was a rock music group founded in Bilbao (Basque Country, Spain) in 1988. As a group they did not officially disband, but in 1996 they ceased their public activity.The group produced a sound between noise rock and alternative rock, which in those 90s began to emerge in Spain with groups like Surfin' Bichos, 713avo Amor or The Pantano Boas. They are considered one of the founding groups of noise in Spain.1 Cancer Moon handled among their influences groups like The Velvet Underground, Sonic Youth or Television.They published three albums, each one on a different label due to their problems in finding a record company in which they fit: Hunted by the snake (1990), Flock, colibri, oil (1992) and Moor room (1994). The latter was chosen as the best national album of the year by the music magazine Rockdelux.","breadcrumb":{"@id":"https:\/\/wpguerssen-test.odoo.rgbconsulting.com\/es\/producto\/moor-room-cd\/#breadcrumb"},"inLanguage":"es","potentialAction":[{"@type":"ReadAction","target":["https:\/\/wpguerssen-test.odoo.rgbconsulting.com\/es\/producto\/moor-room-cd\/"]}]},{"@type":"ImageObject","inLanguage":"es","@id":"https:\/\/wpguerssen-test.odoo.rgbconsulting.com\/es\/producto\/moor-room-cd\/#primaryimage","url":"https:\/\/wpguerssen-test.odoo.rgbconsulting.com\/wp-content\/uploads\/2024\/09\/48665-scaled.jpg","contentUrl":"https:\/\/wpguerssen-test.odoo.rgbconsulting.com\/wp-content\/uploads\/2024\/09\/48665-scaled.jpg","width":2560,"height":2560},{"@type":"BreadcrumbList","@id":"https:\/\/wpguerssen-test.odoo.rgbconsulting.com\/es\/producto\/moor-room-cd\/#breadcrumb","itemListElement":[{"@type":"ListItem","position":1,"name":"Inicio","item":"https:\/\/wpguerssen-test.odoo.rgbconsulting.com\/es\/"},{"@type":"ListItem","position":2,"name":"Shop","item":"https:\/\/wpguerssen-test.odoo.rgbconsulting.com\/shop\/"},{"@type":"ListItem","position":3,"name":"Moor Room (+CD)"}]},{"@type":"WebSite","@id":"https:\/\/wpguerssen-test.odoo.rgbconsulting.com\/es\/#website","url":"https:\/\/wpguerssen-test.odoo.rgbconsulting.com\/es\/","name":"Guerssen records","description":"psychedelia - progressive - folk - garage ","publisher":{"@id":"https:\/\/wpguerssen-test.odoo.rgbconsulting.com\/es\/#organization"},"potentialAction":[{"@type":"SearchAction","target":{"@type":"EntryPoint","urlTemplate":"https:\/\/wpguerssen-test.odoo.rgbconsulting.com\/es\/?s={search_term_string}"},"query-input":{"@type":"PropertyValueSpecification","valueRequired":true,"valueName":"search_term_string"}}],"inLanguage":"es"},{"@type":"Organization","@id":"https:\/\/wpguerssen-test.odoo.rgbconsulting.com\/es\/#organization","name":"Guerssen records","url":"https:\/\/wpguerssen-test.odoo.rgbconsulting.com\/es\/","logo":{"@type":"ImageObject","inLanguage":"es","@id":"https:\/\/wpguerssen-test.odoo.rgbconsulting.com\/es\/#\/schema\/logo\/image\/","url":"https:\/\/wpguerssen-test.odoo.rgbconsulting.com\/wp-content\/uploads\/2022\/04\/Logo_Guerssen_trans_100.png","contentUrl":"https:\/\/wpguerssen-test.odoo.rgbconsulting.com\/wp-content\/uploads\/2022\/04\/Logo_Guerssen_trans_100.png","width":122,"height":100,"caption":"Guerssen records"},"image":{"@id":"https:\/\/wpguerssen-test.odoo.rgbconsulting.com\/es\/#\/schema\/logo\/image\/"}}]}},"_links":{"self":[{"href":"https:\/\/wpguerssen-test.odoo.rgbconsulting.com\/es\/wp-json\/wp\/v2\/product\/275203","targetHints":{"allow":["GET"]}}],"collection":[{"href":"https:\/\/wpguerssen-test.odoo.rgbconsulting.com\/es\/wp-json\/wp\/v2\/product"}],"about":[{"href":"https:\/\/wpguerssen-test.odoo.rgbconsulting.com\/es\/wp-json\/wp\/v2\/types\/product"}],"wp:featuredmedia":[{"embeddable":true,"href":"https:\/\/wpguerssen-test.odoo.rgbconsulting.com\/es\/wp-json\/wp\/v2\/media\/275302"}],"wp:attachment":[{"href":"https:\/\/wpguerssen-test.odoo.rgbconsulting.com\/es\/wp-json\/wp\/v2\/media?parent=275203"}],"wp:term":[{"taxonomy":"product_brand","embeddable":true,"href":"https:\/\/wpguerssen-test.odoo.rgbconsulting.com\/es\/wp-json\/wp\/v2\/product_brand?post=275203"},{"taxonomy":"product_cat","embeddable":true,"href":"https:\/\/wpguerssen-test.odoo.rgbconsulting.com\/es\/wp-json\/wp\/v2\/product_cat?post=275203"},{"taxonomy":"product_tag","embeddable":true,"href":"https:\/\/wpguerssen-test.odoo.rgbconsulting.com\/es\/wp-json\/wp\/v2\/product_tag?post=275203"}],"curies":[{"name":"wp","href":"https:\/\/api.w.org\/{rel}","templated":true}]}}