{"id":275379,"date":"2025-03-21T00:00:00","date_gmt":"2025-03-20T23:00:00","guid":{"rendered":"https:\/\/wpguerssen-test.odoo.rgbconsulting.com\/product\/war-demos\/"},"modified":"2025-04-29T13:36:03","modified_gmt":"2025-04-29T11:36:03","slug":"war-demos","status":"publish","type":"product","link":"https:\/\/wpguerssen-test.odoo.rgbconsulting.com\/es\/producto\/war-demos\/","title":{"rendered":"War Demos"},"content":{"rendered":"<p>World War, una recopilaci\u00f3n de demos poco comunes que toma su nombre del primer sencillo seminal de la banda, que aparece en una versi\u00f3n particular, cruda, sin restricciones y agotadora en esta colecci\u00f3n. Un sonido que define la est\u00e9tica general. \u00c1spero y listo pero lleno de energ\u00eda, el enorme hit &#8216;Boys Don&#8217;t Cry&#8217; se siente m\u00e1s \u00edntimo como resultado, &#8216;Fire In Cairo&#8217; posiblemente m\u00e1s punk, &#8216;M&#8217; m\u00e1s New Romantic y &#8216;Heroin Face&#8217; menos comprometedor que nunca antes. Si todo esto le parece una tonter\u00eda, le imploramos que escuche y vea lo que piensa: al final, lo inteligente es que estemos de acuerdo.<br \/>TRACKLIST:<br \/>A1 Boys Don&#8217;t Cry A2 It&#8217;s Not You A3 Killing An Arab A4 10:15 Saturday Night A5 Fire In Cairo B1 World War B2 At Night B3 M B4 Heroin Face B5 Charlotte Sometimes<\/p>\n","protected":false},"excerpt":{"rendered":"<p>World War, una recopilaci\u00f3n de demos poco comunes que toma su nombre del primer sencillo seminal de la banda, que aparece en una versi\u00f3n particular, cruda, sin restricciones<a class=\"read\" href=\"https:\/\/wpguerssen-test.odoo.rgbconsulting.com\/es\/producto\/war-demos\/\"> (...)<\/a>","protected":false},"featured_media":275339,"template":"","meta":{"_acf_changed":false},"product_brand":[],"product_cat":[23235,23222],"product_tag":[24185],"class_list":{"0":"post-275379","1":"product","2":"type-product","3":"status-publish","4":"has-post-thumbnail","6":"product_cat-post-punk-es","7":"product_cat-goth-darkwave-minima-es","8":"product_tag-de-nuevo-en-existencia","9":"pa_artist-cure-the-es","10":"pa_format-lp-es","11":"pa_gender-goth-darkwave-minima-post-punk","12":"pa_label-swingshift-records","13":"pa_location-uk-ireland-es","14":"pa_other-filters-vinyl-only-es","16":"first","17":"instock","18":"taxable","19":"shipping-taxable","20":"purchasable","21":"product-type-simple"},"acf":[],"yoast_head":"<!-- This site is optimized with the Yoast SEO plugin v24.9 - https:\/\/yoast.com\/wordpress\/plugins\/seo\/ -->\n<title>CURE, The - War Demos -  (LP) | Guerssen<\/title>\n<meta name=\"description\" content=\"Just when you thought you&#039;d heard Robert Smith and The Cure every which way but bad, we discover more from their huge back catalogue. This time in the form of World War, a compilation of rare demos that takes its name for the band&#039;s seminal early single, which appears in a particular raw and unfettered, grinding version on this collection. A sound that defines the overall aesthetic. Rough and ready but packed full of energy, the huge landmark &#039;Boys Don&#039;t Cry&#039; feels more intimate as a result, &#039;Fire In Cairo&#039; arguably more punk, &#039;M&#039; more New Romantic, and &#039;Heroin Face&#039; less compromising than ever before. If all that sounds like bullshit talking, we implore you to take a listen and see what you think - the smart money is on us agreeing in the end.TRACKLIST:A1 Boys Don&#039;t Cry A2 It&#039;s Not You A3 Killing An Arab A4 10:15 Saturday Night A5 Fire In Cairo B1 World War B2 At Night B3 M B4 Heroin Face B5 Charlotte Sometimes\" \/>\n<meta name=\"robots\" content=\"index, follow, max-snippet:-1, max-image-preview:large, max-video-preview:-1\" \/>\n<link rel=\"canonical\" href=\"https:\/\/wpguerssen-test.odoo.rgbconsulting.com\/es\/producto\/war-demos\/\" \/>\n<meta property=\"og:locale\" content=\"es_ES\" \/>\n<meta property=\"og:type\" content=\"article\" \/>\n<meta property=\"og:title\" content=\"CURE, The - War Demos -  (LP) | Guerssen\" \/>\n<meta property=\"og:description\" content=\"Just when you thought you&#039;d heard Robert Smith and The Cure every which way but bad, we discover more from their huge back catalogue. This time in the form of World War, a compilation of rare demos that takes its name for the band&#039;s seminal early single, which appears in a particular raw and unfettered, grinding version on this collection. A sound that defines the overall aesthetic. Rough and ready but packed full of energy, the huge landmark &#039;Boys Don&#039;t Cry&#039; feels more intimate as a result, &#039;Fire In Cairo&#039; arguably more punk, &#039;M&#039; more New Romantic, and &#039;Heroin Face&#039; less compromising than ever before. If all that sounds like bullshit talking, we implore you to take a listen and see what you think - the smart money is on us agreeing in the end.TRACKLIST:A1 Boys Don&#039;t Cry A2 It&#039;s Not You A3 Killing An Arab A4 10:15 Saturday Night A5 Fire In Cairo B1 World War B2 At Night B3 M B4 Heroin Face B5 Charlotte Sometimes\" \/>\n<meta property=\"og:url\" content=\"https:\/\/wpguerssen-test.odoo.rgbconsulting.com\/es\/producto\/war-demos\/\" \/>\n<meta property=\"og:site_name\" content=\"Guerssen records\" \/>\n<meta property=\"article:modified_time\" content=\"2025-04-29T11:36:03+00:00\" \/>\n<meta property=\"og:image\" content=\"https:\/\/wpguerssen-test.odoo.rgbconsulting.com\/wp-content\/uploads\/2024\/09\/48681.jpg\" \/>\n\t<meta property=\"og:image:width\" content=\"600\" \/>\n\t<meta property=\"og:image:height\" content=\"623\" \/>\n\t<meta property=\"og:image:type\" content=\"image\/jpeg\" \/>\n<meta name=\"twitter:card\" content=\"summary_large_image\" \/>\n<meta name=\"twitter:title\" content=\"CURE, The - War Demos -  (LP) | Guerssen\" \/>\n<meta name=\"twitter:label1\" content=\"Tiempo de lectura\" \/>\n\t<meta name=\"twitter:data1\" content=\"1 minuto\" \/>\n<script type=\"application\/ld+json\" class=\"yoast-schema-graph\">{\"@context\":\"https:\/\/schema.org\",\"@graph\":[{\"@type\":\"WebPage\",\"@id\":\"https:\/\/wpguerssen-test.odoo.rgbconsulting.com\/es\/producto\/war-demos\/\",\"url\":\"https:\/\/wpguerssen-test.odoo.rgbconsulting.com\/es\/producto\/war-demos\/\",\"name\":\"CURE, The - War Demos - (LP) | Guerssen\",\"isPartOf\":{\"@id\":\"https:\/\/wpguerssen-test.odoo.rgbconsulting.com\/es\/#website\"},\"primaryImageOfPage\":{\"@id\":\"https:\/\/wpguerssen-test.odoo.rgbconsulting.com\/es\/producto\/war-demos\/#primaryimage\"},\"image\":{\"@id\":\"https:\/\/wpguerssen-test.odoo.rgbconsulting.com\/es\/producto\/war-demos\/#primaryimage\"},\"thumbnailUrl\":\"https:\/\/wpguerssen-test.odoo.rgbconsulting.com\/wp-content\/uploads\/2024\/09\/48681.jpg\",\"datePublished\":\"2025-03-20T23:00:00+00:00\",\"dateModified\":\"2025-04-29T11:36:03+00:00\",\"description\":\"Just when you thought you'd heard Robert Smith and The Cure every which way but bad, we discover more from their huge back catalogue. This time in the form of World War, a compilation of rare demos that takes its name for the band's seminal early single, which appears in a particular raw and unfettered, grinding version on this collection. A sound that defines the overall aesthetic. Rough and ready but packed full of energy, the huge landmark 'Boys Don't Cry' feels more intimate as a result, 'Fire In Cairo' arguably more punk, 'M' more New Romantic, and 'Heroin Face' less compromising than ever before. If all that sounds like bullshit talking, we implore you to take a listen and see what you think - the smart money is on us agreeing in the end.TRACKLIST:A1 Boys Don't Cry A2 It's Not You A3 Killing An Arab A4 10:15 Saturday Night A5 Fire In Cairo B1 World War B2 At Night B3 M B4 Heroin Face B5 Charlotte Sometimes\",\"breadcrumb\":{\"@id\":\"https:\/\/wpguerssen-test.odoo.rgbconsulting.com\/es\/producto\/war-demos\/#breadcrumb\"},\"inLanguage\":\"es\",\"potentialAction\":[{\"@type\":\"ReadAction\",\"target\":[\"https:\/\/wpguerssen-test.odoo.rgbconsulting.com\/es\/producto\/war-demos\/\"]}]},{\"@type\":\"ImageObject\",\"inLanguage\":\"es\",\"@id\":\"https:\/\/wpguerssen-test.odoo.rgbconsulting.com\/es\/producto\/war-demos\/#primaryimage\",\"url\":\"https:\/\/wpguerssen-test.odoo.rgbconsulting.com\/wp-content\/uploads\/2024\/09\/48681.jpg\",\"contentUrl\":\"https:\/\/wpguerssen-test.odoo.rgbconsulting.com\/wp-content\/uploads\/2024\/09\/48681.jpg\",\"width\":600,\"height\":623,\"caption\":\"The - War Demos - SWINGSHIFT RECORDS (LP) | Guerssen\"},{\"@type\":\"BreadcrumbList\",\"@id\":\"https:\/\/wpguerssen-test.odoo.rgbconsulting.com\/es\/producto\/war-demos\/#breadcrumb\",\"itemListElement\":[{\"@type\":\"ListItem\",\"position\":1,\"name\":\"Inicio\",\"item\":\"https:\/\/wpguerssen-test.odoo.rgbconsulting.com\/es\/\"},{\"@type\":\"ListItem\",\"position\":2,\"name\":\"Shop\",\"item\":\"https:\/\/wpguerssen-test.odoo.rgbconsulting.com\/shop\/\"},{\"@type\":\"ListItem\",\"position\":3,\"name\":\"War Demos\"}]},{\"@type\":\"WebSite\",\"@id\":\"https:\/\/wpguerssen-test.odoo.rgbconsulting.com\/es\/#website\",\"url\":\"https:\/\/wpguerssen-test.odoo.rgbconsulting.com\/es\/\",\"name\":\"Guerssen records\",\"description\":\"psychedelia - progressive - folk - garage \",\"publisher\":{\"@id\":\"https:\/\/wpguerssen-test.odoo.rgbconsulting.com\/es\/#organization\"},\"potentialAction\":[{\"@type\":\"SearchAction\",\"target\":{\"@type\":\"EntryPoint\",\"urlTemplate\":\"https:\/\/wpguerssen-test.odoo.rgbconsulting.com\/es\/?s={search_term_string}\"},\"query-input\":{\"@type\":\"PropertyValueSpecification\",\"valueRequired\":true,\"valueName\":\"search_term_string\"}}],\"inLanguage\":\"es\"},{\"@type\":\"Organization\",\"@id\":\"https:\/\/wpguerssen-test.odoo.rgbconsulting.com\/es\/#organization\",\"name\":\"Guerssen records\",\"url\":\"https:\/\/wpguerssen-test.odoo.rgbconsulting.com\/es\/\",\"logo\":{\"@type\":\"ImageObject\",\"inLanguage\":\"es\",\"@id\":\"https:\/\/wpguerssen-test.odoo.rgbconsulting.com\/es\/#\/schema\/logo\/image\/\",\"url\":\"https:\/\/wpguerssen-test.odoo.rgbconsulting.com\/wp-content\/uploads\/2022\/04\/Logo_Guerssen_trans_100.png\",\"contentUrl\":\"https:\/\/wpguerssen-test.odoo.rgbconsulting.com\/wp-content\/uploads\/2022\/04\/Logo_Guerssen_trans_100.png\",\"width\":122,\"height\":100,\"caption\":\"Guerssen records\"},\"image\":{\"@id\":\"https:\/\/wpguerssen-test.odoo.rgbconsulting.com\/es\/#\/schema\/logo\/image\/\"}}]}<\/script>\n<!-- \/ Yoast SEO plugin. -->","yoast_head_json":{"title":"CURE, The - War Demos -  (LP) | Guerssen","description":"Just when you thought you'd heard Robert Smith and The Cure every which way but bad, we discover more from their huge back catalogue. This time in the form of World War, a compilation of rare demos that takes its name for the band's seminal early single, which appears in a particular raw and unfettered, grinding version on this collection. A sound that defines the overall aesthetic. Rough and ready but packed full of energy, the huge landmark 'Boys Don't Cry' feels more intimate as a result, 'Fire In Cairo' arguably more punk, 'M' more New Romantic, and 'Heroin Face' less compromising than ever before. If all that sounds like bullshit talking, we implore you to take a listen and see what you think - the smart money is on us agreeing in the end.TRACKLIST:A1 Boys Don't Cry A2 It's Not You A3 Killing An Arab A4 10:15 Saturday Night A5 Fire In Cairo B1 World War B2 At Night B3 M B4 Heroin Face B5 Charlotte Sometimes","robots":{"index":"index","follow":"follow","max-snippet":"max-snippet:-1","max-image-preview":"max-image-preview:large","max-video-preview":"max-video-preview:-1"},"canonical":"https:\/\/wpguerssen-test.odoo.rgbconsulting.com\/es\/producto\/war-demos\/","og_locale":"es_ES","og_type":"article","og_title":"CURE, The - War Demos -  (LP) | Guerssen","og_description":"Just when you thought you'd heard Robert Smith and The Cure every which way but bad, we discover more from their huge back catalogue. This time in the form of World War, a compilation of rare demos that takes its name for the band's seminal early single, which appears in a particular raw and unfettered, grinding version on this collection. A sound that defines the overall aesthetic. Rough and ready but packed full of energy, the huge landmark 'Boys Don't Cry' feels more intimate as a result, 'Fire In Cairo' arguably more punk, 'M' more New Romantic, and 'Heroin Face' less compromising than ever before. If all that sounds like bullshit talking, we implore you to take a listen and see what you think - the smart money is on us agreeing in the end.TRACKLIST:A1 Boys Don't Cry A2 It's Not You A3 Killing An Arab A4 10:15 Saturday Night A5 Fire In Cairo B1 World War B2 At Night B3 M B4 Heroin Face B5 Charlotte Sometimes","og_url":"https:\/\/wpguerssen-test.odoo.rgbconsulting.com\/es\/producto\/war-demos\/","og_site_name":"Guerssen records","article_modified_time":"2025-04-29T11:36:03+00:00","og_image":[{"width":600,"height":623,"url":"https:\/\/wpguerssen-test.odoo.rgbconsulting.com\/wp-content\/uploads\/2024\/09\/48681.jpg","type":"image\/jpeg"}],"twitter_card":"summary_large_image","twitter_title":"CURE, The - War Demos -  (LP) | Guerssen","twitter_misc":{"Tiempo de lectura":"1 minuto"},"schema":{"@context":"https:\/\/schema.org","@graph":[{"@type":"WebPage","@id":"https:\/\/wpguerssen-test.odoo.rgbconsulting.com\/es\/producto\/war-demos\/","url":"https:\/\/wpguerssen-test.odoo.rgbconsulting.com\/es\/producto\/war-demos\/","name":"CURE, The - War Demos - (LP) | Guerssen","isPartOf":{"@id":"https:\/\/wpguerssen-test.odoo.rgbconsulting.com\/es\/#website"},"primaryImageOfPage":{"@id":"https:\/\/wpguerssen-test.odoo.rgbconsulting.com\/es\/producto\/war-demos\/#primaryimage"},"image":{"@id":"https:\/\/wpguerssen-test.odoo.rgbconsulting.com\/es\/producto\/war-demos\/#primaryimage"},"thumbnailUrl":"https:\/\/wpguerssen-test.odoo.rgbconsulting.com\/wp-content\/uploads\/2024\/09\/48681.jpg","datePublished":"2025-03-20T23:00:00+00:00","dateModified":"2025-04-29T11:36:03+00:00","description":"Just when you thought you'd heard Robert Smith and The Cure every which way but bad, we discover more from their huge back catalogue. This time in the form of World War, a compilation of rare demos that takes its name for the band's seminal early single, which appears in a particular raw and unfettered, grinding version on this collection. A sound that defines the overall aesthetic. Rough and ready but packed full of energy, the huge landmark 'Boys Don't Cry' feels more intimate as a result, 'Fire In Cairo' arguably more punk, 'M' more New Romantic, and 'Heroin Face' less compromising than ever before. If all that sounds like bullshit talking, we implore you to take a listen and see what you think - the smart money is on us agreeing in the end.TRACKLIST:A1 Boys Don't Cry A2 It's Not You A3 Killing An Arab A4 10:15 Saturday Night A5 Fire In Cairo B1 World War B2 At Night B3 M B4 Heroin Face B5 Charlotte Sometimes","breadcrumb":{"@id":"https:\/\/wpguerssen-test.odoo.rgbconsulting.com\/es\/producto\/war-demos\/#breadcrumb"},"inLanguage":"es","potentialAction":[{"@type":"ReadAction","target":["https:\/\/wpguerssen-test.odoo.rgbconsulting.com\/es\/producto\/war-demos\/"]}]},{"@type":"ImageObject","inLanguage":"es","@id":"https:\/\/wpguerssen-test.odoo.rgbconsulting.com\/es\/producto\/war-demos\/#primaryimage","url":"https:\/\/wpguerssen-test.odoo.rgbconsulting.com\/wp-content\/uploads\/2024\/09\/48681.jpg","contentUrl":"https:\/\/wpguerssen-test.odoo.rgbconsulting.com\/wp-content\/uploads\/2024\/09\/48681.jpg","width":600,"height":623,"caption":"The - War Demos - SWINGSHIFT RECORDS (LP) | Guerssen"},{"@type":"BreadcrumbList","@id":"https:\/\/wpguerssen-test.odoo.rgbconsulting.com\/es\/producto\/war-demos\/#breadcrumb","itemListElement":[{"@type":"ListItem","position":1,"name":"Inicio","item":"https:\/\/wpguerssen-test.odoo.rgbconsulting.com\/es\/"},{"@type":"ListItem","position":2,"name":"Shop","item":"https:\/\/wpguerssen-test.odoo.rgbconsulting.com\/shop\/"},{"@type":"ListItem","position":3,"name":"War Demos"}]},{"@type":"WebSite","@id":"https:\/\/wpguerssen-test.odoo.rgbconsulting.com\/es\/#website","url":"https:\/\/wpguerssen-test.odoo.rgbconsulting.com\/es\/","name":"Guerssen records","description":"psychedelia - progressive - folk - garage ","publisher":{"@id":"https:\/\/wpguerssen-test.odoo.rgbconsulting.com\/es\/#organization"},"potentialAction":[{"@type":"SearchAction","target":{"@type":"EntryPoint","urlTemplate":"https:\/\/wpguerssen-test.odoo.rgbconsulting.com\/es\/?s={search_term_string}"},"query-input":{"@type":"PropertyValueSpecification","valueRequired":true,"valueName":"search_term_string"}}],"inLanguage":"es"},{"@type":"Organization","@id":"https:\/\/wpguerssen-test.odoo.rgbconsulting.com\/es\/#organization","name":"Guerssen records","url":"https:\/\/wpguerssen-test.odoo.rgbconsulting.com\/es\/","logo":{"@type":"ImageObject","inLanguage":"es","@id":"https:\/\/wpguerssen-test.odoo.rgbconsulting.com\/es\/#\/schema\/logo\/image\/","url":"https:\/\/wpguerssen-test.odoo.rgbconsulting.com\/wp-content\/uploads\/2022\/04\/Logo_Guerssen_trans_100.png","contentUrl":"https:\/\/wpguerssen-test.odoo.rgbconsulting.com\/wp-content\/uploads\/2022\/04\/Logo_Guerssen_trans_100.png","width":122,"height":100,"caption":"Guerssen records"},"image":{"@id":"https:\/\/wpguerssen-test.odoo.rgbconsulting.com\/es\/#\/schema\/logo\/image\/"}}]}},"_links":{"self":[{"href":"https:\/\/wpguerssen-test.odoo.rgbconsulting.com\/es\/wp-json\/wp\/v2\/product\/275379","targetHints":{"allow":["GET"]}}],"collection":[{"href":"https:\/\/wpguerssen-test.odoo.rgbconsulting.com\/es\/wp-json\/wp\/v2\/product"}],"about":[{"href":"https:\/\/wpguerssen-test.odoo.rgbconsulting.com\/es\/wp-json\/wp\/v2\/types\/product"}],"wp:featuredmedia":[{"embeddable":true,"href":"https:\/\/wpguerssen-test.odoo.rgbconsulting.com\/es\/wp-json\/wp\/v2\/media\/275339"}],"wp:attachment":[{"href":"https:\/\/wpguerssen-test.odoo.rgbconsulting.com\/es\/wp-json\/wp\/v2\/media?parent=275379"}],"wp:term":[{"taxonomy":"product_brand","embeddable":true,"href":"https:\/\/wpguerssen-test.odoo.rgbconsulting.com\/es\/wp-json\/wp\/v2\/product_brand?post=275379"},{"taxonomy":"product_cat","embeddable":true,"href":"https:\/\/wpguerssen-test.odoo.rgbconsulting.com\/es\/wp-json\/wp\/v2\/product_cat?post=275379"},{"taxonomy":"product_tag","embeddable":true,"href":"https:\/\/wpguerssen-test.odoo.rgbconsulting.com\/es\/wp-json\/wp\/v2\/product_tag?post=275379"}],"curies":[{"name":"wp","href":"https:\/\/api.w.org\/{rel}","templated":true}]}}