{"id":275381,"date":"2024-09-27T00:00:00","date_gmt":"2024-09-26T22:00:00","guid":{"rendered":"https:\/\/wpguerssen-test.odoo.rgbconsulting.com\/product\/rip-rig-panic-limited-edition\/"},"modified":"2025-02-17T16:44:01","modified_gmt":"2025-02-17T15:44:01","slug":"rip-rig-panic-limited-edition","status":"publish","type":"product","link":"https:\/\/wpguerssen-test.odoo.rgbconsulting.com\/es\/producto\/rip-rig-panic-limited-edition\/","title":{"rendered":"Rip, Rig &#038; Panic (Limited Edition)"},"content":{"rendered":"<p>Grabado en 1965 en el estudio de Rudy Van Gelder en Nueva Jersey, el \u00e1lbum Rip, Rig and Panic de Roland Kirk lo encuentra junto con la secci\u00f3n r\u00edtmica m\u00e1s incre\u00edble con la que jam\u00e1s haya grabado: el pianista Jaki Byard, el bajista Richard Davis y el baterista Elvin Jones.<br \/> Recibi\u00f3 una calificaci\u00f3n de 5 estrellas en AllMusic, y el cr\u00edtico Thom Jurek afirm\u00f3 que \u00abRip, Rig, and Panic puede ser la mejor salida de Roland Kirk antes de Rahsaan. Kirk y su cuarteto atravesaron una serie de cambios musicol\u00f3gicos que lo definieron como artista en ese momento. Cinco de las siete composiciones son suyas y abarcan cada una de las fases que Kirk estaba interesado en integrar en su voz compositiva e improvisadora. Positivamente aplastante\u00bb.<\/p>\n","protected":false},"excerpt":{"rendered":"<p>Grabado en 1965 en el estudio de Rudy Van Gelder en Nueva Jersey, el \u00e1lbum Rip, Rig and Panic de Roland Kirk lo encuentra junto con la secci\u00f3n r\u00edtmica m\u00e1s incre\u00edble<a class=\"read\" href=\"https:\/\/wpguerssen-test.odoo.rgbconsulting.com\/es\/producto\/rip-rig-panic-limited-edition\/\"> (...)<\/a>","protected":false},"featured_media":275345,"template":"","meta":{"_acf_changed":false},"product_brand":[],"product_cat":[23227],"product_tag":[],"class_list":{"0":"post-275381","1":"product","2":"type-product","3":"status-publish","4":"has-post-thumbnail","6":"product_cat-jazz-es","7":"pa_artist-kirk-roland","8":"pa_format-lp-es","9":"pa_gender-jazz","10":"pa_label-elemental-music","11":"pa_location-north-america-es","12":"pa_other-filters-vinyl-only-es","14":"first","15":"instock","16":"taxable","17":"shipping-taxable","18":"purchasable","19":"product-type-simple"},"acf":[],"yoast_head":"<!-- This site is optimized with the Yoast SEO plugin v24.9 - https:\/\/yoast.com\/wordpress\/plugins\/seo\/ -->\n<title>KIRK, Roland - Rip, Rig &amp; Panic (Limited Edition) -  (LP) | Guerssen<\/title>\n<meta name=\"description\" content=\"Recorded in 1965 at Rudy Van Gelder&#039;s studio in New Jersey, Roland Kirk&#039;s album Rip, Rig and Panic finds him teamed with the most awesome rhythm section he ever recorded with: pianist Jaki Byard, bassist Richard Davis, and drummer Elvin Jones.It received a 5 stars rating on AllMusic, with reviewer Thom Jurek stating that &quot;Rip, Rig, and Panic may be pre-Rahsaan Roland Kirk&#039;s greatest outing. Kirk and his quartet moved through a series of musicological changes that defined him as an artist at the time. Five of the seven compositions are his, and reach through each of the phases that Kirk was interested in integrating into his compositional and improvisational voice. Positively smashing.&quot;\" \/>\n<meta name=\"robots\" content=\"index, follow, max-snippet:-1, max-image-preview:large, max-video-preview:-1\" \/>\n<link rel=\"canonical\" href=\"https:\/\/wpguerssen-test.odoo.rgbconsulting.com\/es\/producto\/rip-rig-panic-limited-edition\/\" \/>\n<meta property=\"og:locale\" content=\"es_ES\" \/>\n<meta property=\"og:type\" content=\"article\" \/>\n<meta property=\"og:title\" content=\"KIRK, Roland - Rip, Rig &amp; Panic (Limited Edition) -  (LP) | Guerssen\" \/>\n<meta property=\"og:description\" content=\"Recorded in 1965 at Rudy Van Gelder&#039;s studio in New Jersey, Roland Kirk&#039;s album Rip, Rig and Panic finds him teamed with the most awesome rhythm section he ever recorded with: pianist Jaki Byard, bassist Richard Davis, and drummer Elvin Jones.It received a 5 stars rating on AllMusic, with reviewer Thom Jurek stating that &quot;Rip, Rig, and Panic may be pre-Rahsaan Roland Kirk&#039;s greatest outing. Kirk and his quartet moved through a series of musicological changes that defined him as an artist at the time. Five of the seven compositions are his, and reach through each of the phases that Kirk was interested in integrating into his compositional and improvisational voice. Positively smashing.&quot;\" \/>\n<meta property=\"og:url\" content=\"https:\/\/wpguerssen-test.odoo.rgbconsulting.com\/es\/producto\/rip-rig-panic-limited-edition\/\" \/>\n<meta property=\"og:site_name\" content=\"Guerssen records\" \/>\n<meta property=\"article:modified_time\" content=\"2025-02-17T15:44:01+00:00\" \/>\n<meta property=\"og:image\" content=\"https:\/\/wpguerssen-test.odoo.rgbconsulting.com\/wp-content\/uploads\/2024\/09\/48683.jpg\" \/>\n\t<meta property=\"og:image:width\" content=\"327\" \/>\n\t<meta property=\"og:image:height\" content=\"327\" \/>\n\t<meta property=\"og:image:type\" content=\"image\/jpeg\" \/>\n<meta name=\"twitter:card\" content=\"summary_large_image\" \/>\n<meta name=\"twitter:title\" content=\"KIRK, Roland - Rip, Rig &amp; Panic (Limited Edition) -  (LP) | Guerssen\" \/>\n<meta name=\"twitter:label1\" content=\"Tiempo de lectura\" \/>\n\t<meta name=\"twitter:data1\" content=\"1 minuto\" \/>\n<script type=\"application\/ld+json\" class=\"yoast-schema-graph\">{\"@context\":\"https:\/\/schema.org\",\"@graph\":[{\"@type\":\"WebPage\",\"@id\":\"https:\/\/wpguerssen-test.odoo.rgbconsulting.com\/es\/producto\/rip-rig-panic-limited-edition\/\",\"url\":\"https:\/\/wpguerssen-test.odoo.rgbconsulting.com\/es\/producto\/rip-rig-panic-limited-edition\/\",\"name\":\"KIRK, Roland - Rip, Rig & Panic (Limited Edition) - (LP) | Guerssen\",\"isPartOf\":{\"@id\":\"https:\/\/wpguerssen-test.odoo.rgbconsulting.com\/es\/#website\"},\"primaryImageOfPage\":{\"@id\":\"https:\/\/wpguerssen-test.odoo.rgbconsulting.com\/es\/producto\/rip-rig-panic-limited-edition\/#primaryimage\"},\"image\":{\"@id\":\"https:\/\/wpguerssen-test.odoo.rgbconsulting.com\/es\/producto\/rip-rig-panic-limited-edition\/#primaryimage\"},\"thumbnailUrl\":\"https:\/\/wpguerssen-test.odoo.rgbconsulting.com\/wp-content\/uploads\/2024\/09\/48683.jpg\",\"datePublished\":\"2024-09-26T22:00:00+00:00\",\"dateModified\":\"2025-02-17T15:44:01+00:00\",\"description\":\"Recorded in 1965 at Rudy Van Gelder's studio in New Jersey, Roland Kirk's album Rip, Rig and Panic finds him teamed with the most awesome rhythm section he ever recorded with: pianist Jaki Byard, bassist Richard Davis, and drummer Elvin Jones.It received a 5 stars rating on AllMusic, with reviewer Thom Jurek stating that \\\"Rip, Rig, and Panic may be pre-Rahsaan Roland Kirk's greatest outing. Kirk and his quartet moved through a series of musicological changes that defined him as an artist at the time. Five of the seven compositions are his, and reach through each of the phases that Kirk was interested in integrating into his compositional and improvisational voice. Positively smashing.\\\"\",\"breadcrumb\":{\"@id\":\"https:\/\/wpguerssen-test.odoo.rgbconsulting.com\/es\/producto\/rip-rig-panic-limited-edition\/#breadcrumb\"},\"inLanguage\":\"es\",\"potentialAction\":[{\"@type\":\"ReadAction\",\"target\":[\"https:\/\/wpguerssen-test.odoo.rgbconsulting.com\/es\/producto\/rip-rig-panic-limited-edition\/\"]}]},{\"@type\":\"ImageObject\",\"inLanguage\":\"es\",\"@id\":\"https:\/\/wpguerssen-test.odoo.rgbconsulting.com\/es\/producto\/rip-rig-panic-limited-edition\/#primaryimage\",\"url\":\"https:\/\/wpguerssen-test.odoo.rgbconsulting.com\/wp-content\/uploads\/2024\/09\/48683.jpg\",\"contentUrl\":\"https:\/\/wpguerssen-test.odoo.rgbconsulting.com\/wp-content\/uploads\/2024\/09\/48683.jpg\",\"width\":327,\"height\":327,\"caption\":\"Roland - Rip\"},{\"@type\":\"BreadcrumbList\",\"@id\":\"https:\/\/wpguerssen-test.odoo.rgbconsulting.com\/es\/producto\/rip-rig-panic-limited-edition\/#breadcrumb\",\"itemListElement\":[{\"@type\":\"ListItem\",\"position\":1,\"name\":\"Inicio\",\"item\":\"https:\/\/wpguerssen-test.odoo.rgbconsulting.com\/es\/\"},{\"@type\":\"ListItem\",\"position\":2,\"name\":\"Shop\",\"item\":\"https:\/\/wpguerssen-test.odoo.rgbconsulting.com\/shop\/\"},{\"@type\":\"ListItem\",\"position\":3,\"name\":\"Rip, Rig &#038; Panic (Limited Edition)\"}]},{\"@type\":\"WebSite\",\"@id\":\"https:\/\/wpguerssen-test.odoo.rgbconsulting.com\/es\/#website\",\"url\":\"https:\/\/wpguerssen-test.odoo.rgbconsulting.com\/es\/\",\"name\":\"Guerssen records\",\"description\":\"psychedelia - progressive - folk - garage \",\"publisher\":{\"@id\":\"https:\/\/wpguerssen-test.odoo.rgbconsulting.com\/es\/#organization\"},\"potentialAction\":[{\"@type\":\"SearchAction\",\"target\":{\"@type\":\"EntryPoint\",\"urlTemplate\":\"https:\/\/wpguerssen-test.odoo.rgbconsulting.com\/es\/?s={search_term_string}\"},\"query-input\":{\"@type\":\"PropertyValueSpecification\",\"valueRequired\":true,\"valueName\":\"search_term_string\"}}],\"inLanguage\":\"es\"},{\"@type\":\"Organization\",\"@id\":\"https:\/\/wpguerssen-test.odoo.rgbconsulting.com\/es\/#organization\",\"name\":\"Guerssen records\",\"url\":\"https:\/\/wpguerssen-test.odoo.rgbconsulting.com\/es\/\",\"logo\":{\"@type\":\"ImageObject\",\"inLanguage\":\"es\",\"@id\":\"https:\/\/wpguerssen-test.odoo.rgbconsulting.com\/es\/#\/schema\/logo\/image\/\",\"url\":\"https:\/\/wpguerssen-test.odoo.rgbconsulting.com\/wp-content\/uploads\/2022\/04\/Logo_Guerssen_trans_100.png\",\"contentUrl\":\"https:\/\/wpguerssen-test.odoo.rgbconsulting.com\/wp-content\/uploads\/2022\/04\/Logo_Guerssen_trans_100.png\",\"width\":122,\"height\":100,\"caption\":\"Guerssen records\"},\"image\":{\"@id\":\"https:\/\/wpguerssen-test.odoo.rgbconsulting.com\/es\/#\/schema\/logo\/image\/\"}}]}<\/script>\n<!-- \/ Yoast SEO plugin. -->","yoast_head_json":{"title":"KIRK, Roland - Rip, Rig & Panic (Limited Edition) -  (LP) | Guerssen","description":"Recorded in 1965 at Rudy Van Gelder's studio in New Jersey, Roland Kirk's album Rip, Rig and Panic finds him teamed with the most awesome rhythm section he ever recorded with: pianist Jaki Byard, bassist Richard Davis, and drummer Elvin Jones.It received a 5 stars rating on AllMusic, with reviewer Thom Jurek stating that \"Rip, Rig, and Panic may be pre-Rahsaan Roland Kirk's greatest outing. Kirk and his quartet moved through a series of musicological changes that defined him as an artist at the time. Five of the seven compositions are his, and reach through each of the phases that Kirk was interested in integrating into his compositional and improvisational voice. Positively smashing.\"","robots":{"index":"index","follow":"follow","max-snippet":"max-snippet:-1","max-image-preview":"max-image-preview:large","max-video-preview":"max-video-preview:-1"},"canonical":"https:\/\/wpguerssen-test.odoo.rgbconsulting.com\/es\/producto\/rip-rig-panic-limited-edition\/","og_locale":"es_ES","og_type":"article","og_title":"KIRK, Roland - Rip, Rig & Panic (Limited Edition) -  (LP) | Guerssen","og_description":"Recorded in 1965 at Rudy Van Gelder's studio in New Jersey, Roland Kirk's album Rip, Rig and Panic finds him teamed with the most awesome rhythm section he ever recorded with: pianist Jaki Byard, bassist Richard Davis, and drummer Elvin Jones.It received a 5 stars rating on AllMusic, with reviewer Thom Jurek stating that \"Rip, Rig, and Panic may be pre-Rahsaan Roland Kirk's greatest outing. Kirk and his quartet moved through a series of musicological changes that defined him as an artist at the time. Five of the seven compositions are his, and reach through each of the phases that Kirk was interested in integrating into his compositional and improvisational voice. Positively smashing.\"","og_url":"https:\/\/wpguerssen-test.odoo.rgbconsulting.com\/es\/producto\/rip-rig-panic-limited-edition\/","og_site_name":"Guerssen records","article_modified_time":"2025-02-17T15:44:01+00:00","og_image":[{"width":327,"height":327,"url":"https:\/\/wpguerssen-test.odoo.rgbconsulting.com\/wp-content\/uploads\/2024\/09\/48683.jpg","type":"image\/jpeg"}],"twitter_card":"summary_large_image","twitter_title":"KIRK, Roland - Rip, Rig & Panic (Limited Edition) -  (LP) | Guerssen","twitter_misc":{"Tiempo de lectura":"1 minuto"},"schema":{"@context":"https:\/\/schema.org","@graph":[{"@type":"WebPage","@id":"https:\/\/wpguerssen-test.odoo.rgbconsulting.com\/es\/producto\/rip-rig-panic-limited-edition\/","url":"https:\/\/wpguerssen-test.odoo.rgbconsulting.com\/es\/producto\/rip-rig-panic-limited-edition\/","name":"KIRK, Roland - Rip, Rig & Panic (Limited Edition) - (LP) | Guerssen","isPartOf":{"@id":"https:\/\/wpguerssen-test.odoo.rgbconsulting.com\/es\/#website"},"primaryImageOfPage":{"@id":"https:\/\/wpguerssen-test.odoo.rgbconsulting.com\/es\/producto\/rip-rig-panic-limited-edition\/#primaryimage"},"image":{"@id":"https:\/\/wpguerssen-test.odoo.rgbconsulting.com\/es\/producto\/rip-rig-panic-limited-edition\/#primaryimage"},"thumbnailUrl":"https:\/\/wpguerssen-test.odoo.rgbconsulting.com\/wp-content\/uploads\/2024\/09\/48683.jpg","datePublished":"2024-09-26T22:00:00+00:00","dateModified":"2025-02-17T15:44:01+00:00","description":"Recorded in 1965 at Rudy Van Gelder's studio in New Jersey, Roland Kirk's album Rip, Rig and Panic finds him teamed with the most awesome rhythm section he ever recorded with: pianist Jaki Byard, bassist Richard Davis, and drummer Elvin Jones.It received a 5 stars rating on AllMusic, with reviewer Thom Jurek stating that \"Rip, Rig, and Panic may be pre-Rahsaan Roland Kirk's greatest outing. Kirk and his quartet moved through a series of musicological changes that defined him as an artist at the time. Five of the seven compositions are his, and reach through each of the phases that Kirk was interested in integrating into his compositional and improvisational voice. Positively smashing.\"","breadcrumb":{"@id":"https:\/\/wpguerssen-test.odoo.rgbconsulting.com\/es\/producto\/rip-rig-panic-limited-edition\/#breadcrumb"},"inLanguage":"es","potentialAction":[{"@type":"ReadAction","target":["https:\/\/wpguerssen-test.odoo.rgbconsulting.com\/es\/producto\/rip-rig-panic-limited-edition\/"]}]},{"@type":"ImageObject","inLanguage":"es","@id":"https:\/\/wpguerssen-test.odoo.rgbconsulting.com\/es\/producto\/rip-rig-panic-limited-edition\/#primaryimage","url":"https:\/\/wpguerssen-test.odoo.rgbconsulting.com\/wp-content\/uploads\/2024\/09\/48683.jpg","contentUrl":"https:\/\/wpguerssen-test.odoo.rgbconsulting.com\/wp-content\/uploads\/2024\/09\/48683.jpg","width":327,"height":327,"caption":"Roland - Rip"},{"@type":"BreadcrumbList","@id":"https:\/\/wpguerssen-test.odoo.rgbconsulting.com\/es\/producto\/rip-rig-panic-limited-edition\/#breadcrumb","itemListElement":[{"@type":"ListItem","position":1,"name":"Inicio","item":"https:\/\/wpguerssen-test.odoo.rgbconsulting.com\/es\/"},{"@type":"ListItem","position":2,"name":"Shop","item":"https:\/\/wpguerssen-test.odoo.rgbconsulting.com\/shop\/"},{"@type":"ListItem","position":3,"name":"Rip, Rig &#038; Panic (Limited Edition)"}]},{"@type":"WebSite","@id":"https:\/\/wpguerssen-test.odoo.rgbconsulting.com\/es\/#website","url":"https:\/\/wpguerssen-test.odoo.rgbconsulting.com\/es\/","name":"Guerssen records","description":"psychedelia - progressive - folk - garage ","publisher":{"@id":"https:\/\/wpguerssen-test.odoo.rgbconsulting.com\/es\/#organization"},"potentialAction":[{"@type":"SearchAction","target":{"@type":"EntryPoint","urlTemplate":"https:\/\/wpguerssen-test.odoo.rgbconsulting.com\/es\/?s={search_term_string}"},"query-input":{"@type":"PropertyValueSpecification","valueRequired":true,"valueName":"search_term_string"}}],"inLanguage":"es"},{"@type":"Organization","@id":"https:\/\/wpguerssen-test.odoo.rgbconsulting.com\/es\/#organization","name":"Guerssen records","url":"https:\/\/wpguerssen-test.odoo.rgbconsulting.com\/es\/","logo":{"@type":"ImageObject","inLanguage":"es","@id":"https:\/\/wpguerssen-test.odoo.rgbconsulting.com\/es\/#\/schema\/logo\/image\/","url":"https:\/\/wpguerssen-test.odoo.rgbconsulting.com\/wp-content\/uploads\/2022\/04\/Logo_Guerssen_trans_100.png","contentUrl":"https:\/\/wpguerssen-test.odoo.rgbconsulting.com\/wp-content\/uploads\/2022\/04\/Logo_Guerssen_trans_100.png","width":122,"height":100,"caption":"Guerssen records"},"image":{"@id":"https:\/\/wpguerssen-test.odoo.rgbconsulting.com\/es\/#\/schema\/logo\/image\/"}}]}},"_links":{"self":[{"href":"https:\/\/wpguerssen-test.odoo.rgbconsulting.com\/es\/wp-json\/wp\/v2\/product\/275381","targetHints":{"allow":["GET"]}}],"collection":[{"href":"https:\/\/wpguerssen-test.odoo.rgbconsulting.com\/es\/wp-json\/wp\/v2\/product"}],"about":[{"href":"https:\/\/wpguerssen-test.odoo.rgbconsulting.com\/es\/wp-json\/wp\/v2\/types\/product"}],"wp:featuredmedia":[{"embeddable":true,"href":"https:\/\/wpguerssen-test.odoo.rgbconsulting.com\/es\/wp-json\/wp\/v2\/media\/275345"}],"wp:attachment":[{"href":"https:\/\/wpguerssen-test.odoo.rgbconsulting.com\/es\/wp-json\/wp\/v2\/media?parent=275381"}],"wp:term":[{"taxonomy":"product_brand","embeddable":true,"href":"https:\/\/wpguerssen-test.odoo.rgbconsulting.com\/es\/wp-json\/wp\/v2\/product_brand?post=275381"},{"taxonomy":"product_cat","embeddable":true,"href":"https:\/\/wpguerssen-test.odoo.rgbconsulting.com\/es\/wp-json\/wp\/v2\/product_cat?post=275381"},{"taxonomy":"product_tag","embeddable":true,"href":"https:\/\/wpguerssen-test.odoo.rgbconsulting.com\/es\/wp-json\/wp\/v2\/product_tag?post=275381"}],"curies":[{"name":"wp","href":"https:\/\/api.w.org\/{rel}","templated":true}]}}