{"id":275389,"date":"2024-09-27T00:00:00","date_gmt":"2024-09-26T22:00:00","guid":{"rendered":"https:\/\/wpguerssen-test.odoo.rgbconsulting.com\/product\/wisdom-through-music-limited-edition\/"},"modified":"2025-04-07T16:02:39","modified_gmt":"2025-04-07T14:02:39","slug":"wisdom-through-music-limited-edition","status":"publish","type":"product","link":"https:\/\/wpguerssen-test.odoo.rgbconsulting.com\/es\/producto\/wisdom-through-music-limited-edition\/","title":{"rendered":"Wisdom Through Music (Limited Edition)"},"content":{"rendered":"<p>Edici\u00f3n en Vinilo de 180 gramos. Cubierta plegable. Grabado en la ciudad de Nueva York y Los \u00c1ngeles, California, y lanzado en 1973 por Impulse!. En Wisdom Through Music a Sanders se unen el flautista James Branch, el pianista Joe Bonner, el bajista Cecil McBee, el baterista Norman Connors y los percusionistas Badal Roy, James Mtume y Lawrence Killian. Consta de cinco pistas. Lo m\u00e1s notable es \u00abHigh Life\u00bb, en la que Sanders emula el estilo musical de \u00c1frica occidental con tambores y cantos turbulentos y festivos, y una flauta asesina. \u00abLove Is Everywhere\u00bb es una versi\u00f3n m\u00e1s corta de lo que ahora es un est\u00e1ndar de interpretaci\u00f3n de Sanders; apareci\u00f3 completo en Love in Us All lanzado en 1974. Su crudeza y sentimiento simplemente brotan del marco musical con celebraci\u00f3n antes de que Bonner y el conjunto tomen el control y lo rompan.<br \/>La canci\u00f3n principal es un zumbido lento y meditativo. Pieza similar con abundante percusi\u00f3n de Roy y un magn\u00edfico trabajo de arco de McBee. \u00abThe Golden Lamp\u00bb de Bonner est\u00e1 dirigida por McBee, Branch y un instrumento no acreditado que recuerda a la kora y\/o un oud. Cierra con \u00abSelffulness\u00bb, de casi 11 minutos, una improvisaci\u00f3n que comienza como un canto cantado y se extiende hacia otra org\u00eda de celebraci\u00f3n de Sanders con un excelente tenor, as\u00ed como una animada interacci\u00f3n con Bonner y los percusionistas. Estas dos grabaciones van juntas y crean un todo convincente, que revela un cap\u00edtulo en la historia grabada de Sanders. (AllMusicGuide)<\/p>\n","protected":false},"excerpt":{"rendered":"<p>Edici\u00f3n en Vinilo de 180 gramos. Cubierta plegable. Grabado en la ciudad de Nueva York y Los \u00c1ngeles, California, y lanzado en 1973 por Impulse!. En Wisdom Through<a class=\"read\" href=\"https:\/\/wpguerssen-test.odoo.rgbconsulting.com\/es\/producto\/wisdom-through-music-limited-edition\/\"> (...)<\/a>","protected":false},"featured_media":275369,"template":"","meta":{"_acf_changed":false},"product_brand":[],"product_cat":[23227],"product_tag":[],"class_list":{"0":"post-275389","1":"product","2":"type-product","3":"status-publish","4":"has-post-thumbnail","6":"product_cat-jazz-es","7":"pa_artist-sanders-pharoah-es","8":"pa_format-lp-es","9":"pa_gender-jazz","10":"pa_label-elemental-music","11":"pa_location-north-america-es","12":"pa_other-filters-vinyl-only-es","14":"first","15":"instock","16":"taxable","17":"shipping-taxable","18":"purchasable","19":"product-type-simple"},"acf":[],"yoast_head":"<!-- This site is optimized with the Yoast SEO plugin v24.9 - https:\/\/yoast.com\/wordpress\/plugins\/seo\/ -->\n<title>SANDERS, Pharoah - Wisdom Through Music (Limited Edition) -  (LP) | Guerssen<\/title>\n<meta name=\"description\" content=\"180 gram Vinyl Edition. Gatefold Cover. Recorded in New York City and Los Angeles, California, and was released in 1973 by Impulse! Records. Wisdom Through Music, with its smaller line-up - Sanders is joined by flutist James Branch, pianist Joe Bonner, bassist Cecil McBee, drummer Norman Connors, and percussionists Badal Roy, James Mtume, and Lawrence Killian. - consists of five tracks. Most notable is &quot;High Life,&quot; on which Sanders emulates the West African style of music with roiling, celebratory drumming and singing, and killer flute playing. &quot;Love Is Everywhere&quot; is a shorter version of what is now a Sanders performance standard; it appeared in full on Love in Us All released in 1974. Its rawness and soulfulness simply burst from the musical frame with celebration before Bonner and the ensemble take over and rip it up.The title track is a slow, meditative, drone-like piece with abundant percussion by Roy and gorgeous arco work from McBee. Bonner&#039;s &quot;The Golden Lamp&quot; is driven by McBee, Branch, and an uncredited instrument reminiscent of kora and\/or an oud. It closes with the nearly 11-minute &quot;Selflessness,&quot; a jam that begins as a sung chant and sprawls out into another Sanders orgy of celebration with excellent tenor blowing, as well as spirited interplay with Bonner and the percussionists. These two recordings belong together, and create a compelling whole, revealing a compelling chapter in Sanders recorded history. (AllMusicGuide)\" \/>\n<meta name=\"robots\" content=\"index, follow, max-snippet:-1, max-image-preview:large, max-video-preview:-1\" \/>\n<link rel=\"canonical\" href=\"https:\/\/wpguerssen-test.odoo.rgbconsulting.com\/es\/producto\/wisdom-through-music-limited-edition\/\" \/>\n<meta property=\"og:locale\" content=\"es_ES\" \/>\n<meta property=\"og:type\" content=\"article\" \/>\n<meta property=\"og:title\" content=\"SANDERS, Pharoah - Wisdom Through Music (Limited Edition) -  (LP) | Guerssen\" \/>\n<meta property=\"og:description\" content=\"180 gram Vinyl Edition. Gatefold Cover. Recorded in New York City and Los Angeles, California, and was released in 1973 by Impulse! Records. Wisdom Through Music, with its smaller line-up - Sanders is joined by flutist James Branch, pianist Joe Bonner, bassist Cecil McBee, drummer Norman Connors, and percussionists Badal Roy, James Mtume, and Lawrence Killian. - consists of five tracks. Most notable is &quot;High Life,&quot; on which Sanders emulates the West African style of music with roiling, celebratory drumming and singing, and killer flute playing. &quot;Love Is Everywhere&quot; is a shorter version of what is now a Sanders performance standard; it appeared in full on Love in Us All released in 1974. Its rawness and soulfulness simply burst from the musical frame with celebration before Bonner and the ensemble take over and rip it up.The title track is a slow, meditative, drone-like piece with abundant percussion by Roy and gorgeous arco work from McBee. Bonner&#039;s &quot;The Golden Lamp&quot; is driven by McBee, Branch, and an uncredited instrument reminiscent of kora and\/or an oud. It closes with the nearly 11-minute &quot;Selflessness,&quot; a jam that begins as a sung chant and sprawls out into another Sanders orgy of celebration with excellent tenor blowing, as well as spirited interplay with Bonner and the percussionists. These two recordings belong together, and create a compelling whole, revealing a compelling chapter in Sanders recorded history. (AllMusicGuide)\" \/>\n<meta property=\"og:url\" content=\"https:\/\/wpguerssen-test.odoo.rgbconsulting.com\/es\/producto\/wisdom-through-music-limited-edition\/\" \/>\n<meta property=\"og:site_name\" content=\"Guerssen records\" \/>\n<meta property=\"article:modified_time\" content=\"2025-04-07T14:02:39+00:00\" \/>\n<meta property=\"og:image\" content=\"https:\/\/wpguerssen-test.odoo.rgbconsulting.com\/wp-content\/uploads\/2024\/09\/48693.jpg\" \/>\n\t<meta property=\"og:image:width\" content=\"328\" \/>\n\t<meta property=\"og:image:height\" content=\"328\" \/>\n\t<meta property=\"og:image:type\" content=\"image\/jpeg\" \/>\n<meta name=\"twitter:card\" content=\"summary_large_image\" \/>\n<meta name=\"twitter:title\" content=\"SANDERS, Pharoah - Wisdom Through Music (Limited Edition) -  (LP) | Guerssen\" \/>\n<meta name=\"twitter:label1\" content=\"Tiempo de lectura\" \/>\n\t<meta name=\"twitter:data1\" content=\"1 minuto\" \/>\n<script type=\"application\/ld+json\" class=\"yoast-schema-graph\">{\"@context\":\"https:\/\/schema.org\",\"@graph\":[{\"@type\":\"WebPage\",\"@id\":\"https:\/\/wpguerssen-test.odoo.rgbconsulting.com\/es\/producto\/wisdom-through-music-limited-edition\/\",\"url\":\"https:\/\/wpguerssen-test.odoo.rgbconsulting.com\/es\/producto\/wisdom-through-music-limited-edition\/\",\"name\":\"SANDERS, Pharoah - Wisdom Through Music (Limited Edition) - (LP) | Guerssen\",\"isPartOf\":{\"@id\":\"https:\/\/wpguerssen-test.odoo.rgbconsulting.com\/es\/#website\"},\"primaryImageOfPage\":{\"@id\":\"https:\/\/wpguerssen-test.odoo.rgbconsulting.com\/es\/producto\/wisdom-through-music-limited-edition\/#primaryimage\"},\"image\":{\"@id\":\"https:\/\/wpguerssen-test.odoo.rgbconsulting.com\/es\/producto\/wisdom-through-music-limited-edition\/#primaryimage\"},\"thumbnailUrl\":\"https:\/\/wpguerssen-test.odoo.rgbconsulting.com\/wp-content\/uploads\/2024\/09\/48693.jpg\",\"datePublished\":\"2024-09-26T22:00:00+00:00\",\"dateModified\":\"2025-04-07T14:02:39+00:00\",\"description\":\"180 gram Vinyl Edition. Gatefold Cover. Recorded in New York City and Los Angeles, California, and was released in 1973 by Impulse! Records. Wisdom Through Music, with its smaller line-up - Sanders is joined by flutist James Branch, pianist Joe Bonner, bassist Cecil McBee, drummer Norman Connors, and percussionists Badal Roy, James Mtume, and Lawrence Killian. - consists of five tracks. Most notable is \\\"High Life,\\\" on which Sanders emulates the West African style of music with roiling, celebratory drumming and singing, and killer flute playing. \\\"Love Is Everywhere\\\" is a shorter version of what is now a Sanders performance standard; it appeared in full on Love in Us All released in 1974. Its rawness and soulfulness simply burst from the musical frame with celebration before Bonner and the ensemble take over and rip it up.The title track is a slow, meditative, drone-like piece with abundant percussion by Roy and gorgeous arco work from McBee. Bonner's \\\"The Golden Lamp\\\" is driven by McBee, Branch, and an uncredited instrument reminiscent of kora and\/or an oud. It closes with the nearly 11-minute \\\"Selflessness,\\\" a jam that begins as a sung chant and sprawls out into another Sanders orgy of celebration with excellent tenor blowing, as well as spirited interplay with Bonner and the percussionists. These two recordings belong together, and create a compelling whole, revealing a compelling chapter in Sanders recorded history. (AllMusicGuide)\",\"breadcrumb\":{\"@id\":\"https:\/\/wpguerssen-test.odoo.rgbconsulting.com\/es\/producto\/wisdom-through-music-limited-edition\/#breadcrumb\"},\"inLanguage\":\"es\",\"potentialAction\":[{\"@type\":\"ReadAction\",\"target\":[\"https:\/\/wpguerssen-test.odoo.rgbconsulting.com\/es\/producto\/wisdom-through-music-limited-edition\/\"]}]},{\"@type\":\"ImageObject\",\"inLanguage\":\"es\",\"@id\":\"https:\/\/wpguerssen-test.odoo.rgbconsulting.com\/es\/producto\/wisdom-through-music-limited-edition\/#primaryimage\",\"url\":\"https:\/\/wpguerssen-test.odoo.rgbconsulting.com\/wp-content\/uploads\/2024\/09\/48693.jpg\",\"contentUrl\":\"https:\/\/wpguerssen-test.odoo.rgbconsulting.com\/wp-content\/uploads\/2024\/09\/48693.jpg\",\"width\":328,\"height\":328,\"caption\":\"Pharoah - Wisdom Through Music (Limited Edition) - ELEMENTAL MUSIC (LP) | Guerssen\"},{\"@type\":\"BreadcrumbList\",\"@id\":\"https:\/\/wpguerssen-test.odoo.rgbconsulting.com\/es\/producto\/wisdom-through-music-limited-edition\/#breadcrumb\",\"itemListElement\":[{\"@type\":\"ListItem\",\"position\":1,\"name\":\"Inicio\",\"item\":\"https:\/\/wpguerssen-test.odoo.rgbconsulting.com\/es\/\"},{\"@type\":\"ListItem\",\"position\":2,\"name\":\"Shop\",\"item\":\"https:\/\/wpguerssen-test.odoo.rgbconsulting.com\/shop\/\"},{\"@type\":\"ListItem\",\"position\":3,\"name\":\"Wisdom Through Music (Limited Edition)\"}]},{\"@type\":\"WebSite\",\"@id\":\"https:\/\/wpguerssen-test.odoo.rgbconsulting.com\/es\/#website\",\"url\":\"https:\/\/wpguerssen-test.odoo.rgbconsulting.com\/es\/\",\"name\":\"Guerssen records\",\"description\":\"psychedelia - progressive - folk - garage \",\"publisher\":{\"@id\":\"https:\/\/wpguerssen-test.odoo.rgbconsulting.com\/es\/#organization\"},\"potentialAction\":[{\"@type\":\"SearchAction\",\"target\":{\"@type\":\"EntryPoint\",\"urlTemplate\":\"https:\/\/wpguerssen-test.odoo.rgbconsulting.com\/es\/?s={search_term_string}\"},\"query-input\":{\"@type\":\"PropertyValueSpecification\",\"valueRequired\":true,\"valueName\":\"search_term_string\"}}],\"inLanguage\":\"es\"},{\"@type\":\"Organization\",\"@id\":\"https:\/\/wpguerssen-test.odoo.rgbconsulting.com\/es\/#organization\",\"name\":\"Guerssen records\",\"url\":\"https:\/\/wpguerssen-test.odoo.rgbconsulting.com\/es\/\",\"logo\":{\"@type\":\"ImageObject\",\"inLanguage\":\"es\",\"@id\":\"https:\/\/wpguerssen-test.odoo.rgbconsulting.com\/es\/#\/schema\/logo\/image\/\",\"url\":\"https:\/\/wpguerssen-test.odoo.rgbconsulting.com\/wp-content\/uploads\/2022\/04\/Logo_Guerssen_trans_100.png\",\"contentUrl\":\"https:\/\/wpguerssen-test.odoo.rgbconsulting.com\/wp-content\/uploads\/2022\/04\/Logo_Guerssen_trans_100.png\",\"width\":122,\"height\":100,\"caption\":\"Guerssen records\"},\"image\":{\"@id\":\"https:\/\/wpguerssen-test.odoo.rgbconsulting.com\/es\/#\/schema\/logo\/image\/\"}}]}<\/script>\n<!-- \/ Yoast SEO plugin. -->","yoast_head_json":{"title":"SANDERS, Pharoah - Wisdom Through Music (Limited Edition) -  (LP) | Guerssen","description":"180 gram Vinyl Edition. Gatefold Cover. Recorded in New York City and Los Angeles, California, and was released in 1973 by Impulse! Records. Wisdom Through Music, with its smaller line-up - Sanders is joined by flutist James Branch, pianist Joe Bonner, bassist Cecil McBee, drummer Norman Connors, and percussionists Badal Roy, James Mtume, and Lawrence Killian. - consists of five tracks. Most notable is \"High Life,\" on which Sanders emulates the West African style of music with roiling, celebratory drumming and singing, and killer flute playing. \"Love Is Everywhere\" is a shorter version of what is now a Sanders performance standard; it appeared in full on Love in Us All released in 1974. Its rawness and soulfulness simply burst from the musical frame with celebration before Bonner and the ensemble take over and rip it up.The title track is a slow, meditative, drone-like piece with abundant percussion by Roy and gorgeous arco work from McBee. Bonner's \"The Golden Lamp\" is driven by McBee, Branch, and an uncredited instrument reminiscent of kora and\/or an oud. It closes with the nearly 11-minute \"Selflessness,\" a jam that begins as a sung chant and sprawls out into another Sanders orgy of celebration with excellent tenor blowing, as well as spirited interplay with Bonner and the percussionists. These two recordings belong together, and create a compelling whole, revealing a compelling chapter in Sanders recorded history. (AllMusicGuide)","robots":{"index":"index","follow":"follow","max-snippet":"max-snippet:-1","max-image-preview":"max-image-preview:large","max-video-preview":"max-video-preview:-1"},"canonical":"https:\/\/wpguerssen-test.odoo.rgbconsulting.com\/es\/producto\/wisdom-through-music-limited-edition\/","og_locale":"es_ES","og_type":"article","og_title":"SANDERS, Pharoah - Wisdom Through Music (Limited Edition) -  (LP) | Guerssen","og_description":"180 gram Vinyl Edition. Gatefold Cover. Recorded in New York City and Los Angeles, California, and was released in 1973 by Impulse! Records. Wisdom Through Music, with its smaller line-up - Sanders is joined by flutist James Branch, pianist Joe Bonner, bassist Cecil McBee, drummer Norman Connors, and percussionists Badal Roy, James Mtume, and Lawrence Killian. - consists of five tracks. Most notable is \"High Life,\" on which Sanders emulates the West African style of music with roiling, celebratory drumming and singing, and killer flute playing. \"Love Is Everywhere\" is a shorter version of what is now a Sanders performance standard; it appeared in full on Love in Us All released in 1974. Its rawness and soulfulness simply burst from the musical frame with celebration before Bonner and the ensemble take over and rip it up.The title track is a slow, meditative, drone-like piece with abundant percussion by Roy and gorgeous arco work from McBee. Bonner's \"The Golden Lamp\" is driven by McBee, Branch, and an uncredited instrument reminiscent of kora and\/or an oud. It closes with the nearly 11-minute \"Selflessness,\" a jam that begins as a sung chant and sprawls out into another Sanders orgy of celebration with excellent tenor blowing, as well as spirited interplay with Bonner and the percussionists. These two recordings belong together, and create a compelling whole, revealing a compelling chapter in Sanders recorded history. (AllMusicGuide)","og_url":"https:\/\/wpguerssen-test.odoo.rgbconsulting.com\/es\/producto\/wisdom-through-music-limited-edition\/","og_site_name":"Guerssen records","article_modified_time":"2025-04-07T14:02:39+00:00","og_image":[{"width":328,"height":328,"url":"https:\/\/wpguerssen-test.odoo.rgbconsulting.com\/wp-content\/uploads\/2024\/09\/48693.jpg","type":"image\/jpeg"}],"twitter_card":"summary_large_image","twitter_title":"SANDERS, Pharoah - Wisdom Through Music (Limited Edition) -  (LP) | Guerssen","twitter_misc":{"Tiempo de lectura":"1 minuto"},"schema":{"@context":"https:\/\/schema.org","@graph":[{"@type":"WebPage","@id":"https:\/\/wpguerssen-test.odoo.rgbconsulting.com\/es\/producto\/wisdom-through-music-limited-edition\/","url":"https:\/\/wpguerssen-test.odoo.rgbconsulting.com\/es\/producto\/wisdom-through-music-limited-edition\/","name":"SANDERS, Pharoah - Wisdom Through Music (Limited Edition) - (LP) | Guerssen","isPartOf":{"@id":"https:\/\/wpguerssen-test.odoo.rgbconsulting.com\/es\/#website"},"primaryImageOfPage":{"@id":"https:\/\/wpguerssen-test.odoo.rgbconsulting.com\/es\/producto\/wisdom-through-music-limited-edition\/#primaryimage"},"image":{"@id":"https:\/\/wpguerssen-test.odoo.rgbconsulting.com\/es\/producto\/wisdom-through-music-limited-edition\/#primaryimage"},"thumbnailUrl":"https:\/\/wpguerssen-test.odoo.rgbconsulting.com\/wp-content\/uploads\/2024\/09\/48693.jpg","datePublished":"2024-09-26T22:00:00+00:00","dateModified":"2025-04-07T14:02:39+00:00","description":"180 gram Vinyl Edition. Gatefold Cover. Recorded in New York City and Los Angeles, California, and was released in 1973 by Impulse! Records. Wisdom Through Music, with its smaller line-up - Sanders is joined by flutist James Branch, pianist Joe Bonner, bassist Cecil McBee, drummer Norman Connors, and percussionists Badal Roy, James Mtume, and Lawrence Killian. - consists of five tracks. Most notable is \"High Life,\" on which Sanders emulates the West African style of music with roiling, celebratory drumming and singing, and killer flute playing. \"Love Is Everywhere\" is a shorter version of what is now a Sanders performance standard; it appeared in full on Love in Us All released in 1974. Its rawness and soulfulness simply burst from the musical frame with celebration before Bonner and the ensemble take over and rip it up.The title track is a slow, meditative, drone-like piece with abundant percussion by Roy and gorgeous arco work from McBee. Bonner's \"The Golden Lamp\" is driven by McBee, Branch, and an uncredited instrument reminiscent of kora and\/or an oud. It closes with the nearly 11-minute \"Selflessness,\" a jam that begins as a sung chant and sprawls out into another Sanders orgy of celebration with excellent tenor blowing, as well as spirited interplay with Bonner and the percussionists. These two recordings belong together, and create a compelling whole, revealing a compelling chapter in Sanders recorded history. (AllMusicGuide)","breadcrumb":{"@id":"https:\/\/wpguerssen-test.odoo.rgbconsulting.com\/es\/producto\/wisdom-through-music-limited-edition\/#breadcrumb"},"inLanguage":"es","potentialAction":[{"@type":"ReadAction","target":["https:\/\/wpguerssen-test.odoo.rgbconsulting.com\/es\/producto\/wisdom-through-music-limited-edition\/"]}]},{"@type":"ImageObject","inLanguage":"es","@id":"https:\/\/wpguerssen-test.odoo.rgbconsulting.com\/es\/producto\/wisdom-through-music-limited-edition\/#primaryimage","url":"https:\/\/wpguerssen-test.odoo.rgbconsulting.com\/wp-content\/uploads\/2024\/09\/48693.jpg","contentUrl":"https:\/\/wpguerssen-test.odoo.rgbconsulting.com\/wp-content\/uploads\/2024\/09\/48693.jpg","width":328,"height":328,"caption":"Pharoah - Wisdom Through Music (Limited Edition) - ELEMENTAL MUSIC (LP) | Guerssen"},{"@type":"BreadcrumbList","@id":"https:\/\/wpguerssen-test.odoo.rgbconsulting.com\/es\/producto\/wisdom-through-music-limited-edition\/#breadcrumb","itemListElement":[{"@type":"ListItem","position":1,"name":"Inicio","item":"https:\/\/wpguerssen-test.odoo.rgbconsulting.com\/es\/"},{"@type":"ListItem","position":2,"name":"Shop","item":"https:\/\/wpguerssen-test.odoo.rgbconsulting.com\/shop\/"},{"@type":"ListItem","position":3,"name":"Wisdom Through Music (Limited Edition)"}]},{"@type":"WebSite","@id":"https:\/\/wpguerssen-test.odoo.rgbconsulting.com\/es\/#website","url":"https:\/\/wpguerssen-test.odoo.rgbconsulting.com\/es\/","name":"Guerssen records","description":"psychedelia - progressive - folk - garage ","publisher":{"@id":"https:\/\/wpguerssen-test.odoo.rgbconsulting.com\/es\/#organization"},"potentialAction":[{"@type":"SearchAction","target":{"@type":"EntryPoint","urlTemplate":"https:\/\/wpguerssen-test.odoo.rgbconsulting.com\/es\/?s={search_term_string}"},"query-input":{"@type":"PropertyValueSpecification","valueRequired":true,"valueName":"search_term_string"}}],"inLanguage":"es"},{"@type":"Organization","@id":"https:\/\/wpguerssen-test.odoo.rgbconsulting.com\/es\/#organization","name":"Guerssen records","url":"https:\/\/wpguerssen-test.odoo.rgbconsulting.com\/es\/","logo":{"@type":"ImageObject","inLanguage":"es","@id":"https:\/\/wpguerssen-test.odoo.rgbconsulting.com\/es\/#\/schema\/logo\/image\/","url":"https:\/\/wpguerssen-test.odoo.rgbconsulting.com\/wp-content\/uploads\/2022\/04\/Logo_Guerssen_trans_100.png","contentUrl":"https:\/\/wpguerssen-test.odoo.rgbconsulting.com\/wp-content\/uploads\/2022\/04\/Logo_Guerssen_trans_100.png","width":122,"height":100,"caption":"Guerssen records"},"image":{"@id":"https:\/\/wpguerssen-test.odoo.rgbconsulting.com\/es\/#\/schema\/logo\/image\/"}}]}},"_links":{"self":[{"href":"https:\/\/wpguerssen-test.odoo.rgbconsulting.com\/es\/wp-json\/wp\/v2\/product\/275389","targetHints":{"allow":["GET"]}}],"collection":[{"href":"https:\/\/wpguerssen-test.odoo.rgbconsulting.com\/es\/wp-json\/wp\/v2\/product"}],"about":[{"href":"https:\/\/wpguerssen-test.odoo.rgbconsulting.com\/es\/wp-json\/wp\/v2\/types\/product"}],"wp:featuredmedia":[{"embeddable":true,"href":"https:\/\/wpguerssen-test.odoo.rgbconsulting.com\/es\/wp-json\/wp\/v2\/media\/275369"}],"wp:attachment":[{"href":"https:\/\/wpguerssen-test.odoo.rgbconsulting.com\/es\/wp-json\/wp\/v2\/media?parent=275389"}],"wp:term":[{"taxonomy":"product_brand","embeddable":true,"href":"https:\/\/wpguerssen-test.odoo.rgbconsulting.com\/es\/wp-json\/wp\/v2\/product_brand?post=275389"},{"taxonomy":"product_cat","embeddable":true,"href":"https:\/\/wpguerssen-test.odoo.rgbconsulting.com\/es\/wp-json\/wp\/v2\/product_cat?post=275389"},{"taxonomy":"product_tag","embeddable":true,"href":"https:\/\/wpguerssen-test.odoo.rgbconsulting.com\/es\/wp-json\/wp\/v2\/product_tag?post=275389"}],"curies":[{"name":"wp","href":"https:\/\/api.w.org\/{rel}","templated":true}]}}