{"id":275551,"date":"2024-10-16T00:00:00","date_gmt":"2024-10-15T22:00:00","guid":{"rendered":"https:\/\/wpguerssen-test.odoo.rgbconsulting.com\/?post_type=product&#038;p=275551"},"modified":"2025-04-24T17:19:38","modified_gmt":"2025-04-24T15:19:38","slug":"creation-of-sunlight-marbled-lp","status":"publish","type":"product","link":"https:\/\/wpguerssen-test.odoo.rgbconsulting.com\/es\/producto\/creation-of-sunlight-marbled-lp\/","title":{"rendered":"Creation of Sunlight (Marbled LP)"},"content":{"rendered":"<p>VINILO MARBLED, S\u00d3LO 200 COPIAS!!! <\/p>\n<p> Una de las mega rarezas de la escena psicod\u00e9lica USA. Grabado a finales de los 60 y editado en 1970 en una peque\u00f1a tirada en el sello Windy (hogar tambi\u00e9n de grupos como Merkin), \u00abCreation Of Sunlight\u00bb es pura psicodelia sunshine californiana repleta de armon\u00edas vocales, \u00f3rgano, fuzz flauta&#8230; muy en la l\u00ednea de grupos como Strawberry Alarm Clock. <\/p>\n<p> Imposible de encontrar en edici\u00f3n original a no ser que quieras gastarte unos miles de euros, aqu\u00ed tienes una esperada reedici\u00f3n con sonido nuevamente transferido y remasterizado. Se incluye un cup\u00f3n de descarga digital con el disco m\u00e1s un bonus track, \u00abSeven&#8217;s Theme\u00bb, extra\u00eddo de un raro acetato y nunca publicado hasta ahora. <\/p>\n<p> \u00abUna de las rarezas esenciales de la escena de L.A.\u00bb <br \/> &#8211; Patrick Lundborg (Acid Archives) <\/p>\n<p> *Sonido remasterizado<br \/>*Artwork original en portada de cart\u00f3n duro<br \/>*Insert a color con notas por Mike Stax (Ugly Things) y fotos<br \/>*Cup\u00f3n de descarga digital con bonus track <\/p>\n<p> Tracklist:<br \/>Side 1. 1. David &#8211; 2. Rush Hour Blues &#8211; 3. Light Without Heat &#8211; 4. In The Middle of Happy &#8211; 5. Hammond Eggs<br \/>Side 2: 1. Sometimes A Woman &#8211; 2. Second Thoughts &#8211; 3. Seven Times Infinity &#8211; 4. Colors of Love &#8211; 5. The Fun Machine<\/p>\n","protected":false},"excerpt":{"rendered":"<p>VINILO MARBLED, S\u00d3LO 200 COPIAS!!! <\/p>\n<p>\u00a0<\/p>\n<p> Una de las mega rarezas de la escena psicod\u00e9lica USA. Grabado a finales de los 60 y editado en 1970 en una<a class=\"read\" href=\"https:\/\/wpguerssen-test.odoo.rgbconsulting.com\/es\/producto\/creation-of-sunlight-marbled-lp\/\"> (...)<\/a>","protected":false},"featured_media":269666,"template":"","meta":{"_acf_changed":false},"product_brand":[],"product_cat":[21639],"product_tag":[29140],"class_list":{"0":"post-275551","1":"product","2":"type-product","3":"status-publish","4":"has-post-thumbnail","6":"product_cat-psychedelic60s-70s-es","7":"product_tag-color-vinyl-es","8":"pa_artist-sunlight-es","9":"pa_format-lp-es","10":"pa_gender-psychedelic60s-70s","11":"pa_label-guerssen-es","12":"pa_location-north-america-es","13":"pa_other-filters-vinyl-only-es","15":"first","16":"instock","17":"taxable","18":"shipping-taxable","19":"purchasable","20":"product-type-simple"},"acf":[],"yoast_head":"<!-- This site is optimized with the Yoast SEO plugin v24.9 - https:\/\/yoast.com\/wordpress\/plugins\/seo\/ -->\n<title>SUNLIGHT - Creation of Sunlight (Marbled LP) -  (LP) | Guerssen<\/title>\n<meta name=\"description\" content=\"MARBLED VINYL, 200 COPIES ONLY! #nl# Prime cut late 60s California sunshine psych \/ acid-rock. #nl# Creation Of Sunlight by Long Beach band Sunlight was originally released on the Windy label in 1970 and it&#039;s filled with breezy vocal harmonies, organ, fuzz guitar, flute... #nl# With original copies changing hands for four-figure sums, here&#039;s a welcomed reissue with newly sourced and remastered sound. #nl# Including a download card with the full album plus a bonus track, &quot;Seven&#039;s Theme&quot;, taken from a rare acetate and never released until now. #nl# RIYL: Strawberry Alarm Clock, Love, Clear Light, Doors... #nl# &quot;One of the most essential L.A. rarities...&quot;- Patrick Lundborg (Acid Archives) #nl# &quot;Bathed in rays of juicy melodies, blissed-out singing, and progressive tempos and arrangements, the album offers endless treasures&quot;-Beverly Paterson (It&#039;s Psychedelic Baby) #nl# *Original artwork in hard cardboard sleeve*Remastered sound*Insert with liner notes by Mike Stax (Ugly Things) and photos*Download card with one previously unreleased bonus track taken from a rare acetate #nl# Tracklist:Side 1. 1. David - 2. Rush Hour Blues - 3. Light Without Heat - 4. In The Middle of Happy - 5. Hammond EggsSide 2: 1. Sometimes A Woman - 2. Second Thoughts - 3. Seven Times Infinity - 4. Colors of Love - 5. The Fun Machine\" \/>\n<meta name=\"robots\" content=\"index, follow, max-snippet:-1, max-image-preview:large, max-video-preview:-1\" \/>\n<link rel=\"canonical\" href=\"https:\/\/wpguerssen-test.odoo.rgbconsulting.com\/es\/producto\/creation-of-sunlight-marbled-lp\/\" \/>\n<meta property=\"og:locale\" content=\"es_ES\" \/>\n<meta property=\"og:type\" content=\"article\" \/>\n<meta property=\"og:title\" content=\"SUNLIGHT - Creation of Sunlight (Marbled LP) -  (LP) | Guerssen\" \/>\n<meta property=\"og:description\" content=\"MARBLED VINYL, 200 COPIES ONLY! #nl# Prime cut late 60s California sunshine psych \/ acid-rock. #nl# Creation Of Sunlight by Long Beach band Sunlight was originally released on the Windy label in 1970 and it&#039;s filled with breezy vocal harmonies, organ, fuzz guitar, flute... #nl# With original copies changing hands for four-figure sums, here&#039;s a welcomed reissue with newly sourced and remastered sound. #nl# Including a download card with the full album plus a bonus track, &quot;Seven&#039;s Theme&quot;, taken from a rare acetate and never released until now. #nl# RIYL: Strawberry Alarm Clock, Love, Clear Light, Doors... #nl# &quot;One of the most essential L.A. rarities...&quot;- Patrick Lundborg (Acid Archives) #nl# &quot;Bathed in rays of juicy melodies, blissed-out singing, and progressive tempos and arrangements, the album offers endless treasures&quot;-Beverly Paterson (It&#039;s Psychedelic Baby) #nl# *Original artwork in hard cardboard sleeve*Remastered sound*Insert with liner notes by Mike Stax (Ugly Things) and photos*Download card with one previously unreleased bonus track taken from a rare acetate #nl# Tracklist:Side 1. 1. David - 2. Rush Hour Blues - 3. Light Without Heat - 4. In The Middle of Happy - 5. Hammond EggsSide 2: 1. Sometimes A Woman - 2. Second Thoughts - 3. Seven Times Infinity - 4. Colors of Love - 5. The Fun Machine\" \/>\n<meta property=\"og:url\" content=\"https:\/\/wpguerssen-test.odoo.rgbconsulting.com\/es\/producto\/creation-of-sunlight-marbled-lp\/\" \/>\n<meta property=\"og:site_name\" content=\"Guerssen records\" \/>\n<meta property=\"article:modified_time\" content=\"2025-04-24T15:19:38+00:00\" \/>\n<meta property=\"og:image\" content=\"https:\/\/wpguerssen-test.odoo.rgbconsulting.com\/wp-content\/uploads\/2024\/06\/48074.jpg\" \/>\n\t<meta property=\"og:image:width\" content=\"1400\" \/>\n\t<meta property=\"og:image:height\" content=\"1400\" \/>\n\t<meta property=\"og:image:type\" content=\"image\/jpeg\" \/>\n<meta name=\"twitter:card\" content=\"summary_large_image\" \/>\n<meta name=\"twitter:title\" content=\"SUNLIGHT - Creation of Sunlight (Marbled LP) -  (LP) | Guerssen\" \/>\n<meta name=\"twitter:label1\" content=\"Tiempo de lectura\" \/>\n\t<meta name=\"twitter:data1\" content=\"1 minuto\" \/>\n<script type=\"application\/ld+json\" class=\"yoast-schema-graph\">{\"@context\":\"https:\/\/schema.org\",\"@graph\":[{\"@type\":\"WebPage\",\"@id\":\"https:\/\/wpguerssen-test.odoo.rgbconsulting.com\/es\/producto\/creation-of-sunlight-marbled-lp\/\",\"url\":\"https:\/\/wpguerssen-test.odoo.rgbconsulting.com\/es\/producto\/creation-of-sunlight-marbled-lp\/\",\"name\":\"SUNLIGHT - Creation of Sunlight (Marbled LP) - (LP) | Guerssen\",\"isPartOf\":{\"@id\":\"https:\/\/wpguerssen-test.odoo.rgbconsulting.com\/es\/#website\"},\"primaryImageOfPage\":{\"@id\":\"https:\/\/wpguerssen-test.odoo.rgbconsulting.com\/es\/producto\/creation-of-sunlight-marbled-lp\/#primaryimage\"},\"image\":{\"@id\":\"https:\/\/wpguerssen-test.odoo.rgbconsulting.com\/es\/producto\/creation-of-sunlight-marbled-lp\/#primaryimage\"},\"thumbnailUrl\":\"https:\/\/wpguerssen-test.odoo.rgbconsulting.com\/wp-content\/uploads\/2024\/06\/48074.jpg\",\"datePublished\":\"2024-10-15T22:00:00+00:00\",\"dateModified\":\"2025-04-24T15:19:38+00:00\",\"description\":\"MARBLED VINYL, 200 COPIES ONLY! #nl# Prime cut late 60s California sunshine psych \/ acid-rock. #nl# Creation Of Sunlight by Long Beach band Sunlight was originally released on the Windy label in 1970 and it's filled with breezy vocal harmonies, organ, fuzz guitar, flute... #nl# With original copies changing hands for four-figure sums, here's a welcomed reissue with newly sourced and remastered sound. #nl# Including a download card with the full album plus a bonus track, \\\"Seven's Theme\\\", taken from a rare acetate and never released until now. #nl# RIYL: Strawberry Alarm Clock, Love, Clear Light, Doors... #nl# \\\"One of the most essential L.A. rarities...\\\"- Patrick Lundborg (Acid Archives) #nl# \\\"Bathed in rays of juicy melodies, blissed-out singing, and progressive tempos and arrangements, the album offers endless treasures\\\"-Beverly Paterson (It's Psychedelic Baby) #nl# *Original artwork in hard cardboard sleeve*Remastered sound*Insert with liner notes by Mike Stax (Ugly Things) and photos*Download card with one previously unreleased bonus track taken from a rare acetate #nl# Tracklist:Side 1. 1. David - 2. Rush Hour Blues - 3. Light Without Heat - 4. In The Middle of Happy - 5. Hammond EggsSide 2: 1. Sometimes A Woman - 2. Second Thoughts - 3. Seven Times Infinity - 4. Colors of Love - 5. The Fun Machine\",\"breadcrumb\":{\"@id\":\"https:\/\/wpguerssen-test.odoo.rgbconsulting.com\/es\/producto\/creation-of-sunlight-marbled-lp\/#breadcrumb\"},\"inLanguage\":\"es\",\"potentialAction\":[{\"@type\":\"ReadAction\",\"target\":[\"https:\/\/wpguerssen-test.odoo.rgbconsulting.com\/es\/producto\/creation-of-sunlight-marbled-lp\/\"]}]},{\"@type\":\"ImageObject\",\"inLanguage\":\"es\",\"@id\":\"https:\/\/wpguerssen-test.odoo.rgbconsulting.com\/es\/producto\/creation-of-sunlight-marbled-lp\/#primaryimage\",\"url\":\"https:\/\/wpguerssen-test.odoo.rgbconsulting.com\/wp-content\/uploads\/2024\/06\/48074.jpg\",\"contentUrl\":\"https:\/\/wpguerssen-test.odoo.rgbconsulting.com\/wp-content\/uploads\/2024\/06\/48074.jpg\",\"width\":1400,\"height\":1400},{\"@type\":\"BreadcrumbList\",\"@id\":\"https:\/\/wpguerssen-test.odoo.rgbconsulting.com\/es\/producto\/creation-of-sunlight-marbled-lp\/#breadcrumb\",\"itemListElement\":[{\"@type\":\"ListItem\",\"position\":1,\"name\":\"Inicio\",\"item\":\"https:\/\/wpguerssen-test.odoo.rgbconsulting.com\/es\/\"},{\"@type\":\"ListItem\",\"position\":2,\"name\":\"Shop\",\"item\":\"https:\/\/wpguerssen-test.odoo.rgbconsulting.com\/shop\/\"},{\"@type\":\"ListItem\",\"position\":3,\"name\":\"Creation of Sunlight (Marbled LP)\"}]},{\"@type\":\"WebSite\",\"@id\":\"https:\/\/wpguerssen-test.odoo.rgbconsulting.com\/es\/#website\",\"url\":\"https:\/\/wpguerssen-test.odoo.rgbconsulting.com\/es\/\",\"name\":\"Guerssen records\",\"description\":\"psychedelia - progressive - folk - garage \",\"publisher\":{\"@id\":\"https:\/\/wpguerssen-test.odoo.rgbconsulting.com\/es\/#organization\"},\"potentialAction\":[{\"@type\":\"SearchAction\",\"target\":{\"@type\":\"EntryPoint\",\"urlTemplate\":\"https:\/\/wpguerssen-test.odoo.rgbconsulting.com\/es\/?s={search_term_string}\"},\"query-input\":{\"@type\":\"PropertyValueSpecification\",\"valueRequired\":true,\"valueName\":\"search_term_string\"}}],\"inLanguage\":\"es\"},{\"@type\":\"Organization\",\"@id\":\"https:\/\/wpguerssen-test.odoo.rgbconsulting.com\/es\/#organization\",\"name\":\"Guerssen records\",\"url\":\"https:\/\/wpguerssen-test.odoo.rgbconsulting.com\/es\/\",\"logo\":{\"@type\":\"ImageObject\",\"inLanguage\":\"es\",\"@id\":\"https:\/\/wpguerssen-test.odoo.rgbconsulting.com\/es\/#\/schema\/logo\/image\/\",\"url\":\"https:\/\/wpguerssen-test.odoo.rgbconsulting.com\/wp-content\/uploads\/2022\/04\/Logo_Guerssen_trans_100.png\",\"contentUrl\":\"https:\/\/wpguerssen-test.odoo.rgbconsulting.com\/wp-content\/uploads\/2022\/04\/Logo_Guerssen_trans_100.png\",\"width\":122,\"height\":100,\"caption\":\"Guerssen records\"},\"image\":{\"@id\":\"https:\/\/wpguerssen-test.odoo.rgbconsulting.com\/es\/#\/schema\/logo\/image\/\"}}]}<\/script>\n<!-- \/ Yoast SEO plugin. -->","yoast_head_json":{"title":"SUNLIGHT - Creation of Sunlight (Marbled LP) -  (LP) | Guerssen","description":"MARBLED VINYL, 200 COPIES ONLY! #nl# Prime cut late 60s California sunshine psych \/ acid-rock. #nl# Creation Of Sunlight by Long Beach band Sunlight was originally released on the Windy label in 1970 and it's filled with breezy vocal harmonies, organ, fuzz guitar, flute... #nl# With original copies changing hands for four-figure sums, here's a welcomed reissue with newly sourced and remastered sound. #nl# Including a download card with the full album plus a bonus track, \"Seven's Theme\", taken from a rare acetate and never released until now. #nl# RIYL: Strawberry Alarm Clock, Love, Clear Light, Doors... #nl# \"One of the most essential L.A. rarities...\"- Patrick Lundborg (Acid Archives) #nl# \"Bathed in rays of juicy melodies, blissed-out singing, and progressive tempos and arrangements, the album offers endless treasures\"-Beverly Paterson (It's Psychedelic Baby) #nl# *Original artwork in hard cardboard sleeve*Remastered sound*Insert with liner notes by Mike Stax (Ugly Things) and photos*Download card with one previously unreleased bonus track taken from a rare acetate #nl# Tracklist:Side 1. 1. David - 2. Rush Hour Blues - 3. Light Without Heat - 4. In The Middle of Happy - 5. Hammond EggsSide 2: 1. Sometimes A Woman - 2. Second Thoughts - 3. Seven Times Infinity - 4. Colors of Love - 5. The Fun Machine","robots":{"index":"index","follow":"follow","max-snippet":"max-snippet:-1","max-image-preview":"max-image-preview:large","max-video-preview":"max-video-preview:-1"},"canonical":"https:\/\/wpguerssen-test.odoo.rgbconsulting.com\/es\/producto\/creation-of-sunlight-marbled-lp\/","og_locale":"es_ES","og_type":"article","og_title":"SUNLIGHT - Creation of Sunlight (Marbled LP) -  (LP) | Guerssen","og_description":"MARBLED VINYL, 200 COPIES ONLY! #nl# Prime cut late 60s California sunshine psych \/ acid-rock. #nl# Creation Of Sunlight by Long Beach band Sunlight was originally released on the Windy label in 1970 and it's filled with breezy vocal harmonies, organ, fuzz guitar, flute... #nl# With original copies changing hands for four-figure sums, here's a welcomed reissue with newly sourced and remastered sound. #nl# Including a download card with the full album plus a bonus track, \"Seven's Theme\", taken from a rare acetate and never released until now. #nl# RIYL: Strawberry Alarm Clock, Love, Clear Light, Doors... #nl# \"One of the most essential L.A. rarities...\"- Patrick Lundborg (Acid Archives) #nl# \"Bathed in rays of juicy melodies, blissed-out singing, and progressive tempos and arrangements, the album offers endless treasures\"-Beverly Paterson (It's Psychedelic Baby) #nl# *Original artwork in hard cardboard sleeve*Remastered sound*Insert with liner notes by Mike Stax (Ugly Things) and photos*Download card with one previously unreleased bonus track taken from a rare acetate #nl# Tracklist:Side 1. 1. David - 2. Rush Hour Blues - 3. Light Without Heat - 4. In The Middle of Happy - 5. Hammond EggsSide 2: 1. Sometimes A Woman - 2. Second Thoughts - 3. Seven Times Infinity - 4. Colors of Love - 5. The Fun Machine","og_url":"https:\/\/wpguerssen-test.odoo.rgbconsulting.com\/es\/producto\/creation-of-sunlight-marbled-lp\/","og_site_name":"Guerssen records","article_modified_time":"2025-04-24T15:19:38+00:00","og_image":[{"width":1400,"height":1400,"url":"https:\/\/wpguerssen-test.odoo.rgbconsulting.com\/wp-content\/uploads\/2024\/06\/48074.jpg","type":"image\/jpeg"}],"twitter_card":"summary_large_image","twitter_title":"SUNLIGHT - Creation of Sunlight (Marbled LP) -  (LP) | Guerssen","twitter_misc":{"Tiempo de lectura":"1 minuto"},"schema":{"@context":"https:\/\/schema.org","@graph":[{"@type":"WebPage","@id":"https:\/\/wpguerssen-test.odoo.rgbconsulting.com\/es\/producto\/creation-of-sunlight-marbled-lp\/","url":"https:\/\/wpguerssen-test.odoo.rgbconsulting.com\/es\/producto\/creation-of-sunlight-marbled-lp\/","name":"SUNLIGHT - Creation of Sunlight (Marbled LP) - (LP) | Guerssen","isPartOf":{"@id":"https:\/\/wpguerssen-test.odoo.rgbconsulting.com\/es\/#website"},"primaryImageOfPage":{"@id":"https:\/\/wpguerssen-test.odoo.rgbconsulting.com\/es\/producto\/creation-of-sunlight-marbled-lp\/#primaryimage"},"image":{"@id":"https:\/\/wpguerssen-test.odoo.rgbconsulting.com\/es\/producto\/creation-of-sunlight-marbled-lp\/#primaryimage"},"thumbnailUrl":"https:\/\/wpguerssen-test.odoo.rgbconsulting.com\/wp-content\/uploads\/2024\/06\/48074.jpg","datePublished":"2024-10-15T22:00:00+00:00","dateModified":"2025-04-24T15:19:38+00:00","description":"MARBLED VINYL, 200 COPIES ONLY! #nl# Prime cut late 60s California sunshine psych \/ acid-rock. #nl# Creation Of Sunlight by Long Beach band Sunlight was originally released on the Windy label in 1970 and it's filled with breezy vocal harmonies, organ, fuzz guitar, flute... #nl# With original copies changing hands for four-figure sums, here's a welcomed reissue with newly sourced and remastered sound. #nl# Including a download card with the full album plus a bonus track, \"Seven's Theme\", taken from a rare acetate and never released until now. #nl# RIYL: Strawberry Alarm Clock, Love, Clear Light, Doors... #nl# \"One of the most essential L.A. rarities...\"- Patrick Lundborg (Acid Archives) #nl# \"Bathed in rays of juicy melodies, blissed-out singing, and progressive tempos and arrangements, the album offers endless treasures\"-Beverly Paterson (It's Psychedelic Baby) #nl# *Original artwork in hard cardboard sleeve*Remastered sound*Insert with liner notes by Mike Stax (Ugly Things) and photos*Download card with one previously unreleased bonus track taken from a rare acetate #nl# Tracklist:Side 1. 1. David - 2. Rush Hour Blues - 3. Light Without Heat - 4. In The Middle of Happy - 5. Hammond EggsSide 2: 1. Sometimes A Woman - 2. Second Thoughts - 3. Seven Times Infinity - 4. Colors of Love - 5. The Fun Machine","breadcrumb":{"@id":"https:\/\/wpguerssen-test.odoo.rgbconsulting.com\/es\/producto\/creation-of-sunlight-marbled-lp\/#breadcrumb"},"inLanguage":"es","potentialAction":[{"@type":"ReadAction","target":["https:\/\/wpguerssen-test.odoo.rgbconsulting.com\/es\/producto\/creation-of-sunlight-marbled-lp\/"]}]},{"@type":"ImageObject","inLanguage":"es","@id":"https:\/\/wpguerssen-test.odoo.rgbconsulting.com\/es\/producto\/creation-of-sunlight-marbled-lp\/#primaryimage","url":"https:\/\/wpguerssen-test.odoo.rgbconsulting.com\/wp-content\/uploads\/2024\/06\/48074.jpg","contentUrl":"https:\/\/wpguerssen-test.odoo.rgbconsulting.com\/wp-content\/uploads\/2024\/06\/48074.jpg","width":1400,"height":1400},{"@type":"BreadcrumbList","@id":"https:\/\/wpguerssen-test.odoo.rgbconsulting.com\/es\/producto\/creation-of-sunlight-marbled-lp\/#breadcrumb","itemListElement":[{"@type":"ListItem","position":1,"name":"Inicio","item":"https:\/\/wpguerssen-test.odoo.rgbconsulting.com\/es\/"},{"@type":"ListItem","position":2,"name":"Shop","item":"https:\/\/wpguerssen-test.odoo.rgbconsulting.com\/shop\/"},{"@type":"ListItem","position":3,"name":"Creation of Sunlight (Marbled LP)"}]},{"@type":"WebSite","@id":"https:\/\/wpguerssen-test.odoo.rgbconsulting.com\/es\/#website","url":"https:\/\/wpguerssen-test.odoo.rgbconsulting.com\/es\/","name":"Guerssen records","description":"psychedelia - progressive - folk - garage ","publisher":{"@id":"https:\/\/wpguerssen-test.odoo.rgbconsulting.com\/es\/#organization"},"potentialAction":[{"@type":"SearchAction","target":{"@type":"EntryPoint","urlTemplate":"https:\/\/wpguerssen-test.odoo.rgbconsulting.com\/es\/?s={search_term_string}"},"query-input":{"@type":"PropertyValueSpecification","valueRequired":true,"valueName":"search_term_string"}}],"inLanguage":"es"},{"@type":"Organization","@id":"https:\/\/wpguerssen-test.odoo.rgbconsulting.com\/es\/#organization","name":"Guerssen records","url":"https:\/\/wpguerssen-test.odoo.rgbconsulting.com\/es\/","logo":{"@type":"ImageObject","inLanguage":"es","@id":"https:\/\/wpguerssen-test.odoo.rgbconsulting.com\/es\/#\/schema\/logo\/image\/","url":"https:\/\/wpguerssen-test.odoo.rgbconsulting.com\/wp-content\/uploads\/2022\/04\/Logo_Guerssen_trans_100.png","contentUrl":"https:\/\/wpguerssen-test.odoo.rgbconsulting.com\/wp-content\/uploads\/2022\/04\/Logo_Guerssen_trans_100.png","width":122,"height":100,"caption":"Guerssen records"},"image":{"@id":"https:\/\/wpguerssen-test.odoo.rgbconsulting.com\/es\/#\/schema\/logo\/image\/"}}]}},"_links":{"self":[{"href":"https:\/\/wpguerssen-test.odoo.rgbconsulting.com\/es\/wp-json\/wp\/v2\/product\/275551","targetHints":{"allow":["GET"]}}],"collection":[{"href":"https:\/\/wpguerssen-test.odoo.rgbconsulting.com\/es\/wp-json\/wp\/v2\/product"}],"about":[{"href":"https:\/\/wpguerssen-test.odoo.rgbconsulting.com\/es\/wp-json\/wp\/v2\/types\/product"}],"wp:featuredmedia":[{"embeddable":true,"href":"https:\/\/wpguerssen-test.odoo.rgbconsulting.com\/es\/wp-json\/wp\/v2\/media\/269666"}],"wp:attachment":[{"href":"https:\/\/wpguerssen-test.odoo.rgbconsulting.com\/es\/wp-json\/wp\/v2\/media?parent=275551"}],"wp:term":[{"taxonomy":"product_brand","embeddable":true,"href":"https:\/\/wpguerssen-test.odoo.rgbconsulting.com\/es\/wp-json\/wp\/v2\/product_brand?post=275551"},{"taxonomy":"product_cat","embeddable":true,"href":"https:\/\/wpguerssen-test.odoo.rgbconsulting.com\/es\/wp-json\/wp\/v2\/product_cat?post=275551"},{"taxonomy":"product_tag","embeddable":true,"href":"https:\/\/wpguerssen-test.odoo.rgbconsulting.com\/es\/wp-json\/wp\/v2\/product_tag?post=275551"}],"curies":[{"name":"wp","href":"https:\/\/api.w.org\/{rel}","templated":true}]}}