{"id":275706,"date":"2025-04-22T00:00:00","date_gmt":"2025-04-21T22:00:00","guid":{"rendered":"https:\/\/wpguerssen-test.odoo.rgbconsulting.com\/product\/talking-to-the-people\/"},"modified":"2025-04-22T16:59:50","modified_gmt":"2025-04-22T14:59:50","slug":"talking-to-the-people","status":"publish","type":"product","link":"https:\/\/wpguerssen-test.odoo.rgbconsulting.com\/es\/producto\/talking-to-the-people\/","title":{"rendered":"Talking To The People"},"content":{"rendered":"<p>Cuando defiendes un disco como Talking to the People, siempre corres el riesgo de exagerar tu caso. Generalmente hay una raz\u00f3n f\u00e1cil de resolver por la cual algo que la gran mayor\u00eda del p\u00fablico no ha escuchado la grabaci\u00f3n, mala distribuci\u00f3n, algo falta ligeramente en los singles, malentendidos cr\u00edticos, mal momento; todas esas cosas se han unido para hacer que muchos discos que lo merecen se pierdan en el olvido.<br \/>Pero presionar play en Talking to the People realmente se siente como algo revelador, algo trascendente. Es como si los Bar-Kays de principios de los 70 tuvieran una mujer al micr\u00f3fono, o si Funkadelic se inclinara m\u00e1s hacia el rock, o si Sly Stone tuviera la mitad del presupuesto. Es un \u00e1lbum que se siente contempor\u00e1neo (casi predice a experimentalistas del g\u00e9nero negro como SAULT) pero que tambi\u00e9n encaja perfectamente con todo lo que sucedi\u00f3 en Detroit y Memphis en la escena funk de 1973.<\/p>\n","protected":false},"excerpt":{"rendered":"<p>Cuando defiendes un disco como Talking to the People, siempre corres el riesgo de exagerar tu caso. Generalmente hay una raz\u00f3n f\u00e1cil de resolver por la cual algo<a class=\"read\" href=\"https:\/\/wpguerssen-test.odoo.rgbconsulting.com\/es\/producto\/talking-to-the-people\/\"> (...)<\/a>","protected":false},"featured_media":275575,"template":"","meta":{"_acf_changed":false},"product_brand":[],"product_cat":[21649,23219],"product_tag":[24185],"class_list":{"0":"post-275706","1":"product","2":"type-product","3":"status-publish","4":"has-post-thumbnail","6":"product_cat-soul-rnb-es","7":"product_cat-funk-es","8":"product_tag-de-nuevo-en-existencia","9":"pa_artist-black-nasty","10":"pa_format-lp-es","11":"pa_gender-soul-rnb-funk","12":"pa_label-vinyl-me-please","13":"pa_location-north-america-es","14":"pa_other-filters-vinyl-only-es","16":"first","17":"instock","18":"taxable","19":"shipping-taxable","20":"purchasable","21":"product-type-simple"},"acf":[],"yoast_head":"<!-- This site is optimized with the Yoast SEO plugin v24.9 - https:\/\/yoast.com\/wordpress\/plugins\/seo\/ -->\n<title>BLACK NASTY - Talking To The People -  (LP) | Guerssen<\/title>\n<meta name=\"description\" content=\"There&#039;s always a risk you run, when championing a record like Talking to the People, of overstating your case. There&#039;s generally an easy-to-grapple-with reason why something that the vast majority of the listening public hasn&#039;t listened to hasn&#039;t been heard. Poor distribution, something slightly missing in the singles, critical misunderstanding, bad timing; all those things have coalesced to make many deserving records lose out on their just desserts.But pressing play on Talking to the People really does feel like something revelatory, something transcendent. It&#039;s like if the Bar-Kays of the early &#039;70s had a woman on the mic, or if Funkadelic leaned more into rock, or if Sly Stone had half the budget. It&#039;s an album that feels contemporary -- it almost predicts Black genre experimentalists like SAULT -- but also fits so neatly in with everything happening in Detroit and Memphis funk in 1973. It failed to find an audience because the audience it predicts -- the musical omnivore who could see the strands between everything -- hardly existed in earnest by then.\" \/>\n<meta name=\"robots\" content=\"index, follow, max-snippet:-1, max-image-preview:large, max-video-preview:-1\" \/>\n<link rel=\"canonical\" href=\"https:\/\/wpguerssen-test.odoo.rgbconsulting.com\/es\/producto\/talking-to-the-people\/\" \/>\n<meta property=\"og:locale\" content=\"es_ES\" \/>\n<meta property=\"og:type\" content=\"article\" \/>\n<meta property=\"og:title\" content=\"BLACK NASTY - Talking To The People -  (LP) | Guerssen\" \/>\n<meta property=\"og:description\" content=\"There&#039;s always a risk you run, when championing a record like Talking to the People, of overstating your case. There&#039;s generally an easy-to-grapple-with reason why something that the vast majority of the listening public hasn&#039;t listened to hasn&#039;t been heard. Poor distribution, something slightly missing in the singles, critical misunderstanding, bad timing; all those things have coalesced to make many deserving records lose out on their just desserts.But pressing play on Talking to the People really does feel like something revelatory, something transcendent. It&#039;s like if the Bar-Kays of the early &#039;70s had a woman on the mic, or if Funkadelic leaned more into rock, or if Sly Stone had half the budget. It&#039;s an album that feels contemporary -- it almost predicts Black genre experimentalists like SAULT -- but also fits so neatly in with everything happening in Detroit and Memphis funk in 1973. It failed to find an audience because the audience it predicts -- the musical omnivore who could see the strands between everything -- hardly existed in earnest by then.\" \/>\n<meta property=\"og:url\" content=\"https:\/\/wpguerssen-test.odoo.rgbconsulting.com\/es\/producto\/talking-to-the-people\/\" \/>\n<meta property=\"og:site_name\" content=\"Guerssen records\" \/>\n<meta property=\"article:modified_time\" content=\"2025-04-22T14:59:50+00:00\" \/>\n<meta property=\"og:image\" content=\"https:\/\/wpguerssen-test.odoo.rgbconsulting.com\/wp-content\/uploads\/2024\/09\/48714.jpg\" \/>\n\t<meta property=\"og:image:width\" content=\"640\" \/>\n\t<meta property=\"og:image:height\" content=\"640\" \/>\n\t<meta property=\"og:image:type\" content=\"image\/jpeg\" \/>\n<meta name=\"twitter:card\" content=\"summary_large_image\" \/>\n<meta name=\"twitter:title\" content=\"BLACK NASTY - Talking To The People -  (LP) | Guerssen\" \/>\n<meta name=\"twitter:label1\" content=\"Tiempo de lectura\" \/>\n\t<meta name=\"twitter:data1\" content=\"1 minuto\" \/>\n<script type=\"application\/ld+json\" class=\"yoast-schema-graph\">{\"@context\":\"https:\/\/schema.org\",\"@graph\":[{\"@type\":\"WebPage\",\"@id\":\"https:\/\/wpguerssen-test.odoo.rgbconsulting.com\/es\/producto\/talking-to-the-people\/\",\"url\":\"https:\/\/wpguerssen-test.odoo.rgbconsulting.com\/es\/producto\/talking-to-the-people\/\",\"name\":\"BLACK NASTY - Talking To The People - (LP) | Guerssen\",\"isPartOf\":{\"@id\":\"https:\/\/wpguerssen-test.odoo.rgbconsulting.com\/es\/#website\"},\"primaryImageOfPage\":{\"@id\":\"https:\/\/wpguerssen-test.odoo.rgbconsulting.com\/es\/producto\/talking-to-the-people\/#primaryimage\"},\"image\":{\"@id\":\"https:\/\/wpguerssen-test.odoo.rgbconsulting.com\/es\/producto\/talking-to-the-people\/#primaryimage\"},\"thumbnailUrl\":\"https:\/\/wpguerssen-test.odoo.rgbconsulting.com\/wp-content\/uploads\/2024\/09\/48714.jpg\",\"datePublished\":\"2025-04-21T22:00:00+00:00\",\"dateModified\":\"2025-04-22T14:59:50+00:00\",\"description\":\"There's always a risk you run, when championing a record like Talking to the People, of overstating your case. There's generally an easy-to-grapple-with reason why something that the vast majority of the listening public hasn't listened to hasn't been heard. Poor distribution, something slightly missing in the singles, critical misunderstanding, bad timing; all those things have coalesced to make many deserving records lose out on their just desserts.But pressing play on Talking to the People really does feel like something revelatory, something transcendent. It's like if the Bar-Kays of the early '70s had a woman on the mic, or if Funkadelic leaned more into rock, or if Sly Stone had half the budget. It's an album that feels contemporary -- it almost predicts Black genre experimentalists like SAULT -- but also fits so neatly in with everything happening in Detroit and Memphis funk in 1973. It failed to find an audience because the audience it predicts -- the musical omnivore who could see the strands between everything -- hardly existed in earnest by then.\",\"breadcrumb\":{\"@id\":\"https:\/\/wpguerssen-test.odoo.rgbconsulting.com\/es\/producto\/talking-to-the-people\/#breadcrumb\"},\"inLanguage\":\"es\",\"potentialAction\":[{\"@type\":\"ReadAction\",\"target\":[\"https:\/\/wpguerssen-test.odoo.rgbconsulting.com\/es\/producto\/talking-to-the-people\/\"]}]},{\"@type\":\"ImageObject\",\"inLanguage\":\"es\",\"@id\":\"https:\/\/wpguerssen-test.odoo.rgbconsulting.com\/es\/producto\/talking-to-the-people\/#primaryimage\",\"url\":\"https:\/\/wpguerssen-test.odoo.rgbconsulting.com\/wp-content\/uploads\/2024\/09\/48714.jpg\",\"contentUrl\":\"https:\/\/wpguerssen-test.odoo.rgbconsulting.com\/wp-content\/uploads\/2024\/09\/48714.jpg\",\"width\":640,\"height\":640,\"caption\":\"PLEASE (LP) | Guerssen\"},{\"@type\":\"BreadcrumbList\",\"@id\":\"https:\/\/wpguerssen-test.odoo.rgbconsulting.com\/es\/producto\/talking-to-the-people\/#breadcrumb\",\"itemListElement\":[{\"@type\":\"ListItem\",\"position\":1,\"name\":\"Inicio\",\"item\":\"https:\/\/wpguerssen-test.odoo.rgbconsulting.com\/es\/\"},{\"@type\":\"ListItem\",\"position\":2,\"name\":\"Shop\",\"item\":\"https:\/\/wpguerssen-test.odoo.rgbconsulting.com\/shop\/\"},{\"@type\":\"ListItem\",\"position\":3,\"name\":\"Talking To The People\"}]},{\"@type\":\"WebSite\",\"@id\":\"https:\/\/wpguerssen-test.odoo.rgbconsulting.com\/es\/#website\",\"url\":\"https:\/\/wpguerssen-test.odoo.rgbconsulting.com\/es\/\",\"name\":\"Guerssen records\",\"description\":\"psychedelia - progressive - folk - garage \",\"publisher\":{\"@id\":\"https:\/\/wpguerssen-test.odoo.rgbconsulting.com\/es\/#organization\"},\"potentialAction\":[{\"@type\":\"SearchAction\",\"target\":{\"@type\":\"EntryPoint\",\"urlTemplate\":\"https:\/\/wpguerssen-test.odoo.rgbconsulting.com\/es\/?s={search_term_string}\"},\"query-input\":{\"@type\":\"PropertyValueSpecification\",\"valueRequired\":true,\"valueName\":\"search_term_string\"}}],\"inLanguage\":\"es\"},{\"@type\":\"Organization\",\"@id\":\"https:\/\/wpguerssen-test.odoo.rgbconsulting.com\/es\/#organization\",\"name\":\"Guerssen records\",\"url\":\"https:\/\/wpguerssen-test.odoo.rgbconsulting.com\/es\/\",\"logo\":{\"@type\":\"ImageObject\",\"inLanguage\":\"es\",\"@id\":\"https:\/\/wpguerssen-test.odoo.rgbconsulting.com\/es\/#\/schema\/logo\/image\/\",\"url\":\"https:\/\/wpguerssen-test.odoo.rgbconsulting.com\/wp-content\/uploads\/2022\/04\/Logo_Guerssen_trans_100.png\",\"contentUrl\":\"https:\/\/wpguerssen-test.odoo.rgbconsulting.com\/wp-content\/uploads\/2022\/04\/Logo_Guerssen_trans_100.png\",\"width\":122,\"height\":100,\"caption\":\"Guerssen records\"},\"image\":{\"@id\":\"https:\/\/wpguerssen-test.odoo.rgbconsulting.com\/es\/#\/schema\/logo\/image\/\"}}]}<\/script>\n<!-- \/ Yoast SEO plugin. -->","yoast_head_json":{"title":"BLACK NASTY - Talking To The People -  (LP) | Guerssen","description":"There's always a risk you run, when championing a record like Talking to the People, of overstating your case. There's generally an easy-to-grapple-with reason why something that the vast majority of the listening public hasn't listened to hasn't been heard. Poor distribution, something slightly missing in the singles, critical misunderstanding, bad timing; all those things have coalesced to make many deserving records lose out on their just desserts.But pressing play on Talking to the People really does feel like something revelatory, something transcendent. It's like if the Bar-Kays of the early '70s had a woman on the mic, or if Funkadelic leaned more into rock, or if Sly Stone had half the budget. It's an album that feels contemporary -- it almost predicts Black genre experimentalists like SAULT -- but also fits so neatly in with everything happening in Detroit and Memphis funk in 1973. It failed to find an audience because the audience it predicts -- the musical omnivore who could see the strands between everything -- hardly existed in earnest by then.","robots":{"index":"index","follow":"follow","max-snippet":"max-snippet:-1","max-image-preview":"max-image-preview:large","max-video-preview":"max-video-preview:-1"},"canonical":"https:\/\/wpguerssen-test.odoo.rgbconsulting.com\/es\/producto\/talking-to-the-people\/","og_locale":"es_ES","og_type":"article","og_title":"BLACK NASTY - Talking To The People -  (LP) | Guerssen","og_description":"There's always a risk you run, when championing a record like Talking to the People, of overstating your case. There's generally an easy-to-grapple-with reason why something that the vast majority of the listening public hasn't listened to hasn't been heard. Poor distribution, something slightly missing in the singles, critical misunderstanding, bad timing; all those things have coalesced to make many deserving records lose out on their just desserts.But pressing play on Talking to the People really does feel like something revelatory, something transcendent. It's like if the Bar-Kays of the early '70s had a woman on the mic, or if Funkadelic leaned more into rock, or if Sly Stone had half the budget. It's an album that feels contemporary -- it almost predicts Black genre experimentalists like SAULT -- but also fits so neatly in with everything happening in Detroit and Memphis funk in 1973. It failed to find an audience because the audience it predicts -- the musical omnivore who could see the strands between everything -- hardly existed in earnest by then.","og_url":"https:\/\/wpguerssen-test.odoo.rgbconsulting.com\/es\/producto\/talking-to-the-people\/","og_site_name":"Guerssen records","article_modified_time":"2025-04-22T14:59:50+00:00","og_image":[{"width":640,"height":640,"url":"https:\/\/wpguerssen-test.odoo.rgbconsulting.com\/wp-content\/uploads\/2024\/09\/48714.jpg","type":"image\/jpeg"}],"twitter_card":"summary_large_image","twitter_title":"BLACK NASTY - Talking To The People -  (LP) | Guerssen","twitter_misc":{"Tiempo de lectura":"1 minuto"},"schema":{"@context":"https:\/\/schema.org","@graph":[{"@type":"WebPage","@id":"https:\/\/wpguerssen-test.odoo.rgbconsulting.com\/es\/producto\/talking-to-the-people\/","url":"https:\/\/wpguerssen-test.odoo.rgbconsulting.com\/es\/producto\/talking-to-the-people\/","name":"BLACK NASTY - Talking To The People - (LP) | Guerssen","isPartOf":{"@id":"https:\/\/wpguerssen-test.odoo.rgbconsulting.com\/es\/#website"},"primaryImageOfPage":{"@id":"https:\/\/wpguerssen-test.odoo.rgbconsulting.com\/es\/producto\/talking-to-the-people\/#primaryimage"},"image":{"@id":"https:\/\/wpguerssen-test.odoo.rgbconsulting.com\/es\/producto\/talking-to-the-people\/#primaryimage"},"thumbnailUrl":"https:\/\/wpguerssen-test.odoo.rgbconsulting.com\/wp-content\/uploads\/2024\/09\/48714.jpg","datePublished":"2025-04-21T22:00:00+00:00","dateModified":"2025-04-22T14:59:50+00:00","description":"There's always a risk you run, when championing a record like Talking to the People, of overstating your case. There's generally an easy-to-grapple-with reason why something that the vast majority of the listening public hasn't listened to hasn't been heard. Poor distribution, something slightly missing in the singles, critical misunderstanding, bad timing; all those things have coalesced to make many deserving records lose out on their just desserts.But pressing play on Talking to the People really does feel like something revelatory, something transcendent. It's like if the Bar-Kays of the early '70s had a woman on the mic, or if Funkadelic leaned more into rock, or if Sly Stone had half the budget. It's an album that feels contemporary -- it almost predicts Black genre experimentalists like SAULT -- but also fits so neatly in with everything happening in Detroit and Memphis funk in 1973. It failed to find an audience because the audience it predicts -- the musical omnivore who could see the strands between everything -- hardly existed in earnest by then.","breadcrumb":{"@id":"https:\/\/wpguerssen-test.odoo.rgbconsulting.com\/es\/producto\/talking-to-the-people\/#breadcrumb"},"inLanguage":"es","potentialAction":[{"@type":"ReadAction","target":["https:\/\/wpguerssen-test.odoo.rgbconsulting.com\/es\/producto\/talking-to-the-people\/"]}]},{"@type":"ImageObject","inLanguage":"es","@id":"https:\/\/wpguerssen-test.odoo.rgbconsulting.com\/es\/producto\/talking-to-the-people\/#primaryimage","url":"https:\/\/wpguerssen-test.odoo.rgbconsulting.com\/wp-content\/uploads\/2024\/09\/48714.jpg","contentUrl":"https:\/\/wpguerssen-test.odoo.rgbconsulting.com\/wp-content\/uploads\/2024\/09\/48714.jpg","width":640,"height":640,"caption":"PLEASE (LP) | Guerssen"},{"@type":"BreadcrumbList","@id":"https:\/\/wpguerssen-test.odoo.rgbconsulting.com\/es\/producto\/talking-to-the-people\/#breadcrumb","itemListElement":[{"@type":"ListItem","position":1,"name":"Inicio","item":"https:\/\/wpguerssen-test.odoo.rgbconsulting.com\/es\/"},{"@type":"ListItem","position":2,"name":"Shop","item":"https:\/\/wpguerssen-test.odoo.rgbconsulting.com\/shop\/"},{"@type":"ListItem","position":3,"name":"Talking To The People"}]},{"@type":"WebSite","@id":"https:\/\/wpguerssen-test.odoo.rgbconsulting.com\/es\/#website","url":"https:\/\/wpguerssen-test.odoo.rgbconsulting.com\/es\/","name":"Guerssen records","description":"psychedelia - progressive - folk - garage ","publisher":{"@id":"https:\/\/wpguerssen-test.odoo.rgbconsulting.com\/es\/#organization"},"potentialAction":[{"@type":"SearchAction","target":{"@type":"EntryPoint","urlTemplate":"https:\/\/wpguerssen-test.odoo.rgbconsulting.com\/es\/?s={search_term_string}"},"query-input":{"@type":"PropertyValueSpecification","valueRequired":true,"valueName":"search_term_string"}}],"inLanguage":"es"},{"@type":"Organization","@id":"https:\/\/wpguerssen-test.odoo.rgbconsulting.com\/es\/#organization","name":"Guerssen records","url":"https:\/\/wpguerssen-test.odoo.rgbconsulting.com\/es\/","logo":{"@type":"ImageObject","inLanguage":"es","@id":"https:\/\/wpguerssen-test.odoo.rgbconsulting.com\/es\/#\/schema\/logo\/image\/","url":"https:\/\/wpguerssen-test.odoo.rgbconsulting.com\/wp-content\/uploads\/2022\/04\/Logo_Guerssen_trans_100.png","contentUrl":"https:\/\/wpguerssen-test.odoo.rgbconsulting.com\/wp-content\/uploads\/2022\/04\/Logo_Guerssen_trans_100.png","width":122,"height":100,"caption":"Guerssen records"},"image":{"@id":"https:\/\/wpguerssen-test.odoo.rgbconsulting.com\/es\/#\/schema\/logo\/image\/"}}]}},"_links":{"self":[{"href":"https:\/\/wpguerssen-test.odoo.rgbconsulting.com\/es\/wp-json\/wp\/v2\/product\/275706","targetHints":{"allow":["GET"]}}],"collection":[{"href":"https:\/\/wpguerssen-test.odoo.rgbconsulting.com\/es\/wp-json\/wp\/v2\/product"}],"about":[{"href":"https:\/\/wpguerssen-test.odoo.rgbconsulting.com\/es\/wp-json\/wp\/v2\/types\/product"}],"wp:featuredmedia":[{"embeddable":true,"href":"https:\/\/wpguerssen-test.odoo.rgbconsulting.com\/es\/wp-json\/wp\/v2\/media\/275575"}],"wp:attachment":[{"href":"https:\/\/wpguerssen-test.odoo.rgbconsulting.com\/es\/wp-json\/wp\/v2\/media?parent=275706"}],"wp:term":[{"taxonomy":"product_brand","embeddable":true,"href":"https:\/\/wpguerssen-test.odoo.rgbconsulting.com\/es\/wp-json\/wp\/v2\/product_brand?post=275706"},{"taxonomy":"product_cat","embeddable":true,"href":"https:\/\/wpguerssen-test.odoo.rgbconsulting.com\/es\/wp-json\/wp\/v2\/product_cat?post=275706"},{"taxonomy":"product_tag","embeddable":true,"href":"https:\/\/wpguerssen-test.odoo.rgbconsulting.com\/es\/wp-json\/wp\/v2\/product_tag?post=275706"}],"curies":[{"name":"wp","href":"https:\/\/api.w.org\/{rel}","templated":true}]}}