{"id":275709,"date":"2025-03-19T00:00:00","date_gmt":"2025-03-18T23:00:00","guid":{"rendered":"https:\/\/wpguerssen-test.odoo.rgbconsulting.com\/product\/its-a-hard-life\/"},"modified":"2025-04-23T17:32:51","modified_gmt":"2025-04-23T15:32:51","slug":"its-a-hard-life","status":"publish","type":"product","link":"https:\/\/wpguerssen-test.odoo.rgbconsulting.com\/es\/producto\/its-a-hard-life\/","title":{"rendered":"It&#8217;s A Hard Life"},"content":{"rendered":"<p>The Atlantics, una incre\u00edble banda australiana activa desde 1963 hasta 1969 que grab\u00f3 una buena cantidad de temas incre\u00edbles, 14 de ellos recopilados aqu\u00ed en un LP limitado de 500 copias lanzado oficialmente en el sello Rumble Skunk de Grecia. Incluye el himno garage-psych \u00abIt&#8217;s a hard life\u00bb, el psicod\u00e9lico \u00abLight Shades of Dark (part 1)\u00bb, algunas versiones crudas de R&#038;B de cl\u00e1sicos como \u00abPretty Thing\u00bb o \u00abYou can&#8217;t Judge a book by its cover\u00bb y una estupenda versi\u00f3n de \u00abYou tell me Why\u00bb de Beau Brummels. Viene con inserto de notas.<\/p>\n","protected":false},"excerpt":{"rendered":"<p>The Atlantics, una incre\u00edble banda australiana activa desde 1963 hasta 1969 que grab\u00f3 una buena cantidad de temas incre\u00edbles, 14 de ellos recopilados aqu\u00ed en un<a class=\"read\" href=\"https:\/\/wpguerssen-test.odoo.rgbconsulting.com\/es\/producto\/its-a-hard-life\/\"> (...)<\/a>","protected":false},"featured_media":275584,"template":"","meta":{"_acf_changed":false},"product_brand":[],"product_cat":[23281],"product_tag":[],"class_list":{"0":"post-275709","1":"product","2":"type-product","3":"status-publish","4":"has-post-thumbnail","6":"product_cat-garagebeatrnb60-70-es","7":"pa_artist-atlantics-the","8":"pa_format-lp-es","9":"pa_gender-garage-beat-rnb60-70-garagebeatrnb60-70","10":"pa_label-rumble-skunk","11":"pa_location-australia-nz-es","12":"pa_other-filters-vinyl-only-es","14":"first","15":"instock","16":"taxable","17":"shipping-taxable","18":"purchasable","19":"product-type-simple"},"acf":[],"yoast_head":"<!-- This site is optimized with the Yoast SEO plugin v24.9 - https:\/\/yoast.com\/wordpress\/plugins\/seo\/ -->\n<title>ATLANTICS, The - It&#039;s A Hard Life -  (LP) | Guerssen<\/title>\n<meta name=\"description\" content=\"The Atlantics, an amazing aussie band active from 1963 to 1969 who recorded quite a good number of killer tracks, 14 of them compiled here in a 500 copies limited LP officially out on Rumble Skunk label out of Greece. Features the killer garage-psych anthem &quot;It&#039;s a hard life&quot;, the psychedelic &quot;Light Shades of Dark (part 1)&quot;, some crude R&amp;B versions of classics such as &quot;Pretty Thing&quot; or &quot;You can&#039;t judge a book by its cover&quot; and a great cover of Beau Brummels&#039; &quot;You tell me why&quot;. Comes with linernotes.\" \/>\n<meta name=\"robots\" content=\"index, follow, max-snippet:-1, max-image-preview:large, max-video-preview:-1\" \/>\n<link rel=\"canonical\" href=\"https:\/\/wpguerssen-test.odoo.rgbconsulting.com\/es\/producto\/its-a-hard-life\/\" \/>\n<meta property=\"og:locale\" content=\"es_ES\" \/>\n<meta property=\"og:type\" content=\"article\" \/>\n<meta property=\"og:title\" content=\"ATLANTICS, The - It&#039;s A Hard Life -  (LP) | Guerssen\" \/>\n<meta property=\"og:description\" content=\"The Atlantics, an amazing aussie band active from 1963 to 1969 who recorded quite a good number of killer tracks, 14 of them compiled here in a 500 copies limited LP officially out on Rumble Skunk label out of Greece. Features the killer garage-psych anthem &quot;It&#039;s a hard life&quot;, the psychedelic &quot;Light Shades of Dark (part 1)&quot;, some crude R&amp;B versions of classics such as &quot;Pretty Thing&quot; or &quot;You can&#039;t judge a book by its cover&quot; and a great cover of Beau Brummels&#039; &quot;You tell me why&quot;. Comes with linernotes.\" \/>\n<meta property=\"og:url\" content=\"https:\/\/wpguerssen-test.odoo.rgbconsulting.com\/es\/producto\/its-a-hard-life\/\" \/>\n<meta property=\"og:site_name\" content=\"Guerssen records\" \/>\n<meta property=\"article:modified_time\" content=\"2025-04-23T15:32:51+00:00\" \/>\n<meta property=\"og:image\" content=\"https:\/\/wpguerssen-test.odoo.rgbconsulting.com\/wp-content\/uploads\/2024\/09\/48718.jpg\" \/>\n\t<meta property=\"og:image:width\" content=\"700\" \/>\n\t<meta property=\"og:image:height\" content=\"700\" \/>\n\t<meta property=\"og:image:type\" content=\"image\/jpeg\" \/>\n<meta name=\"twitter:card\" content=\"summary_large_image\" \/>\n<meta name=\"twitter:title\" content=\"ATLANTICS, The - It&#039;s A Hard Life -  (LP) | Guerssen\" \/>\n<script type=\"application\/ld+json\" class=\"yoast-schema-graph\">{\"@context\":\"https:\/\/schema.org\",\"@graph\":[{\"@type\":\"WebPage\",\"@id\":\"https:\/\/wpguerssen-test.odoo.rgbconsulting.com\/es\/producto\/its-a-hard-life\/\",\"url\":\"https:\/\/wpguerssen-test.odoo.rgbconsulting.com\/es\/producto\/its-a-hard-life\/\",\"name\":\"ATLANTICS, The - It's A Hard Life - (LP) | Guerssen\",\"isPartOf\":{\"@id\":\"https:\/\/wpguerssen-test.odoo.rgbconsulting.com\/es\/#website\"},\"primaryImageOfPage\":{\"@id\":\"https:\/\/wpguerssen-test.odoo.rgbconsulting.com\/es\/producto\/its-a-hard-life\/#primaryimage\"},\"image\":{\"@id\":\"https:\/\/wpguerssen-test.odoo.rgbconsulting.com\/es\/producto\/its-a-hard-life\/#primaryimage\"},\"thumbnailUrl\":\"https:\/\/wpguerssen-test.odoo.rgbconsulting.com\/wp-content\/uploads\/2024\/09\/48718.jpg\",\"datePublished\":\"2025-03-18T23:00:00+00:00\",\"dateModified\":\"2025-04-23T15:32:51+00:00\",\"description\":\"The Atlantics, an amazing aussie band active from 1963 to 1969 who recorded quite a good number of killer tracks, 14 of them compiled here in a 500 copies limited LP officially out on Rumble Skunk label out of Greece. Features the killer garage-psych anthem \\\"It's a hard life\\\", the psychedelic \\\"Light Shades of Dark (part 1)\\\", some crude R&B versions of classics such as \\\"Pretty Thing\\\" or \\\"You can't judge a book by its cover\\\" and a great cover of Beau Brummels' \\\"You tell me why\\\". Comes with linernotes.\",\"breadcrumb\":{\"@id\":\"https:\/\/wpguerssen-test.odoo.rgbconsulting.com\/es\/producto\/its-a-hard-life\/#breadcrumb\"},\"inLanguage\":\"es\",\"potentialAction\":[{\"@type\":\"ReadAction\",\"target\":[\"https:\/\/wpguerssen-test.odoo.rgbconsulting.com\/es\/producto\/its-a-hard-life\/\"]}]},{\"@type\":\"ImageObject\",\"inLanguage\":\"es\",\"@id\":\"https:\/\/wpguerssen-test.odoo.rgbconsulting.com\/es\/producto\/its-a-hard-life\/#primaryimage\",\"url\":\"https:\/\/wpguerssen-test.odoo.rgbconsulting.com\/wp-content\/uploads\/2024\/09\/48718.jpg\",\"contentUrl\":\"https:\/\/wpguerssen-test.odoo.rgbconsulting.com\/wp-content\/uploads\/2024\/09\/48718.jpg\",\"width\":700,\"height\":700,\"caption\":\"The - It's A Hard Life - RUMBLE SKUNK (LP) | Guerssen\"},{\"@type\":\"BreadcrumbList\",\"@id\":\"https:\/\/wpguerssen-test.odoo.rgbconsulting.com\/es\/producto\/its-a-hard-life\/#breadcrumb\",\"itemListElement\":[{\"@type\":\"ListItem\",\"position\":1,\"name\":\"Inicio\",\"item\":\"https:\/\/wpguerssen-test.odoo.rgbconsulting.com\/es\/\"},{\"@type\":\"ListItem\",\"position\":2,\"name\":\"Shop\",\"item\":\"https:\/\/wpguerssen-test.odoo.rgbconsulting.com\/shop\/\"},{\"@type\":\"ListItem\",\"position\":3,\"name\":\"It&#8217;s A Hard Life\"}]},{\"@type\":\"WebSite\",\"@id\":\"https:\/\/wpguerssen-test.odoo.rgbconsulting.com\/es\/#website\",\"url\":\"https:\/\/wpguerssen-test.odoo.rgbconsulting.com\/es\/\",\"name\":\"Guerssen records\",\"description\":\"psychedelia - progressive - folk - garage \",\"publisher\":{\"@id\":\"https:\/\/wpguerssen-test.odoo.rgbconsulting.com\/es\/#organization\"},\"potentialAction\":[{\"@type\":\"SearchAction\",\"target\":{\"@type\":\"EntryPoint\",\"urlTemplate\":\"https:\/\/wpguerssen-test.odoo.rgbconsulting.com\/es\/?s={search_term_string}\"},\"query-input\":{\"@type\":\"PropertyValueSpecification\",\"valueRequired\":true,\"valueName\":\"search_term_string\"}}],\"inLanguage\":\"es\"},{\"@type\":\"Organization\",\"@id\":\"https:\/\/wpguerssen-test.odoo.rgbconsulting.com\/es\/#organization\",\"name\":\"Guerssen records\",\"url\":\"https:\/\/wpguerssen-test.odoo.rgbconsulting.com\/es\/\",\"logo\":{\"@type\":\"ImageObject\",\"inLanguage\":\"es\",\"@id\":\"https:\/\/wpguerssen-test.odoo.rgbconsulting.com\/es\/#\/schema\/logo\/image\/\",\"url\":\"https:\/\/wpguerssen-test.odoo.rgbconsulting.com\/wp-content\/uploads\/2022\/04\/Logo_Guerssen_trans_100.png\",\"contentUrl\":\"https:\/\/wpguerssen-test.odoo.rgbconsulting.com\/wp-content\/uploads\/2022\/04\/Logo_Guerssen_trans_100.png\",\"width\":122,\"height\":100,\"caption\":\"Guerssen records\"},\"image\":{\"@id\":\"https:\/\/wpguerssen-test.odoo.rgbconsulting.com\/es\/#\/schema\/logo\/image\/\"}}]}<\/script>\n<!-- \/ Yoast SEO plugin. -->","yoast_head_json":{"title":"ATLANTICS, The - It's A Hard Life -  (LP) | Guerssen","description":"The Atlantics, an amazing aussie band active from 1963 to 1969 who recorded quite a good number of killer tracks, 14 of them compiled here in a 500 copies limited LP officially out on Rumble Skunk label out of Greece. Features the killer garage-psych anthem \"It's a hard life\", the psychedelic \"Light Shades of Dark (part 1)\", some crude R&B versions of classics such as \"Pretty Thing\" or \"You can't judge a book by its cover\" and a great cover of Beau Brummels' \"You tell me why\". Comes with linernotes.","robots":{"index":"index","follow":"follow","max-snippet":"max-snippet:-1","max-image-preview":"max-image-preview:large","max-video-preview":"max-video-preview:-1"},"canonical":"https:\/\/wpguerssen-test.odoo.rgbconsulting.com\/es\/producto\/its-a-hard-life\/","og_locale":"es_ES","og_type":"article","og_title":"ATLANTICS, The - It's A Hard Life -  (LP) | Guerssen","og_description":"The Atlantics, an amazing aussie band active from 1963 to 1969 who recorded quite a good number of killer tracks, 14 of them compiled here in a 500 copies limited LP officially out on Rumble Skunk label out of Greece. Features the killer garage-psych anthem \"It's a hard life\", the psychedelic \"Light Shades of Dark (part 1)\", some crude R&B versions of classics such as \"Pretty Thing\" or \"You can't judge a book by its cover\" and a great cover of Beau Brummels' \"You tell me why\". Comes with linernotes.","og_url":"https:\/\/wpguerssen-test.odoo.rgbconsulting.com\/es\/producto\/its-a-hard-life\/","og_site_name":"Guerssen records","article_modified_time":"2025-04-23T15:32:51+00:00","og_image":[{"width":700,"height":700,"url":"https:\/\/wpguerssen-test.odoo.rgbconsulting.com\/wp-content\/uploads\/2024\/09\/48718.jpg","type":"image\/jpeg"}],"twitter_card":"summary_large_image","twitter_title":"ATLANTICS, The - It's A Hard Life -  (LP) | Guerssen","schema":{"@context":"https:\/\/schema.org","@graph":[{"@type":"WebPage","@id":"https:\/\/wpguerssen-test.odoo.rgbconsulting.com\/es\/producto\/its-a-hard-life\/","url":"https:\/\/wpguerssen-test.odoo.rgbconsulting.com\/es\/producto\/its-a-hard-life\/","name":"ATLANTICS, The - It's A Hard Life - (LP) | Guerssen","isPartOf":{"@id":"https:\/\/wpguerssen-test.odoo.rgbconsulting.com\/es\/#website"},"primaryImageOfPage":{"@id":"https:\/\/wpguerssen-test.odoo.rgbconsulting.com\/es\/producto\/its-a-hard-life\/#primaryimage"},"image":{"@id":"https:\/\/wpguerssen-test.odoo.rgbconsulting.com\/es\/producto\/its-a-hard-life\/#primaryimage"},"thumbnailUrl":"https:\/\/wpguerssen-test.odoo.rgbconsulting.com\/wp-content\/uploads\/2024\/09\/48718.jpg","datePublished":"2025-03-18T23:00:00+00:00","dateModified":"2025-04-23T15:32:51+00:00","description":"The Atlantics, an amazing aussie band active from 1963 to 1969 who recorded quite a good number of killer tracks, 14 of them compiled here in a 500 copies limited LP officially out on Rumble Skunk label out of Greece. Features the killer garage-psych anthem \"It's a hard life\", the psychedelic \"Light Shades of Dark (part 1)\", some crude R&B versions of classics such as \"Pretty Thing\" or \"You can't judge a book by its cover\" and a great cover of Beau Brummels' \"You tell me why\". Comes with linernotes.","breadcrumb":{"@id":"https:\/\/wpguerssen-test.odoo.rgbconsulting.com\/es\/producto\/its-a-hard-life\/#breadcrumb"},"inLanguage":"es","potentialAction":[{"@type":"ReadAction","target":["https:\/\/wpguerssen-test.odoo.rgbconsulting.com\/es\/producto\/its-a-hard-life\/"]}]},{"@type":"ImageObject","inLanguage":"es","@id":"https:\/\/wpguerssen-test.odoo.rgbconsulting.com\/es\/producto\/its-a-hard-life\/#primaryimage","url":"https:\/\/wpguerssen-test.odoo.rgbconsulting.com\/wp-content\/uploads\/2024\/09\/48718.jpg","contentUrl":"https:\/\/wpguerssen-test.odoo.rgbconsulting.com\/wp-content\/uploads\/2024\/09\/48718.jpg","width":700,"height":700,"caption":"The - It's A Hard Life - RUMBLE SKUNK (LP) | Guerssen"},{"@type":"BreadcrumbList","@id":"https:\/\/wpguerssen-test.odoo.rgbconsulting.com\/es\/producto\/its-a-hard-life\/#breadcrumb","itemListElement":[{"@type":"ListItem","position":1,"name":"Inicio","item":"https:\/\/wpguerssen-test.odoo.rgbconsulting.com\/es\/"},{"@type":"ListItem","position":2,"name":"Shop","item":"https:\/\/wpguerssen-test.odoo.rgbconsulting.com\/shop\/"},{"@type":"ListItem","position":3,"name":"It&#8217;s A Hard Life"}]},{"@type":"WebSite","@id":"https:\/\/wpguerssen-test.odoo.rgbconsulting.com\/es\/#website","url":"https:\/\/wpguerssen-test.odoo.rgbconsulting.com\/es\/","name":"Guerssen records","description":"psychedelia - progressive - folk - garage ","publisher":{"@id":"https:\/\/wpguerssen-test.odoo.rgbconsulting.com\/es\/#organization"},"potentialAction":[{"@type":"SearchAction","target":{"@type":"EntryPoint","urlTemplate":"https:\/\/wpguerssen-test.odoo.rgbconsulting.com\/es\/?s={search_term_string}"},"query-input":{"@type":"PropertyValueSpecification","valueRequired":true,"valueName":"search_term_string"}}],"inLanguage":"es"},{"@type":"Organization","@id":"https:\/\/wpguerssen-test.odoo.rgbconsulting.com\/es\/#organization","name":"Guerssen records","url":"https:\/\/wpguerssen-test.odoo.rgbconsulting.com\/es\/","logo":{"@type":"ImageObject","inLanguage":"es","@id":"https:\/\/wpguerssen-test.odoo.rgbconsulting.com\/es\/#\/schema\/logo\/image\/","url":"https:\/\/wpguerssen-test.odoo.rgbconsulting.com\/wp-content\/uploads\/2022\/04\/Logo_Guerssen_trans_100.png","contentUrl":"https:\/\/wpguerssen-test.odoo.rgbconsulting.com\/wp-content\/uploads\/2022\/04\/Logo_Guerssen_trans_100.png","width":122,"height":100,"caption":"Guerssen records"},"image":{"@id":"https:\/\/wpguerssen-test.odoo.rgbconsulting.com\/es\/#\/schema\/logo\/image\/"}}]}},"_links":{"self":[{"href":"https:\/\/wpguerssen-test.odoo.rgbconsulting.com\/es\/wp-json\/wp\/v2\/product\/275709","targetHints":{"allow":["GET"]}}],"collection":[{"href":"https:\/\/wpguerssen-test.odoo.rgbconsulting.com\/es\/wp-json\/wp\/v2\/product"}],"about":[{"href":"https:\/\/wpguerssen-test.odoo.rgbconsulting.com\/es\/wp-json\/wp\/v2\/types\/product"}],"wp:featuredmedia":[{"embeddable":true,"href":"https:\/\/wpguerssen-test.odoo.rgbconsulting.com\/es\/wp-json\/wp\/v2\/media\/275584"}],"wp:attachment":[{"href":"https:\/\/wpguerssen-test.odoo.rgbconsulting.com\/es\/wp-json\/wp\/v2\/media?parent=275709"}],"wp:term":[{"taxonomy":"product_brand","embeddable":true,"href":"https:\/\/wpguerssen-test.odoo.rgbconsulting.com\/es\/wp-json\/wp\/v2\/product_brand?post=275709"},{"taxonomy":"product_cat","embeddable":true,"href":"https:\/\/wpguerssen-test.odoo.rgbconsulting.com\/es\/wp-json\/wp\/v2\/product_cat?post=275709"},{"taxonomy":"product_tag","embeddable":true,"href":"https:\/\/wpguerssen-test.odoo.rgbconsulting.com\/es\/wp-json\/wp\/v2\/product_tag?post=275709"}],"curies":[{"name":"wp","href":"https:\/\/api.w.org\/{rel}","templated":true}]}}