{"id":275719,"date":"2025-04-11T00:00:00","date_gmt":"2025-04-10T22:00:00","guid":{"rendered":"https:\/\/wpguerssen-test.odoo.rgbconsulting.com\/product\/now-2\/"},"modified":"2025-04-11T13:20:33","modified_gmt":"2025-04-11T11:20:33","slug":"now-2","status":"publish","type":"product","link":"https:\/\/wpguerssen-test.odoo.rgbconsulting.com\/es\/producto\/now-2\/","title":{"rendered":"Now"},"content":{"rendered":"<p>Ahora es el primer intento de Astrud Gilberto de ser tomada en serio como compositora, en una \u00e9poca en la que simplemente se consideraba que faltaban est\u00e1ndares de canto. Sus cuatro canciones en este \u00e1lbum de diez canciones muestran que tiene habilidad con la melod\u00eda, aunque obviamente influenciada por sus compatriotas Milton Nascimento y Jorge Ben, y su productor Eumir Deodato. \u00abGingele\u00bb y \u00abZigy Zigy Za\u00bb son exactamente el tipo de tropicalismo que Ben y compa\u00f1\u00eda estaban haciendo popular en esa \u00e9poca. \u00abTake It Easy My Brother Charlie\u00bb es probablemente su mejor canci\u00f3n aqu\u00ed. Se hacen muy pocas concesiones a Estados Unidos; s\u00f3lo \u00abDaybreak (Walking Out of Yesterday)\u00bb proviene del mundo pop, con instrumentaci\u00f3n y sonido provenientes del sur del ecuador.<\/p>\n","protected":false},"excerpt":{"rendered":"<p>Ahora es el primer intento de Astrud Gilberto de ser tomada en serio como compositora, en una \u00e9poca en la que simplemente se consideraba que faltaban est\u00e1ndares<a class=\"read\" href=\"https:\/\/wpguerssen-test.odoo.rgbconsulting.com\/es\/producto\/now-2\/\"> (...)<\/a>","protected":false},"featured_media":275614,"template":"","meta":{"_acf_changed":false},"product_brand":[],"product_cat":[23231],"product_tag":[24189],"class_list":{"0":"post-275719","1":"product","2":"type-product","3":"status-publish","4":"has-post-thumbnail","6":"product_cat-latin-brazilian-es","7":"product_tag-recien-llegadas","8":"pa_artist-gilberto-astrud-es","9":"pa_format-lp-es","10":"pa_gender-latin-brazilian","11":"pa_label-endless-happiness","12":"pa_location-south-america-caribbean-es","13":"pa_other-filters-vinyl-only-es","15":"first","16":"instock","17":"taxable","18":"shipping-taxable","19":"purchasable","20":"product-type-simple"},"acf":[],"yoast_head":"<!-- This site is optimized with the Yoast SEO plugin v24.9 - https:\/\/yoast.com\/wordpress\/plugins\/seo\/ -->\n<title>GILBERTO, Astrud - Now -  (LP) | Guerssen<\/title>\n<meta name=\"description\" content=\"Now is Astrud Gilberto&#039;s first attempt to be taken seriously as a songwriter, at a time when simply singing standards was seen as lacking. Her four songs on this ten-song album show she has a way with a melody, though obviously influenced by countrymen Milton Nascimento and Jorge Ben, and her producer Eumir Deodato. &quot;Gingele&quot; and &quot;Zigy Zigy Za&quot; are exactly the kind of rip-based tropicalismo that Ben and company were making popular around this time. &quot;Take It Easy My Brother Charlie&quot; is probably her best song here. Very few concessions are made to America; only &quot;Daybreak (Walking Out of Yesterday)&quot; comes from the pop world, with instrumentation and sound coming from south of the equator.\" \/>\n<meta name=\"robots\" content=\"index, follow, max-snippet:-1, max-image-preview:large, max-video-preview:-1\" \/>\n<link rel=\"canonical\" href=\"https:\/\/wpguerssen-test.odoo.rgbconsulting.com\/es\/producto\/now-2\/\" \/>\n<meta property=\"og:locale\" content=\"es_ES\" \/>\n<meta property=\"og:type\" content=\"article\" \/>\n<meta property=\"og:title\" content=\"GILBERTO, Astrud - Now -  (LP) | Guerssen\" \/>\n<meta property=\"og:description\" content=\"Now is Astrud Gilberto&#039;s first attempt to be taken seriously as a songwriter, at a time when simply singing standards was seen as lacking. Her four songs on this ten-song album show she has a way with a melody, though obviously influenced by countrymen Milton Nascimento and Jorge Ben, and her producer Eumir Deodato. &quot;Gingele&quot; and &quot;Zigy Zigy Za&quot; are exactly the kind of rip-based tropicalismo that Ben and company were making popular around this time. &quot;Take It Easy My Brother Charlie&quot; is probably her best song here. Very few concessions are made to America; only &quot;Daybreak (Walking Out of Yesterday)&quot; comes from the pop world, with instrumentation and sound coming from south of the equator.\" \/>\n<meta property=\"og:url\" content=\"https:\/\/wpguerssen-test.odoo.rgbconsulting.com\/es\/producto\/now-2\/\" \/>\n<meta property=\"og:site_name\" content=\"Guerssen records\" \/>\n<meta property=\"article:modified_time\" content=\"2025-04-11T11:20:33+00:00\" \/>\n<meta property=\"og:image\" content=\"https:\/\/wpguerssen-test.odoo.rgbconsulting.com\/wp-content\/uploads\/2024\/09\/48728.jpg\" \/>\n\t<meta property=\"og:image:width\" content=\"945\" \/>\n\t<meta property=\"og:image:height\" content=\"945\" \/>\n\t<meta property=\"og:image:type\" content=\"image\/jpeg\" \/>\n<meta name=\"twitter:card\" content=\"summary_large_image\" \/>\n<meta name=\"twitter:title\" content=\"GILBERTO, Astrud - Now -  (LP) | Guerssen\" \/>\n<meta name=\"twitter:label1\" content=\"Tiempo de lectura\" \/>\n\t<meta name=\"twitter:data1\" content=\"1 minuto\" \/>\n<script type=\"application\/ld+json\" class=\"yoast-schema-graph\">{\"@context\":\"https:\/\/schema.org\",\"@graph\":[{\"@type\":\"WebPage\",\"@id\":\"https:\/\/wpguerssen-test.odoo.rgbconsulting.com\/es\/producto\/now-2\/\",\"url\":\"https:\/\/wpguerssen-test.odoo.rgbconsulting.com\/es\/producto\/now-2\/\",\"name\":\"GILBERTO, Astrud - Now - (LP) | Guerssen\",\"isPartOf\":{\"@id\":\"https:\/\/wpguerssen-test.odoo.rgbconsulting.com\/es\/#website\"},\"primaryImageOfPage\":{\"@id\":\"https:\/\/wpguerssen-test.odoo.rgbconsulting.com\/es\/producto\/now-2\/#primaryimage\"},\"image\":{\"@id\":\"https:\/\/wpguerssen-test.odoo.rgbconsulting.com\/es\/producto\/now-2\/#primaryimage\"},\"thumbnailUrl\":\"https:\/\/wpguerssen-test.odoo.rgbconsulting.com\/wp-content\/uploads\/2024\/09\/48728.jpg\",\"datePublished\":\"2025-04-10T22:00:00+00:00\",\"dateModified\":\"2025-04-11T11:20:33+00:00\",\"description\":\"Now is Astrud Gilberto's first attempt to be taken seriously as a songwriter, at a time when simply singing standards was seen as lacking. Her four songs on this ten-song album show she has a way with a melody, though obviously influenced by countrymen Milton Nascimento and Jorge Ben, and her producer Eumir Deodato. \\\"Gingele\\\" and \\\"Zigy Zigy Za\\\" are exactly the kind of rip-based tropicalismo that Ben and company were making popular around this time. \\\"Take It Easy My Brother Charlie\\\" is probably her best song here. Very few concessions are made to America; only \\\"Daybreak (Walking Out of Yesterday)\\\" comes from the pop world, with instrumentation and sound coming from south of the equator.\",\"breadcrumb\":{\"@id\":\"https:\/\/wpguerssen-test.odoo.rgbconsulting.com\/es\/producto\/now-2\/#breadcrumb\"},\"inLanguage\":\"es\",\"potentialAction\":[{\"@type\":\"ReadAction\",\"target\":[\"https:\/\/wpguerssen-test.odoo.rgbconsulting.com\/es\/producto\/now-2\/\"]}]},{\"@type\":\"ImageObject\",\"inLanguage\":\"es\",\"@id\":\"https:\/\/wpguerssen-test.odoo.rgbconsulting.com\/es\/producto\/now-2\/#primaryimage\",\"url\":\"https:\/\/wpguerssen-test.odoo.rgbconsulting.com\/wp-content\/uploads\/2024\/09\/48728.jpg\",\"contentUrl\":\"https:\/\/wpguerssen-test.odoo.rgbconsulting.com\/wp-content\/uploads\/2024\/09\/48728.jpg\",\"width\":945,\"height\":945,\"caption\":\"Astrud - Now - ENDLESS HAPPINESS (LP) | Guerssen\"},{\"@type\":\"BreadcrumbList\",\"@id\":\"https:\/\/wpguerssen-test.odoo.rgbconsulting.com\/es\/producto\/now-2\/#breadcrumb\",\"itemListElement\":[{\"@type\":\"ListItem\",\"position\":1,\"name\":\"Inicio\",\"item\":\"https:\/\/wpguerssen-test.odoo.rgbconsulting.com\/es\/\"},{\"@type\":\"ListItem\",\"position\":2,\"name\":\"Shop\",\"item\":\"https:\/\/wpguerssen-test.odoo.rgbconsulting.com\/shop\/\"},{\"@type\":\"ListItem\",\"position\":3,\"name\":\"Now\"}]},{\"@type\":\"WebSite\",\"@id\":\"https:\/\/wpguerssen-test.odoo.rgbconsulting.com\/es\/#website\",\"url\":\"https:\/\/wpguerssen-test.odoo.rgbconsulting.com\/es\/\",\"name\":\"Guerssen records\",\"description\":\"psychedelia - progressive - folk - garage \",\"publisher\":{\"@id\":\"https:\/\/wpguerssen-test.odoo.rgbconsulting.com\/es\/#organization\"},\"potentialAction\":[{\"@type\":\"SearchAction\",\"target\":{\"@type\":\"EntryPoint\",\"urlTemplate\":\"https:\/\/wpguerssen-test.odoo.rgbconsulting.com\/es\/?s={search_term_string}\"},\"query-input\":{\"@type\":\"PropertyValueSpecification\",\"valueRequired\":true,\"valueName\":\"search_term_string\"}}],\"inLanguage\":\"es\"},{\"@type\":\"Organization\",\"@id\":\"https:\/\/wpguerssen-test.odoo.rgbconsulting.com\/es\/#organization\",\"name\":\"Guerssen records\",\"url\":\"https:\/\/wpguerssen-test.odoo.rgbconsulting.com\/es\/\",\"logo\":{\"@type\":\"ImageObject\",\"inLanguage\":\"es\",\"@id\":\"https:\/\/wpguerssen-test.odoo.rgbconsulting.com\/es\/#\/schema\/logo\/image\/\",\"url\":\"https:\/\/wpguerssen-test.odoo.rgbconsulting.com\/wp-content\/uploads\/2022\/04\/Logo_Guerssen_trans_100.png\",\"contentUrl\":\"https:\/\/wpguerssen-test.odoo.rgbconsulting.com\/wp-content\/uploads\/2022\/04\/Logo_Guerssen_trans_100.png\",\"width\":122,\"height\":100,\"caption\":\"Guerssen records\"},\"image\":{\"@id\":\"https:\/\/wpguerssen-test.odoo.rgbconsulting.com\/es\/#\/schema\/logo\/image\/\"}}]}<\/script>\n<!-- \/ Yoast SEO plugin. -->","yoast_head_json":{"title":"GILBERTO, Astrud - Now -  (LP) | Guerssen","description":"Now is Astrud Gilberto's first attempt to be taken seriously as a songwriter, at a time when simply singing standards was seen as lacking. Her four songs on this ten-song album show she has a way with a melody, though obviously influenced by countrymen Milton Nascimento and Jorge Ben, and her producer Eumir Deodato. \"Gingele\" and \"Zigy Zigy Za\" are exactly the kind of rip-based tropicalismo that Ben and company were making popular around this time. \"Take It Easy My Brother Charlie\" is probably her best song here. Very few concessions are made to America; only \"Daybreak (Walking Out of Yesterday)\" comes from the pop world, with instrumentation and sound coming from south of the equator.","robots":{"index":"index","follow":"follow","max-snippet":"max-snippet:-1","max-image-preview":"max-image-preview:large","max-video-preview":"max-video-preview:-1"},"canonical":"https:\/\/wpguerssen-test.odoo.rgbconsulting.com\/es\/producto\/now-2\/","og_locale":"es_ES","og_type":"article","og_title":"GILBERTO, Astrud - Now -  (LP) | Guerssen","og_description":"Now is Astrud Gilberto's first attempt to be taken seriously as a songwriter, at a time when simply singing standards was seen as lacking. Her four songs on this ten-song album show she has a way with a melody, though obviously influenced by countrymen Milton Nascimento and Jorge Ben, and her producer Eumir Deodato. \"Gingele\" and \"Zigy Zigy Za\" are exactly the kind of rip-based tropicalismo that Ben and company were making popular around this time. \"Take It Easy My Brother Charlie\" is probably her best song here. Very few concessions are made to America; only \"Daybreak (Walking Out of Yesterday)\" comes from the pop world, with instrumentation and sound coming from south of the equator.","og_url":"https:\/\/wpguerssen-test.odoo.rgbconsulting.com\/es\/producto\/now-2\/","og_site_name":"Guerssen records","article_modified_time":"2025-04-11T11:20:33+00:00","og_image":[{"width":945,"height":945,"url":"https:\/\/wpguerssen-test.odoo.rgbconsulting.com\/wp-content\/uploads\/2024\/09\/48728.jpg","type":"image\/jpeg"}],"twitter_card":"summary_large_image","twitter_title":"GILBERTO, Astrud - Now -  (LP) | Guerssen","twitter_misc":{"Tiempo de lectura":"1 minuto"},"schema":{"@context":"https:\/\/schema.org","@graph":[{"@type":"WebPage","@id":"https:\/\/wpguerssen-test.odoo.rgbconsulting.com\/es\/producto\/now-2\/","url":"https:\/\/wpguerssen-test.odoo.rgbconsulting.com\/es\/producto\/now-2\/","name":"GILBERTO, Astrud - Now - (LP) | Guerssen","isPartOf":{"@id":"https:\/\/wpguerssen-test.odoo.rgbconsulting.com\/es\/#website"},"primaryImageOfPage":{"@id":"https:\/\/wpguerssen-test.odoo.rgbconsulting.com\/es\/producto\/now-2\/#primaryimage"},"image":{"@id":"https:\/\/wpguerssen-test.odoo.rgbconsulting.com\/es\/producto\/now-2\/#primaryimage"},"thumbnailUrl":"https:\/\/wpguerssen-test.odoo.rgbconsulting.com\/wp-content\/uploads\/2024\/09\/48728.jpg","datePublished":"2025-04-10T22:00:00+00:00","dateModified":"2025-04-11T11:20:33+00:00","description":"Now is Astrud Gilberto's first attempt to be taken seriously as a songwriter, at a time when simply singing standards was seen as lacking. Her four songs on this ten-song album show she has a way with a melody, though obviously influenced by countrymen Milton Nascimento and Jorge Ben, and her producer Eumir Deodato. \"Gingele\" and \"Zigy Zigy Za\" are exactly the kind of rip-based tropicalismo that Ben and company were making popular around this time. \"Take It Easy My Brother Charlie\" is probably her best song here. Very few concessions are made to America; only \"Daybreak (Walking Out of Yesterday)\" comes from the pop world, with instrumentation and sound coming from south of the equator.","breadcrumb":{"@id":"https:\/\/wpguerssen-test.odoo.rgbconsulting.com\/es\/producto\/now-2\/#breadcrumb"},"inLanguage":"es","potentialAction":[{"@type":"ReadAction","target":["https:\/\/wpguerssen-test.odoo.rgbconsulting.com\/es\/producto\/now-2\/"]}]},{"@type":"ImageObject","inLanguage":"es","@id":"https:\/\/wpguerssen-test.odoo.rgbconsulting.com\/es\/producto\/now-2\/#primaryimage","url":"https:\/\/wpguerssen-test.odoo.rgbconsulting.com\/wp-content\/uploads\/2024\/09\/48728.jpg","contentUrl":"https:\/\/wpguerssen-test.odoo.rgbconsulting.com\/wp-content\/uploads\/2024\/09\/48728.jpg","width":945,"height":945,"caption":"Astrud - Now - ENDLESS HAPPINESS (LP) | Guerssen"},{"@type":"BreadcrumbList","@id":"https:\/\/wpguerssen-test.odoo.rgbconsulting.com\/es\/producto\/now-2\/#breadcrumb","itemListElement":[{"@type":"ListItem","position":1,"name":"Inicio","item":"https:\/\/wpguerssen-test.odoo.rgbconsulting.com\/es\/"},{"@type":"ListItem","position":2,"name":"Shop","item":"https:\/\/wpguerssen-test.odoo.rgbconsulting.com\/shop\/"},{"@type":"ListItem","position":3,"name":"Now"}]},{"@type":"WebSite","@id":"https:\/\/wpguerssen-test.odoo.rgbconsulting.com\/es\/#website","url":"https:\/\/wpguerssen-test.odoo.rgbconsulting.com\/es\/","name":"Guerssen records","description":"psychedelia - progressive - folk - garage ","publisher":{"@id":"https:\/\/wpguerssen-test.odoo.rgbconsulting.com\/es\/#organization"},"potentialAction":[{"@type":"SearchAction","target":{"@type":"EntryPoint","urlTemplate":"https:\/\/wpguerssen-test.odoo.rgbconsulting.com\/es\/?s={search_term_string}"},"query-input":{"@type":"PropertyValueSpecification","valueRequired":true,"valueName":"search_term_string"}}],"inLanguage":"es"},{"@type":"Organization","@id":"https:\/\/wpguerssen-test.odoo.rgbconsulting.com\/es\/#organization","name":"Guerssen records","url":"https:\/\/wpguerssen-test.odoo.rgbconsulting.com\/es\/","logo":{"@type":"ImageObject","inLanguage":"es","@id":"https:\/\/wpguerssen-test.odoo.rgbconsulting.com\/es\/#\/schema\/logo\/image\/","url":"https:\/\/wpguerssen-test.odoo.rgbconsulting.com\/wp-content\/uploads\/2022\/04\/Logo_Guerssen_trans_100.png","contentUrl":"https:\/\/wpguerssen-test.odoo.rgbconsulting.com\/wp-content\/uploads\/2022\/04\/Logo_Guerssen_trans_100.png","width":122,"height":100,"caption":"Guerssen records"},"image":{"@id":"https:\/\/wpguerssen-test.odoo.rgbconsulting.com\/es\/#\/schema\/logo\/image\/"}}]}},"_links":{"self":[{"href":"https:\/\/wpguerssen-test.odoo.rgbconsulting.com\/es\/wp-json\/wp\/v2\/product\/275719","targetHints":{"allow":["GET"]}}],"collection":[{"href":"https:\/\/wpguerssen-test.odoo.rgbconsulting.com\/es\/wp-json\/wp\/v2\/product"}],"about":[{"href":"https:\/\/wpguerssen-test.odoo.rgbconsulting.com\/es\/wp-json\/wp\/v2\/types\/product"}],"wp:featuredmedia":[{"embeddable":true,"href":"https:\/\/wpguerssen-test.odoo.rgbconsulting.com\/es\/wp-json\/wp\/v2\/media\/275614"}],"wp:attachment":[{"href":"https:\/\/wpguerssen-test.odoo.rgbconsulting.com\/es\/wp-json\/wp\/v2\/media?parent=275719"}],"wp:term":[{"taxonomy":"product_brand","embeddable":true,"href":"https:\/\/wpguerssen-test.odoo.rgbconsulting.com\/es\/wp-json\/wp\/v2\/product_brand?post=275719"},{"taxonomy":"product_cat","embeddable":true,"href":"https:\/\/wpguerssen-test.odoo.rgbconsulting.com\/es\/wp-json\/wp\/v2\/product_cat?post=275719"},{"taxonomy":"product_tag","embeddable":true,"href":"https:\/\/wpguerssen-test.odoo.rgbconsulting.com\/es\/wp-json\/wp\/v2\/product_tag?post=275719"}],"curies":[{"name":"wp","href":"https:\/\/api.w.org\/{rel}","templated":true}]}}