{"id":275729,"date":"2020-11-26T00:00:00","date_gmt":"2020-11-25T23:00:00","guid":{"rendered":"https:\/\/wpguerssen-test.odoo.rgbconsulting.com\/product\/plaster-caster-blues-band\/"},"modified":"2025-02-10T14:08:46","modified_gmt":"2025-02-10T13:08:46","slug":"plaster-caster-blues-band","status":"publish","type":"product","link":"https:\/\/wpguerssen-test.odoo.rgbconsulting.com\/es\/producto\/plaster-caster-blues-band\/","title":{"rendered":"Plaster caster Blues Band"},"content":{"rendered":"<p>Este \u00e1lbum casi enteramente instrumental con sonidos \u00abgroovy\u00bb de los legendarios Plaster Casters, los groupies de Chicago que comenzaron a finales de los 60 con Jimi Hendrix y m\u00e1s tarde con Jello Biafra y Ariel Pink, fue producido por el veterano de la industria musical Bob Thiele y lanzado el su reci\u00e9n inaugurado sello discogr\u00e1fico Flying Dutchman, con sede en Nueva York, que publicaba principalmente jazz y blues, incluidos importantes \u00e1lbumes de Gil Scott-Heron, Gato Barbieri, Oliver Nelson, Lonnie Liston Smith y la esposa de Thiele, la cantante pop Teresa Brewer.<\/p>\n","protected":false},"excerpt":{"rendered":"<p>Este \u00e1lbum casi enteramente instrumental con sonidos \u00abgroovy\u00bb de los legendarios Plaster Casters, los groupies de Chicago que comenzaron a finales de los 60 con<a class=\"read\" href=\"https:\/\/wpguerssen-test.odoo.rgbconsulting.com\/es\/producto\/plaster-caster-blues-band\/\"> (...)<\/a>","protected":false},"featured_media":275644,"template":"","meta":{"_acf_changed":false},"product_brand":[],"product_cat":[23262],"product_tag":[],"class_list":{"0":"post-275729","1":"product","2":"type-product","3":"status-publish","4":"has-post-thumbnail","6":"product_cat-blues-blues-rock-es","7":"pa_artist-plaster-caster-blues-band","8":"pa_format-lp-es","9":"pa_gender-blues-blues-rock","10":"pa_label-endless-happiness","11":"pa_location-north-america-es","12":"pa_other-filters-vinyl-only-es","14":"first","15":"instock","16":"taxable","17":"shipping-taxable","18":"purchasable","19":"product-type-simple"},"acf":[],"yoast_head":"<!-- This site is optimized with the Yoast SEO plugin v24.9 - https:\/\/yoast.com\/wordpress\/plugins\/seo\/ -->\n<title>PLASTER CASTER BLUES BAND - Plaster caster Blues Band -  (LP) | Guerssen<\/title>\n<meta name=\"description\" content=\"This almost entirely instrumental album with &quot;groovy&quot; sounds by the legendary Plaster Casters, the Chicago groupies who started in the late 60s with Jimi Hendrix and later the likes of Jello Biafra and Ariel Pink, was produced by music business veteran Bob Thiele and released on his newly launched New York-based Flying Dutchman record label, which mostly released jazz and blues, including important albums by Gil Scott-Heron, Gato Barbieri, Oliver Nelson, Lonnie Liston Smith and Thiele&#039;s wife, pop singer Teresa Brewer.\" \/>\n<meta name=\"robots\" content=\"index, follow, max-snippet:-1, max-image-preview:large, max-video-preview:-1\" \/>\n<link rel=\"canonical\" href=\"https:\/\/wpguerssen-test.odoo.rgbconsulting.com\/es\/producto\/plaster-caster-blues-band\/\" \/>\n<meta property=\"og:locale\" content=\"es_ES\" \/>\n<meta property=\"og:type\" content=\"article\" \/>\n<meta property=\"og:title\" content=\"PLASTER CASTER BLUES BAND - Plaster caster Blues Band -  (LP) | Guerssen\" \/>\n<meta property=\"og:description\" content=\"This almost entirely instrumental album with &quot;groovy&quot; sounds by the legendary Plaster Casters, the Chicago groupies who started in the late 60s with Jimi Hendrix and later the likes of Jello Biafra and Ariel Pink, was produced by music business veteran Bob Thiele and released on his newly launched New York-based Flying Dutchman record label, which mostly released jazz and blues, including important albums by Gil Scott-Heron, Gato Barbieri, Oliver Nelson, Lonnie Liston Smith and Thiele&#039;s wife, pop singer Teresa Brewer.\" \/>\n<meta property=\"og:url\" content=\"https:\/\/wpguerssen-test.odoo.rgbconsulting.com\/es\/producto\/plaster-caster-blues-band\/\" \/>\n<meta property=\"og:site_name\" content=\"Guerssen records\" \/>\n<meta property=\"article:modified_time\" content=\"2025-02-10T13:08:46+00:00\" \/>\n<meta property=\"og:image\" content=\"https:\/\/wpguerssen-test.odoo.rgbconsulting.com\/wp-content\/uploads\/2024\/09\/48738.jpg\" \/>\n\t<meta property=\"og:image:width\" content=\"945\" \/>\n\t<meta property=\"og:image:height\" content=\"946\" \/>\n\t<meta property=\"og:image:type\" content=\"image\/jpeg\" \/>\n<meta name=\"twitter:card\" content=\"summary_large_image\" \/>\n<meta name=\"twitter:title\" content=\"PLASTER CASTER BLUES BAND - Plaster caster Blues Band -  (LP) | Guerssen\" \/>\n<script type=\"application\/ld+json\" class=\"yoast-schema-graph\">{\"@context\":\"https:\/\/schema.org\",\"@graph\":[{\"@type\":\"WebPage\",\"@id\":\"https:\/\/wpguerssen-test.odoo.rgbconsulting.com\/es\/producto\/plaster-caster-blues-band\/\",\"url\":\"https:\/\/wpguerssen-test.odoo.rgbconsulting.com\/es\/producto\/plaster-caster-blues-band\/\",\"name\":\"PLASTER CASTER BLUES BAND - Plaster caster Blues Band - (LP) | Guerssen\",\"isPartOf\":{\"@id\":\"https:\/\/wpguerssen-test.odoo.rgbconsulting.com\/es\/#website\"},\"primaryImageOfPage\":{\"@id\":\"https:\/\/wpguerssen-test.odoo.rgbconsulting.com\/es\/producto\/plaster-caster-blues-band\/#primaryimage\"},\"image\":{\"@id\":\"https:\/\/wpguerssen-test.odoo.rgbconsulting.com\/es\/producto\/plaster-caster-blues-band\/#primaryimage\"},\"thumbnailUrl\":\"https:\/\/wpguerssen-test.odoo.rgbconsulting.com\/wp-content\/uploads\/2024\/09\/48738.jpg\",\"datePublished\":\"2020-11-25T23:00:00+00:00\",\"dateModified\":\"2025-02-10T13:08:46+00:00\",\"description\":\"This almost entirely instrumental album with \\\"groovy\\\" sounds by the legendary Plaster Casters, the Chicago groupies who started in the late 60s with Jimi Hendrix and later the likes of Jello Biafra and Ariel Pink, was produced by music business veteran Bob Thiele and released on his newly launched New York-based Flying Dutchman record label, which mostly released jazz and blues, including important albums by Gil Scott-Heron, Gato Barbieri, Oliver Nelson, Lonnie Liston Smith and Thiele's wife, pop singer Teresa Brewer.\",\"breadcrumb\":{\"@id\":\"https:\/\/wpguerssen-test.odoo.rgbconsulting.com\/es\/producto\/plaster-caster-blues-band\/#breadcrumb\"},\"inLanguage\":\"es\",\"potentialAction\":[{\"@type\":\"ReadAction\",\"target\":[\"https:\/\/wpguerssen-test.odoo.rgbconsulting.com\/es\/producto\/plaster-caster-blues-band\/\"]}]},{\"@type\":\"ImageObject\",\"inLanguage\":\"es\",\"@id\":\"https:\/\/wpguerssen-test.odoo.rgbconsulting.com\/es\/producto\/plaster-caster-blues-band\/#primaryimage\",\"url\":\"https:\/\/wpguerssen-test.odoo.rgbconsulting.com\/wp-content\/uploads\/2024\/09\/48738.jpg\",\"contentUrl\":\"https:\/\/wpguerssen-test.odoo.rgbconsulting.com\/wp-content\/uploads\/2024\/09\/48738.jpg\",\"width\":945,\"height\":946},{\"@type\":\"BreadcrumbList\",\"@id\":\"https:\/\/wpguerssen-test.odoo.rgbconsulting.com\/es\/producto\/plaster-caster-blues-band\/#breadcrumb\",\"itemListElement\":[{\"@type\":\"ListItem\",\"position\":1,\"name\":\"Inicio\",\"item\":\"https:\/\/wpguerssen-test.odoo.rgbconsulting.com\/es\/\"},{\"@type\":\"ListItem\",\"position\":2,\"name\":\"Shop\",\"item\":\"https:\/\/wpguerssen-test.odoo.rgbconsulting.com\/shop\/\"},{\"@type\":\"ListItem\",\"position\":3,\"name\":\"Plaster caster Blues Band\"}]},{\"@type\":\"WebSite\",\"@id\":\"https:\/\/wpguerssen-test.odoo.rgbconsulting.com\/es\/#website\",\"url\":\"https:\/\/wpguerssen-test.odoo.rgbconsulting.com\/es\/\",\"name\":\"Guerssen records\",\"description\":\"psychedelia - progressive - folk - garage \",\"publisher\":{\"@id\":\"https:\/\/wpguerssen-test.odoo.rgbconsulting.com\/es\/#organization\"},\"potentialAction\":[{\"@type\":\"SearchAction\",\"target\":{\"@type\":\"EntryPoint\",\"urlTemplate\":\"https:\/\/wpguerssen-test.odoo.rgbconsulting.com\/es\/?s={search_term_string}\"},\"query-input\":{\"@type\":\"PropertyValueSpecification\",\"valueRequired\":true,\"valueName\":\"search_term_string\"}}],\"inLanguage\":\"es\"},{\"@type\":\"Organization\",\"@id\":\"https:\/\/wpguerssen-test.odoo.rgbconsulting.com\/es\/#organization\",\"name\":\"Guerssen records\",\"url\":\"https:\/\/wpguerssen-test.odoo.rgbconsulting.com\/es\/\",\"logo\":{\"@type\":\"ImageObject\",\"inLanguage\":\"es\",\"@id\":\"https:\/\/wpguerssen-test.odoo.rgbconsulting.com\/es\/#\/schema\/logo\/image\/\",\"url\":\"https:\/\/wpguerssen-test.odoo.rgbconsulting.com\/wp-content\/uploads\/2022\/04\/Logo_Guerssen_trans_100.png\",\"contentUrl\":\"https:\/\/wpguerssen-test.odoo.rgbconsulting.com\/wp-content\/uploads\/2022\/04\/Logo_Guerssen_trans_100.png\",\"width\":122,\"height\":100,\"caption\":\"Guerssen records\"},\"image\":{\"@id\":\"https:\/\/wpguerssen-test.odoo.rgbconsulting.com\/es\/#\/schema\/logo\/image\/\"}}]}<\/script>\n<!-- \/ Yoast SEO plugin. -->","yoast_head_json":{"title":"PLASTER CASTER BLUES BAND - Plaster caster Blues Band -  (LP) | Guerssen","description":"This almost entirely instrumental album with \"groovy\" sounds by the legendary Plaster Casters, the Chicago groupies who started in the late 60s with Jimi Hendrix and later the likes of Jello Biafra and Ariel Pink, was produced by music business veteran Bob Thiele and released on his newly launched New York-based Flying Dutchman record label, which mostly released jazz and blues, including important albums by Gil Scott-Heron, Gato Barbieri, Oliver Nelson, Lonnie Liston Smith and Thiele's wife, pop singer Teresa Brewer.","robots":{"index":"index","follow":"follow","max-snippet":"max-snippet:-1","max-image-preview":"max-image-preview:large","max-video-preview":"max-video-preview:-1"},"canonical":"https:\/\/wpguerssen-test.odoo.rgbconsulting.com\/es\/producto\/plaster-caster-blues-band\/","og_locale":"es_ES","og_type":"article","og_title":"PLASTER CASTER BLUES BAND - Plaster caster Blues Band -  (LP) | Guerssen","og_description":"This almost entirely instrumental album with \"groovy\" sounds by the legendary Plaster Casters, the Chicago groupies who started in the late 60s with Jimi Hendrix and later the likes of Jello Biafra and Ariel Pink, was produced by music business veteran Bob Thiele and released on his newly launched New York-based Flying Dutchman record label, which mostly released jazz and blues, including important albums by Gil Scott-Heron, Gato Barbieri, Oliver Nelson, Lonnie Liston Smith and Thiele's wife, pop singer Teresa Brewer.","og_url":"https:\/\/wpguerssen-test.odoo.rgbconsulting.com\/es\/producto\/plaster-caster-blues-band\/","og_site_name":"Guerssen records","article_modified_time":"2025-02-10T13:08:46+00:00","og_image":[{"width":945,"height":946,"url":"https:\/\/wpguerssen-test.odoo.rgbconsulting.com\/wp-content\/uploads\/2024\/09\/48738.jpg","type":"image\/jpeg"}],"twitter_card":"summary_large_image","twitter_title":"PLASTER CASTER BLUES BAND - Plaster caster Blues Band -  (LP) | Guerssen","schema":{"@context":"https:\/\/schema.org","@graph":[{"@type":"WebPage","@id":"https:\/\/wpguerssen-test.odoo.rgbconsulting.com\/es\/producto\/plaster-caster-blues-band\/","url":"https:\/\/wpguerssen-test.odoo.rgbconsulting.com\/es\/producto\/plaster-caster-blues-band\/","name":"PLASTER CASTER BLUES BAND - Plaster caster Blues Band - (LP) | Guerssen","isPartOf":{"@id":"https:\/\/wpguerssen-test.odoo.rgbconsulting.com\/es\/#website"},"primaryImageOfPage":{"@id":"https:\/\/wpguerssen-test.odoo.rgbconsulting.com\/es\/producto\/plaster-caster-blues-band\/#primaryimage"},"image":{"@id":"https:\/\/wpguerssen-test.odoo.rgbconsulting.com\/es\/producto\/plaster-caster-blues-band\/#primaryimage"},"thumbnailUrl":"https:\/\/wpguerssen-test.odoo.rgbconsulting.com\/wp-content\/uploads\/2024\/09\/48738.jpg","datePublished":"2020-11-25T23:00:00+00:00","dateModified":"2025-02-10T13:08:46+00:00","description":"This almost entirely instrumental album with \"groovy\" sounds by the legendary Plaster Casters, the Chicago groupies who started in the late 60s with Jimi Hendrix and later the likes of Jello Biafra and Ariel Pink, was produced by music business veteran Bob Thiele and released on his newly launched New York-based Flying Dutchman record label, which mostly released jazz and blues, including important albums by Gil Scott-Heron, Gato Barbieri, Oliver Nelson, Lonnie Liston Smith and Thiele's wife, pop singer Teresa Brewer.","breadcrumb":{"@id":"https:\/\/wpguerssen-test.odoo.rgbconsulting.com\/es\/producto\/plaster-caster-blues-band\/#breadcrumb"},"inLanguage":"es","potentialAction":[{"@type":"ReadAction","target":["https:\/\/wpguerssen-test.odoo.rgbconsulting.com\/es\/producto\/plaster-caster-blues-band\/"]}]},{"@type":"ImageObject","inLanguage":"es","@id":"https:\/\/wpguerssen-test.odoo.rgbconsulting.com\/es\/producto\/plaster-caster-blues-band\/#primaryimage","url":"https:\/\/wpguerssen-test.odoo.rgbconsulting.com\/wp-content\/uploads\/2024\/09\/48738.jpg","contentUrl":"https:\/\/wpguerssen-test.odoo.rgbconsulting.com\/wp-content\/uploads\/2024\/09\/48738.jpg","width":945,"height":946},{"@type":"BreadcrumbList","@id":"https:\/\/wpguerssen-test.odoo.rgbconsulting.com\/es\/producto\/plaster-caster-blues-band\/#breadcrumb","itemListElement":[{"@type":"ListItem","position":1,"name":"Inicio","item":"https:\/\/wpguerssen-test.odoo.rgbconsulting.com\/es\/"},{"@type":"ListItem","position":2,"name":"Shop","item":"https:\/\/wpguerssen-test.odoo.rgbconsulting.com\/shop\/"},{"@type":"ListItem","position":3,"name":"Plaster caster Blues Band"}]},{"@type":"WebSite","@id":"https:\/\/wpguerssen-test.odoo.rgbconsulting.com\/es\/#website","url":"https:\/\/wpguerssen-test.odoo.rgbconsulting.com\/es\/","name":"Guerssen records","description":"psychedelia - progressive - folk - garage ","publisher":{"@id":"https:\/\/wpguerssen-test.odoo.rgbconsulting.com\/es\/#organization"},"potentialAction":[{"@type":"SearchAction","target":{"@type":"EntryPoint","urlTemplate":"https:\/\/wpguerssen-test.odoo.rgbconsulting.com\/es\/?s={search_term_string}"},"query-input":{"@type":"PropertyValueSpecification","valueRequired":true,"valueName":"search_term_string"}}],"inLanguage":"es"},{"@type":"Organization","@id":"https:\/\/wpguerssen-test.odoo.rgbconsulting.com\/es\/#organization","name":"Guerssen records","url":"https:\/\/wpguerssen-test.odoo.rgbconsulting.com\/es\/","logo":{"@type":"ImageObject","inLanguage":"es","@id":"https:\/\/wpguerssen-test.odoo.rgbconsulting.com\/es\/#\/schema\/logo\/image\/","url":"https:\/\/wpguerssen-test.odoo.rgbconsulting.com\/wp-content\/uploads\/2022\/04\/Logo_Guerssen_trans_100.png","contentUrl":"https:\/\/wpguerssen-test.odoo.rgbconsulting.com\/wp-content\/uploads\/2022\/04\/Logo_Guerssen_trans_100.png","width":122,"height":100,"caption":"Guerssen records"},"image":{"@id":"https:\/\/wpguerssen-test.odoo.rgbconsulting.com\/es\/#\/schema\/logo\/image\/"}}]}},"_links":{"self":[{"href":"https:\/\/wpguerssen-test.odoo.rgbconsulting.com\/es\/wp-json\/wp\/v2\/product\/275729","targetHints":{"allow":["GET"]}}],"collection":[{"href":"https:\/\/wpguerssen-test.odoo.rgbconsulting.com\/es\/wp-json\/wp\/v2\/product"}],"about":[{"href":"https:\/\/wpguerssen-test.odoo.rgbconsulting.com\/es\/wp-json\/wp\/v2\/types\/product"}],"wp:featuredmedia":[{"embeddable":true,"href":"https:\/\/wpguerssen-test.odoo.rgbconsulting.com\/es\/wp-json\/wp\/v2\/media\/275644"}],"wp:attachment":[{"href":"https:\/\/wpguerssen-test.odoo.rgbconsulting.com\/es\/wp-json\/wp\/v2\/media?parent=275729"}],"wp:term":[{"taxonomy":"product_brand","embeddable":true,"href":"https:\/\/wpguerssen-test.odoo.rgbconsulting.com\/es\/wp-json\/wp\/v2\/product_brand?post=275729"},{"taxonomy":"product_cat","embeddable":true,"href":"https:\/\/wpguerssen-test.odoo.rgbconsulting.com\/es\/wp-json\/wp\/v2\/product_cat?post=275729"},{"taxonomy":"product_tag","embeddable":true,"href":"https:\/\/wpguerssen-test.odoo.rgbconsulting.com\/es\/wp-json\/wp\/v2\/product_tag?post=275729"}],"curies":[{"name":"wp","href":"https:\/\/api.w.org\/{rel}","templated":true}]}}