{"id":275832,"date":"2020-11-26T00:00:00","date_gmt":"2020-11-25T23:00:00","guid":{"rendered":"https:\/\/wpguerssen-test.odoo.rgbconsulting.com\/product\/sleeping-beauties\/"},"modified":"2025-03-26T17:00:13","modified_gmt":"2025-03-26T16:00:13","slug":"sleeping-beauties","status":"publish","type":"product","link":"https:\/\/wpguerssen-test.odoo.rgbconsulting.com\/es\/producto\/sleeping-beauties\/","title":{"rendered":"Sleeping Beauties"},"content":{"rendered":"<p>Surgidos en el mismo rinc\u00f3n espeluznante del noroeste del Pac\u00edfico y a partir de los restos de las bandas fant\u00e1sticamente subestimadas The Hunches, Eat Skull y The Hospitals encontramos a los Sleeping Beauties. El gran rock del s\u00f3tano se abre en \u00abBobby and Suzie\u00bb con sus pegajosos cambios de tempo que recuerdan a \u00abLike Flies on Sherbert\u00bb de Alex Chilton.<\/p>\n","protected":false},"excerpt":{"rendered":"<p>Surgidos en el mismo rinc\u00f3n espeluznante del noroeste del Pac\u00edfico y a partir de los restos de las bandas fant\u00e1sticamente subestimadas The Hunches, Eat Skull y<a class=\"read\" href=\"https:\/\/wpguerssen-test.odoo.rgbconsulting.com\/es\/producto\/sleeping-beauties\/\"> (...)<\/a>","protected":false},"featured_media":275816,"template":"","meta":{"_acf_changed":false},"product_brand":[],"product_cat":[23282],"product_tag":[],"class_list":{"0":"post-275832","1":"product","2":"type-product","3":"status-publish","4":"has-post-thumbnail","6":"product_cat-garagebeatrnb00now-es","7":"pa_artist-sleeping-beauties","8":"pa_format-lp-es","9":"pa_gender-garage-beat-rnb00now-garagebeatrnb00now","10":"pa_label-in-the-red","11":"pa_location-north-america-es","12":"pa_other-filters-vinyl-only-es","14":"first","15":"instock","16":"taxable","17":"shipping-taxable","18":"purchasable","19":"product-type-simple"},"acf":[],"yoast_head":"<!-- This site is optimized with the Yoast SEO plugin v24.9 - https:\/\/yoast.com\/wordpress\/plugins\/seo\/ -->\n<title>SLEEPING BEAUTIES - Sleeping Beauties -  (LP) | Guerssen<\/title>\n<meta name=\"description\" content=\"Spawned in the same creepy corner of the Pacific Northwest and from the remains of the fantastically underappreciated bands The Hunches, Eat Skull and The Hospitals are the Sleeping Beauties.Big basement rock opens up on &quot;Bobby and Suzie&quot; with it&#039;s gluey flypaper tempo changes that brings to mind Alex Chilton&#039;s &quot;Like Flies on Sherbert&quot; and the Electric Eels mashed into a ball. Rhythm piano played with an icepick is next on &quot;Meth&quot; and though it may be a tale of warning somehow adds allure to the temptation of having &quot;got a weekend sack and it&#039;s Saturday, Sunday my life is crumbling&quot;.\" \/>\n<meta name=\"robots\" content=\"index, follow, max-snippet:-1, max-image-preview:large, max-video-preview:-1\" \/>\n<link rel=\"canonical\" href=\"https:\/\/wpguerssen-test.odoo.rgbconsulting.com\/es\/producto\/sleeping-beauties\/\" \/>\n<meta property=\"og:locale\" content=\"es_ES\" \/>\n<meta property=\"og:type\" content=\"article\" \/>\n<meta property=\"og:title\" content=\"SLEEPING BEAUTIES - Sleeping Beauties -  (LP) | Guerssen\" \/>\n<meta property=\"og:description\" content=\"Spawned in the same creepy corner of the Pacific Northwest and from the remains of the fantastically underappreciated bands The Hunches, Eat Skull and The Hospitals are the Sleeping Beauties.Big basement rock opens up on &quot;Bobby and Suzie&quot; with it&#039;s gluey flypaper tempo changes that brings to mind Alex Chilton&#039;s &quot;Like Flies on Sherbert&quot; and the Electric Eels mashed into a ball. Rhythm piano played with an icepick is next on &quot;Meth&quot; and though it may be a tale of warning somehow adds allure to the temptation of having &quot;got a weekend sack and it&#039;s Saturday, Sunday my life is crumbling&quot;.\" \/>\n<meta property=\"og:url\" content=\"https:\/\/wpguerssen-test.odoo.rgbconsulting.com\/es\/producto\/sleeping-beauties\/\" \/>\n<meta property=\"og:site_name\" content=\"Guerssen records\" \/>\n<meta property=\"article:modified_time\" content=\"2025-03-26T16:00:13+00:00\" \/>\n<meta property=\"og:image\" content=\"https:\/\/wpguerssen-test.odoo.rgbconsulting.com\/wp-content\/uploads\/2024\/09\/48742.jpg\" \/>\n\t<meta property=\"og:image:width\" content=\"500\" \/>\n\t<meta property=\"og:image:height\" content=\"500\" \/>\n\t<meta property=\"og:image:type\" content=\"image\/jpeg\" \/>\n<meta name=\"twitter:card\" content=\"summary_large_image\" \/>\n<meta name=\"twitter:title\" content=\"SLEEPING BEAUTIES - Sleeping Beauties -  (LP) | Guerssen\" \/>\n<script type=\"application\/ld+json\" class=\"yoast-schema-graph\">{\"@context\":\"https:\/\/schema.org\",\"@graph\":[{\"@type\":\"WebPage\",\"@id\":\"https:\/\/wpguerssen-test.odoo.rgbconsulting.com\/es\/producto\/sleeping-beauties\/\",\"url\":\"https:\/\/wpguerssen-test.odoo.rgbconsulting.com\/es\/producto\/sleeping-beauties\/\",\"name\":\"SLEEPING BEAUTIES - Sleeping Beauties - (LP) | Guerssen\",\"isPartOf\":{\"@id\":\"https:\/\/wpguerssen-test.odoo.rgbconsulting.com\/es\/#website\"},\"primaryImageOfPage\":{\"@id\":\"https:\/\/wpguerssen-test.odoo.rgbconsulting.com\/es\/producto\/sleeping-beauties\/#primaryimage\"},\"image\":{\"@id\":\"https:\/\/wpguerssen-test.odoo.rgbconsulting.com\/es\/producto\/sleeping-beauties\/#primaryimage\"},\"thumbnailUrl\":\"https:\/\/wpguerssen-test.odoo.rgbconsulting.com\/wp-content\/uploads\/2024\/09\/48742.jpg\",\"datePublished\":\"2020-11-25T23:00:00+00:00\",\"dateModified\":\"2025-03-26T16:00:13+00:00\",\"description\":\"Spawned in the same creepy corner of the Pacific Northwest and from the remains of the fantastically underappreciated bands The Hunches, Eat Skull and The Hospitals are the Sleeping Beauties.Big basement rock opens up on \\\"Bobby and Suzie\\\" with it's gluey flypaper tempo changes that brings to mind Alex Chilton's \\\"Like Flies on Sherbert\\\" and the Electric Eels mashed into a ball. Rhythm piano played with an icepick is next on \\\"Meth\\\" and though it may be a tale of warning somehow adds allure to the temptation of having \\\"got a weekend sack and it's Saturday, Sunday my life is crumbling\\\".\",\"breadcrumb\":{\"@id\":\"https:\/\/wpguerssen-test.odoo.rgbconsulting.com\/es\/producto\/sleeping-beauties\/#breadcrumb\"},\"inLanguage\":\"es\",\"potentialAction\":[{\"@type\":\"ReadAction\",\"target\":[\"https:\/\/wpguerssen-test.odoo.rgbconsulting.com\/es\/producto\/sleeping-beauties\/\"]}]},{\"@type\":\"ImageObject\",\"inLanguage\":\"es\",\"@id\":\"https:\/\/wpguerssen-test.odoo.rgbconsulting.com\/es\/producto\/sleeping-beauties\/#primaryimage\",\"url\":\"https:\/\/wpguerssen-test.odoo.rgbconsulting.com\/wp-content\/uploads\/2024\/09\/48742.jpg\",\"contentUrl\":\"https:\/\/wpguerssen-test.odoo.rgbconsulting.com\/wp-content\/uploads\/2024\/09\/48742.jpg\",\"width\":500,\"height\":500},{\"@type\":\"BreadcrumbList\",\"@id\":\"https:\/\/wpguerssen-test.odoo.rgbconsulting.com\/es\/producto\/sleeping-beauties\/#breadcrumb\",\"itemListElement\":[{\"@type\":\"ListItem\",\"position\":1,\"name\":\"Inicio\",\"item\":\"https:\/\/wpguerssen-test.odoo.rgbconsulting.com\/es\/\"},{\"@type\":\"ListItem\",\"position\":2,\"name\":\"Shop\",\"item\":\"https:\/\/wpguerssen-test.odoo.rgbconsulting.com\/shop\/\"},{\"@type\":\"ListItem\",\"position\":3,\"name\":\"Sleeping Beauties\"}]},{\"@type\":\"WebSite\",\"@id\":\"https:\/\/wpguerssen-test.odoo.rgbconsulting.com\/es\/#website\",\"url\":\"https:\/\/wpguerssen-test.odoo.rgbconsulting.com\/es\/\",\"name\":\"Guerssen records\",\"description\":\"psychedelia - progressive - folk - garage \",\"publisher\":{\"@id\":\"https:\/\/wpguerssen-test.odoo.rgbconsulting.com\/es\/#organization\"},\"potentialAction\":[{\"@type\":\"SearchAction\",\"target\":{\"@type\":\"EntryPoint\",\"urlTemplate\":\"https:\/\/wpguerssen-test.odoo.rgbconsulting.com\/es\/?s={search_term_string}\"},\"query-input\":{\"@type\":\"PropertyValueSpecification\",\"valueRequired\":true,\"valueName\":\"search_term_string\"}}],\"inLanguage\":\"es\"},{\"@type\":\"Organization\",\"@id\":\"https:\/\/wpguerssen-test.odoo.rgbconsulting.com\/es\/#organization\",\"name\":\"Guerssen records\",\"url\":\"https:\/\/wpguerssen-test.odoo.rgbconsulting.com\/es\/\",\"logo\":{\"@type\":\"ImageObject\",\"inLanguage\":\"es\",\"@id\":\"https:\/\/wpguerssen-test.odoo.rgbconsulting.com\/es\/#\/schema\/logo\/image\/\",\"url\":\"https:\/\/wpguerssen-test.odoo.rgbconsulting.com\/wp-content\/uploads\/2022\/04\/Logo_Guerssen_trans_100.png\",\"contentUrl\":\"https:\/\/wpguerssen-test.odoo.rgbconsulting.com\/wp-content\/uploads\/2022\/04\/Logo_Guerssen_trans_100.png\",\"width\":122,\"height\":100,\"caption\":\"Guerssen records\"},\"image\":{\"@id\":\"https:\/\/wpguerssen-test.odoo.rgbconsulting.com\/es\/#\/schema\/logo\/image\/\"}}]}<\/script>\n<!-- \/ Yoast SEO plugin. -->","yoast_head_json":{"title":"SLEEPING BEAUTIES - Sleeping Beauties -  (LP) | Guerssen","description":"Spawned in the same creepy corner of the Pacific Northwest and from the remains of the fantastically underappreciated bands The Hunches, Eat Skull and The Hospitals are the Sleeping Beauties.Big basement rock opens up on \"Bobby and Suzie\" with it's gluey flypaper tempo changes that brings to mind Alex Chilton's \"Like Flies on Sherbert\" and the Electric Eels mashed into a ball. Rhythm piano played with an icepick is next on \"Meth\" and though it may be a tale of warning somehow adds allure to the temptation of having \"got a weekend sack and it's Saturday, Sunday my life is crumbling\".","robots":{"index":"index","follow":"follow","max-snippet":"max-snippet:-1","max-image-preview":"max-image-preview:large","max-video-preview":"max-video-preview:-1"},"canonical":"https:\/\/wpguerssen-test.odoo.rgbconsulting.com\/es\/producto\/sleeping-beauties\/","og_locale":"es_ES","og_type":"article","og_title":"SLEEPING BEAUTIES - Sleeping Beauties -  (LP) | Guerssen","og_description":"Spawned in the same creepy corner of the Pacific Northwest and from the remains of the fantastically underappreciated bands The Hunches, Eat Skull and The Hospitals are the Sleeping Beauties.Big basement rock opens up on \"Bobby and Suzie\" with it's gluey flypaper tempo changes that brings to mind Alex Chilton's \"Like Flies on Sherbert\" and the Electric Eels mashed into a ball. Rhythm piano played with an icepick is next on \"Meth\" and though it may be a tale of warning somehow adds allure to the temptation of having \"got a weekend sack and it's Saturday, Sunday my life is crumbling\".","og_url":"https:\/\/wpguerssen-test.odoo.rgbconsulting.com\/es\/producto\/sleeping-beauties\/","og_site_name":"Guerssen records","article_modified_time":"2025-03-26T16:00:13+00:00","og_image":[{"width":500,"height":500,"url":"https:\/\/wpguerssen-test.odoo.rgbconsulting.com\/wp-content\/uploads\/2024\/09\/48742.jpg","type":"image\/jpeg"}],"twitter_card":"summary_large_image","twitter_title":"SLEEPING BEAUTIES - Sleeping Beauties -  (LP) | Guerssen","schema":{"@context":"https:\/\/schema.org","@graph":[{"@type":"WebPage","@id":"https:\/\/wpguerssen-test.odoo.rgbconsulting.com\/es\/producto\/sleeping-beauties\/","url":"https:\/\/wpguerssen-test.odoo.rgbconsulting.com\/es\/producto\/sleeping-beauties\/","name":"SLEEPING BEAUTIES - Sleeping Beauties - (LP) | Guerssen","isPartOf":{"@id":"https:\/\/wpguerssen-test.odoo.rgbconsulting.com\/es\/#website"},"primaryImageOfPage":{"@id":"https:\/\/wpguerssen-test.odoo.rgbconsulting.com\/es\/producto\/sleeping-beauties\/#primaryimage"},"image":{"@id":"https:\/\/wpguerssen-test.odoo.rgbconsulting.com\/es\/producto\/sleeping-beauties\/#primaryimage"},"thumbnailUrl":"https:\/\/wpguerssen-test.odoo.rgbconsulting.com\/wp-content\/uploads\/2024\/09\/48742.jpg","datePublished":"2020-11-25T23:00:00+00:00","dateModified":"2025-03-26T16:00:13+00:00","description":"Spawned in the same creepy corner of the Pacific Northwest and from the remains of the fantastically underappreciated bands The Hunches, Eat Skull and The Hospitals are the Sleeping Beauties.Big basement rock opens up on \"Bobby and Suzie\" with it's gluey flypaper tempo changes that brings to mind Alex Chilton's \"Like Flies on Sherbert\" and the Electric Eels mashed into a ball. Rhythm piano played with an icepick is next on \"Meth\" and though it may be a tale of warning somehow adds allure to the temptation of having \"got a weekend sack and it's Saturday, Sunday my life is crumbling\".","breadcrumb":{"@id":"https:\/\/wpguerssen-test.odoo.rgbconsulting.com\/es\/producto\/sleeping-beauties\/#breadcrumb"},"inLanguage":"es","potentialAction":[{"@type":"ReadAction","target":["https:\/\/wpguerssen-test.odoo.rgbconsulting.com\/es\/producto\/sleeping-beauties\/"]}]},{"@type":"ImageObject","inLanguage":"es","@id":"https:\/\/wpguerssen-test.odoo.rgbconsulting.com\/es\/producto\/sleeping-beauties\/#primaryimage","url":"https:\/\/wpguerssen-test.odoo.rgbconsulting.com\/wp-content\/uploads\/2024\/09\/48742.jpg","contentUrl":"https:\/\/wpguerssen-test.odoo.rgbconsulting.com\/wp-content\/uploads\/2024\/09\/48742.jpg","width":500,"height":500},{"@type":"BreadcrumbList","@id":"https:\/\/wpguerssen-test.odoo.rgbconsulting.com\/es\/producto\/sleeping-beauties\/#breadcrumb","itemListElement":[{"@type":"ListItem","position":1,"name":"Inicio","item":"https:\/\/wpguerssen-test.odoo.rgbconsulting.com\/es\/"},{"@type":"ListItem","position":2,"name":"Shop","item":"https:\/\/wpguerssen-test.odoo.rgbconsulting.com\/shop\/"},{"@type":"ListItem","position":3,"name":"Sleeping Beauties"}]},{"@type":"WebSite","@id":"https:\/\/wpguerssen-test.odoo.rgbconsulting.com\/es\/#website","url":"https:\/\/wpguerssen-test.odoo.rgbconsulting.com\/es\/","name":"Guerssen records","description":"psychedelia - progressive - folk - garage ","publisher":{"@id":"https:\/\/wpguerssen-test.odoo.rgbconsulting.com\/es\/#organization"},"potentialAction":[{"@type":"SearchAction","target":{"@type":"EntryPoint","urlTemplate":"https:\/\/wpguerssen-test.odoo.rgbconsulting.com\/es\/?s={search_term_string}"},"query-input":{"@type":"PropertyValueSpecification","valueRequired":true,"valueName":"search_term_string"}}],"inLanguage":"es"},{"@type":"Organization","@id":"https:\/\/wpguerssen-test.odoo.rgbconsulting.com\/es\/#organization","name":"Guerssen records","url":"https:\/\/wpguerssen-test.odoo.rgbconsulting.com\/es\/","logo":{"@type":"ImageObject","inLanguage":"es","@id":"https:\/\/wpguerssen-test.odoo.rgbconsulting.com\/es\/#\/schema\/logo\/image\/","url":"https:\/\/wpguerssen-test.odoo.rgbconsulting.com\/wp-content\/uploads\/2022\/04\/Logo_Guerssen_trans_100.png","contentUrl":"https:\/\/wpguerssen-test.odoo.rgbconsulting.com\/wp-content\/uploads\/2022\/04\/Logo_Guerssen_trans_100.png","width":122,"height":100,"caption":"Guerssen records"},"image":{"@id":"https:\/\/wpguerssen-test.odoo.rgbconsulting.com\/es\/#\/schema\/logo\/image\/"}}]}},"_links":{"self":[{"href":"https:\/\/wpguerssen-test.odoo.rgbconsulting.com\/es\/wp-json\/wp\/v2\/product\/275832","targetHints":{"allow":["GET"]}}],"collection":[{"href":"https:\/\/wpguerssen-test.odoo.rgbconsulting.com\/es\/wp-json\/wp\/v2\/product"}],"about":[{"href":"https:\/\/wpguerssen-test.odoo.rgbconsulting.com\/es\/wp-json\/wp\/v2\/types\/product"}],"wp:featuredmedia":[{"embeddable":true,"href":"https:\/\/wpguerssen-test.odoo.rgbconsulting.com\/es\/wp-json\/wp\/v2\/media\/275816"}],"wp:attachment":[{"href":"https:\/\/wpguerssen-test.odoo.rgbconsulting.com\/es\/wp-json\/wp\/v2\/media?parent=275832"}],"wp:term":[{"taxonomy":"product_brand","embeddable":true,"href":"https:\/\/wpguerssen-test.odoo.rgbconsulting.com\/es\/wp-json\/wp\/v2\/product_brand?post=275832"},{"taxonomy":"product_cat","embeddable":true,"href":"https:\/\/wpguerssen-test.odoo.rgbconsulting.com\/es\/wp-json\/wp\/v2\/product_cat?post=275832"},{"taxonomy":"product_tag","embeddable":true,"href":"https:\/\/wpguerssen-test.odoo.rgbconsulting.com\/es\/wp-json\/wp\/v2\/product_tag?post=275832"}],"curies":[{"name":"wp","href":"https:\/\/api.w.org\/{rel}","templated":true}]}}