{"id":276229,"date":"2025-01-27T00:00:00","date_gmt":"2025-01-26T23:00:00","guid":{"rendered":"https:\/\/wpguerssen-test.odoo.rgbconsulting.com\/product\/tropical-yellow\/"},"modified":"2025-04-11T13:20:49","modified_gmt":"2025-04-11T11:20:49","slug":"tropical-yellow","status":"publish","type":"product","link":"https:\/\/wpguerssen-test.odoo.rgbconsulting.com\/es\/producto\/tropical-yellow\/","title":{"rendered":"Tropical (Yellow)"},"content":{"rendered":"<p>Tropical es el decimoquinto \u00e1lbum de Jorge Ben, una \u00abmusculosa\u00bb mezcla de material in\u00e9dito y covers rearreglados como \u00abTaj Mahal\u00bb y \u00abPa\u00eds tropical\u00bb. La apertura a m\u00e1s arreglos pop y occidentales presagia su futuro trabajo orientado hacia el estereotipo de World-Dance de los a\u00f1os 1980. Tropical estaba originalmente destinado al mercado fuera de Brasil, y no se distribuy\u00f3 all\u00ed hasta 1977. Una muy buena confirmaci\u00f3n de su inmenso talento y capacidad para adaptarse al esp\u00edritu de la \u00e9poca, dando nueva vida inteligentemente a canciones \u00abviejas\u00bb que han sido escuchadas una y otra vez de nuevo. Una era que define la grabaci\u00f3n de Brasil con un ritmo \u00fanico y una energ\u00eda contagiosa.<\/p>\n","protected":false},"excerpt":{"rendered":"<p>Tropical es el decimoquinto \u00e1lbum de Jorge Ben, una \u00abmusculosa\u00bb mezcla de material in\u00e9dito y covers rearreglados como \u00abTaj Mahal\u00bb y \u00abPa\u00eds tropical\u00bb. La apertura<a class=\"read\" href=\"https:\/\/wpguerssen-test.odoo.rgbconsulting.com\/es\/producto\/tropical-yellow\/\"> (...)<\/a>","protected":false},"featured_media":276093,"template":"","meta":{"_acf_changed":false},"product_brand":[],"product_cat":[23219,23231],"product_tag":[29140],"class_list":{"0":"post-276229","1":"product","2":"type-product","3":"status-publish","4":"has-post-thumbnail","6":"product_cat-funk-es","7":"product_cat-latin-brazilian-es","8":"product_tag-color-vinyl-es","9":"pa_artist-ben-jorge-es","10":"pa_format-lp-es","11":"pa_gender-latin-brazilian-funk","12":"pa_label-klimt","13":"pa_location-south-america-caribbean-es","14":"pa_other-filters-vinyl-only-es","16":"first","17":"instock","18":"taxable","19":"shipping-taxable","20":"purchasable","21":"product-type-simple"},"acf":[],"yoast_head":"<!-- This site is optimized with the Yoast SEO plugin v24.9 - https:\/\/yoast.com\/wordpress\/plugins\/seo\/ -->\n<title>BEN, Jorge - Tropical (Yellow) -  (LP) | Guerssen<\/title>\n<meta name=\"description\" content=\"Tropical is Jorge Ben&#039;s fifteenth album, a &quot;muscular&quot; mix of previously unreleased material and rearranged covers such as &quot;Taj Mahal&quot; and &quot;Pa\u00eds tropical&quot;. The openness to more Pop, more Western arrangements, foreshadows his future work oriented towards the stereotypical World-Dance of the 1980s. Tropical was originally intended for the market outside Brazil, and was not distributed there until 1977. A very fine confirming his immense talent and ability to adapt to the zeitgeist by intelligently breathing new life into &quot;old&quot; tunes that have been listened to over and over again. An era defining recording from Brazil with a unique groove and infectious energy.\" \/>\n<meta name=\"robots\" content=\"index, follow, max-snippet:-1, max-image-preview:large, max-video-preview:-1\" \/>\n<link rel=\"canonical\" href=\"https:\/\/wpguerssen-test.odoo.rgbconsulting.com\/es\/producto\/tropical-yellow\/\" \/>\n<meta property=\"og:locale\" content=\"es_ES\" \/>\n<meta property=\"og:type\" content=\"article\" \/>\n<meta property=\"og:title\" content=\"BEN, Jorge - Tropical (Yellow) -  (LP) | Guerssen\" \/>\n<meta property=\"og:description\" content=\"Tropical is Jorge Ben&#039;s fifteenth album, a &quot;muscular&quot; mix of previously unreleased material and rearranged covers such as &quot;Taj Mahal&quot; and &quot;Pa\u00eds tropical&quot;. The openness to more Pop, more Western arrangements, foreshadows his future work oriented towards the stereotypical World-Dance of the 1980s. Tropical was originally intended for the market outside Brazil, and was not distributed there until 1977. A very fine confirming his immense talent and ability to adapt to the zeitgeist by intelligently breathing new life into &quot;old&quot; tunes that have been listened to over and over again. An era defining recording from Brazil with a unique groove and infectious energy.\" \/>\n<meta property=\"og:url\" content=\"https:\/\/wpguerssen-test.odoo.rgbconsulting.com\/es\/producto\/tropical-yellow\/\" \/>\n<meta property=\"og:site_name\" content=\"Guerssen records\" \/>\n<meta property=\"article:modified_time\" content=\"2025-04-11T11:20:49+00:00\" \/>\n<meta property=\"og:image\" content=\"https:\/\/wpguerssen-test.odoo.rgbconsulting.com\/wp-content\/uploads\/2024\/10\/48786.jpg\" \/>\n\t<meta property=\"og:image:width\" content=\"945\" \/>\n\t<meta property=\"og:image:height\" content=\"945\" \/>\n\t<meta property=\"og:image:type\" content=\"image\/jpeg\" \/>\n<meta name=\"twitter:card\" content=\"summary_large_image\" \/>\n<meta name=\"twitter:title\" content=\"BEN, Jorge - Tropical (Yellow) -  (LP) | Guerssen\" \/>\n<meta name=\"twitter:label1\" content=\"Tiempo de lectura\" \/>\n\t<meta name=\"twitter:data1\" content=\"1 minuto\" \/>\n<script type=\"application\/ld+json\" class=\"yoast-schema-graph\">{\"@context\":\"https:\/\/schema.org\",\"@graph\":[{\"@type\":\"WebPage\",\"@id\":\"https:\/\/wpguerssen-test.odoo.rgbconsulting.com\/es\/producto\/tropical-yellow\/\",\"url\":\"https:\/\/wpguerssen-test.odoo.rgbconsulting.com\/es\/producto\/tropical-yellow\/\",\"name\":\"BEN, Jorge - Tropical (Yellow) - (LP) | Guerssen\",\"isPartOf\":{\"@id\":\"https:\/\/wpguerssen-test.odoo.rgbconsulting.com\/es\/#website\"},\"primaryImageOfPage\":{\"@id\":\"https:\/\/wpguerssen-test.odoo.rgbconsulting.com\/es\/producto\/tropical-yellow\/#primaryimage\"},\"image\":{\"@id\":\"https:\/\/wpguerssen-test.odoo.rgbconsulting.com\/es\/producto\/tropical-yellow\/#primaryimage\"},\"thumbnailUrl\":\"https:\/\/wpguerssen-test.odoo.rgbconsulting.com\/wp-content\/uploads\/2024\/10\/48786.jpg\",\"datePublished\":\"2025-01-26T23:00:00+00:00\",\"dateModified\":\"2025-04-11T11:20:49+00:00\",\"description\":\"Tropical is Jorge Ben's fifteenth album, a \\\"muscular\\\" mix of previously unreleased material and rearranged covers such as \\\"Taj Mahal\\\" and \\\"Pa\u00eds tropical\\\". The openness to more Pop, more Western arrangements, foreshadows his future work oriented towards the stereotypical World-Dance of the 1980s. Tropical was originally intended for the market outside Brazil, and was not distributed there until 1977. A very fine confirming his immense talent and ability to adapt to the zeitgeist by intelligently breathing new life into \\\"old\\\" tunes that have been listened to over and over again. An era defining recording from Brazil with a unique groove and infectious energy.\",\"breadcrumb\":{\"@id\":\"https:\/\/wpguerssen-test.odoo.rgbconsulting.com\/es\/producto\/tropical-yellow\/#breadcrumb\"},\"inLanguage\":\"es\",\"potentialAction\":[{\"@type\":\"ReadAction\",\"target\":[\"https:\/\/wpguerssen-test.odoo.rgbconsulting.com\/es\/producto\/tropical-yellow\/\"]}]},{\"@type\":\"ImageObject\",\"inLanguage\":\"es\",\"@id\":\"https:\/\/wpguerssen-test.odoo.rgbconsulting.com\/es\/producto\/tropical-yellow\/#primaryimage\",\"url\":\"https:\/\/wpguerssen-test.odoo.rgbconsulting.com\/wp-content\/uploads\/2024\/10\/48786.jpg\",\"contentUrl\":\"https:\/\/wpguerssen-test.odoo.rgbconsulting.com\/wp-content\/uploads\/2024\/10\/48786.jpg\",\"width\":945,\"height\":945,\"caption\":\"Jorge - Tropical (Yellow) - KLIMT (LP) | Guerssen\"},{\"@type\":\"BreadcrumbList\",\"@id\":\"https:\/\/wpguerssen-test.odoo.rgbconsulting.com\/es\/producto\/tropical-yellow\/#breadcrumb\",\"itemListElement\":[{\"@type\":\"ListItem\",\"position\":1,\"name\":\"Inicio\",\"item\":\"https:\/\/wpguerssen-test.odoo.rgbconsulting.com\/es\/\"},{\"@type\":\"ListItem\",\"position\":2,\"name\":\"Shop\",\"item\":\"https:\/\/wpguerssen-test.odoo.rgbconsulting.com\/shop\/\"},{\"@type\":\"ListItem\",\"position\":3,\"name\":\"Tropical (Yellow)\"}]},{\"@type\":\"WebSite\",\"@id\":\"https:\/\/wpguerssen-test.odoo.rgbconsulting.com\/es\/#website\",\"url\":\"https:\/\/wpguerssen-test.odoo.rgbconsulting.com\/es\/\",\"name\":\"Guerssen records\",\"description\":\"psychedelia - progressive - folk - garage \",\"publisher\":{\"@id\":\"https:\/\/wpguerssen-test.odoo.rgbconsulting.com\/es\/#organization\"},\"potentialAction\":[{\"@type\":\"SearchAction\",\"target\":{\"@type\":\"EntryPoint\",\"urlTemplate\":\"https:\/\/wpguerssen-test.odoo.rgbconsulting.com\/es\/?s={search_term_string}\"},\"query-input\":{\"@type\":\"PropertyValueSpecification\",\"valueRequired\":true,\"valueName\":\"search_term_string\"}}],\"inLanguage\":\"es\"},{\"@type\":\"Organization\",\"@id\":\"https:\/\/wpguerssen-test.odoo.rgbconsulting.com\/es\/#organization\",\"name\":\"Guerssen records\",\"url\":\"https:\/\/wpguerssen-test.odoo.rgbconsulting.com\/es\/\",\"logo\":{\"@type\":\"ImageObject\",\"inLanguage\":\"es\",\"@id\":\"https:\/\/wpguerssen-test.odoo.rgbconsulting.com\/es\/#\/schema\/logo\/image\/\",\"url\":\"https:\/\/wpguerssen-test.odoo.rgbconsulting.com\/wp-content\/uploads\/2022\/04\/Logo_Guerssen_trans_100.png\",\"contentUrl\":\"https:\/\/wpguerssen-test.odoo.rgbconsulting.com\/wp-content\/uploads\/2022\/04\/Logo_Guerssen_trans_100.png\",\"width\":122,\"height\":100,\"caption\":\"Guerssen records\"},\"image\":{\"@id\":\"https:\/\/wpguerssen-test.odoo.rgbconsulting.com\/es\/#\/schema\/logo\/image\/\"}}]}<\/script>\n<!-- \/ Yoast SEO plugin. -->","yoast_head_json":{"title":"BEN, Jorge - Tropical (Yellow) -  (LP) | Guerssen","description":"Tropical is Jorge Ben's fifteenth album, a \"muscular\" mix of previously unreleased material and rearranged covers such as \"Taj Mahal\" and \"Pa\u00eds tropical\". The openness to more Pop, more Western arrangements, foreshadows his future work oriented towards the stereotypical World-Dance of the 1980s. Tropical was originally intended for the market outside Brazil, and was not distributed there until 1977. A very fine confirming his immense talent and ability to adapt to the zeitgeist by intelligently breathing new life into \"old\" tunes that have been listened to over and over again. An era defining recording from Brazil with a unique groove and infectious energy.","robots":{"index":"index","follow":"follow","max-snippet":"max-snippet:-1","max-image-preview":"max-image-preview:large","max-video-preview":"max-video-preview:-1"},"canonical":"https:\/\/wpguerssen-test.odoo.rgbconsulting.com\/es\/producto\/tropical-yellow\/","og_locale":"es_ES","og_type":"article","og_title":"BEN, Jorge - Tropical (Yellow) -  (LP) | Guerssen","og_description":"Tropical is Jorge Ben's fifteenth album, a \"muscular\" mix of previously unreleased material and rearranged covers such as \"Taj Mahal\" and \"Pa\u00eds tropical\". The openness to more Pop, more Western arrangements, foreshadows his future work oriented towards the stereotypical World-Dance of the 1980s. Tropical was originally intended for the market outside Brazil, and was not distributed there until 1977. A very fine confirming his immense talent and ability to adapt to the zeitgeist by intelligently breathing new life into \"old\" tunes that have been listened to over and over again. An era defining recording from Brazil with a unique groove and infectious energy.","og_url":"https:\/\/wpguerssen-test.odoo.rgbconsulting.com\/es\/producto\/tropical-yellow\/","og_site_name":"Guerssen records","article_modified_time":"2025-04-11T11:20:49+00:00","og_image":[{"width":945,"height":945,"url":"https:\/\/wpguerssen-test.odoo.rgbconsulting.com\/wp-content\/uploads\/2024\/10\/48786.jpg","type":"image\/jpeg"}],"twitter_card":"summary_large_image","twitter_title":"BEN, Jorge - Tropical (Yellow) -  (LP) | Guerssen","twitter_misc":{"Tiempo de lectura":"1 minuto"},"schema":{"@context":"https:\/\/schema.org","@graph":[{"@type":"WebPage","@id":"https:\/\/wpguerssen-test.odoo.rgbconsulting.com\/es\/producto\/tropical-yellow\/","url":"https:\/\/wpguerssen-test.odoo.rgbconsulting.com\/es\/producto\/tropical-yellow\/","name":"BEN, Jorge - Tropical (Yellow) - (LP) | Guerssen","isPartOf":{"@id":"https:\/\/wpguerssen-test.odoo.rgbconsulting.com\/es\/#website"},"primaryImageOfPage":{"@id":"https:\/\/wpguerssen-test.odoo.rgbconsulting.com\/es\/producto\/tropical-yellow\/#primaryimage"},"image":{"@id":"https:\/\/wpguerssen-test.odoo.rgbconsulting.com\/es\/producto\/tropical-yellow\/#primaryimage"},"thumbnailUrl":"https:\/\/wpguerssen-test.odoo.rgbconsulting.com\/wp-content\/uploads\/2024\/10\/48786.jpg","datePublished":"2025-01-26T23:00:00+00:00","dateModified":"2025-04-11T11:20:49+00:00","description":"Tropical is Jorge Ben's fifteenth album, a \"muscular\" mix of previously unreleased material and rearranged covers such as \"Taj Mahal\" and \"Pa\u00eds tropical\". The openness to more Pop, more Western arrangements, foreshadows his future work oriented towards the stereotypical World-Dance of the 1980s. Tropical was originally intended for the market outside Brazil, and was not distributed there until 1977. A very fine confirming his immense talent and ability to adapt to the zeitgeist by intelligently breathing new life into \"old\" tunes that have been listened to over and over again. An era defining recording from Brazil with a unique groove and infectious energy.","breadcrumb":{"@id":"https:\/\/wpguerssen-test.odoo.rgbconsulting.com\/es\/producto\/tropical-yellow\/#breadcrumb"},"inLanguage":"es","potentialAction":[{"@type":"ReadAction","target":["https:\/\/wpguerssen-test.odoo.rgbconsulting.com\/es\/producto\/tropical-yellow\/"]}]},{"@type":"ImageObject","inLanguage":"es","@id":"https:\/\/wpguerssen-test.odoo.rgbconsulting.com\/es\/producto\/tropical-yellow\/#primaryimage","url":"https:\/\/wpguerssen-test.odoo.rgbconsulting.com\/wp-content\/uploads\/2024\/10\/48786.jpg","contentUrl":"https:\/\/wpguerssen-test.odoo.rgbconsulting.com\/wp-content\/uploads\/2024\/10\/48786.jpg","width":945,"height":945,"caption":"Jorge - Tropical (Yellow) - KLIMT (LP) | Guerssen"},{"@type":"BreadcrumbList","@id":"https:\/\/wpguerssen-test.odoo.rgbconsulting.com\/es\/producto\/tropical-yellow\/#breadcrumb","itemListElement":[{"@type":"ListItem","position":1,"name":"Inicio","item":"https:\/\/wpguerssen-test.odoo.rgbconsulting.com\/es\/"},{"@type":"ListItem","position":2,"name":"Shop","item":"https:\/\/wpguerssen-test.odoo.rgbconsulting.com\/shop\/"},{"@type":"ListItem","position":3,"name":"Tropical (Yellow)"}]},{"@type":"WebSite","@id":"https:\/\/wpguerssen-test.odoo.rgbconsulting.com\/es\/#website","url":"https:\/\/wpguerssen-test.odoo.rgbconsulting.com\/es\/","name":"Guerssen records","description":"psychedelia - progressive - folk - garage ","publisher":{"@id":"https:\/\/wpguerssen-test.odoo.rgbconsulting.com\/es\/#organization"},"potentialAction":[{"@type":"SearchAction","target":{"@type":"EntryPoint","urlTemplate":"https:\/\/wpguerssen-test.odoo.rgbconsulting.com\/es\/?s={search_term_string}"},"query-input":{"@type":"PropertyValueSpecification","valueRequired":true,"valueName":"search_term_string"}}],"inLanguage":"es"},{"@type":"Organization","@id":"https:\/\/wpguerssen-test.odoo.rgbconsulting.com\/es\/#organization","name":"Guerssen records","url":"https:\/\/wpguerssen-test.odoo.rgbconsulting.com\/es\/","logo":{"@type":"ImageObject","inLanguage":"es","@id":"https:\/\/wpguerssen-test.odoo.rgbconsulting.com\/es\/#\/schema\/logo\/image\/","url":"https:\/\/wpguerssen-test.odoo.rgbconsulting.com\/wp-content\/uploads\/2022\/04\/Logo_Guerssen_trans_100.png","contentUrl":"https:\/\/wpguerssen-test.odoo.rgbconsulting.com\/wp-content\/uploads\/2022\/04\/Logo_Guerssen_trans_100.png","width":122,"height":100,"caption":"Guerssen records"},"image":{"@id":"https:\/\/wpguerssen-test.odoo.rgbconsulting.com\/es\/#\/schema\/logo\/image\/"}}]}},"_links":{"self":[{"href":"https:\/\/wpguerssen-test.odoo.rgbconsulting.com\/es\/wp-json\/wp\/v2\/product\/276229","targetHints":{"allow":["GET"]}}],"collection":[{"href":"https:\/\/wpguerssen-test.odoo.rgbconsulting.com\/es\/wp-json\/wp\/v2\/product"}],"about":[{"href":"https:\/\/wpguerssen-test.odoo.rgbconsulting.com\/es\/wp-json\/wp\/v2\/types\/product"}],"wp:featuredmedia":[{"embeddable":true,"href":"https:\/\/wpguerssen-test.odoo.rgbconsulting.com\/es\/wp-json\/wp\/v2\/media\/276093"}],"wp:attachment":[{"href":"https:\/\/wpguerssen-test.odoo.rgbconsulting.com\/es\/wp-json\/wp\/v2\/media?parent=276229"}],"wp:term":[{"taxonomy":"product_brand","embeddable":true,"href":"https:\/\/wpguerssen-test.odoo.rgbconsulting.com\/es\/wp-json\/wp\/v2\/product_brand?post=276229"},{"taxonomy":"product_cat","embeddable":true,"href":"https:\/\/wpguerssen-test.odoo.rgbconsulting.com\/es\/wp-json\/wp\/v2\/product_cat?post=276229"},{"taxonomy":"product_tag","embeddable":true,"href":"https:\/\/wpguerssen-test.odoo.rgbconsulting.com\/es\/wp-json\/wp\/v2\/product_tag?post=276229"}],"curies":[{"name":"wp","href":"https:\/\/api.w.org\/{rel}","templated":true}]}}