{"id":276231,"date":"2024-10-09T00:00:00","date_gmt":"2024-10-08T22:00:00","guid":{"rendered":"https:\/\/wpguerssen-test.odoo.rgbconsulting.com\/product\/i-left-my-heart-in-detroit-city\/"},"modified":"2025-01-30T17:09:20","modified_gmt":"2025-01-30T16:09:20","slug":"i-left-my-heart-in-detroit-city","status":"publish","type":"product","link":"https:\/\/wpguerssen-test.odoo.rgbconsulting.com\/es\/producto\/i-left-my-heart-in-detroit-city\/","title":{"rendered":"I Left My Heart In Detroit City"},"content":{"rendered":"<p>Considerada la primera banda de punk en Detroit, el ir\u00f3nico cuarteto de power-pop-punk Cinecyde lanz\u00f3 Tremor Records en 1977 para manejar su propio trabajo, publicando varios sencillos y EP antes de grabar este dinamita larga duraci\u00f3n debut en 1982. Posiblemente el mejor lanzamiento de la banda. El \u00e1lbum captur\u00f3 a Cinecyde en su m\u00e1xima expresi\u00f3n y dej\u00f3 en claro que el sonido era completamente suyo: los int\u00e9rpretes dirigieron su poder puro a estructuras inusuales de canciones power-pop, el alto nivel de habilidad musical y las letras libres de clich\u00e9s relegaron el resultado a una categor\u00eda \u00fanica. . \u00a1Esto es imprescindible para los fan\u00e1ticos del grupo y todos los amantes del punk inteligente y no est\u00e1ndar del Medio Oeste!<\/p>\n","protected":false},"excerpt":{"rendered":"<p>Considerada la primera banda de punk en Detroit, el ir\u00f3nico cuarteto de power-pop-punk Cinecyde lanz\u00f3 Tremor Records en 1977 para manejar su propio trabajo, publicando<a class=\"read\" href=\"https:\/\/wpguerssen-test.odoo.rgbconsulting.com\/es\/producto\/i-left-my-heart-in-detroit-city\/\"> (...)<\/a>","protected":false},"featured_media":276099,"template":"","meta":{"_acf_changed":false},"product_brand":[],"product_cat":[21650],"product_tag":[],"class_list":{"0":"post-276231","1":"product","2":"type-product","3":"status-publish","4":"has-post-thumbnail","6":"product_cat-punk-es","7":"pa_artist-cinecyde","8":"pa_format-lp-es","9":"pa_gender-punk","10":"pa_label-radiation","11":"pa_location-north-america-es","12":"pa_other-filters-vinyl-only-es","14":"first","15":"instock","16":"taxable","17":"shipping-taxable","18":"purchasable","19":"product-type-simple"},"acf":[],"yoast_head":"<!-- This site is optimized with the Yoast SEO plugin v24.9 - https:\/\/yoast.com\/wordpress\/plugins\/seo\/ -->\n<title>CINECYDE - I Left My Heart In Detroit City -  (LP) | Guerssen<\/title>\n<meta name=\"description\" content=\"Considered the first punk band in Detroit, the ironic power-pop-punk quartet Cinecyde launched Tremor Records in 1977 to handle their own work, issuing several singles and EPs before cutting this dynamite debut long-player in 1982. Arguably the band&#039;s best release, the album captured Cinecyde at its tightest and made clear that the sound was all their own, the players directing their raw power into unusual power-pop song structures, the high level of musical skill and cliche-free lyrics relegating the output to a unique category. This is a must-have for fans of the group and all lovers of intelligent, non-standard Midwest punk!\" \/>\n<meta name=\"robots\" content=\"index, follow, max-snippet:-1, max-image-preview:large, max-video-preview:-1\" \/>\n<link rel=\"canonical\" href=\"https:\/\/wpguerssen-test.odoo.rgbconsulting.com\/es\/producto\/i-left-my-heart-in-detroit-city\/\" \/>\n<meta property=\"og:locale\" content=\"es_ES\" \/>\n<meta property=\"og:type\" content=\"article\" \/>\n<meta property=\"og:title\" content=\"CINECYDE - I Left My Heart In Detroit City -  (LP) | Guerssen\" \/>\n<meta property=\"og:description\" content=\"Considered the first punk band in Detroit, the ironic power-pop-punk quartet Cinecyde launched Tremor Records in 1977 to handle their own work, issuing several singles and EPs before cutting this dynamite debut long-player in 1982. Arguably the band&#039;s best release, the album captured Cinecyde at its tightest and made clear that the sound was all their own, the players directing their raw power into unusual power-pop song structures, the high level of musical skill and cliche-free lyrics relegating the output to a unique category. This is a must-have for fans of the group and all lovers of intelligent, non-standard Midwest punk!\" \/>\n<meta property=\"og:url\" content=\"https:\/\/wpguerssen-test.odoo.rgbconsulting.com\/es\/producto\/i-left-my-heart-in-detroit-city\/\" \/>\n<meta property=\"og:site_name\" content=\"Guerssen records\" \/>\n<meta property=\"article:modified_time\" content=\"2025-01-30T16:09:20+00:00\" \/>\n<meta property=\"og:image\" content=\"https:\/\/wpguerssen-test.odoo.rgbconsulting.com\/wp-content\/uploads\/2024\/10\/48788.jpg\" \/>\n\t<meta property=\"og:image:width\" content=\"1772\" \/>\n\t<meta property=\"og:image:height\" content=\"1772\" \/>\n\t<meta property=\"og:image:type\" content=\"image\/jpeg\" \/>\n<meta name=\"twitter:card\" content=\"summary_large_image\" \/>\n<meta name=\"twitter:title\" content=\"CINECYDE - I Left My Heart In Detroit City -  (LP) | Guerssen\" \/>\n<meta name=\"twitter:label1\" content=\"Tiempo de lectura\" \/>\n\t<meta name=\"twitter:data1\" content=\"1 minuto\" \/>\n<script type=\"application\/ld+json\" class=\"yoast-schema-graph\">{\"@context\":\"https:\/\/schema.org\",\"@graph\":[{\"@type\":\"WebPage\",\"@id\":\"https:\/\/wpguerssen-test.odoo.rgbconsulting.com\/es\/producto\/i-left-my-heart-in-detroit-city\/\",\"url\":\"https:\/\/wpguerssen-test.odoo.rgbconsulting.com\/es\/producto\/i-left-my-heart-in-detroit-city\/\",\"name\":\"CINECYDE - I Left My Heart In Detroit City - (LP) | Guerssen\",\"isPartOf\":{\"@id\":\"https:\/\/wpguerssen-test.odoo.rgbconsulting.com\/es\/#website\"},\"primaryImageOfPage\":{\"@id\":\"https:\/\/wpguerssen-test.odoo.rgbconsulting.com\/es\/producto\/i-left-my-heart-in-detroit-city\/#primaryimage\"},\"image\":{\"@id\":\"https:\/\/wpguerssen-test.odoo.rgbconsulting.com\/es\/producto\/i-left-my-heart-in-detroit-city\/#primaryimage\"},\"thumbnailUrl\":\"https:\/\/wpguerssen-test.odoo.rgbconsulting.com\/wp-content\/uploads\/2024\/10\/48788.jpg\",\"datePublished\":\"2024-10-08T22:00:00+00:00\",\"dateModified\":\"2025-01-30T16:09:20+00:00\",\"description\":\"Considered the first punk band in Detroit, the ironic power-pop-punk quartet Cinecyde launched Tremor Records in 1977 to handle their own work, issuing several singles and EPs before cutting this dynamite debut long-player in 1982. Arguably the band's best release, the album captured Cinecyde at its tightest and made clear that the sound was all their own, the players directing their raw power into unusual power-pop song structures, the high level of musical skill and cliche-free lyrics relegating the output to a unique category. This is a must-have for fans of the group and all lovers of intelligent, non-standard Midwest punk!\",\"breadcrumb\":{\"@id\":\"https:\/\/wpguerssen-test.odoo.rgbconsulting.com\/es\/producto\/i-left-my-heart-in-detroit-city\/#breadcrumb\"},\"inLanguage\":\"es\",\"potentialAction\":[{\"@type\":\"ReadAction\",\"target\":[\"https:\/\/wpguerssen-test.odoo.rgbconsulting.com\/es\/producto\/i-left-my-heart-in-detroit-city\/\"]}]},{\"@type\":\"ImageObject\",\"inLanguage\":\"es\",\"@id\":\"https:\/\/wpguerssen-test.odoo.rgbconsulting.com\/es\/producto\/i-left-my-heart-in-detroit-city\/#primaryimage\",\"url\":\"https:\/\/wpguerssen-test.odoo.rgbconsulting.com\/wp-content\/uploads\/2024\/10\/48788.jpg\",\"contentUrl\":\"https:\/\/wpguerssen-test.odoo.rgbconsulting.com\/wp-content\/uploads\/2024\/10\/48788.jpg\",\"width\":1772,\"height\":1772},{\"@type\":\"BreadcrumbList\",\"@id\":\"https:\/\/wpguerssen-test.odoo.rgbconsulting.com\/es\/producto\/i-left-my-heart-in-detroit-city\/#breadcrumb\",\"itemListElement\":[{\"@type\":\"ListItem\",\"position\":1,\"name\":\"Inicio\",\"item\":\"https:\/\/wpguerssen-test.odoo.rgbconsulting.com\/es\/\"},{\"@type\":\"ListItem\",\"position\":2,\"name\":\"Shop\",\"item\":\"https:\/\/wpguerssen-test.odoo.rgbconsulting.com\/shop\/\"},{\"@type\":\"ListItem\",\"position\":3,\"name\":\"I Left My Heart In Detroit City\"}]},{\"@type\":\"WebSite\",\"@id\":\"https:\/\/wpguerssen-test.odoo.rgbconsulting.com\/es\/#website\",\"url\":\"https:\/\/wpguerssen-test.odoo.rgbconsulting.com\/es\/\",\"name\":\"Guerssen records\",\"description\":\"psychedelia - progressive - folk - garage \",\"publisher\":{\"@id\":\"https:\/\/wpguerssen-test.odoo.rgbconsulting.com\/es\/#organization\"},\"potentialAction\":[{\"@type\":\"SearchAction\",\"target\":{\"@type\":\"EntryPoint\",\"urlTemplate\":\"https:\/\/wpguerssen-test.odoo.rgbconsulting.com\/es\/?s={search_term_string}\"},\"query-input\":{\"@type\":\"PropertyValueSpecification\",\"valueRequired\":true,\"valueName\":\"search_term_string\"}}],\"inLanguage\":\"es\"},{\"@type\":\"Organization\",\"@id\":\"https:\/\/wpguerssen-test.odoo.rgbconsulting.com\/es\/#organization\",\"name\":\"Guerssen records\",\"url\":\"https:\/\/wpguerssen-test.odoo.rgbconsulting.com\/es\/\",\"logo\":{\"@type\":\"ImageObject\",\"inLanguage\":\"es\",\"@id\":\"https:\/\/wpguerssen-test.odoo.rgbconsulting.com\/es\/#\/schema\/logo\/image\/\",\"url\":\"https:\/\/wpguerssen-test.odoo.rgbconsulting.com\/wp-content\/uploads\/2022\/04\/Logo_Guerssen_trans_100.png\",\"contentUrl\":\"https:\/\/wpguerssen-test.odoo.rgbconsulting.com\/wp-content\/uploads\/2022\/04\/Logo_Guerssen_trans_100.png\",\"width\":122,\"height\":100,\"caption\":\"Guerssen records\"},\"image\":{\"@id\":\"https:\/\/wpguerssen-test.odoo.rgbconsulting.com\/es\/#\/schema\/logo\/image\/\"}}]}<\/script>\n<!-- \/ Yoast SEO plugin. -->","yoast_head_json":{"title":"CINECYDE - I Left My Heart In Detroit City -  (LP) | Guerssen","description":"Considered the first punk band in Detroit, the ironic power-pop-punk quartet Cinecyde launched Tremor Records in 1977 to handle their own work, issuing several singles and EPs before cutting this dynamite debut long-player in 1982. Arguably the band's best release, the album captured Cinecyde at its tightest and made clear that the sound was all their own, the players directing their raw power into unusual power-pop song structures, the high level of musical skill and cliche-free lyrics relegating the output to a unique category. This is a must-have for fans of the group and all lovers of intelligent, non-standard Midwest punk!","robots":{"index":"index","follow":"follow","max-snippet":"max-snippet:-1","max-image-preview":"max-image-preview:large","max-video-preview":"max-video-preview:-1"},"canonical":"https:\/\/wpguerssen-test.odoo.rgbconsulting.com\/es\/producto\/i-left-my-heart-in-detroit-city\/","og_locale":"es_ES","og_type":"article","og_title":"CINECYDE - I Left My Heart In Detroit City -  (LP) | Guerssen","og_description":"Considered the first punk band in Detroit, the ironic power-pop-punk quartet Cinecyde launched Tremor Records in 1977 to handle their own work, issuing several singles and EPs before cutting this dynamite debut long-player in 1982. Arguably the band's best release, the album captured Cinecyde at its tightest and made clear that the sound was all their own, the players directing their raw power into unusual power-pop song structures, the high level of musical skill and cliche-free lyrics relegating the output to a unique category. This is a must-have for fans of the group and all lovers of intelligent, non-standard Midwest punk!","og_url":"https:\/\/wpguerssen-test.odoo.rgbconsulting.com\/es\/producto\/i-left-my-heart-in-detroit-city\/","og_site_name":"Guerssen records","article_modified_time":"2025-01-30T16:09:20+00:00","og_image":[{"width":1772,"height":1772,"url":"https:\/\/wpguerssen-test.odoo.rgbconsulting.com\/wp-content\/uploads\/2024\/10\/48788.jpg","type":"image\/jpeg"}],"twitter_card":"summary_large_image","twitter_title":"CINECYDE - I Left My Heart In Detroit City -  (LP) | Guerssen","twitter_misc":{"Tiempo de lectura":"1 minuto"},"schema":{"@context":"https:\/\/schema.org","@graph":[{"@type":"WebPage","@id":"https:\/\/wpguerssen-test.odoo.rgbconsulting.com\/es\/producto\/i-left-my-heart-in-detroit-city\/","url":"https:\/\/wpguerssen-test.odoo.rgbconsulting.com\/es\/producto\/i-left-my-heart-in-detroit-city\/","name":"CINECYDE - I Left My Heart In Detroit City - (LP) | Guerssen","isPartOf":{"@id":"https:\/\/wpguerssen-test.odoo.rgbconsulting.com\/es\/#website"},"primaryImageOfPage":{"@id":"https:\/\/wpguerssen-test.odoo.rgbconsulting.com\/es\/producto\/i-left-my-heart-in-detroit-city\/#primaryimage"},"image":{"@id":"https:\/\/wpguerssen-test.odoo.rgbconsulting.com\/es\/producto\/i-left-my-heart-in-detroit-city\/#primaryimage"},"thumbnailUrl":"https:\/\/wpguerssen-test.odoo.rgbconsulting.com\/wp-content\/uploads\/2024\/10\/48788.jpg","datePublished":"2024-10-08T22:00:00+00:00","dateModified":"2025-01-30T16:09:20+00:00","description":"Considered the first punk band in Detroit, the ironic power-pop-punk quartet Cinecyde launched Tremor Records in 1977 to handle their own work, issuing several singles and EPs before cutting this dynamite debut long-player in 1982. Arguably the band's best release, the album captured Cinecyde at its tightest and made clear that the sound was all their own, the players directing their raw power into unusual power-pop song structures, the high level of musical skill and cliche-free lyrics relegating the output to a unique category. This is a must-have for fans of the group and all lovers of intelligent, non-standard Midwest punk!","breadcrumb":{"@id":"https:\/\/wpguerssen-test.odoo.rgbconsulting.com\/es\/producto\/i-left-my-heart-in-detroit-city\/#breadcrumb"},"inLanguage":"es","potentialAction":[{"@type":"ReadAction","target":["https:\/\/wpguerssen-test.odoo.rgbconsulting.com\/es\/producto\/i-left-my-heart-in-detroit-city\/"]}]},{"@type":"ImageObject","inLanguage":"es","@id":"https:\/\/wpguerssen-test.odoo.rgbconsulting.com\/es\/producto\/i-left-my-heart-in-detroit-city\/#primaryimage","url":"https:\/\/wpguerssen-test.odoo.rgbconsulting.com\/wp-content\/uploads\/2024\/10\/48788.jpg","contentUrl":"https:\/\/wpguerssen-test.odoo.rgbconsulting.com\/wp-content\/uploads\/2024\/10\/48788.jpg","width":1772,"height":1772},{"@type":"BreadcrumbList","@id":"https:\/\/wpguerssen-test.odoo.rgbconsulting.com\/es\/producto\/i-left-my-heart-in-detroit-city\/#breadcrumb","itemListElement":[{"@type":"ListItem","position":1,"name":"Inicio","item":"https:\/\/wpguerssen-test.odoo.rgbconsulting.com\/es\/"},{"@type":"ListItem","position":2,"name":"Shop","item":"https:\/\/wpguerssen-test.odoo.rgbconsulting.com\/shop\/"},{"@type":"ListItem","position":3,"name":"I Left My Heart In Detroit City"}]},{"@type":"WebSite","@id":"https:\/\/wpguerssen-test.odoo.rgbconsulting.com\/es\/#website","url":"https:\/\/wpguerssen-test.odoo.rgbconsulting.com\/es\/","name":"Guerssen records","description":"psychedelia - progressive - folk - garage ","publisher":{"@id":"https:\/\/wpguerssen-test.odoo.rgbconsulting.com\/es\/#organization"},"potentialAction":[{"@type":"SearchAction","target":{"@type":"EntryPoint","urlTemplate":"https:\/\/wpguerssen-test.odoo.rgbconsulting.com\/es\/?s={search_term_string}"},"query-input":{"@type":"PropertyValueSpecification","valueRequired":true,"valueName":"search_term_string"}}],"inLanguage":"es"},{"@type":"Organization","@id":"https:\/\/wpguerssen-test.odoo.rgbconsulting.com\/es\/#organization","name":"Guerssen records","url":"https:\/\/wpguerssen-test.odoo.rgbconsulting.com\/es\/","logo":{"@type":"ImageObject","inLanguage":"es","@id":"https:\/\/wpguerssen-test.odoo.rgbconsulting.com\/es\/#\/schema\/logo\/image\/","url":"https:\/\/wpguerssen-test.odoo.rgbconsulting.com\/wp-content\/uploads\/2022\/04\/Logo_Guerssen_trans_100.png","contentUrl":"https:\/\/wpguerssen-test.odoo.rgbconsulting.com\/wp-content\/uploads\/2022\/04\/Logo_Guerssen_trans_100.png","width":122,"height":100,"caption":"Guerssen records"},"image":{"@id":"https:\/\/wpguerssen-test.odoo.rgbconsulting.com\/es\/#\/schema\/logo\/image\/"}}]}},"_links":{"self":[{"href":"https:\/\/wpguerssen-test.odoo.rgbconsulting.com\/es\/wp-json\/wp\/v2\/product\/276231","targetHints":{"allow":["GET"]}}],"collection":[{"href":"https:\/\/wpguerssen-test.odoo.rgbconsulting.com\/es\/wp-json\/wp\/v2\/product"}],"about":[{"href":"https:\/\/wpguerssen-test.odoo.rgbconsulting.com\/es\/wp-json\/wp\/v2\/types\/product"}],"wp:featuredmedia":[{"embeddable":true,"href":"https:\/\/wpguerssen-test.odoo.rgbconsulting.com\/es\/wp-json\/wp\/v2\/media\/276099"}],"wp:attachment":[{"href":"https:\/\/wpguerssen-test.odoo.rgbconsulting.com\/es\/wp-json\/wp\/v2\/media?parent=276231"}],"wp:term":[{"taxonomy":"product_brand","embeddable":true,"href":"https:\/\/wpguerssen-test.odoo.rgbconsulting.com\/es\/wp-json\/wp\/v2\/product_brand?post=276231"},{"taxonomy":"product_cat","embeddable":true,"href":"https:\/\/wpguerssen-test.odoo.rgbconsulting.com\/es\/wp-json\/wp\/v2\/product_cat?post=276231"},{"taxonomy":"product_tag","embeddable":true,"href":"https:\/\/wpguerssen-test.odoo.rgbconsulting.com\/es\/wp-json\/wp\/v2\/product_tag?post=276231"}],"curies":[{"name":"wp","href":"https:\/\/api.w.org\/{rel}","templated":true}]}}