{"id":276237,"date":"2024-10-28T00:00:00","date_gmt":"2024-10-27T23:00:00","guid":{"rendered":"https:\/\/wpguerssen-test.odoo.rgbconsulting.com\/product\/get-chickenized\/"},"modified":"2025-01-30T17:09:33","modified_gmt":"2025-01-30T16:09:33","slug":"get-chickenized","status":"publish","type":"product","link":"https:\/\/wpguerssen-test.odoo.rgbconsulting.com\/es\/producto\/get-chickenized\/","title":{"rendered":"Get Chickenized!"},"content":{"rendered":"<p>Licencia completa, limitada a 500 copias. \u00bfQu\u00e9 pasar\u00eda si el pop urbano japon\u00e9s se encontrara con la nueva ola? Ni en tu sue\u00f1o m\u00e1s loco tal acontecimiento podr\u00eda ser real, pero dejemos las cosas claras. Frank Chickens podr\u00eda haber sido posiblemente el precursor de varias bandas alternativas famosas, entre ellas Cibo Matto, pero seguro que tuvieron un desarrollo propio. Nuestra historia comenz\u00f3 en Londres, a principios de los a\u00f1os ochenta, el d\u00fao art\u00edstico Frank Chickens es la creaci\u00f3n original de los artistas japoneses Kazuko Hohki y Kazumi Taguchi. De repente la banda debuta con un par de singles y un larga duraci\u00f3n en Kaz Records, es 1984, pero podr\u00eda haber sido f\u00e1cilmente 1994, o incluso 2004. Respaldados por gente como Steve Beresford (Alterations, The Slits, General Strike, London Improvisers Orchestra), Annie Whitehead (Penguin Cafe Orchestra, Robert Wyatt), Lol Coxhill, Tony Coe y Clive Bell (la cima de la crema de la vanguardia inglesa) la banda pronto se convirti\u00f3 en un caso para la historia. Ahora tenemos el placer &#8211; 37 a\u00f1os despu\u00e9s de su lanzamiento original &#8211; de reeditar su segundo \u00e1lbum: Get Chickenized! El disco sali\u00f3 en 1987 con el sello brit\u00e1nico Flying Lecords y mostr\u00f3 una cara diferente del proyecto, con un mayor enfoque en la llamada contracultura de la onda sint\u00e9tica, manteniendo a\u00fan un cierto sentimiento de vanguardia. Con el conspirador original Steve Beresford todav\u00eda a bordo, la banda fue impulsada en el estudio por otra figura clave del underground londinense: el periodista, compositor y productor David Toop.<\/p>\n","protected":false},"excerpt":{"rendered":"<p>Licencia completa, limitada a 500 copias. \u00bfQu\u00e9 pasar\u00eda si el pop urbano japon\u00e9s se encontrara con la nueva ola? Ni en tu sue\u00f1o m\u00e1s loco tal acontecimiento podr\u00eda<a class=\"read\" href=\"https:\/\/wpguerssen-test.odoo.rgbconsulting.com\/es\/producto\/get-chickenized\/\"> (...)<\/a>","protected":false},"featured_media":276117,"template":"","meta":{"_acf_changed":false},"product_brand":[],"product_cat":[21705,23266],"product_tag":[],"class_list":{"0":"post-276237","1":"product","2":"type-product","3":"status-publish","4":"has-post-thumbnail","6":"product_cat-synth-pop-es","7":"product_cat-electronic-es","8":"pa_artist-frank-chickens","9":"pa_format-lp-es","10":"pa_gender-synth-pop-electronic","11":"pa_label-lantern-rec-es","12":"pa_location-asia-es","13":"pa_other-filters-vinyl-only-es","15":"first","16":"instock","17":"taxable","18":"shipping-taxable","19":"purchasable","20":"product-type-simple"},"acf":[],"yoast_head":"<!-- This site is optimized with the Yoast SEO plugin v24.9 - https:\/\/yoast.com\/wordpress\/plugins\/seo\/ -->\n<title>FRANK CHICKENS - Get Chickenized! -  (LP) | Guerssen<\/title>\n<meta name=\"description\" content=\"Fully licensed, ltd to 500 copies. What if Japanese city pop met no wave? Neither in your wildest dream such occurrence could be real, but let&#039;s make things clear. Frank Chickens could have been possibly forerunners for several famous alternative band, Cibo Matto on top of all, but sure had a development on their own. Our history began in London, early eighties, art duo Frank Chickens is the original creation of Japanese performers Kazuko Hohki and Kazumi Taguchi. All of a sudden the band debuts with a pair of singles and a full length on Kaz Records, it&#039;s 1984, but could have been easily 1994, or even 2004. Backed by the likes of Steve Beresford (Alterations, The Slits, General Strike, London Improvisers Orchestra), Annie Whitehead (Penguin Cafe Orchestra, Robert Wyatt), Lol Coxhill, Tony Coe and Clive Bell (the top of the cream of the English avantgarde) the band soon became a case in history. Now we have the pleasure - 37 years after its original release - to reissue their second album: Get Chickenized! The record came out in 1987 on the british label Flying Lecords and showed a different side of the project, with a major focus on the so-called synth wave counterculture, still maintaining a certain avant feel. With original conspirator Steve Beresford still on board, the band was propelled in the studio by another key figure of the London underground: journalist, composer and producer David Toop. Being John Peel&#039;s favorite for a while, the band built a cult following retaining some absurd live performances, well known for their idiosyncratic choreography. Later revamped in the year 2000 - thanks to cult label Ninja Tune - the band enjoyed a second wave of success, with a remix album featuring the likes of Pizzicato 5, Fink and Neotropic. With a cover embellished by the labor of Pere Ubu David Thomas, this second influential album is finally available for your listening pleasure. Here&#039;s your chance to dive deep into this exotic pop extravaganza.\" \/>\n<meta name=\"robots\" content=\"index, follow, max-snippet:-1, max-image-preview:large, max-video-preview:-1\" \/>\n<link rel=\"canonical\" href=\"https:\/\/wpguerssen-test.odoo.rgbconsulting.com\/es\/producto\/get-chickenized\/\" \/>\n<meta property=\"og:locale\" content=\"es_ES\" \/>\n<meta property=\"og:type\" content=\"article\" \/>\n<meta property=\"og:title\" content=\"FRANK CHICKENS - Get Chickenized! -  (LP) | Guerssen\" \/>\n<meta property=\"og:description\" content=\"Fully licensed, ltd to 500 copies. What if Japanese city pop met no wave? Neither in your wildest dream such occurrence could be real, but let&#039;s make things clear. Frank Chickens could have been possibly forerunners for several famous alternative band, Cibo Matto on top of all, but sure had a development on their own. Our history began in London, early eighties, art duo Frank Chickens is the original creation of Japanese performers Kazuko Hohki and Kazumi Taguchi. All of a sudden the band debuts with a pair of singles and a full length on Kaz Records, it&#039;s 1984, but could have been easily 1994, or even 2004. Backed by the likes of Steve Beresford (Alterations, The Slits, General Strike, London Improvisers Orchestra), Annie Whitehead (Penguin Cafe Orchestra, Robert Wyatt), Lol Coxhill, Tony Coe and Clive Bell (the top of the cream of the English avantgarde) the band soon became a case in history. Now we have the pleasure - 37 years after its original release - to reissue their second album: Get Chickenized! The record came out in 1987 on the british label Flying Lecords and showed a different side of the project, with a major focus on the so-called synth wave counterculture, still maintaining a certain avant feel. With original conspirator Steve Beresford still on board, the band was propelled in the studio by another key figure of the London underground: journalist, composer and producer David Toop. Being John Peel&#039;s favorite for a while, the band built a cult following retaining some absurd live performances, well known for their idiosyncratic choreography. Later revamped in the year 2000 - thanks to cult label Ninja Tune - the band enjoyed a second wave of success, with a remix album featuring the likes of Pizzicato 5, Fink and Neotropic. With a cover embellished by the labor of Pere Ubu David Thomas, this second influential album is finally available for your listening pleasure. Here&#039;s your chance to dive deep into this exotic pop extravaganza.\" \/>\n<meta property=\"og:url\" content=\"https:\/\/wpguerssen-test.odoo.rgbconsulting.com\/es\/producto\/get-chickenized\/\" \/>\n<meta property=\"og:site_name\" content=\"Guerssen records\" \/>\n<meta property=\"article:modified_time\" content=\"2025-01-30T16:09:33+00:00\" \/>\n<meta property=\"og:image\" content=\"https:\/\/wpguerssen-test.odoo.rgbconsulting.com\/wp-content\/uploads\/2024\/10\/48794.jpg\" \/>\n\t<meta property=\"og:image:width\" content=\"1181\" \/>\n\t<meta property=\"og:image:height\" content=\"1181\" \/>\n\t<meta property=\"og:image:type\" content=\"image\/jpeg\" \/>\n<meta name=\"twitter:card\" content=\"summary_large_image\" \/>\n<meta name=\"twitter:title\" content=\"FRANK CHICKENS - Get Chickenized! -  (LP) | Guerssen\" \/>\n<meta name=\"twitter:label1\" content=\"Tiempo de lectura\" \/>\n\t<meta name=\"twitter:data1\" content=\"1 minuto\" \/>\n<script type=\"application\/ld+json\" class=\"yoast-schema-graph\">{\"@context\":\"https:\/\/schema.org\",\"@graph\":[{\"@type\":\"WebPage\",\"@id\":\"https:\/\/wpguerssen-test.odoo.rgbconsulting.com\/es\/producto\/get-chickenized\/\",\"url\":\"https:\/\/wpguerssen-test.odoo.rgbconsulting.com\/es\/producto\/get-chickenized\/\",\"name\":\"FRANK CHICKENS - Get Chickenized! - (LP) | Guerssen\",\"isPartOf\":{\"@id\":\"https:\/\/wpguerssen-test.odoo.rgbconsulting.com\/es\/#website\"},\"primaryImageOfPage\":{\"@id\":\"https:\/\/wpguerssen-test.odoo.rgbconsulting.com\/es\/producto\/get-chickenized\/#primaryimage\"},\"image\":{\"@id\":\"https:\/\/wpguerssen-test.odoo.rgbconsulting.com\/es\/producto\/get-chickenized\/#primaryimage\"},\"thumbnailUrl\":\"https:\/\/wpguerssen-test.odoo.rgbconsulting.com\/wp-content\/uploads\/2024\/10\/48794.jpg\",\"datePublished\":\"2024-10-27T23:00:00+00:00\",\"dateModified\":\"2025-01-30T16:09:33+00:00\",\"description\":\"Fully licensed, ltd to 500 copies. What if Japanese city pop met no wave? Neither in your wildest dream such occurrence could be real, but let's make things clear. Frank Chickens could have been possibly forerunners for several famous alternative band, Cibo Matto on top of all, but sure had a development on their own. Our history began in London, early eighties, art duo Frank Chickens is the original creation of Japanese performers Kazuko Hohki and Kazumi Taguchi. All of a sudden the band debuts with a pair of singles and a full length on Kaz Records, it's 1984, but could have been easily 1994, or even 2004. Backed by the likes of Steve Beresford (Alterations, The Slits, General Strike, London Improvisers Orchestra), Annie Whitehead (Penguin Cafe Orchestra, Robert Wyatt), Lol Coxhill, Tony Coe and Clive Bell (the top of the cream of the English avantgarde) the band soon became a case in history. Now we have the pleasure - 37 years after its original release - to reissue their second album: Get Chickenized! The record came out in 1987 on the british label Flying Lecords and showed a different side of the project, with a major focus on the so-called synth wave counterculture, still maintaining a certain avant feel. With original conspirator Steve Beresford still on board, the band was propelled in the studio by another key figure of the London underground: journalist, composer and producer David Toop. Being John Peel's favorite for a while, the band built a cult following retaining some absurd live performances, well known for their idiosyncratic choreography. Later revamped in the year 2000 - thanks to cult label Ninja Tune - the band enjoyed a second wave of success, with a remix album featuring the likes of Pizzicato 5, Fink and Neotropic. With a cover embellished by the labor of Pere Ubu David Thomas, this second influential album is finally available for your listening pleasure. Here's your chance to dive deep into this exotic pop extravaganza.\",\"breadcrumb\":{\"@id\":\"https:\/\/wpguerssen-test.odoo.rgbconsulting.com\/es\/producto\/get-chickenized\/#breadcrumb\"},\"inLanguage\":\"es\",\"potentialAction\":[{\"@type\":\"ReadAction\",\"target\":[\"https:\/\/wpguerssen-test.odoo.rgbconsulting.com\/es\/producto\/get-chickenized\/\"]}]},{\"@type\":\"ImageObject\",\"inLanguage\":\"es\",\"@id\":\"https:\/\/wpguerssen-test.odoo.rgbconsulting.com\/es\/producto\/get-chickenized\/#primaryimage\",\"url\":\"https:\/\/wpguerssen-test.odoo.rgbconsulting.com\/wp-content\/uploads\/2024\/10\/48794.jpg\",\"contentUrl\":\"https:\/\/wpguerssen-test.odoo.rgbconsulting.com\/wp-content\/uploads\/2024\/10\/48794.jpg\",\"width\":1181,\"height\":1181},{\"@type\":\"BreadcrumbList\",\"@id\":\"https:\/\/wpguerssen-test.odoo.rgbconsulting.com\/es\/producto\/get-chickenized\/#breadcrumb\",\"itemListElement\":[{\"@type\":\"ListItem\",\"position\":1,\"name\":\"Inicio\",\"item\":\"https:\/\/wpguerssen-test.odoo.rgbconsulting.com\/es\/\"},{\"@type\":\"ListItem\",\"position\":2,\"name\":\"Shop\",\"item\":\"https:\/\/wpguerssen-test.odoo.rgbconsulting.com\/shop\/\"},{\"@type\":\"ListItem\",\"position\":3,\"name\":\"Get Chickenized!\"}]},{\"@type\":\"WebSite\",\"@id\":\"https:\/\/wpguerssen-test.odoo.rgbconsulting.com\/es\/#website\",\"url\":\"https:\/\/wpguerssen-test.odoo.rgbconsulting.com\/es\/\",\"name\":\"Guerssen records\",\"description\":\"psychedelia - progressive - folk - garage \",\"publisher\":{\"@id\":\"https:\/\/wpguerssen-test.odoo.rgbconsulting.com\/es\/#organization\"},\"potentialAction\":[{\"@type\":\"SearchAction\",\"target\":{\"@type\":\"EntryPoint\",\"urlTemplate\":\"https:\/\/wpguerssen-test.odoo.rgbconsulting.com\/es\/?s={search_term_string}\"},\"query-input\":{\"@type\":\"PropertyValueSpecification\",\"valueRequired\":true,\"valueName\":\"search_term_string\"}}],\"inLanguage\":\"es\"},{\"@type\":\"Organization\",\"@id\":\"https:\/\/wpguerssen-test.odoo.rgbconsulting.com\/es\/#organization\",\"name\":\"Guerssen records\",\"url\":\"https:\/\/wpguerssen-test.odoo.rgbconsulting.com\/es\/\",\"logo\":{\"@type\":\"ImageObject\",\"inLanguage\":\"es\",\"@id\":\"https:\/\/wpguerssen-test.odoo.rgbconsulting.com\/es\/#\/schema\/logo\/image\/\",\"url\":\"https:\/\/wpguerssen-test.odoo.rgbconsulting.com\/wp-content\/uploads\/2022\/04\/Logo_Guerssen_trans_100.png\",\"contentUrl\":\"https:\/\/wpguerssen-test.odoo.rgbconsulting.com\/wp-content\/uploads\/2022\/04\/Logo_Guerssen_trans_100.png\",\"width\":122,\"height\":100,\"caption\":\"Guerssen records\"},\"image\":{\"@id\":\"https:\/\/wpguerssen-test.odoo.rgbconsulting.com\/es\/#\/schema\/logo\/image\/\"}}]}<\/script>\n<!-- \/ Yoast SEO plugin. -->","yoast_head_json":{"title":"FRANK CHICKENS - Get Chickenized! -  (LP) | Guerssen","description":"Fully licensed, ltd to 500 copies. What if Japanese city pop met no wave? Neither in your wildest dream such occurrence could be real, but let's make things clear. Frank Chickens could have been possibly forerunners for several famous alternative band, Cibo Matto on top of all, but sure had a development on their own. Our history began in London, early eighties, art duo Frank Chickens is the original creation of Japanese performers Kazuko Hohki and Kazumi Taguchi. All of a sudden the band debuts with a pair of singles and a full length on Kaz Records, it's 1984, but could have been easily 1994, or even 2004. Backed by the likes of Steve Beresford (Alterations, The Slits, General Strike, London Improvisers Orchestra), Annie Whitehead (Penguin Cafe Orchestra, Robert Wyatt), Lol Coxhill, Tony Coe and Clive Bell (the top of the cream of the English avantgarde) the band soon became a case in history. Now we have the pleasure - 37 years after its original release - to reissue their second album: Get Chickenized! The record came out in 1987 on the british label Flying Lecords and showed a different side of the project, with a major focus on the so-called synth wave counterculture, still maintaining a certain avant feel. With original conspirator Steve Beresford still on board, the band was propelled in the studio by another key figure of the London underground: journalist, composer and producer David Toop. Being John Peel's favorite for a while, the band built a cult following retaining some absurd live performances, well known for their idiosyncratic choreography. Later revamped in the year 2000 - thanks to cult label Ninja Tune - the band enjoyed a second wave of success, with a remix album featuring the likes of Pizzicato 5, Fink and Neotropic. With a cover embellished by the labor of Pere Ubu David Thomas, this second influential album is finally available for your listening pleasure. Here's your chance to dive deep into this exotic pop extravaganza.","robots":{"index":"index","follow":"follow","max-snippet":"max-snippet:-1","max-image-preview":"max-image-preview:large","max-video-preview":"max-video-preview:-1"},"canonical":"https:\/\/wpguerssen-test.odoo.rgbconsulting.com\/es\/producto\/get-chickenized\/","og_locale":"es_ES","og_type":"article","og_title":"FRANK CHICKENS - Get Chickenized! -  (LP) | Guerssen","og_description":"Fully licensed, ltd to 500 copies. What if Japanese city pop met no wave? Neither in your wildest dream such occurrence could be real, but let's make things clear. Frank Chickens could have been possibly forerunners for several famous alternative band, Cibo Matto on top of all, but sure had a development on their own. Our history began in London, early eighties, art duo Frank Chickens is the original creation of Japanese performers Kazuko Hohki and Kazumi Taguchi. All of a sudden the band debuts with a pair of singles and a full length on Kaz Records, it's 1984, but could have been easily 1994, or even 2004. Backed by the likes of Steve Beresford (Alterations, The Slits, General Strike, London Improvisers Orchestra), Annie Whitehead (Penguin Cafe Orchestra, Robert Wyatt), Lol Coxhill, Tony Coe and Clive Bell (the top of the cream of the English avantgarde) the band soon became a case in history. Now we have the pleasure - 37 years after its original release - to reissue their second album: Get Chickenized! The record came out in 1987 on the british label Flying Lecords and showed a different side of the project, with a major focus on the so-called synth wave counterculture, still maintaining a certain avant feel. With original conspirator Steve Beresford still on board, the band was propelled in the studio by another key figure of the London underground: journalist, composer and producer David Toop. Being John Peel's favorite for a while, the band built a cult following retaining some absurd live performances, well known for their idiosyncratic choreography. Later revamped in the year 2000 - thanks to cult label Ninja Tune - the band enjoyed a second wave of success, with a remix album featuring the likes of Pizzicato 5, Fink and Neotropic. With a cover embellished by the labor of Pere Ubu David Thomas, this second influential album is finally available for your listening pleasure. Here's your chance to dive deep into this exotic pop extravaganza.","og_url":"https:\/\/wpguerssen-test.odoo.rgbconsulting.com\/es\/producto\/get-chickenized\/","og_site_name":"Guerssen records","article_modified_time":"2025-01-30T16:09:33+00:00","og_image":[{"width":1181,"height":1181,"url":"https:\/\/wpguerssen-test.odoo.rgbconsulting.com\/wp-content\/uploads\/2024\/10\/48794.jpg","type":"image\/jpeg"}],"twitter_card":"summary_large_image","twitter_title":"FRANK CHICKENS - Get Chickenized! -  (LP) | Guerssen","twitter_misc":{"Tiempo de lectura":"1 minuto"},"schema":{"@context":"https:\/\/schema.org","@graph":[{"@type":"WebPage","@id":"https:\/\/wpguerssen-test.odoo.rgbconsulting.com\/es\/producto\/get-chickenized\/","url":"https:\/\/wpguerssen-test.odoo.rgbconsulting.com\/es\/producto\/get-chickenized\/","name":"FRANK CHICKENS - Get Chickenized! - (LP) | Guerssen","isPartOf":{"@id":"https:\/\/wpguerssen-test.odoo.rgbconsulting.com\/es\/#website"},"primaryImageOfPage":{"@id":"https:\/\/wpguerssen-test.odoo.rgbconsulting.com\/es\/producto\/get-chickenized\/#primaryimage"},"image":{"@id":"https:\/\/wpguerssen-test.odoo.rgbconsulting.com\/es\/producto\/get-chickenized\/#primaryimage"},"thumbnailUrl":"https:\/\/wpguerssen-test.odoo.rgbconsulting.com\/wp-content\/uploads\/2024\/10\/48794.jpg","datePublished":"2024-10-27T23:00:00+00:00","dateModified":"2025-01-30T16:09:33+00:00","description":"Fully licensed, ltd to 500 copies. What if Japanese city pop met no wave? Neither in your wildest dream such occurrence could be real, but let's make things clear. Frank Chickens could have been possibly forerunners for several famous alternative band, Cibo Matto on top of all, but sure had a development on their own. Our history began in London, early eighties, art duo Frank Chickens is the original creation of Japanese performers Kazuko Hohki and Kazumi Taguchi. All of a sudden the band debuts with a pair of singles and a full length on Kaz Records, it's 1984, but could have been easily 1994, or even 2004. Backed by the likes of Steve Beresford (Alterations, The Slits, General Strike, London Improvisers Orchestra), Annie Whitehead (Penguin Cafe Orchestra, Robert Wyatt), Lol Coxhill, Tony Coe and Clive Bell (the top of the cream of the English avantgarde) the band soon became a case in history. Now we have the pleasure - 37 years after its original release - to reissue their second album: Get Chickenized! The record came out in 1987 on the british label Flying Lecords and showed a different side of the project, with a major focus on the so-called synth wave counterculture, still maintaining a certain avant feel. With original conspirator Steve Beresford still on board, the band was propelled in the studio by another key figure of the London underground: journalist, composer and producer David Toop. Being John Peel's favorite for a while, the band built a cult following retaining some absurd live performances, well known for their idiosyncratic choreography. Later revamped in the year 2000 - thanks to cult label Ninja Tune - the band enjoyed a second wave of success, with a remix album featuring the likes of Pizzicato 5, Fink and Neotropic. With a cover embellished by the labor of Pere Ubu David Thomas, this second influential album is finally available for your listening pleasure. Here's your chance to dive deep into this exotic pop extravaganza.","breadcrumb":{"@id":"https:\/\/wpguerssen-test.odoo.rgbconsulting.com\/es\/producto\/get-chickenized\/#breadcrumb"},"inLanguage":"es","potentialAction":[{"@type":"ReadAction","target":["https:\/\/wpguerssen-test.odoo.rgbconsulting.com\/es\/producto\/get-chickenized\/"]}]},{"@type":"ImageObject","inLanguage":"es","@id":"https:\/\/wpguerssen-test.odoo.rgbconsulting.com\/es\/producto\/get-chickenized\/#primaryimage","url":"https:\/\/wpguerssen-test.odoo.rgbconsulting.com\/wp-content\/uploads\/2024\/10\/48794.jpg","contentUrl":"https:\/\/wpguerssen-test.odoo.rgbconsulting.com\/wp-content\/uploads\/2024\/10\/48794.jpg","width":1181,"height":1181},{"@type":"BreadcrumbList","@id":"https:\/\/wpguerssen-test.odoo.rgbconsulting.com\/es\/producto\/get-chickenized\/#breadcrumb","itemListElement":[{"@type":"ListItem","position":1,"name":"Inicio","item":"https:\/\/wpguerssen-test.odoo.rgbconsulting.com\/es\/"},{"@type":"ListItem","position":2,"name":"Shop","item":"https:\/\/wpguerssen-test.odoo.rgbconsulting.com\/shop\/"},{"@type":"ListItem","position":3,"name":"Get Chickenized!"}]},{"@type":"WebSite","@id":"https:\/\/wpguerssen-test.odoo.rgbconsulting.com\/es\/#website","url":"https:\/\/wpguerssen-test.odoo.rgbconsulting.com\/es\/","name":"Guerssen records","description":"psychedelia - progressive - folk - garage ","publisher":{"@id":"https:\/\/wpguerssen-test.odoo.rgbconsulting.com\/es\/#organization"},"potentialAction":[{"@type":"SearchAction","target":{"@type":"EntryPoint","urlTemplate":"https:\/\/wpguerssen-test.odoo.rgbconsulting.com\/es\/?s={search_term_string}"},"query-input":{"@type":"PropertyValueSpecification","valueRequired":true,"valueName":"search_term_string"}}],"inLanguage":"es"},{"@type":"Organization","@id":"https:\/\/wpguerssen-test.odoo.rgbconsulting.com\/es\/#organization","name":"Guerssen records","url":"https:\/\/wpguerssen-test.odoo.rgbconsulting.com\/es\/","logo":{"@type":"ImageObject","inLanguage":"es","@id":"https:\/\/wpguerssen-test.odoo.rgbconsulting.com\/es\/#\/schema\/logo\/image\/","url":"https:\/\/wpguerssen-test.odoo.rgbconsulting.com\/wp-content\/uploads\/2022\/04\/Logo_Guerssen_trans_100.png","contentUrl":"https:\/\/wpguerssen-test.odoo.rgbconsulting.com\/wp-content\/uploads\/2022\/04\/Logo_Guerssen_trans_100.png","width":122,"height":100,"caption":"Guerssen records"},"image":{"@id":"https:\/\/wpguerssen-test.odoo.rgbconsulting.com\/es\/#\/schema\/logo\/image\/"}}]}},"_links":{"self":[{"href":"https:\/\/wpguerssen-test.odoo.rgbconsulting.com\/es\/wp-json\/wp\/v2\/product\/276237","targetHints":{"allow":["GET"]}}],"collection":[{"href":"https:\/\/wpguerssen-test.odoo.rgbconsulting.com\/es\/wp-json\/wp\/v2\/product"}],"about":[{"href":"https:\/\/wpguerssen-test.odoo.rgbconsulting.com\/es\/wp-json\/wp\/v2\/types\/product"}],"wp:featuredmedia":[{"embeddable":true,"href":"https:\/\/wpguerssen-test.odoo.rgbconsulting.com\/es\/wp-json\/wp\/v2\/media\/276117"}],"wp:attachment":[{"href":"https:\/\/wpguerssen-test.odoo.rgbconsulting.com\/es\/wp-json\/wp\/v2\/media?parent=276237"}],"wp:term":[{"taxonomy":"product_brand","embeddable":true,"href":"https:\/\/wpguerssen-test.odoo.rgbconsulting.com\/es\/wp-json\/wp\/v2\/product_brand?post=276237"},{"taxonomy":"product_cat","embeddable":true,"href":"https:\/\/wpguerssen-test.odoo.rgbconsulting.com\/es\/wp-json\/wp\/v2\/product_cat?post=276237"},{"taxonomy":"product_tag","embeddable":true,"href":"https:\/\/wpguerssen-test.odoo.rgbconsulting.com\/es\/wp-json\/wp\/v2\/product_tag?post=276237"}],"curies":[{"name":"wp","href":"https:\/\/api.w.org\/{rel}","templated":true}]}}