{"id":276239,"date":"2025-02-25T00:00:00","date_gmt":"2025-02-24T23:00:00","guid":{"rendered":"https:\/\/wpguerssen-test.odoo.rgbconsulting.com\/product\/barclay-1959\/"},"modified":"2025-03-18T16:03:01","modified_gmt":"2025-03-18T15:03:01","slug":"barclay-1959","status":"publish","type":"product","link":"https:\/\/wpguerssen-test.odoo.rgbconsulting.com\/es\/producto\/barclay-1959\/","title":{"rendered":"Barclay 1959"},"content":{"rendered":"<p>Remasterizado a partir de cintas maestras est\u00e9reo originales.<br \/>Edici\u00f3n limitada de 1000 copias.<br \/>Vinilo de 180 gr prensado por Pallas en Alemania.<br \/>Car\u00e1tula plegable de lujo de alto brillo.<br \/>Reedici\u00f3n facs\u00edmil utilizando la portada original. (La foto frontal se perdi\u00f3).<br \/>Doble inserci\u00f3n usando una fotograf\u00eda original de JP Leloir de 1959.<br \/>Cada registro ha sido revisado visualmente para evitar defectos.<br \/>Grabado el 19 y 20 de diciembre de 1958 en el estudio Hoche, Par\u00eds. El artista de jazz belga Bobby Jaspar muri\u00f3 demasiado joven, a los 37 a\u00f1os, en 1963, pero afortunadamente tuvo algunas citas memorables como l\u00edder. Esta es la \u00faltima sesi\u00f3n de estudio bajo su nombre. Jaspar se limita exclusivamente a la flauta en estas grabaciones de estudio de diciembre de 1958. Lo acompa\u00f1an el baterista Kenny Clarke, Sadi Lallemand o Michel Hausser (que tambi\u00e9n dobla el xil\u00f3fono) en las vibraciones, y Paul Rovere o Jymie Merritt en el bajo, as\u00ed como el percusionista Humberto Canto (en una de las dos sesiones). Los suaves arreglos de Jaspar resultan muy atractivos para sus originales, est\u00e1ndares como &#8216;Lullaby of the Leaves&#8217; y &#8216;There Will Never Be Another You&#8217; y melod\u00edas cl\u00e1sicas de jazz (un ex\u00f3tico &#8216;Misterioso&#8217; y un &#8216;Chasin&#8217; the Bird&#8217; con sabor latino), este \u00faltimo con Hausser en el xil\u00f3fono). Esta es f\u00e1cilmente una de las mejores grabaciones de Jaspar como l\u00edder. Ken Dryden \/ Toda la m\u00fasica<\/p>\n","protected":false},"excerpt":{"rendered":"<p>Remasterizado a partir de cintas maestras est\u00e9reo originales.<br \/>Edici\u00f3n limitada de 1000 copias.<br \/>Vinilo de 180 gr prensado por Pallas en Alemania.<br \/>Car\u00e1tula<a class=\"read\" href=\"https:\/\/wpguerssen-test.odoo.rgbconsulting.com\/es\/producto\/barclay-1959\/\"> (...)<\/a>","protected":false},"featured_media":276123,"template":"","meta":{"_acf_changed":false},"product_brand":[],"product_cat":[23227],"product_tag":[24189],"class_list":{"0":"post-276239","1":"product","2":"type-product","3":"status-publish","4":"has-post-thumbnail","6":"product_cat-jazz-es","7":"product_tag-recien-llegadas","8":"pa_artist-jaspar-bobby","9":"pa_format-lp-es","10":"pa_gender-jazz","11":"pa_label-sam-records","12":"pa_location-europe-es","13":"pa_other-filters-vinyl-only-es","15":"first","16":"instock","17":"taxable","18":"shipping-taxable","19":"purchasable","20":"product-type-simple"},"acf":[],"yoast_head":"<!-- This site is optimized with the Yoast SEO plugin v24.9 - https:\/\/yoast.com\/wordpress\/plugins\/seo\/ -->\n<title>JASPAR, Bobby - Barclay 1959 -  (LP) | Guerssen<\/title>\n<meta name=\"description\" content=\"Re-mastered from original stereo master tapes.Limited edition 1000 copies.180 gr vinyl pressed by Pallas in Germany.Deluxe high-gloss flipback album jacket.Facsimile reissue using the original cover art (front photo is lost).Double insert using an original photo by JP Leloir from 1959.Each record has been visually checked to prevent defects.Recorded December 19 and 20, 1958 at the studio Hoche, Paris.Belgian jazz artist Bobby Jaspar died far too young at age 37 in 1963, but fortunately made a handful of memorable dates as a leader. This is the last studio session under his name. Jaspar sticks exclusively to flute on these December 1958 studio recordings. He&#039;s joined by drummer Kenny Clarke, Sadi Lallemand or Michel Hausser (who also doubles on xylophone) on vibes, and either Paul Rovere or Jymie Merritt on bass, as well as percussionist Humberto Canto (on one of the two sessions). Jaspar&#039;s soft arrangements prove very appealing for his originals, standards such as &#039;Lullaby of the Leaves&#039; and &#039;There Will Never Be Another You&#039;, and classic jazz tunes (an exotic &#039;Misterioso&#039; and a Latin-flavored &#039;Chasin&#039; the Bird&#039;, the latter featuring Hausser on xylophone). This is easily one of Jaspar&#039;s finest recordings as a leader. Ken Dryden \/ All Music\" \/>\n<meta name=\"robots\" content=\"index, follow, max-snippet:-1, max-image-preview:large, max-video-preview:-1\" \/>\n<link rel=\"canonical\" href=\"https:\/\/wpguerssen-test.odoo.rgbconsulting.com\/es\/producto\/barclay-1959\/\" \/>\n<meta property=\"og:locale\" content=\"es_ES\" \/>\n<meta property=\"og:type\" content=\"article\" \/>\n<meta property=\"og:title\" content=\"JASPAR, Bobby - Barclay 1959 -  (LP) | Guerssen\" \/>\n<meta property=\"og:description\" content=\"Re-mastered from original stereo master tapes.Limited edition 1000 copies.180 gr vinyl pressed by Pallas in Germany.Deluxe high-gloss flipback album jacket.Facsimile reissue using the original cover art (front photo is lost).Double insert using an original photo by JP Leloir from 1959.Each record has been visually checked to prevent defects.Recorded December 19 and 20, 1958 at the studio Hoche, Paris.Belgian jazz artist Bobby Jaspar died far too young at age 37 in 1963, but fortunately made a handful of memorable dates as a leader. This is the last studio session under his name. Jaspar sticks exclusively to flute on these December 1958 studio recordings. He&#039;s joined by drummer Kenny Clarke, Sadi Lallemand or Michel Hausser (who also doubles on xylophone) on vibes, and either Paul Rovere or Jymie Merritt on bass, as well as percussionist Humberto Canto (on one of the two sessions). Jaspar&#039;s soft arrangements prove very appealing for his originals, standards such as &#039;Lullaby of the Leaves&#039; and &#039;There Will Never Be Another You&#039;, and classic jazz tunes (an exotic &#039;Misterioso&#039; and a Latin-flavored &#039;Chasin&#039; the Bird&#039;, the latter featuring Hausser on xylophone). This is easily one of Jaspar&#039;s finest recordings as a leader. Ken Dryden \/ All Music\" \/>\n<meta property=\"og:url\" content=\"https:\/\/wpguerssen-test.odoo.rgbconsulting.com\/es\/producto\/barclay-1959\/\" \/>\n<meta property=\"og:site_name\" content=\"Guerssen records\" \/>\n<meta property=\"article:modified_time\" content=\"2025-03-18T15:03:01+00:00\" \/>\n<meta property=\"og:image\" content=\"https:\/\/wpguerssen-test.odoo.rgbconsulting.com\/wp-content\/uploads\/2024\/10\/48796.jpg\" \/>\n\t<meta property=\"og:image:width\" content=\"709\" \/>\n\t<meta property=\"og:image:height\" content=\"709\" \/>\n\t<meta property=\"og:image:type\" content=\"image\/jpeg\" \/>\n<meta name=\"twitter:card\" content=\"summary_large_image\" \/>\n<meta name=\"twitter:title\" content=\"JASPAR, Bobby - Barclay 1959 -  (LP) | Guerssen\" \/>\n<meta name=\"twitter:label1\" content=\"Tiempo de lectura\" \/>\n\t<meta name=\"twitter:data1\" content=\"1 minuto\" \/>\n<script type=\"application\/ld+json\" class=\"yoast-schema-graph\">{\"@context\":\"https:\/\/schema.org\",\"@graph\":[{\"@type\":\"WebPage\",\"@id\":\"https:\/\/wpguerssen-test.odoo.rgbconsulting.com\/es\/producto\/barclay-1959\/\",\"url\":\"https:\/\/wpguerssen-test.odoo.rgbconsulting.com\/es\/producto\/barclay-1959\/\",\"name\":\"JASPAR, Bobby - Barclay 1959 - (LP) | Guerssen\",\"isPartOf\":{\"@id\":\"https:\/\/wpguerssen-test.odoo.rgbconsulting.com\/es\/#website\"},\"primaryImageOfPage\":{\"@id\":\"https:\/\/wpguerssen-test.odoo.rgbconsulting.com\/es\/producto\/barclay-1959\/#primaryimage\"},\"image\":{\"@id\":\"https:\/\/wpguerssen-test.odoo.rgbconsulting.com\/es\/producto\/barclay-1959\/#primaryimage\"},\"thumbnailUrl\":\"https:\/\/wpguerssen-test.odoo.rgbconsulting.com\/wp-content\/uploads\/2024\/10\/48796.jpg\",\"datePublished\":\"2025-02-24T23:00:00+00:00\",\"dateModified\":\"2025-03-18T15:03:01+00:00\",\"description\":\"Re-mastered from original stereo master tapes.Limited edition 1000 copies.180 gr vinyl pressed by Pallas in Germany.Deluxe high-gloss flipback album jacket.Facsimile reissue using the original cover art (front photo is lost).Double insert using an original photo by JP Leloir from 1959.Each record has been visually checked to prevent defects.Recorded December 19 and 20, 1958 at the studio Hoche, Paris.Belgian jazz artist Bobby Jaspar died far too young at age 37 in 1963, but fortunately made a handful of memorable dates as a leader. This is the last studio session under his name. Jaspar sticks exclusively to flute on these December 1958 studio recordings. He's joined by drummer Kenny Clarke, Sadi Lallemand or Michel Hausser (who also doubles on xylophone) on vibes, and either Paul Rovere or Jymie Merritt on bass, as well as percussionist Humberto Canto (on one of the two sessions). Jaspar's soft arrangements prove very appealing for his originals, standards such as 'Lullaby of the Leaves' and 'There Will Never Be Another You', and classic jazz tunes (an exotic 'Misterioso' and a Latin-flavored 'Chasin' the Bird', the latter featuring Hausser on xylophone). This is easily one of Jaspar's finest recordings as a leader. Ken Dryden \/ All Music\",\"breadcrumb\":{\"@id\":\"https:\/\/wpguerssen-test.odoo.rgbconsulting.com\/es\/producto\/barclay-1959\/#breadcrumb\"},\"inLanguage\":\"es\",\"potentialAction\":[{\"@type\":\"ReadAction\",\"target\":[\"https:\/\/wpguerssen-test.odoo.rgbconsulting.com\/es\/producto\/barclay-1959\/\"]}]},{\"@type\":\"ImageObject\",\"inLanguage\":\"es\",\"@id\":\"https:\/\/wpguerssen-test.odoo.rgbconsulting.com\/es\/producto\/barclay-1959\/#primaryimage\",\"url\":\"https:\/\/wpguerssen-test.odoo.rgbconsulting.com\/wp-content\/uploads\/2024\/10\/48796.jpg\",\"contentUrl\":\"https:\/\/wpguerssen-test.odoo.rgbconsulting.com\/wp-content\/uploads\/2024\/10\/48796.jpg\",\"width\":709,\"height\":709,\"caption\":\"Bobby - Barclay 1959 - SAM RECORDS (LP) | Guerssen\"},{\"@type\":\"BreadcrumbList\",\"@id\":\"https:\/\/wpguerssen-test.odoo.rgbconsulting.com\/es\/producto\/barclay-1959\/#breadcrumb\",\"itemListElement\":[{\"@type\":\"ListItem\",\"position\":1,\"name\":\"Inicio\",\"item\":\"https:\/\/wpguerssen-test.odoo.rgbconsulting.com\/es\/\"},{\"@type\":\"ListItem\",\"position\":2,\"name\":\"Shop\",\"item\":\"https:\/\/wpguerssen-test.odoo.rgbconsulting.com\/shop\/\"},{\"@type\":\"ListItem\",\"position\":3,\"name\":\"Barclay 1959\"}]},{\"@type\":\"WebSite\",\"@id\":\"https:\/\/wpguerssen-test.odoo.rgbconsulting.com\/es\/#website\",\"url\":\"https:\/\/wpguerssen-test.odoo.rgbconsulting.com\/es\/\",\"name\":\"Guerssen records\",\"description\":\"psychedelia - progressive - folk - garage \",\"publisher\":{\"@id\":\"https:\/\/wpguerssen-test.odoo.rgbconsulting.com\/es\/#organization\"},\"potentialAction\":[{\"@type\":\"SearchAction\",\"target\":{\"@type\":\"EntryPoint\",\"urlTemplate\":\"https:\/\/wpguerssen-test.odoo.rgbconsulting.com\/es\/?s={search_term_string}\"},\"query-input\":{\"@type\":\"PropertyValueSpecification\",\"valueRequired\":true,\"valueName\":\"search_term_string\"}}],\"inLanguage\":\"es\"},{\"@type\":\"Organization\",\"@id\":\"https:\/\/wpguerssen-test.odoo.rgbconsulting.com\/es\/#organization\",\"name\":\"Guerssen records\",\"url\":\"https:\/\/wpguerssen-test.odoo.rgbconsulting.com\/es\/\",\"logo\":{\"@type\":\"ImageObject\",\"inLanguage\":\"es\",\"@id\":\"https:\/\/wpguerssen-test.odoo.rgbconsulting.com\/es\/#\/schema\/logo\/image\/\",\"url\":\"https:\/\/wpguerssen-test.odoo.rgbconsulting.com\/wp-content\/uploads\/2022\/04\/Logo_Guerssen_trans_100.png\",\"contentUrl\":\"https:\/\/wpguerssen-test.odoo.rgbconsulting.com\/wp-content\/uploads\/2022\/04\/Logo_Guerssen_trans_100.png\",\"width\":122,\"height\":100,\"caption\":\"Guerssen records\"},\"image\":{\"@id\":\"https:\/\/wpguerssen-test.odoo.rgbconsulting.com\/es\/#\/schema\/logo\/image\/\"}}]}<\/script>\n<!-- \/ Yoast SEO plugin. -->","yoast_head_json":{"title":"JASPAR, Bobby - Barclay 1959 -  (LP) | Guerssen","description":"Re-mastered from original stereo master tapes.Limited edition 1000 copies.180 gr vinyl pressed by Pallas in Germany.Deluxe high-gloss flipback album jacket.Facsimile reissue using the original cover art (front photo is lost).Double insert using an original photo by JP Leloir from 1959.Each record has been visually checked to prevent defects.Recorded December 19 and 20, 1958 at the studio Hoche, Paris.Belgian jazz artist Bobby Jaspar died far too young at age 37 in 1963, but fortunately made a handful of memorable dates as a leader. This is the last studio session under his name. Jaspar sticks exclusively to flute on these December 1958 studio recordings. He's joined by drummer Kenny Clarke, Sadi Lallemand or Michel Hausser (who also doubles on xylophone) on vibes, and either Paul Rovere or Jymie Merritt on bass, as well as percussionist Humberto Canto (on one of the two sessions). Jaspar's soft arrangements prove very appealing for his originals, standards such as 'Lullaby of the Leaves' and 'There Will Never Be Another You', and classic jazz tunes (an exotic 'Misterioso' and a Latin-flavored 'Chasin' the Bird', the latter featuring Hausser on xylophone). This is easily one of Jaspar's finest recordings as a leader. Ken Dryden \/ All Music","robots":{"index":"index","follow":"follow","max-snippet":"max-snippet:-1","max-image-preview":"max-image-preview:large","max-video-preview":"max-video-preview:-1"},"canonical":"https:\/\/wpguerssen-test.odoo.rgbconsulting.com\/es\/producto\/barclay-1959\/","og_locale":"es_ES","og_type":"article","og_title":"JASPAR, Bobby - Barclay 1959 -  (LP) | Guerssen","og_description":"Re-mastered from original stereo master tapes.Limited edition 1000 copies.180 gr vinyl pressed by Pallas in Germany.Deluxe high-gloss flipback album jacket.Facsimile reissue using the original cover art (front photo is lost).Double insert using an original photo by JP Leloir from 1959.Each record has been visually checked to prevent defects.Recorded December 19 and 20, 1958 at the studio Hoche, Paris.Belgian jazz artist Bobby Jaspar died far too young at age 37 in 1963, but fortunately made a handful of memorable dates as a leader. This is the last studio session under his name. Jaspar sticks exclusively to flute on these December 1958 studio recordings. He's joined by drummer Kenny Clarke, Sadi Lallemand or Michel Hausser (who also doubles on xylophone) on vibes, and either Paul Rovere or Jymie Merritt on bass, as well as percussionist Humberto Canto (on one of the two sessions). Jaspar's soft arrangements prove very appealing for his originals, standards such as 'Lullaby of the Leaves' and 'There Will Never Be Another You', and classic jazz tunes (an exotic 'Misterioso' and a Latin-flavored 'Chasin' the Bird', the latter featuring Hausser on xylophone). This is easily one of Jaspar's finest recordings as a leader. Ken Dryden \/ All Music","og_url":"https:\/\/wpguerssen-test.odoo.rgbconsulting.com\/es\/producto\/barclay-1959\/","og_site_name":"Guerssen records","article_modified_time":"2025-03-18T15:03:01+00:00","og_image":[{"width":709,"height":709,"url":"https:\/\/wpguerssen-test.odoo.rgbconsulting.com\/wp-content\/uploads\/2024\/10\/48796.jpg","type":"image\/jpeg"}],"twitter_card":"summary_large_image","twitter_title":"JASPAR, Bobby - Barclay 1959 -  (LP) | Guerssen","twitter_misc":{"Tiempo de lectura":"1 minuto"},"schema":{"@context":"https:\/\/schema.org","@graph":[{"@type":"WebPage","@id":"https:\/\/wpguerssen-test.odoo.rgbconsulting.com\/es\/producto\/barclay-1959\/","url":"https:\/\/wpguerssen-test.odoo.rgbconsulting.com\/es\/producto\/barclay-1959\/","name":"JASPAR, Bobby - Barclay 1959 - (LP) | Guerssen","isPartOf":{"@id":"https:\/\/wpguerssen-test.odoo.rgbconsulting.com\/es\/#website"},"primaryImageOfPage":{"@id":"https:\/\/wpguerssen-test.odoo.rgbconsulting.com\/es\/producto\/barclay-1959\/#primaryimage"},"image":{"@id":"https:\/\/wpguerssen-test.odoo.rgbconsulting.com\/es\/producto\/barclay-1959\/#primaryimage"},"thumbnailUrl":"https:\/\/wpguerssen-test.odoo.rgbconsulting.com\/wp-content\/uploads\/2024\/10\/48796.jpg","datePublished":"2025-02-24T23:00:00+00:00","dateModified":"2025-03-18T15:03:01+00:00","description":"Re-mastered from original stereo master tapes.Limited edition 1000 copies.180 gr vinyl pressed by Pallas in Germany.Deluxe high-gloss flipback album jacket.Facsimile reissue using the original cover art (front photo is lost).Double insert using an original photo by JP Leloir from 1959.Each record has been visually checked to prevent defects.Recorded December 19 and 20, 1958 at the studio Hoche, Paris.Belgian jazz artist Bobby Jaspar died far too young at age 37 in 1963, but fortunately made a handful of memorable dates as a leader. This is the last studio session under his name. Jaspar sticks exclusively to flute on these December 1958 studio recordings. He's joined by drummer Kenny Clarke, Sadi Lallemand or Michel Hausser (who also doubles on xylophone) on vibes, and either Paul Rovere or Jymie Merritt on bass, as well as percussionist Humberto Canto (on one of the two sessions). Jaspar's soft arrangements prove very appealing for his originals, standards such as 'Lullaby of the Leaves' and 'There Will Never Be Another You', and classic jazz tunes (an exotic 'Misterioso' and a Latin-flavored 'Chasin' the Bird', the latter featuring Hausser on xylophone). This is easily one of Jaspar's finest recordings as a leader. Ken Dryden \/ All Music","breadcrumb":{"@id":"https:\/\/wpguerssen-test.odoo.rgbconsulting.com\/es\/producto\/barclay-1959\/#breadcrumb"},"inLanguage":"es","potentialAction":[{"@type":"ReadAction","target":["https:\/\/wpguerssen-test.odoo.rgbconsulting.com\/es\/producto\/barclay-1959\/"]}]},{"@type":"ImageObject","inLanguage":"es","@id":"https:\/\/wpguerssen-test.odoo.rgbconsulting.com\/es\/producto\/barclay-1959\/#primaryimage","url":"https:\/\/wpguerssen-test.odoo.rgbconsulting.com\/wp-content\/uploads\/2024\/10\/48796.jpg","contentUrl":"https:\/\/wpguerssen-test.odoo.rgbconsulting.com\/wp-content\/uploads\/2024\/10\/48796.jpg","width":709,"height":709,"caption":"Bobby - Barclay 1959 - SAM RECORDS (LP) | Guerssen"},{"@type":"BreadcrumbList","@id":"https:\/\/wpguerssen-test.odoo.rgbconsulting.com\/es\/producto\/barclay-1959\/#breadcrumb","itemListElement":[{"@type":"ListItem","position":1,"name":"Inicio","item":"https:\/\/wpguerssen-test.odoo.rgbconsulting.com\/es\/"},{"@type":"ListItem","position":2,"name":"Shop","item":"https:\/\/wpguerssen-test.odoo.rgbconsulting.com\/shop\/"},{"@type":"ListItem","position":3,"name":"Barclay 1959"}]},{"@type":"WebSite","@id":"https:\/\/wpguerssen-test.odoo.rgbconsulting.com\/es\/#website","url":"https:\/\/wpguerssen-test.odoo.rgbconsulting.com\/es\/","name":"Guerssen records","description":"psychedelia - progressive - folk - garage ","publisher":{"@id":"https:\/\/wpguerssen-test.odoo.rgbconsulting.com\/es\/#organization"},"potentialAction":[{"@type":"SearchAction","target":{"@type":"EntryPoint","urlTemplate":"https:\/\/wpguerssen-test.odoo.rgbconsulting.com\/es\/?s={search_term_string}"},"query-input":{"@type":"PropertyValueSpecification","valueRequired":true,"valueName":"search_term_string"}}],"inLanguage":"es"},{"@type":"Organization","@id":"https:\/\/wpguerssen-test.odoo.rgbconsulting.com\/es\/#organization","name":"Guerssen records","url":"https:\/\/wpguerssen-test.odoo.rgbconsulting.com\/es\/","logo":{"@type":"ImageObject","inLanguage":"es","@id":"https:\/\/wpguerssen-test.odoo.rgbconsulting.com\/es\/#\/schema\/logo\/image\/","url":"https:\/\/wpguerssen-test.odoo.rgbconsulting.com\/wp-content\/uploads\/2022\/04\/Logo_Guerssen_trans_100.png","contentUrl":"https:\/\/wpguerssen-test.odoo.rgbconsulting.com\/wp-content\/uploads\/2022\/04\/Logo_Guerssen_trans_100.png","width":122,"height":100,"caption":"Guerssen records"},"image":{"@id":"https:\/\/wpguerssen-test.odoo.rgbconsulting.com\/es\/#\/schema\/logo\/image\/"}}]}},"_links":{"self":[{"href":"https:\/\/wpguerssen-test.odoo.rgbconsulting.com\/es\/wp-json\/wp\/v2\/product\/276239","targetHints":{"allow":["GET"]}}],"collection":[{"href":"https:\/\/wpguerssen-test.odoo.rgbconsulting.com\/es\/wp-json\/wp\/v2\/product"}],"about":[{"href":"https:\/\/wpguerssen-test.odoo.rgbconsulting.com\/es\/wp-json\/wp\/v2\/types\/product"}],"wp:featuredmedia":[{"embeddable":true,"href":"https:\/\/wpguerssen-test.odoo.rgbconsulting.com\/es\/wp-json\/wp\/v2\/media\/276123"}],"wp:attachment":[{"href":"https:\/\/wpguerssen-test.odoo.rgbconsulting.com\/es\/wp-json\/wp\/v2\/media?parent=276239"}],"wp:term":[{"taxonomy":"product_brand","embeddable":true,"href":"https:\/\/wpguerssen-test.odoo.rgbconsulting.com\/es\/wp-json\/wp\/v2\/product_brand?post=276239"},{"taxonomy":"product_cat","embeddable":true,"href":"https:\/\/wpguerssen-test.odoo.rgbconsulting.com\/es\/wp-json\/wp\/v2\/product_cat?post=276239"},{"taxonomy":"product_tag","embeddable":true,"href":"https:\/\/wpguerssen-test.odoo.rgbconsulting.com\/es\/wp-json\/wp\/v2\/product_tag?post=276239"}],"curies":[{"name":"wp","href":"https:\/\/api.w.org\/{rel}","templated":true}]}}