{"id":276244,"date":"2025-03-19T00:00:00","date_gmt":"2025-03-18T23:00:00","guid":{"rendered":"https:\/\/wpguerssen-test.odoo.rgbconsulting.com\/product\/caverns-of-your-brain-splatter\/"},"modified":"2025-04-14T16:20:47","modified_gmt":"2025-04-14T14:20:47","slug":"caverns-of-your-brain-splatter","status":"publish","type":"product","link":"https:\/\/wpguerssen-test.odoo.rgbconsulting.com\/es\/producto\/caverns-of-your-brain-splatter\/","title":{"rendered":"Caverns Of Your Brain (Splatter)"},"content":{"rendered":"<p>Parecido a: Mirthrandir, PRE, Easter Island, Cathedral, ELP, Victor Peraino&#8217;s Kingdom Come<br \/>Continuamos nuestra inmersi\u00f3n profunda en los cl\u00e1sicos progresivos de EE. UU. con la antigua maravilla de LIFT, Caverns Of Your Brain. Anteriormente lanzado en vinilo como pirata, este laberinto s\u00f3nico de 4 pistas de 1977 est\u00e1 repleto de los ingredientes por excelencia de un cl\u00e1sico instant\u00e1neo. Un para\u00edso de complejidad trepidante y que nunca baja, con abundantes dosis de mellotron\/moog y cambios r\u00edtmicos ingeniosos que evocan un momento eureka en cada esquina. Esta es la primera edici\u00f3n oficial en vinilo, que incluye portadas nuevas y aprobadas por la banda, pistas adicionales, incluida la suite in\u00e9dita Inception de 26 minutos de duraci\u00f3n.<br \/>Vinilo 180 gr., edici\u00f3n estrictamente limitada de 500 copias numeradas, con pistas adicionales + Inserto de 2 p\u00e1ginas.<br \/>Limitado a 200 copias en vinilo splatter.<\/p>\n","protected":false},"excerpt":{"rendered":"<p>Parecido a: Mirthrandir, PRE, Easter Island, Cathedral, ELP, Victor Peraino&#8217;s Kingdom Come<br \/>Continuamos nuestra inmersi\u00f3n profunda en los cl\u00e1sicos progresivos<a class=\"read\" href=\"https:\/\/wpguerssen-test.odoo.rgbconsulting.com\/es\/producto\/caverns-of-your-brain-splatter\/\"> (...)<\/a>","protected":false},"featured_media":276138,"template":"","meta":{"_acf_changed":false},"product_brand":[],"product_cat":[23215],"product_tag":[29140],"class_list":{"0":"post-276244","1":"product","2":"type-product","3":"status-publish","4":"has-post-thumbnail","6":"product_cat-progressive60s-70s-es","7":"product_tag-color-vinyl-es","8":"pa_artist-lift","9":"pa_format-lp-es","10":"pa_gender-progressive60s-70s","11":"pa_label-disques-plusquereel","12":"pa_location-north-america-es","13":"pa_other-filters-vinyl-only-es","15":"first","16":"instock","17":"taxable","18":"shipping-taxable","19":"purchasable","20":"product-type-simple"},"acf":[],"yoast_head":"<!-- This site is optimized with the Yoast SEO plugin v24.9 - https:\/\/yoast.com\/wordpress\/plugins\/seo\/ -->\n<title>LIFT - Caverns Of Your Brain (Splatter) -  (LP) | Guerssen<\/title>\n<meta name=\"description\" content=\"File nearby: Mirthrandir, PRE, Easter Island, Cathedral, ELP, Victor Peraino&#039;s Kingdom ComeWe continue our deep-dive into US Prog Classics with LIFT&#039;s one-time wonder Caverns Of Your Brain. Previously released on vinyl as a bootleg, this 1977 4-track sonic labyrinth is packed with the quintessential ingredients of an instant classic. A never-come-down, fast-paced haven of complexity, with abundant mellotron\/moog doses and inventive rhythmic shifts that evoke a eureka moment on every corner. This is the first official vinyl edition, featuring new and band approved cover artworks, bonus tracks, including the previously unreleased 26-minutes long suite Inception.Vinyl 180 gr., strictly limited pressing of 500 numbered copies, with bonus tracks + 2-page insert.Limited to 200 copies on splatter vinyl.\" \/>\n<meta name=\"robots\" content=\"index, follow, max-snippet:-1, max-image-preview:large, max-video-preview:-1\" \/>\n<link rel=\"canonical\" href=\"https:\/\/wpguerssen-test.odoo.rgbconsulting.com\/es\/producto\/caverns-of-your-brain-splatter\/\" \/>\n<meta property=\"og:locale\" content=\"es_ES\" \/>\n<meta property=\"og:type\" content=\"article\" \/>\n<meta property=\"og:title\" content=\"LIFT - Caverns Of Your Brain (Splatter) -  (LP) | Guerssen\" \/>\n<meta property=\"og:description\" content=\"File nearby: Mirthrandir, PRE, Easter Island, Cathedral, ELP, Victor Peraino&#039;s Kingdom ComeWe continue our deep-dive into US Prog Classics with LIFT&#039;s one-time wonder Caverns Of Your Brain. Previously released on vinyl as a bootleg, this 1977 4-track sonic labyrinth is packed with the quintessential ingredients of an instant classic. A never-come-down, fast-paced haven of complexity, with abundant mellotron\/moog doses and inventive rhythmic shifts that evoke a eureka moment on every corner. This is the first official vinyl edition, featuring new and band approved cover artworks, bonus tracks, including the previously unreleased 26-minutes long suite Inception.Vinyl 180 gr., strictly limited pressing of 500 numbered copies, with bonus tracks + 2-page insert.Limited to 200 copies on splatter vinyl.\" \/>\n<meta property=\"og:url\" content=\"https:\/\/wpguerssen-test.odoo.rgbconsulting.com\/es\/producto\/caverns-of-your-brain-splatter\/\" \/>\n<meta property=\"og:site_name\" content=\"Guerssen records\" \/>\n<meta property=\"article:modified_time\" content=\"2025-04-14T14:20:47+00:00\" \/>\n<meta property=\"og:image\" content=\"https:\/\/wpguerssen-test.odoo.rgbconsulting.com\/wp-content\/uploads\/2024\/10\/48801.jpg\" \/>\n\t<meta property=\"og:image:width\" content=\"436\" \/>\n\t<meta property=\"og:image:height\" content=\"452\" \/>\n\t<meta property=\"og:image:type\" content=\"image\/jpeg\" \/>\n<meta name=\"twitter:card\" content=\"summary_large_image\" \/>\n<meta name=\"twitter:title\" content=\"LIFT - Caverns Of Your Brain (Splatter) -  (LP) | Guerssen\" \/>\n<meta name=\"twitter:label1\" content=\"Tiempo de lectura\" \/>\n\t<meta name=\"twitter:data1\" content=\"1 minuto\" \/>\n<script type=\"application\/ld+json\" class=\"yoast-schema-graph\">{\"@context\":\"https:\/\/schema.org\",\"@graph\":[{\"@type\":\"WebPage\",\"@id\":\"https:\/\/wpguerssen-test.odoo.rgbconsulting.com\/es\/producto\/caverns-of-your-brain-splatter\/\",\"url\":\"https:\/\/wpguerssen-test.odoo.rgbconsulting.com\/es\/producto\/caverns-of-your-brain-splatter\/\",\"name\":\"LIFT - Caverns Of Your Brain (Splatter) - (LP) | Guerssen\",\"isPartOf\":{\"@id\":\"https:\/\/wpguerssen-test.odoo.rgbconsulting.com\/es\/#website\"},\"primaryImageOfPage\":{\"@id\":\"https:\/\/wpguerssen-test.odoo.rgbconsulting.com\/es\/producto\/caverns-of-your-brain-splatter\/#primaryimage\"},\"image\":{\"@id\":\"https:\/\/wpguerssen-test.odoo.rgbconsulting.com\/es\/producto\/caverns-of-your-brain-splatter\/#primaryimage\"},\"thumbnailUrl\":\"https:\/\/wpguerssen-test.odoo.rgbconsulting.com\/wp-content\/uploads\/2024\/10\/48801.jpg\",\"datePublished\":\"2025-03-18T23:00:00+00:00\",\"dateModified\":\"2025-04-14T14:20:47+00:00\",\"description\":\"File nearby: Mirthrandir, PRE, Easter Island, Cathedral, ELP, Victor Peraino's Kingdom ComeWe continue our deep-dive into US Prog Classics with LIFT's one-time wonder Caverns Of Your Brain. Previously released on vinyl as a bootleg, this 1977 4-track sonic labyrinth is packed with the quintessential ingredients of an instant classic. A never-come-down, fast-paced haven of complexity, with abundant mellotron\/moog doses and inventive rhythmic shifts that evoke a eureka moment on every corner. This is the first official vinyl edition, featuring new and band approved cover artworks, bonus tracks, including the previously unreleased 26-minutes long suite Inception.Vinyl 180 gr., strictly limited pressing of 500 numbered copies, with bonus tracks + 2-page insert.Limited to 200 copies on splatter vinyl.\",\"breadcrumb\":{\"@id\":\"https:\/\/wpguerssen-test.odoo.rgbconsulting.com\/es\/producto\/caverns-of-your-brain-splatter\/#breadcrumb\"},\"inLanguage\":\"es\",\"potentialAction\":[{\"@type\":\"ReadAction\",\"target\":[\"https:\/\/wpguerssen-test.odoo.rgbconsulting.com\/es\/producto\/caverns-of-your-brain-splatter\/\"]}]},{\"@type\":\"ImageObject\",\"inLanguage\":\"es\",\"@id\":\"https:\/\/wpguerssen-test.odoo.rgbconsulting.com\/es\/producto\/caverns-of-your-brain-splatter\/#primaryimage\",\"url\":\"https:\/\/wpguerssen-test.odoo.rgbconsulting.com\/wp-content\/uploads\/2024\/10\/48801.jpg\",\"contentUrl\":\"https:\/\/wpguerssen-test.odoo.rgbconsulting.com\/wp-content\/uploads\/2024\/10\/48801.jpg\",\"width\":436,\"height\":452},{\"@type\":\"BreadcrumbList\",\"@id\":\"https:\/\/wpguerssen-test.odoo.rgbconsulting.com\/es\/producto\/caverns-of-your-brain-splatter\/#breadcrumb\",\"itemListElement\":[{\"@type\":\"ListItem\",\"position\":1,\"name\":\"Inicio\",\"item\":\"https:\/\/wpguerssen-test.odoo.rgbconsulting.com\/es\/\"},{\"@type\":\"ListItem\",\"position\":2,\"name\":\"Shop\",\"item\":\"https:\/\/wpguerssen-test.odoo.rgbconsulting.com\/shop\/\"},{\"@type\":\"ListItem\",\"position\":3,\"name\":\"Caverns Of Your Brain (Splatter)\"}]},{\"@type\":\"WebSite\",\"@id\":\"https:\/\/wpguerssen-test.odoo.rgbconsulting.com\/es\/#website\",\"url\":\"https:\/\/wpguerssen-test.odoo.rgbconsulting.com\/es\/\",\"name\":\"Guerssen records\",\"description\":\"psychedelia - progressive - folk - garage \",\"publisher\":{\"@id\":\"https:\/\/wpguerssen-test.odoo.rgbconsulting.com\/es\/#organization\"},\"potentialAction\":[{\"@type\":\"SearchAction\",\"target\":{\"@type\":\"EntryPoint\",\"urlTemplate\":\"https:\/\/wpguerssen-test.odoo.rgbconsulting.com\/es\/?s={search_term_string}\"},\"query-input\":{\"@type\":\"PropertyValueSpecification\",\"valueRequired\":true,\"valueName\":\"search_term_string\"}}],\"inLanguage\":\"es\"},{\"@type\":\"Organization\",\"@id\":\"https:\/\/wpguerssen-test.odoo.rgbconsulting.com\/es\/#organization\",\"name\":\"Guerssen records\",\"url\":\"https:\/\/wpguerssen-test.odoo.rgbconsulting.com\/es\/\",\"logo\":{\"@type\":\"ImageObject\",\"inLanguage\":\"es\",\"@id\":\"https:\/\/wpguerssen-test.odoo.rgbconsulting.com\/es\/#\/schema\/logo\/image\/\",\"url\":\"https:\/\/wpguerssen-test.odoo.rgbconsulting.com\/wp-content\/uploads\/2022\/04\/Logo_Guerssen_trans_100.png\",\"contentUrl\":\"https:\/\/wpguerssen-test.odoo.rgbconsulting.com\/wp-content\/uploads\/2022\/04\/Logo_Guerssen_trans_100.png\",\"width\":122,\"height\":100,\"caption\":\"Guerssen records\"},\"image\":{\"@id\":\"https:\/\/wpguerssen-test.odoo.rgbconsulting.com\/es\/#\/schema\/logo\/image\/\"}}]}<\/script>\n<!-- \/ Yoast SEO plugin. -->","yoast_head_json":{"title":"LIFT - Caverns Of Your Brain (Splatter) -  (LP) | Guerssen","description":"File nearby: Mirthrandir, PRE, Easter Island, Cathedral, ELP, Victor Peraino's Kingdom ComeWe continue our deep-dive into US Prog Classics with LIFT's one-time wonder Caverns Of Your Brain. Previously released on vinyl as a bootleg, this 1977 4-track sonic labyrinth is packed with the quintessential ingredients of an instant classic. A never-come-down, fast-paced haven of complexity, with abundant mellotron\/moog doses and inventive rhythmic shifts that evoke a eureka moment on every corner. This is the first official vinyl edition, featuring new and band approved cover artworks, bonus tracks, including the previously unreleased 26-minutes long suite Inception.Vinyl 180 gr., strictly limited pressing of 500 numbered copies, with bonus tracks + 2-page insert.Limited to 200 copies on splatter vinyl.","robots":{"index":"index","follow":"follow","max-snippet":"max-snippet:-1","max-image-preview":"max-image-preview:large","max-video-preview":"max-video-preview:-1"},"canonical":"https:\/\/wpguerssen-test.odoo.rgbconsulting.com\/es\/producto\/caverns-of-your-brain-splatter\/","og_locale":"es_ES","og_type":"article","og_title":"LIFT - Caverns Of Your Brain (Splatter) -  (LP) | Guerssen","og_description":"File nearby: Mirthrandir, PRE, Easter Island, Cathedral, ELP, Victor Peraino's Kingdom ComeWe continue our deep-dive into US Prog Classics with LIFT's one-time wonder Caverns Of Your Brain. Previously released on vinyl as a bootleg, this 1977 4-track sonic labyrinth is packed with the quintessential ingredients of an instant classic. A never-come-down, fast-paced haven of complexity, with abundant mellotron\/moog doses and inventive rhythmic shifts that evoke a eureka moment on every corner. This is the first official vinyl edition, featuring new and band approved cover artworks, bonus tracks, including the previously unreleased 26-minutes long suite Inception.Vinyl 180 gr., strictly limited pressing of 500 numbered copies, with bonus tracks + 2-page insert.Limited to 200 copies on splatter vinyl.","og_url":"https:\/\/wpguerssen-test.odoo.rgbconsulting.com\/es\/producto\/caverns-of-your-brain-splatter\/","og_site_name":"Guerssen records","article_modified_time":"2025-04-14T14:20:47+00:00","og_image":[{"width":436,"height":452,"url":"https:\/\/wpguerssen-test.odoo.rgbconsulting.com\/wp-content\/uploads\/2024\/10\/48801.jpg","type":"image\/jpeg"}],"twitter_card":"summary_large_image","twitter_title":"LIFT - Caverns Of Your Brain (Splatter) -  (LP) | Guerssen","twitter_misc":{"Tiempo de lectura":"1 minuto"},"schema":{"@context":"https:\/\/schema.org","@graph":[{"@type":"WebPage","@id":"https:\/\/wpguerssen-test.odoo.rgbconsulting.com\/es\/producto\/caverns-of-your-brain-splatter\/","url":"https:\/\/wpguerssen-test.odoo.rgbconsulting.com\/es\/producto\/caverns-of-your-brain-splatter\/","name":"LIFT - Caverns Of Your Brain (Splatter) - (LP) | Guerssen","isPartOf":{"@id":"https:\/\/wpguerssen-test.odoo.rgbconsulting.com\/es\/#website"},"primaryImageOfPage":{"@id":"https:\/\/wpguerssen-test.odoo.rgbconsulting.com\/es\/producto\/caverns-of-your-brain-splatter\/#primaryimage"},"image":{"@id":"https:\/\/wpguerssen-test.odoo.rgbconsulting.com\/es\/producto\/caverns-of-your-brain-splatter\/#primaryimage"},"thumbnailUrl":"https:\/\/wpguerssen-test.odoo.rgbconsulting.com\/wp-content\/uploads\/2024\/10\/48801.jpg","datePublished":"2025-03-18T23:00:00+00:00","dateModified":"2025-04-14T14:20:47+00:00","description":"File nearby: Mirthrandir, PRE, Easter Island, Cathedral, ELP, Victor Peraino's Kingdom ComeWe continue our deep-dive into US Prog Classics with LIFT's one-time wonder Caverns Of Your Brain. Previously released on vinyl as a bootleg, this 1977 4-track sonic labyrinth is packed with the quintessential ingredients of an instant classic. A never-come-down, fast-paced haven of complexity, with abundant mellotron\/moog doses and inventive rhythmic shifts that evoke a eureka moment on every corner. This is the first official vinyl edition, featuring new and band approved cover artworks, bonus tracks, including the previously unreleased 26-minutes long suite Inception.Vinyl 180 gr., strictly limited pressing of 500 numbered copies, with bonus tracks + 2-page insert.Limited to 200 copies on splatter vinyl.","breadcrumb":{"@id":"https:\/\/wpguerssen-test.odoo.rgbconsulting.com\/es\/producto\/caverns-of-your-brain-splatter\/#breadcrumb"},"inLanguage":"es","potentialAction":[{"@type":"ReadAction","target":["https:\/\/wpguerssen-test.odoo.rgbconsulting.com\/es\/producto\/caverns-of-your-brain-splatter\/"]}]},{"@type":"ImageObject","inLanguage":"es","@id":"https:\/\/wpguerssen-test.odoo.rgbconsulting.com\/es\/producto\/caverns-of-your-brain-splatter\/#primaryimage","url":"https:\/\/wpguerssen-test.odoo.rgbconsulting.com\/wp-content\/uploads\/2024\/10\/48801.jpg","contentUrl":"https:\/\/wpguerssen-test.odoo.rgbconsulting.com\/wp-content\/uploads\/2024\/10\/48801.jpg","width":436,"height":452},{"@type":"BreadcrumbList","@id":"https:\/\/wpguerssen-test.odoo.rgbconsulting.com\/es\/producto\/caverns-of-your-brain-splatter\/#breadcrumb","itemListElement":[{"@type":"ListItem","position":1,"name":"Inicio","item":"https:\/\/wpguerssen-test.odoo.rgbconsulting.com\/es\/"},{"@type":"ListItem","position":2,"name":"Shop","item":"https:\/\/wpguerssen-test.odoo.rgbconsulting.com\/shop\/"},{"@type":"ListItem","position":3,"name":"Caverns Of Your Brain (Splatter)"}]},{"@type":"WebSite","@id":"https:\/\/wpguerssen-test.odoo.rgbconsulting.com\/es\/#website","url":"https:\/\/wpguerssen-test.odoo.rgbconsulting.com\/es\/","name":"Guerssen records","description":"psychedelia - progressive - folk - garage ","publisher":{"@id":"https:\/\/wpguerssen-test.odoo.rgbconsulting.com\/es\/#organization"},"potentialAction":[{"@type":"SearchAction","target":{"@type":"EntryPoint","urlTemplate":"https:\/\/wpguerssen-test.odoo.rgbconsulting.com\/es\/?s={search_term_string}"},"query-input":{"@type":"PropertyValueSpecification","valueRequired":true,"valueName":"search_term_string"}}],"inLanguage":"es"},{"@type":"Organization","@id":"https:\/\/wpguerssen-test.odoo.rgbconsulting.com\/es\/#organization","name":"Guerssen records","url":"https:\/\/wpguerssen-test.odoo.rgbconsulting.com\/es\/","logo":{"@type":"ImageObject","inLanguage":"es","@id":"https:\/\/wpguerssen-test.odoo.rgbconsulting.com\/es\/#\/schema\/logo\/image\/","url":"https:\/\/wpguerssen-test.odoo.rgbconsulting.com\/wp-content\/uploads\/2022\/04\/Logo_Guerssen_trans_100.png","contentUrl":"https:\/\/wpguerssen-test.odoo.rgbconsulting.com\/wp-content\/uploads\/2022\/04\/Logo_Guerssen_trans_100.png","width":122,"height":100,"caption":"Guerssen records"},"image":{"@id":"https:\/\/wpguerssen-test.odoo.rgbconsulting.com\/es\/#\/schema\/logo\/image\/"}}]}},"_links":{"self":[{"href":"https:\/\/wpguerssen-test.odoo.rgbconsulting.com\/es\/wp-json\/wp\/v2\/product\/276244","targetHints":{"allow":["GET"]}}],"collection":[{"href":"https:\/\/wpguerssen-test.odoo.rgbconsulting.com\/es\/wp-json\/wp\/v2\/product"}],"about":[{"href":"https:\/\/wpguerssen-test.odoo.rgbconsulting.com\/es\/wp-json\/wp\/v2\/types\/product"}],"wp:featuredmedia":[{"embeddable":true,"href":"https:\/\/wpguerssen-test.odoo.rgbconsulting.com\/es\/wp-json\/wp\/v2\/media\/276138"}],"wp:attachment":[{"href":"https:\/\/wpguerssen-test.odoo.rgbconsulting.com\/es\/wp-json\/wp\/v2\/media?parent=276244"}],"wp:term":[{"taxonomy":"product_brand","embeddable":true,"href":"https:\/\/wpguerssen-test.odoo.rgbconsulting.com\/es\/wp-json\/wp\/v2\/product_brand?post=276244"},{"taxonomy":"product_cat","embeddable":true,"href":"https:\/\/wpguerssen-test.odoo.rgbconsulting.com\/es\/wp-json\/wp\/v2\/product_cat?post=276244"},{"taxonomy":"product_tag","embeddable":true,"href":"https:\/\/wpguerssen-test.odoo.rgbconsulting.com\/es\/wp-json\/wp\/v2\/product_tag?post=276244"}],"curies":[{"name":"wp","href":"https:\/\/api.w.org\/{rel}","templated":true}]}}