{"id":276250,"date":"2025-01-21T00:00:00","date_gmt":"2025-01-20T23:00:00","guid":{"rendered":"https:\/\/wpguerssen-test.odoo.rgbconsulting.com\/product\/destroy-all-music\/"},"modified":"2025-04-11T13:20:53","modified_gmt":"2025-04-11T11:20:53","slug":"destroy-all-music","status":"publish","type":"product","link":"https:\/\/wpguerssen-test.odoo.rgbconsulting.com\/es\/producto\/destroy-all-music\/","title":{"rendered":"Destroy All Music"},"content":{"rendered":"<p>Formada por el cantante John Denney y su hermano guitarrista Dix (hijos de la actriz Nora Denney), con el bajista Cliff Roman y el baterista Beat Alexander, la banda pionera de art-rock de Los \u00c1ngeles, The Weirdos, fue anterior a la escena punk y se inspir\u00f3 en los Ramones. Iggy Pop y los New York Dolls. \u00a1El EP debut &#8216;Destroy All Music&#8217; comenz\u00f3 su fruct\u00edfera relaci\u00f3n con BOMP! Records y para celebrar el 50 aniversario de BOMP!, esta edici\u00f3n de la compilaci\u00f3n Destroy All Music se une al EP original con demos anteriores. Esta es la flor y nata de la banda en un hermoso paquete: \u00a1absolutamente esencial!<\/p>\n","protected":false},"excerpt":{"rendered":"<p>Formada por el cantante John Denney y su hermano guitarrista Dix (hijos de la actriz Nora Denney), con el bajista Cliff Roman y el baterista Beat Alexander, la banda<a class=\"read\" href=\"https:\/\/wpguerssen-test.odoo.rgbconsulting.com\/es\/producto\/destroy-all-music\/\"> (...)<\/a>","protected":false},"featured_media":276156,"template":"","meta":{"_acf_changed":false},"product_brand":[],"product_cat":[21650],"product_tag":[],"class_list":{"0":"post-276250","1":"product","2":"type-product","3":"status-publish","4":"has-post-thumbnail","6":"product_cat-punk-es","7":"pa_artist-weirdos-the","8":"pa_format-lp-es","9":"pa_gender-punk","10":"pa_label-radiation","11":"pa_location-north-america-es","12":"pa_other-filters-vinyl-only-es","14":"first","15":"instock","16":"taxable","17":"shipping-taxable","18":"purchasable","19":"product-type-simple"},"acf":[],"yoast_head":"<!-- This site is optimized with the Yoast SEO plugin v24.9 - https:\/\/yoast.com\/wordpress\/plugins\/seo\/ -->\n<title>WEIRDOS, The - Destroy All Music -  (LP) | Guerssen<\/title>\n<meta name=\"description\" content=\"Formed by singer John Denney and his guitarist brother Dix (sons of actress Nora Denney), with bassist Cliff Roman and drummer Beat Alexander, pioneering Los Angeles art-rock band the Weirdos pre-dated the punk scene, taking their cues from the Ramones, Iggy Pop, and the New York Dolls. Debut EP &#039;Destroy All Music&#039; began their fruitful relationship with BOMP! Records and to celebrate BOMP!&#039;s 50th anniversary, this edition of ace compilation Destroy All Music joins the original EP with earlier demos and the Who? What? Where? When? Why? LP. This is the cream of the band&#039;s crop in one beautiful package - absolutely essential!\" \/>\n<meta name=\"robots\" content=\"index, follow, max-snippet:-1, max-image-preview:large, max-video-preview:-1\" \/>\n<link rel=\"canonical\" href=\"https:\/\/wpguerssen-test.odoo.rgbconsulting.com\/es\/producto\/destroy-all-music\/\" \/>\n<meta property=\"og:locale\" content=\"es_ES\" \/>\n<meta property=\"og:type\" content=\"article\" \/>\n<meta property=\"og:title\" content=\"WEIRDOS, The - Destroy All Music -  (LP) | Guerssen\" \/>\n<meta property=\"og:description\" content=\"Formed by singer John Denney and his guitarist brother Dix (sons of actress Nora Denney), with bassist Cliff Roman and drummer Beat Alexander, pioneering Los Angeles art-rock band the Weirdos pre-dated the punk scene, taking their cues from the Ramones, Iggy Pop, and the New York Dolls. Debut EP &#039;Destroy All Music&#039; began their fruitful relationship with BOMP! Records and to celebrate BOMP!&#039;s 50th anniversary, this edition of ace compilation Destroy All Music joins the original EP with earlier demos and the Who? What? Where? When? Why? LP. This is the cream of the band&#039;s crop in one beautiful package - absolutely essential!\" \/>\n<meta property=\"og:url\" content=\"https:\/\/wpguerssen-test.odoo.rgbconsulting.com\/es\/producto\/destroy-all-music\/\" \/>\n<meta property=\"og:site_name\" content=\"Guerssen records\" \/>\n<meta property=\"article:modified_time\" content=\"2025-04-11T11:20:53+00:00\" \/>\n<meta property=\"og:image\" content=\"https:\/\/wpguerssen-test.odoo.rgbconsulting.com\/wp-content\/uploads\/2024\/10\/48807.jpg\" \/>\n\t<meta property=\"og:image:width\" content=\"1772\" \/>\n\t<meta property=\"og:image:height\" content=\"1772\" \/>\n\t<meta property=\"og:image:type\" content=\"image\/jpeg\" \/>\n<meta name=\"twitter:card\" content=\"summary_large_image\" \/>\n<meta name=\"twitter:title\" content=\"WEIRDOS, The - Destroy All Music -  (LP) | Guerssen\" \/>\n<meta name=\"twitter:label1\" content=\"Tiempo de lectura\" \/>\n\t<meta name=\"twitter:data1\" content=\"1 minuto\" \/>\n<script type=\"application\/ld+json\" class=\"yoast-schema-graph\">{\"@context\":\"https:\/\/schema.org\",\"@graph\":[{\"@type\":\"WebPage\",\"@id\":\"https:\/\/wpguerssen-test.odoo.rgbconsulting.com\/es\/producto\/destroy-all-music\/\",\"url\":\"https:\/\/wpguerssen-test.odoo.rgbconsulting.com\/es\/producto\/destroy-all-music\/\",\"name\":\"WEIRDOS, The - Destroy All Music - (LP) | Guerssen\",\"isPartOf\":{\"@id\":\"https:\/\/wpguerssen-test.odoo.rgbconsulting.com\/es\/#website\"},\"primaryImageOfPage\":{\"@id\":\"https:\/\/wpguerssen-test.odoo.rgbconsulting.com\/es\/producto\/destroy-all-music\/#primaryimage\"},\"image\":{\"@id\":\"https:\/\/wpguerssen-test.odoo.rgbconsulting.com\/es\/producto\/destroy-all-music\/#primaryimage\"},\"thumbnailUrl\":\"https:\/\/wpguerssen-test.odoo.rgbconsulting.com\/wp-content\/uploads\/2024\/10\/48807.jpg\",\"datePublished\":\"2025-01-20T23:00:00+00:00\",\"dateModified\":\"2025-04-11T11:20:53+00:00\",\"description\":\"Formed by singer John Denney and his guitarist brother Dix (sons of actress Nora Denney), with bassist Cliff Roman and drummer Beat Alexander, pioneering Los Angeles art-rock band the Weirdos pre-dated the punk scene, taking their cues from the Ramones, Iggy Pop, and the New York Dolls. Debut EP 'Destroy All Music' began their fruitful relationship with BOMP! Records and to celebrate BOMP!'s 50th anniversary, this edition of ace compilation Destroy All Music joins the original EP with earlier demos and the Who? What? Where? When? Why? LP. This is the cream of the band's crop in one beautiful package - absolutely essential!\",\"breadcrumb\":{\"@id\":\"https:\/\/wpguerssen-test.odoo.rgbconsulting.com\/es\/producto\/destroy-all-music\/#breadcrumb\"},\"inLanguage\":\"es\",\"potentialAction\":[{\"@type\":\"ReadAction\",\"target\":[\"https:\/\/wpguerssen-test.odoo.rgbconsulting.com\/es\/producto\/destroy-all-music\/\"]}]},{\"@type\":\"ImageObject\",\"inLanguage\":\"es\",\"@id\":\"https:\/\/wpguerssen-test.odoo.rgbconsulting.com\/es\/producto\/destroy-all-music\/#primaryimage\",\"url\":\"https:\/\/wpguerssen-test.odoo.rgbconsulting.com\/wp-content\/uploads\/2024\/10\/48807.jpg\",\"contentUrl\":\"https:\/\/wpguerssen-test.odoo.rgbconsulting.com\/wp-content\/uploads\/2024\/10\/48807.jpg\",\"width\":1772,\"height\":1772,\"caption\":\"The - Destroy All Music - RADIATION (LP) | Guerssen\"},{\"@type\":\"BreadcrumbList\",\"@id\":\"https:\/\/wpguerssen-test.odoo.rgbconsulting.com\/es\/producto\/destroy-all-music\/#breadcrumb\",\"itemListElement\":[{\"@type\":\"ListItem\",\"position\":1,\"name\":\"Inicio\",\"item\":\"https:\/\/wpguerssen-test.odoo.rgbconsulting.com\/es\/\"},{\"@type\":\"ListItem\",\"position\":2,\"name\":\"Shop\",\"item\":\"https:\/\/wpguerssen-test.odoo.rgbconsulting.com\/shop\/\"},{\"@type\":\"ListItem\",\"position\":3,\"name\":\"Destroy All Music\"}]},{\"@type\":\"WebSite\",\"@id\":\"https:\/\/wpguerssen-test.odoo.rgbconsulting.com\/es\/#website\",\"url\":\"https:\/\/wpguerssen-test.odoo.rgbconsulting.com\/es\/\",\"name\":\"Guerssen records\",\"description\":\"psychedelia - progressive - folk - garage \",\"publisher\":{\"@id\":\"https:\/\/wpguerssen-test.odoo.rgbconsulting.com\/es\/#organization\"},\"potentialAction\":[{\"@type\":\"SearchAction\",\"target\":{\"@type\":\"EntryPoint\",\"urlTemplate\":\"https:\/\/wpguerssen-test.odoo.rgbconsulting.com\/es\/?s={search_term_string}\"},\"query-input\":{\"@type\":\"PropertyValueSpecification\",\"valueRequired\":true,\"valueName\":\"search_term_string\"}}],\"inLanguage\":\"es\"},{\"@type\":\"Organization\",\"@id\":\"https:\/\/wpguerssen-test.odoo.rgbconsulting.com\/es\/#organization\",\"name\":\"Guerssen records\",\"url\":\"https:\/\/wpguerssen-test.odoo.rgbconsulting.com\/es\/\",\"logo\":{\"@type\":\"ImageObject\",\"inLanguage\":\"es\",\"@id\":\"https:\/\/wpguerssen-test.odoo.rgbconsulting.com\/es\/#\/schema\/logo\/image\/\",\"url\":\"https:\/\/wpguerssen-test.odoo.rgbconsulting.com\/wp-content\/uploads\/2022\/04\/Logo_Guerssen_trans_100.png\",\"contentUrl\":\"https:\/\/wpguerssen-test.odoo.rgbconsulting.com\/wp-content\/uploads\/2022\/04\/Logo_Guerssen_trans_100.png\",\"width\":122,\"height\":100,\"caption\":\"Guerssen records\"},\"image\":{\"@id\":\"https:\/\/wpguerssen-test.odoo.rgbconsulting.com\/es\/#\/schema\/logo\/image\/\"}}]}<\/script>\n<!-- \/ Yoast SEO plugin. -->","yoast_head_json":{"title":"WEIRDOS, The - Destroy All Music -  (LP) | Guerssen","description":"Formed by singer John Denney and his guitarist brother Dix (sons of actress Nora Denney), with bassist Cliff Roman and drummer Beat Alexander, pioneering Los Angeles art-rock band the Weirdos pre-dated the punk scene, taking their cues from the Ramones, Iggy Pop, and the New York Dolls. Debut EP 'Destroy All Music' began their fruitful relationship with BOMP! Records and to celebrate BOMP!'s 50th anniversary, this edition of ace compilation Destroy All Music joins the original EP with earlier demos and the Who? What? Where? When? Why? LP. This is the cream of the band's crop in one beautiful package - absolutely essential!","robots":{"index":"index","follow":"follow","max-snippet":"max-snippet:-1","max-image-preview":"max-image-preview:large","max-video-preview":"max-video-preview:-1"},"canonical":"https:\/\/wpguerssen-test.odoo.rgbconsulting.com\/es\/producto\/destroy-all-music\/","og_locale":"es_ES","og_type":"article","og_title":"WEIRDOS, The - Destroy All Music -  (LP) | Guerssen","og_description":"Formed by singer John Denney and his guitarist brother Dix (sons of actress Nora Denney), with bassist Cliff Roman and drummer Beat Alexander, pioneering Los Angeles art-rock band the Weirdos pre-dated the punk scene, taking their cues from the Ramones, Iggy Pop, and the New York Dolls. Debut EP 'Destroy All Music' began their fruitful relationship with BOMP! Records and to celebrate BOMP!'s 50th anniversary, this edition of ace compilation Destroy All Music joins the original EP with earlier demos and the Who? What? Where? When? Why? LP. This is the cream of the band's crop in one beautiful package - absolutely essential!","og_url":"https:\/\/wpguerssen-test.odoo.rgbconsulting.com\/es\/producto\/destroy-all-music\/","og_site_name":"Guerssen records","article_modified_time":"2025-04-11T11:20:53+00:00","og_image":[{"width":1772,"height":1772,"url":"https:\/\/wpguerssen-test.odoo.rgbconsulting.com\/wp-content\/uploads\/2024\/10\/48807.jpg","type":"image\/jpeg"}],"twitter_card":"summary_large_image","twitter_title":"WEIRDOS, The - Destroy All Music -  (LP) | Guerssen","twitter_misc":{"Tiempo de lectura":"1 minuto"},"schema":{"@context":"https:\/\/schema.org","@graph":[{"@type":"WebPage","@id":"https:\/\/wpguerssen-test.odoo.rgbconsulting.com\/es\/producto\/destroy-all-music\/","url":"https:\/\/wpguerssen-test.odoo.rgbconsulting.com\/es\/producto\/destroy-all-music\/","name":"WEIRDOS, The - Destroy All Music - (LP) | Guerssen","isPartOf":{"@id":"https:\/\/wpguerssen-test.odoo.rgbconsulting.com\/es\/#website"},"primaryImageOfPage":{"@id":"https:\/\/wpguerssen-test.odoo.rgbconsulting.com\/es\/producto\/destroy-all-music\/#primaryimage"},"image":{"@id":"https:\/\/wpguerssen-test.odoo.rgbconsulting.com\/es\/producto\/destroy-all-music\/#primaryimage"},"thumbnailUrl":"https:\/\/wpguerssen-test.odoo.rgbconsulting.com\/wp-content\/uploads\/2024\/10\/48807.jpg","datePublished":"2025-01-20T23:00:00+00:00","dateModified":"2025-04-11T11:20:53+00:00","description":"Formed by singer John Denney and his guitarist brother Dix (sons of actress Nora Denney), with bassist Cliff Roman and drummer Beat Alexander, pioneering Los Angeles art-rock band the Weirdos pre-dated the punk scene, taking their cues from the Ramones, Iggy Pop, and the New York Dolls. Debut EP 'Destroy All Music' began their fruitful relationship with BOMP! Records and to celebrate BOMP!'s 50th anniversary, this edition of ace compilation Destroy All Music joins the original EP with earlier demos and the Who? What? Where? When? Why? LP. This is the cream of the band's crop in one beautiful package - absolutely essential!","breadcrumb":{"@id":"https:\/\/wpguerssen-test.odoo.rgbconsulting.com\/es\/producto\/destroy-all-music\/#breadcrumb"},"inLanguage":"es","potentialAction":[{"@type":"ReadAction","target":["https:\/\/wpguerssen-test.odoo.rgbconsulting.com\/es\/producto\/destroy-all-music\/"]}]},{"@type":"ImageObject","inLanguage":"es","@id":"https:\/\/wpguerssen-test.odoo.rgbconsulting.com\/es\/producto\/destroy-all-music\/#primaryimage","url":"https:\/\/wpguerssen-test.odoo.rgbconsulting.com\/wp-content\/uploads\/2024\/10\/48807.jpg","contentUrl":"https:\/\/wpguerssen-test.odoo.rgbconsulting.com\/wp-content\/uploads\/2024\/10\/48807.jpg","width":1772,"height":1772,"caption":"The - Destroy All Music - RADIATION (LP) | Guerssen"},{"@type":"BreadcrumbList","@id":"https:\/\/wpguerssen-test.odoo.rgbconsulting.com\/es\/producto\/destroy-all-music\/#breadcrumb","itemListElement":[{"@type":"ListItem","position":1,"name":"Inicio","item":"https:\/\/wpguerssen-test.odoo.rgbconsulting.com\/es\/"},{"@type":"ListItem","position":2,"name":"Shop","item":"https:\/\/wpguerssen-test.odoo.rgbconsulting.com\/shop\/"},{"@type":"ListItem","position":3,"name":"Destroy All Music"}]},{"@type":"WebSite","@id":"https:\/\/wpguerssen-test.odoo.rgbconsulting.com\/es\/#website","url":"https:\/\/wpguerssen-test.odoo.rgbconsulting.com\/es\/","name":"Guerssen records","description":"psychedelia - progressive - folk - garage ","publisher":{"@id":"https:\/\/wpguerssen-test.odoo.rgbconsulting.com\/es\/#organization"},"potentialAction":[{"@type":"SearchAction","target":{"@type":"EntryPoint","urlTemplate":"https:\/\/wpguerssen-test.odoo.rgbconsulting.com\/es\/?s={search_term_string}"},"query-input":{"@type":"PropertyValueSpecification","valueRequired":true,"valueName":"search_term_string"}}],"inLanguage":"es"},{"@type":"Organization","@id":"https:\/\/wpguerssen-test.odoo.rgbconsulting.com\/es\/#organization","name":"Guerssen records","url":"https:\/\/wpguerssen-test.odoo.rgbconsulting.com\/es\/","logo":{"@type":"ImageObject","inLanguage":"es","@id":"https:\/\/wpguerssen-test.odoo.rgbconsulting.com\/es\/#\/schema\/logo\/image\/","url":"https:\/\/wpguerssen-test.odoo.rgbconsulting.com\/wp-content\/uploads\/2022\/04\/Logo_Guerssen_trans_100.png","contentUrl":"https:\/\/wpguerssen-test.odoo.rgbconsulting.com\/wp-content\/uploads\/2022\/04\/Logo_Guerssen_trans_100.png","width":122,"height":100,"caption":"Guerssen records"},"image":{"@id":"https:\/\/wpguerssen-test.odoo.rgbconsulting.com\/es\/#\/schema\/logo\/image\/"}}]}},"_links":{"self":[{"href":"https:\/\/wpguerssen-test.odoo.rgbconsulting.com\/es\/wp-json\/wp\/v2\/product\/276250","targetHints":{"allow":["GET"]}}],"collection":[{"href":"https:\/\/wpguerssen-test.odoo.rgbconsulting.com\/es\/wp-json\/wp\/v2\/product"}],"about":[{"href":"https:\/\/wpguerssen-test.odoo.rgbconsulting.com\/es\/wp-json\/wp\/v2\/types\/product"}],"wp:featuredmedia":[{"embeddable":true,"href":"https:\/\/wpguerssen-test.odoo.rgbconsulting.com\/es\/wp-json\/wp\/v2\/media\/276156"}],"wp:attachment":[{"href":"https:\/\/wpguerssen-test.odoo.rgbconsulting.com\/es\/wp-json\/wp\/v2\/media?parent=276250"}],"wp:term":[{"taxonomy":"product_brand","embeddable":true,"href":"https:\/\/wpguerssen-test.odoo.rgbconsulting.com\/es\/wp-json\/wp\/v2\/product_brand?post=276250"},{"taxonomy":"product_cat","embeddable":true,"href":"https:\/\/wpguerssen-test.odoo.rgbconsulting.com\/es\/wp-json\/wp\/v2\/product_cat?post=276250"},{"taxonomy":"product_tag","embeddable":true,"href":"https:\/\/wpguerssen-test.odoo.rgbconsulting.com\/es\/wp-json\/wp\/v2\/product_tag?post=276250"}],"curies":[{"name":"wp","href":"https:\/\/api.w.org\/{rel}","templated":true}]}}