{"id":276253,"date":"2024-10-28T00:00:00","date_gmt":"2024-10-27T23:00:00","guid":{"rendered":"https:\/\/wpguerssen-test.odoo.rgbconsulting.com\/product\/joao-gilberto-clear\/"},"modified":"2025-01-30T17:10:07","modified_gmt":"2025-01-30T16:10:07","slug":"joao-gilberto-clear","status":"publish","type":"product","link":"https:\/\/wpguerssen-test.odoo.rgbconsulting.com\/es\/producto\/joao-gilberto-clear\/","title":{"rendered":"Joao Gilberto (Clear)"},"content":{"rendered":"<p>El tercer \u00e1lbum hom\u00f3nimo de Joao Gilberto, es fruto de la colaboraci\u00f3n entre Gilberto y el gran compositor y arreglista Antonio Carlos Jobim y Walter Wanderley y su conjunto. Esta es una de las mayores obras en el campo de la m\u00fasica brasile\u00f1a. El delicado canto de Gilberto se mueve sobre arreglos orquestales extremadamente sutiles y elegantes de varias canciones del repertorio cl\u00e1sico, \u00abSamba da Minha Terra\u00bb y \u00abSaudade da Bahia\u00bb (Dorival Caymmi), \u00abO Barquinho\u00bb (Roberto Menescal \/ Ronaldo B\u00f4scoli) sin olvidando n\u00fameros esenciales de Carlos Lyra, Vinicius de Moraes y Tom Jobim. \u00a1Una obra maestra atemporal, punto!<\/p>\n","protected":false},"excerpt":{"rendered":"<p>El tercer \u00e1lbum hom\u00f3nimo de Joao Gilberto, es fruto de la colaboraci\u00f3n entre Gilberto y el gran compositor y arreglista Antonio Carlos Jobim y Walter Wanderley<a class=\"read\" href=\"https:\/\/wpguerssen-test.odoo.rgbconsulting.com\/es\/producto\/joao-gilberto-clear\/\"> (...)<\/a>","protected":false},"featured_media":276165,"template":"","meta":{"_acf_changed":false},"product_brand":[],"product_cat":[23231],"product_tag":[29140],"class_list":{"0":"post-276253","1":"product","2":"type-product","3":"status-publish","4":"has-post-thumbnail","6":"product_cat-latin-brazilian-es","7":"product_tag-color-vinyl-es","8":"pa_artist-gilberto-joao","9":"pa_format-lp-es","10":"pa_gender-latin-brazilian","11":"pa_label-sowing-records","12":"pa_location-south-america-caribbean-es","13":"pa_other-filters-vinyl-only-es","15":"first","16":"instock","17":"taxable","18":"shipping-taxable","19":"purchasable","20":"product-type-simple"},"acf":[],"yoast_head":"<!-- This site is optimized with the Yoast SEO plugin v24.9 - https:\/\/yoast.com\/wordpress\/plugins\/seo\/ -->\n<title>GILBERTO, Joao - Joao Gilberto (Clear) -  (LP) | Guerssen<\/title>\n<meta name=\"description\" content=\"Joao Gilberto&#039;s self titled third album, is the fruit of the collaboration between Gilberto and the great composer and arranger Antonio Carlos Jobim and Walter Wanderley and his ensemble. This is one of the greatest pieces of work in the field of Brazilian music. Gilberto&#039;s delicate singing moves on top of extremely subtle, elegant orchestral arrangements of various songs from the classic repertoire, &quot;Samba da Minha Terra&quot; and &quot;Saudade da Bahia&quot; (Dorival Caymmi), &quot;O Barquinho&quot; (Roberto Menescal \/ Ronaldo B\u00f4scoli) without forgetting essential numbers by Carlos Lyra, Vinicius de Moraes and Tom Jobim. A timeless masterpiece, period!\" \/>\n<meta name=\"robots\" content=\"index, follow, max-snippet:-1, max-image-preview:large, max-video-preview:-1\" \/>\n<link rel=\"canonical\" href=\"https:\/\/wpguerssen-test.odoo.rgbconsulting.com\/es\/producto\/joao-gilberto-clear\/\" \/>\n<meta property=\"og:locale\" content=\"es_ES\" \/>\n<meta property=\"og:type\" content=\"article\" \/>\n<meta property=\"og:title\" content=\"GILBERTO, Joao - Joao Gilberto (Clear) -  (LP) | Guerssen\" \/>\n<meta property=\"og:description\" content=\"Joao Gilberto&#039;s self titled third album, is the fruit of the collaboration between Gilberto and the great composer and arranger Antonio Carlos Jobim and Walter Wanderley and his ensemble. This is one of the greatest pieces of work in the field of Brazilian music. Gilberto&#039;s delicate singing moves on top of extremely subtle, elegant orchestral arrangements of various songs from the classic repertoire, &quot;Samba da Minha Terra&quot; and &quot;Saudade da Bahia&quot; (Dorival Caymmi), &quot;O Barquinho&quot; (Roberto Menescal \/ Ronaldo B\u00f4scoli) without forgetting essential numbers by Carlos Lyra, Vinicius de Moraes and Tom Jobim. A timeless masterpiece, period!\" \/>\n<meta property=\"og:url\" content=\"https:\/\/wpguerssen-test.odoo.rgbconsulting.com\/es\/producto\/joao-gilberto-clear\/\" \/>\n<meta property=\"og:site_name\" content=\"Guerssen records\" \/>\n<meta property=\"article:modified_time\" content=\"2025-01-30T16:10:07+00:00\" \/>\n<meta property=\"og:image\" content=\"https:\/\/wpguerssen-test.odoo.rgbconsulting.com\/wp-content\/uploads\/2024\/10\/48810.jpg\" \/>\n\t<meta property=\"og:image:width\" content=\"1080\" \/>\n\t<meta property=\"og:image:height\" content=\"1080\" \/>\n\t<meta property=\"og:image:type\" content=\"image\/jpeg\" \/>\n<meta name=\"twitter:card\" content=\"summary_large_image\" \/>\n<meta name=\"twitter:title\" content=\"GILBERTO, Joao - Joao Gilberto (Clear) -  (LP) | Guerssen\" \/>\n<meta name=\"twitter:label1\" content=\"Tiempo de lectura\" \/>\n\t<meta name=\"twitter:data1\" content=\"1 minuto\" \/>\n<script type=\"application\/ld+json\" class=\"yoast-schema-graph\">{\"@context\":\"https:\/\/schema.org\",\"@graph\":[{\"@type\":\"WebPage\",\"@id\":\"https:\/\/wpguerssen-test.odoo.rgbconsulting.com\/es\/producto\/joao-gilberto-clear\/\",\"url\":\"https:\/\/wpguerssen-test.odoo.rgbconsulting.com\/es\/producto\/joao-gilberto-clear\/\",\"name\":\"GILBERTO, Joao - Joao Gilberto (Clear) - (LP) | Guerssen\",\"isPartOf\":{\"@id\":\"https:\/\/wpguerssen-test.odoo.rgbconsulting.com\/es\/#website\"},\"primaryImageOfPage\":{\"@id\":\"https:\/\/wpguerssen-test.odoo.rgbconsulting.com\/es\/producto\/joao-gilberto-clear\/#primaryimage\"},\"image\":{\"@id\":\"https:\/\/wpguerssen-test.odoo.rgbconsulting.com\/es\/producto\/joao-gilberto-clear\/#primaryimage\"},\"thumbnailUrl\":\"https:\/\/wpguerssen-test.odoo.rgbconsulting.com\/wp-content\/uploads\/2024\/10\/48810.jpg\",\"datePublished\":\"2024-10-27T23:00:00+00:00\",\"dateModified\":\"2025-01-30T16:10:07+00:00\",\"description\":\"Joao Gilberto's self titled third album, is the fruit of the collaboration between Gilberto and the great composer and arranger Antonio Carlos Jobim and Walter Wanderley and his ensemble. This is one of the greatest pieces of work in the field of Brazilian music. Gilberto's delicate singing moves on top of extremely subtle, elegant orchestral arrangements of various songs from the classic repertoire, \\\"Samba da Minha Terra\\\" and \\\"Saudade da Bahia\\\" (Dorival Caymmi), \\\"O Barquinho\\\" (Roberto Menescal \/ Ronaldo B\u00f4scoli) without forgetting essential numbers by Carlos Lyra, Vinicius de Moraes and Tom Jobim. A timeless masterpiece, period!\",\"breadcrumb\":{\"@id\":\"https:\/\/wpguerssen-test.odoo.rgbconsulting.com\/es\/producto\/joao-gilberto-clear\/#breadcrumb\"},\"inLanguage\":\"es\",\"potentialAction\":[{\"@type\":\"ReadAction\",\"target\":[\"https:\/\/wpguerssen-test.odoo.rgbconsulting.com\/es\/producto\/joao-gilberto-clear\/\"]}]},{\"@type\":\"ImageObject\",\"inLanguage\":\"es\",\"@id\":\"https:\/\/wpguerssen-test.odoo.rgbconsulting.com\/es\/producto\/joao-gilberto-clear\/#primaryimage\",\"url\":\"https:\/\/wpguerssen-test.odoo.rgbconsulting.com\/wp-content\/uploads\/2024\/10\/48810.jpg\",\"contentUrl\":\"https:\/\/wpguerssen-test.odoo.rgbconsulting.com\/wp-content\/uploads\/2024\/10\/48810.jpg\",\"width\":1080,\"height\":1080,\"caption\":\"Joao - Joao Gilberto (Clear) - SOWING RECORDS (LP) | Guerssen\"},{\"@type\":\"BreadcrumbList\",\"@id\":\"https:\/\/wpguerssen-test.odoo.rgbconsulting.com\/es\/producto\/joao-gilberto-clear\/#breadcrumb\",\"itemListElement\":[{\"@type\":\"ListItem\",\"position\":1,\"name\":\"Inicio\",\"item\":\"https:\/\/wpguerssen-test.odoo.rgbconsulting.com\/es\/\"},{\"@type\":\"ListItem\",\"position\":2,\"name\":\"Shop\",\"item\":\"https:\/\/wpguerssen-test.odoo.rgbconsulting.com\/shop\/\"},{\"@type\":\"ListItem\",\"position\":3,\"name\":\"Joao Gilberto (Clear)\"}]},{\"@type\":\"WebSite\",\"@id\":\"https:\/\/wpguerssen-test.odoo.rgbconsulting.com\/es\/#website\",\"url\":\"https:\/\/wpguerssen-test.odoo.rgbconsulting.com\/es\/\",\"name\":\"Guerssen records\",\"description\":\"psychedelia - progressive - folk - garage \",\"publisher\":{\"@id\":\"https:\/\/wpguerssen-test.odoo.rgbconsulting.com\/es\/#organization\"},\"potentialAction\":[{\"@type\":\"SearchAction\",\"target\":{\"@type\":\"EntryPoint\",\"urlTemplate\":\"https:\/\/wpguerssen-test.odoo.rgbconsulting.com\/es\/?s={search_term_string}\"},\"query-input\":{\"@type\":\"PropertyValueSpecification\",\"valueRequired\":true,\"valueName\":\"search_term_string\"}}],\"inLanguage\":\"es\"},{\"@type\":\"Organization\",\"@id\":\"https:\/\/wpguerssen-test.odoo.rgbconsulting.com\/es\/#organization\",\"name\":\"Guerssen records\",\"url\":\"https:\/\/wpguerssen-test.odoo.rgbconsulting.com\/es\/\",\"logo\":{\"@type\":\"ImageObject\",\"inLanguage\":\"es\",\"@id\":\"https:\/\/wpguerssen-test.odoo.rgbconsulting.com\/es\/#\/schema\/logo\/image\/\",\"url\":\"https:\/\/wpguerssen-test.odoo.rgbconsulting.com\/wp-content\/uploads\/2022\/04\/Logo_Guerssen_trans_100.png\",\"contentUrl\":\"https:\/\/wpguerssen-test.odoo.rgbconsulting.com\/wp-content\/uploads\/2022\/04\/Logo_Guerssen_trans_100.png\",\"width\":122,\"height\":100,\"caption\":\"Guerssen records\"},\"image\":{\"@id\":\"https:\/\/wpguerssen-test.odoo.rgbconsulting.com\/es\/#\/schema\/logo\/image\/\"}}]}<\/script>\n<!-- \/ Yoast SEO plugin. -->","yoast_head_json":{"title":"GILBERTO, Joao - Joao Gilberto (Clear) -  (LP) | Guerssen","description":"Joao Gilberto's self titled third album, is the fruit of the collaboration between Gilberto and the great composer and arranger Antonio Carlos Jobim and Walter Wanderley and his ensemble. This is one of the greatest pieces of work in the field of Brazilian music. Gilberto's delicate singing moves on top of extremely subtle, elegant orchestral arrangements of various songs from the classic repertoire, \"Samba da Minha Terra\" and \"Saudade da Bahia\" (Dorival Caymmi), \"O Barquinho\" (Roberto Menescal \/ Ronaldo B\u00f4scoli) without forgetting essential numbers by Carlos Lyra, Vinicius de Moraes and Tom Jobim. A timeless masterpiece, period!","robots":{"index":"index","follow":"follow","max-snippet":"max-snippet:-1","max-image-preview":"max-image-preview:large","max-video-preview":"max-video-preview:-1"},"canonical":"https:\/\/wpguerssen-test.odoo.rgbconsulting.com\/es\/producto\/joao-gilberto-clear\/","og_locale":"es_ES","og_type":"article","og_title":"GILBERTO, Joao - Joao Gilberto (Clear) -  (LP) | Guerssen","og_description":"Joao Gilberto's self titled third album, is the fruit of the collaboration between Gilberto and the great composer and arranger Antonio Carlos Jobim and Walter Wanderley and his ensemble. This is one of the greatest pieces of work in the field of Brazilian music. Gilberto's delicate singing moves on top of extremely subtle, elegant orchestral arrangements of various songs from the classic repertoire, \"Samba da Minha Terra\" and \"Saudade da Bahia\" (Dorival Caymmi), \"O Barquinho\" (Roberto Menescal \/ Ronaldo B\u00f4scoli) without forgetting essential numbers by Carlos Lyra, Vinicius de Moraes and Tom Jobim. A timeless masterpiece, period!","og_url":"https:\/\/wpguerssen-test.odoo.rgbconsulting.com\/es\/producto\/joao-gilberto-clear\/","og_site_name":"Guerssen records","article_modified_time":"2025-01-30T16:10:07+00:00","og_image":[{"width":1080,"height":1080,"url":"https:\/\/wpguerssen-test.odoo.rgbconsulting.com\/wp-content\/uploads\/2024\/10\/48810.jpg","type":"image\/jpeg"}],"twitter_card":"summary_large_image","twitter_title":"GILBERTO, Joao - Joao Gilberto (Clear) -  (LP) | Guerssen","twitter_misc":{"Tiempo de lectura":"1 minuto"},"schema":{"@context":"https:\/\/schema.org","@graph":[{"@type":"WebPage","@id":"https:\/\/wpguerssen-test.odoo.rgbconsulting.com\/es\/producto\/joao-gilberto-clear\/","url":"https:\/\/wpguerssen-test.odoo.rgbconsulting.com\/es\/producto\/joao-gilberto-clear\/","name":"GILBERTO, Joao - Joao Gilberto (Clear) - (LP) | Guerssen","isPartOf":{"@id":"https:\/\/wpguerssen-test.odoo.rgbconsulting.com\/es\/#website"},"primaryImageOfPage":{"@id":"https:\/\/wpguerssen-test.odoo.rgbconsulting.com\/es\/producto\/joao-gilberto-clear\/#primaryimage"},"image":{"@id":"https:\/\/wpguerssen-test.odoo.rgbconsulting.com\/es\/producto\/joao-gilberto-clear\/#primaryimage"},"thumbnailUrl":"https:\/\/wpguerssen-test.odoo.rgbconsulting.com\/wp-content\/uploads\/2024\/10\/48810.jpg","datePublished":"2024-10-27T23:00:00+00:00","dateModified":"2025-01-30T16:10:07+00:00","description":"Joao Gilberto's self titled third album, is the fruit of the collaboration between Gilberto and the great composer and arranger Antonio Carlos Jobim and Walter Wanderley and his ensemble. This is one of the greatest pieces of work in the field of Brazilian music. Gilberto's delicate singing moves on top of extremely subtle, elegant orchestral arrangements of various songs from the classic repertoire, \"Samba da Minha Terra\" and \"Saudade da Bahia\" (Dorival Caymmi), \"O Barquinho\" (Roberto Menescal \/ Ronaldo B\u00f4scoli) without forgetting essential numbers by Carlos Lyra, Vinicius de Moraes and Tom Jobim. A timeless masterpiece, period!","breadcrumb":{"@id":"https:\/\/wpguerssen-test.odoo.rgbconsulting.com\/es\/producto\/joao-gilberto-clear\/#breadcrumb"},"inLanguage":"es","potentialAction":[{"@type":"ReadAction","target":["https:\/\/wpguerssen-test.odoo.rgbconsulting.com\/es\/producto\/joao-gilberto-clear\/"]}]},{"@type":"ImageObject","inLanguage":"es","@id":"https:\/\/wpguerssen-test.odoo.rgbconsulting.com\/es\/producto\/joao-gilberto-clear\/#primaryimage","url":"https:\/\/wpguerssen-test.odoo.rgbconsulting.com\/wp-content\/uploads\/2024\/10\/48810.jpg","contentUrl":"https:\/\/wpguerssen-test.odoo.rgbconsulting.com\/wp-content\/uploads\/2024\/10\/48810.jpg","width":1080,"height":1080,"caption":"Joao - Joao Gilberto (Clear) - SOWING RECORDS (LP) | Guerssen"},{"@type":"BreadcrumbList","@id":"https:\/\/wpguerssen-test.odoo.rgbconsulting.com\/es\/producto\/joao-gilberto-clear\/#breadcrumb","itemListElement":[{"@type":"ListItem","position":1,"name":"Inicio","item":"https:\/\/wpguerssen-test.odoo.rgbconsulting.com\/es\/"},{"@type":"ListItem","position":2,"name":"Shop","item":"https:\/\/wpguerssen-test.odoo.rgbconsulting.com\/shop\/"},{"@type":"ListItem","position":3,"name":"Joao Gilberto (Clear)"}]},{"@type":"WebSite","@id":"https:\/\/wpguerssen-test.odoo.rgbconsulting.com\/es\/#website","url":"https:\/\/wpguerssen-test.odoo.rgbconsulting.com\/es\/","name":"Guerssen records","description":"psychedelia - progressive - folk - garage ","publisher":{"@id":"https:\/\/wpguerssen-test.odoo.rgbconsulting.com\/es\/#organization"},"potentialAction":[{"@type":"SearchAction","target":{"@type":"EntryPoint","urlTemplate":"https:\/\/wpguerssen-test.odoo.rgbconsulting.com\/es\/?s={search_term_string}"},"query-input":{"@type":"PropertyValueSpecification","valueRequired":true,"valueName":"search_term_string"}}],"inLanguage":"es"},{"@type":"Organization","@id":"https:\/\/wpguerssen-test.odoo.rgbconsulting.com\/es\/#organization","name":"Guerssen records","url":"https:\/\/wpguerssen-test.odoo.rgbconsulting.com\/es\/","logo":{"@type":"ImageObject","inLanguage":"es","@id":"https:\/\/wpguerssen-test.odoo.rgbconsulting.com\/es\/#\/schema\/logo\/image\/","url":"https:\/\/wpguerssen-test.odoo.rgbconsulting.com\/wp-content\/uploads\/2022\/04\/Logo_Guerssen_trans_100.png","contentUrl":"https:\/\/wpguerssen-test.odoo.rgbconsulting.com\/wp-content\/uploads\/2022\/04\/Logo_Guerssen_trans_100.png","width":122,"height":100,"caption":"Guerssen records"},"image":{"@id":"https:\/\/wpguerssen-test.odoo.rgbconsulting.com\/es\/#\/schema\/logo\/image\/"}}]}},"_links":{"self":[{"href":"https:\/\/wpguerssen-test.odoo.rgbconsulting.com\/es\/wp-json\/wp\/v2\/product\/276253","targetHints":{"allow":["GET"]}}],"collection":[{"href":"https:\/\/wpguerssen-test.odoo.rgbconsulting.com\/es\/wp-json\/wp\/v2\/product"}],"about":[{"href":"https:\/\/wpguerssen-test.odoo.rgbconsulting.com\/es\/wp-json\/wp\/v2\/types\/product"}],"wp:featuredmedia":[{"embeddable":true,"href":"https:\/\/wpguerssen-test.odoo.rgbconsulting.com\/es\/wp-json\/wp\/v2\/media\/276165"}],"wp:attachment":[{"href":"https:\/\/wpguerssen-test.odoo.rgbconsulting.com\/es\/wp-json\/wp\/v2\/media?parent=276253"}],"wp:term":[{"taxonomy":"product_brand","embeddable":true,"href":"https:\/\/wpguerssen-test.odoo.rgbconsulting.com\/es\/wp-json\/wp\/v2\/product_brand?post=276253"},{"taxonomy":"product_cat","embeddable":true,"href":"https:\/\/wpguerssen-test.odoo.rgbconsulting.com\/es\/wp-json\/wp\/v2\/product_cat?post=276253"},{"taxonomy":"product_tag","embeddable":true,"href":"https:\/\/wpguerssen-test.odoo.rgbconsulting.com\/es\/wp-json\/wp\/v2\/product_tag?post=276253"}],"curies":[{"name":"wp","href":"https:\/\/api.w.org\/{rel}","templated":true}]}}