{"id":276268,"date":"2025-03-14T00:00:00","date_gmt":"2025-03-13T23:00:00","guid":{"rendered":"https:\/\/wpguerssen-test.odoo.rgbconsulting.com\/product\/love-child-cd\/"},"modified":"2025-04-29T13:36:08","modified_gmt":"2025-04-29T11:36:08","slug":"love-child-cd","status":"publish","type":"product","link":"https:\/\/wpguerssen-test.odoo.rgbconsulting.com\/es\/producto\/love-child-cd\/","title":{"rendered":"Love Child (CD)"},"content":{"rendered":"<p>El segundo \u00e1lbum de Koko-Jean &#038; The Tonics moderniza su enfoque cl\u00e1sico ahondando en el sonido soul puro y la atm\u00f3sfera social y musical de los a\u00f1os 70. Hay canciones esencialmente bailables, como &#8216;The Spin&#8217;, otras m\u00e1s rom\u00e1nticas y de combusti\u00f3n lenta, como &#8216;Never Ever&#8217;, y piezas que nos transportan al Brooklyn de los a\u00f1os 60 y 70, como la contestataria &#8216;Frank&#8217;s Zone&#8217; o la nost\u00e1lgica &#8216;Love Child&#8217;.<\/p>\n","protected":false},"excerpt":{"rendered":"<p>El segundo \u00e1lbum de Koko-Jean &#038; The Tonics moderniza su enfoque cl\u00e1sico ahondando en el sonido soul puro y la atm\u00f3sfera social y musical de los a\u00f1os 70. Hay<a class=\"read\" href=\"https:\/\/wpguerssen-test.odoo.rgbconsulting.com\/es\/producto\/love-child-cd\/\"> (...)<\/a>","protected":false},"featured_media":276210,"template":"","meta":{"_acf_changed":false},"product_brand":[],"product_cat":[24508,21649],"product_tag":[],"class_list":{"0":"post-276268","1":"product","2":"type-product","3":"status-publish","4":"has-post-thumbnail","6":"product_cat-uncategorized","7":"product_cat-soul-rnb-es","8":"pa_artist-koko-jean-the-tonics","9":"pa_format-cd-2-es","10":"pa_gender-soul-rnb","11":"pa_label-buenritmo-2","12":"pa_location-spain-es","14":"first","15":"instock","16":"taxable","17":"shipping-taxable","18":"purchasable","19":"product-type-simple"},"acf":[],"yoast_head":"<!-- This site is optimized with the Yoast SEO plugin v24.9 - https:\/\/yoast.com\/wordpress\/plugins\/seo\/ -->\n<title>KOKO-JEAN &amp; THE TONICS - Love Child (CD) -  (CD) | Guerssen<\/title>\n<meta name=\"description\" content=\"Koko-Jean &amp; The Tonics&#039; second album modernizes their classic approach by delving into the pure soul sound and the social and musical atmosphere of the 70s. There are essentially danceable songs, like &#039;The Spin&#039;, others that are more romantic and slow-burning, like &#039;Never Ever&#039;, and pieces that transport us to Brooklyn in the 60s and 70s, like the protesting &#039;Frank&#039;s Zone&#039; or the nostalgic &#039;Love Child&#039;.\" \/>\n<meta name=\"robots\" content=\"index, follow, max-snippet:-1, max-image-preview:large, max-video-preview:-1\" \/>\n<link rel=\"canonical\" href=\"https:\/\/wpguerssen-test.odoo.rgbconsulting.com\/es\/producto\/love-child-cd\/\" \/>\n<meta property=\"og:locale\" content=\"es_ES\" \/>\n<meta property=\"og:type\" content=\"article\" \/>\n<meta property=\"og:title\" content=\"KOKO-JEAN &amp; THE TONICS - Love Child (CD) -  (CD) | Guerssen\" \/>\n<meta property=\"og:description\" content=\"Koko-Jean &amp; The Tonics&#039; second album modernizes their classic approach by delving into the pure soul sound and the social and musical atmosphere of the 70s. There are essentially danceable songs, like &#039;The Spin&#039;, others that are more romantic and slow-burning, like &#039;Never Ever&#039;, and pieces that transport us to Brooklyn in the 60s and 70s, like the protesting &#039;Frank&#039;s Zone&#039; or the nostalgic &#039;Love Child&#039;.\" \/>\n<meta property=\"og:url\" content=\"https:\/\/wpguerssen-test.odoo.rgbconsulting.com\/es\/producto\/love-child-cd\/\" \/>\n<meta property=\"og:site_name\" content=\"Guerssen records\" \/>\n<meta property=\"article:modified_time\" content=\"2025-04-29T11:36:08+00:00\" \/>\n<meta property=\"og:image\" content=\"https:\/\/wpguerssen-test.odoo.rgbconsulting.com\/wp-content\/uploads\/2024\/10\/48825.jpg\" \/>\n\t<meta property=\"og:image:width\" content=\"453\" \/>\n\t<meta property=\"og:image:height\" content=\"453\" \/>\n\t<meta property=\"og:image:type\" content=\"image\/jpeg\" \/>\n<meta name=\"twitter:card\" content=\"summary_large_image\" \/>\n<meta name=\"twitter:title\" content=\"KOKO-JEAN &amp; THE TONICS - Love Child (CD) -  (CD) | Guerssen\" \/>\n<script type=\"application\/ld+json\" class=\"yoast-schema-graph\">{\"@context\":\"https:\/\/schema.org\",\"@graph\":[{\"@type\":\"WebPage\",\"@id\":\"https:\/\/wpguerssen-test.odoo.rgbconsulting.com\/es\/producto\/love-child-cd\/\",\"url\":\"https:\/\/wpguerssen-test.odoo.rgbconsulting.com\/es\/producto\/love-child-cd\/\",\"name\":\"KOKO-JEAN & THE TONICS - Love Child (CD) - (CD) | Guerssen\",\"isPartOf\":{\"@id\":\"https:\/\/wpguerssen-test.odoo.rgbconsulting.com\/es\/#website\"},\"primaryImageOfPage\":{\"@id\":\"https:\/\/wpguerssen-test.odoo.rgbconsulting.com\/es\/producto\/love-child-cd\/#primaryimage\"},\"image\":{\"@id\":\"https:\/\/wpguerssen-test.odoo.rgbconsulting.com\/es\/producto\/love-child-cd\/#primaryimage\"},\"thumbnailUrl\":\"https:\/\/wpguerssen-test.odoo.rgbconsulting.com\/wp-content\/uploads\/2024\/10\/48825.jpg\",\"datePublished\":\"2025-03-13T23:00:00+00:00\",\"dateModified\":\"2025-04-29T11:36:08+00:00\",\"description\":\"Koko-Jean & The Tonics' second album modernizes their classic approach by delving into the pure soul sound and the social and musical atmosphere of the 70s. There are essentially danceable songs, like 'The Spin', others that are more romantic and slow-burning, like 'Never Ever', and pieces that transport us to Brooklyn in the 60s and 70s, like the protesting 'Frank's Zone' or the nostalgic 'Love Child'.\",\"breadcrumb\":{\"@id\":\"https:\/\/wpguerssen-test.odoo.rgbconsulting.com\/es\/producto\/love-child-cd\/#breadcrumb\"},\"inLanguage\":\"es\",\"potentialAction\":[{\"@type\":\"ReadAction\",\"target\":[\"https:\/\/wpguerssen-test.odoo.rgbconsulting.com\/es\/producto\/love-child-cd\/\"]}]},{\"@type\":\"ImageObject\",\"inLanguage\":\"es\",\"@id\":\"https:\/\/wpguerssen-test.odoo.rgbconsulting.com\/es\/producto\/love-child-cd\/#primaryimage\",\"url\":\"https:\/\/wpguerssen-test.odoo.rgbconsulting.com\/wp-content\/uploads\/2024\/10\/48825.jpg\",\"contentUrl\":\"https:\/\/wpguerssen-test.odoo.rgbconsulting.com\/wp-content\/uploads\/2024\/10\/48825.jpg\",\"width\":453,\"height\":453},{\"@type\":\"BreadcrumbList\",\"@id\":\"https:\/\/wpguerssen-test.odoo.rgbconsulting.com\/es\/producto\/love-child-cd\/#breadcrumb\",\"itemListElement\":[{\"@type\":\"ListItem\",\"position\":1,\"name\":\"Inicio\",\"item\":\"https:\/\/wpguerssen-test.odoo.rgbconsulting.com\/es\/\"},{\"@type\":\"ListItem\",\"position\":2,\"name\":\"Shop\",\"item\":\"https:\/\/wpguerssen-test.odoo.rgbconsulting.com\/shop\/\"},{\"@type\":\"ListItem\",\"position\":3,\"name\":\"Love Child (CD)\"}]},{\"@type\":\"WebSite\",\"@id\":\"https:\/\/wpguerssen-test.odoo.rgbconsulting.com\/es\/#website\",\"url\":\"https:\/\/wpguerssen-test.odoo.rgbconsulting.com\/es\/\",\"name\":\"Guerssen records\",\"description\":\"psychedelia - progressive - folk - garage \",\"publisher\":{\"@id\":\"https:\/\/wpguerssen-test.odoo.rgbconsulting.com\/es\/#organization\"},\"potentialAction\":[{\"@type\":\"SearchAction\",\"target\":{\"@type\":\"EntryPoint\",\"urlTemplate\":\"https:\/\/wpguerssen-test.odoo.rgbconsulting.com\/es\/?s={search_term_string}\"},\"query-input\":{\"@type\":\"PropertyValueSpecification\",\"valueRequired\":true,\"valueName\":\"search_term_string\"}}],\"inLanguage\":\"es\"},{\"@type\":\"Organization\",\"@id\":\"https:\/\/wpguerssen-test.odoo.rgbconsulting.com\/es\/#organization\",\"name\":\"Guerssen records\",\"url\":\"https:\/\/wpguerssen-test.odoo.rgbconsulting.com\/es\/\",\"logo\":{\"@type\":\"ImageObject\",\"inLanguage\":\"es\",\"@id\":\"https:\/\/wpguerssen-test.odoo.rgbconsulting.com\/es\/#\/schema\/logo\/image\/\",\"url\":\"https:\/\/wpguerssen-test.odoo.rgbconsulting.com\/wp-content\/uploads\/2022\/04\/Logo_Guerssen_trans_100.png\",\"contentUrl\":\"https:\/\/wpguerssen-test.odoo.rgbconsulting.com\/wp-content\/uploads\/2022\/04\/Logo_Guerssen_trans_100.png\",\"width\":122,\"height\":100,\"caption\":\"Guerssen records\"},\"image\":{\"@id\":\"https:\/\/wpguerssen-test.odoo.rgbconsulting.com\/es\/#\/schema\/logo\/image\/\"}}]}<\/script>\n<!-- \/ Yoast SEO plugin. -->","yoast_head_json":{"title":"KOKO-JEAN & THE TONICS - Love Child (CD) -  (CD) | Guerssen","description":"Koko-Jean & The Tonics' second album modernizes their classic approach by delving into the pure soul sound and the social and musical atmosphere of the 70s. There are essentially danceable songs, like 'The Spin', others that are more romantic and slow-burning, like 'Never Ever', and pieces that transport us to Brooklyn in the 60s and 70s, like the protesting 'Frank's Zone' or the nostalgic 'Love Child'.","robots":{"index":"index","follow":"follow","max-snippet":"max-snippet:-1","max-image-preview":"max-image-preview:large","max-video-preview":"max-video-preview:-1"},"canonical":"https:\/\/wpguerssen-test.odoo.rgbconsulting.com\/es\/producto\/love-child-cd\/","og_locale":"es_ES","og_type":"article","og_title":"KOKO-JEAN & THE TONICS - Love Child (CD) -  (CD) | Guerssen","og_description":"Koko-Jean & The Tonics' second album modernizes their classic approach by delving into the pure soul sound and the social and musical atmosphere of the 70s. There are essentially danceable songs, like 'The Spin', others that are more romantic and slow-burning, like 'Never Ever', and pieces that transport us to Brooklyn in the 60s and 70s, like the protesting 'Frank's Zone' or the nostalgic 'Love Child'.","og_url":"https:\/\/wpguerssen-test.odoo.rgbconsulting.com\/es\/producto\/love-child-cd\/","og_site_name":"Guerssen records","article_modified_time":"2025-04-29T11:36:08+00:00","og_image":[{"width":453,"height":453,"url":"https:\/\/wpguerssen-test.odoo.rgbconsulting.com\/wp-content\/uploads\/2024\/10\/48825.jpg","type":"image\/jpeg"}],"twitter_card":"summary_large_image","twitter_title":"KOKO-JEAN & THE TONICS - Love Child (CD) -  (CD) | Guerssen","schema":{"@context":"https:\/\/schema.org","@graph":[{"@type":"WebPage","@id":"https:\/\/wpguerssen-test.odoo.rgbconsulting.com\/es\/producto\/love-child-cd\/","url":"https:\/\/wpguerssen-test.odoo.rgbconsulting.com\/es\/producto\/love-child-cd\/","name":"KOKO-JEAN & THE TONICS - Love Child (CD) - (CD) | Guerssen","isPartOf":{"@id":"https:\/\/wpguerssen-test.odoo.rgbconsulting.com\/es\/#website"},"primaryImageOfPage":{"@id":"https:\/\/wpguerssen-test.odoo.rgbconsulting.com\/es\/producto\/love-child-cd\/#primaryimage"},"image":{"@id":"https:\/\/wpguerssen-test.odoo.rgbconsulting.com\/es\/producto\/love-child-cd\/#primaryimage"},"thumbnailUrl":"https:\/\/wpguerssen-test.odoo.rgbconsulting.com\/wp-content\/uploads\/2024\/10\/48825.jpg","datePublished":"2025-03-13T23:00:00+00:00","dateModified":"2025-04-29T11:36:08+00:00","description":"Koko-Jean & The Tonics' second album modernizes their classic approach by delving into the pure soul sound and the social and musical atmosphere of the 70s. There are essentially danceable songs, like 'The Spin', others that are more romantic and slow-burning, like 'Never Ever', and pieces that transport us to Brooklyn in the 60s and 70s, like the protesting 'Frank's Zone' or the nostalgic 'Love Child'.","breadcrumb":{"@id":"https:\/\/wpguerssen-test.odoo.rgbconsulting.com\/es\/producto\/love-child-cd\/#breadcrumb"},"inLanguage":"es","potentialAction":[{"@type":"ReadAction","target":["https:\/\/wpguerssen-test.odoo.rgbconsulting.com\/es\/producto\/love-child-cd\/"]}]},{"@type":"ImageObject","inLanguage":"es","@id":"https:\/\/wpguerssen-test.odoo.rgbconsulting.com\/es\/producto\/love-child-cd\/#primaryimage","url":"https:\/\/wpguerssen-test.odoo.rgbconsulting.com\/wp-content\/uploads\/2024\/10\/48825.jpg","contentUrl":"https:\/\/wpguerssen-test.odoo.rgbconsulting.com\/wp-content\/uploads\/2024\/10\/48825.jpg","width":453,"height":453},{"@type":"BreadcrumbList","@id":"https:\/\/wpguerssen-test.odoo.rgbconsulting.com\/es\/producto\/love-child-cd\/#breadcrumb","itemListElement":[{"@type":"ListItem","position":1,"name":"Inicio","item":"https:\/\/wpguerssen-test.odoo.rgbconsulting.com\/es\/"},{"@type":"ListItem","position":2,"name":"Shop","item":"https:\/\/wpguerssen-test.odoo.rgbconsulting.com\/shop\/"},{"@type":"ListItem","position":3,"name":"Love Child (CD)"}]},{"@type":"WebSite","@id":"https:\/\/wpguerssen-test.odoo.rgbconsulting.com\/es\/#website","url":"https:\/\/wpguerssen-test.odoo.rgbconsulting.com\/es\/","name":"Guerssen records","description":"psychedelia - progressive - folk - garage ","publisher":{"@id":"https:\/\/wpguerssen-test.odoo.rgbconsulting.com\/es\/#organization"},"potentialAction":[{"@type":"SearchAction","target":{"@type":"EntryPoint","urlTemplate":"https:\/\/wpguerssen-test.odoo.rgbconsulting.com\/es\/?s={search_term_string}"},"query-input":{"@type":"PropertyValueSpecification","valueRequired":true,"valueName":"search_term_string"}}],"inLanguage":"es"},{"@type":"Organization","@id":"https:\/\/wpguerssen-test.odoo.rgbconsulting.com\/es\/#organization","name":"Guerssen records","url":"https:\/\/wpguerssen-test.odoo.rgbconsulting.com\/es\/","logo":{"@type":"ImageObject","inLanguage":"es","@id":"https:\/\/wpguerssen-test.odoo.rgbconsulting.com\/es\/#\/schema\/logo\/image\/","url":"https:\/\/wpguerssen-test.odoo.rgbconsulting.com\/wp-content\/uploads\/2022\/04\/Logo_Guerssen_trans_100.png","contentUrl":"https:\/\/wpguerssen-test.odoo.rgbconsulting.com\/wp-content\/uploads\/2022\/04\/Logo_Guerssen_trans_100.png","width":122,"height":100,"caption":"Guerssen records"},"image":{"@id":"https:\/\/wpguerssen-test.odoo.rgbconsulting.com\/es\/#\/schema\/logo\/image\/"}}]}},"_links":{"self":[{"href":"https:\/\/wpguerssen-test.odoo.rgbconsulting.com\/es\/wp-json\/wp\/v2\/product\/276268","targetHints":{"allow":["GET"]}}],"collection":[{"href":"https:\/\/wpguerssen-test.odoo.rgbconsulting.com\/es\/wp-json\/wp\/v2\/product"}],"about":[{"href":"https:\/\/wpguerssen-test.odoo.rgbconsulting.com\/es\/wp-json\/wp\/v2\/types\/product"}],"wp:featuredmedia":[{"embeddable":true,"href":"https:\/\/wpguerssen-test.odoo.rgbconsulting.com\/es\/wp-json\/wp\/v2\/media\/276210"}],"wp:attachment":[{"href":"https:\/\/wpguerssen-test.odoo.rgbconsulting.com\/es\/wp-json\/wp\/v2\/media?parent=276268"}],"wp:term":[{"taxonomy":"product_brand","embeddable":true,"href":"https:\/\/wpguerssen-test.odoo.rgbconsulting.com\/es\/wp-json\/wp\/v2\/product_brand?post=276268"},{"taxonomy":"product_cat","embeddable":true,"href":"https:\/\/wpguerssen-test.odoo.rgbconsulting.com\/es\/wp-json\/wp\/v2\/product_cat?post=276268"},{"taxonomy":"product_tag","embeddable":true,"href":"https:\/\/wpguerssen-test.odoo.rgbconsulting.com\/es\/wp-json\/wp\/v2\/product_tag?post=276268"}],"curies":[{"name":"wp","href":"https:\/\/api.w.org\/{rel}","templated":true}]}}