{"id":276380,"date":"2024-10-29T00:00:00","date_gmt":"2024-10-28T23:00:00","guid":{"rendered":"https:\/\/wpguerssen-test.odoo.rgbconsulting.com\/product\/inside-this-empty-house-live-werchter-juy-5th-81\/"},"modified":"2025-01-30T17:10:36","modified_gmt":"2025-01-30T16:10:36","slug":"inside-this-empty-house-live-werchter-juy-5th-81","status":"publish","type":"product","link":"https:\/\/wpguerssen-test.odoo.rgbconsulting.com\/es\/producto\/inside-this-empty-house-live-werchter-juy-5th-81\/","title":{"rendered":"Inside This Empty House: Live Werchter Juy 5th 81"},"content":{"rendered":"<p>La presentaci\u00f3n en vivo de Dire Straits en el Festival Werchter, B\u00e9lgica, el 5 de julio de 1981, mostr\u00f3 la s\u00f3lida maestr\u00eda musical de la banda y el dominio de la guitarra caracter\u00edstico de Mark Knopfler. Su setlist, lleno de cl\u00e1sicos como \u00abTunnel of Love\u00bb, cautiv\u00f3 a la multitud y solidific\u00f3 su lugar en la historia del rock.<br \/>TRACKLIST<br \/>SIDE A Once Upon A Time In The West \/ Skate Away \/ News \/ Private Investigations (Instrumental)<br \/>SIDE B Angel Of Mercy \/ Tunnel Of Love \/ Down To The Waterline.<\/p>\n","protected":false},"excerpt":{"rendered":"<p>La presentaci\u00f3n en vivo de Dire Straits en el Festival Werchter, B\u00e9lgica, el 5 de julio de 1981, mostr\u00f3 la s\u00f3lida maestr\u00eda musical de la banda y el dominio de<a class=\"read\" href=\"https:\/\/wpguerssen-test.odoo.rgbconsulting.com\/es\/producto\/inside-this-empty-house-live-werchter-juy-5th-81\/\"> (...)<\/a>","protected":false},"featured_media":276298,"template":"","meta":{"_acf_changed":false},"product_brand":[],"product_cat":[23234],"product_tag":[],"class_list":{"0":"post-276380","1":"product","2":"type-product","3":"status-publish","4":"has-post-thumbnail","6":"product_cat-pop-rock-es","7":"pa_artist-dire-straits-es","8":"pa_format-lp-es","9":"pa_gender-pop-rock","10":"pa_label-mind-control","11":"pa_location-uk-ireland-es","12":"pa_other-filters-vinyl-only-es","14":"first","15":"instock","16":"taxable","17":"shipping-taxable","18":"purchasable","19":"product-type-simple"},"acf":[],"yoast_head":"<!-- This site is optimized with the Yoast SEO plugin v24.9 - https:\/\/yoast.com\/wordpress\/plugins\/seo\/ -->\n<title>DIRE STRAITS - Inside This Empty House: Live Werchter Juy 5th 81 -  (LP) | Guerssen<\/title>\n<meta name=\"description\" content=\"Dire Straits&#039; live performance at Werchter Festival, Belgium, on July 5th, 1981, showcased the band&#039;s tight musicianship and Mark Knopfler&#039;s signature guitar mastery. Their setlist, filled with classics like &quot;Tunnel of Love&quot; captivated the crowd and solidified their place in rock history.TRACKLISTSIDE A Once Upon A Time In The West \/ Skate Away \/ News \/ Private Investigations (Instrumental)SIDE B Angel Of Mercy \/ Tunnel Of Love \/ Down To The Waterline.\" \/>\n<meta name=\"robots\" content=\"index, follow, max-snippet:-1, max-image-preview:large, max-video-preview:-1\" \/>\n<link rel=\"canonical\" href=\"https:\/\/wpguerssen-test.odoo.rgbconsulting.com\/es\/producto\/inside-this-empty-house-live-werchter-juy-5th-81\/\" \/>\n<meta property=\"og:locale\" content=\"es_ES\" \/>\n<meta property=\"og:type\" content=\"article\" \/>\n<meta property=\"og:title\" content=\"DIRE STRAITS - Inside This Empty House: Live Werchter Juy 5th 81 -  (LP) | Guerssen\" \/>\n<meta property=\"og:description\" content=\"Dire Straits&#039; live performance at Werchter Festival, Belgium, on July 5th, 1981, showcased the band&#039;s tight musicianship and Mark Knopfler&#039;s signature guitar mastery. Their setlist, filled with classics like &quot;Tunnel of Love&quot; captivated the crowd and solidified their place in rock history.TRACKLISTSIDE A Once Upon A Time In The West \/ Skate Away \/ News \/ Private Investigations (Instrumental)SIDE B Angel Of Mercy \/ Tunnel Of Love \/ Down To The Waterline.\" \/>\n<meta property=\"og:url\" content=\"https:\/\/wpguerssen-test.odoo.rgbconsulting.com\/es\/producto\/inside-this-empty-house-live-werchter-juy-5th-81\/\" \/>\n<meta property=\"og:site_name\" content=\"Guerssen records\" \/>\n<meta property=\"article:modified_time\" content=\"2025-01-30T16:10:36+00:00\" \/>\n<meta property=\"og:image\" content=\"https:\/\/wpguerssen-test.odoo.rgbconsulting.com\/wp-content\/uploads\/2024\/10\/48834.jpg\" \/>\n\t<meta property=\"og:image:width\" content=\"243\" \/>\n\t<meta property=\"og:image:height\" content=\"240\" \/>\n\t<meta property=\"og:image:type\" content=\"image\/jpeg\" \/>\n<meta name=\"twitter:card\" content=\"summary_large_image\" \/>\n<meta name=\"twitter:title\" content=\"DIRE STRAITS - Inside This Empty House: Live Werchter Juy 5th 81 -  (LP) | Guerssen\" \/>\n<script type=\"application\/ld+json\" class=\"yoast-schema-graph\">{\"@context\":\"https:\/\/schema.org\",\"@graph\":[{\"@type\":\"WebPage\",\"@id\":\"https:\/\/wpguerssen-test.odoo.rgbconsulting.com\/es\/producto\/inside-this-empty-house-live-werchter-juy-5th-81\/\",\"url\":\"https:\/\/wpguerssen-test.odoo.rgbconsulting.com\/es\/producto\/inside-this-empty-house-live-werchter-juy-5th-81\/\",\"name\":\"DIRE STRAITS - Inside This Empty House: Live Werchter Juy 5th 81 - (LP) | Guerssen\",\"isPartOf\":{\"@id\":\"https:\/\/wpguerssen-test.odoo.rgbconsulting.com\/es\/#website\"},\"primaryImageOfPage\":{\"@id\":\"https:\/\/wpguerssen-test.odoo.rgbconsulting.com\/es\/producto\/inside-this-empty-house-live-werchter-juy-5th-81\/#primaryimage\"},\"image\":{\"@id\":\"https:\/\/wpguerssen-test.odoo.rgbconsulting.com\/es\/producto\/inside-this-empty-house-live-werchter-juy-5th-81\/#primaryimage\"},\"thumbnailUrl\":\"https:\/\/wpguerssen-test.odoo.rgbconsulting.com\/wp-content\/uploads\/2024\/10\/48834.jpg\",\"datePublished\":\"2024-10-28T23:00:00+00:00\",\"dateModified\":\"2025-01-30T16:10:36+00:00\",\"description\":\"Dire Straits' live performance at Werchter Festival, Belgium, on July 5th, 1981, showcased the band's tight musicianship and Mark Knopfler's signature guitar mastery. Their setlist, filled with classics like \\\"Tunnel of Love\\\" captivated the crowd and solidified their place in rock history.TRACKLISTSIDE A Once Upon A Time In The West \/ Skate Away \/ News \/ Private Investigations (Instrumental)SIDE B Angel Of Mercy \/ Tunnel Of Love \/ Down To The Waterline.\",\"breadcrumb\":{\"@id\":\"https:\/\/wpguerssen-test.odoo.rgbconsulting.com\/es\/producto\/inside-this-empty-house-live-werchter-juy-5th-81\/#breadcrumb\"},\"inLanguage\":\"es\",\"potentialAction\":[{\"@type\":\"ReadAction\",\"target\":[\"https:\/\/wpguerssen-test.odoo.rgbconsulting.com\/es\/producto\/inside-this-empty-house-live-werchter-juy-5th-81\/\"]}]},{\"@type\":\"ImageObject\",\"inLanguage\":\"es\",\"@id\":\"https:\/\/wpguerssen-test.odoo.rgbconsulting.com\/es\/producto\/inside-this-empty-house-live-werchter-juy-5th-81\/#primaryimage\",\"url\":\"https:\/\/wpguerssen-test.odoo.rgbconsulting.com\/wp-content\/uploads\/2024\/10\/48834.jpg\",\"contentUrl\":\"https:\/\/wpguerssen-test.odoo.rgbconsulting.com\/wp-content\/uploads\/2024\/10\/48834.jpg\",\"width\":243,\"height\":240},{\"@type\":\"BreadcrumbList\",\"@id\":\"https:\/\/wpguerssen-test.odoo.rgbconsulting.com\/es\/producto\/inside-this-empty-house-live-werchter-juy-5th-81\/#breadcrumb\",\"itemListElement\":[{\"@type\":\"ListItem\",\"position\":1,\"name\":\"Inicio\",\"item\":\"https:\/\/wpguerssen-test.odoo.rgbconsulting.com\/es\/\"},{\"@type\":\"ListItem\",\"position\":2,\"name\":\"Shop\",\"item\":\"https:\/\/wpguerssen-test.odoo.rgbconsulting.com\/shop\/\"},{\"@type\":\"ListItem\",\"position\":3,\"name\":\"Inside This Empty House: Live Werchter Juy 5th 81\"}]},{\"@type\":\"WebSite\",\"@id\":\"https:\/\/wpguerssen-test.odoo.rgbconsulting.com\/es\/#website\",\"url\":\"https:\/\/wpguerssen-test.odoo.rgbconsulting.com\/es\/\",\"name\":\"Guerssen records\",\"description\":\"psychedelia - progressive - folk - garage \",\"publisher\":{\"@id\":\"https:\/\/wpguerssen-test.odoo.rgbconsulting.com\/es\/#organization\"},\"potentialAction\":[{\"@type\":\"SearchAction\",\"target\":{\"@type\":\"EntryPoint\",\"urlTemplate\":\"https:\/\/wpguerssen-test.odoo.rgbconsulting.com\/es\/?s={search_term_string}\"},\"query-input\":{\"@type\":\"PropertyValueSpecification\",\"valueRequired\":true,\"valueName\":\"search_term_string\"}}],\"inLanguage\":\"es\"},{\"@type\":\"Organization\",\"@id\":\"https:\/\/wpguerssen-test.odoo.rgbconsulting.com\/es\/#organization\",\"name\":\"Guerssen records\",\"url\":\"https:\/\/wpguerssen-test.odoo.rgbconsulting.com\/es\/\",\"logo\":{\"@type\":\"ImageObject\",\"inLanguage\":\"es\",\"@id\":\"https:\/\/wpguerssen-test.odoo.rgbconsulting.com\/es\/#\/schema\/logo\/image\/\",\"url\":\"https:\/\/wpguerssen-test.odoo.rgbconsulting.com\/wp-content\/uploads\/2022\/04\/Logo_Guerssen_trans_100.png\",\"contentUrl\":\"https:\/\/wpguerssen-test.odoo.rgbconsulting.com\/wp-content\/uploads\/2022\/04\/Logo_Guerssen_trans_100.png\",\"width\":122,\"height\":100,\"caption\":\"Guerssen records\"},\"image\":{\"@id\":\"https:\/\/wpguerssen-test.odoo.rgbconsulting.com\/es\/#\/schema\/logo\/image\/\"}}]}<\/script>\n<!-- \/ Yoast SEO plugin. -->","yoast_head_json":{"title":"DIRE STRAITS - Inside This Empty House: Live Werchter Juy 5th 81 -  (LP) | Guerssen","description":"Dire Straits' live performance at Werchter Festival, Belgium, on July 5th, 1981, showcased the band's tight musicianship and Mark Knopfler's signature guitar mastery. Their setlist, filled with classics like \"Tunnel of Love\" captivated the crowd and solidified their place in rock history.TRACKLISTSIDE A Once Upon A Time In The West \/ Skate Away \/ News \/ Private Investigations (Instrumental)SIDE B Angel Of Mercy \/ Tunnel Of Love \/ Down To The Waterline.","robots":{"index":"index","follow":"follow","max-snippet":"max-snippet:-1","max-image-preview":"max-image-preview:large","max-video-preview":"max-video-preview:-1"},"canonical":"https:\/\/wpguerssen-test.odoo.rgbconsulting.com\/es\/producto\/inside-this-empty-house-live-werchter-juy-5th-81\/","og_locale":"es_ES","og_type":"article","og_title":"DIRE STRAITS - Inside This Empty House: Live Werchter Juy 5th 81 -  (LP) | Guerssen","og_description":"Dire Straits' live performance at Werchter Festival, Belgium, on July 5th, 1981, showcased the band's tight musicianship and Mark Knopfler's signature guitar mastery. Their setlist, filled with classics like \"Tunnel of Love\" captivated the crowd and solidified their place in rock history.TRACKLISTSIDE A Once Upon A Time In The West \/ Skate Away \/ News \/ Private Investigations (Instrumental)SIDE B Angel Of Mercy \/ Tunnel Of Love \/ Down To The Waterline.","og_url":"https:\/\/wpguerssen-test.odoo.rgbconsulting.com\/es\/producto\/inside-this-empty-house-live-werchter-juy-5th-81\/","og_site_name":"Guerssen records","article_modified_time":"2025-01-30T16:10:36+00:00","og_image":[{"width":243,"height":240,"url":"https:\/\/wpguerssen-test.odoo.rgbconsulting.com\/wp-content\/uploads\/2024\/10\/48834.jpg","type":"image\/jpeg"}],"twitter_card":"summary_large_image","twitter_title":"DIRE STRAITS - Inside This Empty House: Live Werchter Juy 5th 81 -  (LP) | Guerssen","schema":{"@context":"https:\/\/schema.org","@graph":[{"@type":"WebPage","@id":"https:\/\/wpguerssen-test.odoo.rgbconsulting.com\/es\/producto\/inside-this-empty-house-live-werchter-juy-5th-81\/","url":"https:\/\/wpguerssen-test.odoo.rgbconsulting.com\/es\/producto\/inside-this-empty-house-live-werchter-juy-5th-81\/","name":"DIRE STRAITS - Inside This Empty House: Live Werchter Juy 5th 81 - (LP) | Guerssen","isPartOf":{"@id":"https:\/\/wpguerssen-test.odoo.rgbconsulting.com\/es\/#website"},"primaryImageOfPage":{"@id":"https:\/\/wpguerssen-test.odoo.rgbconsulting.com\/es\/producto\/inside-this-empty-house-live-werchter-juy-5th-81\/#primaryimage"},"image":{"@id":"https:\/\/wpguerssen-test.odoo.rgbconsulting.com\/es\/producto\/inside-this-empty-house-live-werchter-juy-5th-81\/#primaryimage"},"thumbnailUrl":"https:\/\/wpguerssen-test.odoo.rgbconsulting.com\/wp-content\/uploads\/2024\/10\/48834.jpg","datePublished":"2024-10-28T23:00:00+00:00","dateModified":"2025-01-30T16:10:36+00:00","description":"Dire Straits' live performance at Werchter Festival, Belgium, on July 5th, 1981, showcased the band's tight musicianship and Mark Knopfler's signature guitar mastery. Their setlist, filled with classics like \"Tunnel of Love\" captivated the crowd and solidified their place in rock history.TRACKLISTSIDE A Once Upon A Time In The West \/ Skate Away \/ News \/ Private Investigations (Instrumental)SIDE B Angel Of Mercy \/ Tunnel Of Love \/ Down To The Waterline.","breadcrumb":{"@id":"https:\/\/wpguerssen-test.odoo.rgbconsulting.com\/es\/producto\/inside-this-empty-house-live-werchter-juy-5th-81\/#breadcrumb"},"inLanguage":"es","potentialAction":[{"@type":"ReadAction","target":["https:\/\/wpguerssen-test.odoo.rgbconsulting.com\/es\/producto\/inside-this-empty-house-live-werchter-juy-5th-81\/"]}]},{"@type":"ImageObject","inLanguage":"es","@id":"https:\/\/wpguerssen-test.odoo.rgbconsulting.com\/es\/producto\/inside-this-empty-house-live-werchter-juy-5th-81\/#primaryimage","url":"https:\/\/wpguerssen-test.odoo.rgbconsulting.com\/wp-content\/uploads\/2024\/10\/48834.jpg","contentUrl":"https:\/\/wpguerssen-test.odoo.rgbconsulting.com\/wp-content\/uploads\/2024\/10\/48834.jpg","width":243,"height":240},{"@type":"BreadcrumbList","@id":"https:\/\/wpguerssen-test.odoo.rgbconsulting.com\/es\/producto\/inside-this-empty-house-live-werchter-juy-5th-81\/#breadcrumb","itemListElement":[{"@type":"ListItem","position":1,"name":"Inicio","item":"https:\/\/wpguerssen-test.odoo.rgbconsulting.com\/es\/"},{"@type":"ListItem","position":2,"name":"Shop","item":"https:\/\/wpguerssen-test.odoo.rgbconsulting.com\/shop\/"},{"@type":"ListItem","position":3,"name":"Inside This Empty House: Live Werchter Juy 5th 81"}]},{"@type":"WebSite","@id":"https:\/\/wpguerssen-test.odoo.rgbconsulting.com\/es\/#website","url":"https:\/\/wpguerssen-test.odoo.rgbconsulting.com\/es\/","name":"Guerssen records","description":"psychedelia - progressive - folk - garage ","publisher":{"@id":"https:\/\/wpguerssen-test.odoo.rgbconsulting.com\/es\/#organization"},"potentialAction":[{"@type":"SearchAction","target":{"@type":"EntryPoint","urlTemplate":"https:\/\/wpguerssen-test.odoo.rgbconsulting.com\/es\/?s={search_term_string}"},"query-input":{"@type":"PropertyValueSpecification","valueRequired":true,"valueName":"search_term_string"}}],"inLanguage":"es"},{"@type":"Organization","@id":"https:\/\/wpguerssen-test.odoo.rgbconsulting.com\/es\/#organization","name":"Guerssen records","url":"https:\/\/wpguerssen-test.odoo.rgbconsulting.com\/es\/","logo":{"@type":"ImageObject","inLanguage":"es","@id":"https:\/\/wpguerssen-test.odoo.rgbconsulting.com\/es\/#\/schema\/logo\/image\/","url":"https:\/\/wpguerssen-test.odoo.rgbconsulting.com\/wp-content\/uploads\/2022\/04\/Logo_Guerssen_trans_100.png","contentUrl":"https:\/\/wpguerssen-test.odoo.rgbconsulting.com\/wp-content\/uploads\/2022\/04\/Logo_Guerssen_trans_100.png","width":122,"height":100,"caption":"Guerssen records"},"image":{"@id":"https:\/\/wpguerssen-test.odoo.rgbconsulting.com\/es\/#\/schema\/logo\/image\/"}}]}},"_links":{"self":[{"href":"https:\/\/wpguerssen-test.odoo.rgbconsulting.com\/es\/wp-json\/wp\/v2\/product\/276380","targetHints":{"allow":["GET"]}}],"collection":[{"href":"https:\/\/wpguerssen-test.odoo.rgbconsulting.com\/es\/wp-json\/wp\/v2\/product"}],"about":[{"href":"https:\/\/wpguerssen-test.odoo.rgbconsulting.com\/es\/wp-json\/wp\/v2\/types\/product"}],"wp:featuredmedia":[{"embeddable":true,"href":"https:\/\/wpguerssen-test.odoo.rgbconsulting.com\/es\/wp-json\/wp\/v2\/media\/276298"}],"wp:attachment":[{"href":"https:\/\/wpguerssen-test.odoo.rgbconsulting.com\/es\/wp-json\/wp\/v2\/media?parent=276380"}],"wp:term":[{"taxonomy":"product_brand","embeddable":true,"href":"https:\/\/wpguerssen-test.odoo.rgbconsulting.com\/es\/wp-json\/wp\/v2\/product_brand?post=276380"},{"taxonomy":"product_cat","embeddable":true,"href":"https:\/\/wpguerssen-test.odoo.rgbconsulting.com\/es\/wp-json\/wp\/v2\/product_cat?post=276380"},{"taxonomy":"product_tag","embeddable":true,"href":"https:\/\/wpguerssen-test.odoo.rgbconsulting.com\/es\/wp-json\/wp\/v2\/product_tag?post=276380"}],"curies":[{"name":"wp","href":"https:\/\/api.w.org\/{rel}","templated":true}]}}