{"id":276387,"date":"2024-10-29T00:00:00","date_gmt":"2024-10-28T23:00:00","guid":{"rendered":"https:\/\/wpguerssen-test.odoo.rgbconsulting.com\/product\/live-at-the-1963-monterrey-jazz-festival-clear\/"},"modified":"2025-01-30T17:10:50","modified_gmt":"2025-01-30T16:10:50","slug":"live-at-the-1963-monterrey-jazz-festival-clear","status":"publish","type":"product","link":"https:\/\/wpguerssen-test.odoo.rgbconsulting.com\/es\/producto\/live-at-the-1963-monterrey-jazz-festival-clear\/","title":{"rendered":"Live At The 1963 Monterrey Jazz Festival  (Clear)"},"content":{"rendered":"<p>Grabado el 20 de septiembre de 1963 en el Festival de Jazz de Monterey, este set cont\u00f3 con el nuevo quinteto de Miles Davis, con George Coleman, Herbie Hancock, Ron Carter y Tony Williams. Este grupo, menos Coleman y con la incorporaci\u00f3n de Wayne Shorter, pronto har\u00eda algunos de los LP de jazz m\u00e1s respetados de todos los tiempos. Este set para presenta una maravillosa interpretaci\u00f3n de \u00abSo What\u00bb, entre otros. Cl\u00e1sico imprescindible del jazz en directo.<\/p>\n","protected":false},"excerpt":{"rendered":"<p>Grabado el 20 de septiembre de 1963 en el Festival de Jazz de Monterey, este set cont\u00f3 con el nuevo quinteto de Miles Davis, con George Coleman, Herbie Hancock, Ron<a class=\"read\" href=\"https:\/\/wpguerssen-test.odoo.rgbconsulting.com\/es\/producto\/live-at-the-1963-monterrey-jazz-festival-clear\/\"> (...)<\/a>","protected":false},"featured_media":276319,"template":"","meta":{"_acf_changed":false},"product_brand":[],"product_cat":[23227],"product_tag":[29140],"class_list":{"0":"post-276387","1":"product","2":"type-product","3":"status-publish","4":"has-post-thumbnail","6":"product_cat-jazz-es","7":"product_tag-color-vinyl-es","8":"pa_artist-miles-davis-quintet","9":"pa_format-lp-es","10":"pa_gender-jazz","11":"pa_label-destination-moon","12":"pa_location-north-america-es","13":"pa_other-filters-vinyl-only-es","15":"first","16":"instock","17":"taxable","18":"shipping-taxable","19":"purchasable","20":"product-type-simple"},"acf":[],"yoast_head":"<!-- This site is optimized with the Yoast SEO plugin v24.9 - https:\/\/yoast.com\/wordpress\/plugins\/seo\/ -->\n<title>MILES DAVIS QUINTET - Live At The 1963 Monterrey Jazz Festival (Clear) -  (LP) | Guerssen<\/title>\n<meta name=\"description\" content=\"Recorded September 20, 1963, at the Monterey Jazz Festival, this set featured Miles Davis&#039;s new quintet, with George Coleman, Herbie Hancock, Ron Carter, and Tony Williams. This group, minus Coleman and with the addition of Wayne Shorter, would soon go on to make some of the most highly regarded jazz LPs of all time. This smoking set features a wonderful rendition of &quot;So What&quot;, among others. Essential live jazz classic.\" \/>\n<meta name=\"robots\" content=\"index, follow, max-snippet:-1, max-image-preview:large, max-video-preview:-1\" \/>\n<link rel=\"canonical\" href=\"https:\/\/wpguerssen-test.odoo.rgbconsulting.com\/es\/producto\/live-at-the-1963-monterrey-jazz-festival-clear\/\" \/>\n<meta property=\"og:locale\" content=\"es_ES\" \/>\n<meta property=\"og:type\" content=\"article\" \/>\n<meta property=\"og:title\" content=\"MILES DAVIS QUINTET - Live At The 1963 Monterrey Jazz Festival (Clear) -  (LP) | Guerssen\" \/>\n<meta property=\"og:description\" content=\"Recorded September 20, 1963, at the Monterey Jazz Festival, this set featured Miles Davis&#039;s new quintet, with George Coleman, Herbie Hancock, Ron Carter, and Tony Williams. This group, minus Coleman and with the addition of Wayne Shorter, would soon go on to make some of the most highly regarded jazz LPs of all time. This smoking set features a wonderful rendition of &quot;So What&quot;, among others. Essential live jazz classic.\" \/>\n<meta property=\"og:url\" content=\"https:\/\/wpguerssen-test.odoo.rgbconsulting.com\/es\/producto\/live-at-the-1963-monterrey-jazz-festival-clear\/\" \/>\n<meta property=\"og:site_name\" content=\"Guerssen records\" \/>\n<meta property=\"article:modified_time\" content=\"2025-01-30T16:10:50+00:00\" \/>\n<meta property=\"og:image\" content=\"https:\/\/wpguerssen-test.odoo.rgbconsulting.com\/wp-content\/uploads\/2024\/10\/48841.jpg\" \/>\n\t<meta property=\"og:image:width\" content=\"243\" \/>\n\t<meta property=\"og:image:height\" content=\"243\" \/>\n\t<meta property=\"og:image:type\" content=\"image\/jpeg\" \/>\n<meta name=\"twitter:card\" content=\"summary_large_image\" \/>\n<meta name=\"twitter:title\" content=\"MILES DAVIS QUINTET - Live At The 1963 Monterrey Jazz Festival (Clear) -  (LP) | Guerssen\" \/>\n<script type=\"application\/ld+json\" class=\"yoast-schema-graph\">{\"@context\":\"https:\/\/schema.org\",\"@graph\":[{\"@type\":\"WebPage\",\"@id\":\"https:\/\/wpguerssen-test.odoo.rgbconsulting.com\/es\/producto\/live-at-the-1963-monterrey-jazz-festival-clear\/\",\"url\":\"https:\/\/wpguerssen-test.odoo.rgbconsulting.com\/es\/producto\/live-at-the-1963-monterrey-jazz-festival-clear\/\",\"name\":\"MILES DAVIS QUINTET - Live At The 1963 Monterrey Jazz Festival (Clear) - (LP) | Guerssen\",\"isPartOf\":{\"@id\":\"https:\/\/wpguerssen-test.odoo.rgbconsulting.com\/es\/#website\"},\"primaryImageOfPage\":{\"@id\":\"https:\/\/wpguerssen-test.odoo.rgbconsulting.com\/es\/producto\/live-at-the-1963-monterrey-jazz-festival-clear\/#primaryimage\"},\"image\":{\"@id\":\"https:\/\/wpguerssen-test.odoo.rgbconsulting.com\/es\/producto\/live-at-the-1963-monterrey-jazz-festival-clear\/#primaryimage\"},\"thumbnailUrl\":\"https:\/\/wpguerssen-test.odoo.rgbconsulting.com\/wp-content\/uploads\/2024\/10\/48841.jpg\",\"datePublished\":\"2024-10-28T23:00:00+00:00\",\"dateModified\":\"2025-01-30T16:10:50+00:00\",\"description\":\"Recorded September 20, 1963, at the Monterey Jazz Festival, this set featured Miles Davis's new quintet, with George Coleman, Herbie Hancock, Ron Carter, and Tony Williams. This group, minus Coleman and with the addition of Wayne Shorter, would soon go on to make some of the most highly regarded jazz LPs of all time. This smoking set features a wonderful rendition of \\\"So What\\\", among others. Essential live jazz classic.\",\"breadcrumb\":{\"@id\":\"https:\/\/wpguerssen-test.odoo.rgbconsulting.com\/es\/producto\/live-at-the-1963-monterrey-jazz-festival-clear\/#breadcrumb\"},\"inLanguage\":\"es\",\"potentialAction\":[{\"@type\":\"ReadAction\",\"target\":[\"https:\/\/wpguerssen-test.odoo.rgbconsulting.com\/es\/producto\/live-at-the-1963-monterrey-jazz-festival-clear\/\"]}]},{\"@type\":\"ImageObject\",\"inLanguage\":\"es\",\"@id\":\"https:\/\/wpguerssen-test.odoo.rgbconsulting.com\/es\/producto\/live-at-the-1963-monterrey-jazz-festival-clear\/#primaryimage\",\"url\":\"https:\/\/wpguerssen-test.odoo.rgbconsulting.com\/wp-content\/uploads\/2024\/10\/48841.jpg\",\"contentUrl\":\"https:\/\/wpguerssen-test.odoo.rgbconsulting.com\/wp-content\/uploads\/2024\/10\/48841.jpg\",\"width\":243,\"height\":243},{\"@type\":\"BreadcrumbList\",\"@id\":\"https:\/\/wpguerssen-test.odoo.rgbconsulting.com\/es\/producto\/live-at-the-1963-monterrey-jazz-festival-clear\/#breadcrumb\",\"itemListElement\":[{\"@type\":\"ListItem\",\"position\":1,\"name\":\"Inicio\",\"item\":\"https:\/\/wpguerssen-test.odoo.rgbconsulting.com\/es\/\"},{\"@type\":\"ListItem\",\"position\":2,\"name\":\"Shop\",\"item\":\"https:\/\/wpguerssen-test.odoo.rgbconsulting.com\/shop\/\"},{\"@type\":\"ListItem\",\"position\":3,\"name\":\"Live At The 1963 Monterrey Jazz Festival (Clear)\"}]},{\"@type\":\"WebSite\",\"@id\":\"https:\/\/wpguerssen-test.odoo.rgbconsulting.com\/es\/#website\",\"url\":\"https:\/\/wpguerssen-test.odoo.rgbconsulting.com\/es\/\",\"name\":\"Guerssen records\",\"description\":\"psychedelia - progressive - folk - garage \",\"publisher\":{\"@id\":\"https:\/\/wpguerssen-test.odoo.rgbconsulting.com\/es\/#organization\"},\"potentialAction\":[{\"@type\":\"SearchAction\",\"target\":{\"@type\":\"EntryPoint\",\"urlTemplate\":\"https:\/\/wpguerssen-test.odoo.rgbconsulting.com\/es\/?s={search_term_string}\"},\"query-input\":{\"@type\":\"PropertyValueSpecification\",\"valueRequired\":true,\"valueName\":\"search_term_string\"}}],\"inLanguage\":\"es\"},{\"@type\":\"Organization\",\"@id\":\"https:\/\/wpguerssen-test.odoo.rgbconsulting.com\/es\/#organization\",\"name\":\"Guerssen records\",\"url\":\"https:\/\/wpguerssen-test.odoo.rgbconsulting.com\/es\/\",\"logo\":{\"@type\":\"ImageObject\",\"inLanguage\":\"es\",\"@id\":\"https:\/\/wpguerssen-test.odoo.rgbconsulting.com\/es\/#\/schema\/logo\/image\/\",\"url\":\"https:\/\/wpguerssen-test.odoo.rgbconsulting.com\/wp-content\/uploads\/2022\/04\/Logo_Guerssen_trans_100.png\",\"contentUrl\":\"https:\/\/wpguerssen-test.odoo.rgbconsulting.com\/wp-content\/uploads\/2022\/04\/Logo_Guerssen_trans_100.png\",\"width\":122,\"height\":100,\"caption\":\"Guerssen records\"},\"image\":{\"@id\":\"https:\/\/wpguerssen-test.odoo.rgbconsulting.com\/es\/#\/schema\/logo\/image\/\"}}]}<\/script>\n<!-- \/ Yoast SEO plugin. -->","yoast_head_json":{"title":"MILES DAVIS QUINTET - Live At The 1963 Monterrey Jazz Festival (Clear) -  (LP) | Guerssen","description":"Recorded September 20, 1963, at the Monterey Jazz Festival, this set featured Miles Davis's new quintet, with George Coleman, Herbie Hancock, Ron Carter, and Tony Williams. This group, minus Coleman and with the addition of Wayne Shorter, would soon go on to make some of the most highly regarded jazz LPs of all time. This smoking set features a wonderful rendition of \"So What\", among others. Essential live jazz classic.","robots":{"index":"index","follow":"follow","max-snippet":"max-snippet:-1","max-image-preview":"max-image-preview:large","max-video-preview":"max-video-preview:-1"},"canonical":"https:\/\/wpguerssen-test.odoo.rgbconsulting.com\/es\/producto\/live-at-the-1963-monterrey-jazz-festival-clear\/","og_locale":"es_ES","og_type":"article","og_title":"MILES DAVIS QUINTET - Live At The 1963 Monterrey Jazz Festival (Clear) -  (LP) | Guerssen","og_description":"Recorded September 20, 1963, at the Monterey Jazz Festival, this set featured Miles Davis's new quintet, with George Coleman, Herbie Hancock, Ron Carter, and Tony Williams. This group, minus Coleman and with the addition of Wayne Shorter, would soon go on to make some of the most highly regarded jazz LPs of all time. This smoking set features a wonderful rendition of \"So What\", among others. Essential live jazz classic.","og_url":"https:\/\/wpguerssen-test.odoo.rgbconsulting.com\/es\/producto\/live-at-the-1963-monterrey-jazz-festival-clear\/","og_site_name":"Guerssen records","article_modified_time":"2025-01-30T16:10:50+00:00","og_image":[{"width":243,"height":243,"url":"https:\/\/wpguerssen-test.odoo.rgbconsulting.com\/wp-content\/uploads\/2024\/10\/48841.jpg","type":"image\/jpeg"}],"twitter_card":"summary_large_image","twitter_title":"MILES DAVIS QUINTET - Live At The 1963 Monterrey Jazz Festival (Clear) -  (LP) | Guerssen","schema":{"@context":"https:\/\/schema.org","@graph":[{"@type":"WebPage","@id":"https:\/\/wpguerssen-test.odoo.rgbconsulting.com\/es\/producto\/live-at-the-1963-monterrey-jazz-festival-clear\/","url":"https:\/\/wpguerssen-test.odoo.rgbconsulting.com\/es\/producto\/live-at-the-1963-monterrey-jazz-festival-clear\/","name":"MILES DAVIS QUINTET - Live At The 1963 Monterrey Jazz Festival (Clear) - (LP) | Guerssen","isPartOf":{"@id":"https:\/\/wpguerssen-test.odoo.rgbconsulting.com\/es\/#website"},"primaryImageOfPage":{"@id":"https:\/\/wpguerssen-test.odoo.rgbconsulting.com\/es\/producto\/live-at-the-1963-monterrey-jazz-festival-clear\/#primaryimage"},"image":{"@id":"https:\/\/wpguerssen-test.odoo.rgbconsulting.com\/es\/producto\/live-at-the-1963-monterrey-jazz-festival-clear\/#primaryimage"},"thumbnailUrl":"https:\/\/wpguerssen-test.odoo.rgbconsulting.com\/wp-content\/uploads\/2024\/10\/48841.jpg","datePublished":"2024-10-28T23:00:00+00:00","dateModified":"2025-01-30T16:10:50+00:00","description":"Recorded September 20, 1963, at the Monterey Jazz Festival, this set featured Miles Davis's new quintet, with George Coleman, Herbie Hancock, Ron Carter, and Tony Williams. This group, minus Coleman and with the addition of Wayne Shorter, would soon go on to make some of the most highly regarded jazz LPs of all time. This smoking set features a wonderful rendition of \"So What\", among others. Essential live jazz classic.","breadcrumb":{"@id":"https:\/\/wpguerssen-test.odoo.rgbconsulting.com\/es\/producto\/live-at-the-1963-monterrey-jazz-festival-clear\/#breadcrumb"},"inLanguage":"es","potentialAction":[{"@type":"ReadAction","target":["https:\/\/wpguerssen-test.odoo.rgbconsulting.com\/es\/producto\/live-at-the-1963-monterrey-jazz-festival-clear\/"]}]},{"@type":"ImageObject","inLanguage":"es","@id":"https:\/\/wpguerssen-test.odoo.rgbconsulting.com\/es\/producto\/live-at-the-1963-monterrey-jazz-festival-clear\/#primaryimage","url":"https:\/\/wpguerssen-test.odoo.rgbconsulting.com\/wp-content\/uploads\/2024\/10\/48841.jpg","contentUrl":"https:\/\/wpguerssen-test.odoo.rgbconsulting.com\/wp-content\/uploads\/2024\/10\/48841.jpg","width":243,"height":243},{"@type":"BreadcrumbList","@id":"https:\/\/wpguerssen-test.odoo.rgbconsulting.com\/es\/producto\/live-at-the-1963-monterrey-jazz-festival-clear\/#breadcrumb","itemListElement":[{"@type":"ListItem","position":1,"name":"Inicio","item":"https:\/\/wpguerssen-test.odoo.rgbconsulting.com\/es\/"},{"@type":"ListItem","position":2,"name":"Shop","item":"https:\/\/wpguerssen-test.odoo.rgbconsulting.com\/shop\/"},{"@type":"ListItem","position":3,"name":"Live At The 1963 Monterrey Jazz Festival (Clear)"}]},{"@type":"WebSite","@id":"https:\/\/wpguerssen-test.odoo.rgbconsulting.com\/es\/#website","url":"https:\/\/wpguerssen-test.odoo.rgbconsulting.com\/es\/","name":"Guerssen records","description":"psychedelia - progressive - folk - garage ","publisher":{"@id":"https:\/\/wpguerssen-test.odoo.rgbconsulting.com\/es\/#organization"},"potentialAction":[{"@type":"SearchAction","target":{"@type":"EntryPoint","urlTemplate":"https:\/\/wpguerssen-test.odoo.rgbconsulting.com\/es\/?s={search_term_string}"},"query-input":{"@type":"PropertyValueSpecification","valueRequired":true,"valueName":"search_term_string"}}],"inLanguage":"es"},{"@type":"Organization","@id":"https:\/\/wpguerssen-test.odoo.rgbconsulting.com\/es\/#organization","name":"Guerssen records","url":"https:\/\/wpguerssen-test.odoo.rgbconsulting.com\/es\/","logo":{"@type":"ImageObject","inLanguage":"es","@id":"https:\/\/wpguerssen-test.odoo.rgbconsulting.com\/es\/#\/schema\/logo\/image\/","url":"https:\/\/wpguerssen-test.odoo.rgbconsulting.com\/wp-content\/uploads\/2022\/04\/Logo_Guerssen_trans_100.png","contentUrl":"https:\/\/wpguerssen-test.odoo.rgbconsulting.com\/wp-content\/uploads\/2022\/04\/Logo_Guerssen_trans_100.png","width":122,"height":100,"caption":"Guerssen records"},"image":{"@id":"https:\/\/wpguerssen-test.odoo.rgbconsulting.com\/es\/#\/schema\/logo\/image\/"}}]}},"_links":{"self":[{"href":"https:\/\/wpguerssen-test.odoo.rgbconsulting.com\/es\/wp-json\/wp\/v2\/product\/276387","targetHints":{"allow":["GET"]}}],"collection":[{"href":"https:\/\/wpguerssen-test.odoo.rgbconsulting.com\/es\/wp-json\/wp\/v2\/product"}],"about":[{"href":"https:\/\/wpguerssen-test.odoo.rgbconsulting.com\/es\/wp-json\/wp\/v2\/types\/product"}],"wp:featuredmedia":[{"embeddable":true,"href":"https:\/\/wpguerssen-test.odoo.rgbconsulting.com\/es\/wp-json\/wp\/v2\/media\/276319"}],"wp:attachment":[{"href":"https:\/\/wpguerssen-test.odoo.rgbconsulting.com\/es\/wp-json\/wp\/v2\/media?parent=276387"}],"wp:term":[{"taxonomy":"product_brand","embeddable":true,"href":"https:\/\/wpguerssen-test.odoo.rgbconsulting.com\/es\/wp-json\/wp\/v2\/product_brand?post=276387"},{"taxonomy":"product_cat","embeddable":true,"href":"https:\/\/wpguerssen-test.odoo.rgbconsulting.com\/es\/wp-json\/wp\/v2\/product_cat?post=276387"},{"taxonomy":"product_tag","embeddable":true,"href":"https:\/\/wpguerssen-test.odoo.rgbconsulting.com\/es\/wp-json\/wp\/v2\/product_tag?post=276387"}],"curies":[{"name":"wp","href":"https:\/\/api.w.org\/{rel}","templated":true}]}}