{"id":276388,"date":"2025-02-03T00:00:00","date_gmt":"2025-02-02T23:00:00","guid":{"rendered":"https:\/\/wpguerssen-test.odoo.rgbconsulting.com\/product\/stepping-tiger\/"},"modified":"2025-04-16T18:22:23","modified_gmt":"2025-04-16T16:22:23","slug":"stepping-tiger","status":"publish","type":"product","link":"https:\/\/wpguerssen-test.odoo.rgbconsulting.com\/es\/producto\/stepping-tiger\/","title":{"rendered":"Stepping Tiger"},"content":{"rendered":"<p>Una reedici\u00f3n muy bienvenida de este raro \u00e1lbum de Jackie Mittoo, lanzado originalmente en 1979 con un sello desconocido, Rite Sound inc. El lanzamiento original se vendi\u00f3 sin cubierta (\u00bfquiz\u00e1s un lanzamiento solo promocional?), agregando una vibra misteriosa a todo el asunto. El sonido dubby intensivo en efectos del \u00e1lbum se extiende desde &#8216;Russian Satelite&#8217; hasta toda la cara A, siendo &#8216;Harder Than The Rest&#8217;, &#8216;Stepping Tiger&#8217; y &#8216;World Of Love&#8217; un excelente tr\u00edptico destacado. La emoci\u00f3n de los locos teclados de Jackie entrelazados con el sonido dub flotante como un espacio celestial est\u00e1 m\u00e1s all\u00e1 de toda descripci\u00f3n. El espacio es el lugar.<\/p>\n","protected":false},"excerpt":{"rendered":"<p>Una reedici\u00f3n muy bienvenida de este raro \u00e1lbum de Jackie Mittoo, lanzado originalmente en 1979 con un sello desconocido, Rite Sound inc. El lanzamiento original<a class=\"read\" href=\"https:\/\/wpguerssen-test.odoo.rgbconsulting.com\/es\/producto\/stepping-tiger\/\"> (...)<\/a>","protected":false},"featured_media":276322,"template":"","meta":{"_acf_changed":false},"product_brand":[],"product_cat":[21666],"product_tag":[24185],"class_list":{"0":"post-276388","1":"product","2":"type-product","3":"status-publish","4":"has-post-thumbnail","6":"product_cat-reggae-ska-dub-es","7":"product_tag-de-nuevo-en-existencia","8":"pa_artist-mittoo-jackie","9":"pa_format-lp-es","10":"pa_gender-reggae-ska-dub","11":"pa_label-solid-roots","12":"pa_location-south-america-caribbean-es","13":"pa_other-filters-vinyl-only-es","15":"first","16":"instock","17":"taxable","18":"shipping-taxable","19":"purchasable","20":"product-type-simple"},"acf":[],"yoast_head":"<!-- This site is optimized with the Yoast SEO plugin v24.9 - https:\/\/yoast.com\/wordpress\/plugins\/seo\/ -->\n<title>MITTOO, Jackie - Stepping Tiger -  (LP) | Guerssen<\/title>\n<meta name=\"description\" content=\"A very welcomed reissue for this rare Jackie Mittoo album, originally released in 1979 on unknown label, Rite Sound inc. The original release was sold without a jacket (maybe a promo only release ?), adding a mysterious vibe to the whole thing. The dubby effects-intensive sound of the album extends from &#039;Russian Satelite&#039; to the whole side A, with &#039;Harder Than The Rest&#039;, &#039;Stepping Tiger&#039; and &#039;World Of Love&#039; being an excellent triptych of note. The thrill of Jackie&#039;s crazy keyboards intertwining with the floating dub sound like a heavenly space is beyond description. Space is the place.\" \/>\n<meta name=\"robots\" content=\"index, follow, max-snippet:-1, max-image-preview:large, max-video-preview:-1\" \/>\n<link rel=\"canonical\" href=\"https:\/\/wpguerssen-test.odoo.rgbconsulting.com\/es\/producto\/stepping-tiger\/\" \/>\n<meta property=\"og:locale\" content=\"es_ES\" \/>\n<meta property=\"og:type\" content=\"article\" \/>\n<meta property=\"og:title\" content=\"MITTOO, Jackie - Stepping Tiger -  (LP) | Guerssen\" \/>\n<meta property=\"og:description\" content=\"A very welcomed reissue for this rare Jackie Mittoo album, originally released in 1979 on unknown label, Rite Sound inc. The original release was sold without a jacket (maybe a promo only release ?), adding a mysterious vibe to the whole thing. The dubby effects-intensive sound of the album extends from &#039;Russian Satelite&#039; to the whole side A, with &#039;Harder Than The Rest&#039;, &#039;Stepping Tiger&#039; and &#039;World Of Love&#039; being an excellent triptych of note. The thrill of Jackie&#039;s crazy keyboards intertwining with the floating dub sound like a heavenly space is beyond description. Space is the place.\" \/>\n<meta property=\"og:url\" content=\"https:\/\/wpguerssen-test.odoo.rgbconsulting.com\/es\/producto\/stepping-tiger\/\" \/>\n<meta property=\"og:site_name\" content=\"Guerssen records\" \/>\n<meta property=\"article:modified_time\" content=\"2025-04-16T16:22:23+00:00\" \/>\n<meta property=\"og:image\" content=\"https:\/\/wpguerssen-test.odoo.rgbconsulting.com\/wp-content\/uploads\/2024\/10\/48842.jpg\" \/>\n\t<meta property=\"og:image:width\" content=\"243\" \/>\n\t<meta property=\"og:image:height\" content=\"243\" \/>\n\t<meta property=\"og:image:type\" content=\"image\/jpeg\" \/>\n<meta name=\"twitter:card\" content=\"summary_large_image\" \/>\n<meta name=\"twitter:title\" content=\"MITTOO, Jackie - Stepping Tiger -  (LP) | Guerssen\" \/>\n<meta name=\"twitter:label1\" content=\"Tiempo de lectura\" \/>\n\t<meta name=\"twitter:data1\" content=\"1 minuto\" \/>\n<script type=\"application\/ld+json\" class=\"yoast-schema-graph\">{\"@context\":\"https:\/\/schema.org\",\"@graph\":[{\"@type\":\"WebPage\",\"@id\":\"https:\/\/wpguerssen-test.odoo.rgbconsulting.com\/es\/producto\/stepping-tiger\/\",\"url\":\"https:\/\/wpguerssen-test.odoo.rgbconsulting.com\/es\/producto\/stepping-tiger\/\",\"name\":\"MITTOO, Jackie - Stepping Tiger - (LP) | Guerssen\",\"isPartOf\":{\"@id\":\"https:\/\/wpguerssen-test.odoo.rgbconsulting.com\/es\/#website\"},\"primaryImageOfPage\":{\"@id\":\"https:\/\/wpguerssen-test.odoo.rgbconsulting.com\/es\/producto\/stepping-tiger\/#primaryimage\"},\"image\":{\"@id\":\"https:\/\/wpguerssen-test.odoo.rgbconsulting.com\/es\/producto\/stepping-tiger\/#primaryimage\"},\"thumbnailUrl\":\"https:\/\/wpguerssen-test.odoo.rgbconsulting.com\/wp-content\/uploads\/2024\/10\/48842.jpg\",\"datePublished\":\"2025-02-02T23:00:00+00:00\",\"dateModified\":\"2025-04-16T16:22:23+00:00\",\"description\":\"A very welcomed reissue for this rare Jackie Mittoo album, originally released in 1979 on unknown label, Rite Sound inc. The original release was sold without a jacket (maybe a promo only release ?), adding a mysterious vibe to the whole thing. The dubby effects-intensive sound of the album extends from 'Russian Satelite' to the whole side A, with 'Harder Than The Rest', 'Stepping Tiger' and 'World Of Love' being an excellent triptych of note. The thrill of Jackie's crazy keyboards intertwining with the floating dub sound like a heavenly space is beyond description. Space is the place.\",\"breadcrumb\":{\"@id\":\"https:\/\/wpguerssen-test.odoo.rgbconsulting.com\/es\/producto\/stepping-tiger\/#breadcrumb\"},\"inLanguage\":\"es\",\"potentialAction\":[{\"@type\":\"ReadAction\",\"target\":[\"https:\/\/wpguerssen-test.odoo.rgbconsulting.com\/es\/producto\/stepping-tiger\/\"]}]},{\"@type\":\"ImageObject\",\"inLanguage\":\"es\",\"@id\":\"https:\/\/wpguerssen-test.odoo.rgbconsulting.com\/es\/producto\/stepping-tiger\/#primaryimage\",\"url\":\"https:\/\/wpguerssen-test.odoo.rgbconsulting.com\/wp-content\/uploads\/2024\/10\/48842.jpg\",\"contentUrl\":\"https:\/\/wpguerssen-test.odoo.rgbconsulting.com\/wp-content\/uploads\/2024\/10\/48842.jpg\",\"width\":243,\"height\":243,\"caption\":\"Jackie - Stepping Tiger - SOLID ROOTS (LP) | Guerssen\"},{\"@type\":\"BreadcrumbList\",\"@id\":\"https:\/\/wpguerssen-test.odoo.rgbconsulting.com\/es\/producto\/stepping-tiger\/#breadcrumb\",\"itemListElement\":[{\"@type\":\"ListItem\",\"position\":1,\"name\":\"Inicio\",\"item\":\"https:\/\/wpguerssen-test.odoo.rgbconsulting.com\/es\/\"},{\"@type\":\"ListItem\",\"position\":2,\"name\":\"Shop\",\"item\":\"https:\/\/wpguerssen-test.odoo.rgbconsulting.com\/shop\/\"},{\"@type\":\"ListItem\",\"position\":3,\"name\":\"Stepping Tiger\"}]},{\"@type\":\"WebSite\",\"@id\":\"https:\/\/wpguerssen-test.odoo.rgbconsulting.com\/es\/#website\",\"url\":\"https:\/\/wpguerssen-test.odoo.rgbconsulting.com\/es\/\",\"name\":\"Guerssen records\",\"description\":\"psychedelia - progressive - folk - garage \",\"publisher\":{\"@id\":\"https:\/\/wpguerssen-test.odoo.rgbconsulting.com\/es\/#organization\"},\"potentialAction\":[{\"@type\":\"SearchAction\",\"target\":{\"@type\":\"EntryPoint\",\"urlTemplate\":\"https:\/\/wpguerssen-test.odoo.rgbconsulting.com\/es\/?s={search_term_string}\"},\"query-input\":{\"@type\":\"PropertyValueSpecification\",\"valueRequired\":true,\"valueName\":\"search_term_string\"}}],\"inLanguage\":\"es\"},{\"@type\":\"Organization\",\"@id\":\"https:\/\/wpguerssen-test.odoo.rgbconsulting.com\/es\/#organization\",\"name\":\"Guerssen records\",\"url\":\"https:\/\/wpguerssen-test.odoo.rgbconsulting.com\/es\/\",\"logo\":{\"@type\":\"ImageObject\",\"inLanguage\":\"es\",\"@id\":\"https:\/\/wpguerssen-test.odoo.rgbconsulting.com\/es\/#\/schema\/logo\/image\/\",\"url\":\"https:\/\/wpguerssen-test.odoo.rgbconsulting.com\/wp-content\/uploads\/2022\/04\/Logo_Guerssen_trans_100.png\",\"contentUrl\":\"https:\/\/wpguerssen-test.odoo.rgbconsulting.com\/wp-content\/uploads\/2022\/04\/Logo_Guerssen_trans_100.png\",\"width\":122,\"height\":100,\"caption\":\"Guerssen records\"},\"image\":{\"@id\":\"https:\/\/wpguerssen-test.odoo.rgbconsulting.com\/es\/#\/schema\/logo\/image\/\"}}]}<\/script>\n<!-- \/ Yoast SEO plugin. -->","yoast_head_json":{"title":"MITTOO, Jackie - Stepping Tiger -  (LP) | Guerssen","description":"A very welcomed reissue for this rare Jackie Mittoo album, originally released in 1979 on unknown label, Rite Sound inc. The original release was sold without a jacket (maybe a promo only release ?), adding a mysterious vibe to the whole thing. The dubby effects-intensive sound of the album extends from 'Russian Satelite' to the whole side A, with 'Harder Than The Rest', 'Stepping Tiger' and 'World Of Love' being an excellent triptych of note. The thrill of Jackie's crazy keyboards intertwining with the floating dub sound like a heavenly space is beyond description. Space is the place.","robots":{"index":"index","follow":"follow","max-snippet":"max-snippet:-1","max-image-preview":"max-image-preview:large","max-video-preview":"max-video-preview:-1"},"canonical":"https:\/\/wpguerssen-test.odoo.rgbconsulting.com\/es\/producto\/stepping-tiger\/","og_locale":"es_ES","og_type":"article","og_title":"MITTOO, Jackie - Stepping Tiger -  (LP) | Guerssen","og_description":"A very welcomed reissue for this rare Jackie Mittoo album, originally released in 1979 on unknown label, Rite Sound inc. The original release was sold without a jacket (maybe a promo only release ?), adding a mysterious vibe to the whole thing. The dubby effects-intensive sound of the album extends from 'Russian Satelite' to the whole side A, with 'Harder Than The Rest', 'Stepping Tiger' and 'World Of Love' being an excellent triptych of note. The thrill of Jackie's crazy keyboards intertwining with the floating dub sound like a heavenly space is beyond description. Space is the place.","og_url":"https:\/\/wpguerssen-test.odoo.rgbconsulting.com\/es\/producto\/stepping-tiger\/","og_site_name":"Guerssen records","article_modified_time":"2025-04-16T16:22:23+00:00","og_image":[{"width":243,"height":243,"url":"https:\/\/wpguerssen-test.odoo.rgbconsulting.com\/wp-content\/uploads\/2024\/10\/48842.jpg","type":"image\/jpeg"}],"twitter_card":"summary_large_image","twitter_title":"MITTOO, Jackie - Stepping Tiger -  (LP) | Guerssen","twitter_misc":{"Tiempo de lectura":"1 minuto"},"schema":{"@context":"https:\/\/schema.org","@graph":[{"@type":"WebPage","@id":"https:\/\/wpguerssen-test.odoo.rgbconsulting.com\/es\/producto\/stepping-tiger\/","url":"https:\/\/wpguerssen-test.odoo.rgbconsulting.com\/es\/producto\/stepping-tiger\/","name":"MITTOO, Jackie - Stepping Tiger - (LP) | Guerssen","isPartOf":{"@id":"https:\/\/wpguerssen-test.odoo.rgbconsulting.com\/es\/#website"},"primaryImageOfPage":{"@id":"https:\/\/wpguerssen-test.odoo.rgbconsulting.com\/es\/producto\/stepping-tiger\/#primaryimage"},"image":{"@id":"https:\/\/wpguerssen-test.odoo.rgbconsulting.com\/es\/producto\/stepping-tiger\/#primaryimage"},"thumbnailUrl":"https:\/\/wpguerssen-test.odoo.rgbconsulting.com\/wp-content\/uploads\/2024\/10\/48842.jpg","datePublished":"2025-02-02T23:00:00+00:00","dateModified":"2025-04-16T16:22:23+00:00","description":"A very welcomed reissue for this rare Jackie Mittoo album, originally released in 1979 on unknown label, Rite Sound inc. The original release was sold without a jacket (maybe a promo only release ?), adding a mysterious vibe to the whole thing. The dubby effects-intensive sound of the album extends from 'Russian Satelite' to the whole side A, with 'Harder Than The Rest', 'Stepping Tiger' and 'World Of Love' being an excellent triptych of note. The thrill of Jackie's crazy keyboards intertwining with the floating dub sound like a heavenly space is beyond description. Space is the place.","breadcrumb":{"@id":"https:\/\/wpguerssen-test.odoo.rgbconsulting.com\/es\/producto\/stepping-tiger\/#breadcrumb"},"inLanguage":"es","potentialAction":[{"@type":"ReadAction","target":["https:\/\/wpguerssen-test.odoo.rgbconsulting.com\/es\/producto\/stepping-tiger\/"]}]},{"@type":"ImageObject","inLanguage":"es","@id":"https:\/\/wpguerssen-test.odoo.rgbconsulting.com\/es\/producto\/stepping-tiger\/#primaryimage","url":"https:\/\/wpguerssen-test.odoo.rgbconsulting.com\/wp-content\/uploads\/2024\/10\/48842.jpg","contentUrl":"https:\/\/wpguerssen-test.odoo.rgbconsulting.com\/wp-content\/uploads\/2024\/10\/48842.jpg","width":243,"height":243,"caption":"Jackie - Stepping Tiger - SOLID ROOTS (LP) | Guerssen"},{"@type":"BreadcrumbList","@id":"https:\/\/wpguerssen-test.odoo.rgbconsulting.com\/es\/producto\/stepping-tiger\/#breadcrumb","itemListElement":[{"@type":"ListItem","position":1,"name":"Inicio","item":"https:\/\/wpguerssen-test.odoo.rgbconsulting.com\/es\/"},{"@type":"ListItem","position":2,"name":"Shop","item":"https:\/\/wpguerssen-test.odoo.rgbconsulting.com\/shop\/"},{"@type":"ListItem","position":3,"name":"Stepping Tiger"}]},{"@type":"WebSite","@id":"https:\/\/wpguerssen-test.odoo.rgbconsulting.com\/es\/#website","url":"https:\/\/wpguerssen-test.odoo.rgbconsulting.com\/es\/","name":"Guerssen records","description":"psychedelia - progressive - folk - garage ","publisher":{"@id":"https:\/\/wpguerssen-test.odoo.rgbconsulting.com\/es\/#organization"},"potentialAction":[{"@type":"SearchAction","target":{"@type":"EntryPoint","urlTemplate":"https:\/\/wpguerssen-test.odoo.rgbconsulting.com\/es\/?s={search_term_string}"},"query-input":{"@type":"PropertyValueSpecification","valueRequired":true,"valueName":"search_term_string"}}],"inLanguage":"es"},{"@type":"Organization","@id":"https:\/\/wpguerssen-test.odoo.rgbconsulting.com\/es\/#organization","name":"Guerssen records","url":"https:\/\/wpguerssen-test.odoo.rgbconsulting.com\/es\/","logo":{"@type":"ImageObject","inLanguage":"es","@id":"https:\/\/wpguerssen-test.odoo.rgbconsulting.com\/es\/#\/schema\/logo\/image\/","url":"https:\/\/wpguerssen-test.odoo.rgbconsulting.com\/wp-content\/uploads\/2022\/04\/Logo_Guerssen_trans_100.png","contentUrl":"https:\/\/wpguerssen-test.odoo.rgbconsulting.com\/wp-content\/uploads\/2022\/04\/Logo_Guerssen_trans_100.png","width":122,"height":100,"caption":"Guerssen records"},"image":{"@id":"https:\/\/wpguerssen-test.odoo.rgbconsulting.com\/es\/#\/schema\/logo\/image\/"}}]}},"_links":{"self":[{"href":"https:\/\/wpguerssen-test.odoo.rgbconsulting.com\/es\/wp-json\/wp\/v2\/product\/276388","targetHints":{"allow":["GET"]}}],"collection":[{"href":"https:\/\/wpguerssen-test.odoo.rgbconsulting.com\/es\/wp-json\/wp\/v2\/product"}],"about":[{"href":"https:\/\/wpguerssen-test.odoo.rgbconsulting.com\/es\/wp-json\/wp\/v2\/types\/product"}],"wp:featuredmedia":[{"embeddable":true,"href":"https:\/\/wpguerssen-test.odoo.rgbconsulting.com\/es\/wp-json\/wp\/v2\/media\/276322"}],"wp:attachment":[{"href":"https:\/\/wpguerssen-test.odoo.rgbconsulting.com\/es\/wp-json\/wp\/v2\/media?parent=276388"}],"wp:term":[{"taxonomy":"product_brand","embeddable":true,"href":"https:\/\/wpguerssen-test.odoo.rgbconsulting.com\/es\/wp-json\/wp\/v2\/product_brand?post=276388"},{"taxonomy":"product_cat","embeddable":true,"href":"https:\/\/wpguerssen-test.odoo.rgbconsulting.com\/es\/wp-json\/wp\/v2\/product_cat?post=276388"},{"taxonomy":"product_tag","embeddable":true,"href":"https:\/\/wpguerssen-test.odoo.rgbconsulting.com\/es\/wp-json\/wp\/v2\/product_tag?post=276388"}],"curies":[{"name":"wp","href":"https:\/\/api.w.org\/{rel}","templated":true}]}}