{"id":276390,"date":"2024-10-28T00:00:00","date_gmt":"2024-10-27T23:00:00","guid":{"rendered":"https:\/\/wpguerssen-test.odoo.rgbconsulting.com\/product\/g-funk-classics-gold\/"},"modified":"2025-01-30T17:10:58","modified_gmt":"2025-01-30T16:10:58","slug":"g-funk-classics-gold","status":"publish","type":"product","link":"https:\/\/wpguerssen-test.odoo.rgbconsulting.com\/es\/producto\/g-funk-classics-gold\/","title":{"rendered":"G Funk Classics (Gold)"},"content":{"rendered":"<p>G-Funk Classics de Nate Dogg es un \u00e1lbum doble hist\u00f3rico que muestra su suave voz y su caracter\u00edstico sonido G-funk en una serie de cl\u00e1sicos de culto y sus \u00e9xitos favoritos m\u00e1s queridos. Publicado en dos vol\u00famenes, el \u00e1lbum combina ritmos relajados, melod\u00edas conmovedoras e influencias del rap de la costa oeste que sirven para subrayar el papel de Dogg como pionero del g\u00e9nero. Con colaboraciones de artistas como Snoop Dogg, Warren G y Tupac, el \u00e1lbum incluye temas destacados como &#8216;Never Leave Me Alone&#8217; y \u00abThese Days\u00bb, que exploran la habilidad \u00fanica de Nate para mezclar r&#038;b con rap de g\u00e1nsteres, que es lo que hizo en este \u00e1lbum, un momento tan decisivo en el G-funk y consolid\u00f3 su legado como el \u00abRey de los Hooks\u00bb en el hip-hop.<\/p>\n","protected":false},"excerpt":{"rendered":"<p>G-Funk Classics de Nate Dogg es un \u00e1lbum doble hist\u00f3rico que muestra su suave voz y su caracter\u00edstico sonido G-funk en una serie de cl\u00e1sicos de culto y sus \u00e9xitos<a class=\"read\" href=\"https:\/\/wpguerssen-test.odoo.rgbconsulting.com\/es\/producto\/g-funk-classics-gold\/\"> (...)<\/a>","protected":false},"featured_media":276326,"template":"","meta":{"_acf_changed":false},"product_brand":[],"product_cat":[21706],"product_tag":[29140],"class_list":{"0":"post-276390","1":"product","2":"type-product","3":"status-publish","4":"has-post-thumbnail","6":"product_cat-rap-hip-hop-es","7":"product_tag-color-vinyl-es","8":"pa_artist-nate-dogg","9":"pa_format-lp-es","10":"pa_gender-rap-hip-hop","11":"pa_label-wax-n-stacks","12":"pa_location-north-america-es","13":"pa_other-filters-vinyl-only-es","15":"first","16":"instock","17":"taxable","18":"shipping-taxable","19":"purchasable","20":"product-type-simple"},"acf":[],"yoast_head":"<!-- This site is optimized with the Yoast SEO plugin v24.9 - https:\/\/yoast.com\/wordpress\/plugins\/seo\/ -->\n<title>NATE DOGG - G Funk Classics (Gold) -  (LP) | Guerssen<\/title>\n<meta name=\"description\" content=\"Nate Dogg&#039;s G-Funk Classics is a landmark double album that showcases his smooth vocals and signature G-funk sound across a series of cult classics and much loved hit favourites. Released in two volumes, the album blends laid-back beats, soulful melodies, and West Coast rap influences that all serve to underline the Dogg&#039;s role as a pioneer of the genre. With features from artists like Snoop Dogg, Warren G, and Tupac, the album includes standout tracks like &#039;Never Leave Me Alone&#039; and &quot;These Days,&#039; which explore Nate&#039;s unique ability to mix r&amp;b with gangster rap, which is what made this album such a defining moment in G-funk and cemented his legacy as the &quot;King of Hooks&quot; in hip-hop.\" \/>\n<meta name=\"robots\" content=\"index, follow, max-snippet:-1, max-image-preview:large, max-video-preview:-1\" \/>\n<link rel=\"canonical\" href=\"https:\/\/wpguerssen-test.odoo.rgbconsulting.com\/es\/producto\/g-funk-classics-gold\/\" \/>\n<meta property=\"og:locale\" content=\"es_ES\" \/>\n<meta property=\"og:type\" content=\"article\" \/>\n<meta property=\"og:title\" content=\"NATE DOGG - G Funk Classics (Gold) -  (LP) | Guerssen\" \/>\n<meta property=\"og:description\" content=\"Nate Dogg&#039;s G-Funk Classics is a landmark double album that showcases his smooth vocals and signature G-funk sound across a series of cult classics and much loved hit favourites. Released in two volumes, the album blends laid-back beats, soulful melodies, and West Coast rap influences that all serve to underline the Dogg&#039;s role as a pioneer of the genre. With features from artists like Snoop Dogg, Warren G, and Tupac, the album includes standout tracks like &#039;Never Leave Me Alone&#039; and &quot;These Days,&#039; which explore Nate&#039;s unique ability to mix r&amp;b with gangster rap, which is what made this album such a defining moment in G-funk and cemented his legacy as the &quot;King of Hooks&quot; in hip-hop.\" \/>\n<meta property=\"og:url\" content=\"https:\/\/wpguerssen-test.odoo.rgbconsulting.com\/es\/producto\/g-funk-classics-gold\/\" \/>\n<meta property=\"og:site_name\" content=\"Guerssen records\" \/>\n<meta property=\"article:modified_time\" content=\"2025-01-30T16:10:58+00:00\" \/>\n<meta property=\"og:image\" content=\"https:\/\/wpguerssen-test.odoo.rgbconsulting.com\/wp-content\/uploads\/2024\/10\/48844.jpg\" \/>\n\t<meta property=\"og:image:width\" content=\"243\" \/>\n\t<meta property=\"og:image:height\" content=\"243\" \/>\n\t<meta property=\"og:image:type\" content=\"image\/jpeg\" \/>\n<meta name=\"twitter:card\" content=\"summary_large_image\" \/>\n<meta name=\"twitter:title\" content=\"NATE DOGG - G Funk Classics (Gold) -  (LP) | Guerssen\" \/>\n<meta name=\"twitter:label1\" content=\"Tiempo de lectura\" \/>\n\t<meta name=\"twitter:data1\" content=\"1 minuto\" \/>\n<script type=\"application\/ld+json\" class=\"yoast-schema-graph\">{\"@context\":\"https:\/\/schema.org\",\"@graph\":[{\"@type\":\"WebPage\",\"@id\":\"https:\/\/wpguerssen-test.odoo.rgbconsulting.com\/es\/producto\/g-funk-classics-gold\/\",\"url\":\"https:\/\/wpguerssen-test.odoo.rgbconsulting.com\/es\/producto\/g-funk-classics-gold\/\",\"name\":\"NATE DOGG - G Funk Classics (Gold) - (LP) | Guerssen\",\"isPartOf\":{\"@id\":\"https:\/\/wpguerssen-test.odoo.rgbconsulting.com\/es\/#website\"},\"primaryImageOfPage\":{\"@id\":\"https:\/\/wpguerssen-test.odoo.rgbconsulting.com\/es\/producto\/g-funk-classics-gold\/#primaryimage\"},\"image\":{\"@id\":\"https:\/\/wpguerssen-test.odoo.rgbconsulting.com\/es\/producto\/g-funk-classics-gold\/#primaryimage\"},\"thumbnailUrl\":\"https:\/\/wpguerssen-test.odoo.rgbconsulting.com\/wp-content\/uploads\/2024\/10\/48844.jpg\",\"datePublished\":\"2024-10-27T23:00:00+00:00\",\"dateModified\":\"2025-01-30T16:10:58+00:00\",\"description\":\"Nate Dogg's G-Funk Classics is a landmark double album that showcases his smooth vocals and signature G-funk sound across a series of cult classics and much loved hit favourites. Released in two volumes, the album blends laid-back beats, soulful melodies, and West Coast rap influences that all serve to underline the Dogg's role as a pioneer of the genre. With features from artists like Snoop Dogg, Warren G, and Tupac, the album includes standout tracks like 'Never Leave Me Alone' and \\\"These Days,' which explore Nate's unique ability to mix r&b with gangster rap, which is what made this album such a defining moment in G-funk and cemented his legacy as the \\\"King of Hooks\\\" in hip-hop.\",\"breadcrumb\":{\"@id\":\"https:\/\/wpguerssen-test.odoo.rgbconsulting.com\/es\/producto\/g-funk-classics-gold\/#breadcrumb\"},\"inLanguage\":\"es\",\"potentialAction\":[{\"@type\":\"ReadAction\",\"target\":[\"https:\/\/wpguerssen-test.odoo.rgbconsulting.com\/es\/producto\/g-funk-classics-gold\/\"]}]},{\"@type\":\"ImageObject\",\"inLanguage\":\"es\",\"@id\":\"https:\/\/wpguerssen-test.odoo.rgbconsulting.com\/es\/producto\/g-funk-classics-gold\/#primaryimage\",\"url\":\"https:\/\/wpguerssen-test.odoo.rgbconsulting.com\/wp-content\/uploads\/2024\/10\/48844.jpg\",\"contentUrl\":\"https:\/\/wpguerssen-test.odoo.rgbconsulting.com\/wp-content\/uploads\/2024\/10\/48844.jpg\",\"width\":243,\"height\":243},{\"@type\":\"BreadcrumbList\",\"@id\":\"https:\/\/wpguerssen-test.odoo.rgbconsulting.com\/es\/producto\/g-funk-classics-gold\/#breadcrumb\",\"itemListElement\":[{\"@type\":\"ListItem\",\"position\":1,\"name\":\"Inicio\",\"item\":\"https:\/\/wpguerssen-test.odoo.rgbconsulting.com\/es\/\"},{\"@type\":\"ListItem\",\"position\":2,\"name\":\"Shop\",\"item\":\"https:\/\/wpguerssen-test.odoo.rgbconsulting.com\/shop\/\"},{\"@type\":\"ListItem\",\"position\":3,\"name\":\"G Funk Classics (Gold)\"}]},{\"@type\":\"WebSite\",\"@id\":\"https:\/\/wpguerssen-test.odoo.rgbconsulting.com\/es\/#website\",\"url\":\"https:\/\/wpguerssen-test.odoo.rgbconsulting.com\/es\/\",\"name\":\"Guerssen records\",\"description\":\"psychedelia - progressive - folk - garage \",\"publisher\":{\"@id\":\"https:\/\/wpguerssen-test.odoo.rgbconsulting.com\/es\/#organization\"},\"potentialAction\":[{\"@type\":\"SearchAction\",\"target\":{\"@type\":\"EntryPoint\",\"urlTemplate\":\"https:\/\/wpguerssen-test.odoo.rgbconsulting.com\/es\/?s={search_term_string}\"},\"query-input\":{\"@type\":\"PropertyValueSpecification\",\"valueRequired\":true,\"valueName\":\"search_term_string\"}}],\"inLanguage\":\"es\"},{\"@type\":\"Organization\",\"@id\":\"https:\/\/wpguerssen-test.odoo.rgbconsulting.com\/es\/#organization\",\"name\":\"Guerssen records\",\"url\":\"https:\/\/wpguerssen-test.odoo.rgbconsulting.com\/es\/\",\"logo\":{\"@type\":\"ImageObject\",\"inLanguage\":\"es\",\"@id\":\"https:\/\/wpguerssen-test.odoo.rgbconsulting.com\/es\/#\/schema\/logo\/image\/\",\"url\":\"https:\/\/wpguerssen-test.odoo.rgbconsulting.com\/wp-content\/uploads\/2022\/04\/Logo_Guerssen_trans_100.png\",\"contentUrl\":\"https:\/\/wpguerssen-test.odoo.rgbconsulting.com\/wp-content\/uploads\/2022\/04\/Logo_Guerssen_trans_100.png\",\"width\":122,\"height\":100,\"caption\":\"Guerssen records\"},\"image\":{\"@id\":\"https:\/\/wpguerssen-test.odoo.rgbconsulting.com\/es\/#\/schema\/logo\/image\/\"}}]}<\/script>\n<!-- \/ Yoast SEO plugin. -->","yoast_head_json":{"title":"NATE DOGG - G Funk Classics (Gold) -  (LP) | Guerssen","description":"Nate Dogg's G-Funk Classics is a landmark double album that showcases his smooth vocals and signature G-funk sound across a series of cult classics and much loved hit favourites. Released in two volumes, the album blends laid-back beats, soulful melodies, and West Coast rap influences that all serve to underline the Dogg's role as a pioneer of the genre. With features from artists like Snoop Dogg, Warren G, and Tupac, the album includes standout tracks like 'Never Leave Me Alone' and \"These Days,' which explore Nate's unique ability to mix r&b with gangster rap, which is what made this album such a defining moment in G-funk and cemented his legacy as the \"King of Hooks\" in hip-hop.","robots":{"index":"index","follow":"follow","max-snippet":"max-snippet:-1","max-image-preview":"max-image-preview:large","max-video-preview":"max-video-preview:-1"},"canonical":"https:\/\/wpguerssen-test.odoo.rgbconsulting.com\/es\/producto\/g-funk-classics-gold\/","og_locale":"es_ES","og_type":"article","og_title":"NATE DOGG - G Funk Classics (Gold) -  (LP) | Guerssen","og_description":"Nate Dogg's G-Funk Classics is a landmark double album that showcases his smooth vocals and signature G-funk sound across a series of cult classics and much loved hit favourites. Released in two volumes, the album blends laid-back beats, soulful melodies, and West Coast rap influences that all serve to underline the Dogg's role as a pioneer of the genre. With features from artists like Snoop Dogg, Warren G, and Tupac, the album includes standout tracks like 'Never Leave Me Alone' and \"These Days,' which explore Nate's unique ability to mix r&b with gangster rap, which is what made this album such a defining moment in G-funk and cemented his legacy as the \"King of Hooks\" in hip-hop.","og_url":"https:\/\/wpguerssen-test.odoo.rgbconsulting.com\/es\/producto\/g-funk-classics-gold\/","og_site_name":"Guerssen records","article_modified_time":"2025-01-30T16:10:58+00:00","og_image":[{"width":243,"height":243,"url":"https:\/\/wpguerssen-test.odoo.rgbconsulting.com\/wp-content\/uploads\/2024\/10\/48844.jpg","type":"image\/jpeg"}],"twitter_card":"summary_large_image","twitter_title":"NATE DOGG - G Funk Classics (Gold) -  (LP) | Guerssen","twitter_misc":{"Tiempo de lectura":"1 minuto"},"schema":{"@context":"https:\/\/schema.org","@graph":[{"@type":"WebPage","@id":"https:\/\/wpguerssen-test.odoo.rgbconsulting.com\/es\/producto\/g-funk-classics-gold\/","url":"https:\/\/wpguerssen-test.odoo.rgbconsulting.com\/es\/producto\/g-funk-classics-gold\/","name":"NATE DOGG - G Funk Classics (Gold) - (LP) | Guerssen","isPartOf":{"@id":"https:\/\/wpguerssen-test.odoo.rgbconsulting.com\/es\/#website"},"primaryImageOfPage":{"@id":"https:\/\/wpguerssen-test.odoo.rgbconsulting.com\/es\/producto\/g-funk-classics-gold\/#primaryimage"},"image":{"@id":"https:\/\/wpguerssen-test.odoo.rgbconsulting.com\/es\/producto\/g-funk-classics-gold\/#primaryimage"},"thumbnailUrl":"https:\/\/wpguerssen-test.odoo.rgbconsulting.com\/wp-content\/uploads\/2024\/10\/48844.jpg","datePublished":"2024-10-27T23:00:00+00:00","dateModified":"2025-01-30T16:10:58+00:00","description":"Nate Dogg's G-Funk Classics is a landmark double album that showcases his smooth vocals and signature G-funk sound across a series of cult classics and much loved hit favourites. Released in two volumes, the album blends laid-back beats, soulful melodies, and West Coast rap influences that all serve to underline the Dogg's role as a pioneer of the genre. With features from artists like Snoop Dogg, Warren G, and Tupac, the album includes standout tracks like 'Never Leave Me Alone' and \"These Days,' which explore Nate's unique ability to mix r&b with gangster rap, which is what made this album such a defining moment in G-funk and cemented his legacy as the \"King of Hooks\" in hip-hop.","breadcrumb":{"@id":"https:\/\/wpguerssen-test.odoo.rgbconsulting.com\/es\/producto\/g-funk-classics-gold\/#breadcrumb"},"inLanguage":"es","potentialAction":[{"@type":"ReadAction","target":["https:\/\/wpguerssen-test.odoo.rgbconsulting.com\/es\/producto\/g-funk-classics-gold\/"]}]},{"@type":"ImageObject","inLanguage":"es","@id":"https:\/\/wpguerssen-test.odoo.rgbconsulting.com\/es\/producto\/g-funk-classics-gold\/#primaryimage","url":"https:\/\/wpguerssen-test.odoo.rgbconsulting.com\/wp-content\/uploads\/2024\/10\/48844.jpg","contentUrl":"https:\/\/wpguerssen-test.odoo.rgbconsulting.com\/wp-content\/uploads\/2024\/10\/48844.jpg","width":243,"height":243},{"@type":"BreadcrumbList","@id":"https:\/\/wpguerssen-test.odoo.rgbconsulting.com\/es\/producto\/g-funk-classics-gold\/#breadcrumb","itemListElement":[{"@type":"ListItem","position":1,"name":"Inicio","item":"https:\/\/wpguerssen-test.odoo.rgbconsulting.com\/es\/"},{"@type":"ListItem","position":2,"name":"Shop","item":"https:\/\/wpguerssen-test.odoo.rgbconsulting.com\/shop\/"},{"@type":"ListItem","position":3,"name":"G Funk Classics (Gold)"}]},{"@type":"WebSite","@id":"https:\/\/wpguerssen-test.odoo.rgbconsulting.com\/es\/#website","url":"https:\/\/wpguerssen-test.odoo.rgbconsulting.com\/es\/","name":"Guerssen records","description":"psychedelia - progressive - folk - garage ","publisher":{"@id":"https:\/\/wpguerssen-test.odoo.rgbconsulting.com\/es\/#organization"},"potentialAction":[{"@type":"SearchAction","target":{"@type":"EntryPoint","urlTemplate":"https:\/\/wpguerssen-test.odoo.rgbconsulting.com\/es\/?s={search_term_string}"},"query-input":{"@type":"PropertyValueSpecification","valueRequired":true,"valueName":"search_term_string"}}],"inLanguage":"es"},{"@type":"Organization","@id":"https:\/\/wpguerssen-test.odoo.rgbconsulting.com\/es\/#organization","name":"Guerssen records","url":"https:\/\/wpguerssen-test.odoo.rgbconsulting.com\/es\/","logo":{"@type":"ImageObject","inLanguage":"es","@id":"https:\/\/wpguerssen-test.odoo.rgbconsulting.com\/es\/#\/schema\/logo\/image\/","url":"https:\/\/wpguerssen-test.odoo.rgbconsulting.com\/wp-content\/uploads\/2022\/04\/Logo_Guerssen_trans_100.png","contentUrl":"https:\/\/wpguerssen-test.odoo.rgbconsulting.com\/wp-content\/uploads\/2022\/04\/Logo_Guerssen_trans_100.png","width":122,"height":100,"caption":"Guerssen records"},"image":{"@id":"https:\/\/wpguerssen-test.odoo.rgbconsulting.com\/es\/#\/schema\/logo\/image\/"}}]}},"_links":{"self":[{"href":"https:\/\/wpguerssen-test.odoo.rgbconsulting.com\/es\/wp-json\/wp\/v2\/product\/276390","targetHints":{"allow":["GET"]}}],"collection":[{"href":"https:\/\/wpguerssen-test.odoo.rgbconsulting.com\/es\/wp-json\/wp\/v2\/product"}],"about":[{"href":"https:\/\/wpguerssen-test.odoo.rgbconsulting.com\/es\/wp-json\/wp\/v2\/types\/product"}],"wp:featuredmedia":[{"embeddable":true,"href":"https:\/\/wpguerssen-test.odoo.rgbconsulting.com\/es\/wp-json\/wp\/v2\/media\/276326"}],"wp:attachment":[{"href":"https:\/\/wpguerssen-test.odoo.rgbconsulting.com\/es\/wp-json\/wp\/v2\/media?parent=276390"}],"wp:term":[{"taxonomy":"product_brand","embeddable":true,"href":"https:\/\/wpguerssen-test.odoo.rgbconsulting.com\/es\/wp-json\/wp\/v2\/product_brand?post=276390"},{"taxonomy":"product_cat","embeddable":true,"href":"https:\/\/wpguerssen-test.odoo.rgbconsulting.com\/es\/wp-json\/wp\/v2\/product_cat?post=276390"},{"taxonomy":"product_tag","embeddable":true,"href":"https:\/\/wpguerssen-test.odoo.rgbconsulting.com\/es\/wp-json\/wp\/v2\/product_tag?post=276390"}],"curies":[{"name":"wp","href":"https:\/\/api.w.org\/{rel}","templated":true}]}}