{"id":276392,"date":"2025-01-07T00:00:00","date_gmt":"2025-01-06T23:00:00","guid":{"rendered":"https:\/\/wpguerssen-test.odoo.rgbconsulting.com\/product\/baptize-me-in-wine-singles-odd-clear\/"},"modified":"2025-05-05T11:54:02","modified_gmt":"2025-05-05T09:54:02","slug":"baptize-me-in-wine-singles-odd-clear","status":"publish","type":"product","link":"https:\/\/wpguerssen-test.odoo.rgbconsulting.com\/es\/producto\/baptize-me-in-wine-singles-odd-clear\/","title":{"rendered":"Baptize Me In Wine, Singles &#038; Odd. (Clear)"},"content":{"rendered":"<p>En una larga lista de outsiders del rock and roll provenientes de Ohio, Screamin&#8217; Jay Hawkins bien podr\u00eda ser el primero. Nacido y criado en Cleveland, el sencillo de Hawkins de 1956 \u00abI Put A Spell On You\u00bb es una de las canciones m\u00e1s reconocibles al instante en la historia del R&#8217;n&#8217;B y el rock. Baptize Me In Wine compila esa canci\u00f3n cl\u00e1sica junto con otras 18 muestras de locura R&#8217;n&#8217;B pura, desquiciada y gutural en lo que seguramente ser\u00e1 considerada la colecci\u00f3n definitiva de Hawkins en el mercado del vinilo. La mayor\u00eda de las pistas se lanzaron originalmente como sencillos en el sello Okeh, excepto las \u00faltimas cuatro, que son tomas descartadas del primer \u00e1lbum. Antes de Devo, antes de Pere Ubu, antes de Guided By Voices, estuvo Screamin&#8217; Jay. Realmente debe haber algo en el agua ah\u00ed fuera.<\/p>\n","protected":false},"excerpt":{"rendered":"<p>En una larga lista de outsiders del rock and roll provenientes de Ohio, Screamin&#8217; Jay Hawkins bien podr\u00eda ser el primero. Nacido y criado en Cleveland, el sencillo<a class=\"read\" href=\"https:\/\/wpguerssen-test.odoo.rgbconsulting.com\/es\/producto\/baptize-me-in-wine-singles-odd-clear\/\"> (...)<\/a>","protected":false},"featured_media":276330,"template":"","meta":{"_acf_changed":false},"product_brand":[],"product_cat":[23262,21642],"product_tag":[29140],"class_list":{"0":"post-276392","1":"product","2":"type-product","3":"status-publish","4":"has-post-thumbnail","6":"product_cat-blues-blues-rock-es","7":"product_cat-rocknroll-es","8":"product_tag-color-vinyl-es","9":"pa_artist-screamin-jay-hawkins","10":"pa_format-lp-es","11":"pa_gender-rocknroll-blues-blues-rock","12":"pa_label-destination-moon","13":"pa_location-north-america-es","14":"pa_other-filters-vinyl-only-es","16":"first","17":"instock","18":"taxable","19":"shipping-taxable","20":"purchasable","21":"product-type-simple"},"acf":[],"yoast_head":"<!-- This site is optimized with the Yoast SEO plugin v24.9 - https:\/\/yoast.com\/wordpress\/plugins\/seo\/ -->\n<title>SCREAMIN&#039; JAY HAWKINS - Baptize Me In Wine, Singles &amp; Odd. (Clear) -  (LP) | Guerssen<\/title>\n<meta name=\"description\" content=\"In a long line of rock and roll outsiders hailing from Ohio, Screamin&#039; Jay Hawkins may very well be the first. Born and raised in Cleveland, Hawkins&#039; 1956 single &quot;I Put A Spell On You&quot; is one of the most instantly recognizable songs in the history of R&#039;n&#039;B and rock. Baptize Me In Wine compiles that classic track along with 18 other specimens of pure, unhinged, guttural R&#039;n&#039;B madness into what is sure to be considered the definitive Hawkins collection on the vinyl market. Most tracks were originally released as singles on the Okeh label except for the last four, which are outtakes from the first album. Before Devo, before Pere Ubu, before Guided By Voices, there was Screamin&#039; Jay. There really must be something in the water out there.\" \/>\n<meta name=\"robots\" content=\"index, follow, max-snippet:-1, max-image-preview:large, max-video-preview:-1\" \/>\n<link rel=\"canonical\" href=\"https:\/\/wpguerssen-test.odoo.rgbconsulting.com\/es\/producto\/baptize-me-in-wine-singles-odd-clear\/\" \/>\n<meta property=\"og:locale\" content=\"es_ES\" \/>\n<meta property=\"og:type\" content=\"article\" \/>\n<meta property=\"og:title\" content=\"SCREAMIN&#039; JAY HAWKINS - Baptize Me In Wine, Singles &amp; Odd. (Clear) -  (LP) | Guerssen\" \/>\n<meta property=\"og:description\" content=\"In a long line of rock and roll outsiders hailing from Ohio, Screamin&#039; Jay Hawkins may very well be the first. Born and raised in Cleveland, Hawkins&#039; 1956 single &quot;I Put A Spell On You&quot; is one of the most instantly recognizable songs in the history of R&#039;n&#039;B and rock. Baptize Me In Wine compiles that classic track along with 18 other specimens of pure, unhinged, guttural R&#039;n&#039;B madness into what is sure to be considered the definitive Hawkins collection on the vinyl market. Most tracks were originally released as singles on the Okeh label except for the last four, which are outtakes from the first album. Before Devo, before Pere Ubu, before Guided By Voices, there was Screamin&#039; Jay. There really must be something in the water out there.\" \/>\n<meta property=\"og:url\" content=\"https:\/\/wpguerssen-test.odoo.rgbconsulting.com\/es\/producto\/baptize-me-in-wine-singles-odd-clear\/\" \/>\n<meta property=\"og:site_name\" content=\"Guerssen records\" \/>\n<meta property=\"article:modified_time\" content=\"2025-05-05T09:54:02+00:00\" \/>\n<meta property=\"og:image\" content=\"https:\/\/wpguerssen-test.odoo.rgbconsulting.com\/wp-content\/uploads\/2024\/10\/48846.jpg\" \/>\n\t<meta property=\"og:image:width\" content=\"243\" \/>\n\t<meta property=\"og:image:height\" content=\"243\" \/>\n\t<meta property=\"og:image:type\" content=\"image\/jpeg\" \/>\n<meta name=\"twitter:card\" content=\"summary_large_image\" \/>\n<meta name=\"twitter:title\" content=\"SCREAMIN&#039; JAY HAWKINS - Baptize Me In Wine, Singles &amp; Odd. (Clear) -  (LP) | Guerssen\" \/>\n<meta name=\"twitter:label1\" content=\"Tiempo de lectura\" \/>\n\t<meta name=\"twitter:data1\" content=\"1 minuto\" \/>\n<script type=\"application\/ld+json\" class=\"yoast-schema-graph\">{\"@context\":\"https:\/\/schema.org\",\"@graph\":[{\"@type\":\"WebPage\",\"@id\":\"https:\/\/wpguerssen-test.odoo.rgbconsulting.com\/es\/producto\/baptize-me-in-wine-singles-odd-clear\/\",\"url\":\"https:\/\/wpguerssen-test.odoo.rgbconsulting.com\/es\/producto\/baptize-me-in-wine-singles-odd-clear\/\",\"name\":\"SCREAMIN' JAY HAWKINS - Baptize Me In Wine, Singles & Odd. (Clear) - (LP) | Guerssen\",\"isPartOf\":{\"@id\":\"https:\/\/wpguerssen-test.odoo.rgbconsulting.com\/es\/#website\"},\"primaryImageOfPage\":{\"@id\":\"https:\/\/wpguerssen-test.odoo.rgbconsulting.com\/es\/producto\/baptize-me-in-wine-singles-odd-clear\/#primaryimage\"},\"image\":{\"@id\":\"https:\/\/wpguerssen-test.odoo.rgbconsulting.com\/es\/producto\/baptize-me-in-wine-singles-odd-clear\/#primaryimage\"},\"thumbnailUrl\":\"https:\/\/wpguerssen-test.odoo.rgbconsulting.com\/wp-content\/uploads\/2024\/10\/48846.jpg\",\"datePublished\":\"2025-01-06T23:00:00+00:00\",\"dateModified\":\"2025-05-05T09:54:02+00:00\",\"description\":\"In a long line of rock and roll outsiders hailing from Ohio, Screamin' Jay Hawkins may very well be the first. Born and raised in Cleveland, Hawkins' 1956 single \\\"I Put A Spell On You\\\" is one of the most instantly recognizable songs in the history of R'n'B and rock. Baptize Me In Wine compiles that classic track along with 18 other specimens of pure, unhinged, guttural R'n'B madness into what is sure to be considered the definitive Hawkins collection on the vinyl market. Most tracks were originally released as singles on the Okeh label except for the last four, which are outtakes from the first album. Before Devo, before Pere Ubu, before Guided By Voices, there was Screamin' Jay. There really must be something in the water out there.\",\"breadcrumb\":{\"@id\":\"https:\/\/wpguerssen-test.odoo.rgbconsulting.com\/es\/producto\/baptize-me-in-wine-singles-odd-clear\/#breadcrumb\"},\"inLanguage\":\"es\",\"potentialAction\":[{\"@type\":\"ReadAction\",\"target\":[\"https:\/\/wpguerssen-test.odoo.rgbconsulting.com\/es\/producto\/baptize-me-in-wine-singles-odd-clear\/\"]}]},{\"@type\":\"ImageObject\",\"inLanguage\":\"es\",\"@id\":\"https:\/\/wpguerssen-test.odoo.rgbconsulting.com\/es\/producto\/baptize-me-in-wine-singles-odd-clear\/#primaryimage\",\"url\":\"https:\/\/wpguerssen-test.odoo.rgbconsulting.com\/wp-content\/uploads\/2024\/10\/48846.jpg\",\"contentUrl\":\"https:\/\/wpguerssen-test.odoo.rgbconsulting.com\/wp-content\/uploads\/2024\/10\/48846.jpg\",\"width\":243,\"height\":243,\"caption\":\"Singles & Odd. (Clear) - DESTINATION MOON (LP) | Guerssen\"},{\"@type\":\"BreadcrumbList\",\"@id\":\"https:\/\/wpguerssen-test.odoo.rgbconsulting.com\/es\/producto\/baptize-me-in-wine-singles-odd-clear\/#breadcrumb\",\"itemListElement\":[{\"@type\":\"ListItem\",\"position\":1,\"name\":\"Inicio\",\"item\":\"https:\/\/wpguerssen-test.odoo.rgbconsulting.com\/es\/\"},{\"@type\":\"ListItem\",\"position\":2,\"name\":\"Shop\",\"item\":\"https:\/\/wpguerssen-test.odoo.rgbconsulting.com\/shop\/\"},{\"@type\":\"ListItem\",\"position\":3,\"name\":\"Baptize Me In Wine, Singles &#038; Odd. (Clear)\"}]},{\"@type\":\"WebSite\",\"@id\":\"https:\/\/wpguerssen-test.odoo.rgbconsulting.com\/es\/#website\",\"url\":\"https:\/\/wpguerssen-test.odoo.rgbconsulting.com\/es\/\",\"name\":\"Guerssen records\",\"description\":\"psychedelia - progressive - folk - garage \",\"publisher\":{\"@id\":\"https:\/\/wpguerssen-test.odoo.rgbconsulting.com\/es\/#organization\"},\"potentialAction\":[{\"@type\":\"SearchAction\",\"target\":{\"@type\":\"EntryPoint\",\"urlTemplate\":\"https:\/\/wpguerssen-test.odoo.rgbconsulting.com\/es\/?s={search_term_string}\"},\"query-input\":{\"@type\":\"PropertyValueSpecification\",\"valueRequired\":true,\"valueName\":\"search_term_string\"}}],\"inLanguage\":\"es\"},{\"@type\":\"Organization\",\"@id\":\"https:\/\/wpguerssen-test.odoo.rgbconsulting.com\/es\/#organization\",\"name\":\"Guerssen records\",\"url\":\"https:\/\/wpguerssen-test.odoo.rgbconsulting.com\/es\/\",\"logo\":{\"@type\":\"ImageObject\",\"inLanguage\":\"es\",\"@id\":\"https:\/\/wpguerssen-test.odoo.rgbconsulting.com\/es\/#\/schema\/logo\/image\/\",\"url\":\"https:\/\/wpguerssen-test.odoo.rgbconsulting.com\/wp-content\/uploads\/2022\/04\/Logo_Guerssen_trans_100.png\",\"contentUrl\":\"https:\/\/wpguerssen-test.odoo.rgbconsulting.com\/wp-content\/uploads\/2022\/04\/Logo_Guerssen_trans_100.png\",\"width\":122,\"height\":100,\"caption\":\"Guerssen records\"},\"image\":{\"@id\":\"https:\/\/wpguerssen-test.odoo.rgbconsulting.com\/es\/#\/schema\/logo\/image\/\"}}]}<\/script>\n<!-- \/ Yoast SEO plugin. -->","yoast_head_json":{"title":"SCREAMIN' JAY HAWKINS - Baptize Me In Wine, Singles & Odd. (Clear) -  (LP) | Guerssen","description":"In a long line of rock and roll outsiders hailing from Ohio, Screamin' Jay Hawkins may very well be the first. Born and raised in Cleveland, Hawkins' 1956 single \"I Put A Spell On You\" is one of the most instantly recognizable songs in the history of R'n'B and rock. Baptize Me In Wine compiles that classic track along with 18 other specimens of pure, unhinged, guttural R'n'B madness into what is sure to be considered the definitive Hawkins collection on the vinyl market. Most tracks were originally released as singles on the Okeh label except for the last four, which are outtakes from the first album. Before Devo, before Pere Ubu, before Guided By Voices, there was Screamin' Jay. There really must be something in the water out there.","robots":{"index":"index","follow":"follow","max-snippet":"max-snippet:-1","max-image-preview":"max-image-preview:large","max-video-preview":"max-video-preview:-1"},"canonical":"https:\/\/wpguerssen-test.odoo.rgbconsulting.com\/es\/producto\/baptize-me-in-wine-singles-odd-clear\/","og_locale":"es_ES","og_type":"article","og_title":"SCREAMIN' JAY HAWKINS - Baptize Me In Wine, Singles & Odd. (Clear) -  (LP) | Guerssen","og_description":"In a long line of rock and roll outsiders hailing from Ohio, Screamin' Jay Hawkins may very well be the first. Born and raised in Cleveland, Hawkins' 1956 single \"I Put A Spell On You\" is one of the most instantly recognizable songs in the history of R'n'B and rock. Baptize Me In Wine compiles that classic track along with 18 other specimens of pure, unhinged, guttural R'n'B madness into what is sure to be considered the definitive Hawkins collection on the vinyl market. Most tracks were originally released as singles on the Okeh label except for the last four, which are outtakes from the first album. Before Devo, before Pere Ubu, before Guided By Voices, there was Screamin' Jay. There really must be something in the water out there.","og_url":"https:\/\/wpguerssen-test.odoo.rgbconsulting.com\/es\/producto\/baptize-me-in-wine-singles-odd-clear\/","og_site_name":"Guerssen records","article_modified_time":"2025-05-05T09:54:02+00:00","og_image":[{"width":243,"height":243,"url":"https:\/\/wpguerssen-test.odoo.rgbconsulting.com\/wp-content\/uploads\/2024\/10\/48846.jpg","type":"image\/jpeg"}],"twitter_card":"summary_large_image","twitter_title":"SCREAMIN' JAY HAWKINS - Baptize Me In Wine, Singles & Odd. (Clear) -  (LP) | Guerssen","twitter_misc":{"Tiempo de lectura":"1 minuto"},"schema":{"@context":"https:\/\/schema.org","@graph":[{"@type":"WebPage","@id":"https:\/\/wpguerssen-test.odoo.rgbconsulting.com\/es\/producto\/baptize-me-in-wine-singles-odd-clear\/","url":"https:\/\/wpguerssen-test.odoo.rgbconsulting.com\/es\/producto\/baptize-me-in-wine-singles-odd-clear\/","name":"SCREAMIN' JAY HAWKINS - Baptize Me In Wine, Singles & Odd. (Clear) - (LP) | Guerssen","isPartOf":{"@id":"https:\/\/wpguerssen-test.odoo.rgbconsulting.com\/es\/#website"},"primaryImageOfPage":{"@id":"https:\/\/wpguerssen-test.odoo.rgbconsulting.com\/es\/producto\/baptize-me-in-wine-singles-odd-clear\/#primaryimage"},"image":{"@id":"https:\/\/wpguerssen-test.odoo.rgbconsulting.com\/es\/producto\/baptize-me-in-wine-singles-odd-clear\/#primaryimage"},"thumbnailUrl":"https:\/\/wpguerssen-test.odoo.rgbconsulting.com\/wp-content\/uploads\/2024\/10\/48846.jpg","datePublished":"2025-01-06T23:00:00+00:00","dateModified":"2025-05-05T09:54:02+00:00","description":"In a long line of rock and roll outsiders hailing from Ohio, Screamin' Jay Hawkins may very well be the first. Born and raised in Cleveland, Hawkins' 1956 single \"I Put A Spell On You\" is one of the most instantly recognizable songs in the history of R'n'B and rock. Baptize Me In Wine compiles that classic track along with 18 other specimens of pure, unhinged, guttural R'n'B madness into what is sure to be considered the definitive Hawkins collection on the vinyl market. Most tracks were originally released as singles on the Okeh label except for the last four, which are outtakes from the first album. Before Devo, before Pere Ubu, before Guided By Voices, there was Screamin' Jay. There really must be something in the water out there.","breadcrumb":{"@id":"https:\/\/wpguerssen-test.odoo.rgbconsulting.com\/es\/producto\/baptize-me-in-wine-singles-odd-clear\/#breadcrumb"},"inLanguage":"es","potentialAction":[{"@type":"ReadAction","target":["https:\/\/wpguerssen-test.odoo.rgbconsulting.com\/es\/producto\/baptize-me-in-wine-singles-odd-clear\/"]}]},{"@type":"ImageObject","inLanguage":"es","@id":"https:\/\/wpguerssen-test.odoo.rgbconsulting.com\/es\/producto\/baptize-me-in-wine-singles-odd-clear\/#primaryimage","url":"https:\/\/wpguerssen-test.odoo.rgbconsulting.com\/wp-content\/uploads\/2024\/10\/48846.jpg","contentUrl":"https:\/\/wpguerssen-test.odoo.rgbconsulting.com\/wp-content\/uploads\/2024\/10\/48846.jpg","width":243,"height":243,"caption":"Singles & Odd. (Clear) - DESTINATION MOON (LP) | Guerssen"},{"@type":"BreadcrumbList","@id":"https:\/\/wpguerssen-test.odoo.rgbconsulting.com\/es\/producto\/baptize-me-in-wine-singles-odd-clear\/#breadcrumb","itemListElement":[{"@type":"ListItem","position":1,"name":"Inicio","item":"https:\/\/wpguerssen-test.odoo.rgbconsulting.com\/es\/"},{"@type":"ListItem","position":2,"name":"Shop","item":"https:\/\/wpguerssen-test.odoo.rgbconsulting.com\/shop\/"},{"@type":"ListItem","position":3,"name":"Baptize Me In Wine, Singles &#038; Odd. (Clear)"}]},{"@type":"WebSite","@id":"https:\/\/wpguerssen-test.odoo.rgbconsulting.com\/es\/#website","url":"https:\/\/wpguerssen-test.odoo.rgbconsulting.com\/es\/","name":"Guerssen records","description":"psychedelia - progressive - folk - garage ","publisher":{"@id":"https:\/\/wpguerssen-test.odoo.rgbconsulting.com\/es\/#organization"},"potentialAction":[{"@type":"SearchAction","target":{"@type":"EntryPoint","urlTemplate":"https:\/\/wpguerssen-test.odoo.rgbconsulting.com\/es\/?s={search_term_string}"},"query-input":{"@type":"PropertyValueSpecification","valueRequired":true,"valueName":"search_term_string"}}],"inLanguage":"es"},{"@type":"Organization","@id":"https:\/\/wpguerssen-test.odoo.rgbconsulting.com\/es\/#organization","name":"Guerssen records","url":"https:\/\/wpguerssen-test.odoo.rgbconsulting.com\/es\/","logo":{"@type":"ImageObject","inLanguage":"es","@id":"https:\/\/wpguerssen-test.odoo.rgbconsulting.com\/es\/#\/schema\/logo\/image\/","url":"https:\/\/wpguerssen-test.odoo.rgbconsulting.com\/wp-content\/uploads\/2022\/04\/Logo_Guerssen_trans_100.png","contentUrl":"https:\/\/wpguerssen-test.odoo.rgbconsulting.com\/wp-content\/uploads\/2022\/04\/Logo_Guerssen_trans_100.png","width":122,"height":100,"caption":"Guerssen records"},"image":{"@id":"https:\/\/wpguerssen-test.odoo.rgbconsulting.com\/es\/#\/schema\/logo\/image\/"}}]}},"_links":{"self":[{"href":"https:\/\/wpguerssen-test.odoo.rgbconsulting.com\/es\/wp-json\/wp\/v2\/product\/276392","targetHints":{"allow":["GET"]}}],"collection":[{"href":"https:\/\/wpguerssen-test.odoo.rgbconsulting.com\/es\/wp-json\/wp\/v2\/product"}],"about":[{"href":"https:\/\/wpguerssen-test.odoo.rgbconsulting.com\/es\/wp-json\/wp\/v2\/types\/product"}],"wp:featuredmedia":[{"embeddable":true,"href":"https:\/\/wpguerssen-test.odoo.rgbconsulting.com\/es\/wp-json\/wp\/v2\/media\/276330"}],"wp:attachment":[{"href":"https:\/\/wpguerssen-test.odoo.rgbconsulting.com\/es\/wp-json\/wp\/v2\/media?parent=276392"}],"wp:term":[{"taxonomy":"product_brand","embeddable":true,"href":"https:\/\/wpguerssen-test.odoo.rgbconsulting.com\/es\/wp-json\/wp\/v2\/product_brand?post=276392"},{"taxonomy":"product_cat","embeddable":true,"href":"https:\/\/wpguerssen-test.odoo.rgbconsulting.com\/es\/wp-json\/wp\/v2\/product_cat?post=276392"},{"taxonomy":"product_tag","embeddable":true,"href":"https:\/\/wpguerssen-test.odoo.rgbconsulting.com\/es\/wp-json\/wp\/v2\/product_tag?post=276392"}],"curies":[{"name":"wp","href":"https:\/\/api.w.org\/{rel}","templated":true}]}}