{"id":276397,"date":"2025-03-24T00:00:00","date_gmt":"2025-03-23T23:00:00","guid":{"rendered":"https:\/\/wpguerssen-test.odoo.rgbconsulting.com\/product\/in-the-midnite-hour-gold\/"},"modified":"2025-03-24T17:34:47","modified_gmt":"2025-03-24T16:34:47","slug":"in-the-midnite-hour-gold","status":"publish","type":"product","link":"https:\/\/wpguerssen-test.odoo.rgbconsulting.com\/es\/producto\/in-the-midnite-hour-gold\/","title":{"rendered":"In The Midnite Hour (Gold)"},"content":{"rendered":"<p>El \u00e1lbum de Warren G de 2005, In The Mid-Nite Hour, entreg\u00f3 m\u00e1s de su ya bien establecido sonido caracter\u00edstico de la Costa Oeste con ritmos suaves de G-funk y flujos relajados. Siempre ser\u00e1 conocido por su tema cl\u00e1sico &#8216;Regulate&#8217;, pero Warren G continu\u00f3 fusionando influencias de hip-hop con funk, soul y r&#038;b a lo largo de los a\u00f1os siguientes, sobre todo con este disco. Temas destacados como &#8216;In Case Some Sh*t Go Down&#8217; y &#8216;I Need a Light&#8217; cuentan con colaboraciones con Snoop Dogg y Nate Dogg y capturan perfectamente ese ambiente atemporal de la costa oeste. El \u00e1lbum combina una narraci\u00f3n ingeniosa y concisa con sus ritmos contagiosos caracter\u00edsticos y se erige como un testimonio del talento de Warren G como rapero y productor mientras mantiene vivo el legado del G-funk.<\/p>\n","protected":false},"excerpt":{"rendered":"<p>El \u00e1lbum de Warren G de 2005, In The Mid-Nite Hour, entreg\u00f3 m\u00e1s de su ya bien establecido sonido caracter\u00edstico de la Costa Oeste con ritmos suaves de G-funk y<a class=\"read\" href=\"https:\/\/wpguerssen-test.odoo.rgbconsulting.com\/es\/producto\/in-the-midnite-hour-gold\/\"> (...)<\/a>","protected":false},"featured_media":276345,"template":"","meta":{"_acf_changed":false},"product_brand":[],"product_cat":[21706],"product_tag":[29140,24189],"class_list":{"0":"post-276397","1":"product","2":"type-product","3":"status-publish","4":"has-post-thumbnail","6":"product_cat-rap-hip-hop-es","7":"product_tag-color-vinyl-es","8":"product_tag-recien-llegadas","9":"pa_artist-warren-g","10":"pa_format-lp-es","11":"pa_gender-rap-hip-hop","12":"pa_label-wax-n-stacks","13":"pa_location-north-america-es","14":"pa_other-filters-vinyl-only-es","16":"first","17":"instock","18":"taxable","19":"shipping-taxable","20":"purchasable","21":"product-type-simple"},"acf":[],"yoast_head":"<!-- This site is optimized with the Yoast SEO plugin v24.9 - https:\/\/yoast.com\/wordpress\/plugins\/seo\/ -->\n<title>WARREN G - In The Midnite Hour (Gold) -  (LP) | Guerssen<\/title>\n<meta name=\"description\" content=\"Warren G&#039;s 2005 album In The Mid-Nite Hour delivered more of his already by then well-established signature West Coast sound with smooth G-funk beats and laid-back flows. He will always be known for his classic track &#039;Regulate&#039; but Warren G continued to fuse hip-hop with funk, soul and r&amp;b influences throughout the following years, not least with this record. Standout tracks like &#039;In Case Some Sh*t Go Down&#039; and &#039;I Need a Light&#039; feature collaborations with Snoop Dogg and Nate Dogg and they perfectly capture that timeless West Coast vibe. The album blends some witty, pithy storytelling with his signature infectious grooves and stands tall as a testament to Warren G&#039;s talent as both a rapper and producer while keeping the G-funk legacy alive.\" \/>\n<meta name=\"robots\" content=\"index, follow, max-snippet:-1, max-image-preview:large, max-video-preview:-1\" \/>\n<link rel=\"canonical\" href=\"https:\/\/wpguerssen-test.odoo.rgbconsulting.com\/es\/producto\/in-the-midnite-hour-gold\/\" \/>\n<meta property=\"og:locale\" content=\"es_ES\" \/>\n<meta property=\"og:type\" content=\"article\" \/>\n<meta property=\"og:title\" content=\"WARREN G - In The Midnite Hour (Gold) -  (LP) | Guerssen\" \/>\n<meta property=\"og:description\" content=\"Warren G&#039;s 2005 album In The Mid-Nite Hour delivered more of his already by then well-established signature West Coast sound with smooth G-funk beats and laid-back flows. He will always be known for his classic track &#039;Regulate&#039; but Warren G continued to fuse hip-hop with funk, soul and r&amp;b influences throughout the following years, not least with this record. Standout tracks like &#039;In Case Some Sh*t Go Down&#039; and &#039;I Need a Light&#039; feature collaborations with Snoop Dogg and Nate Dogg and they perfectly capture that timeless West Coast vibe. The album blends some witty, pithy storytelling with his signature infectious grooves and stands tall as a testament to Warren G&#039;s talent as both a rapper and producer while keeping the G-funk legacy alive.\" \/>\n<meta property=\"og:url\" content=\"https:\/\/wpguerssen-test.odoo.rgbconsulting.com\/es\/producto\/in-the-midnite-hour-gold\/\" \/>\n<meta property=\"og:site_name\" content=\"Guerssen records\" \/>\n<meta property=\"article:modified_time\" content=\"2025-03-24T16:34:47+00:00\" \/>\n<meta property=\"og:image\" content=\"https:\/\/wpguerssen-test.odoo.rgbconsulting.com\/wp-content\/uploads\/2024\/10\/48852.jpg\" \/>\n\t<meta property=\"og:image:width\" content=\"243\" \/>\n\t<meta property=\"og:image:height\" content=\"243\" \/>\n\t<meta property=\"og:image:type\" content=\"image\/jpeg\" \/>\n<meta name=\"twitter:card\" content=\"summary_large_image\" \/>\n<meta name=\"twitter:title\" content=\"WARREN G - In The Midnite Hour (Gold) -  (LP) | Guerssen\" \/>\n<meta name=\"twitter:label1\" content=\"Tiempo de lectura\" \/>\n\t<meta name=\"twitter:data1\" content=\"1 minuto\" \/>\n<script type=\"application\/ld+json\" class=\"yoast-schema-graph\">{\"@context\":\"https:\/\/schema.org\",\"@graph\":[{\"@type\":\"WebPage\",\"@id\":\"https:\/\/wpguerssen-test.odoo.rgbconsulting.com\/es\/producto\/in-the-midnite-hour-gold\/\",\"url\":\"https:\/\/wpguerssen-test.odoo.rgbconsulting.com\/es\/producto\/in-the-midnite-hour-gold\/\",\"name\":\"WARREN G - In The Midnite Hour (Gold) - (LP) | Guerssen\",\"isPartOf\":{\"@id\":\"https:\/\/wpguerssen-test.odoo.rgbconsulting.com\/es\/#website\"},\"primaryImageOfPage\":{\"@id\":\"https:\/\/wpguerssen-test.odoo.rgbconsulting.com\/es\/producto\/in-the-midnite-hour-gold\/#primaryimage\"},\"image\":{\"@id\":\"https:\/\/wpguerssen-test.odoo.rgbconsulting.com\/es\/producto\/in-the-midnite-hour-gold\/#primaryimage\"},\"thumbnailUrl\":\"https:\/\/wpguerssen-test.odoo.rgbconsulting.com\/wp-content\/uploads\/2024\/10\/48852.jpg\",\"datePublished\":\"2025-03-23T23:00:00+00:00\",\"dateModified\":\"2025-03-24T16:34:47+00:00\",\"description\":\"Warren G's 2005 album In The Mid-Nite Hour delivered more of his already by then well-established signature West Coast sound with smooth G-funk beats and laid-back flows. He will always be known for his classic track 'Regulate' but Warren G continued to fuse hip-hop with funk, soul and r&b influences throughout the following years, not least with this record. Standout tracks like 'In Case Some Sh*t Go Down' and 'I Need a Light' feature collaborations with Snoop Dogg and Nate Dogg and they perfectly capture that timeless West Coast vibe. The album blends some witty, pithy storytelling with his signature infectious grooves and stands tall as a testament to Warren G's talent as both a rapper and producer while keeping the G-funk legacy alive.\",\"breadcrumb\":{\"@id\":\"https:\/\/wpguerssen-test.odoo.rgbconsulting.com\/es\/producto\/in-the-midnite-hour-gold\/#breadcrumb\"},\"inLanguage\":\"es\",\"potentialAction\":[{\"@type\":\"ReadAction\",\"target\":[\"https:\/\/wpguerssen-test.odoo.rgbconsulting.com\/es\/producto\/in-the-midnite-hour-gold\/\"]}]},{\"@type\":\"ImageObject\",\"inLanguage\":\"es\",\"@id\":\"https:\/\/wpguerssen-test.odoo.rgbconsulting.com\/es\/producto\/in-the-midnite-hour-gold\/#primaryimage\",\"url\":\"https:\/\/wpguerssen-test.odoo.rgbconsulting.com\/wp-content\/uploads\/2024\/10\/48852.jpg\",\"contentUrl\":\"https:\/\/wpguerssen-test.odoo.rgbconsulting.com\/wp-content\/uploads\/2024\/10\/48852.jpg\",\"width\":243,\"height\":243},{\"@type\":\"BreadcrumbList\",\"@id\":\"https:\/\/wpguerssen-test.odoo.rgbconsulting.com\/es\/producto\/in-the-midnite-hour-gold\/#breadcrumb\",\"itemListElement\":[{\"@type\":\"ListItem\",\"position\":1,\"name\":\"Inicio\",\"item\":\"https:\/\/wpguerssen-test.odoo.rgbconsulting.com\/es\/\"},{\"@type\":\"ListItem\",\"position\":2,\"name\":\"Shop\",\"item\":\"https:\/\/wpguerssen-test.odoo.rgbconsulting.com\/shop\/\"},{\"@type\":\"ListItem\",\"position\":3,\"name\":\"In The Midnite Hour (Gold)\"}]},{\"@type\":\"WebSite\",\"@id\":\"https:\/\/wpguerssen-test.odoo.rgbconsulting.com\/es\/#website\",\"url\":\"https:\/\/wpguerssen-test.odoo.rgbconsulting.com\/es\/\",\"name\":\"Guerssen records\",\"description\":\"psychedelia - progressive - folk - garage \",\"publisher\":{\"@id\":\"https:\/\/wpguerssen-test.odoo.rgbconsulting.com\/es\/#organization\"},\"potentialAction\":[{\"@type\":\"SearchAction\",\"target\":{\"@type\":\"EntryPoint\",\"urlTemplate\":\"https:\/\/wpguerssen-test.odoo.rgbconsulting.com\/es\/?s={search_term_string}\"},\"query-input\":{\"@type\":\"PropertyValueSpecification\",\"valueRequired\":true,\"valueName\":\"search_term_string\"}}],\"inLanguage\":\"es\"},{\"@type\":\"Organization\",\"@id\":\"https:\/\/wpguerssen-test.odoo.rgbconsulting.com\/es\/#organization\",\"name\":\"Guerssen records\",\"url\":\"https:\/\/wpguerssen-test.odoo.rgbconsulting.com\/es\/\",\"logo\":{\"@type\":\"ImageObject\",\"inLanguage\":\"es\",\"@id\":\"https:\/\/wpguerssen-test.odoo.rgbconsulting.com\/es\/#\/schema\/logo\/image\/\",\"url\":\"https:\/\/wpguerssen-test.odoo.rgbconsulting.com\/wp-content\/uploads\/2022\/04\/Logo_Guerssen_trans_100.png\",\"contentUrl\":\"https:\/\/wpguerssen-test.odoo.rgbconsulting.com\/wp-content\/uploads\/2022\/04\/Logo_Guerssen_trans_100.png\",\"width\":122,\"height\":100,\"caption\":\"Guerssen records\"},\"image\":{\"@id\":\"https:\/\/wpguerssen-test.odoo.rgbconsulting.com\/es\/#\/schema\/logo\/image\/\"}}]}<\/script>\n<!-- \/ Yoast SEO plugin. -->","yoast_head_json":{"title":"WARREN G - In The Midnite Hour (Gold) -  (LP) | Guerssen","description":"Warren G's 2005 album In The Mid-Nite Hour delivered more of his already by then well-established signature West Coast sound with smooth G-funk beats and laid-back flows. He will always be known for his classic track 'Regulate' but Warren G continued to fuse hip-hop with funk, soul and r&b influences throughout the following years, not least with this record. Standout tracks like 'In Case Some Sh*t Go Down' and 'I Need a Light' feature collaborations with Snoop Dogg and Nate Dogg and they perfectly capture that timeless West Coast vibe. The album blends some witty, pithy storytelling with his signature infectious grooves and stands tall as a testament to Warren G's talent as both a rapper and producer while keeping the G-funk legacy alive.","robots":{"index":"index","follow":"follow","max-snippet":"max-snippet:-1","max-image-preview":"max-image-preview:large","max-video-preview":"max-video-preview:-1"},"canonical":"https:\/\/wpguerssen-test.odoo.rgbconsulting.com\/es\/producto\/in-the-midnite-hour-gold\/","og_locale":"es_ES","og_type":"article","og_title":"WARREN G - In The Midnite Hour (Gold) -  (LP) | Guerssen","og_description":"Warren G's 2005 album In The Mid-Nite Hour delivered more of his already by then well-established signature West Coast sound with smooth G-funk beats and laid-back flows. He will always be known for his classic track 'Regulate' but Warren G continued to fuse hip-hop with funk, soul and r&b influences throughout the following years, not least with this record. Standout tracks like 'In Case Some Sh*t Go Down' and 'I Need a Light' feature collaborations with Snoop Dogg and Nate Dogg and they perfectly capture that timeless West Coast vibe. The album blends some witty, pithy storytelling with his signature infectious grooves and stands tall as a testament to Warren G's talent as both a rapper and producer while keeping the G-funk legacy alive.","og_url":"https:\/\/wpguerssen-test.odoo.rgbconsulting.com\/es\/producto\/in-the-midnite-hour-gold\/","og_site_name":"Guerssen records","article_modified_time":"2025-03-24T16:34:47+00:00","og_image":[{"width":243,"height":243,"url":"https:\/\/wpguerssen-test.odoo.rgbconsulting.com\/wp-content\/uploads\/2024\/10\/48852.jpg","type":"image\/jpeg"}],"twitter_card":"summary_large_image","twitter_title":"WARREN G - In The Midnite Hour (Gold) -  (LP) | Guerssen","twitter_misc":{"Tiempo de lectura":"1 minuto"},"schema":{"@context":"https:\/\/schema.org","@graph":[{"@type":"WebPage","@id":"https:\/\/wpguerssen-test.odoo.rgbconsulting.com\/es\/producto\/in-the-midnite-hour-gold\/","url":"https:\/\/wpguerssen-test.odoo.rgbconsulting.com\/es\/producto\/in-the-midnite-hour-gold\/","name":"WARREN G - In The Midnite Hour (Gold) - (LP) | Guerssen","isPartOf":{"@id":"https:\/\/wpguerssen-test.odoo.rgbconsulting.com\/es\/#website"},"primaryImageOfPage":{"@id":"https:\/\/wpguerssen-test.odoo.rgbconsulting.com\/es\/producto\/in-the-midnite-hour-gold\/#primaryimage"},"image":{"@id":"https:\/\/wpguerssen-test.odoo.rgbconsulting.com\/es\/producto\/in-the-midnite-hour-gold\/#primaryimage"},"thumbnailUrl":"https:\/\/wpguerssen-test.odoo.rgbconsulting.com\/wp-content\/uploads\/2024\/10\/48852.jpg","datePublished":"2025-03-23T23:00:00+00:00","dateModified":"2025-03-24T16:34:47+00:00","description":"Warren G's 2005 album In The Mid-Nite Hour delivered more of his already by then well-established signature West Coast sound with smooth G-funk beats and laid-back flows. He will always be known for his classic track 'Regulate' but Warren G continued to fuse hip-hop with funk, soul and r&b influences throughout the following years, not least with this record. Standout tracks like 'In Case Some Sh*t Go Down' and 'I Need a Light' feature collaborations with Snoop Dogg and Nate Dogg and they perfectly capture that timeless West Coast vibe. The album blends some witty, pithy storytelling with his signature infectious grooves and stands tall as a testament to Warren G's talent as both a rapper and producer while keeping the G-funk legacy alive.","breadcrumb":{"@id":"https:\/\/wpguerssen-test.odoo.rgbconsulting.com\/es\/producto\/in-the-midnite-hour-gold\/#breadcrumb"},"inLanguage":"es","potentialAction":[{"@type":"ReadAction","target":["https:\/\/wpguerssen-test.odoo.rgbconsulting.com\/es\/producto\/in-the-midnite-hour-gold\/"]}]},{"@type":"ImageObject","inLanguage":"es","@id":"https:\/\/wpguerssen-test.odoo.rgbconsulting.com\/es\/producto\/in-the-midnite-hour-gold\/#primaryimage","url":"https:\/\/wpguerssen-test.odoo.rgbconsulting.com\/wp-content\/uploads\/2024\/10\/48852.jpg","contentUrl":"https:\/\/wpguerssen-test.odoo.rgbconsulting.com\/wp-content\/uploads\/2024\/10\/48852.jpg","width":243,"height":243},{"@type":"BreadcrumbList","@id":"https:\/\/wpguerssen-test.odoo.rgbconsulting.com\/es\/producto\/in-the-midnite-hour-gold\/#breadcrumb","itemListElement":[{"@type":"ListItem","position":1,"name":"Inicio","item":"https:\/\/wpguerssen-test.odoo.rgbconsulting.com\/es\/"},{"@type":"ListItem","position":2,"name":"Shop","item":"https:\/\/wpguerssen-test.odoo.rgbconsulting.com\/shop\/"},{"@type":"ListItem","position":3,"name":"In The Midnite Hour (Gold)"}]},{"@type":"WebSite","@id":"https:\/\/wpguerssen-test.odoo.rgbconsulting.com\/es\/#website","url":"https:\/\/wpguerssen-test.odoo.rgbconsulting.com\/es\/","name":"Guerssen records","description":"psychedelia - progressive - folk - garage ","publisher":{"@id":"https:\/\/wpguerssen-test.odoo.rgbconsulting.com\/es\/#organization"},"potentialAction":[{"@type":"SearchAction","target":{"@type":"EntryPoint","urlTemplate":"https:\/\/wpguerssen-test.odoo.rgbconsulting.com\/es\/?s={search_term_string}"},"query-input":{"@type":"PropertyValueSpecification","valueRequired":true,"valueName":"search_term_string"}}],"inLanguage":"es"},{"@type":"Organization","@id":"https:\/\/wpguerssen-test.odoo.rgbconsulting.com\/es\/#organization","name":"Guerssen records","url":"https:\/\/wpguerssen-test.odoo.rgbconsulting.com\/es\/","logo":{"@type":"ImageObject","inLanguage":"es","@id":"https:\/\/wpguerssen-test.odoo.rgbconsulting.com\/es\/#\/schema\/logo\/image\/","url":"https:\/\/wpguerssen-test.odoo.rgbconsulting.com\/wp-content\/uploads\/2022\/04\/Logo_Guerssen_trans_100.png","contentUrl":"https:\/\/wpguerssen-test.odoo.rgbconsulting.com\/wp-content\/uploads\/2022\/04\/Logo_Guerssen_trans_100.png","width":122,"height":100,"caption":"Guerssen records"},"image":{"@id":"https:\/\/wpguerssen-test.odoo.rgbconsulting.com\/es\/#\/schema\/logo\/image\/"}}]}},"_links":{"self":[{"href":"https:\/\/wpguerssen-test.odoo.rgbconsulting.com\/es\/wp-json\/wp\/v2\/product\/276397","targetHints":{"allow":["GET"]}}],"collection":[{"href":"https:\/\/wpguerssen-test.odoo.rgbconsulting.com\/es\/wp-json\/wp\/v2\/product"}],"about":[{"href":"https:\/\/wpguerssen-test.odoo.rgbconsulting.com\/es\/wp-json\/wp\/v2\/types\/product"}],"wp:featuredmedia":[{"embeddable":true,"href":"https:\/\/wpguerssen-test.odoo.rgbconsulting.com\/es\/wp-json\/wp\/v2\/media\/276345"}],"wp:attachment":[{"href":"https:\/\/wpguerssen-test.odoo.rgbconsulting.com\/es\/wp-json\/wp\/v2\/media?parent=276397"}],"wp:term":[{"taxonomy":"product_brand","embeddable":true,"href":"https:\/\/wpguerssen-test.odoo.rgbconsulting.com\/es\/wp-json\/wp\/v2\/product_brand?post=276397"},{"taxonomy":"product_cat","embeddable":true,"href":"https:\/\/wpguerssen-test.odoo.rgbconsulting.com\/es\/wp-json\/wp\/v2\/product_cat?post=276397"},{"taxonomy":"product_tag","embeddable":true,"href":"https:\/\/wpguerssen-test.odoo.rgbconsulting.com\/es\/wp-json\/wp\/v2\/product_tag?post=276397"}],"curies":[{"name":"wp","href":"https:\/\/api.w.org\/{rel}","templated":true}]}}