{"id":276400,"date":"2024-10-23T00:00:00","date_gmt":"2024-10-22T22:00:00","guid":{"rendered":"https:\/\/wpguerssen-test.odoo.rgbconsulting.com\/product\/presentes-urbanizados\/"},"modified":"2025-01-30T17:11:17","modified_gmt":"2025-01-30T16:11:17","slug":"presentes-urbanizados","status":"publish","type":"product","link":"https:\/\/wpguerssen-test.odoo.rgbconsulting.com\/es\/producto\/presentes-urbanizados\/","title":{"rendered":"Presentes Urbanizados"},"content":{"rendered":"<p>Estamos emocionados de presentar el rescate hist\u00f3rico de la \u00fanica grabaci\u00f3n existente de Antih\u00e9roes, un misterio m\u00e1s de la escena musical underground argentina de los a\u00f1os 80, ahora disponible por primera vez en vinilo. Esta oscura banda de post punk muestra su dureza y oscuridad en estos dos \u00fanicos temas que grabaron, all\u00e1 por 1985, y que fueron distribuidos en un casete que hoy ha alcanzado estatus de culto. Este lanzamiento es el resultado del trabajo colaborativo entre Twistin&#8217; Bones (Costa Rica) y Munster Records.<\/p>\n","protected":false},"excerpt":{"rendered":"<p>Estamos emocionados de presentar el rescate hist\u00f3rico de la \u00fanica grabaci\u00f3n existente de Antih\u00e9roes, un misterio m\u00e1s de la escena musical underground argentina<a class=\"read\" href=\"https:\/\/wpguerssen-test.odoo.rgbconsulting.com\/es\/producto\/presentes-urbanizados\/\"> (...)<\/a>","protected":false},"featured_media":276354,"template":"","meta":{"_acf_changed":false},"product_brand":[],"product_cat":[23235],"product_tag":[],"class_list":{"0":"post-276400","1":"product","2":"type-product","3":"status-publish","4":"has-post-thumbnail","6":"product_cat-post-punk-es","7":"pa_artist-antiheroes","8":"pa_format-7-es","9":"pa_gender-post-punk","10":"pa_label-munster-es","11":"pa_location-south-america-caribbean-es","12":"pa_other-filters-vinyl-only-es","14":"first","15":"instock","16":"taxable","17":"shipping-taxable","18":"purchasable","19":"product-type-simple"},"acf":[],"yoast_head":"<!-- This site is optimized with the Yoast SEO plugin v24.9 - https:\/\/yoast.com\/wordpress\/plugins\/seo\/ -->\n<title>ANTIHEROES - Presentes Urbanizados -  (7&quot;) | Guerssen<\/title>\n<meta name=\"description\" content=\"We are thrilled to present the historical rescue of the only existing recording of Antih\u00e9roes, yet another mystery of the Argentine musical underground scene of the 80s, now available on vinyl for the first time. This obscure post punk band show their harshness and darkness in these only two songs they recorded, back in 1985, and which were distributed on a cassette that has today achieved cult status. This release is the result of the collaborative work between Twistin&#039; Bones (Costa Rica) and Munster Records.\" \/>\n<meta name=\"robots\" content=\"index, follow, max-snippet:-1, max-image-preview:large, max-video-preview:-1\" \/>\n<link rel=\"canonical\" href=\"https:\/\/wpguerssen-test.odoo.rgbconsulting.com\/es\/producto\/presentes-urbanizados\/\" \/>\n<meta property=\"og:locale\" content=\"es_ES\" \/>\n<meta property=\"og:type\" content=\"article\" \/>\n<meta property=\"og:title\" content=\"ANTIHEROES - Presentes Urbanizados -  (7&quot;) | Guerssen\" \/>\n<meta property=\"og:description\" content=\"We are thrilled to present the historical rescue of the only existing recording of Antih\u00e9roes, yet another mystery of the Argentine musical underground scene of the 80s, now available on vinyl for the first time. This obscure post punk band show their harshness and darkness in these only two songs they recorded, back in 1985, and which were distributed on a cassette that has today achieved cult status. This release is the result of the collaborative work between Twistin&#039; Bones (Costa Rica) and Munster Records.\" \/>\n<meta property=\"og:url\" content=\"https:\/\/wpguerssen-test.odoo.rgbconsulting.com\/es\/producto\/presentes-urbanizados\/\" \/>\n<meta property=\"og:site_name\" content=\"Guerssen records\" \/>\n<meta property=\"article:modified_time\" content=\"2025-01-30T16:11:17+00:00\" \/>\n<meta property=\"og:image\" content=\"https:\/\/wpguerssen-test.odoo.rgbconsulting.com\/wp-content\/uploads\/2024\/10\/48855.jpg\" \/>\n\t<meta property=\"og:image:width\" content=\"300\" \/>\n\t<meta property=\"og:image:height\" content=\"300\" \/>\n\t<meta property=\"og:image:type\" content=\"image\/jpeg\" \/>\n<meta name=\"twitter:card\" content=\"summary_large_image\" \/>\n<meta name=\"twitter:title\" content=\"ANTIHEROES - Presentes Urbanizados -  (7&quot;) | Guerssen\" \/>\n<script type=\"application\/ld+json\" class=\"yoast-schema-graph\">{\"@context\":\"https:\/\/schema.org\",\"@graph\":[{\"@type\":\"WebPage\",\"@id\":\"https:\/\/wpguerssen-test.odoo.rgbconsulting.com\/es\/producto\/presentes-urbanizados\/\",\"url\":\"https:\/\/wpguerssen-test.odoo.rgbconsulting.com\/es\/producto\/presentes-urbanizados\/\",\"name\":\"ANTIHEROES - Presentes Urbanizados - (7\\\") | Guerssen\",\"isPartOf\":{\"@id\":\"https:\/\/wpguerssen-test.odoo.rgbconsulting.com\/es\/#website\"},\"primaryImageOfPage\":{\"@id\":\"https:\/\/wpguerssen-test.odoo.rgbconsulting.com\/es\/producto\/presentes-urbanizados\/#primaryimage\"},\"image\":{\"@id\":\"https:\/\/wpguerssen-test.odoo.rgbconsulting.com\/es\/producto\/presentes-urbanizados\/#primaryimage\"},\"thumbnailUrl\":\"https:\/\/wpguerssen-test.odoo.rgbconsulting.com\/wp-content\/uploads\/2024\/10\/48855.jpg\",\"datePublished\":\"2024-10-22T22:00:00+00:00\",\"dateModified\":\"2025-01-30T16:11:17+00:00\",\"description\":\"We are thrilled to present the historical rescue of the only existing recording of Antih\u00e9roes, yet another mystery of the Argentine musical underground scene of the 80s, now available on vinyl for the first time. This obscure post punk band show their harshness and darkness in these only two songs they recorded, back in 1985, and which were distributed on a cassette that has today achieved cult status. This release is the result of the collaborative work between Twistin' Bones (Costa Rica) and Munster Records.\",\"breadcrumb\":{\"@id\":\"https:\/\/wpguerssen-test.odoo.rgbconsulting.com\/es\/producto\/presentes-urbanizados\/#breadcrumb\"},\"inLanguage\":\"es\",\"potentialAction\":[{\"@type\":\"ReadAction\",\"target\":[\"https:\/\/wpguerssen-test.odoo.rgbconsulting.com\/es\/producto\/presentes-urbanizados\/\"]}]},{\"@type\":\"ImageObject\",\"inLanguage\":\"es\",\"@id\":\"https:\/\/wpguerssen-test.odoo.rgbconsulting.com\/es\/producto\/presentes-urbanizados\/#primaryimage\",\"url\":\"https:\/\/wpguerssen-test.odoo.rgbconsulting.com\/wp-content\/uploads\/2024\/10\/48855.jpg\",\"contentUrl\":\"https:\/\/wpguerssen-test.odoo.rgbconsulting.com\/wp-content\/uploads\/2024\/10\/48855.jpg\",\"width\":300,\"height\":300},{\"@type\":\"BreadcrumbList\",\"@id\":\"https:\/\/wpguerssen-test.odoo.rgbconsulting.com\/es\/producto\/presentes-urbanizados\/#breadcrumb\",\"itemListElement\":[{\"@type\":\"ListItem\",\"position\":1,\"name\":\"Inicio\",\"item\":\"https:\/\/wpguerssen-test.odoo.rgbconsulting.com\/es\/\"},{\"@type\":\"ListItem\",\"position\":2,\"name\":\"Shop\",\"item\":\"https:\/\/wpguerssen-test.odoo.rgbconsulting.com\/shop\/\"},{\"@type\":\"ListItem\",\"position\":3,\"name\":\"Presentes Urbanizados\"}]},{\"@type\":\"WebSite\",\"@id\":\"https:\/\/wpguerssen-test.odoo.rgbconsulting.com\/es\/#website\",\"url\":\"https:\/\/wpguerssen-test.odoo.rgbconsulting.com\/es\/\",\"name\":\"Guerssen records\",\"description\":\"psychedelia - progressive - folk - garage \",\"publisher\":{\"@id\":\"https:\/\/wpguerssen-test.odoo.rgbconsulting.com\/es\/#organization\"},\"potentialAction\":[{\"@type\":\"SearchAction\",\"target\":{\"@type\":\"EntryPoint\",\"urlTemplate\":\"https:\/\/wpguerssen-test.odoo.rgbconsulting.com\/es\/?s={search_term_string}\"},\"query-input\":{\"@type\":\"PropertyValueSpecification\",\"valueRequired\":true,\"valueName\":\"search_term_string\"}}],\"inLanguage\":\"es\"},{\"@type\":\"Organization\",\"@id\":\"https:\/\/wpguerssen-test.odoo.rgbconsulting.com\/es\/#organization\",\"name\":\"Guerssen records\",\"url\":\"https:\/\/wpguerssen-test.odoo.rgbconsulting.com\/es\/\",\"logo\":{\"@type\":\"ImageObject\",\"inLanguage\":\"es\",\"@id\":\"https:\/\/wpguerssen-test.odoo.rgbconsulting.com\/es\/#\/schema\/logo\/image\/\",\"url\":\"https:\/\/wpguerssen-test.odoo.rgbconsulting.com\/wp-content\/uploads\/2022\/04\/Logo_Guerssen_trans_100.png\",\"contentUrl\":\"https:\/\/wpguerssen-test.odoo.rgbconsulting.com\/wp-content\/uploads\/2022\/04\/Logo_Guerssen_trans_100.png\",\"width\":122,\"height\":100,\"caption\":\"Guerssen records\"},\"image\":{\"@id\":\"https:\/\/wpguerssen-test.odoo.rgbconsulting.com\/es\/#\/schema\/logo\/image\/\"}}]}<\/script>\n<!-- \/ Yoast SEO plugin. -->","yoast_head_json":{"title":"ANTIHEROES - Presentes Urbanizados -  (7\") | Guerssen","description":"We are thrilled to present the historical rescue of the only existing recording of Antih\u00e9roes, yet another mystery of the Argentine musical underground scene of the 80s, now available on vinyl for the first time. This obscure post punk band show their harshness and darkness in these only two songs they recorded, back in 1985, and which were distributed on a cassette that has today achieved cult status. This release is the result of the collaborative work between Twistin' Bones (Costa Rica) and Munster Records.","robots":{"index":"index","follow":"follow","max-snippet":"max-snippet:-1","max-image-preview":"max-image-preview:large","max-video-preview":"max-video-preview:-1"},"canonical":"https:\/\/wpguerssen-test.odoo.rgbconsulting.com\/es\/producto\/presentes-urbanizados\/","og_locale":"es_ES","og_type":"article","og_title":"ANTIHEROES - Presentes Urbanizados -  (7\") | Guerssen","og_description":"We are thrilled to present the historical rescue of the only existing recording of Antih\u00e9roes, yet another mystery of the Argentine musical underground scene of the 80s, now available on vinyl for the first time. This obscure post punk band show their harshness and darkness in these only two songs they recorded, back in 1985, and which were distributed on a cassette that has today achieved cult status. This release is the result of the collaborative work between Twistin' Bones (Costa Rica) and Munster Records.","og_url":"https:\/\/wpguerssen-test.odoo.rgbconsulting.com\/es\/producto\/presentes-urbanizados\/","og_site_name":"Guerssen records","article_modified_time":"2025-01-30T16:11:17+00:00","og_image":[{"width":300,"height":300,"url":"https:\/\/wpguerssen-test.odoo.rgbconsulting.com\/wp-content\/uploads\/2024\/10\/48855.jpg","type":"image\/jpeg"}],"twitter_card":"summary_large_image","twitter_title":"ANTIHEROES - Presentes Urbanizados -  (7\") | Guerssen","schema":{"@context":"https:\/\/schema.org","@graph":[{"@type":"WebPage","@id":"https:\/\/wpguerssen-test.odoo.rgbconsulting.com\/es\/producto\/presentes-urbanizados\/","url":"https:\/\/wpguerssen-test.odoo.rgbconsulting.com\/es\/producto\/presentes-urbanizados\/","name":"ANTIHEROES - Presentes Urbanizados - (7\") | Guerssen","isPartOf":{"@id":"https:\/\/wpguerssen-test.odoo.rgbconsulting.com\/es\/#website"},"primaryImageOfPage":{"@id":"https:\/\/wpguerssen-test.odoo.rgbconsulting.com\/es\/producto\/presentes-urbanizados\/#primaryimage"},"image":{"@id":"https:\/\/wpguerssen-test.odoo.rgbconsulting.com\/es\/producto\/presentes-urbanizados\/#primaryimage"},"thumbnailUrl":"https:\/\/wpguerssen-test.odoo.rgbconsulting.com\/wp-content\/uploads\/2024\/10\/48855.jpg","datePublished":"2024-10-22T22:00:00+00:00","dateModified":"2025-01-30T16:11:17+00:00","description":"We are thrilled to present the historical rescue of the only existing recording of Antih\u00e9roes, yet another mystery of the Argentine musical underground scene of the 80s, now available on vinyl for the first time. This obscure post punk band show their harshness and darkness in these only two songs they recorded, back in 1985, and which were distributed on a cassette that has today achieved cult status. This release is the result of the collaborative work between Twistin' Bones (Costa Rica) and Munster Records.","breadcrumb":{"@id":"https:\/\/wpguerssen-test.odoo.rgbconsulting.com\/es\/producto\/presentes-urbanizados\/#breadcrumb"},"inLanguage":"es","potentialAction":[{"@type":"ReadAction","target":["https:\/\/wpguerssen-test.odoo.rgbconsulting.com\/es\/producto\/presentes-urbanizados\/"]}]},{"@type":"ImageObject","inLanguage":"es","@id":"https:\/\/wpguerssen-test.odoo.rgbconsulting.com\/es\/producto\/presentes-urbanizados\/#primaryimage","url":"https:\/\/wpguerssen-test.odoo.rgbconsulting.com\/wp-content\/uploads\/2024\/10\/48855.jpg","contentUrl":"https:\/\/wpguerssen-test.odoo.rgbconsulting.com\/wp-content\/uploads\/2024\/10\/48855.jpg","width":300,"height":300},{"@type":"BreadcrumbList","@id":"https:\/\/wpguerssen-test.odoo.rgbconsulting.com\/es\/producto\/presentes-urbanizados\/#breadcrumb","itemListElement":[{"@type":"ListItem","position":1,"name":"Inicio","item":"https:\/\/wpguerssen-test.odoo.rgbconsulting.com\/es\/"},{"@type":"ListItem","position":2,"name":"Shop","item":"https:\/\/wpguerssen-test.odoo.rgbconsulting.com\/shop\/"},{"@type":"ListItem","position":3,"name":"Presentes Urbanizados"}]},{"@type":"WebSite","@id":"https:\/\/wpguerssen-test.odoo.rgbconsulting.com\/es\/#website","url":"https:\/\/wpguerssen-test.odoo.rgbconsulting.com\/es\/","name":"Guerssen records","description":"psychedelia - progressive - folk - garage ","publisher":{"@id":"https:\/\/wpguerssen-test.odoo.rgbconsulting.com\/es\/#organization"},"potentialAction":[{"@type":"SearchAction","target":{"@type":"EntryPoint","urlTemplate":"https:\/\/wpguerssen-test.odoo.rgbconsulting.com\/es\/?s={search_term_string}"},"query-input":{"@type":"PropertyValueSpecification","valueRequired":true,"valueName":"search_term_string"}}],"inLanguage":"es"},{"@type":"Organization","@id":"https:\/\/wpguerssen-test.odoo.rgbconsulting.com\/es\/#organization","name":"Guerssen records","url":"https:\/\/wpguerssen-test.odoo.rgbconsulting.com\/es\/","logo":{"@type":"ImageObject","inLanguage":"es","@id":"https:\/\/wpguerssen-test.odoo.rgbconsulting.com\/es\/#\/schema\/logo\/image\/","url":"https:\/\/wpguerssen-test.odoo.rgbconsulting.com\/wp-content\/uploads\/2022\/04\/Logo_Guerssen_trans_100.png","contentUrl":"https:\/\/wpguerssen-test.odoo.rgbconsulting.com\/wp-content\/uploads\/2022\/04\/Logo_Guerssen_trans_100.png","width":122,"height":100,"caption":"Guerssen records"},"image":{"@id":"https:\/\/wpguerssen-test.odoo.rgbconsulting.com\/es\/#\/schema\/logo\/image\/"}}]}},"_links":{"self":[{"href":"https:\/\/wpguerssen-test.odoo.rgbconsulting.com\/es\/wp-json\/wp\/v2\/product\/276400","targetHints":{"allow":["GET"]}}],"collection":[{"href":"https:\/\/wpguerssen-test.odoo.rgbconsulting.com\/es\/wp-json\/wp\/v2\/product"}],"about":[{"href":"https:\/\/wpguerssen-test.odoo.rgbconsulting.com\/es\/wp-json\/wp\/v2\/types\/product"}],"wp:featuredmedia":[{"embeddable":true,"href":"https:\/\/wpguerssen-test.odoo.rgbconsulting.com\/es\/wp-json\/wp\/v2\/media\/276354"}],"wp:attachment":[{"href":"https:\/\/wpguerssen-test.odoo.rgbconsulting.com\/es\/wp-json\/wp\/v2\/media?parent=276400"}],"wp:term":[{"taxonomy":"product_brand","embeddable":true,"href":"https:\/\/wpguerssen-test.odoo.rgbconsulting.com\/es\/wp-json\/wp\/v2\/product_brand?post=276400"},{"taxonomy":"product_cat","embeddable":true,"href":"https:\/\/wpguerssen-test.odoo.rgbconsulting.com\/es\/wp-json\/wp\/v2\/product_cat?post=276400"},{"taxonomy":"product_tag","embeddable":true,"href":"https:\/\/wpguerssen-test.odoo.rgbconsulting.com\/es\/wp-json\/wp\/v2\/product_tag?post=276400"}],"curies":[{"name":"wp","href":"https:\/\/api.w.org\/{rel}","templated":true}]}}