{"id":276401,"date":"2024-11-06T00:00:00","date_gmt":"2024-11-05T23:00:00","guid":{"rendered":"https:\/\/wpguerssen-test.odoo.rgbconsulting.com\/product\/gotta-get-my-pimp-on-vol-2-colored\/"},"modified":"2025-03-03T16:22:05","modified_gmt":"2025-03-03T15:22:05","slug":"gotta-get-my-pimp-on-vol-2-colored","status":"publish","type":"product","link":"https:\/\/wpguerssen-test.odoo.rgbconsulting.com\/es\/producto\/gotta-get-my-pimp-on-vol-2-colored\/","title":{"rendered":"Gotta get My Pimp On Vol 2 (Colored)"},"content":{"rendered":"<p>El pr\u00f3ximo lanzamiento de la serie Memphis Rap de Now Again es Gotta Get My Pimp On. Raps de proxenetas de baja fidelidad grabados en un casete de cuatro pistas en el dormitorio de Shawty Pimp en 1994.<br \/>Esto es parte de la serie de LP m\u00faltiples de Now Again Records sobre la historia del rap de Memphis, que intenta capturar Memphis y su escena de rap underground cuando comenz\u00f3 a producir algo de la m\u00fasica m\u00e1s distintiva de los a\u00f1os 90.<br \/>Esta era una cepa de hip-hop \u00fanica, visceral y a menudo cruel. Fue un movimiento local, de baja fidelidad y basado en cintas de casete; sin embargo, cambi\u00f3 el curso de la m\u00fasica rap.<br \/>Estos \u00e1lbumes nunca se han impreso en vinilo, hasta ahora. Desde Skinny Pimp y Carmike hasta Gangsta Blac y Shawty Pimp, estos \u00e1lbumes han sido relegados a los contenedores proverbiales de la historia y pirateados, y las copias no oficiales a\u00fan se venden a precios elevados en el mercado secundario. Todos estos \u00e1lbumes obtuvieron licencia directa de sus creadores originales y vienen en vinilo de color de edici\u00f3n limitada con im\u00e1genes aprobadas por el artista para sus primeras versiones LP.<br \/>Puedes leer la historia de la escena del rap de Memphis en un folleto de gran tama\u00f1o de 12 p\u00e1ginas con notas de Torii MacAdams. Captura la historia del rap de Memphis comenzando con la fundaci\u00f3n de la ciudad y terminando con una tienda de suministros para autom\u00f3viles que vend\u00eda estos \u00e1lbumes sin receta, con todos los puntos intermedios.<\/p>\n","protected":false},"excerpt":{"rendered":"<p>El pr\u00f3ximo lanzamiento de la serie Memphis Rap de Now Again es Gotta Get My Pimp On. Raps de proxenetas de baja fidelidad grabados en un casete de cuatro pistas en<a class=\"read\" href=\"https:\/\/wpguerssen-test.odoo.rgbconsulting.com\/es\/producto\/gotta-get-my-pimp-on-vol-2-colored\/\"> (...)<\/a>","protected":false},"featured_media":276357,"template":"","meta":{"_acf_changed":false},"product_brand":[],"product_cat":[21706],"product_tag":[29140],"class_list":{"0":"post-276401","1":"product","2":"type-product","3":"status-publish","4":"has-post-thumbnail","6":"product_cat-rap-hip-hop-es","7":"product_tag-color-vinyl-es","8":"pa_artist-shawty-pimp-mc-spade","9":"pa_format-lp-es","10":"pa_gender-rap-hip-hop","11":"pa_label-now-again","12":"pa_location-north-america-es","13":"pa_other-filters-vinyl-only-es","15":"first","16":"instock","17":"taxable","18":"shipping-taxable","19":"purchasable","20":"product-type-simple"},"acf":[],"yoast_head":"<!-- This site is optimized with the Yoast SEO plugin v24.9 - https:\/\/yoast.com\/wordpress\/plugins\/seo\/ -->\n<title>SHAWTY PIMP &amp; MC SPADE - Gotta get My Pimp On Vol 2 (Colored) -  (LP) | Guerssen<\/title>\n<meta name=\"description\" content=\"The next release in Now Again&#039;s Memphis Rap series is Gotta Get My Pimp On. Lo-fi pimp player raps recorded on a four-track cassette in Shawty Pimp&#039;s bedroom in 1994.This is part of Now Again Records multiple LP series on the History of Memphis Rap, which attempts to capture Memphis and its underground rap scene as it began to produce some of the most distinctive music of the 90s.This was a unique hip-hop strain - visceral and often vicious. It was a local, low-fi, cassette-tape based movement - yet it went on to change the course of rap music.These albums have never been pressed on vinyl - until now. From Skinny Pimp and Carmike to Gangsta Blac and Shawty Pimp, these albums have been relegated to the proverbial bins of history and bootlegged, with unofficial copies still fetching top dollar on the secondary market. These albums were all licensed directly from their original creators, and come on limited edition colored vinyl with artist-approved imagery for their first LP iterations.You can read the story of the Memphis Rap scene in a 12-page, oversized booklet with notes by Torii MacAdams. It captures the story of Memphis rap starting with the city\u00eds founding and ending with an auto supply shop that sold these albums over the counter, with all points in between.\" \/>\n<meta name=\"robots\" content=\"index, follow, max-snippet:-1, max-image-preview:large, max-video-preview:-1\" \/>\n<link rel=\"canonical\" href=\"https:\/\/wpguerssen-test.odoo.rgbconsulting.com\/es\/producto\/gotta-get-my-pimp-on-vol-2-colored\/\" \/>\n<meta property=\"og:locale\" content=\"es_ES\" \/>\n<meta property=\"og:type\" content=\"article\" \/>\n<meta property=\"og:title\" content=\"SHAWTY PIMP &amp; MC SPADE - Gotta get My Pimp On Vol 2 (Colored) -  (LP) | Guerssen\" \/>\n<meta property=\"og:description\" content=\"The next release in Now Again&#039;s Memphis Rap series is Gotta Get My Pimp On. Lo-fi pimp player raps recorded on a four-track cassette in Shawty Pimp&#039;s bedroom in 1994.This is part of Now Again Records multiple LP series on the History of Memphis Rap, which attempts to capture Memphis and its underground rap scene as it began to produce some of the most distinctive music of the 90s.This was a unique hip-hop strain - visceral and often vicious. It was a local, low-fi, cassette-tape based movement - yet it went on to change the course of rap music.These albums have never been pressed on vinyl - until now. From Skinny Pimp and Carmike to Gangsta Blac and Shawty Pimp, these albums have been relegated to the proverbial bins of history and bootlegged, with unofficial copies still fetching top dollar on the secondary market. These albums were all licensed directly from their original creators, and come on limited edition colored vinyl with artist-approved imagery for their first LP iterations.You can read the story of the Memphis Rap scene in a 12-page, oversized booklet with notes by Torii MacAdams. It captures the story of Memphis rap starting with the city\u00eds founding and ending with an auto supply shop that sold these albums over the counter, with all points in between.\" \/>\n<meta property=\"og:url\" content=\"https:\/\/wpguerssen-test.odoo.rgbconsulting.com\/es\/producto\/gotta-get-my-pimp-on-vol-2-colored\/\" \/>\n<meta property=\"og:site_name\" content=\"Guerssen records\" \/>\n<meta property=\"article:modified_time\" content=\"2025-03-03T15:22:05+00:00\" \/>\n<meta property=\"og:image\" content=\"https:\/\/wpguerssen-test.odoo.rgbconsulting.com\/wp-content\/uploads\/2024\/10\/48856.jpg\" \/>\n\t<meta property=\"og:image:width\" content=\"550\" \/>\n\t<meta property=\"og:image:height\" content=\"430\" \/>\n\t<meta property=\"og:image:type\" content=\"image\/jpeg\" \/>\n<meta name=\"twitter:card\" content=\"summary_large_image\" \/>\n<meta name=\"twitter:title\" content=\"SHAWTY PIMP &amp; MC SPADE - Gotta get My Pimp On Vol 2 (Colored) -  (LP) | Guerssen\" \/>\n<meta name=\"twitter:label1\" content=\"Tiempo de lectura\" \/>\n\t<meta name=\"twitter:data1\" content=\"1 minuto\" \/>\n<script type=\"application\/ld+json\" class=\"yoast-schema-graph\">{\"@context\":\"https:\/\/schema.org\",\"@graph\":[{\"@type\":\"WebPage\",\"@id\":\"https:\/\/wpguerssen-test.odoo.rgbconsulting.com\/es\/producto\/gotta-get-my-pimp-on-vol-2-colored\/\",\"url\":\"https:\/\/wpguerssen-test.odoo.rgbconsulting.com\/es\/producto\/gotta-get-my-pimp-on-vol-2-colored\/\",\"name\":\"SHAWTY PIMP & MC SPADE - Gotta get My Pimp On Vol 2 (Colored) - (LP) | Guerssen\",\"isPartOf\":{\"@id\":\"https:\/\/wpguerssen-test.odoo.rgbconsulting.com\/es\/#website\"},\"primaryImageOfPage\":{\"@id\":\"https:\/\/wpguerssen-test.odoo.rgbconsulting.com\/es\/producto\/gotta-get-my-pimp-on-vol-2-colored\/#primaryimage\"},\"image\":{\"@id\":\"https:\/\/wpguerssen-test.odoo.rgbconsulting.com\/es\/producto\/gotta-get-my-pimp-on-vol-2-colored\/#primaryimage\"},\"thumbnailUrl\":\"https:\/\/wpguerssen-test.odoo.rgbconsulting.com\/wp-content\/uploads\/2024\/10\/48856.jpg\",\"datePublished\":\"2024-11-05T23:00:00+00:00\",\"dateModified\":\"2025-03-03T15:22:05+00:00\",\"description\":\"The next release in Now Again's Memphis Rap series is Gotta Get My Pimp On. Lo-fi pimp player raps recorded on a four-track cassette in Shawty Pimp's bedroom in 1994.This is part of Now Again Records multiple LP series on the History of Memphis Rap, which attempts to capture Memphis and its underground rap scene as it began to produce some of the most distinctive music of the 90s.This was a unique hip-hop strain - visceral and often vicious. It was a local, low-fi, cassette-tape based movement - yet it went on to change the course of rap music.These albums have never been pressed on vinyl - until now. From Skinny Pimp and Carmike to Gangsta Blac and Shawty Pimp, these albums have been relegated to the proverbial bins of history and bootlegged, with unofficial copies still fetching top dollar on the secondary market. These albums were all licensed directly from their original creators, and come on limited edition colored vinyl with artist-approved imagery for their first LP iterations.You can read the story of the Memphis Rap scene in a 12-page, oversized booklet with notes by Torii MacAdams. It captures the story of Memphis rap starting with the city\u00eds founding and ending with an auto supply shop that sold these albums over the counter, with all points in between.\",\"breadcrumb\":{\"@id\":\"https:\/\/wpguerssen-test.odoo.rgbconsulting.com\/es\/producto\/gotta-get-my-pimp-on-vol-2-colored\/#breadcrumb\"},\"inLanguage\":\"es\",\"potentialAction\":[{\"@type\":\"ReadAction\",\"target\":[\"https:\/\/wpguerssen-test.odoo.rgbconsulting.com\/es\/producto\/gotta-get-my-pimp-on-vol-2-colored\/\"]}]},{\"@type\":\"ImageObject\",\"inLanguage\":\"es\",\"@id\":\"https:\/\/wpguerssen-test.odoo.rgbconsulting.com\/es\/producto\/gotta-get-my-pimp-on-vol-2-colored\/#primaryimage\",\"url\":\"https:\/\/wpguerssen-test.odoo.rgbconsulting.com\/wp-content\/uploads\/2024\/10\/48856.jpg\",\"contentUrl\":\"https:\/\/wpguerssen-test.odoo.rgbconsulting.com\/wp-content\/uploads\/2024\/10\/48856.jpg\",\"width\":550,\"height\":430},{\"@type\":\"BreadcrumbList\",\"@id\":\"https:\/\/wpguerssen-test.odoo.rgbconsulting.com\/es\/producto\/gotta-get-my-pimp-on-vol-2-colored\/#breadcrumb\",\"itemListElement\":[{\"@type\":\"ListItem\",\"position\":1,\"name\":\"Inicio\",\"item\":\"https:\/\/wpguerssen-test.odoo.rgbconsulting.com\/es\/\"},{\"@type\":\"ListItem\",\"position\":2,\"name\":\"Shop\",\"item\":\"https:\/\/wpguerssen-test.odoo.rgbconsulting.com\/shop\/\"},{\"@type\":\"ListItem\",\"position\":3,\"name\":\"Gotta get My Pimp On Vol 2 (Colored)\"}]},{\"@type\":\"WebSite\",\"@id\":\"https:\/\/wpguerssen-test.odoo.rgbconsulting.com\/es\/#website\",\"url\":\"https:\/\/wpguerssen-test.odoo.rgbconsulting.com\/es\/\",\"name\":\"Guerssen records\",\"description\":\"psychedelia - progressive - folk - garage \",\"publisher\":{\"@id\":\"https:\/\/wpguerssen-test.odoo.rgbconsulting.com\/es\/#organization\"},\"potentialAction\":[{\"@type\":\"SearchAction\",\"target\":{\"@type\":\"EntryPoint\",\"urlTemplate\":\"https:\/\/wpguerssen-test.odoo.rgbconsulting.com\/es\/?s={search_term_string}\"},\"query-input\":{\"@type\":\"PropertyValueSpecification\",\"valueRequired\":true,\"valueName\":\"search_term_string\"}}],\"inLanguage\":\"es\"},{\"@type\":\"Organization\",\"@id\":\"https:\/\/wpguerssen-test.odoo.rgbconsulting.com\/es\/#organization\",\"name\":\"Guerssen records\",\"url\":\"https:\/\/wpguerssen-test.odoo.rgbconsulting.com\/es\/\",\"logo\":{\"@type\":\"ImageObject\",\"inLanguage\":\"es\",\"@id\":\"https:\/\/wpguerssen-test.odoo.rgbconsulting.com\/es\/#\/schema\/logo\/image\/\",\"url\":\"https:\/\/wpguerssen-test.odoo.rgbconsulting.com\/wp-content\/uploads\/2022\/04\/Logo_Guerssen_trans_100.png\",\"contentUrl\":\"https:\/\/wpguerssen-test.odoo.rgbconsulting.com\/wp-content\/uploads\/2022\/04\/Logo_Guerssen_trans_100.png\",\"width\":122,\"height\":100,\"caption\":\"Guerssen records\"},\"image\":{\"@id\":\"https:\/\/wpguerssen-test.odoo.rgbconsulting.com\/es\/#\/schema\/logo\/image\/\"}}]}<\/script>\n<!-- \/ Yoast SEO plugin. -->","yoast_head_json":{"title":"SHAWTY PIMP & MC SPADE - Gotta get My Pimp On Vol 2 (Colored) -  (LP) | Guerssen","description":"The next release in Now Again's Memphis Rap series is Gotta Get My Pimp On. Lo-fi pimp player raps recorded on a four-track cassette in Shawty Pimp's bedroom in 1994.This is part of Now Again Records multiple LP series on the History of Memphis Rap, which attempts to capture Memphis and its underground rap scene as it began to produce some of the most distinctive music of the 90s.This was a unique hip-hop strain - visceral and often vicious. It was a local, low-fi, cassette-tape based movement - yet it went on to change the course of rap music.These albums have never been pressed on vinyl - until now. From Skinny Pimp and Carmike to Gangsta Blac and Shawty Pimp, these albums have been relegated to the proverbial bins of history and bootlegged, with unofficial copies still fetching top dollar on the secondary market. These albums were all licensed directly from their original creators, and come on limited edition colored vinyl with artist-approved imagery for their first LP iterations.You can read the story of the Memphis Rap scene in a 12-page, oversized booklet with notes by Torii MacAdams. It captures the story of Memphis rap starting with the city\u00eds founding and ending with an auto supply shop that sold these albums over the counter, with all points in between.","robots":{"index":"index","follow":"follow","max-snippet":"max-snippet:-1","max-image-preview":"max-image-preview:large","max-video-preview":"max-video-preview:-1"},"canonical":"https:\/\/wpguerssen-test.odoo.rgbconsulting.com\/es\/producto\/gotta-get-my-pimp-on-vol-2-colored\/","og_locale":"es_ES","og_type":"article","og_title":"SHAWTY PIMP & MC SPADE - Gotta get My Pimp On Vol 2 (Colored) -  (LP) | Guerssen","og_description":"The next release in Now Again's Memphis Rap series is Gotta Get My Pimp On. Lo-fi pimp player raps recorded on a four-track cassette in Shawty Pimp's bedroom in 1994.This is part of Now Again Records multiple LP series on the History of Memphis Rap, which attempts to capture Memphis and its underground rap scene as it began to produce some of the most distinctive music of the 90s.This was a unique hip-hop strain - visceral and often vicious. It was a local, low-fi, cassette-tape based movement - yet it went on to change the course of rap music.These albums have never been pressed on vinyl - until now. From Skinny Pimp and Carmike to Gangsta Blac and Shawty Pimp, these albums have been relegated to the proverbial bins of history and bootlegged, with unofficial copies still fetching top dollar on the secondary market. These albums were all licensed directly from their original creators, and come on limited edition colored vinyl with artist-approved imagery for their first LP iterations.You can read the story of the Memphis Rap scene in a 12-page, oversized booklet with notes by Torii MacAdams. It captures the story of Memphis rap starting with the city\u00eds founding and ending with an auto supply shop that sold these albums over the counter, with all points in between.","og_url":"https:\/\/wpguerssen-test.odoo.rgbconsulting.com\/es\/producto\/gotta-get-my-pimp-on-vol-2-colored\/","og_site_name":"Guerssen records","article_modified_time":"2025-03-03T15:22:05+00:00","og_image":[{"width":550,"height":430,"url":"https:\/\/wpguerssen-test.odoo.rgbconsulting.com\/wp-content\/uploads\/2024\/10\/48856.jpg","type":"image\/jpeg"}],"twitter_card":"summary_large_image","twitter_title":"SHAWTY PIMP & MC SPADE - Gotta get My Pimp On Vol 2 (Colored) -  (LP) | Guerssen","twitter_misc":{"Tiempo de lectura":"1 minuto"},"schema":{"@context":"https:\/\/schema.org","@graph":[{"@type":"WebPage","@id":"https:\/\/wpguerssen-test.odoo.rgbconsulting.com\/es\/producto\/gotta-get-my-pimp-on-vol-2-colored\/","url":"https:\/\/wpguerssen-test.odoo.rgbconsulting.com\/es\/producto\/gotta-get-my-pimp-on-vol-2-colored\/","name":"SHAWTY PIMP & MC SPADE - Gotta get My Pimp On Vol 2 (Colored) - (LP) | Guerssen","isPartOf":{"@id":"https:\/\/wpguerssen-test.odoo.rgbconsulting.com\/es\/#website"},"primaryImageOfPage":{"@id":"https:\/\/wpguerssen-test.odoo.rgbconsulting.com\/es\/producto\/gotta-get-my-pimp-on-vol-2-colored\/#primaryimage"},"image":{"@id":"https:\/\/wpguerssen-test.odoo.rgbconsulting.com\/es\/producto\/gotta-get-my-pimp-on-vol-2-colored\/#primaryimage"},"thumbnailUrl":"https:\/\/wpguerssen-test.odoo.rgbconsulting.com\/wp-content\/uploads\/2024\/10\/48856.jpg","datePublished":"2024-11-05T23:00:00+00:00","dateModified":"2025-03-03T15:22:05+00:00","description":"The next release in Now Again's Memphis Rap series is Gotta Get My Pimp On. Lo-fi pimp player raps recorded on a four-track cassette in Shawty Pimp's bedroom in 1994.This is part of Now Again Records multiple LP series on the History of Memphis Rap, which attempts to capture Memphis and its underground rap scene as it began to produce some of the most distinctive music of the 90s.This was a unique hip-hop strain - visceral and often vicious. It was a local, low-fi, cassette-tape based movement - yet it went on to change the course of rap music.These albums have never been pressed on vinyl - until now. From Skinny Pimp and Carmike to Gangsta Blac and Shawty Pimp, these albums have been relegated to the proverbial bins of history and bootlegged, with unofficial copies still fetching top dollar on the secondary market. These albums were all licensed directly from their original creators, and come on limited edition colored vinyl with artist-approved imagery for their first LP iterations.You can read the story of the Memphis Rap scene in a 12-page, oversized booklet with notes by Torii MacAdams. It captures the story of Memphis rap starting with the city\u00eds founding and ending with an auto supply shop that sold these albums over the counter, with all points in between.","breadcrumb":{"@id":"https:\/\/wpguerssen-test.odoo.rgbconsulting.com\/es\/producto\/gotta-get-my-pimp-on-vol-2-colored\/#breadcrumb"},"inLanguage":"es","potentialAction":[{"@type":"ReadAction","target":["https:\/\/wpguerssen-test.odoo.rgbconsulting.com\/es\/producto\/gotta-get-my-pimp-on-vol-2-colored\/"]}]},{"@type":"ImageObject","inLanguage":"es","@id":"https:\/\/wpguerssen-test.odoo.rgbconsulting.com\/es\/producto\/gotta-get-my-pimp-on-vol-2-colored\/#primaryimage","url":"https:\/\/wpguerssen-test.odoo.rgbconsulting.com\/wp-content\/uploads\/2024\/10\/48856.jpg","contentUrl":"https:\/\/wpguerssen-test.odoo.rgbconsulting.com\/wp-content\/uploads\/2024\/10\/48856.jpg","width":550,"height":430},{"@type":"BreadcrumbList","@id":"https:\/\/wpguerssen-test.odoo.rgbconsulting.com\/es\/producto\/gotta-get-my-pimp-on-vol-2-colored\/#breadcrumb","itemListElement":[{"@type":"ListItem","position":1,"name":"Inicio","item":"https:\/\/wpguerssen-test.odoo.rgbconsulting.com\/es\/"},{"@type":"ListItem","position":2,"name":"Shop","item":"https:\/\/wpguerssen-test.odoo.rgbconsulting.com\/shop\/"},{"@type":"ListItem","position":3,"name":"Gotta get My Pimp On Vol 2 (Colored)"}]},{"@type":"WebSite","@id":"https:\/\/wpguerssen-test.odoo.rgbconsulting.com\/es\/#website","url":"https:\/\/wpguerssen-test.odoo.rgbconsulting.com\/es\/","name":"Guerssen records","description":"psychedelia - progressive - folk - garage ","publisher":{"@id":"https:\/\/wpguerssen-test.odoo.rgbconsulting.com\/es\/#organization"},"potentialAction":[{"@type":"SearchAction","target":{"@type":"EntryPoint","urlTemplate":"https:\/\/wpguerssen-test.odoo.rgbconsulting.com\/es\/?s={search_term_string}"},"query-input":{"@type":"PropertyValueSpecification","valueRequired":true,"valueName":"search_term_string"}}],"inLanguage":"es"},{"@type":"Organization","@id":"https:\/\/wpguerssen-test.odoo.rgbconsulting.com\/es\/#organization","name":"Guerssen records","url":"https:\/\/wpguerssen-test.odoo.rgbconsulting.com\/es\/","logo":{"@type":"ImageObject","inLanguage":"es","@id":"https:\/\/wpguerssen-test.odoo.rgbconsulting.com\/es\/#\/schema\/logo\/image\/","url":"https:\/\/wpguerssen-test.odoo.rgbconsulting.com\/wp-content\/uploads\/2022\/04\/Logo_Guerssen_trans_100.png","contentUrl":"https:\/\/wpguerssen-test.odoo.rgbconsulting.com\/wp-content\/uploads\/2022\/04\/Logo_Guerssen_trans_100.png","width":122,"height":100,"caption":"Guerssen records"},"image":{"@id":"https:\/\/wpguerssen-test.odoo.rgbconsulting.com\/es\/#\/schema\/logo\/image\/"}}]}},"_links":{"self":[{"href":"https:\/\/wpguerssen-test.odoo.rgbconsulting.com\/es\/wp-json\/wp\/v2\/product\/276401","targetHints":{"allow":["GET"]}}],"collection":[{"href":"https:\/\/wpguerssen-test.odoo.rgbconsulting.com\/es\/wp-json\/wp\/v2\/product"}],"about":[{"href":"https:\/\/wpguerssen-test.odoo.rgbconsulting.com\/es\/wp-json\/wp\/v2\/types\/product"}],"wp:featuredmedia":[{"embeddable":true,"href":"https:\/\/wpguerssen-test.odoo.rgbconsulting.com\/es\/wp-json\/wp\/v2\/media\/276357"}],"wp:attachment":[{"href":"https:\/\/wpguerssen-test.odoo.rgbconsulting.com\/es\/wp-json\/wp\/v2\/media?parent=276401"}],"wp:term":[{"taxonomy":"product_brand","embeddable":true,"href":"https:\/\/wpguerssen-test.odoo.rgbconsulting.com\/es\/wp-json\/wp\/v2\/product_brand?post=276401"},{"taxonomy":"product_cat","embeddable":true,"href":"https:\/\/wpguerssen-test.odoo.rgbconsulting.com\/es\/wp-json\/wp\/v2\/product_cat?post=276401"},{"taxonomy":"product_tag","embeddable":true,"href":"https:\/\/wpguerssen-test.odoo.rgbconsulting.com\/es\/wp-json\/wp\/v2\/product_tag?post=276401"}],"curies":[{"name":"wp","href":"https:\/\/api.w.org\/{rel}","templated":true}]}}