{"id":276403,"date":"2024-11-06T00:00:00","date_gmt":"2024-11-05T23:00:00","guid":{"rendered":"https:\/\/wpguerssen-test.odoo.rgbconsulting.com\/product\/movie\/"},"modified":"2025-03-03T16:22:14","modified_gmt":"2025-03-03T15:22:14","slug":"movie","status":"publish","type":"product","link":"https:\/\/wpguerssen-test.odoo.rgbconsulting.com\/es\/producto\/movie\/","title":{"rendered":"Movie"},"content":{"rendered":"<p>Cuando Your Old Droog entr\u00f3 por primera vez en la escena del Hip-Hop hace una d\u00e9cada, estaba envuelto en el anonimato.<br \/>El fen\u00f3meno del rap, nacido en Ucrania y criado en Brooklyn, era conocido \u00fanicamente por sus letras agudas y contundentes envueltas en una entrega brusca. Finalmente sali\u00f3 a la luz con su lanzamiento debut hom\u00f3nimo, el catalizador de lo que se ha convertido en una carrera prol\u00edfica. Desde entonces, Droog ha cristalizado su lugar en el hip-hop como el rapero erudito que puede abordar cualquier ritmo con precisi\u00f3n; un producto underground, pero dise\u00f1ado para la corriente principal. Con su nuevo proyecto Movie, YOD est\u00e1 en una nueva era, donde sus d\u00edas de ser el caballo oscuro del rap han terminado. Tiene innumerables co-firmantes de algunos de los m\u00e1s grandes que jam\u00e1s hayan tocado un micr\u00f3fono, y ahora finalmente est\u00e1 preparado para unirse a ellos. \u00abLa pel\u00edcula es todo lo bueno que tengo\u00bb, explica Droog.<br \/>\u00abCada canci\u00f3n, cada estado de \u00e1nimo. Esta es mi historia\u00bb. Una obra maestra en capas, el \u00e1lbum presenta apariciones de Method Man y Denzel Curry, adem\u00e1s de producci\u00f3n de incondicionales de la industria como Just Blaze, Harry Fraud, el director Williams y el legendario Madlib.<\/p>\n","protected":false},"excerpt":{"rendered":"<p>Cuando Your Old Droog entr\u00f3 por primera vez en la escena del Hip-Hop hace una d\u00e9cada, estaba envuelto en el anonimato.<br \/>El fen\u00f3meno del rap, nacido en Ucrania<a class=\"read\" href=\"https:\/\/wpguerssen-test.odoo.rgbconsulting.com\/es\/producto\/movie\/\"> (...)<\/a>","protected":false},"featured_media":276363,"template":"","meta":{"_acf_changed":false},"product_brand":[],"product_cat":[21706],"product_tag":[],"class_list":{"0":"post-276403","1":"product","2":"type-product","3":"status-publish","4":"has-post-thumbnail","6":"product_cat-rap-hip-hop-es","7":"pa_artist-your-old-droog","8":"pa_format-2lp-es","9":"pa_gender-rap-hip-hop","10":"pa_label-nature-sounds","11":"pa_location-north-america-es","12":"pa_other-filters-vinyl-only-es","14":"first","15":"instock","16":"taxable","17":"shipping-taxable","18":"purchasable","19":"product-type-simple"},"acf":[],"yoast_head":"<!-- This site is optimized with the Yoast SEO plugin v24.9 - https:\/\/yoast.com\/wordpress\/plugins\/seo\/ -->\n<title>YOUR OLD DROOG - Movie -  (2LP) | Guerssen<\/title>\n<meta name=\"description\" content=\"When Your Old Droog first entered the Hip-Hop scene a decade ago, he was cloaked in anonymity.The Ukraine-born, Brooklyn bred rap phenomenon was known solely for his sharp, punchy lyrics wrapped in a gruff delivery. He finally came into the light with his eponymous debut release, the catalyst for what has become a prolific career. Since then, Droog has crystallized his place in hip-hop as the erudite rapper who can tackle any beat with precision; a product of the underground, yet designed for the mainstream. With his new project Movie, YOD is in a new era, where his days of being the dark horse in rap are over. He has countless co-signs from some of the greatest to ever touch a mic, and now he&#039;s finally geared to join them. &quot;Movie is everything that&#039;s dope about me,&quot; Droog explains.&quot;Every song, every mood. This is my story.&quot; A layered masterpiece, the album features appearances by Method Man, and Denzel Curry, plus production by industry stalwarts likeJust Blaze, Harry Fraud, Conductor Williams, and the legendary Madlib.\" \/>\n<meta name=\"robots\" content=\"index, follow, max-snippet:-1, max-image-preview:large, max-video-preview:-1\" \/>\n<link rel=\"canonical\" href=\"https:\/\/wpguerssen-test.odoo.rgbconsulting.com\/es\/producto\/movie\/\" \/>\n<meta property=\"og:locale\" content=\"es_ES\" \/>\n<meta property=\"og:type\" content=\"article\" \/>\n<meta property=\"og:title\" content=\"YOUR OLD DROOG - Movie -  (2LP) | Guerssen\" \/>\n<meta property=\"og:description\" content=\"When Your Old Droog first entered the Hip-Hop scene a decade ago, he was cloaked in anonymity.The Ukraine-born, Brooklyn bred rap phenomenon was known solely for his sharp, punchy lyrics wrapped in a gruff delivery. He finally came into the light with his eponymous debut release, the catalyst for what has become a prolific career. Since then, Droog has crystallized his place in hip-hop as the erudite rapper who can tackle any beat with precision; a product of the underground, yet designed for the mainstream. With his new project Movie, YOD is in a new era, where his days of being the dark horse in rap are over. He has countless co-signs from some of the greatest to ever touch a mic, and now he&#039;s finally geared to join them. &quot;Movie is everything that&#039;s dope about me,&quot; Droog explains.&quot;Every song, every mood. This is my story.&quot; A layered masterpiece, the album features appearances by Method Man, and Denzel Curry, plus production by industry stalwarts likeJust Blaze, Harry Fraud, Conductor Williams, and the legendary Madlib.\" \/>\n<meta property=\"og:url\" content=\"https:\/\/wpguerssen-test.odoo.rgbconsulting.com\/es\/producto\/movie\/\" \/>\n<meta property=\"og:site_name\" content=\"Guerssen records\" \/>\n<meta property=\"article:modified_time\" content=\"2025-03-03T15:22:14+00:00\" \/>\n<meta property=\"og:image\" content=\"https:\/\/wpguerssen-test.odoo.rgbconsulting.com\/wp-content\/uploads\/2024\/10\/48858.jpg\" \/>\n\t<meta property=\"og:image:width\" content=\"400\" \/>\n\t<meta property=\"og:image:height\" content=\"400\" \/>\n\t<meta property=\"og:image:type\" content=\"image\/jpeg\" \/>\n<meta name=\"twitter:card\" content=\"summary_large_image\" \/>\n<meta name=\"twitter:title\" content=\"YOUR OLD DROOG - Movie -  (2LP) | Guerssen\" \/>\n<meta name=\"twitter:label1\" content=\"Tiempo de lectura\" \/>\n\t<meta name=\"twitter:data1\" content=\"1 minuto\" \/>\n<script type=\"application\/ld+json\" class=\"yoast-schema-graph\">{\"@context\":\"https:\/\/schema.org\",\"@graph\":[{\"@type\":\"WebPage\",\"@id\":\"https:\/\/wpguerssen-test.odoo.rgbconsulting.com\/es\/producto\/movie\/\",\"url\":\"https:\/\/wpguerssen-test.odoo.rgbconsulting.com\/es\/producto\/movie\/\",\"name\":\"YOUR OLD DROOG - Movie - (2LP) | Guerssen\",\"isPartOf\":{\"@id\":\"https:\/\/wpguerssen-test.odoo.rgbconsulting.com\/es\/#website\"},\"primaryImageOfPage\":{\"@id\":\"https:\/\/wpguerssen-test.odoo.rgbconsulting.com\/es\/producto\/movie\/#primaryimage\"},\"image\":{\"@id\":\"https:\/\/wpguerssen-test.odoo.rgbconsulting.com\/es\/producto\/movie\/#primaryimage\"},\"thumbnailUrl\":\"https:\/\/wpguerssen-test.odoo.rgbconsulting.com\/wp-content\/uploads\/2024\/10\/48858.jpg\",\"datePublished\":\"2024-11-05T23:00:00+00:00\",\"dateModified\":\"2025-03-03T15:22:14+00:00\",\"description\":\"When Your Old Droog first entered the Hip-Hop scene a decade ago, he was cloaked in anonymity.The Ukraine-born, Brooklyn bred rap phenomenon was known solely for his sharp, punchy lyrics wrapped in a gruff delivery. He finally came into the light with his eponymous debut release, the catalyst for what has become a prolific career. Since then, Droog has crystallized his place in hip-hop as the erudite rapper who can tackle any beat with precision; a product of the underground, yet designed for the mainstream. With his new project Movie, YOD is in a new era, where his days of being the dark horse in rap are over. He has countless co-signs from some of the greatest to ever touch a mic, and now he's finally geared to join them. \\\"Movie is everything that's dope about me,\\\" Droog explains.\\\"Every song, every mood. This is my story.\\\" A layered masterpiece, the album features appearances by Method Man, and Denzel Curry, plus production by industry stalwarts likeJust Blaze, Harry Fraud, Conductor Williams, and the legendary Madlib.\",\"breadcrumb\":{\"@id\":\"https:\/\/wpguerssen-test.odoo.rgbconsulting.com\/es\/producto\/movie\/#breadcrumb\"},\"inLanguage\":\"es\",\"potentialAction\":[{\"@type\":\"ReadAction\",\"target\":[\"https:\/\/wpguerssen-test.odoo.rgbconsulting.com\/es\/producto\/movie\/\"]}]},{\"@type\":\"ImageObject\",\"inLanguage\":\"es\",\"@id\":\"https:\/\/wpguerssen-test.odoo.rgbconsulting.com\/es\/producto\/movie\/#primaryimage\",\"url\":\"https:\/\/wpguerssen-test.odoo.rgbconsulting.com\/wp-content\/uploads\/2024\/10\/48858.jpg\",\"contentUrl\":\"https:\/\/wpguerssen-test.odoo.rgbconsulting.com\/wp-content\/uploads\/2024\/10\/48858.jpg\",\"width\":400,\"height\":400},{\"@type\":\"BreadcrumbList\",\"@id\":\"https:\/\/wpguerssen-test.odoo.rgbconsulting.com\/es\/producto\/movie\/#breadcrumb\",\"itemListElement\":[{\"@type\":\"ListItem\",\"position\":1,\"name\":\"Inicio\",\"item\":\"https:\/\/wpguerssen-test.odoo.rgbconsulting.com\/es\/\"},{\"@type\":\"ListItem\",\"position\":2,\"name\":\"Shop\",\"item\":\"https:\/\/wpguerssen-test.odoo.rgbconsulting.com\/shop\/\"},{\"@type\":\"ListItem\",\"position\":3,\"name\":\"Movie\"}]},{\"@type\":\"WebSite\",\"@id\":\"https:\/\/wpguerssen-test.odoo.rgbconsulting.com\/es\/#website\",\"url\":\"https:\/\/wpguerssen-test.odoo.rgbconsulting.com\/es\/\",\"name\":\"Guerssen records\",\"description\":\"psychedelia - progressive - folk - garage \",\"publisher\":{\"@id\":\"https:\/\/wpguerssen-test.odoo.rgbconsulting.com\/es\/#organization\"},\"potentialAction\":[{\"@type\":\"SearchAction\",\"target\":{\"@type\":\"EntryPoint\",\"urlTemplate\":\"https:\/\/wpguerssen-test.odoo.rgbconsulting.com\/es\/?s={search_term_string}\"},\"query-input\":{\"@type\":\"PropertyValueSpecification\",\"valueRequired\":true,\"valueName\":\"search_term_string\"}}],\"inLanguage\":\"es\"},{\"@type\":\"Organization\",\"@id\":\"https:\/\/wpguerssen-test.odoo.rgbconsulting.com\/es\/#organization\",\"name\":\"Guerssen records\",\"url\":\"https:\/\/wpguerssen-test.odoo.rgbconsulting.com\/es\/\",\"logo\":{\"@type\":\"ImageObject\",\"inLanguage\":\"es\",\"@id\":\"https:\/\/wpguerssen-test.odoo.rgbconsulting.com\/es\/#\/schema\/logo\/image\/\",\"url\":\"https:\/\/wpguerssen-test.odoo.rgbconsulting.com\/wp-content\/uploads\/2022\/04\/Logo_Guerssen_trans_100.png\",\"contentUrl\":\"https:\/\/wpguerssen-test.odoo.rgbconsulting.com\/wp-content\/uploads\/2022\/04\/Logo_Guerssen_trans_100.png\",\"width\":122,\"height\":100,\"caption\":\"Guerssen records\"},\"image\":{\"@id\":\"https:\/\/wpguerssen-test.odoo.rgbconsulting.com\/es\/#\/schema\/logo\/image\/\"}}]}<\/script>\n<!-- \/ Yoast SEO plugin. -->","yoast_head_json":{"title":"YOUR OLD DROOG - Movie -  (2LP) | Guerssen","description":"When Your Old Droog first entered the Hip-Hop scene a decade ago, he was cloaked in anonymity.The Ukraine-born, Brooklyn bred rap phenomenon was known solely for his sharp, punchy lyrics wrapped in a gruff delivery. He finally came into the light with his eponymous debut release, the catalyst for what has become a prolific career. Since then, Droog has crystallized his place in hip-hop as the erudite rapper who can tackle any beat with precision; a product of the underground, yet designed for the mainstream. With his new project Movie, YOD is in a new era, where his days of being the dark horse in rap are over. He has countless co-signs from some of the greatest to ever touch a mic, and now he's finally geared to join them. \"Movie is everything that's dope about me,\" Droog explains.\"Every song, every mood. This is my story.\" A layered masterpiece, the album features appearances by Method Man, and Denzel Curry, plus production by industry stalwarts likeJust Blaze, Harry Fraud, Conductor Williams, and the legendary Madlib.","robots":{"index":"index","follow":"follow","max-snippet":"max-snippet:-1","max-image-preview":"max-image-preview:large","max-video-preview":"max-video-preview:-1"},"canonical":"https:\/\/wpguerssen-test.odoo.rgbconsulting.com\/es\/producto\/movie\/","og_locale":"es_ES","og_type":"article","og_title":"YOUR OLD DROOG - Movie -  (2LP) | Guerssen","og_description":"When Your Old Droog first entered the Hip-Hop scene a decade ago, he was cloaked in anonymity.The Ukraine-born, Brooklyn bred rap phenomenon was known solely for his sharp, punchy lyrics wrapped in a gruff delivery. He finally came into the light with his eponymous debut release, the catalyst for what has become a prolific career. Since then, Droog has crystallized his place in hip-hop as the erudite rapper who can tackle any beat with precision; a product of the underground, yet designed for the mainstream. With his new project Movie, YOD is in a new era, where his days of being the dark horse in rap are over. He has countless co-signs from some of the greatest to ever touch a mic, and now he's finally geared to join them. \"Movie is everything that's dope about me,\" Droog explains.\"Every song, every mood. This is my story.\" A layered masterpiece, the album features appearances by Method Man, and Denzel Curry, plus production by industry stalwarts likeJust Blaze, Harry Fraud, Conductor Williams, and the legendary Madlib.","og_url":"https:\/\/wpguerssen-test.odoo.rgbconsulting.com\/es\/producto\/movie\/","og_site_name":"Guerssen records","article_modified_time":"2025-03-03T15:22:14+00:00","og_image":[{"width":400,"height":400,"url":"https:\/\/wpguerssen-test.odoo.rgbconsulting.com\/wp-content\/uploads\/2024\/10\/48858.jpg","type":"image\/jpeg"}],"twitter_card":"summary_large_image","twitter_title":"YOUR OLD DROOG - Movie -  (2LP) | Guerssen","twitter_misc":{"Tiempo de lectura":"1 minuto"},"schema":{"@context":"https:\/\/schema.org","@graph":[{"@type":"WebPage","@id":"https:\/\/wpguerssen-test.odoo.rgbconsulting.com\/es\/producto\/movie\/","url":"https:\/\/wpguerssen-test.odoo.rgbconsulting.com\/es\/producto\/movie\/","name":"YOUR OLD DROOG - Movie - (2LP) | Guerssen","isPartOf":{"@id":"https:\/\/wpguerssen-test.odoo.rgbconsulting.com\/es\/#website"},"primaryImageOfPage":{"@id":"https:\/\/wpguerssen-test.odoo.rgbconsulting.com\/es\/producto\/movie\/#primaryimage"},"image":{"@id":"https:\/\/wpguerssen-test.odoo.rgbconsulting.com\/es\/producto\/movie\/#primaryimage"},"thumbnailUrl":"https:\/\/wpguerssen-test.odoo.rgbconsulting.com\/wp-content\/uploads\/2024\/10\/48858.jpg","datePublished":"2024-11-05T23:00:00+00:00","dateModified":"2025-03-03T15:22:14+00:00","description":"When Your Old Droog first entered the Hip-Hop scene a decade ago, he was cloaked in anonymity.The Ukraine-born, Brooklyn bred rap phenomenon was known solely for his sharp, punchy lyrics wrapped in a gruff delivery. He finally came into the light with his eponymous debut release, the catalyst for what has become a prolific career. Since then, Droog has crystallized his place in hip-hop as the erudite rapper who can tackle any beat with precision; a product of the underground, yet designed for the mainstream. With his new project Movie, YOD is in a new era, where his days of being the dark horse in rap are over. He has countless co-signs from some of the greatest to ever touch a mic, and now he's finally geared to join them. \"Movie is everything that's dope about me,\" Droog explains.\"Every song, every mood. This is my story.\" A layered masterpiece, the album features appearances by Method Man, and Denzel Curry, plus production by industry stalwarts likeJust Blaze, Harry Fraud, Conductor Williams, and the legendary Madlib.","breadcrumb":{"@id":"https:\/\/wpguerssen-test.odoo.rgbconsulting.com\/es\/producto\/movie\/#breadcrumb"},"inLanguage":"es","potentialAction":[{"@type":"ReadAction","target":["https:\/\/wpguerssen-test.odoo.rgbconsulting.com\/es\/producto\/movie\/"]}]},{"@type":"ImageObject","inLanguage":"es","@id":"https:\/\/wpguerssen-test.odoo.rgbconsulting.com\/es\/producto\/movie\/#primaryimage","url":"https:\/\/wpguerssen-test.odoo.rgbconsulting.com\/wp-content\/uploads\/2024\/10\/48858.jpg","contentUrl":"https:\/\/wpguerssen-test.odoo.rgbconsulting.com\/wp-content\/uploads\/2024\/10\/48858.jpg","width":400,"height":400},{"@type":"BreadcrumbList","@id":"https:\/\/wpguerssen-test.odoo.rgbconsulting.com\/es\/producto\/movie\/#breadcrumb","itemListElement":[{"@type":"ListItem","position":1,"name":"Inicio","item":"https:\/\/wpguerssen-test.odoo.rgbconsulting.com\/es\/"},{"@type":"ListItem","position":2,"name":"Shop","item":"https:\/\/wpguerssen-test.odoo.rgbconsulting.com\/shop\/"},{"@type":"ListItem","position":3,"name":"Movie"}]},{"@type":"WebSite","@id":"https:\/\/wpguerssen-test.odoo.rgbconsulting.com\/es\/#website","url":"https:\/\/wpguerssen-test.odoo.rgbconsulting.com\/es\/","name":"Guerssen records","description":"psychedelia - progressive - folk - garage ","publisher":{"@id":"https:\/\/wpguerssen-test.odoo.rgbconsulting.com\/es\/#organization"},"potentialAction":[{"@type":"SearchAction","target":{"@type":"EntryPoint","urlTemplate":"https:\/\/wpguerssen-test.odoo.rgbconsulting.com\/es\/?s={search_term_string}"},"query-input":{"@type":"PropertyValueSpecification","valueRequired":true,"valueName":"search_term_string"}}],"inLanguage":"es"},{"@type":"Organization","@id":"https:\/\/wpguerssen-test.odoo.rgbconsulting.com\/es\/#organization","name":"Guerssen records","url":"https:\/\/wpguerssen-test.odoo.rgbconsulting.com\/es\/","logo":{"@type":"ImageObject","inLanguage":"es","@id":"https:\/\/wpguerssen-test.odoo.rgbconsulting.com\/es\/#\/schema\/logo\/image\/","url":"https:\/\/wpguerssen-test.odoo.rgbconsulting.com\/wp-content\/uploads\/2022\/04\/Logo_Guerssen_trans_100.png","contentUrl":"https:\/\/wpguerssen-test.odoo.rgbconsulting.com\/wp-content\/uploads\/2022\/04\/Logo_Guerssen_trans_100.png","width":122,"height":100,"caption":"Guerssen records"},"image":{"@id":"https:\/\/wpguerssen-test.odoo.rgbconsulting.com\/es\/#\/schema\/logo\/image\/"}}]}},"_links":{"self":[{"href":"https:\/\/wpguerssen-test.odoo.rgbconsulting.com\/es\/wp-json\/wp\/v2\/product\/276403","targetHints":{"allow":["GET"]}}],"collection":[{"href":"https:\/\/wpguerssen-test.odoo.rgbconsulting.com\/es\/wp-json\/wp\/v2\/product"}],"about":[{"href":"https:\/\/wpguerssen-test.odoo.rgbconsulting.com\/es\/wp-json\/wp\/v2\/types\/product"}],"wp:featuredmedia":[{"embeddable":true,"href":"https:\/\/wpguerssen-test.odoo.rgbconsulting.com\/es\/wp-json\/wp\/v2\/media\/276363"}],"wp:attachment":[{"href":"https:\/\/wpguerssen-test.odoo.rgbconsulting.com\/es\/wp-json\/wp\/v2\/media?parent=276403"}],"wp:term":[{"taxonomy":"product_brand","embeddable":true,"href":"https:\/\/wpguerssen-test.odoo.rgbconsulting.com\/es\/wp-json\/wp\/v2\/product_brand?post=276403"},{"taxonomy":"product_cat","embeddable":true,"href":"https:\/\/wpguerssen-test.odoo.rgbconsulting.com\/es\/wp-json\/wp\/v2\/product_cat?post=276403"},{"taxonomy":"product_tag","embeddable":true,"href":"https:\/\/wpguerssen-test.odoo.rgbconsulting.com\/es\/wp-json\/wp\/v2\/product_tag?post=276403"}],"curies":[{"name":"wp","href":"https:\/\/api.w.org\/{rel}","templated":true}]}}