{"id":276405,"date":"2024-11-06T00:00:00","date_gmt":"2024-11-05T23:00:00","guid":{"rendered":"https:\/\/wpguerssen-test.odoo.rgbconsulting.com\/product\/cypress-hill-red\/"},"modified":"2025-03-03T16:22:19","modified_gmt":"2025-03-03T15:22:19","slug":"cypress-hill-red","status":"publish","type":"product","link":"https:\/\/wpguerssen-test.odoo.rgbconsulting.com\/es\/producto\/cypress-hill-red\/","title":{"rendered":"Cypress Hill (Red)"},"content":{"rendered":"<p>En alg\u00fan lugar entre las travesuras de las estrellas de rock de los Beastie Boys y el funk lento de Dr. Dre, Cypress Hill present\u00f3 su sonido de ojos nublados al mundo en su debut hom\u00f3nimo de 1991 y las cosas nunca han vuelto a ser iguales desde entonces. El \u00e1lbum original de Cypress Hill captura al grupo en su mejor momento de toma de riesgos, mezclando posturas de g\u00e1nsteres, pol\u00edtica callejera de Los \u00c1ngeles, sabor latino y humor retorcido bajo una espesa nube de humo de marihuana y ritmos innovadores. El rapero B-Real, con voz nasal, y su socio Sen Dog, respaldados por los estilos de producci\u00f3n aventureros de DJ Muggs, producen discos cl\u00e1sicos como \u00abHow I Could Just Kill a Man\u00bb.\u00bbPigs\u00bb, \u00abStoned is the Way of the Walk\u00bb y \u00abHand on the Pump\u00bb.<br \/>Desde su lanzamiento, el \u00e1lbum ha sido aclamado como una de las \u00abGrabaciones esenciales de los a\u00f1os 90\u00bb de Rolling Stone y \u00abTop 100 Best en \u00c1lbumes de rap\u00bb de la revista The Source. Get On Down se enorgullece de presentar uno de los \u00e1lbumes de hip-hop m\u00e1s influyentes e importantes de todos los tiempos, Cypress Hill, en estelanzamiento especial en vinilo rojo, con audio remasterizado a partir de las cintas originales.<\/p>\n","protected":false},"excerpt":{"rendered":"<p>En alg\u00fan lugar entre las travesuras de las estrellas de rock de los Beastie Boys y el funk lento de Dr. Dre, Cypress Hill present\u00f3 su sonido de ojos nublados al<a class=\"read\" href=\"https:\/\/wpguerssen-test.odoo.rgbconsulting.com\/es\/producto\/cypress-hill-red\/\"> (...)<\/a>","protected":false},"featured_media":276369,"template":"","meta":{"_acf_changed":false},"product_brand":[],"product_cat":[21706],"product_tag":[29140],"class_list":{"0":"post-276405","1":"product","2":"type-product","3":"status-publish","4":"has-post-thumbnail","6":"product_cat-rap-hip-hop-es","7":"product_tag-color-vinyl-es","8":"pa_artist-cypress-hill-es","9":"pa_format-lp-es","10":"pa_gender-rap-hip-hop","11":"pa_label-get-on-down","12":"pa_location-north-america-es","13":"pa_other-filters-vinyl-only-es","15":"first","16":"instock","17":"taxable","18":"shipping-taxable","19":"purchasable","20":"product-type-simple"},"acf":[],"yoast_head":"<!-- This site is optimized with the Yoast SEO plugin v24.9 - https:\/\/yoast.com\/wordpress\/plugins\/seo\/ -->\n<title>CYPRESS HILL - Cypress Hill (Red) -  (LP) | Guerssen<\/title>\n<meta name=\"description\" content=\"Somewhere in between the rock-star mischief of the Beastie Boys and the slow-creeping funk of Dr. Dre, Cypress Hill introduced their hazy-eyed sound to the world on their self-titled 1991 debut and things have never quite been the same since. The original Cypress Hill album captures the group at their risk-taking best, mixing gangster posturing, LA street politics, Latin flavor and warped humor together under a thick cloud of weed smoke and innovative beats. Nasal-voiced rapper B-Real and his partner Sen Dog, backed by the adventurous production styles of DJ Muggs, produce classics records like &quot;How I Could Just Kill a Man,&quot;&quot;Pigs,&quot; &quot;Stoned is the Way of the Walk&quot; and &quot;Hand on the Pump.&quot;Since its release, the album has won acclaim as one of Rolling Stone&#039;s &quot;Essential Recordings of the 90s&quot; and &quot;Top 100 Best Rap Albums&quot; by The Source magazine. Get On Down is proud to present one of the most influential and important hip-hop albums ever, Cypress Hill, in thisspecial red vinyl release, featuring audio remastered from the original source tapes.\" \/>\n<meta name=\"robots\" content=\"index, follow, max-snippet:-1, max-image-preview:large, max-video-preview:-1\" \/>\n<link rel=\"canonical\" href=\"https:\/\/wpguerssen-test.odoo.rgbconsulting.com\/es\/producto\/cypress-hill-red\/\" \/>\n<meta property=\"og:locale\" content=\"es_ES\" \/>\n<meta property=\"og:type\" content=\"article\" \/>\n<meta property=\"og:title\" content=\"CYPRESS HILL - Cypress Hill (Red) -  (LP) | Guerssen\" \/>\n<meta property=\"og:description\" content=\"Somewhere in between the rock-star mischief of the Beastie Boys and the slow-creeping funk of Dr. Dre, Cypress Hill introduced their hazy-eyed sound to the world on their self-titled 1991 debut and things have never quite been the same since. The original Cypress Hill album captures the group at their risk-taking best, mixing gangster posturing, LA street politics, Latin flavor and warped humor together under a thick cloud of weed smoke and innovative beats. Nasal-voiced rapper B-Real and his partner Sen Dog, backed by the adventurous production styles of DJ Muggs, produce classics records like &quot;How I Could Just Kill a Man,&quot;&quot;Pigs,&quot; &quot;Stoned is the Way of the Walk&quot; and &quot;Hand on the Pump.&quot;Since its release, the album has won acclaim as one of Rolling Stone&#039;s &quot;Essential Recordings of the 90s&quot; and &quot;Top 100 Best Rap Albums&quot; by The Source magazine. Get On Down is proud to present one of the most influential and important hip-hop albums ever, Cypress Hill, in thisspecial red vinyl release, featuring audio remastered from the original source tapes.\" \/>\n<meta property=\"og:url\" content=\"https:\/\/wpguerssen-test.odoo.rgbconsulting.com\/es\/producto\/cypress-hill-red\/\" \/>\n<meta property=\"og:site_name\" content=\"Guerssen records\" \/>\n<meta property=\"article:modified_time\" content=\"2025-03-03T15:22:19+00:00\" \/>\n<meta property=\"og:image\" content=\"https:\/\/wpguerssen-test.odoo.rgbconsulting.com\/wp-content\/uploads\/2024\/10\/48860.jpg\" \/>\n\t<meta property=\"og:image:width\" content=\"377\" \/>\n\t<meta property=\"og:image:height\" content=\"377\" \/>\n\t<meta property=\"og:image:type\" content=\"image\/jpeg\" \/>\n<meta name=\"twitter:card\" content=\"summary_large_image\" \/>\n<meta name=\"twitter:title\" content=\"CYPRESS HILL - Cypress Hill (Red) -  (LP) | Guerssen\" \/>\n<meta name=\"twitter:label1\" content=\"Tiempo de lectura\" \/>\n\t<meta name=\"twitter:data1\" content=\"1 minuto\" \/>\n<script type=\"application\/ld+json\" class=\"yoast-schema-graph\">{\"@context\":\"https:\/\/schema.org\",\"@graph\":[{\"@type\":\"WebPage\",\"@id\":\"https:\/\/wpguerssen-test.odoo.rgbconsulting.com\/es\/producto\/cypress-hill-red\/\",\"url\":\"https:\/\/wpguerssen-test.odoo.rgbconsulting.com\/es\/producto\/cypress-hill-red\/\",\"name\":\"CYPRESS HILL - Cypress Hill (Red) - (LP) | Guerssen\",\"isPartOf\":{\"@id\":\"https:\/\/wpguerssen-test.odoo.rgbconsulting.com\/es\/#website\"},\"primaryImageOfPage\":{\"@id\":\"https:\/\/wpguerssen-test.odoo.rgbconsulting.com\/es\/producto\/cypress-hill-red\/#primaryimage\"},\"image\":{\"@id\":\"https:\/\/wpguerssen-test.odoo.rgbconsulting.com\/es\/producto\/cypress-hill-red\/#primaryimage\"},\"thumbnailUrl\":\"https:\/\/wpguerssen-test.odoo.rgbconsulting.com\/wp-content\/uploads\/2024\/10\/48860.jpg\",\"datePublished\":\"2024-11-05T23:00:00+00:00\",\"dateModified\":\"2025-03-03T15:22:19+00:00\",\"description\":\"Somewhere in between the rock-star mischief of the Beastie Boys and the slow-creeping funk of Dr. Dre, Cypress Hill introduced their hazy-eyed sound to the world on their self-titled 1991 debut and things have never quite been the same since. The original Cypress Hill album captures the group at their risk-taking best, mixing gangster posturing, LA street politics, Latin flavor and warped humor together under a thick cloud of weed smoke and innovative beats. Nasal-voiced rapper B-Real and his partner Sen Dog, backed by the adventurous production styles of DJ Muggs, produce classics records like \\\"How I Could Just Kill a Man,\\\"\\\"Pigs,\\\" \\\"Stoned is the Way of the Walk\\\" and \\\"Hand on the Pump.\\\"Since its release, the album has won acclaim as one of Rolling Stone's \\\"Essential Recordings of the 90s\\\" and \\\"Top 100 Best Rap Albums\\\" by The Source magazine. Get On Down is proud to present one of the most influential and important hip-hop albums ever, Cypress Hill, in thisspecial red vinyl release, featuring audio remastered from the original source tapes.\",\"breadcrumb\":{\"@id\":\"https:\/\/wpguerssen-test.odoo.rgbconsulting.com\/es\/producto\/cypress-hill-red\/#breadcrumb\"},\"inLanguage\":\"es\",\"potentialAction\":[{\"@type\":\"ReadAction\",\"target\":[\"https:\/\/wpguerssen-test.odoo.rgbconsulting.com\/es\/producto\/cypress-hill-red\/\"]}]},{\"@type\":\"ImageObject\",\"inLanguage\":\"es\",\"@id\":\"https:\/\/wpguerssen-test.odoo.rgbconsulting.com\/es\/producto\/cypress-hill-red\/#primaryimage\",\"url\":\"https:\/\/wpguerssen-test.odoo.rgbconsulting.com\/wp-content\/uploads\/2024\/10\/48860.jpg\",\"contentUrl\":\"https:\/\/wpguerssen-test.odoo.rgbconsulting.com\/wp-content\/uploads\/2024\/10\/48860.jpg\",\"width\":377,\"height\":377},{\"@type\":\"BreadcrumbList\",\"@id\":\"https:\/\/wpguerssen-test.odoo.rgbconsulting.com\/es\/producto\/cypress-hill-red\/#breadcrumb\",\"itemListElement\":[{\"@type\":\"ListItem\",\"position\":1,\"name\":\"Inicio\",\"item\":\"https:\/\/wpguerssen-test.odoo.rgbconsulting.com\/es\/\"},{\"@type\":\"ListItem\",\"position\":2,\"name\":\"Shop\",\"item\":\"https:\/\/wpguerssen-test.odoo.rgbconsulting.com\/shop\/\"},{\"@type\":\"ListItem\",\"position\":3,\"name\":\"Cypress Hill (Red)\"}]},{\"@type\":\"WebSite\",\"@id\":\"https:\/\/wpguerssen-test.odoo.rgbconsulting.com\/es\/#website\",\"url\":\"https:\/\/wpguerssen-test.odoo.rgbconsulting.com\/es\/\",\"name\":\"Guerssen records\",\"description\":\"psychedelia - progressive - folk - garage \",\"publisher\":{\"@id\":\"https:\/\/wpguerssen-test.odoo.rgbconsulting.com\/es\/#organization\"},\"potentialAction\":[{\"@type\":\"SearchAction\",\"target\":{\"@type\":\"EntryPoint\",\"urlTemplate\":\"https:\/\/wpguerssen-test.odoo.rgbconsulting.com\/es\/?s={search_term_string}\"},\"query-input\":{\"@type\":\"PropertyValueSpecification\",\"valueRequired\":true,\"valueName\":\"search_term_string\"}}],\"inLanguage\":\"es\"},{\"@type\":\"Organization\",\"@id\":\"https:\/\/wpguerssen-test.odoo.rgbconsulting.com\/es\/#organization\",\"name\":\"Guerssen records\",\"url\":\"https:\/\/wpguerssen-test.odoo.rgbconsulting.com\/es\/\",\"logo\":{\"@type\":\"ImageObject\",\"inLanguage\":\"es\",\"@id\":\"https:\/\/wpguerssen-test.odoo.rgbconsulting.com\/es\/#\/schema\/logo\/image\/\",\"url\":\"https:\/\/wpguerssen-test.odoo.rgbconsulting.com\/wp-content\/uploads\/2022\/04\/Logo_Guerssen_trans_100.png\",\"contentUrl\":\"https:\/\/wpguerssen-test.odoo.rgbconsulting.com\/wp-content\/uploads\/2022\/04\/Logo_Guerssen_trans_100.png\",\"width\":122,\"height\":100,\"caption\":\"Guerssen records\"},\"image\":{\"@id\":\"https:\/\/wpguerssen-test.odoo.rgbconsulting.com\/es\/#\/schema\/logo\/image\/\"}}]}<\/script>\n<!-- \/ Yoast SEO plugin. -->","yoast_head_json":{"title":"CYPRESS HILL - Cypress Hill (Red) -  (LP) | Guerssen","description":"Somewhere in between the rock-star mischief of the Beastie Boys and the slow-creeping funk of Dr. Dre, Cypress Hill introduced their hazy-eyed sound to the world on their self-titled 1991 debut and things have never quite been the same since. The original Cypress Hill album captures the group at their risk-taking best, mixing gangster posturing, LA street politics, Latin flavor and warped humor together under a thick cloud of weed smoke and innovative beats. Nasal-voiced rapper B-Real and his partner Sen Dog, backed by the adventurous production styles of DJ Muggs, produce classics records like \"How I Could Just Kill a Man,\"\"Pigs,\" \"Stoned is the Way of the Walk\" and \"Hand on the Pump.\"Since its release, the album has won acclaim as one of Rolling Stone's \"Essential Recordings of the 90s\" and \"Top 100 Best Rap Albums\" by The Source magazine. Get On Down is proud to present one of the most influential and important hip-hop albums ever, Cypress Hill, in thisspecial red vinyl release, featuring audio remastered from the original source tapes.","robots":{"index":"index","follow":"follow","max-snippet":"max-snippet:-1","max-image-preview":"max-image-preview:large","max-video-preview":"max-video-preview:-1"},"canonical":"https:\/\/wpguerssen-test.odoo.rgbconsulting.com\/es\/producto\/cypress-hill-red\/","og_locale":"es_ES","og_type":"article","og_title":"CYPRESS HILL - Cypress Hill (Red) -  (LP) | Guerssen","og_description":"Somewhere in between the rock-star mischief of the Beastie Boys and the slow-creeping funk of Dr. Dre, Cypress Hill introduced their hazy-eyed sound to the world on their self-titled 1991 debut and things have never quite been the same since. The original Cypress Hill album captures the group at their risk-taking best, mixing gangster posturing, LA street politics, Latin flavor and warped humor together under a thick cloud of weed smoke and innovative beats. Nasal-voiced rapper B-Real and his partner Sen Dog, backed by the adventurous production styles of DJ Muggs, produce classics records like \"How I Could Just Kill a Man,\"\"Pigs,\" \"Stoned is the Way of the Walk\" and \"Hand on the Pump.\"Since its release, the album has won acclaim as one of Rolling Stone's \"Essential Recordings of the 90s\" and \"Top 100 Best Rap Albums\" by The Source magazine. Get On Down is proud to present one of the most influential and important hip-hop albums ever, Cypress Hill, in thisspecial red vinyl release, featuring audio remastered from the original source tapes.","og_url":"https:\/\/wpguerssen-test.odoo.rgbconsulting.com\/es\/producto\/cypress-hill-red\/","og_site_name":"Guerssen records","article_modified_time":"2025-03-03T15:22:19+00:00","og_image":[{"width":377,"height":377,"url":"https:\/\/wpguerssen-test.odoo.rgbconsulting.com\/wp-content\/uploads\/2024\/10\/48860.jpg","type":"image\/jpeg"}],"twitter_card":"summary_large_image","twitter_title":"CYPRESS HILL - Cypress Hill (Red) -  (LP) | Guerssen","twitter_misc":{"Tiempo de lectura":"1 minuto"},"schema":{"@context":"https:\/\/schema.org","@graph":[{"@type":"WebPage","@id":"https:\/\/wpguerssen-test.odoo.rgbconsulting.com\/es\/producto\/cypress-hill-red\/","url":"https:\/\/wpguerssen-test.odoo.rgbconsulting.com\/es\/producto\/cypress-hill-red\/","name":"CYPRESS HILL - Cypress Hill (Red) - (LP) | Guerssen","isPartOf":{"@id":"https:\/\/wpguerssen-test.odoo.rgbconsulting.com\/es\/#website"},"primaryImageOfPage":{"@id":"https:\/\/wpguerssen-test.odoo.rgbconsulting.com\/es\/producto\/cypress-hill-red\/#primaryimage"},"image":{"@id":"https:\/\/wpguerssen-test.odoo.rgbconsulting.com\/es\/producto\/cypress-hill-red\/#primaryimage"},"thumbnailUrl":"https:\/\/wpguerssen-test.odoo.rgbconsulting.com\/wp-content\/uploads\/2024\/10\/48860.jpg","datePublished":"2024-11-05T23:00:00+00:00","dateModified":"2025-03-03T15:22:19+00:00","description":"Somewhere in between the rock-star mischief of the Beastie Boys and the slow-creeping funk of Dr. Dre, Cypress Hill introduced their hazy-eyed sound to the world on their self-titled 1991 debut and things have never quite been the same since. The original Cypress Hill album captures the group at their risk-taking best, mixing gangster posturing, LA street politics, Latin flavor and warped humor together under a thick cloud of weed smoke and innovative beats. Nasal-voiced rapper B-Real and his partner Sen Dog, backed by the adventurous production styles of DJ Muggs, produce classics records like \"How I Could Just Kill a Man,\"\"Pigs,\" \"Stoned is the Way of the Walk\" and \"Hand on the Pump.\"Since its release, the album has won acclaim as one of Rolling Stone's \"Essential Recordings of the 90s\" and \"Top 100 Best Rap Albums\" by The Source magazine. Get On Down is proud to present one of the most influential and important hip-hop albums ever, Cypress Hill, in thisspecial red vinyl release, featuring audio remastered from the original source tapes.","breadcrumb":{"@id":"https:\/\/wpguerssen-test.odoo.rgbconsulting.com\/es\/producto\/cypress-hill-red\/#breadcrumb"},"inLanguage":"es","potentialAction":[{"@type":"ReadAction","target":["https:\/\/wpguerssen-test.odoo.rgbconsulting.com\/es\/producto\/cypress-hill-red\/"]}]},{"@type":"ImageObject","inLanguage":"es","@id":"https:\/\/wpguerssen-test.odoo.rgbconsulting.com\/es\/producto\/cypress-hill-red\/#primaryimage","url":"https:\/\/wpguerssen-test.odoo.rgbconsulting.com\/wp-content\/uploads\/2024\/10\/48860.jpg","contentUrl":"https:\/\/wpguerssen-test.odoo.rgbconsulting.com\/wp-content\/uploads\/2024\/10\/48860.jpg","width":377,"height":377},{"@type":"BreadcrumbList","@id":"https:\/\/wpguerssen-test.odoo.rgbconsulting.com\/es\/producto\/cypress-hill-red\/#breadcrumb","itemListElement":[{"@type":"ListItem","position":1,"name":"Inicio","item":"https:\/\/wpguerssen-test.odoo.rgbconsulting.com\/es\/"},{"@type":"ListItem","position":2,"name":"Shop","item":"https:\/\/wpguerssen-test.odoo.rgbconsulting.com\/shop\/"},{"@type":"ListItem","position":3,"name":"Cypress Hill (Red)"}]},{"@type":"WebSite","@id":"https:\/\/wpguerssen-test.odoo.rgbconsulting.com\/es\/#website","url":"https:\/\/wpguerssen-test.odoo.rgbconsulting.com\/es\/","name":"Guerssen records","description":"psychedelia - progressive - folk - garage ","publisher":{"@id":"https:\/\/wpguerssen-test.odoo.rgbconsulting.com\/es\/#organization"},"potentialAction":[{"@type":"SearchAction","target":{"@type":"EntryPoint","urlTemplate":"https:\/\/wpguerssen-test.odoo.rgbconsulting.com\/es\/?s={search_term_string}"},"query-input":{"@type":"PropertyValueSpecification","valueRequired":true,"valueName":"search_term_string"}}],"inLanguage":"es"},{"@type":"Organization","@id":"https:\/\/wpguerssen-test.odoo.rgbconsulting.com\/es\/#organization","name":"Guerssen records","url":"https:\/\/wpguerssen-test.odoo.rgbconsulting.com\/es\/","logo":{"@type":"ImageObject","inLanguage":"es","@id":"https:\/\/wpguerssen-test.odoo.rgbconsulting.com\/es\/#\/schema\/logo\/image\/","url":"https:\/\/wpguerssen-test.odoo.rgbconsulting.com\/wp-content\/uploads\/2022\/04\/Logo_Guerssen_trans_100.png","contentUrl":"https:\/\/wpguerssen-test.odoo.rgbconsulting.com\/wp-content\/uploads\/2022\/04\/Logo_Guerssen_trans_100.png","width":122,"height":100,"caption":"Guerssen records"},"image":{"@id":"https:\/\/wpguerssen-test.odoo.rgbconsulting.com\/es\/#\/schema\/logo\/image\/"}}]}},"_links":{"self":[{"href":"https:\/\/wpguerssen-test.odoo.rgbconsulting.com\/es\/wp-json\/wp\/v2\/product\/276405","targetHints":{"allow":["GET"]}}],"collection":[{"href":"https:\/\/wpguerssen-test.odoo.rgbconsulting.com\/es\/wp-json\/wp\/v2\/product"}],"about":[{"href":"https:\/\/wpguerssen-test.odoo.rgbconsulting.com\/es\/wp-json\/wp\/v2\/types\/product"}],"wp:featuredmedia":[{"embeddable":true,"href":"https:\/\/wpguerssen-test.odoo.rgbconsulting.com\/es\/wp-json\/wp\/v2\/media\/276369"}],"wp:attachment":[{"href":"https:\/\/wpguerssen-test.odoo.rgbconsulting.com\/es\/wp-json\/wp\/v2\/media?parent=276405"}],"wp:term":[{"taxonomy":"product_brand","embeddable":true,"href":"https:\/\/wpguerssen-test.odoo.rgbconsulting.com\/es\/wp-json\/wp\/v2\/product_brand?post=276405"},{"taxonomy":"product_cat","embeddable":true,"href":"https:\/\/wpguerssen-test.odoo.rgbconsulting.com\/es\/wp-json\/wp\/v2\/product_cat?post=276405"},{"taxonomy":"product_tag","embeddable":true,"href":"https:\/\/wpguerssen-test.odoo.rgbconsulting.com\/es\/wp-json\/wp\/v2\/product_tag?post=276405"}],"curies":[{"name":"wp","href":"https:\/\/api.w.org\/{rel}","templated":true}]}}