{"id":276406,"date":"2025-01-23T00:00:00","date_gmt":"2025-01-22T23:00:00","guid":{"rendered":"https:\/\/wpguerssen-test.odoo.rgbconsulting.com\/product\/james-brown-funky-people-pt-2\/"},"modified":"2025-04-08T15:40:22","modified_gmt":"2025-04-08T13:40:22","slug":"james-brown-funky-people-pt-2","status":"publish","type":"product","link":"https:\/\/wpguerssen-test.odoo.rgbconsulting.com\/es\/producto\/james-brown-funky-people-pt-2\/","title":{"rendered":"James Brown Funky People Pt 2"},"content":{"rendered":"<p>Como saben los fan\u00e1ticos de la m\u00fasica, James Brown no solo fue el mejor cantante de funk y soul que el mundo haya visto jam\u00e1s; tambi\u00e9n fue un visionario musical y un hombre de negocios que se rode\u00f3 de genios que lo hicieron mejor y lo impulsaron a llegar m\u00e1s lejos.<br \/>De desde los maestros de trompeta Maceo Parker y Pee Wee Ellis hasta los vocalistas Lyn Collins y Bobby Byrd, Brown era un maestro musical de A &#038; R, inquieto y siempre buscando la pr\u00f3xima gran novedad. La mayor\u00eda de las veces, eso se manifestar\u00eda en el \u00faltimo \u00e9xito de James Brown bajo su propio nombre. Pero no siempre. Su grupo de talentos estaba desbordado en los a\u00f1os 60 y 70 y, afortunadamente, la m\u00e1quina de cintas de su estudio siempre estaba grabando.<br \/>Lanzado originalmente en 1988, durante la era dorada del sampleo del hip-hop, no sorprende que casi todas las notas escuchadas en esta incre\u00edble colecci\u00f3n se ha utilizado no en uno, sino en m\u00faltiples cl\u00e1sicos del rap. Lo cual, en ese momento, era una prueba de la capacidad de permanencia de Brown (y su equipo). Pero ya hemos pasado m\u00e1s de tres d\u00e9cadas de aquellos d\u00edas y no ha perdido nada de su potencia musical.<br \/>Profundizando en las b\u00f3vedas de la tambi\u00e9n incre\u00edble Parte 1 de la serie Funky People, no hay una pista d\u00e9bil en el grupo. M\u00e1s all\u00e1 de los conocidos cortes de JB, las cosas se ponen interesantes desde el principio con el ritmo monumental de Bobby Byrd \u00abI Know You Got Soul\u00bb. Hank Ballard y Marva Whitney tambi\u00e9n entran en escena, abriendo el camino hacia el emotivo y poderoso \u00abMessage From The Soul Sisters (Parts 1 &#038; 2)\u00bb de Myra Barnes y la versi\u00f3n lenta y ardiente de Lyn Collins de \u00abDo Your Thing\u00bb de Isaac Haye.<br >La pol\u00edtica incluso recibe el tratamiento funky soul, con Fred Wesley &#038; The JBs \u00abPuedes tener Watergate pero dame algo de dinero y ser\u00e9 honesto\u00bb y \u00abEstoy pagando impuestos, pero \u00bfqu\u00e9 estoy comprando?\u00bb Y no se debe pasar por alto que el entrenamiento instrumental de Maceo &#038; The Macks \u00abSoul Power &#8217;74\u00bb incluso incluye un fragmento de protomuestreo del discurso I&#8217;ve Been To The Mountaintop de MLK de 1968.<br \/>Esta es otra incre\u00edble colecci\u00f3n de los amigos funky de James Brown, sin un segundo de relleno, presentada como una gloriosa portada de 2 LP por tus amigos de Get On Down.<\/p>\n","protected":false},"excerpt":{"rendered":"<p>Como saben los fan\u00e1ticos de la m\u00fasica, James Brown no solo fue el mejor cantante de funk y soul que el mundo haya visto jam\u00e1s; tambi\u00e9n fue un visionario musical<a class=\"read\" href=\"https:\/\/wpguerssen-test.odoo.rgbconsulting.com\/es\/producto\/james-brown-funky-people-pt-2\/\"> (...)<\/a>","protected":false},"featured_media":276372,"template":"","meta":{"_acf_changed":false},"product_brand":[],"product_cat":[21649,23219],"product_tag":[24185],"class_list":{"0":"post-276406","1":"product","2":"type-product","3":"status-publish","4":"has-post-thumbnail","6":"product_cat-soul-rnb-es","7":"product_cat-funk-es","8":"product_tag-de-nuevo-en-existencia","9":"pa_artist-various-artists-es","10":"pa_format-2lp-es","11":"pa_gender-soul-rnb-funk","12":"pa_label-get-on-down","13":"pa_location-north-america-es","14":"pa_other-filters-vinyl-only-es","16":"first","17":"instock","18":"taxable","19":"shipping-taxable","20":"purchasable","21":"product-type-simple"},"acf":[],"yoast_head":"<!-- This site is optimized with the Yoast SEO plugin v24.9 - https:\/\/yoast.com\/wordpress\/plugins\/seo\/ -->\n<title>VARIOUS ARTISTS - James Brown Funky People Pt 2 -  (2LP) | Guerssen<\/title>\n<meta name=\"description\" content=\"As music fans know, James Brown wasn&#039;t just the greatest funk and soul singer the world has ever seen - he was also a musical visionary and businessman, who surrounded himself with geniuses who made him better and pushed him further.From horn masters Maceo Parker and Pee Wee Ellis to vocalists Lyn Collins and Bobby Byrd, Brown was a musical A &amp; R master, restless and always looking for the next big thing. Most times, that would manifest in the latest James Brown smash under his own name. But not always. His stable of talent was overflowing in the 60s and 70s, and, thankfully, the tape machine in his studio was always rolling.Originally released in 1988, during the era of hip-hop&#039;s golden age of sampling, it&#039;s no surprise that just about every note heard in this incredible collection has been used on not one, but multiple rap classics. Which, at the time, was proof of Brown&#039;s (and his crew&#039;s) staying power. But we are over three decades beyond those days now, and it has lost none of its musical potency. Diving deeper into the vaults than the also-incredible Part 1 of the Funky People series, there is not a weak track in the bunch. Moving beyond well-known JBs cuts, things get interesting from the get-go with Bobby Byrd&#039;s monumental groove &quot;I Know You Got Soul&quot;. Hank Ballard and Marva Whitney also enter the fray, leading the way to Myra Barnes&#039;s emotional and powerful &quot;Message From The Soul Sisters (Parts 1 &amp; 2)&quot; and Lyn Collins&#039;s slow, smoldering cover of Isaac Haye&#039;s &quot;Do Your Thing.&quot;Politics even get the funky soul treatment, with Fred Wesley &amp; The JBs &quot;You Can Have Watergate But Gimme Some Bucks And I&#039;ll Be Straight&quot; and &quot;I&#039;m Paying Taxes, But What Am I Buying?&quot; And it should not be overlooked that Maceo &amp; The Macks instrumental workout &quot;Soul Power &#039;74&quot; even features a proto-sampling snippet from MLK&#039;s I&#039;ve Been To The Mountaintop speech from 1968.This is another amazing collection of James Brown&#039;s funky friends, without one second of filler, brought to you as a glorious 2-LP gatefold by your friends at Get On Down.\" \/>\n<meta name=\"robots\" content=\"index, follow, max-snippet:-1, max-image-preview:large, max-video-preview:-1\" \/>\n<link rel=\"canonical\" href=\"https:\/\/wpguerssen-test.odoo.rgbconsulting.com\/es\/producto\/james-brown-funky-people-pt-2\/\" \/>\n<meta property=\"og:locale\" content=\"es_ES\" \/>\n<meta property=\"og:type\" content=\"article\" \/>\n<meta property=\"og:title\" content=\"VARIOUS ARTISTS - James Brown Funky People Pt 2 -  (2LP) | Guerssen\" \/>\n<meta property=\"og:description\" content=\"As music fans know, James Brown wasn&#039;t just the greatest funk and soul singer the world has ever seen - he was also a musical visionary and businessman, who surrounded himself with geniuses who made him better and pushed him further.From horn masters Maceo Parker and Pee Wee Ellis to vocalists Lyn Collins and Bobby Byrd, Brown was a musical A &amp; R master, restless and always looking for the next big thing. Most times, that would manifest in the latest James Brown smash under his own name. But not always. His stable of talent was overflowing in the 60s and 70s, and, thankfully, the tape machine in his studio was always rolling.Originally released in 1988, during the era of hip-hop&#039;s golden age of sampling, it&#039;s no surprise that just about every note heard in this incredible collection has been used on not one, but multiple rap classics. Which, at the time, was proof of Brown&#039;s (and his crew&#039;s) staying power. But we are over three decades beyond those days now, and it has lost none of its musical potency. Diving deeper into the vaults than the also-incredible Part 1 of the Funky People series, there is not a weak track in the bunch. Moving beyond well-known JBs cuts, things get interesting from the get-go with Bobby Byrd&#039;s monumental groove &quot;I Know You Got Soul&quot;. Hank Ballard and Marva Whitney also enter the fray, leading the way to Myra Barnes&#039;s emotional and powerful &quot;Message From The Soul Sisters (Parts 1 &amp; 2)&quot; and Lyn Collins&#039;s slow, smoldering cover of Isaac Haye&#039;s &quot;Do Your Thing.&quot;Politics even get the funky soul treatment, with Fred Wesley &amp; The JBs &quot;You Can Have Watergate But Gimme Some Bucks And I&#039;ll Be Straight&quot; and &quot;I&#039;m Paying Taxes, But What Am I Buying?&quot; And it should not be overlooked that Maceo &amp; The Macks instrumental workout &quot;Soul Power &#039;74&quot; even features a proto-sampling snippet from MLK&#039;s I&#039;ve Been To The Mountaintop speech from 1968.This is another amazing collection of James Brown&#039;s funky friends, without one second of filler, brought to you as a glorious 2-LP gatefold by your friends at Get On Down.\" \/>\n<meta property=\"og:url\" content=\"https:\/\/wpguerssen-test.odoo.rgbconsulting.com\/es\/producto\/james-brown-funky-people-pt-2\/\" \/>\n<meta property=\"og:site_name\" content=\"Guerssen records\" \/>\n<meta property=\"article:modified_time\" content=\"2025-04-08T13:40:22+00:00\" \/>\n<meta property=\"og:image\" content=\"https:\/\/wpguerssen-test.odoo.rgbconsulting.com\/wp-content\/uploads\/2024\/10\/48861.jpg\" \/>\n\t<meta property=\"og:image:width\" content=\"323\" \/>\n\t<meta property=\"og:image:height\" content=\"322\" \/>\n\t<meta property=\"og:image:type\" content=\"image\/jpeg\" \/>\n<meta name=\"twitter:card\" content=\"summary_large_image\" \/>\n<meta name=\"twitter:title\" content=\"VARIOUS ARTISTS - James Brown Funky People Pt 2 -  (2LP) | Guerssen\" \/>\n<meta name=\"twitter:label1\" content=\"Tiempo de lectura\" \/>\n\t<meta name=\"twitter:data1\" content=\"2 minutos\" \/>\n<script type=\"application\/ld+json\" class=\"yoast-schema-graph\">{\"@context\":\"https:\/\/schema.org\",\"@graph\":[{\"@type\":\"WebPage\",\"@id\":\"https:\/\/wpguerssen-test.odoo.rgbconsulting.com\/es\/producto\/james-brown-funky-people-pt-2\/\",\"url\":\"https:\/\/wpguerssen-test.odoo.rgbconsulting.com\/es\/producto\/james-brown-funky-people-pt-2\/\",\"name\":\"VARIOUS ARTISTS - James Brown Funky People Pt 2 - (2LP) | Guerssen\",\"isPartOf\":{\"@id\":\"https:\/\/wpguerssen-test.odoo.rgbconsulting.com\/es\/#website\"},\"primaryImageOfPage\":{\"@id\":\"https:\/\/wpguerssen-test.odoo.rgbconsulting.com\/es\/producto\/james-brown-funky-people-pt-2\/#primaryimage\"},\"image\":{\"@id\":\"https:\/\/wpguerssen-test.odoo.rgbconsulting.com\/es\/producto\/james-brown-funky-people-pt-2\/#primaryimage\"},\"thumbnailUrl\":\"https:\/\/wpguerssen-test.odoo.rgbconsulting.com\/wp-content\/uploads\/2024\/10\/48861.jpg\",\"datePublished\":\"2025-01-22T23:00:00+00:00\",\"dateModified\":\"2025-04-08T13:40:22+00:00\",\"description\":\"As music fans know, James Brown wasn't just the greatest funk and soul singer the world has ever seen - he was also a musical visionary and businessman, who surrounded himself with geniuses who made him better and pushed him further.From horn masters Maceo Parker and Pee Wee Ellis to vocalists Lyn Collins and Bobby Byrd, Brown was a musical A & R master, restless and always looking for the next big thing. Most times, that would manifest in the latest James Brown smash under his own name. But not always. His stable of talent was overflowing in the 60s and 70s, and, thankfully, the tape machine in his studio was always rolling.Originally released in 1988, during the era of hip-hop's golden age of sampling, it's no surprise that just about every note heard in this incredible collection has been used on not one, but multiple rap classics. Which, at the time, was proof of Brown's (and his crew's) staying power. But we are over three decades beyond those days now, and it has lost none of its musical potency. Diving deeper into the vaults than the also-incredible Part 1 of the Funky People series, there is not a weak track in the bunch. Moving beyond well-known JBs cuts, things get interesting from the get-go with Bobby Byrd's monumental groove \\\"I Know You Got Soul\\\". Hank Ballard and Marva Whitney also enter the fray, leading the way to Myra Barnes's emotional and powerful \\\"Message From The Soul Sisters (Parts 1 & 2)\\\" and Lyn Collins's slow, smoldering cover of Isaac Haye's \\\"Do Your Thing.\\\"Politics even get the funky soul treatment, with Fred Wesley & The JBs \\\"You Can Have Watergate But Gimme Some Bucks And I'll Be Straight\\\" and \\\"I'm Paying Taxes, But What Am I Buying?\\\" And it should not be overlooked that Maceo & The Macks instrumental workout \\\"Soul Power '74\\\" even features a proto-sampling snippet from MLK's I've Been To The Mountaintop speech from 1968.This is another amazing collection of James Brown's funky friends, without one second of filler, brought to you as a glorious 2-LP gatefold by your friends at Get On Down.\",\"breadcrumb\":{\"@id\":\"https:\/\/wpguerssen-test.odoo.rgbconsulting.com\/es\/producto\/james-brown-funky-people-pt-2\/#breadcrumb\"},\"inLanguage\":\"es\",\"potentialAction\":[{\"@type\":\"ReadAction\",\"target\":[\"https:\/\/wpguerssen-test.odoo.rgbconsulting.com\/es\/producto\/james-brown-funky-people-pt-2\/\"]}]},{\"@type\":\"ImageObject\",\"inLanguage\":\"es\",\"@id\":\"https:\/\/wpguerssen-test.odoo.rgbconsulting.com\/es\/producto\/james-brown-funky-people-pt-2\/#primaryimage\",\"url\":\"https:\/\/wpguerssen-test.odoo.rgbconsulting.com\/wp-content\/uploads\/2024\/10\/48861.jpg\",\"contentUrl\":\"https:\/\/wpguerssen-test.odoo.rgbconsulting.com\/wp-content\/uploads\/2024\/10\/48861.jpg\",\"width\":323,\"height\":322},{\"@type\":\"BreadcrumbList\",\"@id\":\"https:\/\/wpguerssen-test.odoo.rgbconsulting.com\/es\/producto\/james-brown-funky-people-pt-2\/#breadcrumb\",\"itemListElement\":[{\"@type\":\"ListItem\",\"position\":1,\"name\":\"Inicio\",\"item\":\"https:\/\/wpguerssen-test.odoo.rgbconsulting.com\/es\/\"},{\"@type\":\"ListItem\",\"position\":2,\"name\":\"Shop\",\"item\":\"https:\/\/wpguerssen-test.odoo.rgbconsulting.com\/shop\/\"},{\"@type\":\"ListItem\",\"position\":3,\"name\":\"James Brown Funky People Pt 2\"}]},{\"@type\":\"WebSite\",\"@id\":\"https:\/\/wpguerssen-test.odoo.rgbconsulting.com\/es\/#website\",\"url\":\"https:\/\/wpguerssen-test.odoo.rgbconsulting.com\/es\/\",\"name\":\"Guerssen records\",\"description\":\"psychedelia - progressive - folk - garage \",\"publisher\":{\"@id\":\"https:\/\/wpguerssen-test.odoo.rgbconsulting.com\/es\/#organization\"},\"potentialAction\":[{\"@type\":\"SearchAction\",\"target\":{\"@type\":\"EntryPoint\",\"urlTemplate\":\"https:\/\/wpguerssen-test.odoo.rgbconsulting.com\/es\/?s={search_term_string}\"},\"query-input\":{\"@type\":\"PropertyValueSpecification\",\"valueRequired\":true,\"valueName\":\"search_term_string\"}}],\"inLanguage\":\"es\"},{\"@type\":\"Organization\",\"@id\":\"https:\/\/wpguerssen-test.odoo.rgbconsulting.com\/es\/#organization\",\"name\":\"Guerssen records\",\"url\":\"https:\/\/wpguerssen-test.odoo.rgbconsulting.com\/es\/\",\"logo\":{\"@type\":\"ImageObject\",\"inLanguage\":\"es\",\"@id\":\"https:\/\/wpguerssen-test.odoo.rgbconsulting.com\/es\/#\/schema\/logo\/image\/\",\"url\":\"https:\/\/wpguerssen-test.odoo.rgbconsulting.com\/wp-content\/uploads\/2022\/04\/Logo_Guerssen_trans_100.png\",\"contentUrl\":\"https:\/\/wpguerssen-test.odoo.rgbconsulting.com\/wp-content\/uploads\/2022\/04\/Logo_Guerssen_trans_100.png\",\"width\":122,\"height\":100,\"caption\":\"Guerssen records\"},\"image\":{\"@id\":\"https:\/\/wpguerssen-test.odoo.rgbconsulting.com\/es\/#\/schema\/logo\/image\/\"}}]}<\/script>\n<!-- \/ Yoast SEO plugin. -->","yoast_head_json":{"title":"VARIOUS ARTISTS - James Brown Funky People Pt 2 -  (2LP) | Guerssen","description":"As music fans know, James Brown wasn't just the greatest funk and soul singer the world has ever seen - he was also a musical visionary and businessman, who surrounded himself with geniuses who made him better and pushed him further.From horn masters Maceo Parker and Pee Wee Ellis to vocalists Lyn Collins and Bobby Byrd, Brown was a musical A & R master, restless and always looking for the next big thing. Most times, that would manifest in the latest James Brown smash under his own name. But not always. His stable of talent was overflowing in the 60s and 70s, and, thankfully, the tape machine in his studio was always rolling.Originally released in 1988, during the era of hip-hop's golden age of sampling, it's no surprise that just about every note heard in this incredible collection has been used on not one, but multiple rap classics. Which, at the time, was proof of Brown's (and his crew's) staying power. But we are over three decades beyond those days now, and it has lost none of its musical potency. Diving deeper into the vaults than the also-incredible Part 1 of the Funky People series, there is not a weak track in the bunch. Moving beyond well-known JBs cuts, things get interesting from the get-go with Bobby Byrd's monumental groove \"I Know You Got Soul\". Hank Ballard and Marva Whitney also enter the fray, leading the way to Myra Barnes's emotional and powerful \"Message From The Soul Sisters (Parts 1 & 2)\" and Lyn Collins's slow, smoldering cover of Isaac Haye's \"Do Your Thing.\"Politics even get the funky soul treatment, with Fred Wesley & The JBs \"You Can Have Watergate But Gimme Some Bucks And I'll Be Straight\" and \"I'm Paying Taxes, But What Am I Buying?\" And it should not be overlooked that Maceo & The Macks instrumental workout \"Soul Power '74\" even features a proto-sampling snippet from MLK's I've Been To The Mountaintop speech from 1968.This is another amazing collection of James Brown's funky friends, without one second of filler, brought to you as a glorious 2-LP gatefold by your friends at Get On Down.","robots":{"index":"index","follow":"follow","max-snippet":"max-snippet:-1","max-image-preview":"max-image-preview:large","max-video-preview":"max-video-preview:-1"},"canonical":"https:\/\/wpguerssen-test.odoo.rgbconsulting.com\/es\/producto\/james-brown-funky-people-pt-2\/","og_locale":"es_ES","og_type":"article","og_title":"VARIOUS ARTISTS - James Brown Funky People Pt 2 -  (2LP) | Guerssen","og_description":"As music fans know, James Brown wasn't just the greatest funk and soul singer the world has ever seen - he was also a musical visionary and businessman, who surrounded himself with geniuses who made him better and pushed him further.From horn masters Maceo Parker and Pee Wee Ellis to vocalists Lyn Collins and Bobby Byrd, Brown was a musical A & R master, restless and always looking for the next big thing. Most times, that would manifest in the latest James Brown smash under his own name. But not always. His stable of talent was overflowing in the 60s and 70s, and, thankfully, the tape machine in his studio was always rolling.Originally released in 1988, during the era of hip-hop's golden age of sampling, it's no surprise that just about every note heard in this incredible collection has been used on not one, but multiple rap classics. Which, at the time, was proof of Brown's (and his crew's) staying power. But we are over three decades beyond those days now, and it has lost none of its musical potency. Diving deeper into the vaults than the also-incredible Part 1 of the Funky People series, there is not a weak track in the bunch. Moving beyond well-known JBs cuts, things get interesting from the get-go with Bobby Byrd's monumental groove \"I Know You Got Soul\". Hank Ballard and Marva Whitney also enter the fray, leading the way to Myra Barnes's emotional and powerful \"Message From The Soul Sisters (Parts 1 & 2)\" and Lyn Collins's slow, smoldering cover of Isaac Haye's \"Do Your Thing.\"Politics even get the funky soul treatment, with Fred Wesley & The JBs \"You Can Have Watergate But Gimme Some Bucks And I'll Be Straight\" and \"I'm Paying Taxes, But What Am I Buying?\" And it should not be overlooked that Maceo & The Macks instrumental workout \"Soul Power '74\" even features a proto-sampling snippet from MLK's I've Been To The Mountaintop speech from 1968.This is another amazing collection of James Brown's funky friends, without one second of filler, brought to you as a glorious 2-LP gatefold by your friends at Get On Down.","og_url":"https:\/\/wpguerssen-test.odoo.rgbconsulting.com\/es\/producto\/james-brown-funky-people-pt-2\/","og_site_name":"Guerssen records","article_modified_time":"2025-04-08T13:40:22+00:00","og_image":[{"width":323,"height":322,"url":"https:\/\/wpguerssen-test.odoo.rgbconsulting.com\/wp-content\/uploads\/2024\/10\/48861.jpg","type":"image\/jpeg"}],"twitter_card":"summary_large_image","twitter_title":"VARIOUS ARTISTS - James Brown Funky People Pt 2 -  (2LP) | Guerssen","twitter_misc":{"Tiempo de lectura":"2 minutos"},"schema":{"@context":"https:\/\/schema.org","@graph":[{"@type":"WebPage","@id":"https:\/\/wpguerssen-test.odoo.rgbconsulting.com\/es\/producto\/james-brown-funky-people-pt-2\/","url":"https:\/\/wpguerssen-test.odoo.rgbconsulting.com\/es\/producto\/james-brown-funky-people-pt-2\/","name":"VARIOUS ARTISTS - James Brown Funky People Pt 2 - (2LP) | Guerssen","isPartOf":{"@id":"https:\/\/wpguerssen-test.odoo.rgbconsulting.com\/es\/#website"},"primaryImageOfPage":{"@id":"https:\/\/wpguerssen-test.odoo.rgbconsulting.com\/es\/producto\/james-brown-funky-people-pt-2\/#primaryimage"},"image":{"@id":"https:\/\/wpguerssen-test.odoo.rgbconsulting.com\/es\/producto\/james-brown-funky-people-pt-2\/#primaryimage"},"thumbnailUrl":"https:\/\/wpguerssen-test.odoo.rgbconsulting.com\/wp-content\/uploads\/2024\/10\/48861.jpg","datePublished":"2025-01-22T23:00:00+00:00","dateModified":"2025-04-08T13:40:22+00:00","description":"As music fans know, James Brown wasn't just the greatest funk and soul singer the world has ever seen - he was also a musical visionary and businessman, who surrounded himself with geniuses who made him better and pushed him further.From horn masters Maceo Parker and Pee Wee Ellis to vocalists Lyn Collins and Bobby Byrd, Brown was a musical A & R master, restless and always looking for the next big thing. Most times, that would manifest in the latest James Brown smash under his own name. But not always. His stable of talent was overflowing in the 60s and 70s, and, thankfully, the tape machine in his studio was always rolling.Originally released in 1988, during the era of hip-hop's golden age of sampling, it's no surprise that just about every note heard in this incredible collection has been used on not one, but multiple rap classics. Which, at the time, was proof of Brown's (and his crew's) staying power. But we are over three decades beyond those days now, and it has lost none of its musical potency. Diving deeper into the vaults than the also-incredible Part 1 of the Funky People series, there is not a weak track in the bunch. Moving beyond well-known JBs cuts, things get interesting from the get-go with Bobby Byrd's monumental groove \"I Know You Got Soul\". Hank Ballard and Marva Whitney also enter the fray, leading the way to Myra Barnes's emotional and powerful \"Message From The Soul Sisters (Parts 1 & 2)\" and Lyn Collins's slow, smoldering cover of Isaac Haye's \"Do Your Thing.\"Politics even get the funky soul treatment, with Fred Wesley & The JBs \"You Can Have Watergate But Gimme Some Bucks And I'll Be Straight\" and \"I'm Paying Taxes, But What Am I Buying?\" And it should not be overlooked that Maceo & The Macks instrumental workout \"Soul Power '74\" even features a proto-sampling snippet from MLK's I've Been To The Mountaintop speech from 1968.This is another amazing collection of James Brown's funky friends, without one second of filler, brought to you as a glorious 2-LP gatefold by your friends at Get On Down.","breadcrumb":{"@id":"https:\/\/wpguerssen-test.odoo.rgbconsulting.com\/es\/producto\/james-brown-funky-people-pt-2\/#breadcrumb"},"inLanguage":"es","potentialAction":[{"@type":"ReadAction","target":["https:\/\/wpguerssen-test.odoo.rgbconsulting.com\/es\/producto\/james-brown-funky-people-pt-2\/"]}]},{"@type":"ImageObject","inLanguage":"es","@id":"https:\/\/wpguerssen-test.odoo.rgbconsulting.com\/es\/producto\/james-brown-funky-people-pt-2\/#primaryimage","url":"https:\/\/wpguerssen-test.odoo.rgbconsulting.com\/wp-content\/uploads\/2024\/10\/48861.jpg","contentUrl":"https:\/\/wpguerssen-test.odoo.rgbconsulting.com\/wp-content\/uploads\/2024\/10\/48861.jpg","width":323,"height":322},{"@type":"BreadcrumbList","@id":"https:\/\/wpguerssen-test.odoo.rgbconsulting.com\/es\/producto\/james-brown-funky-people-pt-2\/#breadcrumb","itemListElement":[{"@type":"ListItem","position":1,"name":"Inicio","item":"https:\/\/wpguerssen-test.odoo.rgbconsulting.com\/es\/"},{"@type":"ListItem","position":2,"name":"Shop","item":"https:\/\/wpguerssen-test.odoo.rgbconsulting.com\/shop\/"},{"@type":"ListItem","position":3,"name":"James Brown Funky People Pt 2"}]},{"@type":"WebSite","@id":"https:\/\/wpguerssen-test.odoo.rgbconsulting.com\/es\/#website","url":"https:\/\/wpguerssen-test.odoo.rgbconsulting.com\/es\/","name":"Guerssen records","description":"psychedelia - progressive - folk - garage ","publisher":{"@id":"https:\/\/wpguerssen-test.odoo.rgbconsulting.com\/es\/#organization"},"potentialAction":[{"@type":"SearchAction","target":{"@type":"EntryPoint","urlTemplate":"https:\/\/wpguerssen-test.odoo.rgbconsulting.com\/es\/?s={search_term_string}"},"query-input":{"@type":"PropertyValueSpecification","valueRequired":true,"valueName":"search_term_string"}}],"inLanguage":"es"},{"@type":"Organization","@id":"https:\/\/wpguerssen-test.odoo.rgbconsulting.com\/es\/#organization","name":"Guerssen records","url":"https:\/\/wpguerssen-test.odoo.rgbconsulting.com\/es\/","logo":{"@type":"ImageObject","inLanguage":"es","@id":"https:\/\/wpguerssen-test.odoo.rgbconsulting.com\/es\/#\/schema\/logo\/image\/","url":"https:\/\/wpguerssen-test.odoo.rgbconsulting.com\/wp-content\/uploads\/2022\/04\/Logo_Guerssen_trans_100.png","contentUrl":"https:\/\/wpguerssen-test.odoo.rgbconsulting.com\/wp-content\/uploads\/2022\/04\/Logo_Guerssen_trans_100.png","width":122,"height":100,"caption":"Guerssen records"},"image":{"@id":"https:\/\/wpguerssen-test.odoo.rgbconsulting.com\/es\/#\/schema\/logo\/image\/"}}]}},"_links":{"self":[{"href":"https:\/\/wpguerssen-test.odoo.rgbconsulting.com\/es\/wp-json\/wp\/v2\/product\/276406","targetHints":{"allow":["GET"]}}],"collection":[{"href":"https:\/\/wpguerssen-test.odoo.rgbconsulting.com\/es\/wp-json\/wp\/v2\/product"}],"about":[{"href":"https:\/\/wpguerssen-test.odoo.rgbconsulting.com\/es\/wp-json\/wp\/v2\/types\/product"}],"wp:featuredmedia":[{"embeddable":true,"href":"https:\/\/wpguerssen-test.odoo.rgbconsulting.com\/es\/wp-json\/wp\/v2\/media\/276372"}],"wp:attachment":[{"href":"https:\/\/wpguerssen-test.odoo.rgbconsulting.com\/es\/wp-json\/wp\/v2\/media?parent=276406"}],"wp:term":[{"taxonomy":"product_brand","embeddable":true,"href":"https:\/\/wpguerssen-test.odoo.rgbconsulting.com\/es\/wp-json\/wp\/v2\/product_brand?post=276406"},{"taxonomy":"product_cat","embeddable":true,"href":"https:\/\/wpguerssen-test.odoo.rgbconsulting.com\/es\/wp-json\/wp\/v2\/product_cat?post=276406"},{"taxonomy":"product_tag","embeddable":true,"href":"https:\/\/wpguerssen-test.odoo.rgbconsulting.com\/es\/wp-json\/wp\/v2\/product_tag?post=276406"}],"curies":[{"name":"wp","href":"https:\/\/api.w.org\/{rel}","templated":true}]}}