{"id":276522,"date":"2024-11-18T00:00:00","date_gmt":"2024-11-17T23:00:00","guid":{"rendered":"https:\/\/wpguerssen-test.odoo.rgbconsulting.com\/product\/the-fall-of-the-gods\/"},"modified":"2025-03-03T16:22:46","modified_gmt":"2025-03-03T15:22:46","slug":"the-fall-of-the-gods","status":"publish","type":"product","link":"https:\/\/wpguerssen-test.odoo.rgbconsulting.com\/es\/producto\/the-fall-of-the-gods\/","title":{"rendered":"The Fall Of The Gods"},"content":{"rendered":"<p>VINILO \u00c1MBAR+NEGRO\/BLANCO\/ROJO LIMITADO A 250 COPIAS<br \/>BAJO LICENCIA OFICIAL DE SMALL STONE RECORDS<br \/>Heavy Blues, comprueba&#8230; Fuzz, comprueba&#8230; \u00a1Psicod\u00e9lico, comprueba! A los 14 a\u00f1os de existencia, los italianos Black Elephant regresan con un \u00e1lbum monstruoso titulado The Fall of the Gods. \u00a1Estamos hablando del \u00e1lbum del a\u00f1o! Es as\u00ed de bueno.<br \/>En 2018, la banda desat\u00f3 Cosmic Blues, un verdadero cl\u00e1sico underground. En 2020, la banda present\u00f3 la tem\u00e1tica japonesa Seven Swords. El ADN compartido entre estos dos \u00e1lbumes es muy simple: ambos son colecciones de heavy groovers de mentalidad cl\u00e1sica, que escogen lo mejor que los a\u00f1os 70, 90 y 10 ten\u00edan para ofrecer en riffs que derriten la mente.<br \/>The Fall of the Gods contin\u00faa en la tradici\u00f3n de sus dos joyas sonoras anteriores, y realmente lleva las cosas a un lugar m\u00e1s pesado, tanto en sentido figurado como literal. El l\u00edder de la banda, Alessio Caravelli, nos dio esta idea: \u00abEl tema esta vez es la ca\u00edda, de la decadencia al renacimiento&#8230; Despu\u00e9s de los \u00faltimos a\u00f1os muy duros para todas las sociedades, entendimos que muchos principios y colosos han ca\u00eddo, exactamente como los dioses y culturas antiguas como la maya y la azteca lo hicieron. Esta ha sido tambi\u00e9n la inspiraci\u00f3n para nuestro dise\u00f1ador gr\u00e1fico Farfante, quien dibuj\u00f3 a mano la portada y el arte del nuevo \u00e1lbum con estos conceptos en mente\u00bb.<br \/>Hay presente una amplia gama de din\u00e1micas (me viene a la mente All Them Witches). Los toques de Hendrix se combinan con momentos de Shoegaze de los 90 (piense en el \u00e1lbum A Storm in Heaven de Verve) y luego recorre una larga carretera des\u00e9rtica que har\u00eda que Brant Bjork se sintiera como en casa.<br \/>Los pedales Fuzz siguen predicando, el cielo se resquebraja y los riffs aplastan. El fin del mundo de todos modos. Tambi\u00e9n podr\u00edas divertirte un poco con \u00e9l.<br \/>Para fan\u00e1ticos de: All Them Witches, Hendrix, 90&#8217;s Shoegaze, Brant Bjork.<\/p>\n","protected":false},"excerpt":{"rendered":"<p>VINILO \u00c1MBAR+NEGRO\/BLANCO\/ROJO LIMITADO A 250 COPIAS<br \/>BAJO LICENCIA OFICIAL DE SMALL STONE RECORDS<br \/>Heavy Blues, comprueba&#8230; Fuzz, comprueba&#8230; \u00a1Psicod\u00e9lico,<a class=\"read\" href=\"https:\/\/wpguerssen-test.odoo.rgbconsulting.com\/es\/producto\/the-fall-of-the-gods\/\"> (...)<\/a>","protected":false},"featured_media":276496,"template":"","meta":{"_acf_changed":false},"product_brand":[],"product_cat":[21659,23262],"product_tag":[],"class_list":{"0":"post-276522","1":"product","2":"type-product","3":"status-publish","4":"has-post-thumbnail","6":"product_cat-psychedelic00s-now-es","7":"product_cat-blues-blues-rock-es","8":"pa_artist-black-elephant","9":"pa_format-lp-es","10":"pa_gender-psychedelic00s-now-blues-blues-rock","11":"pa_label-small-stone","12":"pa_location-europe-es","13":"pa_other-filters-vinyl-only-es","15":"first","16":"instock","17":"taxable","18":"shipping-taxable","19":"purchasable","20":"product-type-simple"},"acf":[],"yoast_head":"<!-- This site is optimized with the Yoast SEO plugin v24.9 - https:\/\/yoast.com\/wordpress\/plugins\/seo\/ -->\n<title>BLACK ELEPHANT - The Fall Of The Gods -  (LP) | Guerssen<\/title>\n<meta name=\"description\" content=\"AMBER+BLACK\/WHITE\/RED SPLATTER VINYL, HEAVY WAX, LIMITED TO 250 COPIESUNDER OFFICIAL LINCENSE FROM SMALL STONE RECORDSHeavy Blues, check... Fuzz, check... Psychedelic, check! At 14 years of existence Italy&#039;s Black Elephant return with a monster of an album entitled The Fall of the Gods. We are talking album of the year material! It is that good.In 2018 the band unleashed Cosmic Blues, a true underground classic. In 2020 the band delivered the Japanese themed Seven Swords. The DNA shared between these two albums are very simple: both are collections of classic-minded heavy groovers, picking the best the &#039;70s, &#039;90s and &#039;10s had to offer in face melting riffery.The Fall of the Gods continues in the tradition of their two previous sonic gems, and really takes things to a heavier place, both figuratively, and literally. Band leader Alessio Caravelli gave us this insight: &quot;The theme this time around is the fall, from the decay to the reborn... After the last very tough years for all societies, we understood that many principles and colossus have fallen, exactly like gods and ancient cultures such as Maya and Aztec did. This has been also the inspiration for our graphic designer Farfante, who hand drew the cover and art for the new album with these concepts in mind.&quot;A wide range of dynamics are present (All Them Witches come to mind). Hints of Hendrix meld with moments of 90&#039;s Shoegaze (think the Verve&#039;s A Storm in Heaven album), and then head down a long desert highway that would make Brant Bjork feel at home.Fuzz pedals preach on, the sky cracks, and the riffs crush. The world&#039;s ending anyway. You might as well have some fun with it.For fans of: All Them Witches, Hendrix, 90&#039;s Shoegaze, Brant Bjork.\" \/>\n<meta name=\"robots\" content=\"index, follow, max-snippet:-1, max-image-preview:large, max-video-preview:-1\" \/>\n<link rel=\"canonical\" href=\"https:\/\/wpguerssen-test.odoo.rgbconsulting.com\/es\/producto\/the-fall-of-the-gods\/\" \/>\n<meta property=\"og:locale\" content=\"es_ES\" \/>\n<meta property=\"og:type\" content=\"article\" \/>\n<meta property=\"og:title\" content=\"BLACK ELEPHANT - The Fall Of The Gods -  (LP) | Guerssen\" \/>\n<meta property=\"og:description\" content=\"AMBER+BLACK\/WHITE\/RED SPLATTER VINYL, HEAVY WAX, LIMITED TO 250 COPIESUNDER OFFICIAL LINCENSE FROM SMALL STONE RECORDSHeavy Blues, check... Fuzz, check... Psychedelic, check! At 14 years of existence Italy&#039;s Black Elephant return with a monster of an album entitled The Fall of the Gods. We are talking album of the year material! It is that good.In 2018 the band unleashed Cosmic Blues, a true underground classic. In 2020 the band delivered the Japanese themed Seven Swords. The DNA shared between these two albums are very simple: both are collections of classic-minded heavy groovers, picking the best the &#039;70s, &#039;90s and &#039;10s had to offer in face melting riffery.The Fall of the Gods continues in the tradition of their two previous sonic gems, and really takes things to a heavier place, both figuratively, and literally. Band leader Alessio Caravelli gave us this insight: &quot;The theme this time around is the fall, from the decay to the reborn... After the last very tough years for all societies, we understood that many principles and colossus have fallen, exactly like gods and ancient cultures such as Maya and Aztec did. This has been also the inspiration for our graphic designer Farfante, who hand drew the cover and art for the new album with these concepts in mind.&quot;A wide range of dynamics are present (All Them Witches come to mind). Hints of Hendrix meld with moments of 90&#039;s Shoegaze (think the Verve&#039;s A Storm in Heaven album), and then head down a long desert highway that would make Brant Bjork feel at home.Fuzz pedals preach on, the sky cracks, and the riffs crush. The world&#039;s ending anyway. You might as well have some fun with it.For fans of: All Them Witches, Hendrix, 90&#039;s Shoegaze, Brant Bjork.\" \/>\n<meta property=\"og:url\" content=\"https:\/\/wpguerssen-test.odoo.rgbconsulting.com\/es\/producto\/the-fall-of-the-gods\/\" \/>\n<meta property=\"og:site_name\" content=\"Guerssen records\" \/>\n<meta property=\"article:modified_time\" content=\"2025-03-03T15:22:46+00:00\" \/>\n<meta property=\"og:image\" content=\"https:\/\/wpguerssen-test.odoo.rgbconsulting.com\/wp-content\/uploads\/2024\/10\/48874.jpg\" \/>\n\t<meta property=\"og:image:width\" content=\"800\" \/>\n\t<meta property=\"og:image:height\" content=\"800\" \/>\n\t<meta property=\"og:image:type\" content=\"image\/jpeg\" \/>\n<meta name=\"twitter:card\" content=\"summary_large_image\" \/>\n<meta name=\"twitter:title\" content=\"BLACK ELEPHANT - The Fall Of The Gods -  (LP) | Guerssen\" \/>\n<meta name=\"twitter:label1\" content=\"Tiempo de lectura\" \/>\n\t<meta name=\"twitter:data1\" content=\"2 minutos\" \/>\n<script type=\"application\/ld+json\" class=\"yoast-schema-graph\">{\"@context\":\"https:\/\/schema.org\",\"@graph\":[{\"@type\":\"WebPage\",\"@id\":\"https:\/\/wpguerssen-test.odoo.rgbconsulting.com\/es\/producto\/the-fall-of-the-gods\/\",\"url\":\"https:\/\/wpguerssen-test.odoo.rgbconsulting.com\/es\/producto\/the-fall-of-the-gods\/\",\"name\":\"BLACK ELEPHANT - The Fall Of The Gods - (LP) | Guerssen\",\"isPartOf\":{\"@id\":\"https:\/\/wpguerssen-test.odoo.rgbconsulting.com\/es\/#website\"},\"primaryImageOfPage\":{\"@id\":\"https:\/\/wpguerssen-test.odoo.rgbconsulting.com\/es\/producto\/the-fall-of-the-gods\/#primaryimage\"},\"image\":{\"@id\":\"https:\/\/wpguerssen-test.odoo.rgbconsulting.com\/es\/producto\/the-fall-of-the-gods\/#primaryimage\"},\"thumbnailUrl\":\"https:\/\/wpguerssen-test.odoo.rgbconsulting.com\/wp-content\/uploads\/2024\/10\/48874.jpg\",\"datePublished\":\"2024-11-17T23:00:00+00:00\",\"dateModified\":\"2025-03-03T15:22:46+00:00\",\"description\":\"AMBER+BLACK\/WHITE\/RED SPLATTER VINYL, HEAVY WAX, LIMITED TO 250 COPIESUNDER OFFICIAL LINCENSE FROM SMALL STONE RECORDSHeavy Blues, check... Fuzz, check... Psychedelic, check! At 14 years of existence Italy's Black Elephant return with a monster of an album entitled The Fall of the Gods. We are talking album of the year material! It is that good.In 2018 the band unleashed Cosmic Blues, a true underground classic. In 2020 the band delivered the Japanese themed Seven Swords. The DNA shared between these two albums are very simple: both are collections of classic-minded heavy groovers, picking the best the '70s, '90s and '10s had to offer in face melting riffery.The Fall of the Gods continues in the tradition of their two previous sonic gems, and really takes things to a heavier place, both figuratively, and literally. Band leader Alessio Caravelli gave us this insight: \\\"The theme this time around is the fall, from the decay to the reborn... After the last very tough years for all societies, we understood that many principles and colossus have fallen, exactly like gods and ancient cultures such as Maya and Aztec did. This has been also the inspiration for our graphic designer Farfante, who hand drew the cover and art for the new album with these concepts in mind.\\\"A wide range of dynamics are present (All Them Witches come to mind). Hints of Hendrix meld with moments of 90's Shoegaze (think the Verve's A Storm in Heaven album), and then head down a long desert highway that would make Brant Bjork feel at home.Fuzz pedals preach on, the sky cracks, and the riffs crush. The world's ending anyway. You might as well have some fun with it.For fans of: All Them Witches, Hendrix, 90's Shoegaze, Brant Bjork.\",\"breadcrumb\":{\"@id\":\"https:\/\/wpguerssen-test.odoo.rgbconsulting.com\/es\/producto\/the-fall-of-the-gods\/#breadcrumb\"},\"inLanguage\":\"es\",\"potentialAction\":[{\"@type\":\"ReadAction\",\"target\":[\"https:\/\/wpguerssen-test.odoo.rgbconsulting.com\/es\/producto\/the-fall-of-the-gods\/\"]}]},{\"@type\":\"ImageObject\",\"inLanguage\":\"es\",\"@id\":\"https:\/\/wpguerssen-test.odoo.rgbconsulting.com\/es\/producto\/the-fall-of-the-gods\/#primaryimage\",\"url\":\"https:\/\/wpguerssen-test.odoo.rgbconsulting.com\/wp-content\/uploads\/2024\/10\/48874.jpg\",\"contentUrl\":\"https:\/\/wpguerssen-test.odoo.rgbconsulting.com\/wp-content\/uploads\/2024\/10\/48874.jpg\",\"width\":800,\"height\":800},{\"@type\":\"BreadcrumbList\",\"@id\":\"https:\/\/wpguerssen-test.odoo.rgbconsulting.com\/es\/producto\/the-fall-of-the-gods\/#breadcrumb\",\"itemListElement\":[{\"@type\":\"ListItem\",\"position\":1,\"name\":\"Inicio\",\"item\":\"https:\/\/wpguerssen-test.odoo.rgbconsulting.com\/es\/\"},{\"@type\":\"ListItem\",\"position\":2,\"name\":\"Shop\",\"item\":\"https:\/\/wpguerssen-test.odoo.rgbconsulting.com\/shop\/\"},{\"@type\":\"ListItem\",\"position\":3,\"name\":\"The Fall Of The Gods\"}]},{\"@type\":\"WebSite\",\"@id\":\"https:\/\/wpguerssen-test.odoo.rgbconsulting.com\/es\/#website\",\"url\":\"https:\/\/wpguerssen-test.odoo.rgbconsulting.com\/es\/\",\"name\":\"Guerssen records\",\"description\":\"psychedelia - progressive - folk - garage \",\"publisher\":{\"@id\":\"https:\/\/wpguerssen-test.odoo.rgbconsulting.com\/es\/#organization\"},\"potentialAction\":[{\"@type\":\"SearchAction\",\"target\":{\"@type\":\"EntryPoint\",\"urlTemplate\":\"https:\/\/wpguerssen-test.odoo.rgbconsulting.com\/es\/?s={search_term_string}\"},\"query-input\":{\"@type\":\"PropertyValueSpecification\",\"valueRequired\":true,\"valueName\":\"search_term_string\"}}],\"inLanguage\":\"es\"},{\"@type\":\"Organization\",\"@id\":\"https:\/\/wpguerssen-test.odoo.rgbconsulting.com\/es\/#organization\",\"name\":\"Guerssen records\",\"url\":\"https:\/\/wpguerssen-test.odoo.rgbconsulting.com\/es\/\",\"logo\":{\"@type\":\"ImageObject\",\"inLanguage\":\"es\",\"@id\":\"https:\/\/wpguerssen-test.odoo.rgbconsulting.com\/es\/#\/schema\/logo\/image\/\",\"url\":\"https:\/\/wpguerssen-test.odoo.rgbconsulting.com\/wp-content\/uploads\/2022\/04\/Logo_Guerssen_trans_100.png\",\"contentUrl\":\"https:\/\/wpguerssen-test.odoo.rgbconsulting.com\/wp-content\/uploads\/2022\/04\/Logo_Guerssen_trans_100.png\",\"width\":122,\"height\":100,\"caption\":\"Guerssen records\"},\"image\":{\"@id\":\"https:\/\/wpguerssen-test.odoo.rgbconsulting.com\/es\/#\/schema\/logo\/image\/\"}}]}<\/script>\n<!-- \/ Yoast SEO plugin. -->","yoast_head_json":{"title":"BLACK ELEPHANT - The Fall Of The Gods -  (LP) | Guerssen","description":"AMBER+BLACK\/WHITE\/RED SPLATTER VINYL, HEAVY WAX, LIMITED TO 250 COPIESUNDER OFFICIAL LINCENSE FROM SMALL STONE RECORDSHeavy Blues, check... Fuzz, check... Psychedelic, check! At 14 years of existence Italy's Black Elephant return with a monster of an album entitled The Fall of the Gods. We are talking album of the year material! It is that good.In 2018 the band unleashed Cosmic Blues, a true underground classic. In 2020 the band delivered the Japanese themed Seven Swords. The DNA shared between these two albums are very simple: both are collections of classic-minded heavy groovers, picking the best the '70s, '90s and '10s had to offer in face melting riffery.The Fall of the Gods continues in the tradition of their two previous sonic gems, and really takes things to a heavier place, both figuratively, and literally. Band leader Alessio Caravelli gave us this insight: \"The theme this time around is the fall, from the decay to the reborn... After the last very tough years for all societies, we understood that many principles and colossus have fallen, exactly like gods and ancient cultures such as Maya and Aztec did. This has been also the inspiration for our graphic designer Farfante, who hand drew the cover and art for the new album with these concepts in mind.\"A wide range of dynamics are present (All Them Witches come to mind). Hints of Hendrix meld with moments of 90's Shoegaze (think the Verve's A Storm in Heaven album), and then head down a long desert highway that would make Brant Bjork feel at home.Fuzz pedals preach on, the sky cracks, and the riffs crush. The world's ending anyway. You might as well have some fun with it.For fans of: All Them Witches, Hendrix, 90's Shoegaze, Brant Bjork.","robots":{"index":"index","follow":"follow","max-snippet":"max-snippet:-1","max-image-preview":"max-image-preview:large","max-video-preview":"max-video-preview:-1"},"canonical":"https:\/\/wpguerssen-test.odoo.rgbconsulting.com\/es\/producto\/the-fall-of-the-gods\/","og_locale":"es_ES","og_type":"article","og_title":"BLACK ELEPHANT - The Fall Of The Gods -  (LP) | Guerssen","og_description":"AMBER+BLACK\/WHITE\/RED SPLATTER VINYL, HEAVY WAX, LIMITED TO 250 COPIESUNDER OFFICIAL LINCENSE FROM SMALL STONE RECORDSHeavy Blues, check... Fuzz, check... Psychedelic, check! At 14 years of existence Italy's Black Elephant return with a monster of an album entitled The Fall of the Gods. We are talking album of the year material! It is that good.In 2018 the band unleashed Cosmic Blues, a true underground classic. In 2020 the band delivered the Japanese themed Seven Swords. The DNA shared between these two albums are very simple: both are collections of classic-minded heavy groovers, picking the best the '70s, '90s and '10s had to offer in face melting riffery.The Fall of the Gods continues in the tradition of their two previous sonic gems, and really takes things to a heavier place, both figuratively, and literally. Band leader Alessio Caravelli gave us this insight: \"The theme this time around is the fall, from the decay to the reborn... After the last very tough years for all societies, we understood that many principles and colossus have fallen, exactly like gods and ancient cultures such as Maya and Aztec did. This has been also the inspiration for our graphic designer Farfante, who hand drew the cover and art for the new album with these concepts in mind.\"A wide range of dynamics are present (All Them Witches come to mind). Hints of Hendrix meld with moments of 90's Shoegaze (think the Verve's A Storm in Heaven album), and then head down a long desert highway that would make Brant Bjork feel at home.Fuzz pedals preach on, the sky cracks, and the riffs crush. The world's ending anyway. You might as well have some fun with it.For fans of: All Them Witches, Hendrix, 90's Shoegaze, Brant Bjork.","og_url":"https:\/\/wpguerssen-test.odoo.rgbconsulting.com\/es\/producto\/the-fall-of-the-gods\/","og_site_name":"Guerssen records","article_modified_time":"2025-03-03T15:22:46+00:00","og_image":[{"width":800,"height":800,"url":"https:\/\/wpguerssen-test.odoo.rgbconsulting.com\/wp-content\/uploads\/2024\/10\/48874.jpg","type":"image\/jpeg"}],"twitter_card":"summary_large_image","twitter_title":"BLACK ELEPHANT - The Fall Of The Gods -  (LP) | Guerssen","twitter_misc":{"Tiempo de lectura":"2 minutos"},"schema":{"@context":"https:\/\/schema.org","@graph":[{"@type":"WebPage","@id":"https:\/\/wpguerssen-test.odoo.rgbconsulting.com\/es\/producto\/the-fall-of-the-gods\/","url":"https:\/\/wpguerssen-test.odoo.rgbconsulting.com\/es\/producto\/the-fall-of-the-gods\/","name":"BLACK ELEPHANT - The Fall Of The Gods - (LP) | Guerssen","isPartOf":{"@id":"https:\/\/wpguerssen-test.odoo.rgbconsulting.com\/es\/#website"},"primaryImageOfPage":{"@id":"https:\/\/wpguerssen-test.odoo.rgbconsulting.com\/es\/producto\/the-fall-of-the-gods\/#primaryimage"},"image":{"@id":"https:\/\/wpguerssen-test.odoo.rgbconsulting.com\/es\/producto\/the-fall-of-the-gods\/#primaryimage"},"thumbnailUrl":"https:\/\/wpguerssen-test.odoo.rgbconsulting.com\/wp-content\/uploads\/2024\/10\/48874.jpg","datePublished":"2024-11-17T23:00:00+00:00","dateModified":"2025-03-03T15:22:46+00:00","description":"AMBER+BLACK\/WHITE\/RED SPLATTER VINYL, HEAVY WAX, LIMITED TO 250 COPIESUNDER OFFICIAL LINCENSE FROM SMALL STONE RECORDSHeavy Blues, check... Fuzz, check... Psychedelic, check! At 14 years of existence Italy's Black Elephant return with a monster of an album entitled The Fall of the Gods. We are talking album of the year material! It is that good.In 2018 the band unleashed Cosmic Blues, a true underground classic. In 2020 the band delivered the Japanese themed Seven Swords. The DNA shared between these two albums are very simple: both are collections of classic-minded heavy groovers, picking the best the '70s, '90s and '10s had to offer in face melting riffery.The Fall of the Gods continues in the tradition of their two previous sonic gems, and really takes things to a heavier place, both figuratively, and literally. Band leader Alessio Caravelli gave us this insight: \"The theme this time around is the fall, from the decay to the reborn... After the last very tough years for all societies, we understood that many principles and colossus have fallen, exactly like gods and ancient cultures such as Maya and Aztec did. This has been also the inspiration for our graphic designer Farfante, who hand drew the cover and art for the new album with these concepts in mind.\"A wide range of dynamics are present (All Them Witches come to mind). Hints of Hendrix meld with moments of 90's Shoegaze (think the Verve's A Storm in Heaven album), and then head down a long desert highway that would make Brant Bjork feel at home.Fuzz pedals preach on, the sky cracks, and the riffs crush. The world's ending anyway. You might as well have some fun with it.For fans of: All Them Witches, Hendrix, 90's Shoegaze, Brant Bjork.","breadcrumb":{"@id":"https:\/\/wpguerssen-test.odoo.rgbconsulting.com\/es\/producto\/the-fall-of-the-gods\/#breadcrumb"},"inLanguage":"es","potentialAction":[{"@type":"ReadAction","target":["https:\/\/wpguerssen-test.odoo.rgbconsulting.com\/es\/producto\/the-fall-of-the-gods\/"]}]},{"@type":"ImageObject","inLanguage":"es","@id":"https:\/\/wpguerssen-test.odoo.rgbconsulting.com\/es\/producto\/the-fall-of-the-gods\/#primaryimage","url":"https:\/\/wpguerssen-test.odoo.rgbconsulting.com\/wp-content\/uploads\/2024\/10\/48874.jpg","contentUrl":"https:\/\/wpguerssen-test.odoo.rgbconsulting.com\/wp-content\/uploads\/2024\/10\/48874.jpg","width":800,"height":800},{"@type":"BreadcrumbList","@id":"https:\/\/wpguerssen-test.odoo.rgbconsulting.com\/es\/producto\/the-fall-of-the-gods\/#breadcrumb","itemListElement":[{"@type":"ListItem","position":1,"name":"Inicio","item":"https:\/\/wpguerssen-test.odoo.rgbconsulting.com\/es\/"},{"@type":"ListItem","position":2,"name":"Shop","item":"https:\/\/wpguerssen-test.odoo.rgbconsulting.com\/shop\/"},{"@type":"ListItem","position":3,"name":"The Fall Of The Gods"}]},{"@type":"WebSite","@id":"https:\/\/wpguerssen-test.odoo.rgbconsulting.com\/es\/#website","url":"https:\/\/wpguerssen-test.odoo.rgbconsulting.com\/es\/","name":"Guerssen records","description":"psychedelia - progressive - folk - garage ","publisher":{"@id":"https:\/\/wpguerssen-test.odoo.rgbconsulting.com\/es\/#organization"},"potentialAction":[{"@type":"SearchAction","target":{"@type":"EntryPoint","urlTemplate":"https:\/\/wpguerssen-test.odoo.rgbconsulting.com\/es\/?s={search_term_string}"},"query-input":{"@type":"PropertyValueSpecification","valueRequired":true,"valueName":"search_term_string"}}],"inLanguage":"es"},{"@type":"Organization","@id":"https:\/\/wpguerssen-test.odoo.rgbconsulting.com\/es\/#organization","name":"Guerssen records","url":"https:\/\/wpguerssen-test.odoo.rgbconsulting.com\/es\/","logo":{"@type":"ImageObject","inLanguage":"es","@id":"https:\/\/wpguerssen-test.odoo.rgbconsulting.com\/es\/#\/schema\/logo\/image\/","url":"https:\/\/wpguerssen-test.odoo.rgbconsulting.com\/wp-content\/uploads\/2022\/04\/Logo_Guerssen_trans_100.png","contentUrl":"https:\/\/wpguerssen-test.odoo.rgbconsulting.com\/wp-content\/uploads\/2022\/04\/Logo_Guerssen_trans_100.png","width":122,"height":100,"caption":"Guerssen records"},"image":{"@id":"https:\/\/wpguerssen-test.odoo.rgbconsulting.com\/es\/#\/schema\/logo\/image\/"}}]}},"_links":{"self":[{"href":"https:\/\/wpguerssen-test.odoo.rgbconsulting.com\/es\/wp-json\/wp\/v2\/product\/276522","targetHints":{"allow":["GET"]}}],"collection":[{"href":"https:\/\/wpguerssen-test.odoo.rgbconsulting.com\/es\/wp-json\/wp\/v2\/product"}],"about":[{"href":"https:\/\/wpguerssen-test.odoo.rgbconsulting.com\/es\/wp-json\/wp\/v2\/types\/product"}],"wp:featuredmedia":[{"embeddable":true,"href":"https:\/\/wpguerssen-test.odoo.rgbconsulting.com\/es\/wp-json\/wp\/v2\/media\/276496"}],"wp:attachment":[{"href":"https:\/\/wpguerssen-test.odoo.rgbconsulting.com\/es\/wp-json\/wp\/v2\/media?parent=276522"}],"wp:term":[{"taxonomy":"product_brand","embeddable":true,"href":"https:\/\/wpguerssen-test.odoo.rgbconsulting.com\/es\/wp-json\/wp\/v2\/product_brand?post=276522"},{"taxonomy":"product_cat","embeddable":true,"href":"https:\/\/wpguerssen-test.odoo.rgbconsulting.com\/es\/wp-json\/wp\/v2\/product_cat?post=276522"},{"taxonomy":"product_tag","embeddable":true,"href":"https:\/\/wpguerssen-test.odoo.rgbconsulting.com\/es\/wp-json\/wp\/v2\/product_tag?post=276522"}],"curies":[{"name":"wp","href":"https:\/\/api.w.org\/{rel}","templated":true}]}}