{"id":276527,"date":"2024-11-18T00:00:00","date_gmt":"2024-11-17T23:00:00","guid":{"rendered":"https:\/\/wpguerssen-test.odoo.rgbconsulting.com\/product\/joy-of-navigation\/"},"modified":"2025-03-03T16:22:51","modified_gmt":"2025-03-03T15:22:51","slug":"joy-of-navigation","status":"publish","type":"product","link":"https:\/\/wpguerssen-test.odoo.rgbconsulting.com\/es\/producto\/joy-of-navigation\/","title":{"rendered":"Joy Of Navigation"},"content":{"rendered":"<p>VINILO TRANSPARENTE DE 180 G, PORTADA GATEFOLD, LIMITADO A 250 COPIAS<br \/>\u00abRock del desierto puro y sin adulterar creado por maestros del g\u00e9nero\u00bb. &#8211; Decibel Magazine<br \/>La banda es VOLUMEN y se ocupa principalmente de la densidad: gruesa y pesada como la abundante arena que rodea su ciudad natal de Twentynine Palms, CA, pero tambi\u00e9n compuesta de una masa de arena fina que puede quemar la piel con una r\u00e1faga de viento y se disipan r\u00e1pidamente en el \u00e9ter.<br \/>S\u00ed, es decir, VOLUME son proveedores de Heavy Acid Rock, Psicodelia doomy, pero con m\u00e1s punk descarado de los 70 que metal enmascarado. VOLUME extrae influencias musicales de bandas como The Stooges, MC5 y Black Flag, por nombrar algunas, al tiempo que crea su propia identidad psicod\u00e9lica pesada y distintiva. Y, con Joy of Navigation, la banda se aventura en tonos m\u00e1s pesados \u00bf\u00bfy psicod\u00e9licos, manteniendo al mismo tiempo ganchos poderosos como foco.<br \/>Formada originalmente en 1993 por el ex cantante de Fu Manchu Patrick Brink, la banda ha presentado un conjunto giratorio de colaboradores, con el ex guitarrista de Monster Magnet, Ed Mundell, como protagonista del pr\u00f3ximo mini-\u00e1lbum Joy of Navigation. David Catching (QOTSA, Arctic Monkeys, Iggy Pop) coprodujo las pistas con Brink, adem\u00e1s de tocar el sintetizador en la grabaci\u00f3n. Mike Amster (Nebula, Mondo Generator, Spoon Benders) toca la bater\u00eda en el mini-\u00e1lbum. La formaci\u00f3n en vivo actual incluye a Mingus en la bater\u00eda, el bajista Jason Hernandez y el guitarrista principal Derek Christiansen.<br \/>\u00abEs rock and roll. No es una cirug\u00eda cerebral\u00bb, dice Patrick sobre el proceso de grabaci\u00f3n. El resultado final es una potente mezcla de m\u00e1s de treinta minutos de locura psicod\u00e9lica y quiz\u00e1s algunos de los riffs m\u00e1s crudos que probablemente escuches.<br \/>VOLUME se inspira en una \u00e9poca en la que la m\u00fasica era verdaderamente experimental y libre. Se ven a s\u00ed mismos como portadores de la antorcha del rock&#8217;n&#8217;roll cuyo deber es llevar la llama, intacta, al futuro.<br \/>Para fan\u00e1ticos de: Monster Magnet, Nebula, The Stooges, Fu Manchu.<\/p>\n","protected":false},"excerpt":{"rendered":"<p>VINILO TRANSPARENTE DE 180 G, PORTADA GATEFOLD, LIMITADO A 250 COPIAS<br \/>\u00abRock del desierto puro y sin adulterar creado por maestros del g\u00e9nero\u00bb. &#8211; Decibel<a class=\"read\" href=\"https:\/\/wpguerssen-test.odoo.rgbconsulting.com\/es\/producto\/joy-of-navigation\/\"> (...)<\/a>","protected":false},"featured_media":276511,"template":"","meta":{"_acf_changed":false},"product_brand":[],"product_cat":[21659,21708],"product_tag":[],"class_list":{"0":"post-276527","1":"product","2":"type-product","3":"status-publish","4":"has-post-thumbnail","6":"product_cat-psychedelic00s-now-es","7":"product_cat-stoner-doom-es","8":"pa_artist-volume","9":"pa_format-lp-es","10":"pa_gender-psychedelic00s-now-stoner-doom","11":"pa_label-kozmik-artifactz","12":"pa_location-north-america-es","13":"pa_other-filters-vinyl-only-es","15":"first","16":"instock","17":"taxable","18":"shipping-taxable","19":"purchasable","20":"product-type-simple"},"acf":[],"yoast_head":"<!-- This site is optimized with the Yoast SEO plugin v24.9 - https:\/\/yoast.com\/wordpress\/plugins\/seo\/ -->\n<title>VOLUME - Joy Of Navigation -  (LP) | Guerssen<\/title>\n<meta name=\"description\" content=\"TRANSPARENT VINYL, HEAVY 180G WAX, GATEFOLD, LIMITED TO 250 COPIES&quot;Pure, unadulterated desert rock by masters of the genre.&quot; - Decibel MagazineThe band is VOLUME and it deals primarily in density: Thick and weighty as the abundant sand surrounding their Twentynine Palms, CA hometown, but also comprised of a mass of fine grit that can sear the skin with a gust of wind, and quickly dissipate into the ether.Yes, that is to say, VOLUME are purveyors of Heavy Acid Rock. Doomy psychedelia, but with more raw 70s punk brash than masquerading metal. VOLUME draw musical influences from bands such as The Stooges, MC5 and Black Flag to name a few, while also crafting their own distinctive heavy psychedelic identity. And, with Joy of Navigation, the band ventures into heavier, more psychedelic tones, while also keeping powerful hooks as the focus.Originally formed in 1993 by ex-Fu Manchu singer Patrick Brink, the band has featured a revolving set of collaborators, with ex-Monster Magnet guitarist Ed Mundell playing leads on the forthcoming Joy of Navigation mini-album. David Catching (QOTSA, Arctic Monkeys, Iggy Pop) co-produced the tracks with Brink, as well as playing synth on the recording. Mike Amster (Nebula, Mondo Generator, Spoon Benders) plays drums on the mini-album. The current live lineup includes Mingus on drums, bassist Jason Hernandez and lead guitarist Derek Christiansen.&quot;It&#039;s rock and roll. Not brain surgery,&quot; says Patrick of the recording process. The end result is a potent blend of thirty-plus minutes of psychedelic fuzzfest freakout and perhaps some of the rawest riffs you&#039;re likely to hear.VOLUME draw inspiration from a time when music was truly experimental and free. They see themselves as rock&#039;n&#039;roll torch bearers whose duty it is to bring the flame, intact, into the future. They invite you to join in that endeavor, for the Joy of Navigation.For fans of: Monster Magnet, Nebula, The Stooges, Fu Manchu.\" \/>\n<meta name=\"robots\" content=\"index, follow, max-snippet:-1, max-image-preview:large, max-video-preview:-1\" \/>\n<link rel=\"canonical\" href=\"https:\/\/wpguerssen-test.odoo.rgbconsulting.com\/es\/producto\/joy-of-navigation\/\" \/>\n<meta property=\"og:locale\" content=\"es_ES\" \/>\n<meta property=\"og:type\" content=\"article\" \/>\n<meta property=\"og:title\" content=\"VOLUME - Joy Of Navigation -  (LP) | Guerssen\" \/>\n<meta property=\"og:description\" content=\"TRANSPARENT VINYL, HEAVY 180G WAX, GATEFOLD, LIMITED TO 250 COPIES&quot;Pure, unadulterated desert rock by masters of the genre.&quot; - Decibel MagazineThe band is VOLUME and it deals primarily in density: Thick and weighty as the abundant sand surrounding their Twentynine Palms, CA hometown, but also comprised of a mass of fine grit that can sear the skin with a gust of wind, and quickly dissipate into the ether.Yes, that is to say, VOLUME are purveyors of Heavy Acid Rock. Doomy psychedelia, but with more raw 70s punk brash than masquerading metal. VOLUME draw musical influences from bands such as The Stooges, MC5 and Black Flag to name a few, while also crafting their own distinctive heavy psychedelic identity. And, with Joy of Navigation, the band ventures into heavier, more psychedelic tones, while also keeping powerful hooks as the focus.Originally formed in 1993 by ex-Fu Manchu singer Patrick Brink, the band has featured a revolving set of collaborators, with ex-Monster Magnet guitarist Ed Mundell playing leads on the forthcoming Joy of Navigation mini-album. David Catching (QOTSA, Arctic Monkeys, Iggy Pop) co-produced the tracks with Brink, as well as playing synth on the recording. Mike Amster (Nebula, Mondo Generator, Spoon Benders) plays drums on the mini-album. The current live lineup includes Mingus on drums, bassist Jason Hernandez and lead guitarist Derek Christiansen.&quot;It&#039;s rock and roll. Not brain surgery,&quot; says Patrick of the recording process. The end result is a potent blend of thirty-plus minutes of psychedelic fuzzfest freakout and perhaps some of the rawest riffs you&#039;re likely to hear.VOLUME draw inspiration from a time when music was truly experimental and free. They see themselves as rock&#039;n&#039;roll torch bearers whose duty it is to bring the flame, intact, into the future. They invite you to join in that endeavor, for the Joy of Navigation.For fans of: Monster Magnet, Nebula, The Stooges, Fu Manchu.\" \/>\n<meta property=\"og:url\" content=\"https:\/\/wpguerssen-test.odoo.rgbconsulting.com\/es\/producto\/joy-of-navigation\/\" \/>\n<meta property=\"og:site_name\" content=\"Guerssen records\" \/>\n<meta property=\"article:modified_time\" content=\"2025-03-03T15:22:51+00:00\" \/>\n<meta property=\"og:image\" content=\"https:\/\/wpguerssen-test.odoo.rgbconsulting.com\/wp-content\/uploads\/2024\/10\/48879.jpg\" \/>\n\t<meta property=\"og:image:width\" content=\"787\" \/>\n\t<meta property=\"og:image:height\" content=\"787\" \/>\n\t<meta property=\"og:image:type\" content=\"image\/jpeg\" \/>\n<meta name=\"twitter:card\" content=\"summary_large_image\" \/>\n<meta name=\"twitter:title\" content=\"VOLUME - Joy Of Navigation -  (LP) | Guerssen\" \/>\n<meta name=\"twitter:label1\" content=\"Tiempo de lectura\" \/>\n\t<meta name=\"twitter:data1\" content=\"2 minutos\" \/>\n<script type=\"application\/ld+json\" class=\"yoast-schema-graph\">{\"@context\":\"https:\/\/schema.org\",\"@graph\":[{\"@type\":\"WebPage\",\"@id\":\"https:\/\/wpguerssen-test.odoo.rgbconsulting.com\/es\/producto\/joy-of-navigation\/\",\"url\":\"https:\/\/wpguerssen-test.odoo.rgbconsulting.com\/es\/producto\/joy-of-navigation\/\",\"name\":\"VOLUME - Joy Of Navigation - (LP) | Guerssen\",\"isPartOf\":{\"@id\":\"https:\/\/wpguerssen-test.odoo.rgbconsulting.com\/es\/#website\"},\"primaryImageOfPage\":{\"@id\":\"https:\/\/wpguerssen-test.odoo.rgbconsulting.com\/es\/producto\/joy-of-navigation\/#primaryimage\"},\"image\":{\"@id\":\"https:\/\/wpguerssen-test.odoo.rgbconsulting.com\/es\/producto\/joy-of-navigation\/#primaryimage\"},\"thumbnailUrl\":\"https:\/\/wpguerssen-test.odoo.rgbconsulting.com\/wp-content\/uploads\/2024\/10\/48879.jpg\",\"datePublished\":\"2024-11-17T23:00:00+00:00\",\"dateModified\":\"2025-03-03T15:22:51+00:00\",\"description\":\"TRANSPARENT VINYL, HEAVY 180G WAX, GATEFOLD, LIMITED TO 250 COPIES\\\"Pure, unadulterated desert rock by masters of the genre.\\\" - Decibel MagazineThe band is VOLUME and it deals primarily in density: Thick and weighty as the abundant sand surrounding their Twentynine Palms, CA hometown, but also comprised of a mass of fine grit that can sear the skin with a gust of wind, and quickly dissipate into the ether.Yes, that is to say, VOLUME are purveyors of Heavy Acid Rock. Doomy psychedelia, but with more raw 70s punk brash than masquerading metal. VOLUME draw musical influences from bands such as The Stooges, MC5 and Black Flag to name a few, while also crafting their own distinctive heavy psychedelic identity. And, with Joy of Navigation, the band ventures into heavier, more psychedelic tones, while also keeping powerful hooks as the focus.Originally formed in 1993 by ex-Fu Manchu singer Patrick Brink, the band has featured a revolving set of collaborators, with ex-Monster Magnet guitarist Ed Mundell playing leads on the forthcoming Joy of Navigation mini-album. David Catching (QOTSA, Arctic Monkeys, Iggy Pop) co-produced the tracks with Brink, as well as playing synth on the recording. Mike Amster (Nebula, Mondo Generator, Spoon Benders) plays drums on the mini-album. The current live lineup includes Mingus on drums, bassist Jason Hernandez and lead guitarist Derek Christiansen.\\\"It's rock and roll. Not brain surgery,\\\" says Patrick of the recording process. The end result is a potent blend of thirty-plus minutes of psychedelic fuzzfest freakout and perhaps some of the rawest riffs you're likely to hear.VOLUME draw inspiration from a time when music was truly experimental and free. They see themselves as rock'n'roll torch bearers whose duty it is to bring the flame, intact, into the future. They invite you to join in that endeavor, for the Joy of Navigation.For fans of: Monster Magnet, Nebula, The Stooges, Fu Manchu.\",\"breadcrumb\":{\"@id\":\"https:\/\/wpguerssen-test.odoo.rgbconsulting.com\/es\/producto\/joy-of-navigation\/#breadcrumb\"},\"inLanguage\":\"es\",\"potentialAction\":[{\"@type\":\"ReadAction\",\"target\":[\"https:\/\/wpguerssen-test.odoo.rgbconsulting.com\/es\/producto\/joy-of-navigation\/\"]}]},{\"@type\":\"ImageObject\",\"inLanguage\":\"es\",\"@id\":\"https:\/\/wpguerssen-test.odoo.rgbconsulting.com\/es\/producto\/joy-of-navigation\/#primaryimage\",\"url\":\"https:\/\/wpguerssen-test.odoo.rgbconsulting.com\/wp-content\/uploads\/2024\/10\/48879.jpg\",\"contentUrl\":\"https:\/\/wpguerssen-test.odoo.rgbconsulting.com\/wp-content\/uploads\/2024\/10\/48879.jpg\",\"width\":787,\"height\":787},{\"@type\":\"BreadcrumbList\",\"@id\":\"https:\/\/wpguerssen-test.odoo.rgbconsulting.com\/es\/producto\/joy-of-navigation\/#breadcrumb\",\"itemListElement\":[{\"@type\":\"ListItem\",\"position\":1,\"name\":\"Inicio\",\"item\":\"https:\/\/wpguerssen-test.odoo.rgbconsulting.com\/es\/\"},{\"@type\":\"ListItem\",\"position\":2,\"name\":\"Shop\",\"item\":\"https:\/\/wpguerssen-test.odoo.rgbconsulting.com\/shop\/\"},{\"@type\":\"ListItem\",\"position\":3,\"name\":\"Joy Of Navigation\"}]},{\"@type\":\"WebSite\",\"@id\":\"https:\/\/wpguerssen-test.odoo.rgbconsulting.com\/es\/#website\",\"url\":\"https:\/\/wpguerssen-test.odoo.rgbconsulting.com\/es\/\",\"name\":\"Guerssen records\",\"description\":\"psychedelia - progressive - folk - garage \",\"publisher\":{\"@id\":\"https:\/\/wpguerssen-test.odoo.rgbconsulting.com\/es\/#organization\"},\"potentialAction\":[{\"@type\":\"SearchAction\",\"target\":{\"@type\":\"EntryPoint\",\"urlTemplate\":\"https:\/\/wpguerssen-test.odoo.rgbconsulting.com\/es\/?s={search_term_string}\"},\"query-input\":{\"@type\":\"PropertyValueSpecification\",\"valueRequired\":true,\"valueName\":\"search_term_string\"}}],\"inLanguage\":\"es\"},{\"@type\":\"Organization\",\"@id\":\"https:\/\/wpguerssen-test.odoo.rgbconsulting.com\/es\/#organization\",\"name\":\"Guerssen records\",\"url\":\"https:\/\/wpguerssen-test.odoo.rgbconsulting.com\/es\/\",\"logo\":{\"@type\":\"ImageObject\",\"inLanguage\":\"es\",\"@id\":\"https:\/\/wpguerssen-test.odoo.rgbconsulting.com\/es\/#\/schema\/logo\/image\/\",\"url\":\"https:\/\/wpguerssen-test.odoo.rgbconsulting.com\/wp-content\/uploads\/2022\/04\/Logo_Guerssen_trans_100.png\",\"contentUrl\":\"https:\/\/wpguerssen-test.odoo.rgbconsulting.com\/wp-content\/uploads\/2022\/04\/Logo_Guerssen_trans_100.png\",\"width\":122,\"height\":100,\"caption\":\"Guerssen records\"},\"image\":{\"@id\":\"https:\/\/wpguerssen-test.odoo.rgbconsulting.com\/es\/#\/schema\/logo\/image\/\"}}]}<\/script>\n<!-- \/ Yoast SEO plugin. -->","yoast_head_json":{"title":"VOLUME - Joy Of Navigation -  (LP) | Guerssen","description":"TRANSPARENT VINYL, HEAVY 180G WAX, GATEFOLD, LIMITED TO 250 COPIES\"Pure, unadulterated desert rock by masters of the genre.\" - Decibel MagazineThe band is VOLUME and it deals primarily in density: Thick and weighty as the abundant sand surrounding their Twentynine Palms, CA hometown, but also comprised of a mass of fine grit that can sear the skin with a gust of wind, and quickly dissipate into the ether.Yes, that is to say, VOLUME are purveyors of Heavy Acid Rock. Doomy psychedelia, but with more raw 70s punk brash than masquerading metal. VOLUME draw musical influences from bands such as The Stooges, MC5 and Black Flag to name a few, while also crafting their own distinctive heavy psychedelic identity. And, with Joy of Navigation, the band ventures into heavier, more psychedelic tones, while also keeping powerful hooks as the focus.Originally formed in 1993 by ex-Fu Manchu singer Patrick Brink, the band has featured a revolving set of collaborators, with ex-Monster Magnet guitarist Ed Mundell playing leads on the forthcoming Joy of Navigation mini-album. David Catching (QOTSA, Arctic Monkeys, Iggy Pop) co-produced the tracks with Brink, as well as playing synth on the recording. Mike Amster (Nebula, Mondo Generator, Spoon Benders) plays drums on the mini-album. The current live lineup includes Mingus on drums, bassist Jason Hernandez and lead guitarist Derek Christiansen.\"It's rock and roll. Not brain surgery,\" says Patrick of the recording process. The end result is a potent blend of thirty-plus minutes of psychedelic fuzzfest freakout and perhaps some of the rawest riffs you're likely to hear.VOLUME draw inspiration from a time when music was truly experimental and free. They see themselves as rock'n'roll torch bearers whose duty it is to bring the flame, intact, into the future. They invite you to join in that endeavor, for the Joy of Navigation.For fans of: Monster Magnet, Nebula, The Stooges, Fu Manchu.","robots":{"index":"index","follow":"follow","max-snippet":"max-snippet:-1","max-image-preview":"max-image-preview:large","max-video-preview":"max-video-preview:-1"},"canonical":"https:\/\/wpguerssen-test.odoo.rgbconsulting.com\/es\/producto\/joy-of-navigation\/","og_locale":"es_ES","og_type":"article","og_title":"VOLUME - Joy Of Navigation -  (LP) | Guerssen","og_description":"TRANSPARENT VINYL, HEAVY 180G WAX, GATEFOLD, LIMITED TO 250 COPIES\"Pure, unadulterated desert rock by masters of the genre.\" - Decibel MagazineThe band is VOLUME and it deals primarily in density: Thick and weighty as the abundant sand surrounding their Twentynine Palms, CA hometown, but also comprised of a mass of fine grit that can sear the skin with a gust of wind, and quickly dissipate into the ether.Yes, that is to say, VOLUME are purveyors of Heavy Acid Rock. Doomy psychedelia, but with more raw 70s punk brash than masquerading metal. VOLUME draw musical influences from bands such as The Stooges, MC5 and Black Flag to name a few, while also crafting their own distinctive heavy psychedelic identity. And, with Joy of Navigation, the band ventures into heavier, more psychedelic tones, while also keeping powerful hooks as the focus.Originally formed in 1993 by ex-Fu Manchu singer Patrick Brink, the band has featured a revolving set of collaborators, with ex-Monster Magnet guitarist Ed Mundell playing leads on the forthcoming Joy of Navigation mini-album. David Catching (QOTSA, Arctic Monkeys, Iggy Pop) co-produced the tracks with Brink, as well as playing synth on the recording. Mike Amster (Nebula, Mondo Generator, Spoon Benders) plays drums on the mini-album. The current live lineup includes Mingus on drums, bassist Jason Hernandez and lead guitarist Derek Christiansen.\"It's rock and roll. Not brain surgery,\" says Patrick of the recording process. The end result is a potent blend of thirty-plus minutes of psychedelic fuzzfest freakout and perhaps some of the rawest riffs you're likely to hear.VOLUME draw inspiration from a time when music was truly experimental and free. They see themselves as rock'n'roll torch bearers whose duty it is to bring the flame, intact, into the future. They invite you to join in that endeavor, for the Joy of Navigation.For fans of: Monster Magnet, Nebula, The Stooges, Fu Manchu.","og_url":"https:\/\/wpguerssen-test.odoo.rgbconsulting.com\/es\/producto\/joy-of-navigation\/","og_site_name":"Guerssen records","article_modified_time":"2025-03-03T15:22:51+00:00","og_image":[{"width":787,"height":787,"url":"https:\/\/wpguerssen-test.odoo.rgbconsulting.com\/wp-content\/uploads\/2024\/10\/48879.jpg","type":"image\/jpeg"}],"twitter_card":"summary_large_image","twitter_title":"VOLUME - Joy Of Navigation -  (LP) | Guerssen","twitter_misc":{"Tiempo de lectura":"2 minutos"},"schema":{"@context":"https:\/\/schema.org","@graph":[{"@type":"WebPage","@id":"https:\/\/wpguerssen-test.odoo.rgbconsulting.com\/es\/producto\/joy-of-navigation\/","url":"https:\/\/wpguerssen-test.odoo.rgbconsulting.com\/es\/producto\/joy-of-navigation\/","name":"VOLUME - Joy Of Navigation - (LP) | Guerssen","isPartOf":{"@id":"https:\/\/wpguerssen-test.odoo.rgbconsulting.com\/es\/#website"},"primaryImageOfPage":{"@id":"https:\/\/wpguerssen-test.odoo.rgbconsulting.com\/es\/producto\/joy-of-navigation\/#primaryimage"},"image":{"@id":"https:\/\/wpguerssen-test.odoo.rgbconsulting.com\/es\/producto\/joy-of-navigation\/#primaryimage"},"thumbnailUrl":"https:\/\/wpguerssen-test.odoo.rgbconsulting.com\/wp-content\/uploads\/2024\/10\/48879.jpg","datePublished":"2024-11-17T23:00:00+00:00","dateModified":"2025-03-03T15:22:51+00:00","description":"TRANSPARENT VINYL, HEAVY 180G WAX, GATEFOLD, LIMITED TO 250 COPIES\"Pure, unadulterated desert rock by masters of the genre.\" - Decibel MagazineThe band is VOLUME and it deals primarily in density: Thick and weighty as the abundant sand surrounding their Twentynine Palms, CA hometown, but also comprised of a mass of fine grit that can sear the skin with a gust of wind, and quickly dissipate into the ether.Yes, that is to say, VOLUME are purveyors of Heavy Acid Rock. Doomy psychedelia, but with more raw 70s punk brash than masquerading metal. VOLUME draw musical influences from bands such as The Stooges, MC5 and Black Flag to name a few, while also crafting their own distinctive heavy psychedelic identity. And, with Joy of Navigation, the band ventures into heavier, more psychedelic tones, while also keeping powerful hooks as the focus.Originally formed in 1993 by ex-Fu Manchu singer Patrick Brink, the band has featured a revolving set of collaborators, with ex-Monster Magnet guitarist Ed Mundell playing leads on the forthcoming Joy of Navigation mini-album. David Catching (QOTSA, Arctic Monkeys, Iggy Pop) co-produced the tracks with Brink, as well as playing synth on the recording. Mike Amster (Nebula, Mondo Generator, Spoon Benders) plays drums on the mini-album. The current live lineup includes Mingus on drums, bassist Jason Hernandez and lead guitarist Derek Christiansen.\"It's rock and roll. Not brain surgery,\" says Patrick of the recording process. The end result is a potent blend of thirty-plus minutes of psychedelic fuzzfest freakout and perhaps some of the rawest riffs you're likely to hear.VOLUME draw inspiration from a time when music was truly experimental and free. They see themselves as rock'n'roll torch bearers whose duty it is to bring the flame, intact, into the future. They invite you to join in that endeavor, for the Joy of Navigation.For fans of: Monster Magnet, Nebula, The Stooges, Fu Manchu.","breadcrumb":{"@id":"https:\/\/wpguerssen-test.odoo.rgbconsulting.com\/es\/producto\/joy-of-navigation\/#breadcrumb"},"inLanguage":"es","potentialAction":[{"@type":"ReadAction","target":["https:\/\/wpguerssen-test.odoo.rgbconsulting.com\/es\/producto\/joy-of-navigation\/"]}]},{"@type":"ImageObject","inLanguage":"es","@id":"https:\/\/wpguerssen-test.odoo.rgbconsulting.com\/es\/producto\/joy-of-navigation\/#primaryimage","url":"https:\/\/wpguerssen-test.odoo.rgbconsulting.com\/wp-content\/uploads\/2024\/10\/48879.jpg","contentUrl":"https:\/\/wpguerssen-test.odoo.rgbconsulting.com\/wp-content\/uploads\/2024\/10\/48879.jpg","width":787,"height":787},{"@type":"BreadcrumbList","@id":"https:\/\/wpguerssen-test.odoo.rgbconsulting.com\/es\/producto\/joy-of-navigation\/#breadcrumb","itemListElement":[{"@type":"ListItem","position":1,"name":"Inicio","item":"https:\/\/wpguerssen-test.odoo.rgbconsulting.com\/es\/"},{"@type":"ListItem","position":2,"name":"Shop","item":"https:\/\/wpguerssen-test.odoo.rgbconsulting.com\/shop\/"},{"@type":"ListItem","position":3,"name":"Joy Of Navigation"}]},{"@type":"WebSite","@id":"https:\/\/wpguerssen-test.odoo.rgbconsulting.com\/es\/#website","url":"https:\/\/wpguerssen-test.odoo.rgbconsulting.com\/es\/","name":"Guerssen records","description":"psychedelia - progressive - folk - garage ","publisher":{"@id":"https:\/\/wpguerssen-test.odoo.rgbconsulting.com\/es\/#organization"},"potentialAction":[{"@type":"SearchAction","target":{"@type":"EntryPoint","urlTemplate":"https:\/\/wpguerssen-test.odoo.rgbconsulting.com\/es\/?s={search_term_string}"},"query-input":{"@type":"PropertyValueSpecification","valueRequired":true,"valueName":"search_term_string"}}],"inLanguage":"es"},{"@type":"Organization","@id":"https:\/\/wpguerssen-test.odoo.rgbconsulting.com\/es\/#organization","name":"Guerssen records","url":"https:\/\/wpguerssen-test.odoo.rgbconsulting.com\/es\/","logo":{"@type":"ImageObject","inLanguage":"es","@id":"https:\/\/wpguerssen-test.odoo.rgbconsulting.com\/es\/#\/schema\/logo\/image\/","url":"https:\/\/wpguerssen-test.odoo.rgbconsulting.com\/wp-content\/uploads\/2022\/04\/Logo_Guerssen_trans_100.png","contentUrl":"https:\/\/wpguerssen-test.odoo.rgbconsulting.com\/wp-content\/uploads\/2022\/04\/Logo_Guerssen_trans_100.png","width":122,"height":100,"caption":"Guerssen records"},"image":{"@id":"https:\/\/wpguerssen-test.odoo.rgbconsulting.com\/es\/#\/schema\/logo\/image\/"}}]}},"_links":{"self":[{"href":"https:\/\/wpguerssen-test.odoo.rgbconsulting.com\/es\/wp-json\/wp\/v2\/product\/276527","targetHints":{"allow":["GET"]}}],"collection":[{"href":"https:\/\/wpguerssen-test.odoo.rgbconsulting.com\/es\/wp-json\/wp\/v2\/product"}],"about":[{"href":"https:\/\/wpguerssen-test.odoo.rgbconsulting.com\/es\/wp-json\/wp\/v2\/types\/product"}],"wp:featuredmedia":[{"embeddable":true,"href":"https:\/\/wpguerssen-test.odoo.rgbconsulting.com\/es\/wp-json\/wp\/v2\/media\/276511"}],"wp:attachment":[{"href":"https:\/\/wpguerssen-test.odoo.rgbconsulting.com\/es\/wp-json\/wp\/v2\/media?parent=276527"}],"wp:term":[{"taxonomy":"product_brand","embeddable":true,"href":"https:\/\/wpguerssen-test.odoo.rgbconsulting.com\/es\/wp-json\/wp\/v2\/product_brand?post=276527"},{"taxonomy":"product_cat","embeddable":true,"href":"https:\/\/wpguerssen-test.odoo.rgbconsulting.com\/es\/wp-json\/wp\/v2\/product_cat?post=276527"},{"taxonomy":"product_tag","embeddable":true,"href":"https:\/\/wpguerssen-test.odoo.rgbconsulting.com\/es\/wp-json\/wp\/v2\/product_tag?post=276527"}],"curies":[{"name":"wp","href":"https:\/\/api.w.org\/{rel}","templated":true}]}}