{"id":276598,"date":"2024-02-15T00:00:00","date_gmt":"2024-02-14T23:00:00","guid":{"rendered":"https:\/\/wpguerssen-test.odoo.rgbconsulting.com\/product\/jazz-tropical-limited-edition\/"},"modified":"2025-03-28T12:42:54","modified_gmt":"2025-03-28T11:42:54","slug":"jazz-tropical-limited-edition","status":"publish","type":"product","link":"https:\/\/wpguerssen-test.odoo.rgbconsulting.com\/es\/producto\/jazz-tropical-limited-edition\/","title":{"rendered":"Jazz Tropical (Limited Edition)"},"content":{"rendered":"<p>Vinilo de 180 gramos Edici\u00f3n limitada de 500 ejemplares. Descrito por Matthew Garbutt en AllMusic como \u00abuno de los tesoros culturales nacionales de M\u00e9xico\u00bb, el galardonado baterista, compositor, arreglista y director de banda Tino Contreras (1924-2021) grab\u00f3 y actu\u00f3 internacionalmente durante m\u00e1s de 60 a\u00f1os. Combinando m\u00fasica latinoamericana con jazz, cre\u00f3 su propio sonido original y aventurero. En 1957, Contreras form\u00f3 su primer cuarteto, que reflejaba una gama casi desconcertante de influencias. Algunos \u00e1lbumes clave de este per\u00edodo incluyen Jazz Tropical (presentado aqu\u00ed) y Jazz a Paris (ambos de 1962), Jazz Ballet (1963) y Misa en Jazz (1966). A lo largo de su dilatada carrera, Contreras sigui\u00f3 siendo un campe\u00f3n de la forma de jazz en M\u00e9xico, ganando el premio del Festival Nacional de Jazz cada a\u00f1o entre 1959 y 1966. EL LP COMPLETO + 2 PISTAS BONUS &#8211; VINILO VIRGEN DE 180 GRAMOS &#8211; EDICI\u00d3N LIMITADA<\/p>\n","protected":false},"excerpt":{"rendered":"<p>Vinilo de 180 gramos Edici\u00f3n limitada de 500 ejemplares. Descrito por Matthew Garbutt en AllMusic como \u00abuno de los tesoros culturales nacionales de M\u00e9xico\u00bb, el<a class=\"read\" href=\"https:\/\/wpguerssen-test.odoo.rgbconsulting.com\/es\/producto\/jazz-tropical-limited-edition\/\"> (...)<\/a>","protected":false},"featured_media":276545,"template":"","meta":{"_acf_changed":false},"product_brand":[],"product_cat":[23231,23228],"product_tag":[],"class_list":{"0":"post-276598","1":"product","2":"type-product","3":"status-publish","4":"has-post-thumbnail","6":"product_cat-latin-brazilian-es","7":"product_cat-jazz-funk-es","8":"pa_artist-contreras-tino","9":"pa_format-lp-es","10":"pa_gender-jazz-funk-latin-brazilian","11":"pa_label-descarga","12":"pa_location-south-america-caribbean-es","13":"pa_other-filters-vinyl-only-es","15":"first","16":"instock","17":"taxable","18":"shipping-taxable","19":"purchasable","20":"product-type-simple"},"acf":[],"yoast_head":"<!-- This site is optimized with the Yoast SEO plugin v24.9 - https:\/\/yoast.com\/wordpress\/plugins\/seo\/ -->\n<title>CONTRERAS, Tino - Jazz Tropical (Limited Edition) -  (LP) | Guerssen<\/title>\n<meta name=\"description\" content=\"180-Gram Vinyl Limited Edition of 500 copies. Described by Matthew Garbutt on AllMusic as &quot;one of Mexico&#039;s national cultural treasures&quot;, the award-winning drummer, composer, arranger, and bandleader Tino Contreras (1924-2021) recorded and performed internationally for more than 60 years. Blending Latin American music with jazz, he created his own original and adventurous sound. In 1957, Contreras formed his first quartet, which reflected an almost bewildering range of influences. Some key albums from this period include Jazz Tropical (presented here) and Jazz a Paris (both from 1962), Jazz Ballet (1963), and Misa en Jazz (1966). All throughout his extended career, Contreras remained a champion of the jazz form in Mexico, winning the National Festival of Jazz award each year between 1959 and 1966. THE COMPLETE LP + 2 BONUS TRACKS -180 GRAM VIRGIN VINYL - LIMITED EDITION\" \/>\n<meta name=\"robots\" content=\"index, follow, max-snippet:-1, max-image-preview:large, max-video-preview:-1\" \/>\n<link rel=\"canonical\" href=\"https:\/\/wpguerssen-test.odoo.rgbconsulting.com\/es\/producto\/jazz-tropical-limited-edition\/\" \/>\n<meta property=\"og:locale\" content=\"es_ES\" \/>\n<meta property=\"og:type\" content=\"article\" \/>\n<meta property=\"og:title\" content=\"CONTRERAS, Tino - Jazz Tropical (Limited Edition) -  (LP) | Guerssen\" \/>\n<meta property=\"og:description\" content=\"180-Gram Vinyl Limited Edition of 500 copies. Described by Matthew Garbutt on AllMusic as &quot;one of Mexico&#039;s national cultural treasures&quot;, the award-winning drummer, composer, arranger, and bandleader Tino Contreras (1924-2021) recorded and performed internationally for more than 60 years. Blending Latin American music with jazz, he created his own original and adventurous sound. In 1957, Contreras formed his first quartet, which reflected an almost bewildering range of influences. Some key albums from this period include Jazz Tropical (presented here) and Jazz a Paris (both from 1962), Jazz Ballet (1963), and Misa en Jazz (1966). All throughout his extended career, Contreras remained a champion of the jazz form in Mexico, winning the National Festival of Jazz award each year between 1959 and 1966. THE COMPLETE LP + 2 BONUS TRACKS -180 GRAM VIRGIN VINYL - LIMITED EDITION\" \/>\n<meta property=\"og:url\" content=\"https:\/\/wpguerssen-test.odoo.rgbconsulting.com\/es\/producto\/jazz-tropical-limited-edition\/\" \/>\n<meta property=\"og:site_name\" content=\"Guerssen records\" \/>\n<meta property=\"article:modified_time\" content=\"2025-03-28T11:42:54+00:00\" \/>\n<meta property=\"og:image\" content=\"https:\/\/wpguerssen-test.odoo.rgbconsulting.com\/wp-content\/uploads\/2024\/10\/48887.jpg\" \/>\n\t<meta property=\"og:image:width\" content=\"259\" \/>\n\t<meta property=\"og:image:height\" content=\"259\" \/>\n\t<meta property=\"og:image:type\" content=\"image\/jpeg\" \/>\n<meta name=\"twitter:card\" content=\"summary_large_image\" \/>\n<meta name=\"twitter:title\" content=\"CONTRERAS, Tino - Jazz Tropical (Limited Edition) -  (LP) | Guerssen\" \/>\n<meta name=\"twitter:label1\" content=\"Tiempo de lectura\" \/>\n\t<meta name=\"twitter:data1\" content=\"1 minuto\" \/>\n<script type=\"application\/ld+json\" class=\"yoast-schema-graph\">{\"@context\":\"https:\/\/schema.org\",\"@graph\":[{\"@type\":\"WebPage\",\"@id\":\"https:\/\/wpguerssen-test.odoo.rgbconsulting.com\/es\/producto\/jazz-tropical-limited-edition\/\",\"url\":\"https:\/\/wpguerssen-test.odoo.rgbconsulting.com\/es\/producto\/jazz-tropical-limited-edition\/\",\"name\":\"CONTRERAS, Tino - Jazz Tropical (Limited Edition) - (LP) | Guerssen\",\"isPartOf\":{\"@id\":\"https:\/\/wpguerssen-test.odoo.rgbconsulting.com\/es\/#website\"},\"primaryImageOfPage\":{\"@id\":\"https:\/\/wpguerssen-test.odoo.rgbconsulting.com\/es\/producto\/jazz-tropical-limited-edition\/#primaryimage\"},\"image\":{\"@id\":\"https:\/\/wpguerssen-test.odoo.rgbconsulting.com\/es\/producto\/jazz-tropical-limited-edition\/#primaryimage\"},\"thumbnailUrl\":\"https:\/\/wpguerssen-test.odoo.rgbconsulting.com\/wp-content\/uploads\/2024\/10\/48887.jpg\",\"datePublished\":\"2024-02-14T23:00:00+00:00\",\"dateModified\":\"2025-03-28T11:42:54+00:00\",\"description\":\"180-Gram Vinyl Limited Edition of 500 copies. Described by Matthew Garbutt on AllMusic as \\\"one of Mexico's national cultural treasures\\\", the award-winning drummer, composer, arranger, and bandleader Tino Contreras (1924-2021) recorded and performed internationally for more than 60 years. Blending Latin American music with jazz, he created his own original and adventurous sound. In 1957, Contreras formed his first quartet, which reflected an almost bewildering range of influences. Some key albums from this period include Jazz Tropical (presented here) and Jazz a Paris (both from 1962), Jazz Ballet (1963), and Misa en Jazz (1966). All throughout his extended career, Contreras remained a champion of the jazz form in Mexico, winning the National Festival of Jazz award each year between 1959 and 1966. THE COMPLETE LP + 2 BONUS TRACKS -180 GRAM VIRGIN VINYL - LIMITED EDITION\",\"breadcrumb\":{\"@id\":\"https:\/\/wpguerssen-test.odoo.rgbconsulting.com\/es\/producto\/jazz-tropical-limited-edition\/#breadcrumb\"},\"inLanguage\":\"es\",\"potentialAction\":[{\"@type\":\"ReadAction\",\"target\":[\"https:\/\/wpguerssen-test.odoo.rgbconsulting.com\/es\/producto\/jazz-tropical-limited-edition\/\"]}]},{\"@type\":\"ImageObject\",\"inLanguage\":\"es\",\"@id\":\"https:\/\/wpguerssen-test.odoo.rgbconsulting.com\/es\/producto\/jazz-tropical-limited-edition\/#primaryimage\",\"url\":\"https:\/\/wpguerssen-test.odoo.rgbconsulting.com\/wp-content\/uploads\/2024\/10\/48887.jpg\",\"contentUrl\":\"https:\/\/wpguerssen-test.odoo.rgbconsulting.com\/wp-content\/uploads\/2024\/10\/48887.jpg\",\"width\":259,\"height\":259,\"caption\":\"Tino - Jazz Tropical (Limited Edition) - DESCARGA! (LP) | Guerssen\"},{\"@type\":\"BreadcrumbList\",\"@id\":\"https:\/\/wpguerssen-test.odoo.rgbconsulting.com\/es\/producto\/jazz-tropical-limited-edition\/#breadcrumb\",\"itemListElement\":[{\"@type\":\"ListItem\",\"position\":1,\"name\":\"Inicio\",\"item\":\"https:\/\/wpguerssen-test.odoo.rgbconsulting.com\/es\/\"},{\"@type\":\"ListItem\",\"position\":2,\"name\":\"Shop\",\"item\":\"https:\/\/wpguerssen-test.odoo.rgbconsulting.com\/shop\/\"},{\"@type\":\"ListItem\",\"position\":3,\"name\":\"Jazz Tropical (Limited Edition)\"}]},{\"@type\":\"WebSite\",\"@id\":\"https:\/\/wpguerssen-test.odoo.rgbconsulting.com\/es\/#website\",\"url\":\"https:\/\/wpguerssen-test.odoo.rgbconsulting.com\/es\/\",\"name\":\"Guerssen records\",\"description\":\"psychedelia - progressive - folk - garage \",\"publisher\":{\"@id\":\"https:\/\/wpguerssen-test.odoo.rgbconsulting.com\/es\/#organization\"},\"potentialAction\":[{\"@type\":\"SearchAction\",\"target\":{\"@type\":\"EntryPoint\",\"urlTemplate\":\"https:\/\/wpguerssen-test.odoo.rgbconsulting.com\/es\/?s={search_term_string}\"},\"query-input\":{\"@type\":\"PropertyValueSpecification\",\"valueRequired\":true,\"valueName\":\"search_term_string\"}}],\"inLanguage\":\"es\"},{\"@type\":\"Organization\",\"@id\":\"https:\/\/wpguerssen-test.odoo.rgbconsulting.com\/es\/#organization\",\"name\":\"Guerssen records\",\"url\":\"https:\/\/wpguerssen-test.odoo.rgbconsulting.com\/es\/\",\"logo\":{\"@type\":\"ImageObject\",\"inLanguage\":\"es\",\"@id\":\"https:\/\/wpguerssen-test.odoo.rgbconsulting.com\/es\/#\/schema\/logo\/image\/\",\"url\":\"https:\/\/wpguerssen-test.odoo.rgbconsulting.com\/wp-content\/uploads\/2022\/04\/Logo_Guerssen_trans_100.png\",\"contentUrl\":\"https:\/\/wpguerssen-test.odoo.rgbconsulting.com\/wp-content\/uploads\/2022\/04\/Logo_Guerssen_trans_100.png\",\"width\":122,\"height\":100,\"caption\":\"Guerssen records\"},\"image\":{\"@id\":\"https:\/\/wpguerssen-test.odoo.rgbconsulting.com\/es\/#\/schema\/logo\/image\/\"}}]}<\/script>\n<!-- \/ Yoast SEO plugin. -->","yoast_head_json":{"title":"CONTRERAS, Tino - Jazz Tropical (Limited Edition) -  (LP) | Guerssen","description":"180-Gram Vinyl Limited Edition of 500 copies. Described by Matthew Garbutt on AllMusic as \"one of Mexico's national cultural treasures\", the award-winning drummer, composer, arranger, and bandleader Tino Contreras (1924-2021) recorded and performed internationally for more than 60 years. Blending Latin American music with jazz, he created his own original and adventurous sound. In 1957, Contreras formed his first quartet, which reflected an almost bewildering range of influences. Some key albums from this period include Jazz Tropical (presented here) and Jazz a Paris (both from 1962), Jazz Ballet (1963), and Misa en Jazz (1966). All throughout his extended career, Contreras remained a champion of the jazz form in Mexico, winning the National Festival of Jazz award each year between 1959 and 1966. THE COMPLETE LP + 2 BONUS TRACKS -180 GRAM VIRGIN VINYL - LIMITED EDITION","robots":{"index":"index","follow":"follow","max-snippet":"max-snippet:-1","max-image-preview":"max-image-preview:large","max-video-preview":"max-video-preview:-1"},"canonical":"https:\/\/wpguerssen-test.odoo.rgbconsulting.com\/es\/producto\/jazz-tropical-limited-edition\/","og_locale":"es_ES","og_type":"article","og_title":"CONTRERAS, Tino - Jazz Tropical (Limited Edition) -  (LP) | Guerssen","og_description":"180-Gram Vinyl Limited Edition of 500 copies. Described by Matthew Garbutt on AllMusic as \"one of Mexico's national cultural treasures\", the award-winning drummer, composer, arranger, and bandleader Tino Contreras (1924-2021) recorded and performed internationally for more than 60 years. Blending Latin American music with jazz, he created his own original and adventurous sound. In 1957, Contreras formed his first quartet, which reflected an almost bewildering range of influences. Some key albums from this period include Jazz Tropical (presented here) and Jazz a Paris (both from 1962), Jazz Ballet (1963), and Misa en Jazz (1966). All throughout his extended career, Contreras remained a champion of the jazz form in Mexico, winning the National Festival of Jazz award each year between 1959 and 1966. THE COMPLETE LP + 2 BONUS TRACKS -180 GRAM VIRGIN VINYL - LIMITED EDITION","og_url":"https:\/\/wpguerssen-test.odoo.rgbconsulting.com\/es\/producto\/jazz-tropical-limited-edition\/","og_site_name":"Guerssen records","article_modified_time":"2025-03-28T11:42:54+00:00","og_image":[{"width":259,"height":259,"url":"https:\/\/wpguerssen-test.odoo.rgbconsulting.com\/wp-content\/uploads\/2024\/10\/48887.jpg","type":"image\/jpeg"}],"twitter_card":"summary_large_image","twitter_title":"CONTRERAS, Tino - Jazz Tropical (Limited Edition) -  (LP) | Guerssen","twitter_misc":{"Tiempo de lectura":"1 minuto"},"schema":{"@context":"https:\/\/schema.org","@graph":[{"@type":"WebPage","@id":"https:\/\/wpguerssen-test.odoo.rgbconsulting.com\/es\/producto\/jazz-tropical-limited-edition\/","url":"https:\/\/wpguerssen-test.odoo.rgbconsulting.com\/es\/producto\/jazz-tropical-limited-edition\/","name":"CONTRERAS, Tino - Jazz Tropical (Limited Edition) - (LP) | Guerssen","isPartOf":{"@id":"https:\/\/wpguerssen-test.odoo.rgbconsulting.com\/es\/#website"},"primaryImageOfPage":{"@id":"https:\/\/wpguerssen-test.odoo.rgbconsulting.com\/es\/producto\/jazz-tropical-limited-edition\/#primaryimage"},"image":{"@id":"https:\/\/wpguerssen-test.odoo.rgbconsulting.com\/es\/producto\/jazz-tropical-limited-edition\/#primaryimage"},"thumbnailUrl":"https:\/\/wpguerssen-test.odoo.rgbconsulting.com\/wp-content\/uploads\/2024\/10\/48887.jpg","datePublished":"2024-02-14T23:00:00+00:00","dateModified":"2025-03-28T11:42:54+00:00","description":"180-Gram Vinyl Limited Edition of 500 copies. Described by Matthew Garbutt on AllMusic as \"one of Mexico's national cultural treasures\", the award-winning drummer, composer, arranger, and bandleader Tino Contreras (1924-2021) recorded and performed internationally for more than 60 years. Blending Latin American music with jazz, he created his own original and adventurous sound. In 1957, Contreras formed his first quartet, which reflected an almost bewildering range of influences. Some key albums from this period include Jazz Tropical (presented here) and Jazz a Paris (both from 1962), Jazz Ballet (1963), and Misa en Jazz (1966). All throughout his extended career, Contreras remained a champion of the jazz form in Mexico, winning the National Festival of Jazz award each year between 1959 and 1966. THE COMPLETE LP + 2 BONUS TRACKS -180 GRAM VIRGIN VINYL - LIMITED EDITION","breadcrumb":{"@id":"https:\/\/wpguerssen-test.odoo.rgbconsulting.com\/es\/producto\/jazz-tropical-limited-edition\/#breadcrumb"},"inLanguage":"es","potentialAction":[{"@type":"ReadAction","target":["https:\/\/wpguerssen-test.odoo.rgbconsulting.com\/es\/producto\/jazz-tropical-limited-edition\/"]}]},{"@type":"ImageObject","inLanguage":"es","@id":"https:\/\/wpguerssen-test.odoo.rgbconsulting.com\/es\/producto\/jazz-tropical-limited-edition\/#primaryimage","url":"https:\/\/wpguerssen-test.odoo.rgbconsulting.com\/wp-content\/uploads\/2024\/10\/48887.jpg","contentUrl":"https:\/\/wpguerssen-test.odoo.rgbconsulting.com\/wp-content\/uploads\/2024\/10\/48887.jpg","width":259,"height":259,"caption":"Tino - Jazz Tropical (Limited Edition) - DESCARGA! (LP) | Guerssen"},{"@type":"BreadcrumbList","@id":"https:\/\/wpguerssen-test.odoo.rgbconsulting.com\/es\/producto\/jazz-tropical-limited-edition\/#breadcrumb","itemListElement":[{"@type":"ListItem","position":1,"name":"Inicio","item":"https:\/\/wpguerssen-test.odoo.rgbconsulting.com\/es\/"},{"@type":"ListItem","position":2,"name":"Shop","item":"https:\/\/wpguerssen-test.odoo.rgbconsulting.com\/shop\/"},{"@type":"ListItem","position":3,"name":"Jazz Tropical (Limited Edition)"}]},{"@type":"WebSite","@id":"https:\/\/wpguerssen-test.odoo.rgbconsulting.com\/es\/#website","url":"https:\/\/wpguerssen-test.odoo.rgbconsulting.com\/es\/","name":"Guerssen records","description":"psychedelia - progressive - folk - garage ","publisher":{"@id":"https:\/\/wpguerssen-test.odoo.rgbconsulting.com\/es\/#organization"},"potentialAction":[{"@type":"SearchAction","target":{"@type":"EntryPoint","urlTemplate":"https:\/\/wpguerssen-test.odoo.rgbconsulting.com\/es\/?s={search_term_string}"},"query-input":{"@type":"PropertyValueSpecification","valueRequired":true,"valueName":"search_term_string"}}],"inLanguage":"es"},{"@type":"Organization","@id":"https:\/\/wpguerssen-test.odoo.rgbconsulting.com\/es\/#organization","name":"Guerssen records","url":"https:\/\/wpguerssen-test.odoo.rgbconsulting.com\/es\/","logo":{"@type":"ImageObject","inLanguage":"es","@id":"https:\/\/wpguerssen-test.odoo.rgbconsulting.com\/es\/#\/schema\/logo\/image\/","url":"https:\/\/wpguerssen-test.odoo.rgbconsulting.com\/wp-content\/uploads\/2022\/04\/Logo_Guerssen_trans_100.png","contentUrl":"https:\/\/wpguerssen-test.odoo.rgbconsulting.com\/wp-content\/uploads\/2022\/04\/Logo_Guerssen_trans_100.png","width":122,"height":100,"caption":"Guerssen records"},"image":{"@id":"https:\/\/wpguerssen-test.odoo.rgbconsulting.com\/es\/#\/schema\/logo\/image\/"}}]}},"_links":{"self":[{"href":"https:\/\/wpguerssen-test.odoo.rgbconsulting.com\/es\/wp-json\/wp\/v2\/product\/276598","targetHints":{"allow":["GET"]}}],"collection":[{"href":"https:\/\/wpguerssen-test.odoo.rgbconsulting.com\/es\/wp-json\/wp\/v2\/product"}],"about":[{"href":"https:\/\/wpguerssen-test.odoo.rgbconsulting.com\/es\/wp-json\/wp\/v2\/types\/product"}],"wp:featuredmedia":[{"embeddable":true,"href":"https:\/\/wpguerssen-test.odoo.rgbconsulting.com\/es\/wp-json\/wp\/v2\/media\/276545"}],"wp:attachment":[{"href":"https:\/\/wpguerssen-test.odoo.rgbconsulting.com\/es\/wp-json\/wp\/v2\/media?parent=276598"}],"wp:term":[{"taxonomy":"product_brand","embeddable":true,"href":"https:\/\/wpguerssen-test.odoo.rgbconsulting.com\/es\/wp-json\/wp\/v2\/product_brand?post=276598"},{"taxonomy":"product_cat","embeddable":true,"href":"https:\/\/wpguerssen-test.odoo.rgbconsulting.com\/es\/wp-json\/wp\/v2\/product_cat?post=276598"},{"taxonomy":"product_tag","embeddable":true,"href":"https:\/\/wpguerssen-test.odoo.rgbconsulting.com\/es\/wp-json\/wp\/v2\/product_tag?post=276598"}],"curies":[{"name":"wp","href":"https:\/\/api.w.org\/{rel}","templated":true}]}}