{"id":276705,"date":"2024-01-30T00:00:00","date_gmt":"2024-01-29T23:00:00","guid":{"rendered":"https:\/\/wpguerssen-test.odoo.rgbconsulting.com\/product\/vol-1-already-now\/"},"modified":"2025-03-26T16:52:50","modified_gmt":"2025-03-26T15:52:50","slug":"vol-1-already-now","status":"publish","type":"product","link":"https:\/\/wpguerssen-test.odoo.rgbconsulting.com\/es\/producto\/vol-1-already-now\/","title":{"rendered":"Vol. 1: Already Now"},"content":{"rendered":"<p>Primer disco de estos aut\u00e9nticos maestros del fuzz desde Corea y la perfecta introducci\u00f3n a su particular mundo. <\/p>\n<p> Formados a principios de los 70 por los hermanos Kim Kim Chang-wan, Kim Chang-hoon y Kim Chang-ik mientras estudiaban en la Universidad, Sanullim (cuyo nombre se traduce como \u00abEco de la Monta\u00f1a\u00bb) son unos de los padres del rock Coreano. En 1977 consiguieron grabar y editar su primer LP a pesar de m\u00faltiples problemas: censura, incomprensi\u00f3n de su sello discogr\u00e1fico por su uso de salvajes guitarras distorsionadas, t\u00e9cnicas de grabaci\u00f3n todav\u00eda rudimentarias en Corea&#8230; <\/p>\n<p> Su sonido era \u00fanico, repleto de \u00e1cidas guitarras fuzz, \u00f3rgano garajero, teclados, contundente bater\u00eda y suaves melod\u00edas. Algo nunca antes escuchado en Corea en esa \u00e9poca. Se incluyen algunas de sus m\u00e1s ic\u00f3nicas canciones como \u00abAlready Now\u00bb y \u00abLikely Late Summer\u00bb (famosa por su inclusi\u00f3n en uno de los vol\u00famenes de \u00abLove, Peace &#038; Poetry\u00bb). <\/p>\n<p> *Reeditado en vinilo oficialmente por primera vez fuera de Corea<br \/>*Artwork original en portada de cart\u00f3n duro<br \/>*Sonido de los m\u00e1sters originales<br \/>*Insert con notas por Hugh Dellar (Shindig!) y fotos \/ memorabilia <\/p>\n<p> Tracklist:<br \/>Side 1: 1. Already Now &#8211; 2. Likely Late Summer &#8211; 3. Alleyway &#8211; 4. Remorse &#8211; 5. That Face That Look<br \/>Side 2: 1. Fireworks &#8211; 2. Please Open The Door &#8211; 3. Girl &#8211; 4. Celadon &#8211; Arirang<\/p>\n","protected":false},"excerpt":{"rendered":"<p>Primer disco de estos aut\u00e9nticos maestros del fuzz desde Corea y la perfecta introducci\u00f3n a su particular mundo. <\/p>\n<p>\u00a0<\/p>\n<p> Formados a principios de los<a class=\"read\" href=\"https:\/\/wpguerssen-test.odoo.rgbconsulting.com\/es\/producto\/vol-1-already-now\/\"> (...)<\/a>","protected":false},"featured_media":249891,"template":"","meta":{"_acf_changed":false},"product_brand":[],"product_cat":[23281,21639],"product_tag":[29624],"class_list":{"0":"post-276705","1":"product","2":"type-product","3":"status-publish","4":"has-post-thumbnail","6":"product_cat-garagebeatrnb60-70-es","7":"product_cat-psychedelic60s-70s-es","8":"product_tag-sanullim-es","9":"pa_artist-sanullim-es","10":"pa_format-lp-es","11":"pa_gender-psychedelic60s-70s-garagebeatrnb60-70","12":"pa_label-guerssen-es","13":"pa_location-asia-es","14":"pa_other-filters-vinyl-only-es","16":"first","17":"instock","18":"taxable","19":"shipping-taxable","20":"purchasable","21":"product-type-simple"},"acf":[],"yoast_head":"<!-- This site is optimized with the Yoast SEO plugin v24.9 - https:\/\/yoast.com\/wordpress\/plugins\/seo\/ -->\n<title>SANULLIM - Vol. 1: Already Now -  (LP) | Guerssen<\/title>\n<meta name=\"description\" content=\"Debut album by Korean psychedelic fuzz masters and the perfect introduction to Sanullim&#039;s unique world. #nl# Formed in the early 70s by the three Kim brothers while they were still in University, Sanullim managed to release their first album in 1977 despite censorship, misunderstanding from their record company and rudimentary recording techniques problems. Fuelled by piercing psychedelic fuzz guitars, Farfisa styled garage organ, keyboards and sweet melodies, the created a very unique sound, unheard in Korea at the time. Including some of their most iconic songs like &quot;Already Now&quot; and &quot;&quot;Likely Late Summer&quot; (famous for its inclusion on the &quot;Love, Peace &amp; Poetry&quot; series. #nl# *Original artwork in hard cardboard sleeve*Sourced from the original masters*Insert with liner notes by Hugh Dellar (Shindig!) and rare photos \/ memorabilia #nl# &quot;Their debut album featured a blistering fuzz guitar sound that bleeds in and out of the mix as well as what sounds like a tinny Farfisa set behind the sweetest of pop vocal melodies, and the nine tracks stretch out into strangely hypnotic diversions. It&#039;s easy to grasp how psych and garage heads coming to these tracks cold would find much to dig here, and also simple to see how the recordings could be mistaken for something cut many years earlier&quot; - Hugh Dellar (Shindig!) #nl# Tracklist:Side 1: 1. Already Now - 2. Likely Late Summer - 3. Alleyway - 4. Remorse - 5. That Face That LookSide 2: 1. Fireworks - 2. Please Open The Door - 3. Girl - 4. Celadon - Arirang\" \/>\n<meta name=\"robots\" content=\"index, follow, max-snippet:-1, max-image-preview:large, max-video-preview:-1\" \/>\n<link rel=\"canonical\" href=\"https:\/\/wpguerssen-test.odoo.rgbconsulting.com\/es\/producto\/vol-1-already-now\/\" \/>\n<meta property=\"og:locale\" content=\"es_ES\" \/>\n<meta property=\"og:type\" content=\"article\" \/>\n<meta property=\"og:title\" content=\"SANULLIM - Vol. 1: Already Now -  (LP) | Guerssen\" \/>\n<meta property=\"og:description\" content=\"Debut album by Korean psychedelic fuzz masters and the perfect introduction to Sanullim&#039;s unique world. #nl# Formed in the early 70s by the three Kim brothers while they were still in University, Sanullim managed to release their first album in 1977 despite censorship, misunderstanding from their record company and rudimentary recording techniques problems. Fuelled by piercing psychedelic fuzz guitars, Farfisa styled garage organ, keyboards and sweet melodies, the created a very unique sound, unheard in Korea at the time. Including some of their most iconic songs like &quot;Already Now&quot; and &quot;&quot;Likely Late Summer&quot; (famous for its inclusion on the &quot;Love, Peace &amp; Poetry&quot; series. #nl# *Original artwork in hard cardboard sleeve*Sourced from the original masters*Insert with liner notes by Hugh Dellar (Shindig!) and rare photos \/ memorabilia #nl# &quot;Their debut album featured a blistering fuzz guitar sound that bleeds in and out of the mix as well as what sounds like a tinny Farfisa set behind the sweetest of pop vocal melodies, and the nine tracks stretch out into strangely hypnotic diversions. It&#039;s easy to grasp how psych and garage heads coming to these tracks cold would find much to dig here, and also simple to see how the recordings could be mistaken for something cut many years earlier&quot; - Hugh Dellar (Shindig!) #nl# Tracklist:Side 1: 1. Already Now - 2. Likely Late Summer - 3. Alleyway - 4. Remorse - 5. That Face That LookSide 2: 1. Fireworks - 2. Please Open The Door - 3. Girl - 4. Celadon - Arirang\" \/>\n<meta property=\"og:url\" content=\"https:\/\/wpguerssen-test.odoo.rgbconsulting.com\/es\/producto\/vol-1-already-now\/\" \/>\n<meta property=\"og:site_name\" content=\"Guerssen records\" \/>\n<meta property=\"article:modified_time\" content=\"2025-03-26T15:52:50+00:00\" \/>\n<meta property=\"og:image\" content=\"https:\/\/wpguerssen-test.odoo.rgbconsulting.com\/wp-content\/uploads\/2024\/01\/45963.jpg\" \/>\n\t<meta property=\"og:image:width\" content=\"1400\" \/>\n\t<meta property=\"og:image:height\" content=\"1400\" \/>\n\t<meta property=\"og:image:type\" content=\"image\/jpeg\" \/>\n<meta name=\"twitter:card\" content=\"summary_large_image\" \/>\n<meta name=\"twitter:title\" content=\"SANULLIM - Vol. 1: Already Now -  (LP) | Guerssen\" \/>\n<meta name=\"twitter:label1\" content=\"Tiempo de lectura\" \/>\n\t<meta name=\"twitter:data1\" content=\"1 minuto\" \/>\n<script type=\"application\/ld+json\" class=\"yoast-schema-graph\">{\"@context\":\"https:\/\/schema.org\",\"@graph\":[{\"@type\":\"WebPage\",\"@id\":\"https:\/\/wpguerssen-test.odoo.rgbconsulting.com\/es\/producto\/vol-1-already-now\/\",\"url\":\"https:\/\/wpguerssen-test.odoo.rgbconsulting.com\/es\/producto\/vol-1-already-now\/\",\"name\":\"SANULLIM - Vol. 1: Already Now - (LP) | Guerssen\",\"isPartOf\":{\"@id\":\"https:\/\/wpguerssen-test.odoo.rgbconsulting.com\/es\/#website\"},\"primaryImageOfPage\":{\"@id\":\"https:\/\/wpguerssen-test.odoo.rgbconsulting.com\/es\/producto\/vol-1-already-now\/#primaryimage\"},\"image\":{\"@id\":\"https:\/\/wpguerssen-test.odoo.rgbconsulting.com\/es\/producto\/vol-1-already-now\/#primaryimage\"},\"thumbnailUrl\":\"https:\/\/wpguerssen-test.odoo.rgbconsulting.com\/wp-content\/uploads\/2024\/01\/45963.jpg\",\"datePublished\":\"2024-01-29T23:00:00+00:00\",\"dateModified\":\"2025-03-26T15:52:50+00:00\",\"description\":\"Debut album by Korean psychedelic fuzz masters and the perfect introduction to Sanullim's unique world. #nl# Formed in the early 70s by the three Kim brothers while they were still in University, Sanullim managed to release their first album in 1977 despite censorship, misunderstanding from their record company and rudimentary recording techniques problems. Fuelled by piercing psychedelic fuzz guitars, Farfisa styled garage organ, keyboards and sweet melodies, the created a very unique sound, unheard in Korea at the time. Including some of their most iconic songs like \\\"Already Now\\\" and \\\"\\\"Likely Late Summer\\\" (famous for its inclusion on the \\\"Love, Peace & Poetry\\\" series. #nl# *Original artwork in hard cardboard sleeve*Sourced from the original masters*Insert with liner notes by Hugh Dellar (Shindig!) and rare photos \/ memorabilia #nl# \\\"Their debut album featured a blistering fuzz guitar sound that bleeds in and out of the mix as well as what sounds like a tinny Farfisa set behind the sweetest of pop vocal melodies, and the nine tracks stretch out into strangely hypnotic diversions. It's easy to grasp how psych and garage heads coming to these tracks cold would find much to dig here, and also simple to see how the recordings could be mistaken for something cut many years earlier\\\" - Hugh Dellar (Shindig!) #nl# Tracklist:Side 1: 1. Already Now - 2. Likely Late Summer - 3. Alleyway - 4. Remorse - 5. That Face That LookSide 2: 1. Fireworks - 2. Please Open The Door - 3. Girl - 4. Celadon - Arirang\",\"breadcrumb\":{\"@id\":\"https:\/\/wpguerssen-test.odoo.rgbconsulting.com\/es\/producto\/vol-1-already-now\/#breadcrumb\"},\"inLanguage\":\"es\",\"potentialAction\":[{\"@type\":\"ReadAction\",\"target\":[\"https:\/\/wpguerssen-test.odoo.rgbconsulting.com\/es\/producto\/vol-1-already-now\/\"]}]},{\"@type\":\"ImageObject\",\"inLanguage\":\"es\",\"@id\":\"https:\/\/wpguerssen-test.odoo.rgbconsulting.com\/es\/producto\/vol-1-already-now\/#primaryimage\",\"url\":\"https:\/\/wpguerssen-test.odoo.rgbconsulting.com\/wp-content\/uploads\/2024\/01\/45963.jpg\",\"contentUrl\":\"https:\/\/wpguerssen-test.odoo.rgbconsulting.com\/wp-content\/uploads\/2024\/01\/45963.jpg\",\"width\":1400,\"height\":1400},{\"@type\":\"BreadcrumbList\",\"@id\":\"https:\/\/wpguerssen-test.odoo.rgbconsulting.com\/es\/producto\/vol-1-already-now\/#breadcrumb\",\"itemListElement\":[{\"@type\":\"ListItem\",\"position\":1,\"name\":\"Inicio\",\"item\":\"https:\/\/wpguerssen-test.odoo.rgbconsulting.com\/es\/\"},{\"@type\":\"ListItem\",\"position\":2,\"name\":\"Shop\",\"item\":\"https:\/\/wpguerssen-test.odoo.rgbconsulting.com\/shop\/\"},{\"@type\":\"ListItem\",\"position\":3,\"name\":\"Vol. 1: Already Now\"}]},{\"@type\":\"WebSite\",\"@id\":\"https:\/\/wpguerssen-test.odoo.rgbconsulting.com\/es\/#website\",\"url\":\"https:\/\/wpguerssen-test.odoo.rgbconsulting.com\/es\/\",\"name\":\"Guerssen records\",\"description\":\"psychedelia - progressive - folk - garage \",\"publisher\":{\"@id\":\"https:\/\/wpguerssen-test.odoo.rgbconsulting.com\/es\/#organization\"},\"potentialAction\":[{\"@type\":\"SearchAction\",\"target\":{\"@type\":\"EntryPoint\",\"urlTemplate\":\"https:\/\/wpguerssen-test.odoo.rgbconsulting.com\/es\/?s={search_term_string}\"},\"query-input\":{\"@type\":\"PropertyValueSpecification\",\"valueRequired\":true,\"valueName\":\"search_term_string\"}}],\"inLanguage\":\"es\"},{\"@type\":\"Organization\",\"@id\":\"https:\/\/wpguerssen-test.odoo.rgbconsulting.com\/es\/#organization\",\"name\":\"Guerssen records\",\"url\":\"https:\/\/wpguerssen-test.odoo.rgbconsulting.com\/es\/\",\"logo\":{\"@type\":\"ImageObject\",\"inLanguage\":\"es\",\"@id\":\"https:\/\/wpguerssen-test.odoo.rgbconsulting.com\/es\/#\/schema\/logo\/image\/\",\"url\":\"https:\/\/wpguerssen-test.odoo.rgbconsulting.com\/wp-content\/uploads\/2022\/04\/Logo_Guerssen_trans_100.png\",\"contentUrl\":\"https:\/\/wpguerssen-test.odoo.rgbconsulting.com\/wp-content\/uploads\/2022\/04\/Logo_Guerssen_trans_100.png\",\"width\":122,\"height\":100,\"caption\":\"Guerssen records\"},\"image\":{\"@id\":\"https:\/\/wpguerssen-test.odoo.rgbconsulting.com\/es\/#\/schema\/logo\/image\/\"}}]}<\/script>\n<!-- \/ Yoast SEO plugin. -->","yoast_head_json":{"title":"SANULLIM - Vol. 1: Already Now -  (LP) | Guerssen","description":"Debut album by Korean psychedelic fuzz masters and the perfect introduction to Sanullim's unique world. #nl# Formed in the early 70s by the three Kim brothers while they were still in University, Sanullim managed to release their first album in 1977 despite censorship, misunderstanding from their record company and rudimentary recording techniques problems. Fuelled by piercing psychedelic fuzz guitars, Farfisa styled garage organ, keyboards and sweet melodies, the created a very unique sound, unheard in Korea at the time. Including some of their most iconic songs like \"Already Now\" and \"\"Likely Late Summer\" (famous for its inclusion on the \"Love, Peace & Poetry\" series. #nl# *Original artwork in hard cardboard sleeve*Sourced from the original masters*Insert with liner notes by Hugh Dellar (Shindig!) and rare photos \/ memorabilia #nl# \"Their debut album featured a blistering fuzz guitar sound that bleeds in and out of the mix as well as what sounds like a tinny Farfisa set behind the sweetest of pop vocal melodies, and the nine tracks stretch out into strangely hypnotic diversions. It's easy to grasp how psych and garage heads coming to these tracks cold would find much to dig here, and also simple to see how the recordings could be mistaken for something cut many years earlier\" - Hugh Dellar (Shindig!) #nl# Tracklist:Side 1: 1. Already Now - 2. Likely Late Summer - 3. Alleyway - 4. Remorse - 5. That Face That LookSide 2: 1. Fireworks - 2. Please Open The Door - 3. Girl - 4. Celadon - Arirang","robots":{"index":"index","follow":"follow","max-snippet":"max-snippet:-1","max-image-preview":"max-image-preview:large","max-video-preview":"max-video-preview:-1"},"canonical":"https:\/\/wpguerssen-test.odoo.rgbconsulting.com\/es\/producto\/vol-1-already-now\/","og_locale":"es_ES","og_type":"article","og_title":"SANULLIM - Vol. 1: Already Now -  (LP) | Guerssen","og_description":"Debut album by Korean psychedelic fuzz masters and the perfect introduction to Sanullim's unique world. #nl# Formed in the early 70s by the three Kim brothers while they were still in University, Sanullim managed to release their first album in 1977 despite censorship, misunderstanding from their record company and rudimentary recording techniques problems. Fuelled by piercing psychedelic fuzz guitars, Farfisa styled garage organ, keyboards and sweet melodies, the created a very unique sound, unheard in Korea at the time. Including some of their most iconic songs like \"Already Now\" and \"\"Likely Late Summer\" (famous for its inclusion on the \"Love, Peace & Poetry\" series. #nl# *Original artwork in hard cardboard sleeve*Sourced from the original masters*Insert with liner notes by Hugh Dellar (Shindig!) and rare photos \/ memorabilia #nl# \"Their debut album featured a blistering fuzz guitar sound that bleeds in and out of the mix as well as what sounds like a tinny Farfisa set behind the sweetest of pop vocal melodies, and the nine tracks stretch out into strangely hypnotic diversions. It's easy to grasp how psych and garage heads coming to these tracks cold would find much to dig here, and also simple to see how the recordings could be mistaken for something cut many years earlier\" - Hugh Dellar (Shindig!) #nl# Tracklist:Side 1: 1. Already Now - 2. Likely Late Summer - 3. Alleyway - 4. Remorse - 5. That Face That LookSide 2: 1. Fireworks - 2. Please Open The Door - 3. Girl - 4. Celadon - Arirang","og_url":"https:\/\/wpguerssen-test.odoo.rgbconsulting.com\/es\/producto\/vol-1-already-now\/","og_site_name":"Guerssen records","article_modified_time":"2025-03-26T15:52:50+00:00","og_image":[{"width":1400,"height":1400,"url":"https:\/\/wpguerssen-test.odoo.rgbconsulting.com\/wp-content\/uploads\/2024\/01\/45963.jpg","type":"image\/jpeg"}],"twitter_card":"summary_large_image","twitter_title":"SANULLIM - Vol. 1: Already Now -  (LP) | Guerssen","twitter_misc":{"Tiempo de lectura":"1 minuto"},"schema":{"@context":"https:\/\/schema.org","@graph":[{"@type":"WebPage","@id":"https:\/\/wpguerssen-test.odoo.rgbconsulting.com\/es\/producto\/vol-1-already-now\/","url":"https:\/\/wpguerssen-test.odoo.rgbconsulting.com\/es\/producto\/vol-1-already-now\/","name":"SANULLIM - Vol. 1: Already Now - (LP) | Guerssen","isPartOf":{"@id":"https:\/\/wpguerssen-test.odoo.rgbconsulting.com\/es\/#website"},"primaryImageOfPage":{"@id":"https:\/\/wpguerssen-test.odoo.rgbconsulting.com\/es\/producto\/vol-1-already-now\/#primaryimage"},"image":{"@id":"https:\/\/wpguerssen-test.odoo.rgbconsulting.com\/es\/producto\/vol-1-already-now\/#primaryimage"},"thumbnailUrl":"https:\/\/wpguerssen-test.odoo.rgbconsulting.com\/wp-content\/uploads\/2024\/01\/45963.jpg","datePublished":"2024-01-29T23:00:00+00:00","dateModified":"2025-03-26T15:52:50+00:00","description":"Debut album by Korean psychedelic fuzz masters and the perfect introduction to Sanullim's unique world. #nl# Formed in the early 70s by the three Kim brothers while they were still in University, Sanullim managed to release their first album in 1977 despite censorship, misunderstanding from their record company and rudimentary recording techniques problems. Fuelled by piercing psychedelic fuzz guitars, Farfisa styled garage organ, keyboards and sweet melodies, the created a very unique sound, unheard in Korea at the time. Including some of their most iconic songs like \"Already Now\" and \"\"Likely Late Summer\" (famous for its inclusion on the \"Love, Peace & Poetry\" series. #nl# *Original artwork in hard cardboard sleeve*Sourced from the original masters*Insert with liner notes by Hugh Dellar (Shindig!) and rare photos \/ memorabilia #nl# \"Their debut album featured a blistering fuzz guitar sound that bleeds in and out of the mix as well as what sounds like a tinny Farfisa set behind the sweetest of pop vocal melodies, and the nine tracks stretch out into strangely hypnotic diversions. It's easy to grasp how psych and garage heads coming to these tracks cold would find much to dig here, and also simple to see how the recordings could be mistaken for something cut many years earlier\" - Hugh Dellar (Shindig!) #nl# Tracklist:Side 1: 1. Already Now - 2. Likely Late Summer - 3. Alleyway - 4. Remorse - 5. That Face That LookSide 2: 1. Fireworks - 2. Please Open The Door - 3. Girl - 4. Celadon - Arirang","breadcrumb":{"@id":"https:\/\/wpguerssen-test.odoo.rgbconsulting.com\/es\/producto\/vol-1-already-now\/#breadcrumb"},"inLanguage":"es","potentialAction":[{"@type":"ReadAction","target":["https:\/\/wpguerssen-test.odoo.rgbconsulting.com\/es\/producto\/vol-1-already-now\/"]}]},{"@type":"ImageObject","inLanguage":"es","@id":"https:\/\/wpguerssen-test.odoo.rgbconsulting.com\/es\/producto\/vol-1-already-now\/#primaryimage","url":"https:\/\/wpguerssen-test.odoo.rgbconsulting.com\/wp-content\/uploads\/2024\/01\/45963.jpg","contentUrl":"https:\/\/wpguerssen-test.odoo.rgbconsulting.com\/wp-content\/uploads\/2024\/01\/45963.jpg","width":1400,"height":1400},{"@type":"BreadcrumbList","@id":"https:\/\/wpguerssen-test.odoo.rgbconsulting.com\/es\/producto\/vol-1-already-now\/#breadcrumb","itemListElement":[{"@type":"ListItem","position":1,"name":"Inicio","item":"https:\/\/wpguerssen-test.odoo.rgbconsulting.com\/es\/"},{"@type":"ListItem","position":2,"name":"Shop","item":"https:\/\/wpguerssen-test.odoo.rgbconsulting.com\/shop\/"},{"@type":"ListItem","position":3,"name":"Vol. 1: Already Now"}]},{"@type":"WebSite","@id":"https:\/\/wpguerssen-test.odoo.rgbconsulting.com\/es\/#website","url":"https:\/\/wpguerssen-test.odoo.rgbconsulting.com\/es\/","name":"Guerssen records","description":"psychedelia - progressive - folk - garage ","publisher":{"@id":"https:\/\/wpguerssen-test.odoo.rgbconsulting.com\/es\/#organization"},"potentialAction":[{"@type":"SearchAction","target":{"@type":"EntryPoint","urlTemplate":"https:\/\/wpguerssen-test.odoo.rgbconsulting.com\/es\/?s={search_term_string}"},"query-input":{"@type":"PropertyValueSpecification","valueRequired":true,"valueName":"search_term_string"}}],"inLanguage":"es"},{"@type":"Organization","@id":"https:\/\/wpguerssen-test.odoo.rgbconsulting.com\/es\/#organization","name":"Guerssen records","url":"https:\/\/wpguerssen-test.odoo.rgbconsulting.com\/es\/","logo":{"@type":"ImageObject","inLanguage":"es","@id":"https:\/\/wpguerssen-test.odoo.rgbconsulting.com\/es\/#\/schema\/logo\/image\/","url":"https:\/\/wpguerssen-test.odoo.rgbconsulting.com\/wp-content\/uploads\/2022\/04\/Logo_Guerssen_trans_100.png","contentUrl":"https:\/\/wpguerssen-test.odoo.rgbconsulting.com\/wp-content\/uploads\/2022\/04\/Logo_Guerssen_trans_100.png","width":122,"height":100,"caption":"Guerssen records"},"image":{"@id":"https:\/\/wpguerssen-test.odoo.rgbconsulting.com\/es\/#\/schema\/logo\/image\/"}}]}},"_links":{"self":[{"href":"https:\/\/wpguerssen-test.odoo.rgbconsulting.com\/es\/wp-json\/wp\/v2\/product\/276705","targetHints":{"allow":["GET"]}}],"collection":[{"href":"https:\/\/wpguerssen-test.odoo.rgbconsulting.com\/es\/wp-json\/wp\/v2\/product"}],"about":[{"href":"https:\/\/wpguerssen-test.odoo.rgbconsulting.com\/es\/wp-json\/wp\/v2\/types\/product"}],"wp:featuredmedia":[{"embeddable":true,"href":"https:\/\/wpguerssen-test.odoo.rgbconsulting.com\/es\/wp-json\/wp\/v2\/media\/249891"}],"wp:attachment":[{"href":"https:\/\/wpguerssen-test.odoo.rgbconsulting.com\/es\/wp-json\/wp\/v2\/media?parent=276705"}],"wp:term":[{"taxonomy":"product_brand","embeddable":true,"href":"https:\/\/wpguerssen-test.odoo.rgbconsulting.com\/es\/wp-json\/wp\/v2\/product_brand?post=276705"},{"taxonomy":"product_cat","embeddable":true,"href":"https:\/\/wpguerssen-test.odoo.rgbconsulting.com\/es\/wp-json\/wp\/v2\/product_cat?post=276705"},{"taxonomy":"product_tag","embeddable":true,"href":"https:\/\/wpguerssen-test.odoo.rgbconsulting.com\/es\/wp-json\/wp\/v2\/product_tag?post=276705"}],"curies":[{"name":"wp","href":"https:\/\/api.w.org\/{rel}","templated":true}]}}