{"id":276706,"date":"2024-01-30T00:00:00","date_gmt":"2024-01-29T23:00:00","guid":{"rendered":"https:\/\/wpguerssen-test.odoo.rgbconsulting.com\/product\/vol-2-spread-silk-on-my-heart\/"},"modified":"2025-04-09T14:06:58","modified_gmt":"2025-04-09T12:06:58","slug":"vol-2-spread-silk-on-my-heart","status":"publish","type":"product","link":"https:\/\/wpguerssen-test.odoo.rgbconsulting.com\/es\/producto\/vol-2-spread-silk-on-my-heart\/","title":{"rendered":"Vol. 2: Spread Silk On My Heart"},"content":{"rendered":"<p>Psicodelia-fuzz de alto nivel por estas aut\u00e9nticas leyendas del rock Coreano. <\/p>\n<p> Este es su segundo \u00e1lbum, editado originalmente en 1978. Se abre con la incre\u00edble canci\u00f3n que da t\u00edtulo al disco, con su larga intro de ruidosa guitarra, que se convertir\u00eda en una de las canciones m\u00e1s famosas del grupo en directo. Los hermanos Kim tambi\u00e9n ofrecen abrasivo garage psicod\u00e9lico (\u00abLet&#8217;s Sing), melanc\u00f3licas baladas con fuzz (\u00abA Flower Blooming In The Haze\u00bb) y m\u00e1s! <\/p>\n<p> *Reeditado en vinilo oficialmente por primera vez fuera de Corea<br \/>*Artwork original en portada de cart\u00f3n duro<br \/>*Sonido de los m\u00e1sters originales<br \/>*Insert con notas por Hugh Dellar (Shindig!) y fotos \/ memorabilia <\/p>\n<p> Tracklist:<br \/>Side 1: 1. Spread Silk On My Heart &#8211; 2. Let&#8217;s Sing &#8211; 3. A Flower Blooming In The Haze &#8211; 4. Just The Two Of Us &#8211; 5. Like A Sleepy Child<br \/>Side 2: 1. Blossom Someday &#8211; 2. What Will Happen To Me &#8211; 3. This Happiness &#8211; 4. Truly Likely So &#8211; 5. Leaving My Love<\/p>\n","protected":false},"excerpt":{"rendered":"<p>Psicodelia-fuzz de alto nivel por estas aut\u00e9nticas leyendas del rock Coreano. <\/p>\n<p>\u00a0<\/p>\n<p> Este es su segundo \u00e1lbum, editado originalmente en 1978. Se abre<a class=\"read\" href=\"https:\/\/wpguerssen-test.odoo.rgbconsulting.com\/es\/producto\/vol-2-spread-silk-on-my-heart\/\"> (...)<\/a>","protected":false},"featured_media":249894,"template":"","meta":{"_acf_changed":false},"product_brand":[],"product_cat":[23281,21639],"product_tag":[29624],"class_list":{"0":"post-276706","1":"product","2":"type-product","3":"status-publish","4":"has-post-thumbnail","6":"product_cat-garagebeatrnb60-70-es","7":"product_cat-psychedelic60s-70s-es","8":"product_tag-sanullim-es","9":"pa_artist-sanullim-es","10":"pa_format-lp-es","11":"pa_gender-psychedelic60s-70s-garagebeatrnb60-70","12":"pa_label-guerssen-es","13":"pa_location-asia-es","14":"pa_other-filters-vinyl-only-es","16":"first","17":"instock","18":"taxable","19":"shipping-taxable","20":"purchasable","21":"product-type-simple"},"acf":[],"yoast_head":"<!-- This site is optimized with the Yoast SEO plugin v24.9 - https:\/\/yoast.com\/wordpress\/plugins\/seo\/ -->\n<title>SANULLIM - Vol. 2: Spread Silk On My Heart -  (LP) | Guerssen<\/title>\n<meta name=\"description\" content=\"Fuzzed out psychedelia of the highest order by Korean legends SANULLIM. #nl# This is their second album, originally released in 1978. It opens with the incredible title track, featuring an extended noisy fuzz guitar intro and which would become one of their most famous songs, especially live. The Kim brothers also dwell into abrasive garage-psych (&quot;Let&#039;s Sing&quot;) melancholic fuzz ballads (&quot;A Flower Blooming In The Haze&quot;) and more! #nl# *Original artwork in hard cardboard sleeve*Sourced from the original masters*Insert with liner notes and rare photos \/ memorabilia #nl# &quot;...the fuzz pedals were set to an even more intense level of stun than they were on Volume 1...&quot;- Hugh Dellar (Shindig!) #nl# Tracklist:Side 1: 1. Spread Silk On My Heart - 2. Let&#039;s Sing - 3. A Flower Blooming In The Haze - 4. Just The Two Of Us - 5. Like A Sleepy ChildSide 2: 1. Blossom Someday - 2. What Will Happen To Me - 3. This Happiness - 4. Truly Likely So - 5. Leaving My Love\" \/>\n<meta name=\"robots\" content=\"index, follow, max-snippet:-1, max-image-preview:large, max-video-preview:-1\" \/>\n<link rel=\"canonical\" href=\"https:\/\/wpguerssen-test.odoo.rgbconsulting.com\/es\/producto\/vol-2-spread-silk-on-my-heart\/\" \/>\n<meta property=\"og:locale\" content=\"es_ES\" \/>\n<meta property=\"og:type\" content=\"article\" \/>\n<meta property=\"og:title\" content=\"SANULLIM - Vol. 2: Spread Silk On My Heart -  (LP) | Guerssen\" \/>\n<meta property=\"og:description\" content=\"Fuzzed out psychedelia of the highest order by Korean legends SANULLIM. #nl# This is their second album, originally released in 1978. It opens with the incredible title track, featuring an extended noisy fuzz guitar intro and which would become one of their most famous songs, especially live. The Kim brothers also dwell into abrasive garage-psych (&quot;Let&#039;s Sing&quot;) melancholic fuzz ballads (&quot;A Flower Blooming In The Haze&quot;) and more! #nl# *Original artwork in hard cardboard sleeve*Sourced from the original masters*Insert with liner notes and rare photos \/ memorabilia #nl# &quot;...the fuzz pedals were set to an even more intense level of stun than they were on Volume 1...&quot;- Hugh Dellar (Shindig!) #nl# Tracklist:Side 1: 1. Spread Silk On My Heart - 2. Let&#039;s Sing - 3. A Flower Blooming In The Haze - 4. Just The Two Of Us - 5. Like A Sleepy ChildSide 2: 1. Blossom Someday - 2. What Will Happen To Me - 3. This Happiness - 4. Truly Likely So - 5. Leaving My Love\" \/>\n<meta property=\"og:url\" content=\"https:\/\/wpguerssen-test.odoo.rgbconsulting.com\/es\/producto\/vol-2-spread-silk-on-my-heart\/\" \/>\n<meta property=\"og:site_name\" content=\"Guerssen records\" \/>\n<meta property=\"article:modified_time\" content=\"2025-04-09T12:06:58+00:00\" \/>\n<meta property=\"og:image\" content=\"https:\/\/wpguerssen-test.odoo.rgbconsulting.com\/wp-content\/uploads\/2024\/01\/45964.jpg\" \/>\n\t<meta property=\"og:image:width\" content=\"1400\" \/>\n\t<meta property=\"og:image:height\" content=\"1400\" \/>\n\t<meta property=\"og:image:type\" content=\"image\/jpeg\" \/>\n<meta name=\"twitter:card\" content=\"summary_large_image\" \/>\n<meta name=\"twitter:title\" content=\"SANULLIM - Vol. 2: Spread Silk On My Heart -  (LP) | Guerssen\" \/>\n<meta name=\"twitter:label1\" content=\"Tiempo de lectura\" \/>\n\t<meta name=\"twitter:data1\" content=\"1 minuto\" \/>\n<script type=\"application\/ld+json\" class=\"yoast-schema-graph\">{\"@context\":\"https:\/\/schema.org\",\"@graph\":[{\"@type\":\"WebPage\",\"@id\":\"https:\/\/wpguerssen-test.odoo.rgbconsulting.com\/es\/producto\/vol-2-spread-silk-on-my-heart\/\",\"url\":\"https:\/\/wpguerssen-test.odoo.rgbconsulting.com\/es\/producto\/vol-2-spread-silk-on-my-heart\/\",\"name\":\"SANULLIM - Vol. 2: Spread Silk On My Heart - (LP) | Guerssen\",\"isPartOf\":{\"@id\":\"https:\/\/wpguerssen-test.odoo.rgbconsulting.com\/es\/#website\"},\"primaryImageOfPage\":{\"@id\":\"https:\/\/wpguerssen-test.odoo.rgbconsulting.com\/es\/producto\/vol-2-spread-silk-on-my-heart\/#primaryimage\"},\"image\":{\"@id\":\"https:\/\/wpguerssen-test.odoo.rgbconsulting.com\/es\/producto\/vol-2-spread-silk-on-my-heart\/#primaryimage\"},\"thumbnailUrl\":\"https:\/\/wpguerssen-test.odoo.rgbconsulting.com\/wp-content\/uploads\/2024\/01\/45964.jpg\",\"datePublished\":\"2024-01-29T23:00:00+00:00\",\"dateModified\":\"2025-04-09T12:06:58+00:00\",\"description\":\"Fuzzed out psychedelia of the highest order by Korean legends SANULLIM. #nl# This is their second album, originally released in 1978. It opens with the incredible title track, featuring an extended noisy fuzz guitar intro and which would become one of their most famous songs, especially live. The Kim brothers also dwell into abrasive garage-psych (\\\"Let's Sing\\\") melancholic fuzz ballads (\\\"A Flower Blooming In The Haze\\\") and more! #nl# *Original artwork in hard cardboard sleeve*Sourced from the original masters*Insert with liner notes and rare photos \/ memorabilia #nl# \\\"...the fuzz pedals were set to an even more intense level of stun than they were on Volume 1...\\\"- Hugh Dellar (Shindig!) #nl# Tracklist:Side 1: 1. Spread Silk On My Heart - 2. Let's Sing - 3. A Flower Blooming In The Haze - 4. Just The Two Of Us - 5. Like A Sleepy ChildSide 2: 1. Blossom Someday - 2. What Will Happen To Me - 3. This Happiness - 4. Truly Likely So - 5. Leaving My Love\",\"breadcrumb\":{\"@id\":\"https:\/\/wpguerssen-test.odoo.rgbconsulting.com\/es\/producto\/vol-2-spread-silk-on-my-heart\/#breadcrumb\"},\"inLanguage\":\"es\",\"potentialAction\":[{\"@type\":\"ReadAction\",\"target\":[\"https:\/\/wpguerssen-test.odoo.rgbconsulting.com\/es\/producto\/vol-2-spread-silk-on-my-heart\/\"]}]},{\"@type\":\"ImageObject\",\"inLanguage\":\"es\",\"@id\":\"https:\/\/wpguerssen-test.odoo.rgbconsulting.com\/es\/producto\/vol-2-spread-silk-on-my-heart\/#primaryimage\",\"url\":\"https:\/\/wpguerssen-test.odoo.rgbconsulting.com\/wp-content\/uploads\/2024\/01\/45964.jpg\",\"contentUrl\":\"https:\/\/wpguerssen-test.odoo.rgbconsulting.com\/wp-content\/uploads\/2024\/01\/45964.jpg\",\"width\":1400,\"height\":1400},{\"@type\":\"BreadcrumbList\",\"@id\":\"https:\/\/wpguerssen-test.odoo.rgbconsulting.com\/es\/producto\/vol-2-spread-silk-on-my-heart\/#breadcrumb\",\"itemListElement\":[{\"@type\":\"ListItem\",\"position\":1,\"name\":\"Inicio\",\"item\":\"https:\/\/wpguerssen-test.odoo.rgbconsulting.com\/es\/\"},{\"@type\":\"ListItem\",\"position\":2,\"name\":\"Shop\",\"item\":\"https:\/\/wpguerssen-test.odoo.rgbconsulting.com\/shop\/\"},{\"@type\":\"ListItem\",\"position\":3,\"name\":\"Vol. 2: Spread Silk On My Heart\"}]},{\"@type\":\"WebSite\",\"@id\":\"https:\/\/wpguerssen-test.odoo.rgbconsulting.com\/es\/#website\",\"url\":\"https:\/\/wpguerssen-test.odoo.rgbconsulting.com\/es\/\",\"name\":\"Guerssen records\",\"description\":\"psychedelia - progressive - folk - garage \",\"publisher\":{\"@id\":\"https:\/\/wpguerssen-test.odoo.rgbconsulting.com\/es\/#organization\"},\"potentialAction\":[{\"@type\":\"SearchAction\",\"target\":{\"@type\":\"EntryPoint\",\"urlTemplate\":\"https:\/\/wpguerssen-test.odoo.rgbconsulting.com\/es\/?s={search_term_string}\"},\"query-input\":{\"@type\":\"PropertyValueSpecification\",\"valueRequired\":true,\"valueName\":\"search_term_string\"}}],\"inLanguage\":\"es\"},{\"@type\":\"Organization\",\"@id\":\"https:\/\/wpguerssen-test.odoo.rgbconsulting.com\/es\/#organization\",\"name\":\"Guerssen records\",\"url\":\"https:\/\/wpguerssen-test.odoo.rgbconsulting.com\/es\/\",\"logo\":{\"@type\":\"ImageObject\",\"inLanguage\":\"es\",\"@id\":\"https:\/\/wpguerssen-test.odoo.rgbconsulting.com\/es\/#\/schema\/logo\/image\/\",\"url\":\"https:\/\/wpguerssen-test.odoo.rgbconsulting.com\/wp-content\/uploads\/2022\/04\/Logo_Guerssen_trans_100.png\",\"contentUrl\":\"https:\/\/wpguerssen-test.odoo.rgbconsulting.com\/wp-content\/uploads\/2022\/04\/Logo_Guerssen_trans_100.png\",\"width\":122,\"height\":100,\"caption\":\"Guerssen records\"},\"image\":{\"@id\":\"https:\/\/wpguerssen-test.odoo.rgbconsulting.com\/es\/#\/schema\/logo\/image\/\"}}]}<\/script>\n<!-- \/ Yoast SEO plugin. -->","yoast_head_json":{"title":"SANULLIM - Vol. 2: Spread Silk On My Heart -  (LP) | Guerssen","description":"Fuzzed out psychedelia of the highest order by Korean legends SANULLIM. #nl# This is their second album, originally released in 1978. It opens with the incredible title track, featuring an extended noisy fuzz guitar intro and which would become one of their most famous songs, especially live. The Kim brothers also dwell into abrasive garage-psych (\"Let's Sing\") melancholic fuzz ballads (\"A Flower Blooming In The Haze\") and more! #nl# *Original artwork in hard cardboard sleeve*Sourced from the original masters*Insert with liner notes and rare photos \/ memorabilia #nl# \"...the fuzz pedals were set to an even more intense level of stun than they were on Volume 1...\"- Hugh Dellar (Shindig!) #nl# Tracklist:Side 1: 1. Spread Silk On My Heart - 2. Let's Sing - 3. A Flower Blooming In The Haze - 4. Just The Two Of Us - 5. Like A Sleepy ChildSide 2: 1. Blossom Someday - 2. What Will Happen To Me - 3. This Happiness - 4. Truly Likely So - 5. Leaving My Love","robots":{"index":"index","follow":"follow","max-snippet":"max-snippet:-1","max-image-preview":"max-image-preview:large","max-video-preview":"max-video-preview:-1"},"canonical":"https:\/\/wpguerssen-test.odoo.rgbconsulting.com\/es\/producto\/vol-2-spread-silk-on-my-heart\/","og_locale":"es_ES","og_type":"article","og_title":"SANULLIM - Vol. 2: Spread Silk On My Heart -  (LP) | Guerssen","og_description":"Fuzzed out psychedelia of the highest order by Korean legends SANULLIM. #nl# This is their second album, originally released in 1978. It opens with the incredible title track, featuring an extended noisy fuzz guitar intro and which would become one of their most famous songs, especially live. The Kim brothers also dwell into abrasive garage-psych (\"Let's Sing\") melancholic fuzz ballads (\"A Flower Blooming In The Haze\") and more! #nl# *Original artwork in hard cardboard sleeve*Sourced from the original masters*Insert with liner notes and rare photos \/ memorabilia #nl# \"...the fuzz pedals were set to an even more intense level of stun than they were on Volume 1...\"- Hugh Dellar (Shindig!) #nl# Tracklist:Side 1: 1. Spread Silk On My Heart - 2. Let's Sing - 3. A Flower Blooming In The Haze - 4. Just The Two Of Us - 5. Like A Sleepy ChildSide 2: 1. Blossom Someday - 2. What Will Happen To Me - 3. This Happiness - 4. Truly Likely So - 5. Leaving My Love","og_url":"https:\/\/wpguerssen-test.odoo.rgbconsulting.com\/es\/producto\/vol-2-spread-silk-on-my-heart\/","og_site_name":"Guerssen records","article_modified_time":"2025-04-09T12:06:58+00:00","og_image":[{"width":1400,"height":1400,"url":"https:\/\/wpguerssen-test.odoo.rgbconsulting.com\/wp-content\/uploads\/2024\/01\/45964.jpg","type":"image\/jpeg"}],"twitter_card":"summary_large_image","twitter_title":"SANULLIM - Vol. 2: Spread Silk On My Heart -  (LP) | Guerssen","twitter_misc":{"Tiempo de lectura":"1 minuto"},"schema":{"@context":"https:\/\/schema.org","@graph":[{"@type":"WebPage","@id":"https:\/\/wpguerssen-test.odoo.rgbconsulting.com\/es\/producto\/vol-2-spread-silk-on-my-heart\/","url":"https:\/\/wpguerssen-test.odoo.rgbconsulting.com\/es\/producto\/vol-2-spread-silk-on-my-heart\/","name":"SANULLIM - Vol. 2: Spread Silk On My Heart - (LP) | Guerssen","isPartOf":{"@id":"https:\/\/wpguerssen-test.odoo.rgbconsulting.com\/es\/#website"},"primaryImageOfPage":{"@id":"https:\/\/wpguerssen-test.odoo.rgbconsulting.com\/es\/producto\/vol-2-spread-silk-on-my-heart\/#primaryimage"},"image":{"@id":"https:\/\/wpguerssen-test.odoo.rgbconsulting.com\/es\/producto\/vol-2-spread-silk-on-my-heart\/#primaryimage"},"thumbnailUrl":"https:\/\/wpguerssen-test.odoo.rgbconsulting.com\/wp-content\/uploads\/2024\/01\/45964.jpg","datePublished":"2024-01-29T23:00:00+00:00","dateModified":"2025-04-09T12:06:58+00:00","description":"Fuzzed out psychedelia of the highest order by Korean legends SANULLIM. #nl# This is their second album, originally released in 1978. It opens with the incredible title track, featuring an extended noisy fuzz guitar intro and which would become one of their most famous songs, especially live. The Kim brothers also dwell into abrasive garage-psych (\"Let's Sing\") melancholic fuzz ballads (\"A Flower Blooming In The Haze\") and more! #nl# *Original artwork in hard cardboard sleeve*Sourced from the original masters*Insert with liner notes and rare photos \/ memorabilia #nl# \"...the fuzz pedals were set to an even more intense level of stun than they were on Volume 1...\"- Hugh Dellar (Shindig!) #nl# Tracklist:Side 1: 1. Spread Silk On My Heart - 2. Let's Sing - 3. A Flower Blooming In The Haze - 4. Just The Two Of Us - 5. Like A Sleepy ChildSide 2: 1. Blossom Someday - 2. What Will Happen To Me - 3. This Happiness - 4. Truly Likely So - 5. Leaving My Love","breadcrumb":{"@id":"https:\/\/wpguerssen-test.odoo.rgbconsulting.com\/es\/producto\/vol-2-spread-silk-on-my-heart\/#breadcrumb"},"inLanguage":"es","potentialAction":[{"@type":"ReadAction","target":["https:\/\/wpguerssen-test.odoo.rgbconsulting.com\/es\/producto\/vol-2-spread-silk-on-my-heart\/"]}]},{"@type":"ImageObject","inLanguage":"es","@id":"https:\/\/wpguerssen-test.odoo.rgbconsulting.com\/es\/producto\/vol-2-spread-silk-on-my-heart\/#primaryimage","url":"https:\/\/wpguerssen-test.odoo.rgbconsulting.com\/wp-content\/uploads\/2024\/01\/45964.jpg","contentUrl":"https:\/\/wpguerssen-test.odoo.rgbconsulting.com\/wp-content\/uploads\/2024\/01\/45964.jpg","width":1400,"height":1400},{"@type":"BreadcrumbList","@id":"https:\/\/wpguerssen-test.odoo.rgbconsulting.com\/es\/producto\/vol-2-spread-silk-on-my-heart\/#breadcrumb","itemListElement":[{"@type":"ListItem","position":1,"name":"Inicio","item":"https:\/\/wpguerssen-test.odoo.rgbconsulting.com\/es\/"},{"@type":"ListItem","position":2,"name":"Shop","item":"https:\/\/wpguerssen-test.odoo.rgbconsulting.com\/shop\/"},{"@type":"ListItem","position":3,"name":"Vol. 2: Spread Silk On My Heart"}]},{"@type":"WebSite","@id":"https:\/\/wpguerssen-test.odoo.rgbconsulting.com\/es\/#website","url":"https:\/\/wpguerssen-test.odoo.rgbconsulting.com\/es\/","name":"Guerssen records","description":"psychedelia - progressive - folk - garage ","publisher":{"@id":"https:\/\/wpguerssen-test.odoo.rgbconsulting.com\/es\/#organization"},"potentialAction":[{"@type":"SearchAction","target":{"@type":"EntryPoint","urlTemplate":"https:\/\/wpguerssen-test.odoo.rgbconsulting.com\/es\/?s={search_term_string}"},"query-input":{"@type":"PropertyValueSpecification","valueRequired":true,"valueName":"search_term_string"}}],"inLanguage":"es"},{"@type":"Organization","@id":"https:\/\/wpguerssen-test.odoo.rgbconsulting.com\/es\/#organization","name":"Guerssen records","url":"https:\/\/wpguerssen-test.odoo.rgbconsulting.com\/es\/","logo":{"@type":"ImageObject","inLanguage":"es","@id":"https:\/\/wpguerssen-test.odoo.rgbconsulting.com\/es\/#\/schema\/logo\/image\/","url":"https:\/\/wpguerssen-test.odoo.rgbconsulting.com\/wp-content\/uploads\/2022\/04\/Logo_Guerssen_trans_100.png","contentUrl":"https:\/\/wpguerssen-test.odoo.rgbconsulting.com\/wp-content\/uploads\/2022\/04\/Logo_Guerssen_trans_100.png","width":122,"height":100,"caption":"Guerssen records"},"image":{"@id":"https:\/\/wpguerssen-test.odoo.rgbconsulting.com\/es\/#\/schema\/logo\/image\/"}}]}},"_links":{"self":[{"href":"https:\/\/wpguerssen-test.odoo.rgbconsulting.com\/es\/wp-json\/wp\/v2\/product\/276706","targetHints":{"allow":["GET"]}}],"collection":[{"href":"https:\/\/wpguerssen-test.odoo.rgbconsulting.com\/es\/wp-json\/wp\/v2\/product"}],"about":[{"href":"https:\/\/wpguerssen-test.odoo.rgbconsulting.com\/es\/wp-json\/wp\/v2\/types\/product"}],"wp:featuredmedia":[{"embeddable":true,"href":"https:\/\/wpguerssen-test.odoo.rgbconsulting.com\/es\/wp-json\/wp\/v2\/media\/249894"}],"wp:attachment":[{"href":"https:\/\/wpguerssen-test.odoo.rgbconsulting.com\/es\/wp-json\/wp\/v2\/media?parent=276706"}],"wp:term":[{"taxonomy":"product_brand","embeddable":true,"href":"https:\/\/wpguerssen-test.odoo.rgbconsulting.com\/es\/wp-json\/wp\/v2\/product_brand?post=276706"},{"taxonomy":"product_cat","embeddable":true,"href":"https:\/\/wpguerssen-test.odoo.rgbconsulting.com\/es\/wp-json\/wp\/v2\/product_cat?post=276706"},{"taxonomy":"product_tag","embeddable":true,"href":"https:\/\/wpguerssen-test.odoo.rgbconsulting.com\/es\/wp-json\/wp\/v2\/product_tag?post=276706"}],"curies":[{"name":"wp","href":"https:\/\/api.w.org\/{rel}","templated":true}]}}