{"id":276931,"date":"2024-10-28T00:00:00","date_gmt":"2024-10-27T23:00:00","guid":{"rendered":"https:\/\/wpguerssen-test.odoo.rgbconsulting.com\/product\/ultradisco\/"},"modified":"2025-01-30T17:12:00","modified_gmt":"2025-01-30T16:12:00","slug":"ultradisco","status":"publish","type":"product","link":"https:\/\/wpguerssen-test.odoo.rgbconsulting.com\/es\/producto\/ultradisco\/","title":{"rendered":"Ultradisco"},"content":{"rendered":"<p>Despu\u00e9s del sorprendente debut con &#8216;Monochromic&#8217;, Milano 84, el proyecto musical de Fabio Di Ranno y Fabio Fraschini, regresa con un nuevo \u00e1lbum que enfoca a\u00fan m\u00e1s la f\u00f3rmula. Synth pop, new wave, Italo disco adquieren una dimensi\u00f3n contempor\u00e1nea y un sabor internacional.<br \/>&#8216;Ultradisco&#8217; re\u00fane once temas, algunos en ingl\u00e9s, otros en italiano. Son canciones para la pista de baile, emotivas y rom\u00e1nticas, elegantemente alejadas de lo obvio. Los compa\u00f1eros de viaje de Milan 84 incluyen, entre otros: Johnson Righeira, aqu\u00ed en la reinterpretaci\u00f3n futurista de un cl\u00e1sico de Franco Battiato (Verano en una playa solitaria); Anita Dad\u00e0 -conocida artista de vanguardia- est\u00e1 junto a Fabrizio Massara (Baustelle) en la l\u00e1nguida e intensa &#8216;Darling&#8217;; Andy (Bluvertigo) y Alice Silvestrini (Laison) iluminan el prism\u00e1tico &#8216;Crystal&#8217;; Anna Soares &#8211; int\u00e9rprete revolucionaria &#8211; y Eugene &#8211; compositor de electro &#8211; colorean &#8216;Italopop&#8217;, un manifiesto compuesto de citas sobre escote; Fred Ventura enciende los motores de la nueva ola que viene con &#8216;The rightwords&#8217;. Y tambi\u00e9n es supervisor art\u00edstico de este \u00e1lbum imperdible para todos los amantes de los 80, la d\u00e9cada que nunca termin\u00f3.<\/p>\n","protected":false},"excerpt":{"rendered":"<p>Despu\u00e9s del sorprendente debut con &#8216;Monochromic&#8217;, Milano 84, el proyecto musical de Fabio Di Ranno y Fabio Fraschini, regresa con un nuevo \u00e1lbum que<a class=\"read\" href=\"https:\/\/wpguerssen-test.odoo.rgbconsulting.com\/es\/producto\/ultradisco\/\"> (...)<\/a>","protected":false},"featured_media":276896,"template":"","meta":{"_acf_changed":false},"product_brand":[],"product_cat":[23265],"product_tag":[],"class_list":{"0":"post-276931","1":"product","2":"type-product","3":"status-publish","4":"has-post-thumbnail","6":"product_cat-disco-cosmic-italo-es","7":"pa_artist-milano-84","8":"pa_format-lp-es","9":"pa_gender-disco-cosmic-italo","10":"pa_label-spittle-dependance","11":"pa_location-europe-es","12":"pa_other-filters-vinyl-only-es","14":"first","15":"instock","16":"taxable","17":"shipping-taxable","18":"purchasable","19":"product-type-simple"},"acf":[],"yoast_head":"<!-- This site is optimized with the Yoast SEO plugin v24.9 - https:\/\/yoast.com\/wordpress\/plugins\/seo\/ -->\n<title>MILANO 84 - Ultradisco -  (LP) | Guerssen<\/title>\n<meta name=\"description\" content=\"After the surprising debut with &#039;Monochromatic&#039;, Milano 84 - the musical project of Fabio Di Ranno and Fabio Fraschini - returns with a new album that brings the formula into even sharper focus. Synth pop, new wave, Italo disco acquire a contemporary dimension and an international flavour.&#039;Ultradisco&#039; brings together eleven tracks, some in English, others in Italian. They are velvet dancefloor songs, emotional and romantic, elegantly distant from the obvious. Milan 84&#039;s fellow travellers include, among others: Johnson Righeira, here in the futurist reinterpretation of a Franco Battiato classic (Summer on a solitary beach); Anita Dad\u00e0 - a well-known avant-garde artist - is with Fabrizio Massara (Baustelle) in the languid and intense &#039;Darling&#039;; Andy (Bluvertigo) and Alice Silvestrini (Laison) illuminate the prismatic &#039;Crystal&#039;; Anna Soares - a revolutionary performer - and Eugene - electro songwriter - colour &#039;Italopop&#039;, a manifesto made up of d\u00e9collage quotations; Fred Ventura ignites the engines of the new wave to come with &#039;The right words&#039;. And he is also artistic supervisor of this unmissable album for all lovers of the 80s, the decade that never ended.\" \/>\n<meta name=\"robots\" content=\"index, follow, max-snippet:-1, max-image-preview:large, max-video-preview:-1\" \/>\n<link rel=\"canonical\" href=\"https:\/\/wpguerssen-test.odoo.rgbconsulting.com\/es\/producto\/ultradisco\/\" \/>\n<meta property=\"og:locale\" content=\"es_ES\" \/>\n<meta property=\"og:type\" content=\"article\" \/>\n<meta property=\"og:title\" content=\"MILANO 84 - Ultradisco -  (LP) | Guerssen\" \/>\n<meta property=\"og:description\" content=\"After the surprising debut with &#039;Monochromatic&#039;, Milano 84 - the musical project of Fabio Di Ranno and Fabio Fraschini - returns with a new album that brings the formula into even sharper focus. Synth pop, new wave, Italo disco acquire a contemporary dimension and an international flavour.&#039;Ultradisco&#039; brings together eleven tracks, some in English, others in Italian. They are velvet dancefloor songs, emotional and romantic, elegantly distant from the obvious. Milan 84&#039;s fellow travellers include, among others: Johnson Righeira, here in the futurist reinterpretation of a Franco Battiato classic (Summer on a solitary beach); Anita Dad\u00e0 - a well-known avant-garde artist - is with Fabrizio Massara (Baustelle) in the languid and intense &#039;Darling&#039;; Andy (Bluvertigo) and Alice Silvestrini (Laison) illuminate the prismatic &#039;Crystal&#039;; Anna Soares - a revolutionary performer - and Eugene - electro songwriter - colour &#039;Italopop&#039;, a manifesto made up of d\u00e9collage quotations; Fred Ventura ignites the engines of the new wave to come with &#039;The right words&#039;. And he is also artistic supervisor of this unmissable album for all lovers of the 80s, the decade that never ended.\" \/>\n<meta property=\"og:url\" content=\"https:\/\/wpguerssen-test.odoo.rgbconsulting.com\/es\/producto\/ultradisco\/\" \/>\n<meta property=\"og:site_name\" content=\"Guerssen records\" \/>\n<meta property=\"article:modified_time\" content=\"2025-01-30T16:12:00+00:00\" \/>\n<meta property=\"og:image\" content=\"https:\/\/wpguerssen-test.odoo.rgbconsulting.com\/wp-content\/uploads\/2024\/10\/48920.jpg\" \/>\n\t<meta property=\"og:image:width\" content=\"1400\" \/>\n\t<meta property=\"og:image:height\" content=\"1400\" \/>\n\t<meta property=\"og:image:type\" content=\"image\/png\" \/>\n<meta name=\"twitter:card\" content=\"summary_large_image\" \/>\n<meta name=\"twitter:title\" content=\"MILANO 84 - Ultradisco -  (LP) | Guerssen\" \/>\n<meta name=\"twitter:label1\" content=\"Tiempo de lectura\" \/>\n\t<meta name=\"twitter:data1\" content=\"1 minuto\" \/>\n<script type=\"application\/ld+json\" class=\"yoast-schema-graph\">{\"@context\":\"https:\/\/schema.org\",\"@graph\":[{\"@type\":\"WebPage\",\"@id\":\"https:\/\/wpguerssen-test.odoo.rgbconsulting.com\/es\/producto\/ultradisco\/\",\"url\":\"https:\/\/wpguerssen-test.odoo.rgbconsulting.com\/es\/producto\/ultradisco\/\",\"name\":\"MILANO 84 - Ultradisco - (LP) | Guerssen\",\"isPartOf\":{\"@id\":\"https:\/\/wpguerssen-test.odoo.rgbconsulting.com\/es\/#website\"},\"primaryImageOfPage\":{\"@id\":\"https:\/\/wpguerssen-test.odoo.rgbconsulting.com\/es\/producto\/ultradisco\/#primaryimage\"},\"image\":{\"@id\":\"https:\/\/wpguerssen-test.odoo.rgbconsulting.com\/es\/producto\/ultradisco\/#primaryimage\"},\"thumbnailUrl\":\"https:\/\/wpguerssen-test.odoo.rgbconsulting.com\/wp-content\/uploads\/2024\/10\/48920.jpg\",\"datePublished\":\"2024-10-27T23:00:00+00:00\",\"dateModified\":\"2025-01-30T16:12:00+00:00\",\"description\":\"After the surprising debut with 'Monochromatic', Milano 84 - the musical project of Fabio Di Ranno and Fabio Fraschini - returns with a new album that brings the formula into even sharper focus. Synth pop, new wave, Italo disco acquire a contemporary dimension and an international flavour.'Ultradisco' brings together eleven tracks, some in English, others in Italian. They are velvet dancefloor songs, emotional and romantic, elegantly distant from the obvious. Milan 84's fellow travellers include, among others: Johnson Righeira, here in the futurist reinterpretation of a Franco Battiato classic (Summer on a solitary beach); Anita Dad\u00e0 - a well-known avant-garde artist - is with Fabrizio Massara (Baustelle) in the languid and intense 'Darling'; Andy (Bluvertigo) and Alice Silvestrini (Laison) illuminate the prismatic 'Crystal'; Anna Soares - a revolutionary performer - and Eugene - electro songwriter - colour 'Italopop', a manifesto made up of d\u00e9collage quotations; Fred Ventura ignites the engines of the new wave to come with 'The right words'. And he is also artistic supervisor of this unmissable album for all lovers of the 80s, the decade that never ended.\",\"breadcrumb\":{\"@id\":\"https:\/\/wpguerssen-test.odoo.rgbconsulting.com\/es\/producto\/ultradisco\/#breadcrumb\"},\"inLanguage\":\"es\",\"potentialAction\":[{\"@type\":\"ReadAction\",\"target\":[\"https:\/\/wpguerssen-test.odoo.rgbconsulting.com\/es\/producto\/ultradisco\/\"]}]},{\"@type\":\"ImageObject\",\"inLanguage\":\"es\",\"@id\":\"https:\/\/wpguerssen-test.odoo.rgbconsulting.com\/es\/producto\/ultradisco\/#primaryimage\",\"url\":\"https:\/\/wpguerssen-test.odoo.rgbconsulting.com\/wp-content\/uploads\/2024\/10\/48920.jpg\",\"contentUrl\":\"https:\/\/wpguerssen-test.odoo.rgbconsulting.com\/wp-content\/uploads\/2024\/10\/48920.jpg\",\"width\":1400,\"height\":1400},{\"@type\":\"BreadcrumbList\",\"@id\":\"https:\/\/wpguerssen-test.odoo.rgbconsulting.com\/es\/producto\/ultradisco\/#breadcrumb\",\"itemListElement\":[{\"@type\":\"ListItem\",\"position\":1,\"name\":\"Inicio\",\"item\":\"https:\/\/wpguerssen-test.odoo.rgbconsulting.com\/es\/\"},{\"@type\":\"ListItem\",\"position\":2,\"name\":\"Shop\",\"item\":\"https:\/\/wpguerssen-test.odoo.rgbconsulting.com\/shop\/\"},{\"@type\":\"ListItem\",\"position\":3,\"name\":\"Ultradisco\"}]},{\"@type\":\"WebSite\",\"@id\":\"https:\/\/wpguerssen-test.odoo.rgbconsulting.com\/es\/#website\",\"url\":\"https:\/\/wpguerssen-test.odoo.rgbconsulting.com\/es\/\",\"name\":\"Guerssen records\",\"description\":\"psychedelia - progressive - folk - garage \",\"publisher\":{\"@id\":\"https:\/\/wpguerssen-test.odoo.rgbconsulting.com\/es\/#organization\"},\"potentialAction\":[{\"@type\":\"SearchAction\",\"target\":{\"@type\":\"EntryPoint\",\"urlTemplate\":\"https:\/\/wpguerssen-test.odoo.rgbconsulting.com\/es\/?s={search_term_string}\"},\"query-input\":{\"@type\":\"PropertyValueSpecification\",\"valueRequired\":true,\"valueName\":\"search_term_string\"}}],\"inLanguage\":\"es\"},{\"@type\":\"Organization\",\"@id\":\"https:\/\/wpguerssen-test.odoo.rgbconsulting.com\/es\/#organization\",\"name\":\"Guerssen records\",\"url\":\"https:\/\/wpguerssen-test.odoo.rgbconsulting.com\/es\/\",\"logo\":{\"@type\":\"ImageObject\",\"inLanguage\":\"es\",\"@id\":\"https:\/\/wpguerssen-test.odoo.rgbconsulting.com\/es\/#\/schema\/logo\/image\/\",\"url\":\"https:\/\/wpguerssen-test.odoo.rgbconsulting.com\/wp-content\/uploads\/2022\/04\/Logo_Guerssen_trans_100.png\",\"contentUrl\":\"https:\/\/wpguerssen-test.odoo.rgbconsulting.com\/wp-content\/uploads\/2022\/04\/Logo_Guerssen_trans_100.png\",\"width\":122,\"height\":100,\"caption\":\"Guerssen records\"},\"image\":{\"@id\":\"https:\/\/wpguerssen-test.odoo.rgbconsulting.com\/es\/#\/schema\/logo\/image\/\"}}]}<\/script>\n<!-- \/ Yoast SEO plugin. -->","yoast_head_json":{"title":"MILANO 84 - Ultradisco -  (LP) | Guerssen","description":"After the surprising debut with 'Monochromatic', Milano 84 - the musical project of Fabio Di Ranno and Fabio Fraschini - returns with a new album that brings the formula into even sharper focus. Synth pop, new wave, Italo disco acquire a contemporary dimension and an international flavour.'Ultradisco' brings together eleven tracks, some in English, others in Italian. They are velvet dancefloor songs, emotional and romantic, elegantly distant from the obvious. Milan 84's fellow travellers include, among others: Johnson Righeira, here in the futurist reinterpretation of a Franco Battiato classic (Summer on a solitary beach); Anita Dad\u00e0 - a well-known avant-garde artist - is with Fabrizio Massara (Baustelle) in the languid and intense 'Darling'; Andy (Bluvertigo) and Alice Silvestrini (Laison) illuminate the prismatic 'Crystal'; Anna Soares - a revolutionary performer - and Eugene - electro songwriter - colour 'Italopop', a manifesto made up of d\u00e9collage quotations; Fred Ventura ignites the engines of the new wave to come with 'The right words'. And he is also artistic supervisor of this unmissable album for all lovers of the 80s, the decade that never ended.","robots":{"index":"index","follow":"follow","max-snippet":"max-snippet:-1","max-image-preview":"max-image-preview:large","max-video-preview":"max-video-preview:-1"},"canonical":"https:\/\/wpguerssen-test.odoo.rgbconsulting.com\/es\/producto\/ultradisco\/","og_locale":"es_ES","og_type":"article","og_title":"MILANO 84 - Ultradisco -  (LP) | Guerssen","og_description":"After the surprising debut with 'Monochromatic', Milano 84 - the musical project of Fabio Di Ranno and Fabio Fraschini - returns with a new album that brings the formula into even sharper focus. Synth pop, new wave, Italo disco acquire a contemporary dimension and an international flavour.'Ultradisco' brings together eleven tracks, some in English, others in Italian. They are velvet dancefloor songs, emotional and romantic, elegantly distant from the obvious. Milan 84's fellow travellers include, among others: Johnson Righeira, here in the futurist reinterpretation of a Franco Battiato classic (Summer on a solitary beach); Anita Dad\u00e0 - a well-known avant-garde artist - is with Fabrizio Massara (Baustelle) in the languid and intense 'Darling'; Andy (Bluvertigo) and Alice Silvestrini (Laison) illuminate the prismatic 'Crystal'; Anna Soares - a revolutionary performer - and Eugene - electro songwriter - colour 'Italopop', a manifesto made up of d\u00e9collage quotations; Fred Ventura ignites the engines of the new wave to come with 'The right words'. And he is also artistic supervisor of this unmissable album for all lovers of the 80s, the decade that never ended.","og_url":"https:\/\/wpguerssen-test.odoo.rgbconsulting.com\/es\/producto\/ultradisco\/","og_site_name":"Guerssen records","article_modified_time":"2025-01-30T16:12:00+00:00","og_image":[{"width":1400,"height":1400,"url":"https:\/\/wpguerssen-test.odoo.rgbconsulting.com\/wp-content\/uploads\/2024\/10\/48920.jpg","type":"image\/png"}],"twitter_card":"summary_large_image","twitter_title":"MILANO 84 - Ultradisco -  (LP) | Guerssen","twitter_misc":{"Tiempo de lectura":"1 minuto"},"schema":{"@context":"https:\/\/schema.org","@graph":[{"@type":"WebPage","@id":"https:\/\/wpguerssen-test.odoo.rgbconsulting.com\/es\/producto\/ultradisco\/","url":"https:\/\/wpguerssen-test.odoo.rgbconsulting.com\/es\/producto\/ultradisco\/","name":"MILANO 84 - Ultradisco - (LP) | Guerssen","isPartOf":{"@id":"https:\/\/wpguerssen-test.odoo.rgbconsulting.com\/es\/#website"},"primaryImageOfPage":{"@id":"https:\/\/wpguerssen-test.odoo.rgbconsulting.com\/es\/producto\/ultradisco\/#primaryimage"},"image":{"@id":"https:\/\/wpguerssen-test.odoo.rgbconsulting.com\/es\/producto\/ultradisco\/#primaryimage"},"thumbnailUrl":"https:\/\/wpguerssen-test.odoo.rgbconsulting.com\/wp-content\/uploads\/2024\/10\/48920.jpg","datePublished":"2024-10-27T23:00:00+00:00","dateModified":"2025-01-30T16:12:00+00:00","description":"After the surprising debut with 'Monochromatic', Milano 84 - the musical project of Fabio Di Ranno and Fabio Fraschini - returns with a new album that brings the formula into even sharper focus. Synth pop, new wave, Italo disco acquire a contemporary dimension and an international flavour.'Ultradisco' brings together eleven tracks, some in English, others in Italian. They are velvet dancefloor songs, emotional and romantic, elegantly distant from the obvious. Milan 84's fellow travellers include, among others: Johnson Righeira, here in the futurist reinterpretation of a Franco Battiato classic (Summer on a solitary beach); Anita Dad\u00e0 - a well-known avant-garde artist - is with Fabrizio Massara (Baustelle) in the languid and intense 'Darling'; Andy (Bluvertigo) and Alice Silvestrini (Laison) illuminate the prismatic 'Crystal'; Anna Soares - a revolutionary performer - and Eugene - electro songwriter - colour 'Italopop', a manifesto made up of d\u00e9collage quotations; Fred Ventura ignites the engines of the new wave to come with 'The right words'. And he is also artistic supervisor of this unmissable album for all lovers of the 80s, the decade that never ended.","breadcrumb":{"@id":"https:\/\/wpguerssen-test.odoo.rgbconsulting.com\/es\/producto\/ultradisco\/#breadcrumb"},"inLanguage":"es","potentialAction":[{"@type":"ReadAction","target":["https:\/\/wpguerssen-test.odoo.rgbconsulting.com\/es\/producto\/ultradisco\/"]}]},{"@type":"ImageObject","inLanguage":"es","@id":"https:\/\/wpguerssen-test.odoo.rgbconsulting.com\/es\/producto\/ultradisco\/#primaryimage","url":"https:\/\/wpguerssen-test.odoo.rgbconsulting.com\/wp-content\/uploads\/2024\/10\/48920.jpg","contentUrl":"https:\/\/wpguerssen-test.odoo.rgbconsulting.com\/wp-content\/uploads\/2024\/10\/48920.jpg","width":1400,"height":1400},{"@type":"BreadcrumbList","@id":"https:\/\/wpguerssen-test.odoo.rgbconsulting.com\/es\/producto\/ultradisco\/#breadcrumb","itemListElement":[{"@type":"ListItem","position":1,"name":"Inicio","item":"https:\/\/wpguerssen-test.odoo.rgbconsulting.com\/es\/"},{"@type":"ListItem","position":2,"name":"Shop","item":"https:\/\/wpguerssen-test.odoo.rgbconsulting.com\/shop\/"},{"@type":"ListItem","position":3,"name":"Ultradisco"}]},{"@type":"WebSite","@id":"https:\/\/wpguerssen-test.odoo.rgbconsulting.com\/es\/#website","url":"https:\/\/wpguerssen-test.odoo.rgbconsulting.com\/es\/","name":"Guerssen records","description":"psychedelia - progressive - folk - garage ","publisher":{"@id":"https:\/\/wpguerssen-test.odoo.rgbconsulting.com\/es\/#organization"},"potentialAction":[{"@type":"SearchAction","target":{"@type":"EntryPoint","urlTemplate":"https:\/\/wpguerssen-test.odoo.rgbconsulting.com\/es\/?s={search_term_string}"},"query-input":{"@type":"PropertyValueSpecification","valueRequired":true,"valueName":"search_term_string"}}],"inLanguage":"es"},{"@type":"Organization","@id":"https:\/\/wpguerssen-test.odoo.rgbconsulting.com\/es\/#organization","name":"Guerssen records","url":"https:\/\/wpguerssen-test.odoo.rgbconsulting.com\/es\/","logo":{"@type":"ImageObject","inLanguage":"es","@id":"https:\/\/wpguerssen-test.odoo.rgbconsulting.com\/es\/#\/schema\/logo\/image\/","url":"https:\/\/wpguerssen-test.odoo.rgbconsulting.com\/wp-content\/uploads\/2022\/04\/Logo_Guerssen_trans_100.png","contentUrl":"https:\/\/wpguerssen-test.odoo.rgbconsulting.com\/wp-content\/uploads\/2022\/04\/Logo_Guerssen_trans_100.png","width":122,"height":100,"caption":"Guerssen records"},"image":{"@id":"https:\/\/wpguerssen-test.odoo.rgbconsulting.com\/es\/#\/schema\/logo\/image\/"}}]}},"_links":{"self":[{"href":"https:\/\/wpguerssen-test.odoo.rgbconsulting.com\/es\/wp-json\/wp\/v2\/product\/276931","targetHints":{"allow":["GET"]}}],"collection":[{"href":"https:\/\/wpguerssen-test.odoo.rgbconsulting.com\/es\/wp-json\/wp\/v2\/product"}],"about":[{"href":"https:\/\/wpguerssen-test.odoo.rgbconsulting.com\/es\/wp-json\/wp\/v2\/types\/product"}],"wp:featuredmedia":[{"embeddable":true,"href":"https:\/\/wpguerssen-test.odoo.rgbconsulting.com\/es\/wp-json\/wp\/v2\/media\/276896"}],"wp:attachment":[{"href":"https:\/\/wpguerssen-test.odoo.rgbconsulting.com\/es\/wp-json\/wp\/v2\/media?parent=276931"}],"wp:term":[{"taxonomy":"product_brand","embeddable":true,"href":"https:\/\/wpguerssen-test.odoo.rgbconsulting.com\/es\/wp-json\/wp\/v2\/product_brand?post=276931"},{"taxonomy":"product_cat","embeddable":true,"href":"https:\/\/wpguerssen-test.odoo.rgbconsulting.com\/es\/wp-json\/wp\/v2\/product_cat?post=276931"},{"taxonomy":"product_tag","embeddable":true,"href":"https:\/\/wpguerssen-test.odoo.rgbconsulting.com\/es\/wp-json\/wp\/v2\/product_tag?post=276931"}],"curies":[{"name":"wp","href":"https:\/\/api.w.org\/{rel}","templated":true}]}}