{"id":277029,"date":"2023-05-18T00:00:00","date_gmt":"2023-05-17T22:00:00","guid":{"rendered":"https:\/\/wpguerssen-test.odoo.rgbconsulting.com\/product\/five-day-rain\/"},"modified":"2025-03-31T18:41:25","modified_gmt":"2025-03-31T16:41:25","slug":"five-day-rain","status":"publish","type":"product","link":"https:\/\/wpguerssen-test.odoo.rgbconsulting.com\/es\/producto\/five-day-rain\/","title":{"rendered":"Five day rain"},"content":{"rendered":"<p>El enigm\u00e1tico grupo proto-progresivo psicod\u00e9lico Five Day Rain fue formado en Sussex a fines de la d\u00e9cada de 1960 por el guitarrista Rick Sharpe y el bajista Clive Shepherd de Iron Prophet, y el teclista Graham Maitland, quien hab\u00eda estado en Les Fleur Des Lys con Bryn Haworth, y cuyo hermano Kim se uni\u00f3 a la bateria.<\/p>\n","protected":false},"excerpt":{"rendered":"<p>El enigm\u00e1tico grupo proto-progresivo psicod\u00e9lico Five Day Rain fue formado en Sussex a fines de la d\u00e9cada de 1960 por el guitarrista Rick Sharpe y el bajista Clive<a class=\"read\" href=\"https:\/\/wpguerssen-test.odoo.rgbconsulting.com\/es\/producto\/five-day-rain\/\"> (...)<\/a>","protected":false},"featured_media":230577,"template":"","meta":{"_acf_changed":false},"product_brand":[],"product_cat":[21639,23215],"product_tag":[24190],"class_list":{"0":"post-277029","1":"product","2":"type-product","3":"status-publish","4":"has-post-thumbnail","6":"product_cat-psychedelic60s-70s-es","7":"product_cat-progressive60s-70s-es","8":"product_tag-sales-es","9":"pa_artist-five-day-rain","10":"pa_format-lp-es","11":"pa_gender-psychedelic60s-70s-progressive60s-70s","12":"pa_label-trading-places","13":"pa_location-uk-ireland-es","14":"pa_other-filters-vinyl-only-es","16":"first","17":"instock","18":"taxable","19":"shipping-taxable","20":"purchasable","21":"product-type-simple"},"acf":[],"yoast_head":"<!-- This site is optimized with the Yoast SEO plugin v24.9 - https:\/\/yoast.com\/wordpress\/plugins\/seo\/ -->\n<title>FIVE DAY RAIN - Five day rain -  (LP) | Guerssen<\/title>\n<meta name=\"description\" content=\"Enigmatic psychedelic proto-prog act Five Day Rain was formed in Sussex in the late 1960s by guitarist Rick Sharpe and bassist Clive Shepherd of Iron Prophet, and keyboardist Graham Maitland, who had been in Les Fleur Des Lys with Bryn Haworth, whose brother Kim joined on drums. This mythic self-titled debut has pop harmonies from all 3 members of America in places, the prog spiced with shades of blues, but somehow only 15 acetates were cut before a dispute quashed the project. This lost gem is as unique as it is rare, prefacing Procol Harum, Elton John and Styx in equal measure; grab it and be blown away by the musical complexity.\" \/>\n<meta name=\"robots\" content=\"index, follow, max-snippet:-1, max-image-preview:large, max-video-preview:-1\" \/>\n<link rel=\"canonical\" href=\"https:\/\/wpguerssen-test.odoo.rgbconsulting.com\/es\/producto\/five-day-rain\/\" \/>\n<meta property=\"og:locale\" content=\"es_ES\" \/>\n<meta property=\"og:type\" content=\"article\" \/>\n<meta property=\"og:title\" content=\"FIVE DAY RAIN - Five day rain -  (LP) | Guerssen\" \/>\n<meta property=\"og:description\" content=\"Enigmatic psychedelic proto-prog act Five Day Rain was formed in Sussex in the late 1960s by guitarist Rick Sharpe and bassist Clive Shepherd of Iron Prophet, and keyboardist Graham Maitland, who had been in Les Fleur Des Lys with Bryn Haworth, whose brother Kim joined on drums. This mythic self-titled debut has pop harmonies from all 3 members of America in places, the prog spiced with shades of blues, but somehow only 15 acetates were cut before a dispute quashed the project. This lost gem is as unique as it is rare, prefacing Procol Harum, Elton John and Styx in equal measure; grab it and be blown away by the musical complexity.\" \/>\n<meta property=\"og:url\" content=\"https:\/\/wpguerssen-test.odoo.rgbconsulting.com\/es\/producto\/five-day-rain\/\" \/>\n<meta property=\"og:site_name\" content=\"Guerssen records\" \/>\n<meta property=\"article:modified_time\" content=\"2025-03-31T16:41:25+00:00\" \/>\n<meta property=\"og:image\" content=\"https:\/\/wpguerssen-test.odoo.rgbconsulting.com\/wp-content\/uploads\/2023\/04\/43310.jpg\" \/>\n\t<meta property=\"og:image:width\" content=\"945\" \/>\n\t<meta property=\"og:image:height\" content=\"946\" \/>\n\t<meta property=\"og:image:type\" content=\"image\/jpeg\" \/>\n<meta name=\"twitter:card\" content=\"summary_large_image\" \/>\n<meta name=\"twitter:title\" content=\"FIVE DAY RAIN - Five day rain -  (LP) | Guerssen\" \/>\n<script type=\"application\/ld+json\" class=\"yoast-schema-graph\">{\"@context\":\"https:\/\/schema.org\",\"@graph\":[{\"@type\":\"WebPage\",\"@id\":\"https:\/\/wpguerssen-test.odoo.rgbconsulting.com\/es\/producto\/five-day-rain\/\",\"url\":\"https:\/\/wpguerssen-test.odoo.rgbconsulting.com\/es\/producto\/five-day-rain\/\",\"name\":\"FIVE DAY RAIN - Five day rain - (LP) | Guerssen\",\"isPartOf\":{\"@id\":\"https:\/\/wpguerssen-test.odoo.rgbconsulting.com\/es\/#website\"},\"primaryImageOfPage\":{\"@id\":\"https:\/\/wpguerssen-test.odoo.rgbconsulting.com\/es\/producto\/five-day-rain\/#primaryimage\"},\"image\":{\"@id\":\"https:\/\/wpguerssen-test.odoo.rgbconsulting.com\/es\/producto\/five-day-rain\/#primaryimage\"},\"thumbnailUrl\":\"https:\/\/wpguerssen-test.odoo.rgbconsulting.com\/wp-content\/uploads\/2023\/04\/43310.jpg\",\"datePublished\":\"2023-05-17T22:00:00+00:00\",\"dateModified\":\"2025-03-31T16:41:25+00:00\",\"description\":\"Enigmatic psychedelic proto-prog act Five Day Rain was formed in Sussex in the late 1960s by guitarist Rick Sharpe and bassist Clive Shepherd of Iron Prophet, and keyboardist Graham Maitland, who had been in Les Fleur Des Lys with Bryn Haworth, whose brother Kim joined on drums. This mythic self-titled debut has pop harmonies from all 3 members of America in places, the prog spiced with shades of blues, but somehow only 15 acetates were cut before a dispute quashed the project. This lost gem is as unique as it is rare, prefacing Procol Harum, Elton John and Styx in equal measure; grab it and be blown away by the musical complexity.\",\"breadcrumb\":{\"@id\":\"https:\/\/wpguerssen-test.odoo.rgbconsulting.com\/es\/producto\/five-day-rain\/#breadcrumb\"},\"inLanguage\":\"es\",\"potentialAction\":[{\"@type\":\"ReadAction\",\"target\":[\"https:\/\/wpguerssen-test.odoo.rgbconsulting.com\/es\/producto\/five-day-rain\/\"]}]},{\"@type\":\"ImageObject\",\"inLanguage\":\"es\",\"@id\":\"https:\/\/wpguerssen-test.odoo.rgbconsulting.com\/es\/producto\/five-day-rain\/#primaryimage\",\"url\":\"https:\/\/wpguerssen-test.odoo.rgbconsulting.com\/wp-content\/uploads\/2023\/04\/43310.jpg\",\"contentUrl\":\"https:\/\/wpguerssen-test.odoo.rgbconsulting.com\/wp-content\/uploads\/2023\/04\/43310.jpg\",\"width\":945,\"height\":946},{\"@type\":\"BreadcrumbList\",\"@id\":\"https:\/\/wpguerssen-test.odoo.rgbconsulting.com\/es\/producto\/five-day-rain\/#breadcrumb\",\"itemListElement\":[{\"@type\":\"ListItem\",\"position\":1,\"name\":\"Inicio\",\"item\":\"https:\/\/wpguerssen-test.odoo.rgbconsulting.com\/es\/\"},{\"@type\":\"ListItem\",\"position\":2,\"name\":\"Shop\",\"item\":\"https:\/\/wpguerssen-test.odoo.rgbconsulting.com\/shop\/\"},{\"@type\":\"ListItem\",\"position\":3,\"name\":\"Five day rain\"}]},{\"@type\":\"WebSite\",\"@id\":\"https:\/\/wpguerssen-test.odoo.rgbconsulting.com\/es\/#website\",\"url\":\"https:\/\/wpguerssen-test.odoo.rgbconsulting.com\/es\/\",\"name\":\"Guerssen records\",\"description\":\"psychedelia - progressive - folk - garage \",\"publisher\":{\"@id\":\"https:\/\/wpguerssen-test.odoo.rgbconsulting.com\/es\/#organization\"},\"potentialAction\":[{\"@type\":\"SearchAction\",\"target\":{\"@type\":\"EntryPoint\",\"urlTemplate\":\"https:\/\/wpguerssen-test.odoo.rgbconsulting.com\/es\/?s={search_term_string}\"},\"query-input\":{\"@type\":\"PropertyValueSpecification\",\"valueRequired\":true,\"valueName\":\"search_term_string\"}}],\"inLanguage\":\"es\"},{\"@type\":\"Organization\",\"@id\":\"https:\/\/wpguerssen-test.odoo.rgbconsulting.com\/es\/#organization\",\"name\":\"Guerssen records\",\"url\":\"https:\/\/wpguerssen-test.odoo.rgbconsulting.com\/es\/\",\"logo\":{\"@type\":\"ImageObject\",\"inLanguage\":\"es\",\"@id\":\"https:\/\/wpguerssen-test.odoo.rgbconsulting.com\/es\/#\/schema\/logo\/image\/\",\"url\":\"https:\/\/wpguerssen-test.odoo.rgbconsulting.com\/wp-content\/uploads\/2022\/04\/Logo_Guerssen_trans_100.png\",\"contentUrl\":\"https:\/\/wpguerssen-test.odoo.rgbconsulting.com\/wp-content\/uploads\/2022\/04\/Logo_Guerssen_trans_100.png\",\"width\":122,\"height\":100,\"caption\":\"Guerssen records\"},\"image\":{\"@id\":\"https:\/\/wpguerssen-test.odoo.rgbconsulting.com\/es\/#\/schema\/logo\/image\/\"}}]}<\/script>\n<!-- \/ Yoast SEO plugin. -->","yoast_head_json":{"title":"FIVE DAY RAIN - Five day rain -  (LP) | Guerssen","description":"Enigmatic psychedelic proto-prog act Five Day Rain was formed in Sussex in the late 1960s by guitarist Rick Sharpe and bassist Clive Shepherd of Iron Prophet, and keyboardist Graham Maitland, who had been in Les Fleur Des Lys with Bryn Haworth, whose brother Kim joined on drums. This mythic self-titled debut has pop harmonies from all 3 members of America in places, the prog spiced with shades of blues, but somehow only 15 acetates were cut before a dispute quashed the project. This lost gem is as unique as it is rare, prefacing Procol Harum, Elton John and Styx in equal measure; grab it and be blown away by the musical complexity.","robots":{"index":"index","follow":"follow","max-snippet":"max-snippet:-1","max-image-preview":"max-image-preview:large","max-video-preview":"max-video-preview:-1"},"canonical":"https:\/\/wpguerssen-test.odoo.rgbconsulting.com\/es\/producto\/five-day-rain\/","og_locale":"es_ES","og_type":"article","og_title":"FIVE DAY RAIN - Five day rain -  (LP) | Guerssen","og_description":"Enigmatic psychedelic proto-prog act Five Day Rain was formed in Sussex in the late 1960s by guitarist Rick Sharpe and bassist Clive Shepherd of Iron Prophet, and keyboardist Graham Maitland, who had been in Les Fleur Des Lys with Bryn Haworth, whose brother Kim joined on drums. This mythic self-titled debut has pop harmonies from all 3 members of America in places, the prog spiced with shades of blues, but somehow only 15 acetates were cut before a dispute quashed the project. This lost gem is as unique as it is rare, prefacing Procol Harum, Elton John and Styx in equal measure; grab it and be blown away by the musical complexity.","og_url":"https:\/\/wpguerssen-test.odoo.rgbconsulting.com\/es\/producto\/five-day-rain\/","og_site_name":"Guerssen records","article_modified_time":"2025-03-31T16:41:25+00:00","og_image":[{"width":945,"height":946,"url":"https:\/\/wpguerssen-test.odoo.rgbconsulting.com\/wp-content\/uploads\/2023\/04\/43310.jpg","type":"image\/jpeg"}],"twitter_card":"summary_large_image","twitter_title":"FIVE DAY RAIN - Five day rain -  (LP) | Guerssen","schema":{"@context":"https:\/\/schema.org","@graph":[{"@type":"WebPage","@id":"https:\/\/wpguerssen-test.odoo.rgbconsulting.com\/es\/producto\/five-day-rain\/","url":"https:\/\/wpguerssen-test.odoo.rgbconsulting.com\/es\/producto\/five-day-rain\/","name":"FIVE DAY RAIN - Five day rain - (LP) | Guerssen","isPartOf":{"@id":"https:\/\/wpguerssen-test.odoo.rgbconsulting.com\/es\/#website"},"primaryImageOfPage":{"@id":"https:\/\/wpguerssen-test.odoo.rgbconsulting.com\/es\/producto\/five-day-rain\/#primaryimage"},"image":{"@id":"https:\/\/wpguerssen-test.odoo.rgbconsulting.com\/es\/producto\/five-day-rain\/#primaryimage"},"thumbnailUrl":"https:\/\/wpguerssen-test.odoo.rgbconsulting.com\/wp-content\/uploads\/2023\/04\/43310.jpg","datePublished":"2023-05-17T22:00:00+00:00","dateModified":"2025-03-31T16:41:25+00:00","description":"Enigmatic psychedelic proto-prog act Five Day Rain was formed in Sussex in the late 1960s by guitarist Rick Sharpe and bassist Clive Shepherd of Iron Prophet, and keyboardist Graham Maitland, who had been in Les Fleur Des Lys with Bryn Haworth, whose brother Kim joined on drums. This mythic self-titled debut has pop harmonies from all 3 members of America in places, the prog spiced with shades of blues, but somehow only 15 acetates were cut before a dispute quashed the project. This lost gem is as unique as it is rare, prefacing Procol Harum, Elton John and Styx in equal measure; grab it and be blown away by the musical complexity.","breadcrumb":{"@id":"https:\/\/wpguerssen-test.odoo.rgbconsulting.com\/es\/producto\/five-day-rain\/#breadcrumb"},"inLanguage":"es","potentialAction":[{"@type":"ReadAction","target":["https:\/\/wpguerssen-test.odoo.rgbconsulting.com\/es\/producto\/five-day-rain\/"]}]},{"@type":"ImageObject","inLanguage":"es","@id":"https:\/\/wpguerssen-test.odoo.rgbconsulting.com\/es\/producto\/five-day-rain\/#primaryimage","url":"https:\/\/wpguerssen-test.odoo.rgbconsulting.com\/wp-content\/uploads\/2023\/04\/43310.jpg","contentUrl":"https:\/\/wpguerssen-test.odoo.rgbconsulting.com\/wp-content\/uploads\/2023\/04\/43310.jpg","width":945,"height":946},{"@type":"BreadcrumbList","@id":"https:\/\/wpguerssen-test.odoo.rgbconsulting.com\/es\/producto\/five-day-rain\/#breadcrumb","itemListElement":[{"@type":"ListItem","position":1,"name":"Inicio","item":"https:\/\/wpguerssen-test.odoo.rgbconsulting.com\/es\/"},{"@type":"ListItem","position":2,"name":"Shop","item":"https:\/\/wpguerssen-test.odoo.rgbconsulting.com\/shop\/"},{"@type":"ListItem","position":3,"name":"Five day rain"}]},{"@type":"WebSite","@id":"https:\/\/wpguerssen-test.odoo.rgbconsulting.com\/es\/#website","url":"https:\/\/wpguerssen-test.odoo.rgbconsulting.com\/es\/","name":"Guerssen records","description":"psychedelia - progressive - folk - garage ","publisher":{"@id":"https:\/\/wpguerssen-test.odoo.rgbconsulting.com\/es\/#organization"},"potentialAction":[{"@type":"SearchAction","target":{"@type":"EntryPoint","urlTemplate":"https:\/\/wpguerssen-test.odoo.rgbconsulting.com\/es\/?s={search_term_string}"},"query-input":{"@type":"PropertyValueSpecification","valueRequired":true,"valueName":"search_term_string"}}],"inLanguage":"es"},{"@type":"Organization","@id":"https:\/\/wpguerssen-test.odoo.rgbconsulting.com\/es\/#organization","name":"Guerssen records","url":"https:\/\/wpguerssen-test.odoo.rgbconsulting.com\/es\/","logo":{"@type":"ImageObject","inLanguage":"es","@id":"https:\/\/wpguerssen-test.odoo.rgbconsulting.com\/es\/#\/schema\/logo\/image\/","url":"https:\/\/wpguerssen-test.odoo.rgbconsulting.com\/wp-content\/uploads\/2022\/04\/Logo_Guerssen_trans_100.png","contentUrl":"https:\/\/wpguerssen-test.odoo.rgbconsulting.com\/wp-content\/uploads\/2022\/04\/Logo_Guerssen_trans_100.png","width":122,"height":100,"caption":"Guerssen records"},"image":{"@id":"https:\/\/wpguerssen-test.odoo.rgbconsulting.com\/es\/#\/schema\/logo\/image\/"}}]}},"_links":{"self":[{"href":"https:\/\/wpguerssen-test.odoo.rgbconsulting.com\/es\/wp-json\/wp\/v2\/product\/277029","targetHints":{"allow":["GET"]}}],"collection":[{"href":"https:\/\/wpguerssen-test.odoo.rgbconsulting.com\/es\/wp-json\/wp\/v2\/product"}],"about":[{"href":"https:\/\/wpguerssen-test.odoo.rgbconsulting.com\/es\/wp-json\/wp\/v2\/types\/product"}],"wp:featuredmedia":[{"embeddable":true,"href":"https:\/\/wpguerssen-test.odoo.rgbconsulting.com\/es\/wp-json\/wp\/v2\/media\/230577"}],"wp:attachment":[{"href":"https:\/\/wpguerssen-test.odoo.rgbconsulting.com\/es\/wp-json\/wp\/v2\/media?parent=277029"}],"wp:term":[{"taxonomy":"product_brand","embeddable":true,"href":"https:\/\/wpguerssen-test.odoo.rgbconsulting.com\/es\/wp-json\/wp\/v2\/product_brand?post=277029"},{"taxonomy":"product_cat","embeddable":true,"href":"https:\/\/wpguerssen-test.odoo.rgbconsulting.com\/es\/wp-json\/wp\/v2\/product_cat?post=277029"},{"taxonomy":"product_tag","embeddable":true,"href":"https:\/\/wpguerssen-test.odoo.rgbconsulting.com\/es\/wp-json\/wp\/v2\/product_tag?post=277029"}],"curies":[{"name":"wp","href":"https:\/\/api.w.org\/{rel}","templated":true}]}}