{"id":277035,"date":"2024-10-28T00:00:00","date_gmt":"2024-10-27T23:00:00","guid":{"rendered":"https:\/\/wpguerssen-test.odoo.rgbconsulting.com\/product\/bebo-valdes-y-su-gran-orquesta\/"},"modified":"2025-01-30T17:12:18","modified_gmt":"2025-01-30T16:12:18","slug":"bebo-valdes-y-su-gran-orquesta","status":"publish","type":"product","link":"https:\/\/wpguerssen-test.odoo.rgbconsulting.com\/es\/producto\/bebo-valdes-y-su-gran-orquesta\/","title":{"rendered":"Bebo Valdes Y Su Gran Orquesta"},"content":{"rendered":"<p>Dionisio Ram\u00f3n Emilio Vald\u00e9s Amaro, m\u00e1s conocido como Bebo Vald\u00e9s, naci\u00f3 en Cuba en 1918. Es considerado una de las figuras fundamentales de la m\u00fasica cubana. Formado como pianista, tambi\u00e9n se convirti\u00f3 en un maestro de los arreglos y la direcci\u00f3n y trabaj\u00f3 con figuras como Olga Guillot, Celia Cruz o Elena Burke. Un viaje a Hait\u00ed en la d\u00e9cada de 1940 despert\u00f3 su inter\u00e9s por la m\u00fasica de ra\u00edz africana, y a su regreso a La Habana, actuando en el legendario cabaret Tropicana bajo la direcci\u00f3n de Armando Romeu, comenz\u00f3 a incluir estos ritmos en su sonido convirti\u00e9ndose en una figura destacada del jazz afrocubano. Trabaj\u00f3 con grandes nombres como Jos\u00e9phine Baker y Nat King Cole. Llevaba diez a\u00f1os tocando en el Tropicana cuando una bomba explot\u00f3 muy cerca de su piano en medio de su actuaci\u00f3n, casi muere. Abandon\u00f3 el Tropicana y se benefici\u00f3 del auge de la televisi\u00f3n en los a\u00f1os 50, ganando a\u00fan m\u00e1s fama en varios programas de la televisi\u00f3n cubana hasta 1958, cuando emigr\u00f3 a M\u00e9xico primero para finalmente estable cerse en Suecia, donde tuvo un papel fundamental en establecer un gusto mundial por el jazz afrocubano. Su carrera experiment\u00f3 un gran renacimiento cuando en 1994 se asoci\u00f3 con el saxofonista Paquito d&#8217;Rivera y, de manera m\u00e1s convencional, con la pel\u00edcul a Calle 54 de Fernando Trueba. Se mantuvo ocupado desde entonces hasta su fallecimiento en 2013. Es reconocido como uno de los creadores del jazz latino y la m\u00fasica afrocubana.<\/p>\n","protected":false},"excerpt":{"rendered":"<p>Dionisio Ram\u00f3n Emilio Vald\u00e9s Amaro, m\u00e1s conocido como Bebo Vald\u00e9s, naci\u00f3 en Cuba en 1918. Es considerado una de las figuras fundamentales de la m\u00fasica cubana.<a class=\"read\" href=\"https:\/\/wpguerssen-test.odoo.rgbconsulting.com\/es\/producto\/bebo-valdes-y-su-gran-orquesta\/\"> (...)<\/a>","protected":false},"featured_media":277007,"template":"","meta":{"_acf_changed":false},"product_brand":[],"product_cat":[23231],"product_tag":[],"class_list":{"0":"post-277035","1":"product","2":"type-product","3":"status-publish","4":"has-post-thumbnail","6":"product_cat-latin-brazilian-es","7":"pa_artist-valdes-bebo","8":"pa_format-lp-es","9":"pa_gender-latin-brazilian","10":"pa_label-shellac-disc","11":"pa_location-south-america-caribbean-es","12":"pa_other-filters-vinyl-only-es","14":"first","15":"instock","16":"taxable","17":"shipping-taxable","18":"purchasable","19":"product-type-simple"},"acf":[],"yoast_head":"<!-- This site is optimized with the Yoast SEO plugin v24.9 - https:\/\/yoast.com\/wordpress\/plugins\/seo\/ -->\n<title>VALDES, Bebo - Bebo Valdes Y Su Gran Orquesta -  (LP) | Guerssen<\/title>\n<meta name=\"description\" content=\"Dionisio Ramon Emilio Vald\u00e9s Amaro, better known as Bebo Vald\u00e9s, was born in Cuba in 1918.He is considered one of the pivotal figures in Cuban music. Trained as a pianist, he also became a master arranged and conductor and worked with figures like Olga Guillot, Celia Cruz or Elena Burke.A trip to Haiti in the 1940s arised his interest in African rooted music, and on his return in La Havana, performing at the legendary Tropicana cabaret under the direction of Armando Romeu, he started including these rhythms in his sound becoming a prominent figure in Afro-Cuban jazz. He worked with big names like Jos\u00e9phine Baker and Nat King Cole. He had been playing for ten years at the Tropicana when a bomb exploded very near his piano in the middle of his performance, he nearly died. He quit the Tropicana and benefited of the rising of television broadcast in the 1950s, getting even more fame in several Cuban TV shows until 1958, when he emigrated to Mexico first to finally set in Sweden, were he has Paramount in establishing a world taste for Afro-Cuban jazz.His career saw a big rebirth when in 1994 he teamed with saxophonist Paquito d&#039;Rivera and, in a more mainstream way, with Fernando Trueba&#039;s Calle 54 movie. He had kept busy since then until his passing in 2013. he is acknowledged as one of the originators of Latin Jazz and Afro-Cuban music.\" \/>\n<meta name=\"robots\" content=\"index, follow, max-snippet:-1, max-image-preview:large, max-video-preview:-1\" \/>\n<link rel=\"canonical\" href=\"https:\/\/wpguerssen-test.odoo.rgbconsulting.com\/es\/producto\/bebo-valdes-y-su-gran-orquesta\/\" \/>\n<meta property=\"og:locale\" content=\"es_ES\" \/>\n<meta property=\"og:type\" content=\"article\" \/>\n<meta property=\"og:title\" content=\"VALDES, Bebo - Bebo Valdes Y Su Gran Orquesta -  (LP) | Guerssen\" \/>\n<meta property=\"og:description\" content=\"Dionisio Ramon Emilio Vald\u00e9s Amaro, better known as Bebo Vald\u00e9s, was born in Cuba in 1918.He is considered one of the pivotal figures in Cuban music. Trained as a pianist, he also became a master arranged and conductor and worked with figures like Olga Guillot, Celia Cruz or Elena Burke.A trip to Haiti in the 1940s arised his interest in African rooted music, and on his return in La Havana, performing at the legendary Tropicana cabaret under the direction of Armando Romeu, he started including these rhythms in his sound becoming a prominent figure in Afro-Cuban jazz. He worked with big names like Jos\u00e9phine Baker and Nat King Cole. He had been playing for ten years at the Tropicana when a bomb exploded very near his piano in the middle of his performance, he nearly died. He quit the Tropicana and benefited of the rising of television broadcast in the 1950s, getting even more fame in several Cuban TV shows until 1958, when he emigrated to Mexico first to finally set in Sweden, were he has Paramount in establishing a world taste for Afro-Cuban jazz.His career saw a big rebirth when in 1994 he teamed with saxophonist Paquito d&#039;Rivera and, in a more mainstream way, with Fernando Trueba&#039;s Calle 54 movie. He had kept busy since then until his passing in 2013. he is acknowledged as one of the originators of Latin Jazz and Afro-Cuban music.\" \/>\n<meta property=\"og:url\" content=\"https:\/\/wpguerssen-test.odoo.rgbconsulting.com\/es\/producto\/bebo-valdes-y-su-gran-orquesta\/\" \/>\n<meta property=\"og:site_name\" content=\"Guerssen records\" \/>\n<meta property=\"article:modified_time\" content=\"2025-01-30T16:12:18+00:00\" \/>\n<meta property=\"og:image\" content=\"https:\/\/wpguerssen-test.odoo.rgbconsulting.com\/wp-content\/uploads\/2024\/10\/48934.jpg\" \/>\n\t<meta property=\"og:image:width\" content=\"600\" \/>\n\t<meta property=\"og:image:height\" content=\"600\" \/>\n\t<meta property=\"og:image:type\" content=\"image\/jpeg\" \/>\n<meta name=\"twitter:card\" content=\"summary_large_image\" \/>\n<meta name=\"twitter:title\" content=\"VALDES, Bebo - Bebo Valdes Y Su Gran Orquesta -  (LP) | Guerssen\" \/>\n<meta name=\"twitter:label1\" content=\"Tiempo de lectura\" \/>\n\t<meta name=\"twitter:data1\" content=\"1 minuto\" \/>\n<script type=\"application\/ld+json\" class=\"yoast-schema-graph\">{\"@context\":\"https:\/\/schema.org\",\"@graph\":[{\"@type\":\"WebPage\",\"@id\":\"https:\/\/wpguerssen-test.odoo.rgbconsulting.com\/es\/producto\/bebo-valdes-y-su-gran-orquesta\/\",\"url\":\"https:\/\/wpguerssen-test.odoo.rgbconsulting.com\/es\/producto\/bebo-valdes-y-su-gran-orquesta\/\",\"name\":\"VALDES, Bebo - Bebo Valdes Y Su Gran Orquesta - (LP) | Guerssen\",\"isPartOf\":{\"@id\":\"https:\/\/wpguerssen-test.odoo.rgbconsulting.com\/es\/#website\"},\"primaryImageOfPage\":{\"@id\":\"https:\/\/wpguerssen-test.odoo.rgbconsulting.com\/es\/producto\/bebo-valdes-y-su-gran-orquesta\/#primaryimage\"},\"image\":{\"@id\":\"https:\/\/wpguerssen-test.odoo.rgbconsulting.com\/es\/producto\/bebo-valdes-y-su-gran-orquesta\/#primaryimage\"},\"thumbnailUrl\":\"https:\/\/wpguerssen-test.odoo.rgbconsulting.com\/wp-content\/uploads\/2024\/10\/48934.jpg\",\"datePublished\":\"2024-10-27T23:00:00+00:00\",\"dateModified\":\"2025-01-30T16:12:18+00:00\",\"description\":\"Dionisio Ramon Emilio Vald\u00e9s Amaro, better known as Bebo Vald\u00e9s, was born in Cuba in 1918.He is considered one of the pivotal figures in Cuban music. Trained as a pianist, he also became a master arranged and conductor and worked with figures like Olga Guillot, Celia Cruz or Elena Burke.A trip to Haiti in the 1940s arised his interest in African rooted music, and on his return in La Havana, performing at the legendary Tropicana cabaret under the direction of Armando Romeu, he started including these rhythms in his sound becoming a prominent figure in Afro-Cuban jazz. He worked with big names like Jos\u00e9phine Baker and Nat King Cole. He had been playing for ten years at the Tropicana when a bomb exploded very near his piano in the middle of his performance, he nearly died. He quit the Tropicana and benefited of the rising of television broadcast in the 1950s, getting even more fame in several Cuban TV shows until 1958, when he emigrated to Mexico first to finally set in Sweden, were he has Paramount in establishing a world taste for Afro-Cuban jazz.His career saw a big rebirth when in 1994 he teamed with saxophonist Paquito d'Rivera and, in a more mainstream way, with Fernando Trueba's Calle 54 movie. He had kept busy since then until his passing in 2013. he is acknowledged as one of the originators of Latin Jazz and Afro-Cuban music.\",\"breadcrumb\":{\"@id\":\"https:\/\/wpguerssen-test.odoo.rgbconsulting.com\/es\/producto\/bebo-valdes-y-su-gran-orquesta\/#breadcrumb\"},\"inLanguage\":\"es\",\"potentialAction\":[{\"@type\":\"ReadAction\",\"target\":[\"https:\/\/wpguerssen-test.odoo.rgbconsulting.com\/es\/producto\/bebo-valdes-y-su-gran-orquesta\/\"]}]},{\"@type\":\"ImageObject\",\"inLanguage\":\"es\",\"@id\":\"https:\/\/wpguerssen-test.odoo.rgbconsulting.com\/es\/producto\/bebo-valdes-y-su-gran-orquesta\/#primaryimage\",\"url\":\"https:\/\/wpguerssen-test.odoo.rgbconsulting.com\/wp-content\/uploads\/2024\/10\/48934.jpg\",\"contentUrl\":\"https:\/\/wpguerssen-test.odoo.rgbconsulting.com\/wp-content\/uploads\/2024\/10\/48934.jpg\",\"width\":600,\"height\":600,\"caption\":\"Bebo - Bebo Valdes Y Su Gran Orquesta - SHELLAC DISC (LP) | Guerssen\"},{\"@type\":\"BreadcrumbList\",\"@id\":\"https:\/\/wpguerssen-test.odoo.rgbconsulting.com\/es\/producto\/bebo-valdes-y-su-gran-orquesta\/#breadcrumb\",\"itemListElement\":[{\"@type\":\"ListItem\",\"position\":1,\"name\":\"Inicio\",\"item\":\"https:\/\/wpguerssen-test.odoo.rgbconsulting.com\/es\/\"},{\"@type\":\"ListItem\",\"position\":2,\"name\":\"Shop\",\"item\":\"https:\/\/wpguerssen-test.odoo.rgbconsulting.com\/shop\/\"},{\"@type\":\"ListItem\",\"position\":3,\"name\":\"Bebo Valdes Y Su Gran Orquesta\"}]},{\"@type\":\"WebSite\",\"@id\":\"https:\/\/wpguerssen-test.odoo.rgbconsulting.com\/es\/#website\",\"url\":\"https:\/\/wpguerssen-test.odoo.rgbconsulting.com\/es\/\",\"name\":\"Guerssen records\",\"description\":\"psychedelia - progressive - folk - garage \",\"publisher\":{\"@id\":\"https:\/\/wpguerssen-test.odoo.rgbconsulting.com\/es\/#organization\"},\"potentialAction\":[{\"@type\":\"SearchAction\",\"target\":{\"@type\":\"EntryPoint\",\"urlTemplate\":\"https:\/\/wpguerssen-test.odoo.rgbconsulting.com\/es\/?s={search_term_string}\"},\"query-input\":{\"@type\":\"PropertyValueSpecification\",\"valueRequired\":true,\"valueName\":\"search_term_string\"}}],\"inLanguage\":\"es\"},{\"@type\":\"Organization\",\"@id\":\"https:\/\/wpguerssen-test.odoo.rgbconsulting.com\/es\/#organization\",\"name\":\"Guerssen records\",\"url\":\"https:\/\/wpguerssen-test.odoo.rgbconsulting.com\/es\/\",\"logo\":{\"@type\":\"ImageObject\",\"inLanguage\":\"es\",\"@id\":\"https:\/\/wpguerssen-test.odoo.rgbconsulting.com\/es\/#\/schema\/logo\/image\/\",\"url\":\"https:\/\/wpguerssen-test.odoo.rgbconsulting.com\/wp-content\/uploads\/2022\/04\/Logo_Guerssen_trans_100.png\",\"contentUrl\":\"https:\/\/wpguerssen-test.odoo.rgbconsulting.com\/wp-content\/uploads\/2022\/04\/Logo_Guerssen_trans_100.png\",\"width\":122,\"height\":100,\"caption\":\"Guerssen records\"},\"image\":{\"@id\":\"https:\/\/wpguerssen-test.odoo.rgbconsulting.com\/es\/#\/schema\/logo\/image\/\"}}]}<\/script>\n<!-- \/ Yoast SEO plugin. -->","yoast_head_json":{"title":"VALDES, Bebo - Bebo Valdes Y Su Gran Orquesta -  (LP) | Guerssen","description":"Dionisio Ramon Emilio Vald\u00e9s Amaro, better known as Bebo Vald\u00e9s, was born in Cuba in 1918.He is considered one of the pivotal figures in Cuban music. Trained as a pianist, he also became a master arranged and conductor and worked with figures like Olga Guillot, Celia Cruz or Elena Burke.A trip to Haiti in the 1940s arised his interest in African rooted music, and on his return in La Havana, performing at the legendary Tropicana cabaret under the direction of Armando Romeu, he started including these rhythms in his sound becoming a prominent figure in Afro-Cuban jazz. He worked with big names like Jos\u00e9phine Baker and Nat King Cole. He had been playing for ten years at the Tropicana when a bomb exploded very near his piano in the middle of his performance, he nearly died. He quit the Tropicana and benefited of the rising of television broadcast in the 1950s, getting even more fame in several Cuban TV shows until 1958, when he emigrated to Mexico first to finally set in Sweden, were he has Paramount in establishing a world taste for Afro-Cuban jazz.His career saw a big rebirth when in 1994 he teamed with saxophonist Paquito d'Rivera and, in a more mainstream way, with Fernando Trueba's Calle 54 movie. He had kept busy since then until his passing in 2013. he is acknowledged as one of the originators of Latin Jazz and Afro-Cuban music.","robots":{"index":"index","follow":"follow","max-snippet":"max-snippet:-1","max-image-preview":"max-image-preview:large","max-video-preview":"max-video-preview:-1"},"canonical":"https:\/\/wpguerssen-test.odoo.rgbconsulting.com\/es\/producto\/bebo-valdes-y-su-gran-orquesta\/","og_locale":"es_ES","og_type":"article","og_title":"VALDES, Bebo - Bebo Valdes Y Su Gran Orquesta -  (LP) | Guerssen","og_description":"Dionisio Ramon Emilio Vald\u00e9s Amaro, better known as Bebo Vald\u00e9s, was born in Cuba in 1918.He is considered one of the pivotal figures in Cuban music. Trained as a pianist, he also became a master arranged and conductor and worked with figures like Olga Guillot, Celia Cruz or Elena Burke.A trip to Haiti in the 1940s arised his interest in African rooted music, and on his return in La Havana, performing at the legendary Tropicana cabaret under the direction of Armando Romeu, he started including these rhythms in his sound becoming a prominent figure in Afro-Cuban jazz. He worked with big names like Jos\u00e9phine Baker and Nat King Cole. He had been playing for ten years at the Tropicana when a bomb exploded very near his piano in the middle of his performance, he nearly died. He quit the Tropicana and benefited of the rising of television broadcast in the 1950s, getting even more fame in several Cuban TV shows until 1958, when he emigrated to Mexico first to finally set in Sweden, were he has Paramount in establishing a world taste for Afro-Cuban jazz.His career saw a big rebirth when in 1994 he teamed with saxophonist Paquito d'Rivera and, in a more mainstream way, with Fernando Trueba's Calle 54 movie. He had kept busy since then until his passing in 2013. he is acknowledged as one of the originators of Latin Jazz and Afro-Cuban music.","og_url":"https:\/\/wpguerssen-test.odoo.rgbconsulting.com\/es\/producto\/bebo-valdes-y-su-gran-orquesta\/","og_site_name":"Guerssen records","article_modified_time":"2025-01-30T16:12:18+00:00","og_image":[{"width":600,"height":600,"url":"https:\/\/wpguerssen-test.odoo.rgbconsulting.com\/wp-content\/uploads\/2024\/10\/48934.jpg","type":"image\/jpeg"}],"twitter_card":"summary_large_image","twitter_title":"VALDES, Bebo - Bebo Valdes Y Su Gran Orquesta -  (LP) | Guerssen","twitter_misc":{"Tiempo de lectura":"1 minuto"},"schema":{"@context":"https:\/\/schema.org","@graph":[{"@type":"WebPage","@id":"https:\/\/wpguerssen-test.odoo.rgbconsulting.com\/es\/producto\/bebo-valdes-y-su-gran-orquesta\/","url":"https:\/\/wpguerssen-test.odoo.rgbconsulting.com\/es\/producto\/bebo-valdes-y-su-gran-orquesta\/","name":"VALDES, Bebo - Bebo Valdes Y Su Gran Orquesta - (LP) | Guerssen","isPartOf":{"@id":"https:\/\/wpguerssen-test.odoo.rgbconsulting.com\/es\/#website"},"primaryImageOfPage":{"@id":"https:\/\/wpguerssen-test.odoo.rgbconsulting.com\/es\/producto\/bebo-valdes-y-su-gran-orquesta\/#primaryimage"},"image":{"@id":"https:\/\/wpguerssen-test.odoo.rgbconsulting.com\/es\/producto\/bebo-valdes-y-su-gran-orquesta\/#primaryimage"},"thumbnailUrl":"https:\/\/wpguerssen-test.odoo.rgbconsulting.com\/wp-content\/uploads\/2024\/10\/48934.jpg","datePublished":"2024-10-27T23:00:00+00:00","dateModified":"2025-01-30T16:12:18+00:00","description":"Dionisio Ramon Emilio Vald\u00e9s Amaro, better known as Bebo Vald\u00e9s, was born in Cuba in 1918.He is considered one of the pivotal figures in Cuban music. Trained as a pianist, he also became a master arranged and conductor and worked with figures like Olga Guillot, Celia Cruz or Elena Burke.A trip to Haiti in the 1940s arised his interest in African rooted music, and on his return in La Havana, performing at the legendary Tropicana cabaret under the direction of Armando Romeu, he started including these rhythms in his sound becoming a prominent figure in Afro-Cuban jazz. He worked with big names like Jos\u00e9phine Baker and Nat King Cole. He had been playing for ten years at the Tropicana when a bomb exploded very near his piano in the middle of his performance, he nearly died. He quit the Tropicana and benefited of the rising of television broadcast in the 1950s, getting even more fame in several Cuban TV shows until 1958, when he emigrated to Mexico first to finally set in Sweden, were he has Paramount in establishing a world taste for Afro-Cuban jazz.His career saw a big rebirth when in 1994 he teamed with saxophonist Paquito d'Rivera and, in a more mainstream way, with Fernando Trueba's Calle 54 movie. He had kept busy since then until his passing in 2013. he is acknowledged as one of the originators of Latin Jazz and Afro-Cuban music.","breadcrumb":{"@id":"https:\/\/wpguerssen-test.odoo.rgbconsulting.com\/es\/producto\/bebo-valdes-y-su-gran-orquesta\/#breadcrumb"},"inLanguage":"es","potentialAction":[{"@type":"ReadAction","target":["https:\/\/wpguerssen-test.odoo.rgbconsulting.com\/es\/producto\/bebo-valdes-y-su-gran-orquesta\/"]}]},{"@type":"ImageObject","inLanguage":"es","@id":"https:\/\/wpguerssen-test.odoo.rgbconsulting.com\/es\/producto\/bebo-valdes-y-su-gran-orquesta\/#primaryimage","url":"https:\/\/wpguerssen-test.odoo.rgbconsulting.com\/wp-content\/uploads\/2024\/10\/48934.jpg","contentUrl":"https:\/\/wpguerssen-test.odoo.rgbconsulting.com\/wp-content\/uploads\/2024\/10\/48934.jpg","width":600,"height":600,"caption":"Bebo - Bebo Valdes Y Su Gran Orquesta - SHELLAC DISC (LP) | Guerssen"},{"@type":"BreadcrumbList","@id":"https:\/\/wpguerssen-test.odoo.rgbconsulting.com\/es\/producto\/bebo-valdes-y-su-gran-orquesta\/#breadcrumb","itemListElement":[{"@type":"ListItem","position":1,"name":"Inicio","item":"https:\/\/wpguerssen-test.odoo.rgbconsulting.com\/es\/"},{"@type":"ListItem","position":2,"name":"Shop","item":"https:\/\/wpguerssen-test.odoo.rgbconsulting.com\/shop\/"},{"@type":"ListItem","position":3,"name":"Bebo Valdes Y Su Gran Orquesta"}]},{"@type":"WebSite","@id":"https:\/\/wpguerssen-test.odoo.rgbconsulting.com\/es\/#website","url":"https:\/\/wpguerssen-test.odoo.rgbconsulting.com\/es\/","name":"Guerssen records","description":"psychedelia - progressive - folk - garage ","publisher":{"@id":"https:\/\/wpguerssen-test.odoo.rgbconsulting.com\/es\/#organization"},"potentialAction":[{"@type":"SearchAction","target":{"@type":"EntryPoint","urlTemplate":"https:\/\/wpguerssen-test.odoo.rgbconsulting.com\/es\/?s={search_term_string}"},"query-input":{"@type":"PropertyValueSpecification","valueRequired":true,"valueName":"search_term_string"}}],"inLanguage":"es"},{"@type":"Organization","@id":"https:\/\/wpguerssen-test.odoo.rgbconsulting.com\/es\/#organization","name":"Guerssen records","url":"https:\/\/wpguerssen-test.odoo.rgbconsulting.com\/es\/","logo":{"@type":"ImageObject","inLanguage":"es","@id":"https:\/\/wpguerssen-test.odoo.rgbconsulting.com\/es\/#\/schema\/logo\/image\/","url":"https:\/\/wpguerssen-test.odoo.rgbconsulting.com\/wp-content\/uploads\/2022\/04\/Logo_Guerssen_trans_100.png","contentUrl":"https:\/\/wpguerssen-test.odoo.rgbconsulting.com\/wp-content\/uploads\/2022\/04\/Logo_Guerssen_trans_100.png","width":122,"height":100,"caption":"Guerssen records"},"image":{"@id":"https:\/\/wpguerssen-test.odoo.rgbconsulting.com\/es\/#\/schema\/logo\/image\/"}}]}},"_links":{"self":[{"href":"https:\/\/wpguerssen-test.odoo.rgbconsulting.com\/es\/wp-json\/wp\/v2\/product\/277035","targetHints":{"allow":["GET"]}}],"collection":[{"href":"https:\/\/wpguerssen-test.odoo.rgbconsulting.com\/es\/wp-json\/wp\/v2\/product"}],"about":[{"href":"https:\/\/wpguerssen-test.odoo.rgbconsulting.com\/es\/wp-json\/wp\/v2\/types\/product"}],"wp:featuredmedia":[{"embeddable":true,"href":"https:\/\/wpguerssen-test.odoo.rgbconsulting.com\/es\/wp-json\/wp\/v2\/media\/277007"}],"wp:attachment":[{"href":"https:\/\/wpguerssen-test.odoo.rgbconsulting.com\/es\/wp-json\/wp\/v2\/media?parent=277035"}],"wp:term":[{"taxonomy":"product_brand","embeddable":true,"href":"https:\/\/wpguerssen-test.odoo.rgbconsulting.com\/es\/wp-json\/wp\/v2\/product_brand?post=277035"},{"taxonomy":"product_cat","embeddable":true,"href":"https:\/\/wpguerssen-test.odoo.rgbconsulting.com\/es\/wp-json\/wp\/v2\/product_cat?post=277035"},{"taxonomy":"product_tag","embeddable":true,"href":"https:\/\/wpguerssen-test.odoo.rgbconsulting.com\/es\/wp-json\/wp\/v2\/product_tag?post=277035"}],"curies":[{"name":"wp","href":"https:\/\/api.w.org\/{rel}","templated":true}]}}