{"id":277040,"date":"2024-10-31T00:00:00","date_gmt":"2024-10-30T23:00:00","guid":{"rendered":"https:\/\/wpguerssen-test.odoo.rgbconsulting.com\/product\/danca-do-robalinho-7\/"},"modified":"2025-04-17T15:19:23","modified_gmt":"2025-04-17T13:19:23","slug":"danca-do-robalinho-7","status":"publish","type":"product","link":"https:\/\/wpguerssen-test.odoo.rgbconsulting.com\/es\/producto\/danca-do-robalinho-7\/","title":{"rendered":"Dan\u00e7a do Robalinho (7&#8243;)"},"content":{"rendered":"","protected":false},"excerpt":{"rendered":"","protected":false},"featured_media":277022,"template":"","meta":{"_acf_changed":false},"product_brand":[],"product_cat":[23228],"product_tag":[],"class_list":{"0":"post-277040","1":"product","2":"type-product","3":"status-publish","4":"has-post-thumbnail","6":"product_cat-jazz-funk-es","7":"pa_artist-duo-ouro-negro","8":"pa_format-7-es","9":"pa_gender-jazz-funk","10":"pa_label-mad-about-records-es","11":"pa_location-africa-es","12":"pa_other-filters-vinyl-only-es","14":"first","15":"instock","16":"taxable","17":"shipping-taxable","18":"purchasable","19":"product-type-simple"},"acf":[],"yoast_head":"<!-- This site is optimized with the Yoast SEO plugin v24.9 - https:\/\/yoast.com\/wordpress\/plugins\/seo\/ -->\n<title>DUO OURO NEGRO - Dan\u00e7a do Robalinho (7&quot;) -  (7&quot;) | Guerssen<\/title>\n<meta name=\"description\" content=\"ANGOLA KILLER JAZZ-FUNK #nl# Milo MacMahon and Ra\u00fal Indipwo, arrived to Portugal in 1959 and, over next three decades, they developed an international career in the music industry. #nl# In addition to Portuguese and the various Angolan languages, the group recorded songs such as &quot;Sylvie&quot;, &quot;La Kwela&quot; and &quot;Le Palmier&quot; in French, among others, and also covered Latin American, Spanish-speaking, Brazilian and even North American repertoires, where on their various tours they came into contact with the struggle for the Civil Rights of the black population. #nl# In 1969 Duo Ouro Negro went on tour to the United States. Their experience there was decisive for what we would come to know three years later. &quot;Don&#039;t forget your blackground&quot;, Raul Indipwo would exclaim in 1972, the voice of &#039;Blackground&#039;, the Angolan band&#039;s landmark album. Awakened to the activism of Black Power, attentive to the jazz that was being created on American soil, combined with an interest in the independence movements of the African colonies, what was then the most international of Portuguese bands recorded an album in Lisbon that was a vibrant cultural statement through music. #nl# In 1981, &quot;Blackground&quot; was revised with new arrangements, including the instrumental &quot;Dan\u00e7a do Robalinho&quot;.Jazz-Funk at its best and now reissued for the first time in 7&quot; format.You can&#039;t miss this jazz-funk gem made in Angola. #nl# Licensed by Ana Vit\u00f3ria Pereira #nl# Tracklist:Side A: 1. Dan\u00e7a do Robalinho, pt.1Side B: 2. Dan\u00e7a do Robalinho, pt.2\" \/>\n<meta name=\"robots\" content=\"index, follow, max-snippet:-1, max-image-preview:large, max-video-preview:-1\" \/>\n<link rel=\"canonical\" href=\"https:\/\/wpguerssen-test.odoo.rgbconsulting.com\/es\/producto\/danca-do-robalinho-7\/\" \/>\n<meta property=\"og:locale\" content=\"es_ES\" \/>\n<meta property=\"og:type\" content=\"article\" \/>\n<meta property=\"og:title\" content=\"DUO OURO NEGRO - Dan\u00e7a do Robalinho (7&quot;) -  (7&quot;) | Guerssen\" \/>\n<meta property=\"og:description\" content=\"ANGOLA KILLER JAZZ-FUNK #nl# Milo MacMahon and Ra\u00fal Indipwo, arrived to Portugal in 1959 and, over next three decades, they developed an international career in the music industry. #nl# In addition to Portuguese and the various Angolan languages, the group recorded songs such as &quot;Sylvie&quot;, &quot;La Kwela&quot; and &quot;Le Palmier&quot; in French, among others, and also covered Latin American, Spanish-speaking, Brazilian and even North American repertoires, where on their various tours they came into contact with the struggle for the Civil Rights of the black population. #nl# In 1969 Duo Ouro Negro went on tour to the United States. Their experience there was decisive for what we would come to know three years later. &quot;Don&#039;t forget your blackground&quot;, Raul Indipwo would exclaim in 1972, the voice of &#039;Blackground&#039;, the Angolan band&#039;s landmark album. Awakened to the activism of Black Power, attentive to the jazz that was being created on American soil, combined with an interest in the independence movements of the African colonies, what was then the most international of Portuguese bands recorded an album in Lisbon that was a vibrant cultural statement through music. #nl# In 1981, &quot;Blackground&quot; was revised with new arrangements, including the instrumental &quot;Dan\u00e7a do Robalinho&quot;.Jazz-Funk at its best and now reissued for the first time in 7&quot; format.You can&#039;t miss this jazz-funk gem made in Angola. #nl# Licensed by Ana Vit\u00f3ria Pereira #nl# Tracklist:Side A: 1. Dan\u00e7a do Robalinho, pt.1Side B: 2. Dan\u00e7a do Robalinho, pt.2\" \/>\n<meta property=\"og:url\" content=\"https:\/\/wpguerssen-test.odoo.rgbconsulting.com\/es\/producto\/danca-do-robalinho-7\/\" \/>\n<meta property=\"og:site_name\" content=\"Guerssen records\" \/>\n<meta property=\"article:modified_time\" content=\"2025-04-17T13:19:23+00:00\" \/>\n<meta property=\"og:image\" content=\"https:\/\/wpguerssen-test.odoo.rgbconsulting.com\/wp-content\/uploads\/2024\/10\/48939.jpg\" \/>\n\t<meta property=\"og:image:width\" content=\"960\" \/>\n\t<meta property=\"og:image:height\" content=\"960\" \/>\n\t<meta property=\"og:image:type\" content=\"image\/jpeg\" \/>\n<meta name=\"twitter:card\" content=\"summary_large_image\" \/>\n<meta name=\"twitter:title\" content=\"DUO OURO NEGRO - Dan\u00e7a do Robalinho (7&quot;) -  (7&quot;) | Guerssen\" \/>\n<script type=\"application\/ld+json\" class=\"yoast-schema-graph\">{\"@context\":\"https:\/\/schema.org\",\"@graph\":[{\"@type\":\"WebPage\",\"@id\":\"https:\/\/wpguerssen-test.odoo.rgbconsulting.com\/es\/producto\/danca-do-robalinho-7\/\",\"url\":\"https:\/\/wpguerssen-test.odoo.rgbconsulting.com\/es\/producto\/danca-do-robalinho-7\/\",\"name\":\"DUO OURO NEGRO - Dan\u00e7a do Robalinho (7\\\") - (7\\\") | Guerssen\",\"isPartOf\":{\"@id\":\"https:\/\/wpguerssen-test.odoo.rgbconsulting.com\/es\/#website\"},\"primaryImageOfPage\":{\"@id\":\"https:\/\/wpguerssen-test.odoo.rgbconsulting.com\/es\/producto\/danca-do-robalinho-7\/#primaryimage\"},\"image\":{\"@id\":\"https:\/\/wpguerssen-test.odoo.rgbconsulting.com\/es\/producto\/danca-do-robalinho-7\/#primaryimage\"},\"thumbnailUrl\":\"https:\/\/wpguerssen-test.odoo.rgbconsulting.com\/wp-content\/uploads\/2024\/10\/48939.jpg\",\"datePublished\":\"2024-10-30T23:00:00+00:00\",\"dateModified\":\"2025-04-17T13:19:23+00:00\",\"description\":\"ANGOLA KILLER JAZZ-FUNK #nl# Milo MacMahon and Ra\u00fal Indipwo, arrived to Portugal in 1959 and, over next three decades, they developed an international career in the music industry. #nl# In addition to Portuguese and the various Angolan languages, the group recorded songs such as \\\"Sylvie\\\", \\\"La Kwela\\\" and \\\"Le Palmier\\\" in French, among others, and also covered Latin American, Spanish-speaking, Brazilian and even North American repertoires, where on their various tours they came into contact with the struggle for the Civil Rights of the black population. #nl# In 1969 Duo Ouro Negro went on tour to the United States. Their experience there was decisive for what we would come to know three years later. \\\"Don't forget your blackground\\\", Raul Indipwo would exclaim in 1972, the voice of 'Blackground', the Angolan band's landmark album. Awakened to the activism of Black Power, attentive to the jazz that was being created on American soil, combined with an interest in the independence movements of the African colonies, what was then the most international of Portuguese bands recorded an album in Lisbon that was a vibrant cultural statement through music. #nl# In 1981, \\\"Blackground\\\" was revised with new arrangements, including the instrumental \\\"Dan\u00e7a do Robalinho\\\".Jazz-Funk at its best and now reissued for the first time in 7\\\" format.You can't miss this jazz-funk gem made in Angola. #nl# Licensed by Ana Vit\u00f3ria Pereira #nl# Tracklist:Side A: 1. Dan\u00e7a do Robalinho, pt.1Side B: 2. Dan\u00e7a do Robalinho, pt.2\",\"breadcrumb\":{\"@id\":\"https:\/\/wpguerssen-test.odoo.rgbconsulting.com\/es\/producto\/danca-do-robalinho-7\/#breadcrumb\"},\"inLanguage\":\"es\",\"potentialAction\":[{\"@type\":\"ReadAction\",\"target\":[\"https:\/\/wpguerssen-test.odoo.rgbconsulting.com\/es\/producto\/danca-do-robalinho-7\/\"]}]},{\"@type\":\"ImageObject\",\"inLanguage\":\"es\",\"@id\":\"https:\/\/wpguerssen-test.odoo.rgbconsulting.com\/es\/producto\/danca-do-robalinho-7\/#primaryimage\",\"url\":\"https:\/\/wpguerssen-test.odoo.rgbconsulting.com\/wp-content\/uploads\/2024\/10\/48939.jpg\",\"contentUrl\":\"https:\/\/wpguerssen-test.odoo.rgbconsulting.com\/wp-content\/uploads\/2024\/10\/48939.jpg\",\"width\":960,\"height\":960},{\"@type\":\"BreadcrumbList\",\"@id\":\"https:\/\/wpguerssen-test.odoo.rgbconsulting.com\/es\/producto\/danca-do-robalinho-7\/#breadcrumb\",\"itemListElement\":[{\"@type\":\"ListItem\",\"position\":1,\"name\":\"Inicio\",\"item\":\"https:\/\/wpguerssen-test.odoo.rgbconsulting.com\/es\/\"},{\"@type\":\"ListItem\",\"position\":2,\"name\":\"Shop\",\"item\":\"https:\/\/wpguerssen-test.odoo.rgbconsulting.com\/shop\/\"},{\"@type\":\"ListItem\",\"position\":3,\"name\":\"Dan\u00e7a do Robalinho (7&#8243;)\"}]},{\"@type\":\"WebSite\",\"@id\":\"https:\/\/wpguerssen-test.odoo.rgbconsulting.com\/es\/#website\",\"url\":\"https:\/\/wpguerssen-test.odoo.rgbconsulting.com\/es\/\",\"name\":\"Guerssen records\",\"description\":\"psychedelia - progressive - folk - garage \",\"publisher\":{\"@id\":\"https:\/\/wpguerssen-test.odoo.rgbconsulting.com\/es\/#organization\"},\"potentialAction\":[{\"@type\":\"SearchAction\",\"target\":{\"@type\":\"EntryPoint\",\"urlTemplate\":\"https:\/\/wpguerssen-test.odoo.rgbconsulting.com\/es\/?s={search_term_string}\"},\"query-input\":{\"@type\":\"PropertyValueSpecification\",\"valueRequired\":true,\"valueName\":\"search_term_string\"}}],\"inLanguage\":\"es\"},{\"@type\":\"Organization\",\"@id\":\"https:\/\/wpguerssen-test.odoo.rgbconsulting.com\/es\/#organization\",\"name\":\"Guerssen records\",\"url\":\"https:\/\/wpguerssen-test.odoo.rgbconsulting.com\/es\/\",\"logo\":{\"@type\":\"ImageObject\",\"inLanguage\":\"es\",\"@id\":\"https:\/\/wpguerssen-test.odoo.rgbconsulting.com\/es\/#\/schema\/logo\/image\/\",\"url\":\"https:\/\/wpguerssen-test.odoo.rgbconsulting.com\/wp-content\/uploads\/2022\/04\/Logo_Guerssen_trans_100.png\",\"contentUrl\":\"https:\/\/wpguerssen-test.odoo.rgbconsulting.com\/wp-content\/uploads\/2022\/04\/Logo_Guerssen_trans_100.png\",\"width\":122,\"height\":100,\"caption\":\"Guerssen records\"},\"image\":{\"@id\":\"https:\/\/wpguerssen-test.odoo.rgbconsulting.com\/es\/#\/schema\/logo\/image\/\"}}]}<\/script>\n<!-- \/ Yoast SEO plugin. -->","yoast_head_json":{"title":"DUO OURO NEGRO - Dan\u00e7a do Robalinho (7\") -  (7\") | Guerssen","description":"ANGOLA KILLER JAZZ-FUNK #nl# Milo MacMahon and Ra\u00fal Indipwo, arrived to Portugal in 1959 and, over next three decades, they developed an international career in the music industry. #nl# In addition to Portuguese and the various Angolan languages, the group recorded songs such as \"Sylvie\", \"La Kwela\" and \"Le Palmier\" in French, among others, and also covered Latin American, Spanish-speaking, Brazilian and even North American repertoires, where on their various tours they came into contact with the struggle for the Civil Rights of the black population. #nl# In 1969 Duo Ouro Negro went on tour to the United States. Their experience there was decisive for what we would come to know three years later. \"Don't forget your blackground\", Raul Indipwo would exclaim in 1972, the voice of 'Blackground', the Angolan band's landmark album. Awakened to the activism of Black Power, attentive to the jazz that was being created on American soil, combined with an interest in the independence movements of the African colonies, what was then the most international of Portuguese bands recorded an album in Lisbon that was a vibrant cultural statement through music. #nl# In 1981, \"Blackground\" was revised with new arrangements, including the instrumental \"Dan\u00e7a do Robalinho\".Jazz-Funk at its best and now reissued for the first time in 7\" format.You can't miss this jazz-funk gem made in Angola. #nl# Licensed by Ana Vit\u00f3ria Pereira #nl# Tracklist:Side A: 1. Dan\u00e7a do Robalinho, pt.1Side B: 2. Dan\u00e7a do Robalinho, pt.2","robots":{"index":"index","follow":"follow","max-snippet":"max-snippet:-1","max-image-preview":"max-image-preview:large","max-video-preview":"max-video-preview:-1"},"canonical":"https:\/\/wpguerssen-test.odoo.rgbconsulting.com\/es\/producto\/danca-do-robalinho-7\/","og_locale":"es_ES","og_type":"article","og_title":"DUO OURO NEGRO - Dan\u00e7a do Robalinho (7\") -  (7\") | Guerssen","og_description":"ANGOLA KILLER JAZZ-FUNK #nl# Milo MacMahon and Ra\u00fal Indipwo, arrived to Portugal in 1959 and, over next three decades, they developed an international career in the music industry. #nl# In addition to Portuguese and the various Angolan languages, the group recorded songs such as \"Sylvie\", \"La Kwela\" and \"Le Palmier\" in French, among others, and also covered Latin American, Spanish-speaking, Brazilian and even North American repertoires, where on their various tours they came into contact with the struggle for the Civil Rights of the black population. #nl# In 1969 Duo Ouro Negro went on tour to the United States. Their experience there was decisive for what we would come to know three years later. \"Don't forget your blackground\", Raul Indipwo would exclaim in 1972, the voice of 'Blackground', the Angolan band's landmark album. Awakened to the activism of Black Power, attentive to the jazz that was being created on American soil, combined with an interest in the independence movements of the African colonies, what was then the most international of Portuguese bands recorded an album in Lisbon that was a vibrant cultural statement through music. #nl# In 1981, \"Blackground\" was revised with new arrangements, including the instrumental \"Dan\u00e7a do Robalinho\".Jazz-Funk at its best and now reissued for the first time in 7\" format.You can't miss this jazz-funk gem made in Angola. #nl# Licensed by Ana Vit\u00f3ria Pereira #nl# Tracklist:Side A: 1. Dan\u00e7a do Robalinho, pt.1Side B: 2. Dan\u00e7a do Robalinho, pt.2","og_url":"https:\/\/wpguerssen-test.odoo.rgbconsulting.com\/es\/producto\/danca-do-robalinho-7\/","og_site_name":"Guerssen records","article_modified_time":"2025-04-17T13:19:23+00:00","og_image":[{"width":960,"height":960,"url":"https:\/\/wpguerssen-test.odoo.rgbconsulting.com\/wp-content\/uploads\/2024\/10\/48939.jpg","type":"image\/jpeg"}],"twitter_card":"summary_large_image","twitter_title":"DUO OURO NEGRO - Dan\u00e7a do Robalinho (7\") -  (7\") | Guerssen","schema":{"@context":"https:\/\/schema.org","@graph":[{"@type":"WebPage","@id":"https:\/\/wpguerssen-test.odoo.rgbconsulting.com\/es\/producto\/danca-do-robalinho-7\/","url":"https:\/\/wpguerssen-test.odoo.rgbconsulting.com\/es\/producto\/danca-do-robalinho-7\/","name":"DUO OURO NEGRO - Dan\u00e7a do Robalinho (7\") - (7\") | Guerssen","isPartOf":{"@id":"https:\/\/wpguerssen-test.odoo.rgbconsulting.com\/es\/#website"},"primaryImageOfPage":{"@id":"https:\/\/wpguerssen-test.odoo.rgbconsulting.com\/es\/producto\/danca-do-robalinho-7\/#primaryimage"},"image":{"@id":"https:\/\/wpguerssen-test.odoo.rgbconsulting.com\/es\/producto\/danca-do-robalinho-7\/#primaryimage"},"thumbnailUrl":"https:\/\/wpguerssen-test.odoo.rgbconsulting.com\/wp-content\/uploads\/2024\/10\/48939.jpg","datePublished":"2024-10-30T23:00:00+00:00","dateModified":"2025-04-17T13:19:23+00:00","description":"ANGOLA KILLER JAZZ-FUNK #nl# Milo MacMahon and Ra\u00fal Indipwo, arrived to Portugal in 1959 and, over next three decades, they developed an international career in the music industry. #nl# In addition to Portuguese and the various Angolan languages, the group recorded songs such as \"Sylvie\", \"La Kwela\" and \"Le Palmier\" in French, among others, and also covered Latin American, Spanish-speaking, Brazilian and even North American repertoires, where on their various tours they came into contact with the struggle for the Civil Rights of the black population. #nl# In 1969 Duo Ouro Negro went on tour to the United States. Their experience there was decisive for what we would come to know three years later. \"Don't forget your blackground\", Raul Indipwo would exclaim in 1972, the voice of 'Blackground', the Angolan band's landmark album. Awakened to the activism of Black Power, attentive to the jazz that was being created on American soil, combined with an interest in the independence movements of the African colonies, what was then the most international of Portuguese bands recorded an album in Lisbon that was a vibrant cultural statement through music. #nl# In 1981, \"Blackground\" was revised with new arrangements, including the instrumental \"Dan\u00e7a do Robalinho\".Jazz-Funk at its best and now reissued for the first time in 7\" format.You can't miss this jazz-funk gem made in Angola. #nl# Licensed by Ana Vit\u00f3ria Pereira #nl# Tracklist:Side A: 1. Dan\u00e7a do Robalinho, pt.1Side B: 2. Dan\u00e7a do Robalinho, pt.2","breadcrumb":{"@id":"https:\/\/wpguerssen-test.odoo.rgbconsulting.com\/es\/producto\/danca-do-robalinho-7\/#breadcrumb"},"inLanguage":"es","potentialAction":[{"@type":"ReadAction","target":["https:\/\/wpguerssen-test.odoo.rgbconsulting.com\/es\/producto\/danca-do-robalinho-7\/"]}]},{"@type":"ImageObject","inLanguage":"es","@id":"https:\/\/wpguerssen-test.odoo.rgbconsulting.com\/es\/producto\/danca-do-robalinho-7\/#primaryimage","url":"https:\/\/wpguerssen-test.odoo.rgbconsulting.com\/wp-content\/uploads\/2024\/10\/48939.jpg","contentUrl":"https:\/\/wpguerssen-test.odoo.rgbconsulting.com\/wp-content\/uploads\/2024\/10\/48939.jpg","width":960,"height":960},{"@type":"BreadcrumbList","@id":"https:\/\/wpguerssen-test.odoo.rgbconsulting.com\/es\/producto\/danca-do-robalinho-7\/#breadcrumb","itemListElement":[{"@type":"ListItem","position":1,"name":"Inicio","item":"https:\/\/wpguerssen-test.odoo.rgbconsulting.com\/es\/"},{"@type":"ListItem","position":2,"name":"Shop","item":"https:\/\/wpguerssen-test.odoo.rgbconsulting.com\/shop\/"},{"@type":"ListItem","position":3,"name":"Dan\u00e7a do Robalinho (7&#8243;)"}]},{"@type":"WebSite","@id":"https:\/\/wpguerssen-test.odoo.rgbconsulting.com\/es\/#website","url":"https:\/\/wpguerssen-test.odoo.rgbconsulting.com\/es\/","name":"Guerssen records","description":"psychedelia - progressive - folk - garage ","publisher":{"@id":"https:\/\/wpguerssen-test.odoo.rgbconsulting.com\/es\/#organization"},"potentialAction":[{"@type":"SearchAction","target":{"@type":"EntryPoint","urlTemplate":"https:\/\/wpguerssen-test.odoo.rgbconsulting.com\/es\/?s={search_term_string}"},"query-input":{"@type":"PropertyValueSpecification","valueRequired":true,"valueName":"search_term_string"}}],"inLanguage":"es"},{"@type":"Organization","@id":"https:\/\/wpguerssen-test.odoo.rgbconsulting.com\/es\/#organization","name":"Guerssen records","url":"https:\/\/wpguerssen-test.odoo.rgbconsulting.com\/es\/","logo":{"@type":"ImageObject","inLanguage":"es","@id":"https:\/\/wpguerssen-test.odoo.rgbconsulting.com\/es\/#\/schema\/logo\/image\/","url":"https:\/\/wpguerssen-test.odoo.rgbconsulting.com\/wp-content\/uploads\/2022\/04\/Logo_Guerssen_trans_100.png","contentUrl":"https:\/\/wpguerssen-test.odoo.rgbconsulting.com\/wp-content\/uploads\/2022\/04\/Logo_Guerssen_trans_100.png","width":122,"height":100,"caption":"Guerssen records"},"image":{"@id":"https:\/\/wpguerssen-test.odoo.rgbconsulting.com\/es\/#\/schema\/logo\/image\/"}}]}},"_links":{"self":[{"href":"https:\/\/wpguerssen-test.odoo.rgbconsulting.com\/es\/wp-json\/wp\/v2\/product\/277040","targetHints":{"allow":["GET"]}}],"collection":[{"href":"https:\/\/wpguerssen-test.odoo.rgbconsulting.com\/es\/wp-json\/wp\/v2\/product"}],"about":[{"href":"https:\/\/wpguerssen-test.odoo.rgbconsulting.com\/es\/wp-json\/wp\/v2\/types\/product"}],"wp:featuredmedia":[{"embeddable":true,"href":"https:\/\/wpguerssen-test.odoo.rgbconsulting.com\/es\/wp-json\/wp\/v2\/media\/277022"}],"wp:attachment":[{"href":"https:\/\/wpguerssen-test.odoo.rgbconsulting.com\/es\/wp-json\/wp\/v2\/media?parent=277040"}],"wp:term":[{"taxonomy":"product_brand","embeddable":true,"href":"https:\/\/wpguerssen-test.odoo.rgbconsulting.com\/es\/wp-json\/wp\/v2\/product_brand?post=277040"},{"taxonomy":"product_cat","embeddable":true,"href":"https:\/\/wpguerssen-test.odoo.rgbconsulting.com\/es\/wp-json\/wp\/v2\/product_cat?post=277040"},{"taxonomy":"product_tag","embeddable":true,"href":"https:\/\/wpguerssen-test.odoo.rgbconsulting.com\/es\/wp-json\/wp\/v2\/product_tag?post=277040"}],"curies":[{"name":"wp","href":"https:\/\/api.w.org\/{rel}","templated":true}]}}