{"id":277061,"date":"2025-02-21T00:00:00","date_gmt":"2025-02-20T23:00:00","guid":{"rendered":"https:\/\/wpguerssen-test.odoo.rgbconsulting.com\/product\/puzzle-people-limited-edition\/"},"modified":"2025-03-28T12:43:09","modified_gmt":"2025-03-28T11:43:09","slug":"puzzle-people-limited-edition","status":"publish","type":"product","link":"https:\/\/wpguerssen-test.odoo.rgbconsulting.com\/es\/producto\/puzzle-people-limited-edition\/","title":{"rendered":"Puzzle People (Limited Edition)"},"content":{"rendered":"<p>Producido \u00edntegramente por Norman Whitfield, \u00abPuzzle People\u00bb de The Temptations da el siguiente paso en el camino que inici\u00f3 Cloud Nine y aleja a la banda de Detroit del sonido soul cl\u00e1sico y la acerca m\u00e1s al reino del soul psicod\u00e9lico. Aunque algunas baladas, incluida \u00abRunning Away (Ain&#8217;t Gonna Help You)\u00bb, todav\u00eda est\u00e1n presentes, el \u00e1lbum se compone principalmente de pistas proto-funk derivadas de Sly &#038; the Family Stone\/James Brown, como el sencillo principal \u00abDon&#8217;t Let the Joneses Get You Down\u00bb y el \u00e9xito pop n\u00famero uno de Billboard \u00abI Can&#8217;t Get Next to You\u00bb. Tambi\u00e9n se incluyen versiones de estilo psicod\u00e9lico (grabadas con guitarras distorsionadas, clavinets y efectos de sonido y reverberaci\u00f3n espacial) de canciones contempor\u00e1neas como \u00abIt&#8217;s Your Thing\u00bb de The Isley Brothers, \u00abHey Jude\u00bb de The Beatles y \u00abLittle Green Apples\u00bb.<br \/>\u00abPuzzle People\u00bb se lanz\u00f3 el mismo d\u00eda (23 de septiembre de 1969) que \u00abTogether\u00bb, un \u00e1lbum a d\u00fao de versiones de The Temptations y sus compa\u00f1eras de sello Diana Ross &#038; the Supremes. Alcanz\u00f3 el Top 5 en la lista de \u00e1lbumes pop de Billboard y pas\u00f3 quince semanas en el n\u00famero uno en la lista de \u00e1lbumes de R&#038;B.<br \/>Grabado en Hitsville U.S.A. (Estudio A) y Golden World Studios (Estudio B) en Detroit, Michigan, entre Octubre de 1968 y julio de 1969.<\/p>\n","protected":false},"excerpt":{"rendered":"<p>Producido \u00edntegramente por Norman Whitfield, \u00abPuzzle People\u00bb de The Temptations da el siguiente paso en el camino que inici\u00f3 Cloud Nine y aleja a la banda de Detroit<a class=\"read\" href=\"https:\/\/wpguerssen-test.odoo.rgbconsulting.com\/es\/producto\/puzzle-people-limited-edition\/\"> (...)<\/a>","protected":false},"featured_media":277121,"template":"","meta":{"_acf_changed":false},"product_brand":[],"product_cat":[21639,21649],"product_tag":[24185],"class_list":{"0":"post-277061","1":"product","2":"type-product","3":"status-publish","4":"has-post-thumbnail","6":"product_cat-psychedelic60s-70s-es","7":"product_cat-soul-rnb-es","8":"product_tag-de-nuevo-en-existencia","9":"pa_artist-temptations-the","10":"pa_format-lp-es","11":"pa_gender-psychedelic60s-70s-soul-rnb","12":"pa_label-elemental-music","13":"pa_location-north-america-es","14":"pa_other-filters-vinyl-only-es","16":"first","17":"instock","18":"taxable","19":"shipping-taxable","20":"purchasable","21":"product-type-simple"},"acf":[],"yoast_head":"<!-- This site is optimized with the Yoast SEO plugin v24.9 - https:\/\/yoast.com\/wordpress\/plugins\/seo\/ -->\n<title>TEMPTATIONS, The - Puzzle People (Limited Edition) -  (LP) | Guerssen<\/title>\n<meta name=\"description\" content=\"Produced entirely by Norman Whitfield, The Temptations&#039;s &quot;Puzzle People&quot; takes the next step along the path that Cloud Nine started, and takes the Detroit band further away from a classic soul sound, and more towards the realm of psychedelic soul. Although a few ballads, including &quot;Running Away (Ain&#039;t Gonna Help You),&quot; are still present, the album is primarily composed of Sly &amp; the Family Stone\/James Brownderived proto-funk tracks such as the lead single &quot;Don&#039;t Let the Joneses Get You Down,&quot; and the number-one Billboard Pop hit &quot;I Can&#039;t Get Next to You.&quot; Also included are psychedelic-styled covers (recorded with distorted guitars, clavinets, and spacy reverb and sound effects) of contemporary songs such as The Isley Brothers&#039; &quot;It&#039;s Your Thing,&quot; The Beatles&#039; &quot;Hey Jude,&quot; and Roger Miller&#039;s &quot;Little Green Apples.&quot;&quot;Puzzle People&quot; was released on the same day (September 23, 1969) as &quot;Together&quot;, a duets album of covers by The Temptations and label mates Diana Ross &amp; the Supremes. It peaked into the Top 5 on the Billboard Pop Albums chart, and spent fifteen weeks at number one on the R&amp;B Albums chart.Recorded at Hitsville U.S.A. (Studio A) and Golden World Studios (Studio B) in Detroit, Michigan between October 1968 and July 1969.\" \/>\n<meta name=\"robots\" content=\"index, follow, max-snippet:-1, max-image-preview:large, max-video-preview:-1\" \/>\n<link rel=\"canonical\" href=\"https:\/\/wpguerssen-test.odoo.rgbconsulting.com\/es\/producto\/puzzle-people-limited-edition\/\" \/>\n<meta property=\"og:locale\" content=\"es_ES\" \/>\n<meta property=\"og:type\" content=\"article\" \/>\n<meta property=\"og:title\" content=\"TEMPTATIONS, The - Puzzle People (Limited Edition) -  (LP) | Guerssen\" \/>\n<meta property=\"og:description\" content=\"Produced entirely by Norman Whitfield, The Temptations&#039;s &quot;Puzzle People&quot; takes the next step along the path that Cloud Nine started, and takes the Detroit band further away from a classic soul sound, and more towards the realm of psychedelic soul. Although a few ballads, including &quot;Running Away (Ain&#039;t Gonna Help You),&quot; are still present, the album is primarily composed of Sly &amp; the Family Stone\/James Brownderived proto-funk tracks such as the lead single &quot;Don&#039;t Let the Joneses Get You Down,&quot; and the number-one Billboard Pop hit &quot;I Can&#039;t Get Next to You.&quot; Also included are psychedelic-styled covers (recorded with distorted guitars, clavinets, and spacy reverb and sound effects) of contemporary songs such as The Isley Brothers&#039; &quot;It&#039;s Your Thing,&quot; The Beatles&#039; &quot;Hey Jude,&quot; and Roger Miller&#039;s &quot;Little Green Apples.&quot;&quot;Puzzle People&quot; was released on the same day (September 23, 1969) as &quot;Together&quot;, a duets album of covers by The Temptations and label mates Diana Ross &amp; the Supremes. It peaked into the Top 5 on the Billboard Pop Albums chart, and spent fifteen weeks at number one on the R&amp;B Albums chart.Recorded at Hitsville U.S.A. (Studio A) and Golden World Studios (Studio B) in Detroit, Michigan between October 1968 and July 1969.\" \/>\n<meta property=\"og:url\" content=\"https:\/\/wpguerssen-test.odoo.rgbconsulting.com\/es\/producto\/puzzle-people-limited-edition\/\" \/>\n<meta property=\"og:site_name\" content=\"Guerssen records\" \/>\n<meta property=\"article:modified_time\" content=\"2025-03-28T11:43:09+00:00\" \/>\n<meta property=\"og:image\" content=\"https:\/\/wpguerssen-test.odoo.rgbconsulting.com\/wp-content\/uploads\/2024\/10\/48943.jpg\" \/>\n\t<meta property=\"og:image:width\" content=\"351\" \/>\n\t<meta property=\"og:image:height\" content=\"351\" \/>\n\t<meta property=\"og:image:type\" content=\"image\/jpeg\" \/>\n<meta name=\"twitter:card\" content=\"summary_large_image\" \/>\n<meta name=\"twitter:title\" content=\"TEMPTATIONS, The - Puzzle People (Limited Edition) -  (LP) | Guerssen\" \/>\n<meta name=\"twitter:label1\" content=\"Tiempo de lectura\" \/>\n\t<meta name=\"twitter:data1\" content=\"1 minuto\" \/>\n<script type=\"application\/ld+json\" class=\"yoast-schema-graph\">{\"@context\":\"https:\/\/schema.org\",\"@graph\":[{\"@type\":\"WebPage\",\"@id\":\"https:\/\/wpguerssen-test.odoo.rgbconsulting.com\/es\/producto\/puzzle-people-limited-edition\/\",\"url\":\"https:\/\/wpguerssen-test.odoo.rgbconsulting.com\/es\/producto\/puzzle-people-limited-edition\/\",\"name\":\"TEMPTATIONS, The - Puzzle People (Limited Edition) - (LP) | Guerssen\",\"isPartOf\":{\"@id\":\"https:\/\/wpguerssen-test.odoo.rgbconsulting.com\/es\/#website\"},\"primaryImageOfPage\":{\"@id\":\"https:\/\/wpguerssen-test.odoo.rgbconsulting.com\/es\/producto\/puzzle-people-limited-edition\/#primaryimage\"},\"image\":{\"@id\":\"https:\/\/wpguerssen-test.odoo.rgbconsulting.com\/es\/producto\/puzzle-people-limited-edition\/#primaryimage\"},\"thumbnailUrl\":\"https:\/\/wpguerssen-test.odoo.rgbconsulting.com\/wp-content\/uploads\/2024\/10\/48943.jpg\",\"datePublished\":\"2025-02-20T23:00:00+00:00\",\"dateModified\":\"2025-03-28T11:43:09+00:00\",\"description\":\"Produced entirely by Norman Whitfield, The Temptations's \\\"Puzzle People\\\" takes the next step along the path that Cloud Nine started, and takes the Detroit band further away from a classic soul sound, and more towards the realm of psychedelic soul. Although a few ballads, including \\\"Running Away (Ain't Gonna Help You),\\\" are still present, the album is primarily composed of Sly & the Family Stone\/James Brownderived proto-funk tracks such as the lead single \\\"Don't Let the Joneses Get You Down,\\\" and the number-one Billboard Pop hit \\\"I Can't Get Next to You.\\\" Also included are psychedelic-styled covers (recorded with distorted guitars, clavinets, and spacy reverb and sound effects) of contemporary songs such as The Isley Brothers' \\\"It's Your Thing,\\\" The Beatles' \\\"Hey Jude,\\\" and Roger Miller's \\\"Little Green Apples.\\\"\\\"Puzzle People\\\" was released on the same day (September 23, 1969) as \\\"Together\\\", a duets album of covers by The Temptations and label mates Diana Ross & the Supremes. It peaked into the Top 5 on the Billboard Pop Albums chart, and spent fifteen weeks at number one on the R&B Albums chart.Recorded at Hitsville U.S.A. (Studio A) and Golden World Studios (Studio B) in Detroit, Michigan between October 1968 and July 1969.\",\"breadcrumb\":{\"@id\":\"https:\/\/wpguerssen-test.odoo.rgbconsulting.com\/es\/producto\/puzzle-people-limited-edition\/#breadcrumb\"},\"inLanguage\":\"es\",\"potentialAction\":[{\"@type\":\"ReadAction\",\"target\":[\"https:\/\/wpguerssen-test.odoo.rgbconsulting.com\/es\/producto\/puzzle-people-limited-edition\/\"]}]},{\"@type\":\"ImageObject\",\"inLanguage\":\"es\",\"@id\":\"https:\/\/wpguerssen-test.odoo.rgbconsulting.com\/es\/producto\/puzzle-people-limited-edition\/#primaryimage\",\"url\":\"https:\/\/wpguerssen-test.odoo.rgbconsulting.com\/wp-content\/uploads\/2024\/10\/48943.jpg\",\"contentUrl\":\"https:\/\/wpguerssen-test.odoo.rgbconsulting.com\/wp-content\/uploads\/2024\/10\/48943.jpg\",\"width\":351,\"height\":351,\"caption\":\"The - Puzzle People (Limited Edition) - ELEMENTAL MUSIC (LP) | Guerssen\"},{\"@type\":\"BreadcrumbList\",\"@id\":\"https:\/\/wpguerssen-test.odoo.rgbconsulting.com\/es\/producto\/puzzle-people-limited-edition\/#breadcrumb\",\"itemListElement\":[{\"@type\":\"ListItem\",\"position\":1,\"name\":\"Inicio\",\"item\":\"https:\/\/wpguerssen-test.odoo.rgbconsulting.com\/es\/\"},{\"@type\":\"ListItem\",\"position\":2,\"name\":\"Shop\",\"item\":\"https:\/\/wpguerssen-test.odoo.rgbconsulting.com\/shop\/\"},{\"@type\":\"ListItem\",\"position\":3,\"name\":\"Puzzle People (Limited Edition)\"}]},{\"@type\":\"WebSite\",\"@id\":\"https:\/\/wpguerssen-test.odoo.rgbconsulting.com\/es\/#website\",\"url\":\"https:\/\/wpguerssen-test.odoo.rgbconsulting.com\/es\/\",\"name\":\"Guerssen records\",\"description\":\"psychedelia - progressive - folk - garage \",\"publisher\":{\"@id\":\"https:\/\/wpguerssen-test.odoo.rgbconsulting.com\/es\/#organization\"},\"potentialAction\":[{\"@type\":\"SearchAction\",\"target\":{\"@type\":\"EntryPoint\",\"urlTemplate\":\"https:\/\/wpguerssen-test.odoo.rgbconsulting.com\/es\/?s={search_term_string}\"},\"query-input\":{\"@type\":\"PropertyValueSpecification\",\"valueRequired\":true,\"valueName\":\"search_term_string\"}}],\"inLanguage\":\"es\"},{\"@type\":\"Organization\",\"@id\":\"https:\/\/wpguerssen-test.odoo.rgbconsulting.com\/es\/#organization\",\"name\":\"Guerssen records\",\"url\":\"https:\/\/wpguerssen-test.odoo.rgbconsulting.com\/es\/\",\"logo\":{\"@type\":\"ImageObject\",\"inLanguage\":\"es\",\"@id\":\"https:\/\/wpguerssen-test.odoo.rgbconsulting.com\/es\/#\/schema\/logo\/image\/\",\"url\":\"https:\/\/wpguerssen-test.odoo.rgbconsulting.com\/wp-content\/uploads\/2022\/04\/Logo_Guerssen_trans_100.png\",\"contentUrl\":\"https:\/\/wpguerssen-test.odoo.rgbconsulting.com\/wp-content\/uploads\/2022\/04\/Logo_Guerssen_trans_100.png\",\"width\":122,\"height\":100,\"caption\":\"Guerssen records\"},\"image\":{\"@id\":\"https:\/\/wpguerssen-test.odoo.rgbconsulting.com\/es\/#\/schema\/logo\/image\/\"}}]}<\/script>\n<!-- \/ Yoast SEO plugin. -->","yoast_head_json":{"title":"TEMPTATIONS, The - Puzzle People (Limited Edition) -  (LP) | Guerssen","description":"Produced entirely by Norman Whitfield, The Temptations's \"Puzzle People\" takes the next step along the path that Cloud Nine started, and takes the Detroit band further away from a classic soul sound, and more towards the realm of psychedelic soul. Although a few ballads, including \"Running Away (Ain't Gonna Help You),\" are still present, the album is primarily composed of Sly & the Family Stone\/James Brownderived proto-funk tracks such as the lead single \"Don't Let the Joneses Get You Down,\" and the number-one Billboard Pop hit \"I Can't Get Next to You.\" Also included are psychedelic-styled covers (recorded with distorted guitars, clavinets, and spacy reverb and sound effects) of contemporary songs such as The Isley Brothers' \"It's Your Thing,\" The Beatles' \"Hey Jude,\" and Roger Miller's \"Little Green Apples.\"\"Puzzle People\" was released on the same day (September 23, 1969) as \"Together\", a duets album of covers by The Temptations and label mates Diana Ross & the Supremes. It peaked into the Top 5 on the Billboard Pop Albums chart, and spent fifteen weeks at number one on the R&B Albums chart.Recorded at Hitsville U.S.A. (Studio A) and Golden World Studios (Studio B) in Detroit, Michigan between October 1968 and July 1969.","robots":{"index":"index","follow":"follow","max-snippet":"max-snippet:-1","max-image-preview":"max-image-preview:large","max-video-preview":"max-video-preview:-1"},"canonical":"https:\/\/wpguerssen-test.odoo.rgbconsulting.com\/es\/producto\/puzzle-people-limited-edition\/","og_locale":"es_ES","og_type":"article","og_title":"TEMPTATIONS, The - Puzzle People (Limited Edition) -  (LP) | Guerssen","og_description":"Produced entirely by Norman Whitfield, The Temptations's \"Puzzle People\" takes the next step along the path that Cloud Nine started, and takes the Detroit band further away from a classic soul sound, and more towards the realm of psychedelic soul. Although a few ballads, including \"Running Away (Ain't Gonna Help You),\" are still present, the album is primarily composed of Sly & the Family Stone\/James Brownderived proto-funk tracks such as the lead single \"Don't Let the Joneses Get You Down,\" and the number-one Billboard Pop hit \"I Can't Get Next to You.\" Also included are psychedelic-styled covers (recorded with distorted guitars, clavinets, and spacy reverb and sound effects) of contemporary songs such as The Isley Brothers' \"It's Your Thing,\" The Beatles' \"Hey Jude,\" and Roger Miller's \"Little Green Apples.\"\"Puzzle People\" was released on the same day (September 23, 1969) as \"Together\", a duets album of covers by The Temptations and label mates Diana Ross & the Supremes. It peaked into the Top 5 on the Billboard Pop Albums chart, and spent fifteen weeks at number one on the R&B Albums chart.Recorded at Hitsville U.S.A. (Studio A) and Golden World Studios (Studio B) in Detroit, Michigan between October 1968 and July 1969.","og_url":"https:\/\/wpguerssen-test.odoo.rgbconsulting.com\/es\/producto\/puzzle-people-limited-edition\/","og_site_name":"Guerssen records","article_modified_time":"2025-03-28T11:43:09+00:00","og_image":[{"width":351,"height":351,"url":"https:\/\/wpguerssen-test.odoo.rgbconsulting.com\/wp-content\/uploads\/2024\/10\/48943.jpg","type":"image\/jpeg"}],"twitter_card":"summary_large_image","twitter_title":"TEMPTATIONS, The - Puzzle People (Limited Edition) -  (LP) | Guerssen","twitter_misc":{"Tiempo de lectura":"1 minuto"},"schema":{"@context":"https:\/\/schema.org","@graph":[{"@type":"WebPage","@id":"https:\/\/wpguerssen-test.odoo.rgbconsulting.com\/es\/producto\/puzzle-people-limited-edition\/","url":"https:\/\/wpguerssen-test.odoo.rgbconsulting.com\/es\/producto\/puzzle-people-limited-edition\/","name":"TEMPTATIONS, The - Puzzle People (Limited Edition) - (LP) | Guerssen","isPartOf":{"@id":"https:\/\/wpguerssen-test.odoo.rgbconsulting.com\/es\/#website"},"primaryImageOfPage":{"@id":"https:\/\/wpguerssen-test.odoo.rgbconsulting.com\/es\/producto\/puzzle-people-limited-edition\/#primaryimage"},"image":{"@id":"https:\/\/wpguerssen-test.odoo.rgbconsulting.com\/es\/producto\/puzzle-people-limited-edition\/#primaryimage"},"thumbnailUrl":"https:\/\/wpguerssen-test.odoo.rgbconsulting.com\/wp-content\/uploads\/2024\/10\/48943.jpg","datePublished":"2025-02-20T23:00:00+00:00","dateModified":"2025-03-28T11:43:09+00:00","description":"Produced entirely by Norman Whitfield, The Temptations's \"Puzzle People\" takes the next step along the path that Cloud Nine started, and takes the Detroit band further away from a classic soul sound, and more towards the realm of psychedelic soul. Although a few ballads, including \"Running Away (Ain't Gonna Help You),\" are still present, the album is primarily composed of Sly & the Family Stone\/James Brownderived proto-funk tracks such as the lead single \"Don't Let the Joneses Get You Down,\" and the number-one Billboard Pop hit \"I Can't Get Next to You.\" Also included are psychedelic-styled covers (recorded with distorted guitars, clavinets, and spacy reverb and sound effects) of contemporary songs such as The Isley Brothers' \"It's Your Thing,\" The Beatles' \"Hey Jude,\" and Roger Miller's \"Little Green Apples.\"\"Puzzle People\" was released on the same day (September 23, 1969) as \"Together\", a duets album of covers by The Temptations and label mates Diana Ross & the Supremes. It peaked into the Top 5 on the Billboard Pop Albums chart, and spent fifteen weeks at number one on the R&B Albums chart.Recorded at Hitsville U.S.A. (Studio A) and Golden World Studios (Studio B) in Detroit, Michigan between October 1968 and July 1969.","breadcrumb":{"@id":"https:\/\/wpguerssen-test.odoo.rgbconsulting.com\/es\/producto\/puzzle-people-limited-edition\/#breadcrumb"},"inLanguage":"es","potentialAction":[{"@type":"ReadAction","target":["https:\/\/wpguerssen-test.odoo.rgbconsulting.com\/es\/producto\/puzzle-people-limited-edition\/"]}]},{"@type":"ImageObject","inLanguage":"es","@id":"https:\/\/wpguerssen-test.odoo.rgbconsulting.com\/es\/producto\/puzzle-people-limited-edition\/#primaryimage","url":"https:\/\/wpguerssen-test.odoo.rgbconsulting.com\/wp-content\/uploads\/2024\/10\/48943.jpg","contentUrl":"https:\/\/wpguerssen-test.odoo.rgbconsulting.com\/wp-content\/uploads\/2024\/10\/48943.jpg","width":351,"height":351,"caption":"The - Puzzle People (Limited Edition) - ELEMENTAL MUSIC (LP) | Guerssen"},{"@type":"BreadcrumbList","@id":"https:\/\/wpguerssen-test.odoo.rgbconsulting.com\/es\/producto\/puzzle-people-limited-edition\/#breadcrumb","itemListElement":[{"@type":"ListItem","position":1,"name":"Inicio","item":"https:\/\/wpguerssen-test.odoo.rgbconsulting.com\/es\/"},{"@type":"ListItem","position":2,"name":"Shop","item":"https:\/\/wpguerssen-test.odoo.rgbconsulting.com\/shop\/"},{"@type":"ListItem","position":3,"name":"Puzzle People (Limited Edition)"}]},{"@type":"WebSite","@id":"https:\/\/wpguerssen-test.odoo.rgbconsulting.com\/es\/#website","url":"https:\/\/wpguerssen-test.odoo.rgbconsulting.com\/es\/","name":"Guerssen records","description":"psychedelia - progressive - folk - garage ","publisher":{"@id":"https:\/\/wpguerssen-test.odoo.rgbconsulting.com\/es\/#organization"},"potentialAction":[{"@type":"SearchAction","target":{"@type":"EntryPoint","urlTemplate":"https:\/\/wpguerssen-test.odoo.rgbconsulting.com\/es\/?s={search_term_string}"},"query-input":{"@type":"PropertyValueSpecification","valueRequired":true,"valueName":"search_term_string"}}],"inLanguage":"es"},{"@type":"Organization","@id":"https:\/\/wpguerssen-test.odoo.rgbconsulting.com\/es\/#organization","name":"Guerssen records","url":"https:\/\/wpguerssen-test.odoo.rgbconsulting.com\/es\/","logo":{"@type":"ImageObject","inLanguage":"es","@id":"https:\/\/wpguerssen-test.odoo.rgbconsulting.com\/es\/#\/schema\/logo\/image\/","url":"https:\/\/wpguerssen-test.odoo.rgbconsulting.com\/wp-content\/uploads\/2022\/04\/Logo_Guerssen_trans_100.png","contentUrl":"https:\/\/wpguerssen-test.odoo.rgbconsulting.com\/wp-content\/uploads\/2022\/04\/Logo_Guerssen_trans_100.png","width":122,"height":100,"caption":"Guerssen records"},"image":{"@id":"https:\/\/wpguerssen-test.odoo.rgbconsulting.com\/es\/#\/schema\/logo\/image\/"}}]}},"_links":{"self":[{"href":"https:\/\/wpguerssen-test.odoo.rgbconsulting.com\/es\/wp-json\/wp\/v2\/product\/277061","targetHints":{"allow":["GET"]}}],"collection":[{"href":"https:\/\/wpguerssen-test.odoo.rgbconsulting.com\/es\/wp-json\/wp\/v2\/product"}],"about":[{"href":"https:\/\/wpguerssen-test.odoo.rgbconsulting.com\/es\/wp-json\/wp\/v2\/types\/product"}],"wp:featuredmedia":[{"embeddable":true,"href":"https:\/\/wpguerssen-test.odoo.rgbconsulting.com\/es\/wp-json\/wp\/v2\/media\/277121"}],"wp:attachment":[{"href":"https:\/\/wpguerssen-test.odoo.rgbconsulting.com\/es\/wp-json\/wp\/v2\/media?parent=277061"}],"wp:term":[{"taxonomy":"product_brand","embeddable":true,"href":"https:\/\/wpguerssen-test.odoo.rgbconsulting.com\/es\/wp-json\/wp\/v2\/product_brand?post=277061"},{"taxonomy":"product_cat","embeddable":true,"href":"https:\/\/wpguerssen-test.odoo.rgbconsulting.com\/es\/wp-json\/wp\/v2\/product_cat?post=277061"},{"taxonomy":"product_tag","embeddable":true,"href":"https:\/\/wpguerssen-test.odoo.rgbconsulting.com\/es\/wp-json\/wp\/v2\/product_tag?post=277061"}],"curies":[{"name":"wp","href":"https:\/\/api.w.org\/{rel}","templated":true}]}}