{"id":277099,"date":"2024-10-24T00:00:00","date_gmt":"2024-10-23T22:00:00","guid":{"rendered":"https:\/\/wpguerssen-test.odoo.rgbconsulting.com\/product\/mare-la-lande\/"},"modified":"2025-01-30T17:12:45","modified_gmt":"2025-01-30T16:12:45","slug":"mare-la-lande","status":"publish","type":"product","link":"https:\/\/wpguerssen-test.odoo.rgbconsulting.com\/es\/producto\/mare-la-lande\/","title":{"rendered":"Mare La Lande"},"content":{"rendered":"<p>Con gran emoci\u00f3n anunciamos la reedici\u00f3n oficial de una verdadera joya perdida del folk franc\u00e9s, MARE LA LANDE lp de Laurent ANGRAND y Patrick ROBIN en FRANCE BIZARRE RECORDS y REGLIS RECORDS.<br \/>Publicado originalmente en 1974 en Palma y distribuido por Arfolk en En una cantidad desconocida (unas 300 copias seg\u00fan el productor Richard LOURY), el d\u00fao se separ\u00f3 justo antes de la presentaci\u00f3n del \u00e1lbum al p\u00fablico, lo que dificult\u00f3 bastante su comercializaci\u00f3n en aquel momento. La mayor parte de la edici\u00f3n fue para Artfolk, probablemente para quedarse despu\u00e9s y perderse en el tiempo y el espacio&#8230;<br \/>MARE LA LANDE es un testimonio de que el folk franc\u00e9s de los a\u00f1os 70 pod\u00eda competir f\u00e1cilmente con sus hom\u00f3logos ingleses y americanos. Con la expresividad de un Bert Jansch, la vibra de un atardecer en Laurel Canyon y un peculiar regusto franc\u00e9s, este disco merece salir a la luz una vez m\u00e1s casi 50 a\u00f1os despu\u00e9s de su primera aparici\u00f3n.<br \/>Con la aprobaci\u00f3n de Patrick ROBIN , Richard Loury, Arfolk y en nombre de la memoria de Laurent ANGRAND, hemos estado trabajando durante los \u00faltimos meses en una reedici\u00f3n con arte original y un master completamente nuevo para la m\u00e1xima calidad sonora y visual que resume la grandeza de este disco singular. .<br \/>300 ejemplares. Interior impreso con Liner Notes en franc\u00e9s e ingl\u00e9s. Adhesivo Hype en la funda protectora. Reedici\u00f3n oficial.<\/p>\n","protected":false},"excerpt":{"rendered":"<p>Con gran emoci\u00f3n anunciamos la reedici\u00f3n oficial de una verdadera joya perdida del folk franc\u00e9s, MARE LA LANDE lp de Laurent ANGRAND y Patrick ROBIN en FRANCE BIZARRE<a class=\"read\" href=\"https:\/\/wpguerssen-test.odoo.rgbconsulting.com\/es\/producto\/mare-la-lande\/\"> (...)<\/a>","protected":false},"featured_media":277095,"template":"","meta":{"_acf_changed":false},"product_brand":[],"product_cat":[23271],"product_tag":[],"class_list":{"0":"post-277099","1":"product","2":"type-product","3":"status-publish","4":"has-post-thumbnail","6":"product_cat-folk-60s-70s-es","7":"pa_artist-angrand-laurent-robin-patrick","8":"pa_format-lp-es","9":"pa_gender-folk-60s-70s","10":"pa_label-france-bizarre","11":"pa_location-europe-es","12":"pa_other-filters-vinyl-only-es","14":"first","15":"instock","16":"taxable","17":"shipping-taxable","18":"purchasable","19":"product-type-simple"},"acf":[],"yoast_head":"<!-- This site is optimized with the Yoast SEO plugin v24.9 - https:\/\/yoast.com\/wordpress\/plugins\/seo\/ -->\n<title>ANGRAND, Laurent \/ ROBIN, Patrick - Mare La Lande -  (LP) | Guerssen<\/title>\n<meta name=\"description\" content=\"It is with great excitement that we announce the official reissue of a french folk true lost gem, Laurent ANGRAND and Patrick ROBIN&#039;s MARE LA LANDE lp on FRANCE BIZARRE RECORDS and REGLIS RECORDS.Originally released in 1974 on Palma and distributed by Arfolk in an unknown quantity (around 300 copies according to producer Richard LOURY), the duo parted ways right before the album was presented to the public which made it quite difficult to market at the time. Most of the pressing went to Artfolk, probably to remainder afterward and get lost in time and space...MARE LA LANDE is a testimony that french folk from the 70&#039;s could easily compete with their english and american counterparts. With the expressivity of a Bert Jansch, the vibe of a sunset sighting on Laurel Canyon and a peculiar french aftertaste, this record deserves to be put into light once again nearly 50 years after its first occurrence.With the approval of Patrick ROBIN, Richard Loury, Arfolk and on behalf of the memory of Laurent ANGRAND, we&#039;ve been working for the past few months on a reissue with original artwork and a brand new master for maximum sound and visual quality that encapsulated the greatness of this singular record.300 copies. Printed inner with Liner Notes in French and English. Hype Sticker on protective sleeve. Official reissue\" \/>\n<meta name=\"robots\" content=\"index, follow, max-snippet:-1, max-image-preview:large, max-video-preview:-1\" \/>\n<link rel=\"canonical\" href=\"https:\/\/wpguerssen-test.odoo.rgbconsulting.com\/es\/producto\/mare-la-lande\/\" \/>\n<meta property=\"og:locale\" content=\"es_ES\" \/>\n<meta property=\"og:type\" content=\"article\" \/>\n<meta property=\"og:title\" content=\"ANGRAND, Laurent \/ ROBIN, Patrick - Mare La Lande -  (LP) | Guerssen\" \/>\n<meta property=\"og:description\" content=\"It is with great excitement that we announce the official reissue of a french folk true lost gem, Laurent ANGRAND and Patrick ROBIN&#039;s MARE LA LANDE lp on FRANCE BIZARRE RECORDS and REGLIS RECORDS.Originally released in 1974 on Palma and distributed by Arfolk in an unknown quantity (around 300 copies according to producer Richard LOURY), the duo parted ways right before the album was presented to the public which made it quite difficult to market at the time. Most of the pressing went to Artfolk, probably to remainder afterward and get lost in time and space...MARE LA LANDE is a testimony that french folk from the 70&#039;s could easily compete with their english and american counterparts. With the expressivity of a Bert Jansch, the vibe of a sunset sighting on Laurel Canyon and a peculiar french aftertaste, this record deserves to be put into light once again nearly 50 years after its first occurrence.With the approval of Patrick ROBIN, Richard Loury, Arfolk and on behalf of the memory of Laurent ANGRAND, we&#039;ve been working for the past few months on a reissue with original artwork and a brand new master for maximum sound and visual quality that encapsulated the greatness of this singular record.300 copies. Printed inner with Liner Notes in French and English. Hype Sticker on protective sleeve. Official reissue\" \/>\n<meta property=\"og:url\" content=\"https:\/\/wpguerssen-test.odoo.rgbconsulting.com\/es\/producto\/mare-la-lande\/\" \/>\n<meta property=\"og:site_name\" content=\"Guerssen records\" \/>\n<meta property=\"article:modified_time\" content=\"2025-01-30T16:12:45+00:00\" \/>\n<meta property=\"og:image\" content=\"https:\/\/wpguerssen-test.odoo.rgbconsulting.com\/wp-content\/uploads\/2024\/10\/48946.jpg\" \/>\n\t<meta property=\"og:image:width\" content=\"700\" \/>\n\t<meta property=\"og:image:height\" content=\"700\" \/>\n\t<meta property=\"og:image:type\" content=\"image\/jpeg\" \/>\n<meta name=\"twitter:card\" content=\"summary_large_image\" \/>\n<meta name=\"twitter:title\" content=\"ANGRAND, Laurent \/ ROBIN, Patrick - Mare La Lande -  (LP) | Guerssen\" \/>\n<meta name=\"twitter:label1\" content=\"Tiempo de lectura\" \/>\n\t<meta name=\"twitter:data1\" content=\"1 minuto\" \/>\n<script type=\"application\/ld+json\" class=\"yoast-schema-graph\">{\"@context\":\"https:\/\/schema.org\",\"@graph\":[{\"@type\":\"WebPage\",\"@id\":\"https:\/\/wpguerssen-test.odoo.rgbconsulting.com\/es\/producto\/mare-la-lande\/\",\"url\":\"https:\/\/wpguerssen-test.odoo.rgbconsulting.com\/es\/producto\/mare-la-lande\/\",\"name\":\"ANGRAND, Laurent \/ ROBIN, Patrick - Mare La Lande - (LP) | Guerssen\",\"isPartOf\":{\"@id\":\"https:\/\/wpguerssen-test.odoo.rgbconsulting.com\/es\/#website\"},\"primaryImageOfPage\":{\"@id\":\"https:\/\/wpguerssen-test.odoo.rgbconsulting.com\/es\/producto\/mare-la-lande\/#primaryimage\"},\"image\":{\"@id\":\"https:\/\/wpguerssen-test.odoo.rgbconsulting.com\/es\/producto\/mare-la-lande\/#primaryimage\"},\"thumbnailUrl\":\"https:\/\/wpguerssen-test.odoo.rgbconsulting.com\/wp-content\/uploads\/2024\/10\/48946.jpg\",\"datePublished\":\"2024-10-23T22:00:00+00:00\",\"dateModified\":\"2025-01-30T16:12:45+00:00\",\"description\":\"It is with great excitement that we announce the official reissue of a french folk true lost gem, Laurent ANGRAND and Patrick ROBIN's MARE LA LANDE lp on FRANCE BIZARRE RECORDS and REGLIS RECORDS.Originally released in 1974 on Palma and distributed by Arfolk in an unknown quantity (around 300 copies according to producer Richard LOURY), the duo parted ways right before the album was presented to the public which made it quite difficult to market at the time. Most of the pressing went to Artfolk, probably to remainder afterward and get lost in time and space...MARE LA LANDE is a testimony that french folk from the 70's could easily compete with their english and american counterparts. With the expressivity of a Bert Jansch, the vibe of a sunset sighting on Laurel Canyon and a peculiar french aftertaste, this record deserves to be put into light once again nearly 50 years after its first occurrence.With the approval of Patrick ROBIN, Richard Loury, Arfolk and on behalf of the memory of Laurent ANGRAND, we've been working for the past few months on a reissue with original artwork and a brand new master for maximum sound and visual quality that encapsulated the greatness of this singular record.300 copies. Printed inner with Liner Notes in French and English. Hype Sticker on protective sleeve. Official reissue\",\"breadcrumb\":{\"@id\":\"https:\/\/wpguerssen-test.odoo.rgbconsulting.com\/es\/producto\/mare-la-lande\/#breadcrumb\"},\"inLanguage\":\"es\",\"potentialAction\":[{\"@type\":\"ReadAction\",\"target\":[\"https:\/\/wpguerssen-test.odoo.rgbconsulting.com\/es\/producto\/mare-la-lande\/\"]}]},{\"@type\":\"ImageObject\",\"inLanguage\":\"es\",\"@id\":\"https:\/\/wpguerssen-test.odoo.rgbconsulting.com\/es\/producto\/mare-la-lande\/#primaryimage\",\"url\":\"https:\/\/wpguerssen-test.odoo.rgbconsulting.com\/wp-content\/uploads\/2024\/10\/48946.jpg\",\"contentUrl\":\"https:\/\/wpguerssen-test.odoo.rgbconsulting.com\/wp-content\/uploads\/2024\/10\/48946.jpg\",\"width\":700,\"height\":700,\"caption\":\"Laurent \/ ROBIN\"},{\"@type\":\"BreadcrumbList\",\"@id\":\"https:\/\/wpguerssen-test.odoo.rgbconsulting.com\/es\/producto\/mare-la-lande\/#breadcrumb\",\"itemListElement\":[{\"@type\":\"ListItem\",\"position\":1,\"name\":\"Inicio\",\"item\":\"https:\/\/wpguerssen-test.odoo.rgbconsulting.com\/es\/\"},{\"@type\":\"ListItem\",\"position\":2,\"name\":\"Shop\",\"item\":\"https:\/\/wpguerssen-test.odoo.rgbconsulting.com\/shop\/\"},{\"@type\":\"ListItem\",\"position\":3,\"name\":\"Mare La Lande\"}]},{\"@type\":\"WebSite\",\"@id\":\"https:\/\/wpguerssen-test.odoo.rgbconsulting.com\/es\/#website\",\"url\":\"https:\/\/wpguerssen-test.odoo.rgbconsulting.com\/es\/\",\"name\":\"Guerssen records\",\"description\":\"psychedelia - progressive - folk - garage \",\"publisher\":{\"@id\":\"https:\/\/wpguerssen-test.odoo.rgbconsulting.com\/es\/#organization\"},\"potentialAction\":[{\"@type\":\"SearchAction\",\"target\":{\"@type\":\"EntryPoint\",\"urlTemplate\":\"https:\/\/wpguerssen-test.odoo.rgbconsulting.com\/es\/?s={search_term_string}\"},\"query-input\":{\"@type\":\"PropertyValueSpecification\",\"valueRequired\":true,\"valueName\":\"search_term_string\"}}],\"inLanguage\":\"es\"},{\"@type\":\"Organization\",\"@id\":\"https:\/\/wpguerssen-test.odoo.rgbconsulting.com\/es\/#organization\",\"name\":\"Guerssen records\",\"url\":\"https:\/\/wpguerssen-test.odoo.rgbconsulting.com\/es\/\",\"logo\":{\"@type\":\"ImageObject\",\"inLanguage\":\"es\",\"@id\":\"https:\/\/wpguerssen-test.odoo.rgbconsulting.com\/es\/#\/schema\/logo\/image\/\",\"url\":\"https:\/\/wpguerssen-test.odoo.rgbconsulting.com\/wp-content\/uploads\/2022\/04\/Logo_Guerssen_trans_100.png\",\"contentUrl\":\"https:\/\/wpguerssen-test.odoo.rgbconsulting.com\/wp-content\/uploads\/2022\/04\/Logo_Guerssen_trans_100.png\",\"width\":122,\"height\":100,\"caption\":\"Guerssen records\"},\"image\":{\"@id\":\"https:\/\/wpguerssen-test.odoo.rgbconsulting.com\/es\/#\/schema\/logo\/image\/\"}}]}<\/script>\n<!-- \/ Yoast SEO plugin. -->","yoast_head_json":{"title":"ANGRAND, Laurent \/ ROBIN, Patrick - Mare La Lande -  (LP) | Guerssen","description":"It is with great excitement that we announce the official reissue of a french folk true lost gem, Laurent ANGRAND and Patrick ROBIN's MARE LA LANDE lp on FRANCE BIZARRE RECORDS and REGLIS RECORDS.Originally released in 1974 on Palma and distributed by Arfolk in an unknown quantity (around 300 copies according to producer Richard LOURY), the duo parted ways right before the album was presented to the public which made it quite difficult to market at the time. Most of the pressing went to Artfolk, probably to remainder afterward and get lost in time and space...MARE LA LANDE is a testimony that french folk from the 70's could easily compete with their english and american counterparts. With the expressivity of a Bert Jansch, the vibe of a sunset sighting on Laurel Canyon and a peculiar french aftertaste, this record deserves to be put into light once again nearly 50 years after its first occurrence.With the approval of Patrick ROBIN, Richard Loury, Arfolk and on behalf of the memory of Laurent ANGRAND, we've been working for the past few months on a reissue with original artwork and a brand new master for maximum sound and visual quality that encapsulated the greatness of this singular record.300 copies. Printed inner with Liner Notes in French and English. Hype Sticker on protective sleeve. Official reissue","robots":{"index":"index","follow":"follow","max-snippet":"max-snippet:-1","max-image-preview":"max-image-preview:large","max-video-preview":"max-video-preview:-1"},"canonical":"https:\/\/wpguerssen-test.odoo.rgbconsulting.com\/es\/producto\/mare-la-lande\/","og_locale":"es_ES","og_type":"article","og_title":"ANGRAND, Laurent \/ ROBIN, Patrick - Mare La Lande -  (LP) | Guerssen","og_description":"It is with great excitement that we announce the official reissue of a french folk true lost gem, Laurent ANGRAND and Patrick ROBIN's MARE LA LANDE lp on FRANCE BIZARRE RECORDS and REGLIS RECORDS.Originally released in 1974 on Palma and distributed by Arfolk in an unknown quantity (around 300 copies according to producer Richard LOURY), the duo parted ways right before the album was presented to the public which made it quite difficult to market at the time. Most of the pressing went to Artfolk, probably to remainder afterward and get lost in time and space...MARE LA LANDE is a testimony that french folk from the 70's could easily compete with their english and american counterparts. With the expressivity of a Bert Jansch, the vibe of a sunset sighting on Laurel Canyon and a peculiar french aftertaste, this record deserves to be put into light once again nearly 50 years after its first occurrence.With the approval of Patrick ROBIN, Richard Loury, Arfolk and on behalf of the memory of Laurent ANGRAND, we've been working for the past few months on a reissue with original artwork and a brand new master for maximum sound and visual quality that encapsulated the greatness of this singular record.300 copies. Printed inner with Liner Notes in French and English. Hype Sticker on protective sleeve. Official reissue","og_url":"https:\/\/wpguerssen-test.odoo.rgbconsulting.com\/es\/producto\/mare-la-lande\/","og_site_name":"Guerssen records","article_modified_time":"2025-01-30T16:12:45+00:00","og_image":[{"width":700,"height":700,"url":"https:\/\/wpguerssen-test.odoo.rgbconsulting.com\/wp-content\/uploads\/2024\/10\/48946.jpg","type":"image\/jpeg"}],"twitter_card":"summary_large_image","twitter_title":"ANGRAND, Laurent \/ ROBIN, Patrick - Mare La Lande -  (LP) | Guerssen","twitter_misc":{"Tiempo de lectura":"1 minuto"},"schema":{"@context":"https:\/\/schema.org","@graph":[{"@type":"WebPage","@id":"https:\/\/wpguerssen-test.odoo.rgbconsulting.com\/es\/producto\/mare-la-lande\/","url":"https:\/\/wpguerssen-test.odoo.rgbconsulting.com\/es\/producto\/mare-la-lande\/","name":"ANGRAND, Laurent \/ ROBIN, Patrick - Mare La Lande - (LP) | Guerssen","isPartOf":{"@id":"https:\/\/wpguerssen-test.odoo.rgbconsulting.com\/es\/#website"},"primaryImageOfPage":{"@id":"https:\/\/wpguerssen-test.odoo.rgbconsulting.com\/es\/producto\/mare-la-lande\/#primaryimage"},"image":{"@id":"https:\/\/wpguerssen-test.odoo.rgbconsulting.com\/es\/producto\/mare-la-lande\/#primaryimage"},"thumbnailUrl":"https:\/\/wpguerssen-test.odoo.rgbconsulting.com\/wp-content\/uploads\/2024\/10\/48946.jpg","datePublished":"2024-10-23T22:00:00+00:00","dateModified":"2025-01-30T16:12:45+00:00","description":"It is with great excitement that we announce the official reissue of a french folk true lost gem, Laurent ANGRAND and Patrick ROBIN's MARE LA LANDE lp on FRANCE BIZARRE RECORDS and REGLIS RECORDS.Originally released in 1974 on Palma and distributed by Arfolk in an unknown quantity (around 300 copies according to producer Richard LOURY), the duo parted ways right before the album was presented to the public which made it quite difficult to market at the time. Most of the pressing went to Artfolk, probably to remainder afterward and get lost in time and space...MARE LA LANDE is a testimony that french folk from the 70's could easily compete with their english and american counterparts. With the expressivity of a Bert Jansch, the vibe of a sunset sighting on Laurel Canyon and a peculiar french aftertaste, this record deserves to be put into light once again nearly 50 years after its first occurrence.With the approval of Patrick ROBIN, Richard Loury, Arfolk and on behalf of the memory of Laurent ANGRAND, we've been working for the past few months on a reissue with original artwork and a brand new master for maximum sound and visual quality that encapsulated the greatness of this singular record.300 copies. Printed inner with Liner Notes in French and English. Hype Sticker on protective sleeve. Official reissue","breadcrumb":{"@id":"https:\/\/wpguerssen-test.odoo.rgbconsulting.com\/es\/producto\/mare-la-lande\/#breadcrumb"},"inLanguage":"es","potentialAction":[{"@type":"ReadAction","target":["https:\/\/wpguerssen-test.odoo.rgbconsulting.com\/es\/producto\/mare-la-lande\/"]}]},{"@type":"ImageObject","inLanguage":"es","@id":"https:\/\/wpguerssen-test.odoo.rgbconsulting.com\/es\/producto\/mare-la-lande\/#primaryimage","url":"https:\/\/wpguerssen-test.odoo.rgbconsulting.com\/wp-content\/uploads\/2024\/10\/48946.jpg","contentUrl":"https:\/\/wpguerssen-test.odoo.rgbconsulting.com\/wp-content\/uploads\/2024\/10\/48946.jpg","width":700,"height":700,"caption":"Laurent \/ ROBIN"},{"@type":"BreadcrumbList","@id":"https:\/\/wpguerssen-test.odoo.rgbconsulting.com\/es\/producto\/mare-la-lande\/#breadcrumb","itemListElement":[{"@type":"ListItem","position":1,"name":"Inicio","item":"https:\/\/wpguerssen-test.odoo.rgbconsulting.com\/es\/"},{"@type":"ListItem","position":2,"name":"Shop","item":"https:\/\/wpguerssen-test.odoo.rgbconsulting.com\/shop\/"},{"@type":"ListItem","position":3,"name":"Mare La Lande"}]},{"@type":"WebSite","@id":"https:\/\/wpguerssen-test.odoo.rgbconsulting.com\/es\/#website","url":"https:\/\/wpguerssen-test.odoo.rgbconsulting.com\/es\/","name":"Guerssen records","description":"psychedelia - progressive - folk - garage ","publisher":{"@id":"https:\/\/wpguerssen-test.odoo.rgbconsulting.com\/es\/#organization"},"potentialAction":[{"@type":"SearchAction","target":{"@type":"EntryPoint","urlTemplate":"https:\/\/wpguerssen-test.odoo.rgbconsulting.com\/es\/?s={search_term_string}"},"query-input":{"@type":"PropertyValueSpecification","valueRequired":true,"valueName":"search_term_string"}}],"inLanguage":"es"},{"@type":"Organization","@id":"https:\/\/wpguerssen-test.odoo.rgbconsulting.com\/es\/#organization","name":"Guerssen records","url":"https:\/\/wpguerssen-test.odoo.rgbconsulting.com\/es\/","logo":{"@type":"ImageObject","inLanguage":"es","@id":"https:\/\/wpguerssen-test.odoo.rgbconsulting.com\/es\/#\/schema\/logo\/image\/","url":"https:\/\/wpguerssen-test.odoo.rgbconsulting.com\/wp-content\/uploads\/2022\/04\/Logo_Guerssen_trans_100.png","contentUrl":"https:\/\/wpguerssen-test.odoo.rgbconsulting.com\/wp-content\/uploads\/2022\/04\/Logo_Guerssen_trans_100.png","width":122,"height":100,"caption":"Guerssen records"},"image":{"@id":"https:\/\/wpguerssen-test.odoo.rgbconsulting.com\/es\/#\/schema\/logo\/image\/"}}]}},"_links":{"self":[{"href":"https:\/\/wpguerssen-test.odoo.rgbconsulting.com\/es\/wp-json\/wp\/v2\/product\/277099","targetHints":{"allow":["GET"]}}],"collection":[{"href":"https:\/\/wpguerssen-test.odoo.rgbconsulting.com\/es\/wp-json\/wp\/v2\/product"}],"about":[{"href":"https:\/\/wpguerssen-test.odoo.rgbconsulting.com\/es\/wp-json\/wp\/v2\/types\/product"}],"wp:featuredmedia":[{"embeddable":true,"href":"https:\/\/wpguerssen-test.odoo.rgbconsulting.com\/es\/wp-json\/wp\/v2\/media\/277095"}],"wp:attachment":[{"href":"https:\/\/wpguerssen-test.odoo.rgbconsulting.com\/es\/wp-json\/wp\/v2\/media?parent=277099"}],"wp:term":[{"taxonomy":"product_brand","embeddable":true,"href":"https:\/\/wpguerssen-test.odoo.rgbconsulting.com\/es\/wp-json\/wp\/v2\/product_brand?post=277099"},{"taxonomy":"product_cat","embeddable":true,"href":"https:\/\/wpguerssen-test.odoo.rgbconsulting.com\/es\/wp-json\/wp\/v2\/product_cat?post=277099"},{"taxonomy":"product_tag","embeddable":true,"href":"https:\/\/wpguerssen-test.odoo.rgbconsulting.com\/es\/wp-json\/wp\/v2\/product_tag?post=277099"}],"curies":[{"name":"wp","href":"https:\/\/api.w.org\/{rel}","templated":true}]}}