{"id":277200,"date":"2025-01-27T00:00:00","date_gmt":"2025-01-26T23:00:00","guid":{"rendered":"https:\/\/wpguerssen-test.odoo.rgbconsulting.com\/product\/exile-to-beyn-neharot\/"},"modified":"2025-03-24T17:35:11","modified_gmt":"2025-03-24T16:35:11","slug":"exile-to-beyn-neharot","status":"publish","type":"product","link":"https:\/\/wpguerssen-test.odoo.rgbconsulting.com\/es\/producto\/exile-to-beyn-neharot\/","title":{"rendered":"Exile To Beyn Neharot"},"content":{"rendered":"<p>Con Exile to Beyn Neharot, Wyatt E. cre\u00f3 la banda sonora de la gente de la ciudad de Jerusal\u00e9n que fue enviada al exilio a Babilonia por el rey Nabucodonosor II despu\u00e9s del asedio de la ciudad en el 587 a.C. El \u00e1lbum se divide en 2 partes: una dedicada al emperador y su campa\u00f1a militar que le llev\u00f3 al exilio, la otra a una lealtad, real o no, a la diosa Ishtar. El disco es el primer \u00e1lbum real de la banda (Mount Sinai\/Aswan es un EP) y marca el debut de la banda en la escena Doom\/Drone. Fue lanzado por primera vez por el sello Shalosh Cult de Jerusal\u00e9n.<\/p>\n","protected":false},"excerpt":{"rendered":"<p>Con Exile to Beyn Neharot, Wyatt E. cre\u00f3 la banda sonora de la gente de la ciudad de Jerusal\u00e9n que fue enviada al exilio a Babilonia por el rey Nabucodonosor II<a class=\"read\" href=\"https:\/\/wpguerssen-test.odoo.rgbconsulting.com\/es\/producto\/exile-to-beyn-neharot\/\"> (...)<\/a>","protected":false},"featured_media":277168,"template":"","meta":{"_acf_changed":false},"product_brand":[],"product_cat":[21708,23233],"product_tag":[24189],"class_list":{"0":"post-277200","1":"product","2":"type-product","3":"status-publish","4":"has-post-thumbnail","6":"product_cat-stoner-doom-es","7":"product_cat-metal-es","8":"product_tag-recien-llegadas","9":"pa_artist-wyatt-e","10":"pa_format-lp-es","11":"pa_gender-metal-stoner-doom","12":"pa_label-heavy-psych-sounds","13":"pa_location-europe-es","14":"pa_other-filters-vinyl-only-es","16":"first","17":"instock","18":"taxable","19":"shipping-taxable","20":"purchasable","21":"product-type-simple"},"acf":[],"yoast_head":"<!-- This site is optimized with the Yoast SEO plugin v24.9 - https:\/\/yoast.com\/wordpress\/plugins\/seo\/ -->\n<title>WYATT E. - Exile To Beyn Neharot -  (LP) | Guerssen<\/title>\n<meta name=\"description\" content=\"With Exile to Beyn Neharot, Wyatt E. created the soundtrack of the people of the city of Jerusalem who were sent in exile to Babylon by King Nebuchadnezzar II after the siege of the city in 587 BC. The album is divided into 2 parts: one devoted to the emperor and his military campaign that led to the exile, the other to an allegiance, real or otherwise, to the goddess Ishtar. The record is the first real album of the band (Mount Sinai\/Aswan being an EP) and marks the band&#039;s debut on the Doom\/Drone scene. It was first released by Jerusalem&#039;s label Shalosh Cult.\" \/>\n<meta name=\"robots\" content=\"index, follow, max-snippet:-1, max-image-preview:large, max-video-preview:-1\" \/>\n<link rel=\"canonical\" href=\"https:\/\/wpguerssen-test.odoo.rgbconsulting.com\/es\/producto\/exile-to-beyn-neharot\/\" \/>\n<meta property=\"og:locale\" content=\"es_ES\" \/>\n<meta property=\"og:type\" content=\"article\" \/>\n<meta property=\"og:title\" content=\"WYATT E. - Exile To Beyn Neharot -  (LP) | Guerssen\" \/>\n<meta property=\"og:description\" content=\"With Exile to Beyn Neharot, Wyatt E. created the soundtrack of the people of the city of Jerusalem who were sent in exile to Babylon by King Nebuchadnezzar II after the siege of the city in 587 BC. The album is divided into 2 parts: one devoted to the emperor and his military campaign that led to the exile, the other to an allegiance, real or otherwise, to the goddess Ishtar. The record is the first real album of the band (Mount Sinai\/Aswan being an EP) and marks the band&#039;s debut on the Doom\/Drone scene. It was first released by Jerusalem&#039;s label Shalosh Cult.\" \/>\n<meta property=\"og:url\" content=\"https:\/\/wpguerssen-test.odoo.rgbconsulting.com\/es\/producto\/exile-to-beyn-neharot\/\" \/>\n<meta property=\"og:site_name\" content=\"Guerssen records\" \/>\n<meta property=\"article:modified_time\" content=\"2025-03-24T16:35:11+00:00\" \/>\n<meta property=\"og:image\" content=\"https:\/\/wpguerssen-test.odoo.rgbconsulting.com\/wp-content\/uploads\/2024\/10\/48958.jpg\" \/>\n\t<meta property=\"og:image:width\" content=\"1440\" \/>\n\t<meta property=\"og:image:height\" content=\"1440\" \/>\n\t<meta property=\"og:image:type\" content=\"image\/jpeg\" \/>\n<meta name=\"twitter:card\" content=\"summary_large_image\" \/>\n<meta name=\"twitter:title\" content=\"WYATT E. - Exile To Beyn Neharot -  (LP) | Guerssen\" \/>\n<meta name=\"twitter:label1\" content=\"Tiempo de lectura\" \/>\n\t<meta name=\"twitter:data1\" content=\"1 minuto\" \/>\n<script type=\"application\/ld+json\" class=\"yoast-schema-graph\">{\"@context\":\"https:\/\/schema.org\",\"@graph\":[{\"@type\":\"WebPage\",\"@id\":\"https:\/\/wpguerssen-test.odoo.rgbconsulting.com\/es\/producto\/exile-to-beyn-neharot\/\",\"url\":\"https:\/\/wpguerssen-test.odoo.rgbconsulting.com\/es\/producto\/exile-to-beyn-neharot\/\",\"name\":\"WYATT E. - Exile To Beyn Neharot - (LP) | Guerssen\",\"isPartOf\":{\"@id\":\"https:\/\/wpguerssen-test.odoo.rgbconsulting.com\/es\/#website\"},\"primaryImageOfPage\":{\"@id\":\"https:\/\/wpguerssen-test.odoo.rgbconsulting.com\/es\/producto\/exile-to-beyn-neharot\/#primaryimage\"},\"image\":{\"@id\":\"https:\/\/wpguerssen-test.odoo.rgbconsulting.com\/es\/producto\/exile-to-beyn-neharot\/#primaryimage\"},\"thumbnailUrl\":\"https:\/\/wpguerssen-test.odoo.rgbconsulting.com\/wp-content\/uploads\/2024\/10\/48958.jpg\",\"datePublished\":\"2025-01-26T23:00:00+00:00\",\"dateModified\":\"2025-03-24T16:35:11+00:00\",\"description\":\"With Exile to Beyn Neharot, Wyatt E. created the soundtrack of the people of the city of Jerusalem who were sent in exile to Babylon by King Nebuchadnezzar II after the siege of the city in 587 BC. The album is divided into 2 parts: one devoted to the emperor and his military campaign that led to the exile, the other to an allegiance, real or otherwise, to the goddess Ishtar. The record is the first real album of the band (Mount Sinai\/Aswan being an EP) and marks the band's debut on the Doom\/Drone scene. It was first released by Jerusalem's label Shalosh Cult.\",\"breadcrumb\":{\"@id\":\"https:\/\/wpguerssen-test.odoo.rgbconsulting.com\/es\/producto\/exile-to-beyn-neharot\/#breadcrumb\"},\"inLanguage\":\"es\",\"potentialAction\":[{\"@type\":\"ReadAction\",\"target\":[\"https:\/\/wpguerssen-test.odoo.rgbconsulting.com\/es\/producto\/exile-to-beyn-neharot\/\"]}]},{\"@type\":\"ImageObject\",\"inLanguage\":\"es\",\"@id\":\"https:\/\/wpguerssen-test.odoo.rgbconsulting.com\/es\/producto\/exile-to-beyn-neharot\/#primaryimage\",\"url\":\"https:\/\/wpguerssen-test.odoo.rgbconsulting.com\/wp-content\/uploads\/2024\/10\/48958.jpg\",\"contentUrl\":\"https:\/\/wpguerssen-test.odoo.rgbconsulting.com\/wp-content\/uploads\/2024\/10\/48958.jpg\",\"width\":1440,\"height\":1440},{\"@type\":\"BreadcrumbList\",\"@id\":\"https:\/\/wpguerssen-test.odoo.rgbconsulting.com\/es\/producto\/exile-to-beyn-neharot\/#breadcrumb\",\"itemListElement\":[{\"@type\":\"ListItem\",\"position\":1,\"name\":\"Inicio\",\"item\":\"https:\/\/wpguerssen-test.odoo.rgbconsulting.com\/es\/\"},{\"@type\":\"ListItem\",\"position\":2,\"name\":\"Shop\",\"item\":\"https:\/\/wpguerssen-test.odoo.rgbconsulting.com\/shop\/\"},{\"@type\":\"ListItem\",\"position\":3,\"name\":\"Exile To Beyn Neharot\"}]},{\"@type\":\"WebSite\",\"@id\":\"https:\/\/wpguerssen-test.odoo.rgbconsulting.com\/es\/#website\",\"url\":\"https:\/\/wpguerssen-test.odoo.rgbconsulting.com\/es\/\",\"name\":\"Guerssen records\",\"description\":\"psychedelia - progressive - folk - garage \",\"publisher\":{\"@id\":\"https:\/\/wpguerssen-test.odoo.rgbconsulting.com\/es\/#organization\"},\"potentialAction\":[{\"@type\":\"SearchAction\",\"target\":{\"@type\":\"EntryPoint\",\"urlTemplate\":\"https:\/\/wpguerssen-test.odoo.rgbconsulting.com\/es\/?s={search_term_string}\"},\"query-input\":{\"@type\":\"PropertyValueSpecification\",\"valueRequired\":true,\"valueName\":\"search_term_string\"}}],\"inLanguage\":\"es\"},{\"@type\":\"Organization\",\"@id\":\"https:\/\/wpguerssen-test.odoo.rgbconsulting.com\/es\/#organization\",\"name\":\"Guerssen records\",\"url\":\"https:\/\/wpguerssen-test.odoo.rgbconsulting.com\/es\/\",\"logo\":{\"@type\":\"ImageObject\",\"inLanguage\":\"es\",\"@id\":\"https:\/\/wpguerssen-test.odoo.rgbconsulting.com\/es\/#\/schema\/logo\/image\/\",\"url\":\"https:\/\/wpguerssen-test.odoo.rgbconsulting.com\/wp-content\/uploads\/2022\/04\/Logo_Guerssen_trans_100.png\",\"contentUrl\":\"https:\/\/wpguerssen-test.odoo.rgbconsulting.com\/wp-content\/uploads\/2022\/04\/Logo_Guerssen_trans_100.png\",\"width\":122,\"height\":100,\"caption\":\"Guerssen records\"},\"image\":{\"@id\":\"https:\/\/wpguerssen-test.odoo.rgbconsulting.com\/es\/#\/schema\/logo\/image\/\"}}]}<\/script>\n<!-- \/ Yoast SEO plugin. -->","yoast_head_json":{"title":"WYATT E. - Exile To Beyn Neharot -  (LP) | Guerssen","description":"With Exile to Beyn Neharot, Wyatt E. created the soundtrack of the people of the city of Jerusalem who were sent in exile to Babylon by King Nebuchadnezzar II after the siege of the city in 587 BC. The album is divided into 2 parts: one devoted to the emperor and his military campaign that led to the exile, the other to an allegiance, real or otherwise, to the goddess Ishtar. The record is the first real album of the band (Mount Sinai\/Aswan being an EP) and marks the band's debut on the Doom\/Drone scene. It was first released by Jerusalem's label Shalosh Cult.","robots":{"index":"index","follow":"follow","max-snippet":"max-snippet:-1","max-image-preview":"max-image-preview:large","max-video-preview":"max-video-preview:-1"},"canonical":"https:\/\/wpguerssen-test.odoo.rgbconsulting.com\/es\/producto\/exile-to-beyn-neharot\/","og_locale":"es_ES","og_type":"article","og_title":"WYATT E. - Exile To Beyn Neharot -  (LP) | Guerssen","og_description":"With Exile to Beyn Neharot, Wyatt E. created the soundtrack of the people of the city of Jerusalem who were sent in exile to Babylon by King Nebuchadnezzar II after the siege of the city in 587 BC. The album is divided into 2 parts: one devoted to the emperor and his military campaign that led to the exile, the other to an allegiance, real or otherwise, to the goddess Ishtar. The record is the first real album of the band (Mount Sinai\/Aswan being an EP) and marks the band's debut on the Doom\/Drone scene. It was first released by Jerusalem's label Shalosh Cult.","og_url":"https:\/\/wpguerssen-test.odoo.rgbconsulting.com\/es\/producto\/exile-to-beyn-neharot\/","og_site_name":"Guerssen records","article_modified_time":"2025-03-24T16:35:11+00:00","og_image":[{"width":1440,"height":1440,"url":"https:\/\/wpguerssen-test.odoo.rgbconsulting.com\/wp-content\/uploads\/2024\/10\/48958.jpg","type":"image\/jpeg"}],"twitter_card":"summary_large_image","twitter_title":"WYATT E. - Exile To Beyn Neharot -  (LP) | Guerssen","twitter_misc":{"Tiempo de lectura":"1 minuto"},"schema":{"@context":"https:\/\/schema.org","@graph":[{"@type":"WebPage","@id":"https:\/\/wpguerssen-test.odoo.rgbconsulting.com\/es\/producto\/exile-to-beyn-neharot\/","url":"https:\/\/wpguerssen-test.odoo.rgbconsulting.com\/es\/producto\/exile-to-beyn-neharot\/","name":"WYATT E. - Exile To Beyn Neharot - (LP) | Guerssen","isPartOf":{"@id":"https:\/\/wpguerssen-test.odoo.rgbconsulting.com\/es\/#website"},"primaryImageOfPage":{"@id":"https:\/\/wpguerssen-test.odoo.rgbconsulting.com\/es\/producto\/exile-to-beyn-neharot\/#primaryimage"},"image":{"@id":"https:\/\/wpguerssen-test.odoo.rgbconsulting.com\/es\/producto\/exile-to-beyn-neharot\/#primaryimage"},"thumbnailUrl":"https:\/\/wpguerssen-test.odoo.rgbconsulting.com\/wp-content\/uploads\/2024\/10\/48958.jpg","datePublished":"2025-01-26T23:00:00+00:00","dateModified":"2025-03-24T16:35:11+00:00","description":"With Exile to Beyn Neharot, Wyatt E. created the soundtrack of the people of the city of Jerusalem who were sent in exile to Babylon by King Nebuchadnezzar II after the siege of the city in 587 BC. The album is divided into 2 parts: one devoted to the emperor and his military campaign that led to the exile, the other to an allegiance, real or otherwise, to the goddess Ishtar. The record is the first real album of the band (Mount Sinai\/Aswan being an EP) and marks the band's debut on the Doom\/Drone scene. It was first released by Jerusalem's label Shalosh Cult.","breadcrumb":{"@id":"https:\/\/wpguerssen-test.odoo.rgbconsulting.com\/es\/producto\/exile-to-beyn-neharot\/#breadcrumb"},"inLanguage":"es","potentialAction":[{"@type":"ReadAction","target":["https:\/\/wpguerssen-test.odoo.rgbconsulting.com\/es\/producto\/exile-to-beyn-neharot\/"]}]},{"@type":"ImageObject","inLanguage":"es","@id":"https:\/\/wpguerssen-test.odoo.rgbconsulting.com\/es\/producto\/exile-to-beyn-neharot\/#primaryimage","url":"https:\/\/wpguerssen-test.odoo.rgbconsulting.com\/wp-content\/uploads\/2024\/10\/48958.jpg","contentUrl":"https:\/\/wpguerssen-test.odoo.rgbconsulting.com\/wp-content\/uploads\/2024\/10\/48958.jpg","width":1440,"height":1440},{"@type":"BreadcrumbList","@id":"https:\/\/wpguerssen-test.odoo.rgbconsulting.com\/es\/producto\/exile-to-beyn-neharot\/#breadcrumb","itemListElement":[{"@type":"ListItem","position":1,"name":"Inicio","item":"https:\/\/wpguerssen-test.odoo.rgbconsulting.com\/es\/"},{"@type":"ListItem","position":2,"name":"Shop","item":"https:\/\/wpguerssen-test.odoo.rgbconsulting.com\/shop\/"},{"@type":"ListItem","position":3,"name":"Exile To Beyn Neharot"}]},{"@type":"WebSite","@id":"https:\/\/wpguerssen-test.odoo.rgbconsulting.com\/es\/#website","url":"https:\/\/wpguerssen-test.odoo.rgbconsulting.com\/es\/","name":"Guerssen records","description":"psychedelia - progressive - folk - garage ","publisher":{"@id":"https:\/\/wpguerssen-test.odoo.rgbconsulting.com\/es\/#organization"},"potentialAction":[{"@type":"SearchAction","target":{"@type":"EntryPoint","urlTemplate":"https:\/\/wpguerssen-test.odoo.rgbconsulting.com\/es\/?s={search_term_string}"},"query-input":{"@type":"PropertyValueSpecification","valueRequired":true,"valueName":"search_term_string"}}],"inLanguage":"es"},{"@type":"Organization","@id":"https:\/\/wpguerssen-test.odoo.rgbconsulting.com\/es\/#organization","name":"Guerssen records","url":"https:\/\/wpguerssen-test.odoo.rgbconsulting.com\/es\/","logo":{"@type":"ImageObject","inLanguage":"es","@id":"https:\/\/wpguerssen-test.odoo.rgbconsulting.com\/es\/#\/schema\/logo\/image\/","url":"https:\/\/wpguerssen-test.odoo.rgbconsulting.com\/wp-content\/uploads\/2022\/04\/Logo_Guerssen_trans_100.png","contentUrl":"https:\/\/wpguerssen-test.odoo.rgbconsulting.com\/wp-content\/uploads\/2022\/04\/Logo_Guerssen_trans_100.png","width":122,"height":100,"caption":"Guerssen records"},"image":{"@id":"https:\/\/wpguerssen-test.odoo.rgbconsulting.com\/es\/#\/schema\/logo\/image\/"}}]}},"_links":{"self":[{"href":"https:\/\/wpguerssen-test.odoo.rgbconsulting.com\/es\/wp-json\/wp\/v2\/product\/277200","targetHints":{"allow":["GET"]}}],"collection":[{"href":"https:\/\/wpguerssen-test.odoo.rgbconsulting.com\/es\/wp-json\/wp\/v2\/product"}],"about":[{"href":"https:\/\/wpguerssen-test.odoo.rgbconsulting.com\/es\/wp-json\/wp\/v2\/types\/product"}],"wp:featuredmedia":[{"embeddable":true,"href":"https:\/\/wpguerssen-test.odoo.rgbconsulting.com\/es\/wp-json\/wp\/v2\/media\/277168"}],"wp:attachment":[{"href":"https:\/\/wpguerssen-test.odoo.rgbconsulting.com\/es\/wp-json\/wp\/v2\/media?parent=277200"}],"wp:term":[{"taxonomy":"product_brand","embeddable":true,"href":"https:\/\/wpguerssen-test.odoo.rgbconsulting.com\/es\/wp-json\/wp\/v2\/product_brand?post=277200"},{"taxonomy":"product_cat","embeddable":true,"href":"https:\/\/wpguerssen-test.odoo.rgbconsulting.com\/es\/wp-json\/wp\/v2\/product_cat?post=277200"},{"taxonomy":"product_tag","embeddable":true,"href":"https:\/\/wpguerssen-test.odoo.rgbconsulting.com\/es\/wp-json\/wp\/v2\/product_tag?post=277200"}],"curies":[{"name":"wp","href":"https:\/\/api.w.org\/{rel}","templated":true}]}}