{"id":277204,"date":"2025-03-04T00:00:00","date_gmt":"2025-03-03T23:00:00","guid":{"rendered":"https:\/\/wpguerssen-test.odoo.rgbconsulting.com\/product\/storm-black-lp\/"},"modified":"2025-03-28T12:43:14","modified_gmt":"2025-03-28T11:43:14","slug":"storm-black-lp","status":"publish","type":"product","link":"https:\/\/wpguerssen-test.odoo.rgbconsulting.com\/es\/producto\/storm-black-lp\/","title":{"rendered":"Storm (Black LP)"},"content":{"rendered":"<p>Reedici\u00f3n 50o aniversario del \u00e1lbum de debut de este grandioso grupo sevillano, en 1974. Junto a Tapiman, el mejor \u00e1lbum de hard-rock hecho en el estado espa\u00f1ol en los 70, muy en onda Deep Purple y cantado en ingl\u00e9s. Excepcional e imprescindible!!!<\/p>\n","protected":false},"excerpt":{"rendered":"<p>Reedici\u00f3n 50o aniversario del \u00e1lbum de debut de este grandioso grupo sevillano, en 1974. Junto a Tapiman, el mejor \u00e1lbum de hard-rock hecho en el estado espa\u00f1ol<a class=\"read\" href=\"https:\/\/wpguerssen-test.odoo.rgbconsulting.com\/es\/producto\/storm-black-lp\/\"> (...)<\/a>","protected":false},"featured_media":277180,"template":"","meta":{"_acf_changed":false},"product_brand":[],"product_cat":[23215,23224],"product_tag":[24185],"class_list":{"0":"post-277204","1":"product","2":"type-product","3":"status-publish","4":"has-post-thumbnail","6":"product_cat-progressive60s-70s-es","7":"product_cat-hard-rock-60s-70s-es","8":"product_tag-de-nuevo-en-existencia","9":"pa_artist-storm-es","10":"pa_format-lp-es","11":"pa_gender-hard-rock-60s-70s-progressive60s-70s","12":"pa_label-wah-wah-es-2","13":"pa_location-spain-es","14":"pa_other-filters-vinyl-only-es","16":"first","17":"instock","18":"taxable","19":"shipping-taxable","20":"purchasable","21":"product-type-simple"},"acf":[],"yoast_head":"<!-- This site is optimized with the Yoast SEO plugin v24.9 - https:\/\/yoast.com\/wordpress\/plugins\/seo\/ -->\n<title>STORM - Storm (Black LP) -  (LP) | Guerssen<\/title>\n<meta name=\"description\" content=\"Probably the most astonishing hard rock LP out of 1970s Spain, repressed by popular demand. #nl# THE STORM hailed from Sevilla and were acclaimed by both audience and press reviewers as one of the best rock bands from Spain. The combo was formed by the Ruiz Geniz brothers (Angel and Diego), on guitar and drums respectively, plus Luis Genil (organ) and Jos\u00e9 Torres (bass). #nl# Their debut album, originally released on Basf in 1974, is one of the Crown jewels of Spanish hard rock, and original copies change hands for a small fortune among collectors all over the world, especially since its inclusion in Hans Pokora&#039;s &#039;Record Dreams&#039; books. #nl# This LP really rocks! It&#039;s high energy hard rock that follows the line marked by the big organ outfits of the era such as DEEP PURPLE, ATOMIC ROOSTER, BRAM STOKER, MEGAT\u00d3N... #nl# It has also a deep classic prog sound root, which reaches the top on &#039;Un Se\u00f1or Llamado Fern\u00e1ndez De C\u00f3rdoba&#039;. #nl# We are talking of one of the seminal Spanish hard rock LPs. #nl# * Limited Pressing* Top Quality Repro Of The Original Sleeve* Color Obi* 8 Page Full Color Booklet With Liner Notes &amp; Photos #nl# Tracklist:Side 1: 1. I&#039;ve Gotta Tell You Mama - 2. I Am Busy - 3. Un Se\u00f1or Llamado Fern\u00e1ndez de C\u00f3rdoba - 4. Woman MineSide 2: 1. It&#039;s All right - 2. I Don&#039;t Know - 3. Crazy Machine - 4. Experiencia Sin \u00d3rgano\" \/>\n<meta name=\"robots\" content=\"index, follow, max-snippet:-1, max-image-preview:large, max-video-preview:-1\" \/>\n<link rel=\"canonical\" href=\"https:\/\/wpguerssen-test.odoo.rgbconsulting.com\/es\/producto\/storm-black-lp\/\" \/>\n<meta property=\"og:locale\" content=\"es_ES\" \/>\n<meta property=\"og:type\" content=\"article\" \/>\n<meta property=\"og:title\" content=\"STORM - Storm (Black LP) -  (LP) | Guerssen\" \/>\n<meta property=\"og:description\" content=\"Probably the most astonishing hard rock LP out of 1970s Spain, repressed by popular demand. #nl# THE STORM hailed from Sevilla and were acclaimed by both audience and press reviewers as one of the best rock bands from Spain. The combo was formed by the Ruiz Geniz brothers (Angel and Diego), on guitar and drums respectively, plus Luis Genil (organ) and Jos\u00e9 Torres (bass). #nl# Their debut album, originally released on Basf in 1974, is one of the Crown jewels of Spanish hard rock, and original copies change hands for a small fortune among collectors all over the world, especially since its inclusion in Hans Pokora&#039;s &#039;Record Dreams&#039; books. #nl# This LP really rocks! It&#039;s high energy hard rock that follows the line marked by the big organ outfits of the era such as DEEP PURPLE, ATOMIC ROOSTER, BRAM STOKER, MEGAT\u00d3N... #nl# It has also a deep classic prog sound root, which reaches the top on &#039;Un Se\u00f1or Llamado Fern\u00e1ndez De C\u00f3rdoba&#039;. #nl# We are talking of one of the seminal Spanish hard rock LPs. #nl# * Limited Pressing* Top Quality Repro Of The Original Sleeve* Color Obi* 8 Page Full Color Booklet With Liner Notes &amp; Photos #nl# Tracklist:Side 1: 1. I&#039;ve Gotta Tell You Mama - 2. I Am Busy - 3. Un Se\u00f1or Llamado Fern\u00e1ndez de C\u00f3rdoba - 4. Woman MineSide 2: 1. It&#039;s All right - 2. I Don&#039;t Know - 3. Crazy Machine - 4. Experiencia Sin \u00d3rgano\" \/>\n<meta property=\"og:url\" content=\"https:\/\/wpguerssen-test.odoo.rgbconsulting.com\/es\/producto\/storm-black-lp\/\" \/>\n<meta property=\"og:site_name\" content=\"Guerssen records\" \/>\n<meta property=\"article:modified_time\" content=\"2025-03-28T11:43:14+00:00\" \/>\n<meta property=\"og:image\" content=\"https:\/\/wpguerssen-test.odoo.rgbconsulting.com\/wp-content\/uploads\/2024\/10\/48962.jpg\" \/>\n\t<meta property=\"og:image:width\" content=\"542\" \/>\n\t<meta property=\"og:image:height\" content=\"542\" \/>\n\t<meta property=\"og:image:type\" content=\"image\/jpeg\" \/>\n<meta name=\"twitter:card\" content=\"summary_large_image\" \/>\n<meta name=\"twitter:title\" content=\"STORM - Storm (Black LP) -  (LP) | Guerssen\" \/>\n<script type=\"application\/ld+json\" class=\"yoast-schema-graph\">{\"@context\":\"https:\/\/schema.org\",\"@graph\":[{\"@type\":\"WebPage\",\"@id\":\"https:\/\/wpguerssen-test.odoo.rgbconsulting.com\/es\/producto\/storm-black-lp\/\",\"url\":\"https:\/\/wpguerssen-test.odoo.rgbconsulting.com\/es\/producto\/storm-black-lp\/\",\"name\":\"STORM - Storm (Black LP) - (LP) | Guerssen\",\"isPartOf\":{\"@id\":\"https:\/\/wpguerssen-test.odoo.rgbconsulting.com\/es\/#website\"},\"primaryImageOfPage\":{\"@id\":\"https:\/\/wpguerssen-test.odoo.rgbconsulting.com\/es\/producto\/storm-black-lp\/#primaryimage\"},\"image\":{\"@id\":\"https:\/\/wpguerssen-test.odoo.rgbconsulting.com\/es\/producto\/storm-black-lp\/#primaryimage\"},\"thumbnailUrl\":\"https:\/\/wpguerssen-test.odoo.rgbconsulting.com\/wp-content\/uploads\/2024\/10\/48962.jpg\",\"datePublished\":\"2025-03-03T23:00:00+00:00\",\"dateModified\":\"2025-03-28T11:43:14+00:00\",\"description\":\"Probably the most astonishing hard rock LP out of 1970s Spain, repressed by popular demand. #nl# THE STORM hailed from Sevilla and were acclaimed by both audience and press reviewers as one of the best rock bands from Spain. The combo was formed by the Ruiz Geniz brothers (Angel and Diego), on guitar and drums respectively, plus Luis Genil (organ) and Jos\u00e9 Torres (bass). #nl# Their debut album, originally released on Basf in 1974, is one of the Crown jewels of Spanish hard rock, and original copies change hands for a small fortune among collectors all over the world, especially since its inclusion in Hans Pokora's 'Record Dreams' books. #nl# This LP really rocks! It's high energy hard rock that follows the line marked by the big organ outfits of the era such as DEEP PURPLE, ATOMIC ROOSTER, BRAM STOKER, MEGAT\u00d3N... #nl# It has also a deep classic prog sound root, which reaches the top on 'Un Se\u00f1or Llamado Fern\u00e1ndez De C\u00f3rdoba'. #nl# We are talking of one of the seminal Spanish hard rock LPs. #nl# * Limited Pressing* Top Quality Repro Of The Original Sleeve* Color Obi* 8 Page Full Color Booklet With Liner Notes & Photos #nl# Tracklist:Side 1: 1. I've Gotta Tell You Mama - 2. I Am Busy - 3. Un Se\u00f1or Llamado Fern\u00e1ndez de C\u00f3rdoba - 4. Woman MineSide 2: 1. It's All right - 2. I Don't Know - 3. Crazy Machine - 4. Experiencia Sin \u00d3rgano\",\"breadcrumb\":{\"@id\":\"https:\/\/wpguerssen-test.odoo.rgbconsulting.com\/es\/producto\/storm-black-lp\/#breadcrumb\"},\"inLanguage\":\"es\",\"potentialAction\":[{\"@type\":\"ReadAction\",\"target\":[\"https:\/\/wpguerssen-test.odoo.rgbconsulting.com\/es\/producto\/storm-black-lp\/\"]}]},{\"@type\":\"ImageObject\",\"inLanguage\":\"es\",\"@id\":\"https:\/\/wpguerssen-test.odoo.rgbconsulting.com\/es\/producto\/storm-black-lp\/#primaryimage\",\"url\":\"https:\/\/wpguerssen-test.odoo.rgbconsulting.com\/wp-content\/uploads\/2024\/10\/48962.jpg\",\"contentUrl\":\"https:\/\/wpguerssen-test.odoo.rgbconsulting.com\/wp-content\/uploads\/2024\/10\/48962.jpg\",\"width\":542,\"height\":542},{\"@type\":\"BreadcrumbList\",\"@id\":\"https:\/\/wpguerssen-test.odoo.rgbconsulting.com\/es\/producto\/storm-black-lp\/#breadcrumb\",\"itemListElement\":[{\"@type\":\"ListItem\",\"position\":1,\"name\":\"Inicio\",\"item\":\"https:\/\/wpguerssen-test.odoo.rgbconsulting.com\/es\/\"},{\"@type\":\"ListItem\",\"position\":2,\"name\":\"Shop\",\"item\":\"https:\/\/wpguerssen-test.odoo.rgbconsulting.com\/shop\/\"},{\"@type\":\"ListItem\",\"position\":3,\"name\":\"Storm (Black LP)\"}]},{\"@type\":\"WebSite\",\"@id\":\"https:\/\/wpguerssen-test.odoo.rgbconsulting.com\/es\/#website\",\"url\":\"https:\/\/wpguerssen-test.odoo.rgbconsulting.com\/es\/\",\"name\":\"Guerssen records\",\"description\":\"psychedelia - progressive - folk - garage \",\"publisher\":{\"@id\":\"https:\/\/wpguerssen-test.odoo.rgbconsulting.com\/es\/#organization\"},\"potentialAction\":[{\"@type\":\"SearchAction\",\"target\":{\"@type\":\"EntryPoint\",\"urlTemplate\":\"https:\/\/wpguerssen-test.odoo.rgbconsulting.com\/es\/?s={search_term_string}\"},\"query-input\":{\"@type\":\"PropertyValueSpecification\",\"valueRequired\":true,\"valueName\":\"search_term_string\"}}],\"inLanguage\":\"es\"},{\"@type\":\"Organization\",\"@id\":\"https:\/\/wpguerssen-test.odoo.rgbconsulting.com\/es\/#organization\",\"name\":\"Guerssen records\",\"url\":\"https:\/\/wpguerssen-test.odoo.rgbconsulting.com\/es\/\",\"logo\":{\"@type\":\"ImageObject\",\"inLanguage\":\"es\",\"@id\":\"https:\/\/wpguerssen-test.odoo.rgbconsulting.com\/es\/#\/schema\/logo\/image\/\",\"url\":\"https:\/\/wpguerssen-test.odoo.rgbconsulting.com\/wp-content\/uploads\/2022\/04\/Logo_Guerssen_trans_100.png\",\"contentUrl\":\"https:\/\/wpguerssen-test.odoo.rgbconsulting.com\/wp-content\/uploads\/2022\/04\/Logo_Guerssen_trans_100.png\",\"width\":122,\"height\":100,\"caption\":\"Guerssen records\"},\"image\":{\"@id\":\"https:\/\/wpguerssen-test.odoo.rgbconsulting.com\/es\/#\/schema\/logo\/image\/\"}}]}<\/script>\n<!-- \/ Yoast SEO plugin. -->","yoast_head_json":{"title":"STORM - Storm (Black LP) -  (LP) | Guerssen","description":"Probably the most astonishing hard rock LP out of 1970s Spain, repressed by popular demand. #nl# THE STORM hailed from Sevilla and were acclaimed by both audience and press reviewers as one of the best rock bands from Spain. The combo was formed by the Ruiz Geniz brothers (Angel and Diego), on guitar and drums respectively, plus Luis Genil (organ) and Jos\u00e9 Torres (bass). #nl# Their debut album, originally released on Basf in 1974, is one of the Crown jewels of Spanish hard rock, and original copies change hands for a small fortune among collectors all over the world, especially since its inclusion in Hans Pokora's 'Record Dreams' books. #nl# This LP really rocks! It's high energy hard rock that follows the line marked by the big organ outfits of the era such as DEEP PURPLE, ATOMIC ROOSTER, BRAM STOKER, MEGAT\u00d3N... #nl# It has also a deep classic prog sound root, which reaches the top on 'Un Se\u00f1or Llamado Fern\u00e1ndez De C\u00f3rdoba'. #nl# We are talking of one of the seminal Spanish hard rock LPs. #nl# * Limited Pressing* Top Quality Repro Of The Original Sleeve* Color Obi* 8 Page Full Color Booklet With Liner Notes & Photos #nl# Tracklist:Side 1: 1. I've Gotta Tell You Mama - 2. I Am Busy - 3. Un Se\u00f1or Llamado Fern\u00e1ndez de C\u00f3rdoba - 4. Woman MineSide 2: 1. It's All right - 2. I Don't Know - 3. Crazy Machine - 4. Experiencia Sin \u00d3rgano","robots":{"index":"index","follow":"follow","max-snippet":"max-snippet:-1","max-image-preview":"max-image-preview:large","max-video-preview":"max-video-preview:-1"},"canonical":"https:\/\/wpguerssen-test.odoo.rgbconsulting.com\/es\/producto\/storm-black-lp\/","og_locale":"es_ES","og_type":"article","og_title":"STORM - Storm (Black LP) -  (LP) | Guerssen","og_description":"Probably the most astonishing hard rock LP out of 1970s Spain, repressed by popular demand. #nl# THE STORM hailed from Sevilla and were acclaimed by both audience and press reviewers as one of the best rock bands from Spain. The combo was formed by the Ruiz Geniz brothers (Angel and Diego), on guitar and drums respectively, plus Luis Genil (organ) and Jos\u00e9 Torres (bass). #nl# Their debut album, originally released on Basf in 1974, is one of the Crown jewels of Spanish hard rock, and original copies change hands for a small fortune among collectors all over the world, especially since its inclusion in Hans Pokora's 'Record Dreams' books. #nl# This LP really rocks! It's high energy hard rock that follows the line marked by the big organ outfits of the era such as DEEP PURPLE, ATOMIC ROOSTER, BRAM STOKER, MEGAT\u00d3N... #nl# It has also a deep classic prog sound root, which reaches the top on 'Un Se\u00f1or Llamado Fern\u00e1ndez De C\u00f3rdoba'. #nl# We are talking of one of the seminal Spanish hard rock LPs. #nl# * Limited Pressing* Top Quality Repro Of The Original Sleeve* Color Obi* 8 Page Full Color Booklet With Liner Notes & Photos #nl# Tracklist:Side 1: 1. I've Gotta Tell You Mama - 2. I Am Busy - 3. Un Se\u00f1or Llamado Fern\u00e1ndez de C\u00f3rdoba - 4. Woman MineSide 2: 1. It's All right - 2. I Don't Know - 3. Crazy Machine - 4. Experiencia Sin \u00d3rgano","og_url":"https:\/\/wpguerssen-test.odoo.rgbconsulting.com\/es\/producto\/storm-black-lp\/","og_site_name":"Guerssen records","article_modified_time":"2025-03-28T11:43:14+00:00","og_image":[{"width":542,"height":542,"url":"https:\/\/wpguerssen-test.odoo.rgbconsulting.com\/wp-content\/uploads\/2024\/10\/48962.jpg","type":"image\/jpeg"}],"twitter_card":"summary_large_image","twitter_title":"STORM - Storm (Black LP) -  (LP) | Guerssen","schema":{"@context":"https:\/\/schema.org","@graph":[{"@type":"WebPage","@id":"https:\/\/wpguerssen-test.odoo.rgbconsulting.com\/es\/producto\/storm-black-lp\/","url":"https:\/\/wpguerssen-test.odoo.rgbconsulting.com\/es\/producto\/storm-black-lp\/","name":"STORM - Storm (Black LP) - (LP) | Guerssen","isPartOf":{"@id":"https:\/\/wpguerssen-test.odoo.rgbconsulting.com\/es\/#website"},"primaryImageOfPage":{"@id":"https:\/\/wpguerssen-test.odoo.rgbconsulting.com\/es\/producto\/storm-black-lp\/#primaryimage"},"image":{"@id":"https:\/\/wpguerssen-test.odoo.rgbconsulting.com\/es\/producto\/storm-black-lp\/#primaryimage"},"thumbnailUrl":"https:\/\/wpguerssen-test.odoo.rgbconsulting.com\/wp-content\/uploads\/2024\/10\/48962.jpg","datePublished":"2025-03-03T23:00:00+00:00","dateModified":"2025-03-28T11:43:14+00:00","description":"Probably the most astonishing hard rock LP out of 1970s Spain, repressed by popular demand. #nl# THE STORM hailed from Sevilla and were acclaimed by both audience and press reviewers as one of the best rock bands from Spain. The combo was formed by the Ruiz Geniz brothers (Angel and Diego), on guitar and drums respectively, plus Luis Genil (organ) and Jos\u00e9 Torres (bass). #nl# Their debut album, originally released on Basf in 1974, is one of the Crown jewels of Spanish hard rock, and original copies change hands for a small fortune among collectors all over the world, especially since its inclusion in Hans Pokora's 'Record Dreams' books. #nl# This LP really rocks! It's high energy hard rock that follows the line marked by the big organ outfits of the era such as DEEP PURPLE, ATOMIC ROOSTER, BRAM STOKER, MEGAT\u00d3N... #nl# It has also a deep classic prog sound root, which reaches the top on 'Un Se\u00f1or Llamado Fern\u00e1ndez De C\u00f3rdoba'. #nl# We are talking of one of the seminal Spanish hard rock LPs. #nl# * Limited Pressing* Top Quality Repro Of The Original Sleeve* Color Obi* 8 Page Full Color Booklet With Liner Notes & Photos #nl# Tracklist:Side 1: 1. I've Gotta Tell You Mama - 2. I Am Busy - 3. Un Se\u00f1or Llamado Fern\u00e1ndez de C\u00f3rdoba - 4. Woman MineSide 2: 1. It's All right - 2. I Don't Know - 3. Crazy Machine - 4. Experiencia Sin \u00d3rgano","breadcrumb":{"@id":"https:\/\/wpguerssen-test.odoo.rgbconsulting.com\/es\/producto\/storm-black-lp\/#breadcrumb"},"inLanguage":"es","potentialAction":[{"@type":"ReadAction","target":["https:\/\/wpguerssen-test.odoo.rgbconsulting.com\/es\/producto\/storm-black-lp\/"]}]},{"@type":"ImageObject","inLanguage":"es","@id":"https:\/\/wpguerssen-test.odoo.rgbconsulting.com\/es\/producto\/storm-black-lp\/#primaryimage","url":"https:\/\/wpguerssen-test.odoo.rgbconsulting.com\/wp-content\/uploads\/2024\/10\/48962.jpg","contentUrl":"https:\/\/wpguerssen-test.odoo.rgbconsulting.com\/wp-content\/uploads\/2024\/10\/48962.jpg","width":542,"height":542},{"@type":"BreadcrumbList","@id":"https:\/\/wpguerssen-test.odoo.rgbconsulting.com\/es\/producto\/storm-black-lp\/#breadcrumb","itemListElement":[{"@type":"ListItem","position":1,"name":"Inicio","item":"https:\/\/wpguerssen-test.odoo.rgbconsulting.com\/es\/"},{"@type":"ListItem","position":2,"name":"Shop","item":"https:\/\/wpguerssen-test.odoo.rgbconsulting.com\/shop\/"},{"@type":"ListItem","position":3,"name":"Storm (Black LP)"}]},{"@type":"WebSite","@id":"https:\/\/wpguerssen-test.odoo.rgbconsulting.com\/es\/#website","url":"https:\/\/wpguerssen-test.odoo.rgbconsulting.com\/es\/","name":"Guerssen records","description":"psychedelia - progressive - folk - garage ","publisher":{"@id":"https:\/\/wpguerssen-test.odoo.rgbconsulting.com\/es\/#organization"},"potentialAction":[{"@type":"SearchAction","target":{"@type":"EntryPoint","urlTemplate":"https:\/\/wpguerssen-test.odoo.rgbconsulting.com\/es\/?s={search_term_string}"},"query-input":{"@type":"PropertyValueSpecification","valueRequired":true,"valueName":"search_term_string"}}],"inLanguage":"es"},{"@type":"Organization","@id":"https:\/\/wpguerssen-test.odoo.rgbconsulting.com\/es\/#organization","name":"Guerssen records","url":"https:\/\/wpguerssen-test.odoo.rgbconsulting.com\/es\/","logo":{"@type":"ImageObject","inLanguage":"es","@id":"https:\/\/wpguerssen-test.odoo.rgbconsulting.com\/es\/#\/schema\/logo\/image\/","url":"https:\/\/wpguerssen-test.odoo.rgbconsulting.com\/wp-content\/uploads\/2022\/04\/Logo_Guerssen_trans_100.png","contentUrl":"https:\/\/wpguerssen-test.odoo.rgbconsulting.com\/wp-content\/uploads\/2022\/04\/Logo_Guerssen_trans_100.png","width":122,"height":100,"caption":"Guerssen records"},"image":{"@id":"https:\/\/wpguerssen-test.odoo.rgbconsulting.com\/es\/#\/schema\/logo\/image\/"}}]}},"_links":{"self":[{"href":"https:\/\/wpguerssen-test.odoo.rgbconsulting.com\/es\/wp-json\/wp\/v2\/product\/277204","targetHints":{"allow":["GET"]}}],"collection":[{"href":"https:\/\/wpguerssen-test.odoo.rgbconsulting.com\/es\/wp-json\/wp\/v2\/product"}],"about":[{"href":"https:\/\/wpguerssen-test.odoo.rgbconsulting.com\/es\/wp-json\/wp\/v2\/types\/product"}],"wp:featuredmedia":[{"embeddable":true,"href":"https:\/\/wpguerssen-test.odoo.rgbconsulting.com\/es\/wp-json\/wp\/v2\/media\/277180"}],"wp:attachment":[{"href":"https:\/\/wpguerssen-test.odoo.rgbconsulting.com\/es\/wp-json\/wp\/v2\/media?parent=277204"}],"wp:term":[{"taxonomy":"product_brand","embeddable":true,"href":"https:\/\/wpguerssen-test.odoo.rgbconsulting.com\/es\/wp-json\/wp\/v2\/product_brand?post=277204"},{"taxonomy":"product_cat","embeddable":true,"href":"https:\/\/wpguerssen-test.odoo.rgbconsulting.com\/es\/wp-json\/wp\/v2\/product_cat?post=277204"},{"taxonomy":"product_tag","embeddable":true,"href":"https:\/\/wpguerssen-test.odoo.rgbconsulting.com\/es\/wp-json\/wp\/v2\/product_tag?post=277204"}],"curies":[{"name":"wp","href":"https:\/\/api.w.org\/{rel}","templated":true}]}}