{"id":277353,"date":"2025-01-07T00:00:00","date_gmt":"2025-01-06T23:00:00","guid":{"rendered":"https:\/\/wpguerssen-test.odoo.rgbconsulting.com\/product\/morning-glory\/"},"modified":"2025-03-31T18:55:14","modified_gmt":"2025-03-31T16:55:14","slug":"morning-glory","status":"publish","type":"product","link":"https:\/\/wpguerssen-test.odoo.rgbconsulting.com\/es\/producto\/morning-glory\/","title":{"rendered":"Morning Glory"},"content":{"rendered":"<p>Con Morning Glory, John Surman ha declarado que ha vuelto a la acci\u00f3n, rompiendo su retiro autoimpuesto de las actuaciones p\u00fablicas en el Reino Unido. Y regresar con una nueva seguridad, una vitalidad musculosa y paralizante. Pero no regresar\u00e1 a un mundo del jazz r\u00edgidamente definido. Tampoco regresar\u00e1 como una estrella solista sensacional. Esta vez Surman es miembro de un grupo bien definido, uno en el que todos los participantes realmente participan. El oyente tendr\u00e1 que viajar muy lejos para escuchar a otro grupo cuyos miembros est\u00e1n tan en sinton\u00eda entre s\u00ed y que improvisan como si todos fueran partes interconectadas de un mismo cuerpo singular. Individualmente, son John Taylor al piano ac\u00fastico y el\u00e9ctrico, Malcolm Griffiths al tromb\u00f3n, Chris Laurence al bajo, John Marshall a la bater\u00eda y el asombroso guitarrista noruego Terje Rypdal, que realmente sabe hacer hablar a la guitarra. Y luego, por supuesto, est\u00e1 John Surman, que dedica su atenci\u00f3n al saxof\u00f3n soprano, clarinete bajo y sintetizador, habiendo dejado temporalmente de lado el saxo bar\u00edtono para explorar nuevas \u00e1reas del sonido.<\/p>\n","protected":false},"excerpt":{"rendered":"<p>Con Morning Glory, John Surman ha declarado que ha vuelto a la acci\u00f3n, rompiendo su retiro autoimpuesto de las actuaciones p\u00fablicas en el Reino Unido. Y regresar<a class=\"read\" href=\"https:\/\/wpguerssen-test.odoo.rgbconsulting.com\/es\/producto\/morning-glory\/\"> (...)<\/a>","protected":false},"featured_media":277417,"template":"","meta":{"_acf_changed":false},"product_brand":[],"product_cat":[23227],"product_tag":[24189],"class_list":{"0":"post-277353","1":"product","2":"type-product","3":"status-publish","4":"has-post-thumbnail","6":"product_cat-jazz-es","7":"product_tag-recien-llegadas","8":"pa_artist-morning-glory","9":"pa_format-lp-es","10":"pa_gender-jazz","11":"pa_label-endless-happiness","12":"pa_location-uk-ireland-es","13":"pa_other-filters-vinyl-only-es","15":"first","16":"instock","17":"taxable","18":"shipping-taxable","19":"purchasable","20":"product-type-simple"},"acf":[],"yoast_head":"<!-- This site is optimized with the Yoast SEO plugin v24.9 - https:\/\/yoast.com\/wordpress\/plugins\/seo\/ -->\n<title>MORNING GLORY - Morning Glory -  (LP) | Guerssen<\/title>\n<meta name=\"description\" content=\"With Morning Glory, John Surman has declared that he&#039;s back in action, breaking off his self-imposed retirement from U.K. public performances. And coming back with a new assurance, a muscular and transfixing vitality. But he&#039;s not corning back to a rigidly defined jazz world. Nor is he coming back as a sensational solo star. This time around Surman is a member of a well-defined group, one in which all participants really do participate. The listener will have to go far to hear another group whose members are so in tune with one another and who improvise as though they were all interworking parts of the same singular body. Individually, they are John Taylor on acoustic and electric piano, Malcolm Griffiths on trombone, Chris Laurence on bass, John Marshall on drums and the astonishing Norwegian guitarist Terje Rypdal who really can make the guitar speak. And then of course, there&#039;s John Surman, who devotes his attention to soprano saxophone bass clarinet, and synthesizer, having temporarily set aside baritone sax to explore new areas of sound.\" \/>\n<meta name=\"robots\" content=\"index, follow, max-snippet:-1, max-image-preview:large, max-video-preview:-1\" \/>\n<link rel=\"canonical\" href=\"https:\/\/wpguerssen-test.odoo.rgbconsulting.com\/es\/producto\/morning-glory\/\" \/>\n<meta property=\"og:locale\" content=\"es_ES\" \/>\n<meta property=\"og:type\" content=\"article\" \/>\n<meta property=\"og:title\" content=\"MORNING GLORY - Morning Glory -  (LP) | Guerssen\" \/>\n<meta property=\"og:description\" content=\"With Morning Glory, John Surman has declared that he&#039;s back in action, breaking off his self-imposed retirement from U.K. public performances. And coming back with a new assurance, a muscular and transfixing vitality. But he&#039;s not corning back to a rigidly defined jazz world. Nor is he coming back as a sensational solo star. This time around Surman is a member of a well-defined group, one in which all participants really do participate. The listener will have to go far to hear another group whose members are so in tune with one another and who improvise as though they were all interworking parts of the same singular body. Individually, they are John Taylor on acoustic and electric piano, Malcolm Griffiths on trombone, Chris Laurence on bass, John Marshall on drums and the astonishing Norwegian guitarist Terje Rypdal who really can make the guitar speak. And then of course, there&#039;s John Surman, who devotes his attention to soprano saxophone bass clarinet, and synthesizer, having temporarily set aside baritone sax to explore new areas of sound.\" \/>\n<meta property=\"og:url\" content=\"https:\/\/wpguerssen-test.odoo.rgbconsulting.com\/es\/producto\/morning-glory\/\" \/>\n<meta property=\"og:site_name\" content=\"Guerssen records\" \/>\n<meta property=\"article:modified_time\" content=\"2025-03-31T16:55:14+00:00\" \/>\n<meta property=\"og:image\" content=\"https:\/\/wpguerssen-test.odoo.rgbconsulting.com\/wp-content\/uploads\/2024\/10\/48967.jpg\" \/>\n\t<meta property=\"og:image:width\" content=\"945\" \/>\n\t<meta property=\"og:image:height\" content=\"945\" \/>\n\t<meta property=\"og:image:type\" content=\"image\/jpeg\" \/>\n<meta name=\"twitter:card\" content=\"summary_large_image\" \/>\n<meta name=\"twitter:title\" content=\"MORNING GLORY - Morning Glory -  (LP) | Guerssen\" \/>\n<meta name=\"twitter:label1\" content=\"Tiempo de lectura\" \/>\n\t<meta name=\"twitter:data1\" content=\"1 minuto\" \/>\n<script type=\"application\/ld+json\" class=\"yoast-schema-graph\">{\"@context\":\"https:\/\/schema.org\",\"@graph\":[{\"@type\":\"WebPage\",\"@id\":\"https:\/\/wpguerssen-test.odoo.rgbconsulting.com\/es\/producto\/morning-glory\/\",\"url\":\"https:\/\/wpguerssen-test.odoo.rgbconsulting.com\/es\/producto\/morning-glory\/\",\"name\":\"MORNING GLORY - Morning Glory - (LP) | Guerssen\",\"isPartOf\":{\"@id\":\"https:\/\/wpguerssen-test.odoo.rgbconsulting.com\/es\/#website\"},\"primaryImageOfPage\":{\"@id\":\"https:\/\/wpguerssen-test.odoo.rgbconsulting.com\/es\/producto\/morning-glory\/#primaryimage\"},\"image\":{\"@id\":\"https:\/\/wpguerssen-test.odoo.rgbconsulting.com\/es\/producto\/morning-glory\/#primaryimage\"},\"thumbnailUrl\":\"https:\/\/wpguerssen-test.odoo.rgbconsulting.com\/wp-content\/uploads\/2024\/10\/48967.jpg\",\"datePublished\":\"2025-01-06T23:00:00+00:00\",\"dateModified\":\"2025-03-31T16:55:14+00:00\",\"description\":\"With Morning Glory, John Surman has declared that he's back in action, breaking off his self-imposed retirement from U.K. public performances. And coming back with a new assurance, a muscular and transfixing vitality. But he's not corning back to a rigidly defined jazz world. Nor is he coming back as a sensational solo star. This time around Surman is a member of a well-defined group, one in which all participants really do participate. The listener will have to go far to hear another group whose members are so in tune with one another and who improvise as though they were all interworking parts of the same singular body. Individually, they are John Taylor on acoustic and electric piano, Malcolm Griffiths on trombone, Chris Laurence on bass, John Marshall on drums and the astonishing Norwegian guitarist Terje Rypdal who really can make the guitar speak. And then of course, there's John Surman, who devotes his attention to soprano saxophone bass clarinet, and synthesizer, having temporarily set aside baritone sax to explore new areas of sound.\",\"breadcrumb\":{\"@id\":\"https:\/\/wpguerssen-test.odoo.rgbconsulting.com\/es\/producto\/morning-glory\/#breadcrumb\"},\"inLanguage\":\"es\",\"potentialAction\":[{\"@type\":\"ReadAction\",\"target\":[\"https:\/\/wpguerssen-test.odoo.rgbconsulting.com\/es\/producto\/morning-glory\/\"]}]},{\"@type\":\"ImageObject\",\"inLanguage\":\"es\",\"@id\":\"https:\/\/wpguerssen-test.odoo.rgbconsulting.com\/es\/producto\/morning-glory\/#primaryimage\",\"url\":\"https:\/\/wpguerssen-test.odoo.rgbconsulting.com\/wp-content\/uploads\/2024\/10\/48967.jpg\",\"contentUrl\":\"https:\/\/wpguerssen-test.odoo.rgbconsulting.com\/wp-content\/uploads\/2024\/10\/48967.jpg\",\"width\":945,\"height\":945},{\"@type\":\"BreadcrumbList\",\"@id\":\"https:\/\/wpguerssen-test.odoo.rgbconsulting.com\/es\/producto\/morning-glory\/#breadcrumb\",\"itemListElement\":[{\"@type\":\"ListItem\",\"position\":1,\"name\":\"Inicio\",\"item\":\"https:\/\/wpguerssen-test.odoo.rgbconsulting.com\/es\/\"},{\"@type\":\"ListItem\",\"position\":2,\"name\":\"Shop\",\"item\":\"https:\/\/wpguerssen-test.odoo.rgbconsulting.com\/shop\/\"},{\"@type\":\"ListItem\",\"position\":3,\"name\":\"Morning Glory\"}]},{\"@type\":\"WebSite\",\"@id\":\"https:\/\/wpguerssen-test.odoo.rgbconsulting.com\/es\/#website\",\"url\":\"https:\/\/wpguerssen-test.odoo.rgbconsulting.com\/es\/\",\"name\":\"Guerssen records\",\"description\":\"psychedelia - progressive - folk - garage \",\"publisher\":{\"@id\":\"https:\/\/wpguerssen-test.odoo.rgbconsulting.com\/es\/#organization\"},\"potentialAction\":[{\"@type\":\"SearchAction\",\"target\":{\"@type\":\"EntryPoint\",\"urlTemplate\":\"https:\/\/wpguerssen-test.odoo.rgbconsulting.com\/es\/?s={search_term_string}\"},\"query-input\":{\"@type\":\"PropertyValueSpecification\",\"valueRequired\":true,\"valueName\":\"search_term_string\"}}],\"inLanguage\":\"es\"},{\"@type\":\"Organization\",\"@id\":\"https:\/\/wpguerssen-test.odoo.rgbconsulting.com\/es\/#organization\",\"name\":\"Guerssen records\",\"url\":\"https:\/\/wpguerssen-test.odoo.rgbconsulting.com\/es\/\",\"logo\":{\"@type\":\"ImageObject\",\"inLanguage\":\"es\",\"@id\":\"https:\/\/wpguerssen-test.odoo.rgbconsulting.com\/es\/#\/schema\/logo\/image\/\",\"url\":\"https:\/\/wpguerssen-test.odoo.rgbconsulting.com\/wp-content\/uploads\/2022\/04\/Logo_Guerssen_trans_100.png\",\"contentUrl\":\"https:\/\/wpguerssen-test.odoo.rgbconsulting.com\/wp-content\/uploads\/2022\/04\/Logo_Guerssen_trans_100.png\",\"width\":122,\"height\":100,\"caption\":\"Guerssen records\"},\"image\":{\"@id\":\"https:\/\/wpguerssen-test.odoo.rgbconsulting.com\/es\/#\/schema\/logo\/image\/\"}}]}<\/script>\n<!-- \/ Yoast SEO plugin. -->","yoast_head_json":{"title":"MORNING GLORY - Morning Glory -  (LP) | Guerssen","description":"With Morning Glory, John Surman has declared that he's back in action, breaking off his self-imposed retirement from U.K. public performances. And coming back with a new assurance, a muscular and transfixing vitality. But he's not corning back to a rigidly defined jazz world. Nor is he coming back as a sensational solo star. This time around Surman is a member of a well-defined group, one in which all participants really do participate. The listener will have to go far to hear another group whose members are so in tune with one another and who improvise as though they were all interworking parts of the same singular body. Individually, they are John Taylor on acoustic and electric piano, Malcolm Griffiths on trombone, Chris Laurence on bass, John Marshall on drums and the astonishing Norwegian guitarist Terje Rypdal who really can make the guitar speak. And then of course, there's John Surman, who devotes his attention to soprano saxophone bass clarinet, and synthesizer, having temporarily set aside baritone sax to explore new areas of sound.","robots":{"index":"index","follow":"follow","max-snippet":"max-snippet:-1","max-image-preview":"max-image-preview:large","max-video-preview":"max-video-preview:-1"},"canonical":"https:\/\/wpguerssen-test.odoo.rgbconsulting.com\/es\/producto\/morning-glory\/","og_locale":"es_ES","og_type":"article","og_title":"MORNING GLORY - Morning Glory -  (LP) | Guerssen","og_description":"With Morning Glory, John Surman has declared that he's back in action, breaking off his self-imposed retirement from U.K. public performances. And coming back with a new assurance, a muscular and transfixing vitality. But he's not corning back to a rigidly defined jazz world. Nor is he coming back as a sensational solo star. This time around Surman is a member of a well-defined group, one in which all participants really do participate. The listener will have to go far to hear another group whose members are so in tune with one another and who improvise as though they were all interworking parts of the same singular body. Individually, they are John Taylor on acoustic and electric piano, Malcolm Griffiths on trombone, Chris Laurence on bass, John Marshall on drums and the astonishing Norwegian guitarist Terje Rypdal who really can make the guitar speak. And then of course, there's John Surman, who devotes his attention to soprano saxophone bass clarinet, and synthesizer, having temporarily set aside baritone sax to explore new areas of sound.","og_url":"https:\/\/wpguerssen-test.odoo.rgbconsulting.com\/es\/producto\/morning-glory\/","og_site_name":"Guerssen records","article_modified_time":"2025-03-31T16:55:14+00:00","og_image":[{"width":945,"height":945,"url":"https:\/\/wpguerssen-test.odoo.rgbconsulting.com\/wp-content\/uploads\/2024\/10\/48967.jpg","type":"image\/jpeg"}],"twitter_card":"summary_large_image","twitter_title":"MORNING GLORY - Morning Glory -  (LP) | Guerssen","twitter_misc":{"Tiempo de lectura":"1 minuto"},"schema":{"@context":"https:\/\/schema.org","@graph":[{"@type":"WebPage","@id":"https:\/\/wpguerssen-test.odoo.rgbconsulting.com\/es\/producto\/morning-glory\/","url":"https:\/\/wpguerssen-test.odoo.rgbconsulting.com\/es\/producto\/morning-glory\/","name":"MORNING GLORY - Morning Glory - (LP) | Guerssen","isPartOf":{"@id":"https:\/\/wpguerssen-test.odoo.rgbconsulting.com\/es\/#website"},"primaryImageOfPage":{"@id":"https:\/\/wpguerssen-test.odoo.rgbconsulting.com\/es\/producto\/morning-glory\/#primaryimage"},"image":{"@id":"https:\/\/wpguerssen-test.odoo.rgbconsulting.com\/es\/producto\/morning-glory\/#primaryimage"},"thumbnailUrl":"https:\/\/wpguerssen-test.odoo.rgbconsulting.com\/wp-content\/uploads\/2024\/10\/48967.jpg","datePublished":"2025-01-06T23:00:00+00:00","dateModified":"2025-03-31T16:55:14+00:00","description":"With Morning Glory, John Surman has declared that he's back in action, breaking off his self-imposed retirement from U.K. public performances. And coming back with a new assurance, a muscular and transfixing vitality. But he's not corning back to a rigidly defined jazz world. Nor is he coming back as a sensational solo star. This time around Surman is a member of a well-defined group, one in which all participants really do participate. The listener will have to go far to hear another group whose members are so in tune with one another and who improvise as though they were all interworking parts of the same singular body. Individually, they are John Taylor on acoustic and electric piano, Malcolm Griffiths on trombone, Chris Laurence on bass, John Marshall on drums and the astonishing Norwegian guitarist Terje Rypdal who really can make the guitar speak. And then of course, there's John Surman, who devotes his attention to soprano saxophone bass clarinet, and synthesizer, having temporarily set aside baritone sax to explore new areas of sound.","breadcrumb":{"@id":"https:\/\/wpguerssen-test.odoo.rgbconsulting.com\/es\/producto\/morning-glory\/#breadcrumb"},"inLanguage":"es","potentialAction":[{"@type":"ReadAction","target":["https:\/\/wpguerssen-test.odoo.rgbconsulting.com\/es\/producto\/morning-glory\/"]}]},{"@type":"ImageObject","inLanguage":"es","@id":"https:\/\/wpguerssen-test.odoo.rgbconsulting.com\/es\/producto\/morning-glory\/#primaryimage","url":"https:\/\/wpguerssen-test.odoo.rgbconsulting.com\/wp-content\/uploads\/2024\/10\/48967.jpg","contentUrl":"https:\/\/wpguerssen-test.odoo.rgbconsulting.com\/wp-content\/uploads\/2024\/10\/48967.jpg","width":945,"height":945},{"@type":"BreadcrumbList","@id":"https:\/\/wpguerssen-test.odoo.rgbconsulting.com\/es\/producto\/morning-glory\/#breadcrumb","itemListElement":[{"@type":"ListItem","position":1,"name":"Inicio","item":"https:\/\/wpguerssen-test.odoo.rgbconsulting.com\/es\/"},{"@type":"ListItem","position":2,"name":"Shop","item":"https:\/\/wpguerssen-test.odoo.rgbconsulting.com\/shop\/"},{"@type":"ListItem","position":3,"name":"Morning Glory"}]},{"@type":"WebSite","@id":"https:\/\/wpguerssen-test.odoo.rgbconsulting.com\/es\/#website","url":"https:\/\/wpguerssen-test.odoo.rgbconsulting.com\/es\/","name":"Guerssen records","description":"psychedelia - progressive - folk - garage ","publisher":{"@id":"https:\/\/wpguerssen-test.odoo.rgbconsulting.com\/es\/#organization"},"potentialAction":[{"@type":"SearchAction","target":{"@type":"EntryPoint","urlTemplate":"https:\/\/wpguerssen-test.odoo.rgbconsulting.com\/es\/?s={search_term_string}"},"query-input":{"@type":"PropertyValueSpecification","valueRequired":true,"valueName":"search_term_string"}}],"inLanguage":"es"},{"@type":"Organization","@id":"https:\/\/wpguerssen-test.odoo.rgbconsulting.com\/es\/#organization","name":"Guerssen records","url":"https:\/\/wpguerssen-test.odoo.rgbconsulting.com\/es\/","logo":{"@type":"ImageObject","inLanguage":"es","@id":"https:\/\/wpguerssen-test.odoo.rgbconsulting.com\/es\/#\/schema\/logo\/image\/","url":"https:\/\/wpguerssen-test.odoo.rgbconsulting.com\/wp-content\/uploads\/2022\/04\/Logo_Guerssen_trans_100.png","contentUrl":"https:\/\/wpguerssen-test.odoo.rgbconsulting.com\/wp-content\/uploads\/2022\/04\/Logo_Guerssen_trans_100.png","width":122,"height":100,"caption":"Guerssen records"},"image":{"@id":"https:\/\/wpguerssen-test.odoo.rgbconsulting.com\/es\/#\/schema\/logo\/image\/"}}]}},"_links":{"self":[{"href":"https:\/\/wpguerssen-test.odoo.rgbconsulting.com\/es\/wp-json\/wp\/v2\/product\/277353","targetHints":{"allow":["GET"]}}],"collection":[{"href":"https:\/\/wpguerssen-test.odoo.rgbconsulting.com\/es\/wp-json\/wp\/v2\/product"}],"about":[{"href":"https:\/\/wpguerssen-test.odoo.rgbconsulting.com\/es\/wp-json\/wp\/v2\/types\/product"}],"wp:featuredmedia":[{"embeddable":true,"href":"https:\/\/wpguerssen-test.odoo.rgbconsulting.com\/es\/wp-json\/wp\/v2\/media\/277417"}],"wp:attachment":[{"href":"https:\/\/wpguerssen-test.odoo.rgbconsulting.com\/es\/wp-json\/wp\/v2\/media?parent=277353"}],"wp:term":[{"taxonomy":"product_brand","embeddable":true,"href":"https:\/\/wpguerssen-test.odoo.rgbconsulting.com\/es\/wp-json\/wp\/v2\/product_brand?post=277353"},{"taxonomy":"product_cat","embeddable":true,"href":"https:\/\/wpguerssen-test.odoo.rgbconsulting.com\/es\/wp-json\/wp\/v2\/product_cat?post=277353"},{"taxonomy":"product_tag","embeddable":true,"href":"https:\/\/wpguerssen-test.odoo.rgbconsulting.com\/es\/wp-json\/wp\/v2\/product_tag?post=277353"}],"curies":[{"name":"wp","href":"https:\/\/api.w.org\/{rel}","templated":true}]}}