{"id":277354,"date":"2025-01-07T00:00:00","date_gmt":"2025-01-06T23:00:00","guid":{"rendered":"https:\/\/wpguerssen-test.odoo.rgbconsulting.com\/product\/clube-de-esquina\/"},"modified":"2025-04-29T13:36:17","modified_gmt":"2025-04-29T11:36:17","slug":"clube-da-esquina","status":"publish","type":"product","link":"https:\/\/wpguerssen-test.odoo.rgbconsulting.com\/es\/producto\/clube-da-esquina\/","title":{"rendered":"Clube Da Esquina"},"content":{"rendered":"<p>Clube da Esquina es un \u00e1lbum doble de 1972 del colectivo de artistas musicales brasile\u00f1os Clube da Esquina, acreditado a Milton Nascimento y L\u00f4 Borges. Considerado uno de los mejores \u00e1lbumes brasile\u00f1os y un disco importante en la historia de la m\u00fasica brasile\u00f1a, cuenta con arreglos de Eumir Deodato y Wagner Tiso, y direcci\u00f3n de Paulo Moura. El \u00e1lbum atrajo gran atenci\u00f3n por sus composiciones comprometidas y su variedad de sonidos. De hecho, el LP fue considerado en la lista de la versi\u00f3n brasile\u00f1a de Rolling Stone como el s\u00e9ptimo mejor \u00e1lbum brasile\u00f1o de todos los tiempos. En 2022, el \u00e1lbum ocup\u00f3 el puesto n\u00famero 1 en la lista de los 500 mejores discos musicales brasile\u00f1os del podcast Discoteca B\u00e1sica y Spin clasific\u00f3 el \u00e1lbum en el puesto 19 en su lista de los 50 mejores \u00e1lbumes de 1972.<br \/>A pesar de la creencia popular, la foto del la portada del \u00e1lbum no muestra a Borges y Nascimento cuando eran ni\u00f1os. Fue tomada por un miembro del colectivo, el fot\u00f3grafo brasile\u00f1o Cafi (Carlos da Silva Assun\u00e7\u00e3o Filho), al costado de una carretera en el estado rural del norte de R\u00edo de Janeiro.<\/p>\n","protected":false},"excerpt":{"rendered":"<p>Clube da Esquina es un \u00e1lbum doble de 1972 del colectivo de artistas musicales brasile\u00f1os Clube da Esquina, acreditado a Milton Nascimento y L\u00f4 Borges. Considerado<a class=\"read\" href=\"https:\/\/wpguerssen-test.odoo.rgbconsulting.com\/es\/producto\/clube-da-esquina\/\"> (...)<\/a>","protected":false},"featured_media":277419,"template":"","meta":{"_acf_changed":false},"product_brand":[],"product_cat":[24508,23231],"product_tag":[],"class_list":{"0":"post-277354","1":"product","2":"type-product","3":"status-publish","4":"has-post-thumbnail","6":"product_cat-uncategorized","7":"product_cat-latin-brazilian-es","8":"pa_artist-nascimento-milton-lo-borges","9":"pa_format-2lp-es","10":"pa_gender-latin-brazilian","11":"pa_label-endless-happiness","12":"pa_location-south-america-caribbean-es","13":"pa_other-filters-vinyl-only-es","15":"first","16":"instock","17":"taxable","18":"shipping-taxable","19":"purchasable","20":"product-type-simple"},"acf":[],"yoast_head":"<!-- This site is optimized with the Yoast SEO plugin v24.9 - https:\/\/yoast.com\/wordpress\/plugins\/seo\/ -->\n<title>NASCIMENTO, Milton &amp; LO BORGES - Clube Da Esquina -  (2LP) | Guerssen<\/title>\n<meta name=\"description\" content=\"Clube da Esquina is a 1972 double album by the Brazilian music artists collective Clube da Esquina, credited to Milton Nascimento and L\u00f4 Borges. Considered one of the greatest Brazilian albums and an important record in the history of Brazilian music, it features arrangements by Eumir Deodato and Wagner Tiso, and conductions by Paulo Moura. The album garnered high attention for its engaged compositions and miscellany of sounds. Indeed, the LP was considered in the list of the Brazilian version of Rolling Stone as the 7th best Brazilian album of all time. In 2022, the album was ranked number 1 on the Discoteca B\u00e1sica podcast&#039;s 500 Greatest Brazilian Music Records list and Spin ranked the album at number 19 in its list for the 50 Best Albums of 1972.Despite popular belief, the photo on the album cover does not depict Borges and Nascimento as children. It was taken by a member of the collective, Brazilian photographer Cafi (Carlos da Silva Assun\u00e7\u00e3o Filho), on the side of a road in the rural northern Rio de Janeiro state.\" \/>\n<meta name=\"robots\" content=\"index, follow, max-snippet:-1, max-image-preview:large, max-video-preview:-1\" \/>\n<link rel=\"canonical\" href=\"https:\/\/wpguerssen-test.odoo.rgbconsulting.com\/es\/producto\/clube-da-esquina\/\" \/>\n<meta property=\"og:locale\" content=\"es_ES\" \/>\n<meta property=\"og:type\" content=\"article\" \/>\n<meta property=\"og:title\" content=\"NASCIMENTO, Milton &amp; LO BORGES - Clube Da Esquina -  (2LP) | Guerssen\" \/>\n<meta property=\"og:description\" content=\"Clube da Esquina is a 1972 double album by the Brazilian music artists collective Clube da Esquina, credited to Milton Nascimento and L\u00f4 Borges. Considered one of the greatest Brazilian albums and an important record in the history of Brazilian music, it features arrangements by Eumir Deodato and Wagner Tiso, and conductions by Paulo Moura. The album garnered high attention for its engaged compositions and miscellany of sounds. Indeed, the LP was considered in the list of the Brazilian version of Rolling Stone as the 7th best Brazilian album of all time. In 2022, the album was ranked number 1 on the Discoteca B\u00e1sica podcast&#039;s 500 Greatest Brazilian Music Records list and Spin ranked the album at number 19 in its list for the 50 Best Albums of 1972.Despite popular belief, the photo on the album cover does not depict Borges and Nascimento as children. It was taken by a member of the collective, Brazilian photographer Cafi (Carlos da Silva Assun\u00e7\u00e3o Filho), on the side of a road in the rural northern Rio de Janeiro state.\" \/>\n<meta property=\"og:url\" content=\"https:\/\/wpguerssen-test.odoo.rgbconsulting.com\/es\/producto\/clube-da-esquina\/\" \/>\n<meta property=\"og:site_name\" content=\"Guerssen records\" \/>\n<meta property=\"article:modified_time\" content=\"2025-04-29T11:36:17+00:00\" \/>\n<meta property=\"og:image\" content=\"https:\/\/wpguerssen-test.odoo.rgbconsulting.com\/wp-content\/uploads\/2024\/10\/48968.jpg\" \/>\n\t<meta property=\"og:image:width\" content=\"945\" \/>\n\t<meta property=\"og:image:height\" content=\"939\" \/>\n\t<meta property=\"og:image:type\" content=\"image\/jpeg\" \/>\n<meta name=\"twitter:card\" content=\"summary_large_image\" \/>\n<meta name=\"twitter:title\" content=\"NASCIMENTO, Milton &amp; LO BORGES - Clube Da Esquina -  (2LP) | Guerssen\" \/>\n<meta name=\"twitter:label1\" content=\"Tiempo de lectura\" \/>\n\t<meta name=\"twitter:data1\" content=\"1 minuto\" \/>\n<script type=\"application\/ld+json\" class=\"yoast-schema-graph\">{\"@context\":\"https:\/\/schema.org\",\"@graph\":[{\"@type\":\"WebPage\",\"@id\":\"https:\/\/wpguerssen-test.odoo.rgbconsulting.com\/es\/producto\/clube-da-esquina\/\",\"url\":\"https:\/\/wpguerssen-test.odoo.rgbconsulting.com\/es\/producto\/clube-da-esquina\/\",\"name\":\"NASCIMENTO, Milton & LO BORGES - Clube Da Esquina - (2LP) | Guerssen\",\"isPartOf\":{\"@id\":\"https:\/\/wpguerssen-test.odoo.rgbconsulting.com\/es\/#website\"},\"primaryImageOfPage\":{\"@id\":\"https:\/\/wpguerssen-test.odoo.rgbconsulting.com\/es\/producto\/clube-da-esquina\/#primaryimage\"},\"image\":{\"@id\":\"https:\/\/wpguerssen-test.odoo.rgbconsulting.com\/es\/producto\/clube-da-esquina\/#primaryimage\"},\"thumbnailUrl\":\"https:\/\/wpguerssen-test.odoo.rgbconsulting.com\/wp-content\/uploads\/2024\/10\/48968.jpg\",\"datePublished\":\"2025-01-06T23:00:00+00:00\",\"dateModified\":\"2025-04-29T11:36:17+00:00\",\"description\":\"Clube da Esquina is a 1972 double album by the Brazilian music artists collective Clube da Esquina, credited to Milton Nascimento and L\u00f4 Borges. Considered one of the greatest Brazilian albums and an important record in the history of Brazilian music, it features arrangements by Eumir Deodato and Wagner Tiso, and conductions by Paulo Moura. The album garnered high attention for its engaged compositions and miscellany of sounds. Indeed, the LP was considered in the list of the Brazilian version of Rolling Stone as the 7th best Brazilian album of all time. In 2022, the album was ranked number 1 on the Discoteca B\u00e1sica podcast's 500 Greatest Brazilian Music Records list and Spin ranked the album at number 19 in its list for the 50 Best Albums of 1972.Despite popular belief, the photo on the album cover does not depict Borges and Nascimento as children. It was taken by a member of the collective, Brazilian photographer Cafi (Carlos da Silva Assun\u00e7\u00e3o Filho), on the side of a road in the rural northern Rio de Janeiro state.\",\"breadcrumb\":{\"@id\":\"https:\/\/wpguerssen-test.odoo.rgbconsulting.com\/es\/producto\/clube-da-esquina\/#breadcrumb\"},\"inLanguage\":\"es\",\"potentialAction\":[{\"@type\":\"ReadAction\",\"target\":[\"https:\/\/wpguerssen-test.odoo.rgbconsulting.com\/es\/producto\/clube-da-esquina\/\"]}]},{\"@type\":\"ImageObject\",\"inLanguage\":\"es\",\"@id\":\"https:\/\/wpguerssen-test.odoo.rgbconsulting.com\/es\/producto\/clube-da-esquina\/#primaryimage\",\"url\":\"https:\/\/wpguerssen-test.odoo.rgbconsulting.com\/wp-content\/uploads\/2024\/10\/48968.jpg\",\"contentUrl\":\"https:\/\/wpguerssen-test.odoo.rgbconsulting.com\/wp-content\/uploads\/2024\/10\/48968.jpg\",\"width\":945,\"height\":939,\"caption\":\"Milton & LO BORGES - Clube Da Esquina - ENDLESS HAPPINESS (2LP) | Guerssen\"},{\"@type\":\"BreadcrumbList\",\"@id\":\"https:\/\/wpguerssen-test.odoo.rgbconsulting.com\/es\/producto\/clube-da-esquina\/#breadcrumb\",\"itemListElement\":[{\"@type\":\"ListItem\",\"position\":1,\"name\":\"Inicio\",\"item\":\"https:\/\/wpguerssen-test.odoo.rgbconsulting.com\/es\/\"},{\"@type\":\"ListItem\",\"position\":2,\"name\":\"Shop\",\"item\":\"https:\/\/wpguerssen-test.odoo.rgbconsulting.com\/shop\/\"},{\"@type\":\"ListItem\",\"position\":3,\"name\":\"Clube Da Esquina\"}]},{\"@type\":\"WebSite\",\"@id\":\"https:\/\/wpguerssen-test.odoo.rgbconsulting.com\/es\/#website\",\"url\":\"https:\/\/wpguerssen-test.odoo.rgbconsulting.com\/es\/\",\"name\":\"Guerssen records\",\"description\":\"psychedelia - progressive - folk - garage \",\"publisher\":{\"@id\":\"https:\/\/wpguerssen-test.odoo.rgbconsulting.com\/es\/#organization\"},\"potentialAction\":[{\"@type\":\"SearchAction\",\"target\":{\"@type\":\"EntryPoint\",\"urlTemplate\":\"https:\/\/wpguerssen-test.odoo.rgbconsulting.com\/es\/?s={search_term_string}\"},\"query-input\":{\"@type\":\"PropertyValueSpecification\",\"valueRequired\":true,\"valueName\":\"search_term_string\"}}],\"inLanguage\":\"es\"},{\"@type\":\"Organization\",\"@id\":\"https:\/\/wpguerssen-test.odoo.rgbconsulting.com\/es\/#organization\",\"name\":\"Guerssen records\",\"url\":\"https:\/\/wpguerssen-test.odoo.rgbconsulting.com\/es\/\",\"logo\":{\"@type\":\"ImageObject\",\"inLanguage\":\"es\",\"@id\":\"https:\/\/wpguerssen-test.odoo.rgbconsulting.com\/es\/#\/schema\/logo\/image\/\",\"url\":\"https:\/\/wpguerssen-test.odoo.rgbconsulting.com\/wp-content\/uploads\/2022\/04\/Logo_Guerssen_trans_100.png\",\"contentUrl\":\"https:\/\/wpguerssen-test.odoo.rgbconsulting.com\/wp-content\/uploads\/2022\/04\/Logo_Guerssen_trans_100.png\",\"width\":122,\"height\":100,\"caption\":\"Guerssen records\"},\"image\":{\"@id\":\"https:\/\/wpguerssen-test.odoo.rgbconsulting.com\/es\/#\/schema\/logo\/image\/\"}}]}<\/script>\n<!-- \/ Yoast SEO plugin. -->","yoast_head_json":{"title":"NASCIMENTO, Milton & LO BORGES - Clube Da Esquina -  (2LP) | Guerssen","description":"Clube da Esquina is a 1972 double album by the Brazilian music artists collective Clube da Esquina, credited to Milton Nascimento and L\u00f4 Borges. Considered one of the greatest Brazilian albums and an important record in the history of Brazilian music, it features arrangements by Eumir Deodato and Wagner Tiso, and conductions by Paulo Moura. The album garnered high attention for its engaged compositions and miscellany of sounds. Indeed, the LP was considered in the list of the Brazilian version of Rolling Stone as the 7th best Brazilian album of all time. In 2022, the album was ranked number 1 on the Discoteca B\u00e1sica podcast's 500 Greatest Brazilian Music Records list and Spin ranked the album at number 19 in its list for the 50 Best Albums of 1972.Despite popular belief, the photo on the album cover does not depict Borges and Nascimento as children. It was taken by a member of the collective, Brazilian photographer Cafi (Carlos da Silva Assun\u00e7\u00e3o Filho), on the side of a road in the rural northern Rio de Janeiro state.","robots":{"index":"index","follow":"follow","max-snippet":"max-snippet:-1","max-image-preview":"max-image-preview:large","max-video-preview":"max-video-preview:-1"},"canonical":"https:\/\/wpguerssen-test.odoo.rgbconsulting.com\/es\/producto\/clube-da-esquina\/","og_locale":"es_ES","og_type":"article","og_title":"NASCIMENTO, Milton & LO BORGES - Clube Da Esquina -  (2LP) | Guerssen","og_description":"Clube da Esquina is a 1972 double album by the Brazilian music artists collective Clube da Esquina, credited to Milton Nascimento and L\u00f4 Borges. Considered one of the greatest Brazilian albums and an important record in the history of Brazilian music, it features arrangements by Eumir Deodato and Wagner Tiso, and conductions by Paulo Moura. The album garnered high attention for its engaged compositions and miscellany of sounds. Indeed, the LP was considered in the list of the Brazilian version of Rolling Stone as the 7th best Brazilian album of all time. In 2022, the album was ranked number 1 on the Discoteca B\u00e1sica podcast's 500 Greatest Brazilian Music Records list and Spin ranked the album at number 19 in its list for the 50 Best Albums of 1972.Despite popular belief, the photo on the album cover does not depict Borges and Nascimento as children. It was taken by a member of the collective, Brazilian photographer Cafi (Carlos da Silva Assun\u00e7\u00e3o Filho), on the side of a road in the rural northern Rio de Janeiro state.","og_url":"https:\/\/wpguerssen-test.odoo.rgbconsulting.com\/es\/producto\/clube-da-esquina\/","og_site_name":"Guerssen records","article_modified_time":"2025-04-29T11:36:17+00:00","og_image":[{"width":945,"height":939,"url":"https:\/\/wpguerssen-test.odoo.rgbconsulting.com\/wp-content\/uploads\/2024\/10\/48968.jpg","type":"image\/jpeg"}],"twitter_card":"summary_large_image","twitter_title":"NASCIMENTO, Milton & LO BORGES - Clube Da Esquina -  (2LP) | Guerssen","twitter_misc":{"Tiempo de lectura":"1 minuto"},"schema":{"@context":"https:\/\/schema.org","@graph":[{"@type":"WebPage","@id":"https:\/\/wpguerssen-test.odoo.rgbconsulting.com\/es\/producto\/clube-da-esquina\/","url":"https:\/\/wpguerssen-test.odoo.rgbconsulting.com\/es\/producto\/clube-da-esquina\/","name":"NASCIMENTO, Milton & LO BORGES - Clube Da Esquina - (2LP) | Guerssen","isPartOf":{"@id":"https:\/\/wpguerssen-test.odoo.rgbconsulting.com\/es\/#website"},"primaryImageOfPage":{"@id":"https:\/\/wpguerssen-test.odoo.rgbconsulting.com\/es\/producto\/clube-da-esquina\/#primaryimage"},"image":{"@id":"https:\/\/wpguerssen-test.odoo.rgbconsulting.com\/es\/producto\/clube-da-esquina\/#primaryimage"},"thumbnailUrl":"https:\/\/wpguerssen-test.odoo.rgbconsulting.com\/wp-content\/uploads\/2024\/10\/48968.jpg","datePublished":"2025-01-06T23:00:00+00:00","dateModified":"2025-04-29T11:36:17+00:00","description":"Clube da Esquina is a 1972 double album by the Brazilian music artists collective Clube da Esquina, credited to Milton Nascimento and L\u00f4 Borges. Considered one of the greatest Brazilian albums and an important record in the history of Brazilian music, it features arrangements by Eumir Deodato and Wagner Tiso, and conductions by Paulo Moura. The album garnered high attention for its engaged compositions and miscellany of sounds. Indeed, the LP was considered in the list of the Brazilian version of Rolling Stone as the 7th best Brazilian album of all time. In 2022, the album was ranked number 1 on the Discoteca B\u00e1sica podcast's 500 Greatest Brazilian Music Records list and Spin ranked the album at number 19 in its list for the 50 Best Albums of 1972.Despite popular belief, the photo on the album cover does not depict Borges and Nascimento as children. It was taken by a member of the collective, Brazilian photographer Cafi (Carlos da Silva Assun\u00e7\u00e3o Filho), on the side of a road in the rural northern Rio de Janeiro state.","breadcrumb":{"@id":"https:\/\/wpguerssen-test.odoo.rgbconsulting.com\/es\/producto\/clube-da-esquina\/#breadcrumb"},"inLanguage":"es","potentialAction":[{"@type":"ReadAction","target":["https:\/\/wpguerssen-test.odoo.rgbconsulting.com\/es\/producto\/clube-da-esquina\/"]}]},{"@type":"ImageObject","inLanguage":"es","@id":"https:\/\/wpguerssen-test.odoo.rgbconsulting.com\/es\/producto\/clube-da-esquina\/#primaryimage","url":"https:\/\/wpguerssen-test.odoo.rgbconsulting.com\/wp-content\/uploads\/2024\/10\/48968.jpg","contentUrl":"https:\/\/wpguerssen-test.odoo.rgbconsulting.com\/wp-content\/uploads\/2024\/10\/48968.jpg","width":945,"height":939,"caption":"Milton & LO BORGES - Clube Da Esquina - ENDLESS HAPPINESS (2LP) | Guerssen"},{"@type":"BreadcrumbList","@id":"https:\/\/wpguerssen-test.odoo.rgbconsulting.com\/es\/producto\/clube-da-esquina\/#breadcrumb","itemListElement":[{"@type":"ListItem","position":1,"name":"Inicio","item":"https:\/\/wpguerssen-test.odoo.rgbconsulting.com\/es\/"},{"@type":"ListItem","position":2,"name":"Shop","item":"https:\/\/wpguerssen-test.odoo.rgbconsulting.com\/shop\/"},{"@type":"ListItem","position":3,"name":"Clube Da Esquina"}]},{"@type":"WebSite","@id":"https:\/\/wpguerssen-test.odoo.rgbconsulting.com\/es\/#website","url":"https:\/\/wpguerssen-test.odoo.rgbconsulting.com\/es\/","name":"Guerssen records","description":"psychedelia - progressive - folk - garage ","publisher":{"@id":"https:\/\/wpguerssen-test.odoo.rgbconsulting.com\/es\/#organization"},"potentialAction":[{"@type":"SearchAction","target":{"@type":"EntryPoint","urlTemplate":"https:\/\/wpguerssen-test.odoo.rgbconsulting.com\/es\/?s={search_term_string}"},"query-input":{"@type":"PropertyValueSpecification","valueRequired":true,"valueName":"search_term_string"}}],"inLanguage":"es"},{"@type":"Organization","@id":"https:\/\/wpguerssen-test.odoo.rgbconsulting.com\/es\/#organization","name":"Guerssen records","url":"https:\/\/wpguerssen-test.odoo.rgbconsulting.com\/es\/","logo":{"@type":"ImageObject","inLanguage":"es","@id":"https:\/\/wpguerssen-test.odoo.rgbconsulting.com\/es\/#\/schema\/logo\/image\/","url":"https:\/\/wpguerssen-test.odoo.rgbconsulting.com\/wp-content\/uploads\/2022\/04\/Logo_Guerssen_trans_100.png","contentUrl":"https:\/\/wpguerssen-test.odoo.rgbconsulting.com\/wp-content\/uploads\/2022\/04\/Logo_Guerssen_trans_100.png","width":122,"height":100,"caption":"Guerssen records"},"image":{"@id":"https:\/\/wpguerssen-test.odoo.rgbconsulting.com\/es\/#\/schema\/logo\/image\/"}}]}},"_links":{"self":[{"href":"https:\/\/wpguerssen-test.odoo.rgbconsulting.com\/es\/wp-json\/wp\/v2\/product\/277354","targetHints":{"allow":["GET"]}}],"collection":[{"href":"https:\/\/wpguerssen-test.odoo.rgbconsulting.com\/es\/wp-json\/wp\/v2\/product"}],"about":[{"href":"https:\/\/wpguerssen-test.odoo.rgbconsulting.com\/es\/wp-json\/wp\/v2\/types\/product"}],"wp:featuredmedia":[{"embeddable":true,"href":"https:\/\/wpguerssen-test.odoo.rgbconsulting.com\/es\/wp-json\/wp\/v2\/media\/277419"}],"wp:attachment":[{"href":"https:\/\/wpguerssen-test.odoo.rgbconsulting.com\/es\/wp-json\/wp\/v2\/media?parent=277354"}],"wp:term":[{"taxonomy":"product_brand","embeddable":true,"href":"https:\/\/wpguerssen-test.odoo.rgbconsulting.com\/es\/wp-json\/wp\/v2\/product_brand?post=277354"},{"taxonomy":"product_cat","embeddable":true,"href":"https:\/\/wpguerssen-test.odoo.rgbconsulting.com\/es\/wp-json\/wp\/v2\/product_cat?post=277354"},{"taxonomy":"product_tag","embeddable":true,"href":"https:\/\/wpguerssen-test.odoo.rgbconsulting.com\/es\/wp-json\/wp\/v2\/product_tag?post=277354"}],"curies":[{"name":"wp","href":"https:\/\/api.w.org\/{rel}","templated":true}]}}