{"id":277357,"date":"2025-01-07T00:00:00","date_gmt":"2025-01-06T23:00:00","guid":{"rendered":"https:\/\/wpguerssen-test.odoo.rgbconsulting.com\/product\/coisas\/"},"modified":"2025-04-15T13:58:21","modified_gmt":"2025-04-15T11:58:21","slug":"coisas","status":"publish","type":"product","link":"https:\/\/wpguerssen-test.odoo.rgbconsulting.com\/es\/producto\/coisas\/","title":{"rendered":"Coisas"},"content":{"rendered":"<p>\u00abCoisas es un \u00e1lbum grabado en 1965. El \u00e1lbum fue incluido por Ben Ratliff en sus 100 grabaciones m\u00e1s importantes y por Rolling Stone en sus 100 mejores discos musicales brasile\u00f1os.<br \/>Aunque el \u00e1lbum no fue aclamado cuando se lanz\u00f3 por primera vez, ha recibido elogios de The New York Times, Village Voice y Allmusic describieron el \u00e1lbum como \u00abuno de los grandes logros de la m\u00fasica brasile\u00f1a moderna, una brillante unificaci\u00f3n de arreglos de jazz de grandes conjuntos, composiciones perversamente persuasivas y afro-Ritmo brasile\u00f1o. Un \u00e1lbum que fusiona las diversas tonalidades y sabores del jazz creativo con el coraz\u00f3n de las tradiciones musicales emergentes y folcl\u00f3ricas de Brasil.\u00bb<\/p>\n","protected":false},"excerpt":{"rendered":"<p>\u00abCoisas es un \u00e1lbum grabado en 1965. El \u00e1lbum fue incluido por Ben Ratliff en sus 100 grabaciones m\u00e1s importantes y por Rolling Stone en sus 100 mejores discos<a class=\"read\" href=\"https:\/\/wpguerssen-test.odoo.rgbconsulting.com\/es\/producto\/coisas\/\"> (...)<\/a>","protected":false},"featured_media":277425,"template":"","meta":{"_acf_changed":false},"product_brand":[],"product_cat":[23231,23227],"product_tag":[24189],"class_list":{"0":"post-277357","1":"product","2":"type-product","3":"status-publish","4":"has-post-thumbnail","6":"product_cat-latin-brazilian-es","7":"product_cat-jazz-es","8":"product_tag-recien-llegadas","9":"pa_artist-santos-moacir","10":"pa_format-lp-es","11":"pa_gender-jazz-latin-brazilian","12":"pa_label-endless-happiness","13":"pa_location-south-america-caribbean-es","14":"pa_other-filters-vinyl-only-es","16":"first","17":"instock","18":"taxable","19":"shipping-taxable","20":"purchasable","21":"product-type-simple"},"acf":[],"yoast_head":"<!-- This site is optimized with the Yoast SEO plugin v24.9 - https:\/\/yoast.com\/wordpress\/plugins\/seo\/ -->\n<title>SANTOS, Moacir - Coisas -  (LP) | Guerssen<\/title>\n<meta name=\"description\" content=\"&quot;Coisas is an album recorded in 1965. The album was listed by Ben Ratliff in his 100 most important recordings and by Rolling Stone in their 100 Greatest Brazilian Music Records.Although the album was not met with acclaim when first released, it has gone on to receive praise. Many reviews by The New York Times, Village Voice and Allmusic described the album as &quot;&quot;one of the great accomplishments of modern Brazilian music, a brilliant unification of large-ensemble jazz arranging, wickedly persuasive songwriting and Afro-Brazilian rhythm. An album that melds the various tonalities and flavors of creative jazz to the heart of Brazil&#039;s folkloric and emergent musical traditions.&quot;\" \/>\n<meta name=\"robots\" content=\"index, follow, max-snippet:-1, max-image-preview:large, max-video-preview:-1\" \/>\n<link rel=\"canonical\" href=\"https:\/\/wpguerssen-test.odoo.rgbconsulting.com\/es\/producto\/coisas\/\" \/>\n<meta property=\"og:locale\" content=\"es_ES\" \/>\n<meta property=\"og:type\" content=\"article\" \/>\n<meta property=\"og:title\" content=\"SANTOS, Moacir - Coisas -  (LP) | Guerssen\" \/>\n<meta property=\"og:description\" content=\"&quot;Coisas is an album recorded in 1965. The album was listed by Ben Ratliff in his 100 most important recordings and by Rolling Stone in their 100 Greatest Brazilian Music Records.Although the album was not met with acclaim when first released, it has gone on to receive praise. Many reviews by The New York Times, Village Voice and Allmusic described the album as &quot;&quot;one of the great accomplishments of modern Brazilian music, a brilliant unification of large-ensemble jazz arranging, wickedly persuasive songwriting and Afro-Brazilian rhythm. An album that melds the various tonalities and flavors of creative jazz to the heart of Brazil&#039;s folkloric and emergent musical traditions.&quot;\" \/>\n<meta property=\"og:url\" content=\"https:\/\/wpguerssen-test.odoo.rgbconsulting.com\/es\/producto\/coisas\/\" \/>\n<meta property=\"og:site_name\" content=\"Guerssen records\" \/>\n<meta property=\"article:modified_time\" content=\"2025-04-15T11:58:21+00:00\" \/>\n<meta property=\"og:image\" content=\"https:\/\/wpguerssen-test.odoo.rgbconsulting.com\/wp-content\/uploads\/2024\/10\/48971.jpg\" \/>\n\t<meta property=\"og:image:width\" content=\"945\" \/>\n\t<meta property=\"og:image:height\" content=\"949\" \/>\n\t<meta property=\"og:image:type\" content=\"image\/jpeg\" \/>\n<meta name=\"twitter:card\" content=\"summary_large_image\" \/>\n<meta name=\"twitter:title\" content=\"SANTOS, Moacir - Coisas -  (LP) | Guerssen\" \/>\n<meta name=\"twitter:label1\" content=\"Tiempo de lectura\" \/>\n\t<meta name=\"twitter:data1\" content=\"1 minuto\" \/>\n<script type=\"application\/ld+json\" class=\"yoast-schema-graph\">{\"@context\":\"https:\/\/schema.org\",\"@graph\":[{\"@type\":\"WebPage\",\"@id\":\"https:\/\/wpguerssen-test.odoo.rgbconsulting.com\/es\/producto\/coisas\/\",\"url\":\"https:\/\/wpguerssen-test.odoo.rgbconsulting.com\/es\/producto\/coisas\/\",\"name\":\"SANTOS, Moacir - Coisas - (LP) | Guerssen\",\"isPartOf\":{\"@id\":\"https:\/\/wpguerssen-test.odoo.rgbconsulting.com\/es\/#website\"},\"primaryImageOfPage\":{\"@id\":\"https:\/\/wpguerssen-test.odoo.rgbconsulting.com\/es\/producto\/coisas\/#primaryimage\"},\"image\":{\"@id\":\"https:\/\/wpguerssen-test.odoo.rgbconsulting.com\/es\/producto\/coisas\/#primaryimage\"},\"thumbnailUrl\":\"https:\/\/wpguerssen-test.odoo.rgbconsulting.com\/wp-content\/uploads\/2024\/10\/48971.jpg\",\"datePublished\":\"2025-01-06T23:00:00+00:00\",\"dateModified\":\"2025-04-15T11:58:21+00:00\",\"description\":\"\\\"Coisas is an album recorded in 1965. The album was listed by Ben Ratliff in his 100 most important recordings and by Rolling Stone in their 100 Greatest Brazilian Music Records.Although the album was not met with acclaim when first released, it has gone on to receive praise. Many reviews by The New York Times, Village Voice and Allmusic described the album as \\\"\\\"one of the great accomplishments of modern Brazilian music, a brilliant unification of large-ensemble jazz arranging, wickedly persuasive songwriting and Afro-Brazilian rhythm. An album that melds the various tonalities and flavors of creative jazz to the heart of Brazil's folkloric and emergent musical traditions.\\\"\",\"breadcrumb\":{\"@id\":\"https:\/\/wpguerssen-test.odoo.rgbconsulting.com\/es\/producto\/coisas\/#breadcrumb\"},\"inLanguage\":\"es\",\"potentialAction\":[{\"@type\":\"ReadAction\",\"target\":[\"https:\/\/wpguerssen-test.odoo.rgbconsulting.com\/es\/producto\/coisas\/\"]}]},{\"@type\":\"ImageObject\",\"inLanguage\":\"es\",\"@id\":\"https:\/\/wpguerssen-test.odoo.rgbconsulting.com\/es\/producto\/coisas\/#primaryimage\",\"url\":\"https:\/\/wpguerssen-test.odoo.rgbconsulting.com\/wp-content\/uploads\/2024\/10\/48971.jpg\",\"contentUrl\":\"https:\/\/wpguerssen-test.odoo.rgbconsulting.com\/wp-content\/uploads\/2024\/10\/48971.jpg\",\"width\":945,\"height\":949,\"caption\":\"Moacir - Coisas - ENDLESS HAPPINESS (LP) | Guerssen\"},{\"@type\":\"BreadcrumbList\",\"@id\":\"https:\/\/wpguerssen-test.odoo.rgbconsulting.com\/es\/producto\/coisas\/#breadcrumb\",\"itemListElement\":[{\"@type\":\"ListItem\",\"position\":1,\"name\":\"Inicio\",\"item\":\"https:\/\/wpguerssen-test.odoo.rgbconsulting.com\/es\/\"},{\"@type\":\"ListItem\",\"position\":2,\"name\":\"Shop\",\"item\":\"https:\/\/wpguerssen-test.odoo.rgbconsulting.com\/shop\/\"},{\"@type\":\"ListItem\",\"position\":3,\"name\":\"Coisas\"}]},{\"@type\":\"WebSite\",\"@id\":\"https:\/\/wpguerssen-test.odoo.rgbconsulting.com\/es\/#website\",\"url\":\"https:\/\/wpguerssen-test.odoo.rgbconsulting.com\/es\/\",\"name\":\"Guerssen records\",\"description\":\"psychedelia - progressive - folk - garage \",\"publisher\":{\"@id\":\"https:\/\/wpguerssen-test.odoo.rgbconsulting.com\/es\/#organization\"},\"potentialAction\":[{\"@type\":\"SearchAction\",\"target\":{\"@type\":\"EntryPoint\",\"urlTemplate\":\"https:\/\/wpguerssen-test.odoo.rgbconsulting.com\/es\/?s={search_term_string}\"},\"query-input\":{\"@type\":\"PropertyValueSpecification\",\"valueRequired\":true,\"valueName\":\"search_term_string\"}}],\"inLanguage\":\"es\"},{\"@type\":\"Organization\",\"@id\":\"https:\/\/wpguerssen-test.odoo.rgbconsulting.com\/es\/#organization\",\"name\":\"Guerssen records\",\"url\":\"https:\/\/wpguerssen-test.odoo.rgbconsulting.com\/es\/\",\"logo\":{\"@type\":\"ImageObject\",\"inLanguage\":\"es\",\"@id\":\"https:\/\/wpguerssen-test.odoo.rgbconsulting.com\/es\/#\/schema\/logo\/image\/\",\"url\":\"https:\/\/wpguerssen-test.odoo.rgbconsulting.com\/wp-content\/uploads\/2022\/04\/Logo_Guerssen_trans_100.png\",\"contentUrl\":\"https:\/\/wpguerssen-test.odoo.rgbconsulting.com\/wp-content\/uploads\/2022\/04\/Logo_Guerssen_trans_100.png\",\"width\":122,\"height\":100,\"caption\":\"Guerssen records\"},\"image\":{\"@id\":\"https:\/\/wpguerssen-test.odoo.rgbconsulting.com\/es\/#\/schema\/logo\/image\/\"}}]}<\/script>\n<!-- \/ Yoast SEO plugin. -->","yoast_head_json":{"title":"SANTOS, Moacir - Coisas -  (LP) | Guerssen","description":"\"Coisas is an album recorded in 1965. The album was listed by Ben Ratliff in his 100 most important recordings and by Rolling Stone in their 100 Greatest Brazilian Music Records.Although the album was not met with acclaim when first released, it has gone on to receive praise. Many reviews by The New York Times, Village Voice and Allmusic described the album as \"\"one of the great accomplishments of modern Brazilian music, a brilliant unification of large-ensemble jazz arranging, wickedly persuasive songwriting and Afro-Brazilian rhythm. An album that melds the various tonalities and flavors of creative jazz to the heart of Brazil's folkloric and emergent musical traditions.\"","robots":{"index":"index","follow":"follow","max-snippet":"max-snippet:-1","max-image-preview":"max-image-preview:large","max-video-preview":"max-video-preview:-1"},"canonical":"https:\/\/wpguerssen-test.odoo.rgbconsulting.com\/es\/producto\/coisas\/","og_locale":"es_ES","og_type":"article","og_title":"SANTOS, Moacir - Coisas -  (LP) | Guerssen","og_description":"\"Coisas is an album recorded in 1965. The album was listed by Ben Ratliff in his 100 most important recordings and by Rolling Stone in their 100 Greatest Brazilian Music Records.Although the album was not met with acclaim when first released, it has gone on to receive praise. Many reviews by The New York Times, Village Voice and Allmusic described the album as \"\"one of the great accomplishments of modern Brazilian music, a brilliant unification of large-ensemble jazz arranging, wickedly persuasive songwriting and Afro-Brazilian rhythm. An album that melds the various tonalities and flavors of creative jazz to the heart of Brazil's folkloric and emergent musical traditions.\"","og_url":"https:\/\/wpguerssen-test.odoo.rgbconsulting.com\/es\/producto\/coisas\/","og_site_name":"Guerssen records","article_modified_time":"2025-04-15T11:58:21+00:00","og_image":[{"width":945,"height":949,"url":"https:\/\/wpguerssen-test.odoo.rgbconsulting.com\/wp-content\/uploads\/2024\/10\/48971.jpg","type":"image\/jpeg"}],"twitter_card":"summary_large_image","twitter_title":"SANTOS, Moacir - Coisas -  (LP) | Guerssen","twitter_misc":{"Tiempo de lectura":"1 minuto"},"schema":{"@context":"https:\/\/schema.org","@graph":[{"@type":"WebPage","@id":"https:\/\/wpguerssen-test.odoo.rgbconsulting.com\/es\/producto\/coisas\/","url":"https:\/\/wpguerssen-test.odoo.rgbconsulting.com\/es\/producto\/coisas\/","name":"SANTOS, Moacir - Coisas - (LP) | Guerssen","isPartOf":{"@id":"https:\/\/wpguerssen-test.odoo.rgbconsulting.com\/es\/#website"},"primaryImageOfPage":{"@id":"https:\/\/wpguerssen-test.odoo.rgbconsulting.com\/es\/producto\/coisas\/#primaryimage"},"image":{"@id":"https:\/\/wpguerssen-test.odoo.rgbconsulting.com\/es\/producto\/coisas\/#primaryimage"},"thumbnailUrl":"https:\/\/wpguerssen-test.odoo.rgbconsulting.com\/wp-content\/uploads\/2024\/10\/48971.jpg","datePublished":"2025-01-06T23:00:00+00:00","dateModified":"2025-04-15T11:58:21+00:00","description":"\"Coisas is an album recorded in 1965. The album was listed by Ben Ratliff in his 100 most important recordings and by Rolling Stone in their 100 Greatest Brazilian Music Records.Although the album was not met with acclaim when first released, it has gone on to receive praise. Many reviews by The New York Times, Village Voice and Allmusic described the album as \"\"one of the great accomplishments of modern Brazilian music, a brilliant unification of large-ensemble jazz arranging, wickedly persuasive songwriting and Afro-Brazilian rhythm. An album that melds the various tonalities and flavors of creative jazz to the heart of Brazil's folkloric and emergent musical traditions.\"","breadcrumb":{"@id":"https:\/\/wpguerssen-test.odoo.rgbconsulting.com\/es\/producto\/coisas\/#breadcrumb"},"inLanguage":"es","potentialAction":[{"@type":"ReadAction","target":["https:\/\/wpguerssen-test.odoo.rgbconsulting.com\/es\/producto\/coisas\/"]}]},{"@type":"ImageObject","inLanguage":"es","@id":"https:\/\/wpguerssen-test.odoo.rgbconsulting.com\/es\/producto\/coisas\/#primaryimage","url":"https:\/\/wpguerssen-test.odoo.rgbconsulting.com\/wp-content\/uploads\/2024\/10\/48971.jpg","contentUrl":"https:\/\/wpguerssen-test.odoo.rgbconsulting.com\/wp-content\/uploads\/2024\/10\/48971.jpg","width":945,"height":949,"caption":"Moacir - Coisas - ENDLESS HAPPINESS (LP) | Guerssen"},{"@type":"BreadcrumbList","@id":"https:\/\/wpguerssen-test.odoo.rgbconsulting.com\/es\/producto\/coisas\/#breadcrumb","itemListElement":[{"@type":"ListItem","position":1,"name":"Inicio","item":"https:\/\/wpguerssen-test.odoo.rgbconsulting.com\/es\/"},{"@type":"ListItem","position":2,"name":"Shop","item":"https:\/\/wpguerssen-test.odoo.rgbconsulting.com\/shop\/"},{"@type":"ListItem","position":3,"name":"Coisas"}]},{"@type":"WebSite","@id":"https:\/\/wpguerssen-test.odoo.rgbconsulting.com\/es\/#website","url":"https:\/\/wpguerssen-test.odoo.rgbconsulting.com\/es\/","name":"Guerssen records","description":"psychedelia - progressive - folk - garage ","publisher":{"@id":"https:\/\/wpguerssen-test.odoo.rgbconsulting.com\/es\/#organization"},"potentialAction":[{"@type":"SearchAction","target":{"@type":"EntryPoint","urlTemplate":"https:\/\/wpguerssen-test.odoo.rgbconsulting.com\/es\/?s={search_term_string}"},"query-input":{"@type":"PropertyValueSpecification","valueRequired":true,"valueName":"search_term_string"}}],"inLanguage":"es"},{"@type":"Organization","@id":"https:\/\/wpguerssen-test.odoo.rgbconsulting.com\/es\/#organization","name":"Guerssen records","url":"https:\/\/wpguerssen-test.odoo.rgbconsulting.com\/es\/","logo":{"@type":"ImageObject","inLanguage":"es","@id":"https:\/\/wpguerssen-test.odoo.rgbconsulting.com\/es\/#\/schema\/logo\/image\/","url":"https:\/\/wpguerssen-test.odoo.rgbconsulting.com\/wp-content\/uploads\/2022\/04\/Logo_Guerssen_trans_100.png","contentUrl":"https:\/\/wpguerssen-test.odoo.rgbconsulting.com\/wp-content\/uploads\/2022\/04\/Logo_Guerssen_trans_100.png","width":122,"height":100,"caption":"Guerssen records"},"image":{"@id":"https:\/\/wpguerssen-test.odoo.rgbconsulting.com\/es\/#\/schema\/logo\/image\/"}}]}},"_links":{"self":[{"href":"https:\/\/wpguerssen-test.odoo.rgbconsulting.com\/es\/wp-json\/wp\/v2\/product\/277357","targetHints":{"allow":["GET"]}}],"collection":[{"href":"https:\/\/wpguerssen-test.odoo.rgbconsulting.com\/es\/wp-json\/wp\/v2\/product"}],"about":[{"href":"https:\/\/wpguerssen-test.odoo.rgbconsulting.com\/es\/wp-json\/wp\/v2\/types\/product"}],"wp:featuredmedia":[{"embeddable":true,"href":"https:\/\/wpguerssen-test.odoo.rgbconsulting.com\/es\/wp-json\/wp\/v2\/media\/277425"}],"wp:attachment":[{"href":"https:\/\/wpguerssen-test.odoo.rgbconsulting.com\/es\/wp-json\/wp\/v2\/media?parent=277357"}],"wp:term":[{"taxonomy":"product_brand","embeddable":true,"href":"https:\/\/wpguerssen-test.odoo.rgbconsulting.com\/es\/wp-json\/wp\/v2\/product_brand?post=277357"},{"taxonomy":"product_cat","embeddable":true,"href":"https:\/\/wpguerssen-test.odoo.rgbconsulting.com\/es\/wp-json\/wp\/v2\/product_cat?post=277357"},{"taxonomy":"product_tag","embeddable":true,"href":"https:\/\/wpguerssen-test.odoo.rgbconsulting.com\/es\/wp-json\/wp\/v2\/product_tag?post=277357"}],"curies":[{"name":"wp","href":"https:\/\/api.w.org\/{rel}","templated":true}]}}